{"id":8144,"date":"2024-01-13T16:53:19","date_gmt":"2024-01-13T14:53:19","guid":{"rendered":"https:\/\/nhkmachineryparts.com\/?post_type=product&#038;p=8144"},"modified":"2026-02-23T13:46:08","modified_gmt":"2026-02-23T11:46:08","slug":"paslanmaz-celikten-hijyenik-lc-mil-ust-kapagi","status":"publish","type":"product","link":"https:\/\/nhkmachineryparts.com\/tr\/product\/hygienic-lc-spindle-top-cover-in-stainless-steel\/","title":{"rendered":"Paslanmaz \u00e7elikten hijyenik mil \u00fcst kapa\u011f\u0131"},"content":{"rendered":"<section class=\"vc_row liquid-row-shadowbox-69d4a7917464e\"><div class=\"ld-container container\"><div class=\"row ld-row ld-row-outer\"><div class=\"wpb_column vc_column_container vc_col-sm-12 liquid-column-69d4a7917481e\"><div class=\"vc_column-inner\" ><div class=\"wpb_wrapper\"  >\n\t<div class=\"wpb_text_column wpb_content_element\" >\n\t\t<div class=\"wpb_wrapper\">\n\t\t\t<h2><a href=\"https:\/\/nhkmachineryparts.com\/tr\/zorlu-ve-asiri-ortamlarda-dayaniklilik\/\"><strong>Zorlu ve ekstrem ortamlarda dayan\u0131kl\u0131l\u0131k<\/strong><\/a><\/h2>\n<p>Paslanmaz \u00e7elikten yap\u0131lm\u0131\u015f Hijyenik Mil \u00dcst Kapa\u011f\u0131, a\u015fa\u011f\u0131dakiler i\u00e7in olmazsa olmaz bir bile\u015fendir: <a href=\"https:\/\/nhkmachineryparts.com\/tr\/our-industries\/\" data-internallinksmanager029f6b8e52c=\"4\" title=\"End\u00fcstrilerimiz\">end\u00fcstriler<\/a> G\u0131da i\u015fleme, ila\u00e7 ve biyoteknoloji gibi y\u00fcksek d\u00fczeyde sanitasyon gerektiren uygulamalar. \u00dcst\u00fcn hijyen d\u00fc\u015f\u00fcn\u00fclerek tasarlanan bu kapaklar, kolay temizlenebilirli\u011fi garanti ederken mil \u00fcstlerini kirlenme ve korozyondan korur. Sertifikal\u0131 paslanmaz \u00e7elikten \u00fcretilen mil \u00fcst kapaklar\u0131, s\u0131k\u0131 hijyen standartlar\u0131n\u0131 kar\u015f\u0131lar, kimyasallara, neme ve a\u015f\u0131nmaya kar\u015f\u0131 m\u00fckemmel diren\u00e7 sunar ve bu da onlar\u0131 zorlu ortamlar i\u00e7in ideal hale getirir.<\/p>\n<table width=\"312\">\n<tbody>\n<tr>\n<td width=\"312\">Mil \u00fcst kapa\u011f\u0131 LC M12-L50<\/td>\n<\/tr>\n<tr>\n<td>Mil \u00fcst kapa\u011f\u0131 LC M12-L70<\/td>\n<\/tr>\n<tr>\n<td>Mil \u00fcst kapa\u011f\u0131 LC M12-L90<\/td>\n<\/tr>\n<tr>\n<td>Mil \u00fcst kapa\u011f\u0131 LC M12-L110<\/td>\n<\/tr>\n<tr>\n<td><\/td>\n<\/tr>\n<tr>\n<td>Mil \u00fcst kapa\u011f\u0131 LC M16-L50<\/td>\n<\/tr>\n<tr>\n<td>Mil \u00fcst kapa\u011f\u0131 LC M16-L70<\/td>\n<\/tr>\n<tr>\n<td>Mil \u00fcst kapa\u011f\u0131 LC M16-L90<\/td>\n<\/tr>\n<tr>\n<td>Mil \u00fcst kapa\u011f\u0131 LC M16-L110<\/td>\n<\/tr>\n<tr>\n<td><\/td>\n<\/tr>\n<tr>\n<td>Mil \u00fcst kapa\u011f\u0131 LC M20-L50<\/td>\n<\/tr>\n<tr>\n<td>Mil \u00fcst kapa\u011f\u0131 LC M20-L70<\/td>\n<\/tr>\n<tr>\n<td>Mil \u00fcst kapa\u011f\u0131 LC M20-L90<\/td>\n<\/tr>\n<tr>\n<td>Mil \u00fcst kapa\u011f\u0131 LC M20-L110<\/td>\n<\/tr>\n<tr>\n<td><\/td>\n<\/tr>\n<tr>\n<td>Mil \u00fcst kapa\u011f\u0131 LC M24-L50<\/td>\n<\/tr>\n<tr>\n<td>Mil \u00fcst kapa\u011f\u0131 LC M24-L70<\/td>\n<\/tr>\n<tr>\n<td>Mil \u00fcst kapa\u011f\u0131 LC M24-L90<\/td>\n<\/tr>\n<tr>\n<td>Mil \u00fcst kapa\u011f\u0131 LC M24-L110<\/td>\n<\/tr>\n<tr>\n<td><\/td>\n<\/tr>\n<tr>\n<td>Mil \u00fcst kapa\u011f\u0131 LC M30-L50<\/td>\n<\/tr>\n<tr>\n<td>Mil \u00fcst kapa\u011f\u0131 LC M30-L70<\/td>\n<\/tr>\n<tr>\n<td>Mil \u00fcst kapa\u011f\u0131 LC M30-L90<\/td>\n<\/tr>\n<tr>\n<td>Mil \u00fcst kapa\u011f\u0131 LC M30-L110<\/td>\n<\/tr>\n<tr>\n<td><\/td>\n<\/tr>\n<tr>\n<td>Mil \u00fcst kapa\u011f\u0131 LC M36-L50<\/td>\n<\/tr>\n<tr>\n<td>Mil \u00fcst kapa\u011f\u0131 LC M36-L70<\/td>\n<\/tr>\n<tr>\n<td>Mil \u00fcst kapa\u011f\u0131 LC M36-L90<\/td>\n<\/tr>\n<tr>\n<td>Mil \u00fcst kapa\u011f\u0131 LC M36-L110<\/td>\n<\/tr>\n<\/tbody>\n<\/table>\n<p>Maksimum 1,6 \u00b5m Ra p\u00fcr\u00fczl\u00fcl\u00fc\u011fe sahip, kendi kendini bo\u015faltan y\u00fczeyler.<\/p>\n<h2>Temizli\u011fi ve Dayan\u0131kl\u0131l\u0131\u011f\u0131 Art\u0131rmak<\/h2>\n<p>P\u00fcr\u00fczs\u00fcz, \u00e7atlaks\u0131z tasar\u0131m\u0131 bakteri olu\u015fumunu \u00f6nleyerek k\u00fcresel hijyen y\u00f6netmeliklerine uyumu garanti eder. Bu kapaklar yaln\u0131zca operasyonel verimlili\u011fi art\u0131rmakla kalmaz, ayn\u0131 zamanda mekanik bile\u015fenleri d\u0131\u015f hasarlardan koruyarak ekipman \u00f6mr\u00fcn\u00fcn uzamas\u0131na da katk\u0131da bulunur. Paslanmaz \u00e7eli\u011fin sa\u011flaml\u0131\u011f\u0131 ve korozyon \u00f6nleyici \u00f6zellikleri uzun vadeli g\u00fcvenilirlik sa\u011flar ve bu da onu \u00fcretim s\u00fcre\u00e7lerini optimize ederken s\u0131k\u0131 hijyen standartlar\u0131n\u0131 korumay\u0131 hedefleyen \u015firketler i\u00e7in \u00f6nemli bir se\u00e7im haline getirir.<\/p>\n<p>Makinelere hijyenik mil \u00fcst kapaklar\u0131 eklemek temizli\u011fi te\u015fvik eder, bak\u0131m duru\u015f s\u00fcresini azalt\u0131r ve \u00fcretkenli\u011fi art\u0131r\u0131r, bu da onlar\u0131 hijyen ve g\u00fcvenli\u011fe \u00f6ncelik veren end\u00fcstriler i\u00e7in vazge\u00e7ilmez hale getirir. Bu paslanmaz \u00e7elik bile\u015fenlerin operasyonlar\u0131n\u0131z\u0131 nas\u0131l y\u00fckseltebilece\u011fini, hem kaliteyi hem de uyumlulu\u011fu nas\u0131l sa\u011flayabilece\u011fini ke\u015ffedin.<\/p>\n<p><a href=\"https:\/\/nhkmachineryparts.com\/tr\/urun-hatti\/paslanmaz-celik-tasarimli-hijyenik-konveyor-parcalari\/\">Paslanmaz \u00e7elikten di\u011fer hijyenik par\u00e7alar<\/a><\/p>\n<h2>Paslanmaz \u00c7elikten Hijyenik Mil \u00dcst Kapa\u011f\u0131<\/h2>\n<h3>Temiz Oda Uygulamalar\u0131nda Devrim Yaratmak<\/h3>\n<p>&nbsp;<\/p>\n<p>G\u0131da i\u015fleme, ila\u00e7 ve biyoteknoloji gibi kusursuz hijyen ve temizlik gerektiren end\u00fcstrilerde hijyenik bile\u015fenlerin \u00f6nemi yeterince vurgulanamaz. Bu t\u00fcr temel bile\u015fenlerden biri de <strong>Hijyenik Mil \u00dcst Kapa\u011f\u0131<\/strong> paslanmaz \u00e7elikten. Bu kapaklar steril bir ortam\u0131n korunmas\u0131nda, operasyonel verimlili\u011fin sa\u011flanmas\u0131nda ve s\u0131k\u0131 uyumluluk standartlar\u0131n\u0131n kar\u015f\u0131lanmas\u0131nda \u00f6nemli bir rol oynar.<\/p>\n<hr \/>\n<h2>Hijyenik Mil \u00dcst Kapa\u011f\u0131 Nedir?<\/h2>\n<p>The <strong>mil \u00fcst kapa\u011f\u0131<\/strong> \u00e7e\u015fitli end\u00fcstrilerde kullan\u0131lan ekipmanlardaki milleri \u00f6rtmek ve korumak i\u00e7in tasarlanm\u0131\u015f kritik bir aksesuard\u0131r. Y\u00fcksek kaliteli paslanmaz \u00e7elikten \u00fcretilen bu kapak, kirlenmeyi \u00f6nlemek, dayan\u0131kl\u0131l\u0131\u011f\u0131 art\u0131rmak ve kolay temizli\u011fi kolayla\u015ft\u0131rmak i\u00e7in hijyenik bir \u00e7\u00f6z\u00fcm sunar.<\/p>\n<p>Temel \u00f6zellikler \u015funlard\u0131r:<\/p>\n<ul>\n<li><strong>Malzeme Bile\u015fimi<\/strong>: Genellikle \u015fu \u015fekilde olu\u015fturulmu\u015ftur: <strong>AISI 304 veya 316 paslanmaz \u00e7elik<\/strong>korozyona ve kimyasallara kar\u015f\u0131 dayan\u0131kl\u0131l\u0131k sa\u011flar.<\/li>\n<li><strong>P\u00fcr\u00fczs\u00fcz Biti\u015f<\/strong>: Cilal\u0131 y\u00fczeyler mikrobiyal yap\u0131\u015fmay\u0131 en aza indirir ve temizli\u011fi kolayla\u015ft\u0131r\u0131r.<\/li>\n<li><strong>Hijyenik Tasar\u0131m<\/strong>: Uluslararas\u0131 standartlar\u0131 kar\u015f\u0131lar: <strong><a href=\"https:\/\/nhkmachineryparts.com\/tr\/3a-ve-ehedg-arasindaki-fark-nedir\/\" data-internallinksmanager029f6b8e52c=\"2\" title=\"EHEDG Sertifikal\u0131 Makine Par\u00e7alar\u0131\">EHEDG<\/a><\/strong> Ve <strong>3-A Hijyen Standartlar\u0131<\/strong>Hijyen kurallar\u0131na uyulmas\u0131n\u0131 sa\u011flayarak.<\/li>\n<\/ul>\n<hr \/>\n<h2>Hijyenik Mil \u00dcst Kapaklar\u0131n\u0131n Uygulamalar\u0131<\/h2>\n<p>Hijyenik mil \u00fcst kapaklar\u0131, a\u015fa\u011f\u0131dakiler de dahil olmak \u00fczere \u00e7e\u015fitli end\u00fcstrilerde temizli\u011fin korunmas\u0131 ve g\u00fcvenli\u011fin sa\u011flanmas\u0131nda \u00f6nemli bir rol oynar:<\/p>\n<h3>G\u0131da ve \u0130\u00e7ecek \u0130\u015fleme<\/h3>\n<p>G\u0131da \u00fcretim tesislerinde bu \u00f6rt\u00fcler toz, gres ve di\u011fer par\u00e7ac\u0131klardan kaynaklanan kirlenmeye kar\u015f\u0131 koruma sa\u011flar. \u00d6zellikle s\u0131k y\u0131kama yap\u0131lan ortamlarda faydal\u0131d\u0131rlar.<\/p>\n<h3>\u0130la\u00e7 ve Biyoteknoloji<\/h3>\n<p>\u0130la\u00e7 end\u00fcstrisi s\u0131k\u0131 temizlik standartlar\u0131 alt\u0131nda faaliyet g\u00f6stermektedir. Hijyenik mil \u00fcst kapaklar\u0131, ila\u00e7 ve a\u015f\u0131 \u00fcretimi i\u00e7in gerekli olan steril ortamlar\u0131n yarat\u0131lmas\u0131na katk\u0131da bulunur.<\/p>\n<h3>Ambalaj Sanayi<\/h3>\n<p>Y\u00fcksek h\u0131zl\u0131 otomatik paketleme hatlar\u0131nda, mil \u00fcst kapaklar\u0131 ekipman\u0131 a\u015f\u0131nma ve y\u0131pranmaya kar\u015f\u0131 koruyarak tutarl\u0131 performans ve uzun makine \u00f6mr\u00fc sa\u011flar.<\/p>\n<hr \/>\n<h2>Paslanmaz \u00c7elik Hijyenik Mil \u00dcst Kapaklar\u0131n\u0131n Faydalar\u0131<\/h2>\n<h3>1. <strong>Korozyon Direnci<\/strong><\/h3>\n<p>Paslanmaz \u00e7eli\u011fin korozyona kar\u015f\u0131 do\u011fal direnci, bu mil kapaklar\u0131n\u0131 nem, kimyasallar veya tuzlu ko\u015fullara maruz kalan ortamlar i\u00e7in ideal hale getirir.<\/p>\n<h3>2. <strong>Dayan\u0131kl\u0131l\u0131k ve Uzun \u00d6m\u00fcr<\/strong><\/h3>\n<p>Paslanmaz \u00e7eli\u011fin sa\u011flam yap\u0131s\u0131, bu kapaklar\u0131n zorlu temizlik i\u015flemlerine ve uzun s\u00fcreli kullan\u0131ma bozulmadan dayanmas\u0131n\u0131 sa\u011flar.<\/p>\n<h3>3. <strong>Bak\u0131m kolayl\u0131\u011f\u0131<\/strong><\/h3>\n<p>P\u00fcr\u00fczs\u00fcz, g\u00f6zeneksiz bir y\u00fczeye sahip olan bu kapaklar\u0131n temizlenmesi ve bak\u0131m\u0131 kolayd\u0131r. Kirleticilerin birikmesini \u00f6nleyerek temizlik ve bak\u0131m i\u00e7in gereken kesinti s\u00fcresini azalt\u0131r.<\/p>\n<h3>4. <strong>Hijyen Standartlar\u0131na Uygunluk<\/strong><\/h3>\n<p>Sertifikal\u0131 tasar\u0131mlar bu kapaklar\u0131n gereksinimleri kar\u015f\u0131lad\u0131\u011f\u0131ndan emin olman\u0131z\u0131 sa\u011flar <strong>EHEDG<\/strong> Ve <strong>3-A Hijyen Standartlar\u0131<\/strong>D\u00fczenlenmi\u015f sekt\u00f6rlerde g\u00f6n\u00fcl rahatl\u0131\u011f\u0131 sunuyoruz.<\/p>\n<h3>5. <strong>Geli\u015ftirilmi\u015f Operasyonel Verimlilik<\/strong><\/h3>\n<p>Mil kapaklar\u0131 kritik bile\u015fenleri d\u0131\u015far\u0131dan gelen hasarlardan ve kirlenmelerden koruyarak kesintisiz \u00e7al\u0131\u015fmaya ve bak\u0131m maliyetlerinin azalt\u0131lmas\u0131na katk\u0131da bulunur.<\/p>\n<hr \/>\n<h2>Do\u011fru Hijyenik Mil \u00dcst Kapa\u011f\u0131n\u0131 Se\u00e7mek<\/h2>\n<p>Hijyenik bir mil \u00fcst kapa\u011f\u0131 se\u00e7erken a\u015fa\u011f\u0131daki fakt\u00f6rleri g\u00f6z \u00f6n\u00fcnde bulundurun:<\/p>\n<ul>\n<li><strong>Malzeme S\u0131n\u0131f\u0131<\/strong>: Tercih edin <strong>AISI 316 paslanmaz \u00e7elik<\/strong> Zorlu ortamlarda geli\u015fmi\u015f korozyon direnci i\u00e7in.<\/li>\n<li><strong>Boyut ve Uyumluluk<\/strong>: Kapa\u011f\u0131n ekipman\u0131n\u0131za kusursuz bir \u015fekilde uydu\u011fundan emin olun.<\/li>\n<li><strong>Sertifikasyon<\/strong>:EHEDG veya 3-A Hijyenik Standartlar gibi end\u00fcstri standartlar\u0131na uygunlu\u011fu do\u011frulay\u0131n.<\/li>\n<li><strong>Y\u00fczey Kaplama<\/strong>: Hijyeni en \u00fcst d\u00fczeye \u00e7\u0131karmak i\u00e7in cilal\u0131 y\u00fczeyleri tercih edin.<\/li>\n<\/ul>\n<hr \/>\n<h2>Hijyenik Mil \u00dcst Kapa\u011f\u0131<\/h2>\n<h3>Temiz Oda Verimlili\u011fi i\u00e7in Paslanmaz \u00c7elik M\u00fckemmelli\u011fi<\/h3>\n<p>The <strong>Paslanmaz \u00e7elikten hijyenik mil \u00fcst kapa\u011f\u0131<\/strong> temizlik ve operasyonel verimlili\u011fe \u00f6ncelik veren end\u00fcstriler i\u00e7in \u00f6nemli bir yeniliktir. Dayan\u0131kl\u0131, korozyona dayan\u0131kl\u0131 tasar\u0131m\u0131, en zorlu ortamlarda bile kusursuz performans sa\u011flar. Bu hijyenik bile\u015fenlere yat\u0131r\u0131m yaparak, i\u015fletmeler \u00fcretkenli\u011fi art\u0131r\u0131rken ve bak\u0131m maliyetlerini azalt\u0131rken end\u00fcstri d\u00fczenlemelerine uyum sa\u011flayabilir.<\/p>\n<p>Bug\u00fcn ak\u0131ll\u0131ca bir se\u00e7im yap\u0131n ve ekipman\u0131n\u0131z\u0131 en \u00fcst d\u00fczey kaliteyle geli\u015ftirin <strong>hijyenik mil \u00fcst kapaklar\u0131<\/strong>Sekt\u00f6r\u00fcn\u00fcz\u00fcn benzersiz ihtiya\u00e7lar\u0131na g\u00f6re uyarlanm\u0131\u015f.<\/p>\n\n\t\t<\/div>\n\t<\/div>\n<\/div><\/div><\/div><\/div><\/div><\/section>","protected":false},"excerpt":{"rendered":"Durability in harsh and extreme environments The Hygienic Spindle Top Cover in stainless steel is an essential component for industries requiring high levels of sanitation, such as food processing, pharmaceuticals, and biotechnology. Designed with superior hygiene in mind, these covers protect spindle tops from contamination and corrosion while ensuring easy cleanability. Made from certified stainless [...]","protected":false},"featured_media":8562,"template":"","meta":[],"product_brand":[],"product_cat":[64],"product_tag":[],"class_list":{"0":"post-8144","1":"product","2":"type-product","3":"status-publish","4":"has-post-thumbnail","6":"product_cat-hygienic-machinery-components-in-stainless-steel","8":"first","9":"instock","10":"shipping-taxable","11":"product-type-simple"},"yoast_head":"<!-- This site is optimized with the Yoast SEO plugin v27.3 - https:\/\/yoast.com\/product\/yoast-seo-wordpress\/ -->\n<title>Hygienic spindle top cover in stainless steel | NHK Machinery Parts<\/title>\n<meta name=\"description\" content=\"Spindle top cover are the optimal choice for equipment that must comply with strict hygiene requirements. The seal blocks out water and bacteria\" \/>\n<meta name=\"robots\" content=\"index, follow, max-snippet:-1, max-image-preview:large, max-video-preview:-1\" \/>\n<link rel=\"canonical\" href=\"https:\/\/nhkmachineryparts.com\/tr\/urun\/paslanmaz-celikten-hijyenik-lc-mil-ust-kapagi\/\" \/>\n<meta property=\"og:locale\" content=\"tr_TR\" \/>\n<meta property=\"og:type\" content=\"article\" \/>\n<meta property=\"og:title\" content=\"Hygienic spindle top cover in stainless steel | NHK Machinery Parts\" \/>\n<meta property=\"og:description\" content=\"Spindle top cover are the optimal choice for equipment that must comply with strict hygiene requirements. The seal blocks out water and bacteria\" \/>\n<meta property=\"og:url\" content=\"https:\/\/nhkmachineryparts.com\/tr\/urun\/paslanmaz-celikten-hijyenik-lc-mil-ust-kapagi\/\" \/>\n<meta property=\"og:site_name\" content=\"NHK Machinery Parts\" \/>\n<meta property=\"article:publisher\" content=\"https:\/\/www.facebook.com\/NHK.Group.aps\" \/>\n<meta property=\"article:modified_time\" content=\"2026-02-23T11:46:08+00:00\" \/>\n<meta property=\"og:image\" content=\"https:\/\/nhkmachineryparts.com\/wp-content\/uploads\/2024\/01\/Hygienic-LC-spindle-top-cover-in-stainless-steel.jpg\" \/>\n\t<meta property=\"og:image:width\" content=\"1000\" \/>\n\t<meta property=\"og:image:height\" content=\"1000\" \/>\n\t<meta property=\"og:image:type\" content=\"image\/jpeg\" \/>\n<meta name=\"twitter:card\" content=\"summary_large_image\" \/>\n<meta name=\"twitter:label1\" content=\"Tahmini okuma s\u00fcresi\" \/>\n\t<meta name=\"twitter:data1\" content=\"4 dakika\" \/>\n<script type=\"application\/ld+json\" class=\"yoast-schema-graph\">{\"@context\":\"https:\\\/\\\/schema.org\",\"@graph\":[{\"@type\":\"WebPage\",\"@id\":\"https:\\\/\\\/nhkmachineryparts.com\\\/product\\\/hygienic-lc-spindle-top-cover-in-stainless-steel\\\/\",\"url\":\"https:\\\/\\\/nhkmachineryparts.com\\\/product\\\/hygienic-lc-spindle-top-cover-in-stainless-steel\\\/\",\"name\":\"Hygienic spindle top cover in stainless steel | NHK Machinery Parts\",\"isPartOf\":{\"@id\":\"https:\\\/\\\/nhkmachineryparts.com\\\/#website\"},\"primaryImageOfPage\":{\"@id\":\"https:\\\/\\\/nhkmachineryparts.com\\\/product\\\/hygienic-lc-spindle-top-cover-in-stainless-steel\\\/#primaryimage\"},\"image\":{\"@id\":\"https:\\\/\\\/nhkmachineryparts.com\\\/product\\\/hygienic-lc-spindle-top-cover-in-stainless-steel\\\/#primaryimage\"},\"thumbnailUrl\":\"https:\\\/\\\/nhkmachineryparts.com\\\/wp-content\\\/uploads\\\/2024\\\/01\\\/Hygienic-LC-spindle-top-cover-in-stainless-steel.jpg\",\"datePublished\":\"2024-01-13T14:53:19+00:00\",\"dateModified\":\"2026-02-23T11:46:08+00:00\",\"description\":\"Spindle top cover are the optimal choice for equipment that must comply with strict hygiene requirements. The seal blocks out water and bacteria\",\"breadcrumb\":{\"@id\":\"https:\\\/\\\/nhkmachineryparts.com\\\/product\\\/hygienic-lc-spindle-top-cover-in-stainless-steel\\\/#breadcrumb\"},\"inLanguage\":\"tr\",\"potentialAction\":[{\"@type\":\"ReadAction\",\"target\":[\"https:\\\/\\\/nhkmachineryparts.com\\\/product\\\/hygienic-lc-spindle-top-cover-in-stainless-steel\\\/\"]}]},{\"@type\":\"ImageObject\",\"inLanguage\":\"tr\",\"@id\":\"https:\\\/\\\/nhkmachineryparts.com\\\/product\\\/hygienic-lc-spindle-top-cover-in-stainless-steel\\\/#primaryimage\",\"url\":\"https:\\\/\\\/nhkmachineryparts.com\\\/wp-content\\\/uploads\\\/2024\\\/01\\\/Hygienic-LC-spindle-top-cover-in-stainless-steel.jpg\",\"contentUrl\":\"https:\\\/\\\/nhkmachineryparts.com\\\/wp-content\\\/uploads\\\/2024\\\/01\\\/Hygienic-LC-spindle-top-cover-in-stainless-steel.jpg\",\"width\":1000,\"height\":1000,\"caption\":\"Hygienic LC spindle top cover in stainless steel\"},{\"@type\":\"BreadcrumbList\",\"@id\":\"https:\\\/\\\/nhkmachineryparts.com\\\/product\\\/hygienic-lc-spindle-top-cover-in-stainless-steel\\\/#breadcrumb\",\"itemListElement\":[{\"@type\":\"ListItem\",\"position\":1,\"name\":\"Home\",\"item\":\"https:\\\/\\\/nhkmachineryparts.com\\\/\"},{\"@type\":\"ListItem\",\"position\":2,\"name\":\"Product line\",\"item\":\"https:\\\/\\\/nhkmachineryparts.com\\\/product-line\\\/\"},{\"@type\":\"ListItem\",\"position\":3,\"name\":\"Hygienic machinery components in stainless steel\",\"item\":\"https:\\\/\\\/nhkmachineryparts.com\\\/product-line\\\/hygienic-machinery-components-in-stainless-steel\\\/\"},{\"@type\":\"ListItem\",\"position\":4,\"name\":\"Hygienic spindle top cover in stainless steel\"}]},{\"@type\":\"WebSite\",\"@id\":\"https:\\\/\\\/nhkmachineryparts.com\\\/#website\",\"url\":\"https:\\\/\\\/nhkmachineryparts.com\\\/\",\"name\":\"NHK Machinery Parts\",\"description\":\"Bearing Houses, seismic levelling feet and levelling castors\",\"publisher\":{\"@id\":\"https:\\\/\\\/nhkmachineryparts.com\\\/#organization\"},\"potentialAction\":[{\"@type\":\"SearchAction\",\"target\":{\"@type\":\"EntryPoint\",\"urlTemplate\":\"https:\\\/\\\/nhkmachineryparts.com\\\/?s={search_term_string}\"},\"query-input\":{\"@type\":\"PropertyValueSpecification\",\"valueRequired\":true,\"valueName\":\"search_term_string\"}}],\"inLanguage\":\"tr\"},{\"@type\":\"Organization\",\"@id\":\"https:\\\/\\\/nhkmachineryparts.com\\\/#organization\",\"name\":\"Nhk Group ApS\",\"url\":\"https:\\\/\\\/nhkmachineryparts.com\\\/\",\"logo\":{\"@type\":\"ImageObject\",\"inLanguage\":\"tr\",\"@id\":\"https:\\\/\\\/nhkmachineryparts.com\\\/#\\\/schema\\\/logo\\\/image\\\/\",\"url\":\"https:\\\/\\\/nhkmachineryparts.com\\\/wp-content\\\/uploads\\\/2022\\\/09\\\/NHKgroup_social.jpg\",\"contentUrl\":\"https:\\\/\\\/nhkmachineryparts.com\\\/wp-content\\\/uploads\\\/2022\\\/09\\\/NHKgroup_social.jpg\",\"width\":1200,\"height\":630,\"caption\":\"Nhk Group ApS\"},\"image\":{\"@id\":\"https:\\\/\\\/nhkmachineryparts.com\\\/#\\\/schema\\\/logo\\\/image\\\/\"},\"sameAs\":[\"https:\\\/\\\/www.facebook.com\\\/NHK.Group.aps\"]}]}<\/script>\n<!-- \/ Yoast SEO plugin. -->","yoast_head_json":{"title":"Paslanmaz \u00e7elikten hijyenik mil \u00fcst kapa\u011f\u0131 | NHK Makine Par\u00e7alar\u0131","description":"Mil \u00fcst kapa\u011f\u0131, s\u0131k\u0131 hijyen gerekliliklerine uymas\u0131 gereken ekipmanlar i\u00e7in en uygun se\u00e7imdir. Conta suyu ve bakterileri engeller","robots":{"index":"index","follow":"follow","max-snippet":"max-snippet:-1","max-image-preview":"max-image-preview:large","max-video-preview":"max-video-preview:-1"},"canonical":"https:\/\/nhkmachineryparts.com\/tr\/urun\/paslanmaz-celikten-hijyenik-lc-mil-ust-kapagi\/","og_locale":"tr_TR","og_type":"article","og_title":"Hygienic spindle top cover in stainless steel | NHK Machinery Parts","og_description":"Spindle top cover are the optimal choice for equipment that must comply with strict hygiene requirements. The seal blocks out water and bacteria","og_url":"https:\/\/nhkmachineryparts.com\/tr\/urun\/paslanmaz-celikten-hijyenik-lc-mil-ust-kapagi\/","og_site_name":"NHK Machinery Parts","article_publisher":"https:\/\/www.facebook.com\/NHK.Group.aps","article_modified_time":"2026-02-23T11:46:08+00:00","og_image":[{"width":1000,"height":1000,"url":"https:\/\/nhkmachineryparts.com\/wp-content\/uploads\/2024\/01\/Hygienic-LC-spindle-top-cover-in-stainless-steel.jpg","type":"image\/jpeg"}],"twitter_card":"summary_large_image","twitter_misc":{"Tahmini okuma s\u00fcresi":"4 dakika"},"schema":{"@context":"https:\/\/schema.org","@graph":[{"@type":"WebPage","@id":"https:\/\/nhkmachineryparts.com\/product\/hygienic-lc-spindle-top-cover-in-stainless-steel\/","url":"https:\/\/nhkmachineryparts.com\/product\/hygienic-lc-spindle-top-cover-in-stainless-steel\/","name":"Paslanmaz \u00e7elikten hijyenik mil \u00fcst kapa\u011f\u0131 | NHK Makine Par\u00e7alar\u0131","isPartOf":{"@id":"https:\/\/nhkmachineryparts.com\/#website"},"primaryImageOfPage":{"@id":"https:\/\/nhkmachineryparts.com\/product\/hygienic-lc-spindle-top-cover-in-stainless-steel\/#primaryimage"},"image":{"@id":"https:\/\/nhkmachineryparts.com\/product\/hygienic-lc-spindle-top-cover-in-stainless-steel\/#primaryimage"},"thumbnailUrl":"https:\/\/nhkmachineryparts.com\/wp-content\/uploads\/2024\/01\/Hygienic-LC-spindle-top-cover-in-stainless-steel.jpg","datePublished":"2024-01-13T14:53:19+00:00","dateModified":"2026-02-23T11:46:08+00:00","description":"Mil \u00fcst kapa\u011f\u0131, s\u0131k\u0131 hijyen gerekliliklerine uymas\u0131 gereken ekipmanlar i\u00e7in en uygun se\u00e7imdir. Conta suyu ve bakterileri engeller","breadcrumb":{"@id":"https:\/\/nhkmachineryparts.com\/product\/hygienic-lc-spindle-top-cover-in-stainless-steel\/#breadcrumb"},"inLanguage":"tr","potentialAction":[{"@type":"ReadAction","target":["https:\/\/nhkmachineryparts.com\/product\/hygienic-lc-spindle-top-cover-in-stainless-steel\/"]}]},{"@type":"ImageObject","inLanguage":"tr","@id":"https:\/\/nhkmachineryparts.com\/product\/hygienic-lc-spindle-top-cover-in-stainless-steel\/#primaryimage","url":"https:\/\/nhkmachineryparts.com\/wp-content\/uploads\/2024\/01\/Hygienic-LC-spindle-top-cover-in-stainless-steel.jpg","contentUrl":"https:\/\/nhkmachineryparts.com\/wp-content\/uploads\/2024\/01\/Hygienic-LC-spindle-top-cover-in-stainless-steel.jpg","width":1000,"height":1000,"caption":"Hygienic LC spindle top cover in stainless steel"},{"@type":"BreadcrumbList","@id":"https:\/\/nhkmachineryparts.com\/product\/hygienic-lc-spindle-top-cover-in-stainless-steel\/#breadcrumb","itemListElement":[{"@type":"ListItem","position":1,"name":"Home","item":"https:\/\/nhkmachineryparts.com\/"},{"@type":"ListItem","position":2,"name":"Product line","item":"https:\/\/nhkmachineryparts.com\/product-line\/"},{"@type":"ListItem","position":3,"name":"Hygienic machinery components in stainless steel","item":"https:\/\/nhkmachineryparts.com\/product-line\/hygienic-machinery-components-in-stainless-steel\/"},{"@type":"ListItem","position":4,"name":"Hygienic spindle top cover in stainless steel"}]},{"@type":"WebSite","@id":"https:\/\/nhkmachineryparts.com\/#website","url":"https:\/\/nhkmachineryparts.com\/","name":"NHK Makine Par\u00e7alar\u0131","description":"Rulman Yataklar\u0131, sismik tesviye ayaklar\u0131 ve tesviye tekerlekleri","publisher":{"@id":"https:\/\/nhkmachineryparts.com\/#organization"},"potentialAction":[{"@type":"SearchAction","target":{"@type":"EntryPoint","urlTemplate":"https:\/\/nhkmachineryparts.com\/?s={search_term_string}"},"query-input":{"@type":"PropertyValueSpecification","valueRequired":true,"valueName":"search_term_string"}}],"inLanguage":"tr"},{"@type":"Organization","@id":"https:\/\/nhkmachineryparts.com\/#organization","name":"NHK Grup ApS","url":"https:\/\/nhkmachineryparts.com\/","logo":{"@type":"ImageObject","inLanguage":"tr","@id":"https:\/\/nhkmachineryparts.com\/#\/schema\/logo\/image\/","url":"https:\/\/nhkmachineryparts.com\/wp-content\/uploads\/2022\/09\/NHKgroup_social.jpg","contentUrl":"https:\/\/nhkmachineryparts.com\/wp-content\/uploads\/2022\/09\/NHKgroup_social.jpg","width":1200,"height":630,"caption":"Nhk Group ApS"},"image":{"@id":"https:\/\/nhkmachineryparts.com\/#\/schema\/logo\/image\/"},"sameAs":["https:\/\/www.facebook.com\/NHK.Group.aps"]}]}},"_links":{"self":[{"href":"https:\/\/nhkmachineryparts.com\/tr\/wp-json\/wp\/v2\/product\/8144","targetHints":{"allow":["GET"]}}],"collection":[{"href":"https:\/\/nhkmachineryparts.com\/tr\/wp-json\/wp\/v2\/product"}],"about":[{"href":"https:\/\/nhkmachineryparts.com\/tr\/wp-json\/wp\/v2\/types\/product"}],"wp:featuredmedia":[{"embeddable":true,"href":"https:\/\/nhkmachineryparts.com\/tr\/wp-json\/wp\/v2\/media\/8562"}],"wp:attachment":[{"href":"https:\/\/nhkmachineryparts.com\/tr\/wp-json\/wp\/v2\/media?parent=8144"}],"wp:term":[{"taxonomy":"product_brand","embeddable":true,"href":"https:\/\/nhkmachineryparts.com\/tr\/wp-json\/wp\/v2\/product_brand?post=8144"},{"taxonomy":"product_cat","embeddable":true,"href":"https:\/\/nhkmachineryparts.com\/tr\/wp-json\/wp\/v2\/product_cat?post=8144"},{"taxonomy":"product_tag","embeddable":true,"href":"https:\/\/nhkmachineryparts.com\/tr\/wp-json\/wp\/v2\/product_tag?post=8144"}],"curies":[{"name":"wp","href":"https:\/\/api.w.org\/{rel}","templated":true}]}}