{"id":8045,"date":"2024-01-08T14:44:31","date_gmt":"2024-01-08T12:44:31","guid":{"rendered":"https:\/\/nhkmachineryparts.com\/?post_type=product&#038;p=8045"},"modified":"2026-02-23T13:47:20","modified_gmt":"2026-02-23T11:47:20","slug":"guclendirilmis-poliamid-icinde-yan-kilavuz-braketi-2","status":"publish","type":"product","link":"https:\/\/nhkmachineryparts.com\/tr\/product\/side-guide-psg177-bracket-in-reinforced-polyamide\/","title":{"rendered":"G\u00fc\u00e7lendirilmi\u015f poliamidden yan k\u0131lavuz PSG177 braketi"},"content":{"rendered":"<section class=\"vc_row vc_custom_1662993827263 liquid-row-shadowbox-69d3ca50bd06a vc_column-gap-0\"><div class=\"ld-container container\"><div class=\"row ld-row ld-row-outer\"><div class=\"wpb_column vc_column_container vc_col-sm-12 liquid-column-69d3ca50bd1be\"><div class=\"vc_column-inner\" ><div class=\"wpb_wrapper\"  >\n\t<div class=\"wpb_text_column wpb_content_element\" >\n\t\t<div class=\"wpb_wrapper\">\n\t\t\t<h2>G\u00fc\u00e7lendirilmi\u015f poliamidden yan k\u0131lavuz PSG177 braketi<\/h2>\n<p>AISI 304 (Aisi 1.4301) paslanmaz \u00e7elikten halkal\u0131 c\u0131vata ve pul<br \/>\nPirin\u00e7 par\u00e7al\u0131 poliamitten y\u0131ld\u0131z topuz.<\/p>\n<h2>G\u00fc\u00e7lendirilmi\u015f poliamid yan k\u0131lavuz tasar\u0131m\u0131<\/h2>\n<p>T\u00fcm yan k\u0131lavuzlar, gereksiz \u00e7\u0131k\u0131nt\u0131lar, flan\u015flar, girintiler veya montaj delikleri olmaks\u0131z\u0131n, gizli kirlenme kaynaklar\u0131n\u0131n riskini en aza indirecek \u015fekilde p\u00fcr\u00fczs\u00fcz bir y\u00fczeyle tasarlanm\u0131\u015ft\u0131r. P\u00fcr\u00fczs\u00fcz y\u00fczey temizli\u011fi kolayla\u015ft\u0131r\u0131r ve gizli kirlenme riskini en aza indirir.<\/p>\n<h2>G\u00fc\u00e7lendirilmi\u015f poliamid yan k\u0131lavuz braketleri<\/h2>\n<p>Yan k\u0131lavuz serimiz a\u015fa\u011f\u0131dakiler i\u00e7in tasarlanm\u0131\u015ft\u0131r: <a href=\"https:\/\/nhkmachineryparts.com\/tr\/our-industries\/\" data-internallinksmanager029f6b8e52c=\"4\" title=\"End\u00fcstrilerimiz\">end\u00fcstriler<\/a> Malzeme direnci ve kolay temizlenebilir bir tasar\u0131m konusunda s\u00fcrekli olarak daha a\u011f\u0131r taleplerin oldu\u011fu yerlerde. End\u00fcstriler: T\u0131bbi ekipman, G\u0131da ve ila\u00e7 i\u015fleme ekipmanlar\u0131, Paketleme makineleri, 3A tasar\u0131ml\u0131 et ve k\u00fcmes hayvan\u0131 i\u015fleme ekipmanlar\u0131, S\u00fct i\u015fleme makineleri.<\/p>\n<h2>G\u00fc\u00e7lendirilmi\u015f poliamid yan k\u0131lavuz braketinin mevcut t\u00fcrleri<\/h2>\n<p>Pirin\u00e7 par\u00e7al\u0131 poliamitten y\u0131ld\u0131z topuzlu, poliamitten yan k\u0131lavuz braketi.<br \/>\nPSG150<br \/>\nPSG177<\/p>\n\n\t\t<\/div>\n\t<\/div>\n<\/div><\/div><\/div><\/div><\/div><\/section>","protected":false},"excerpt":{"rendered":"Side guide PSG177 bracket in reinforced polyamide Eyebolt and washer in stainless steel AISI 304 (Aisi 1.4301) Star knob in polyamide with brass insert. Reinforced polyamide side guide design All the side guide are designed with a smooth surface without any unnecessary ribs, flanges, recesses or mounting holes, minimizing the risk of hidden sources of [...]","protected":false},"featured_media":38314,"template":"","meta":[],"product_brand":[],"product_cat":[132,61],"product_tag":[],"class_list":{"0":"post-8045","1":"product","2":"type-product","3":"status-publish","4":"has-post-thumbnail","6":"product_cat-machinery-components","7":"product_cat-conveyor-components-and-machinery-parts","9":"first","10":"instock","11":"shipping-taxable","12":"product-type-simple"},"yoast_head":"<!-- This site is optimized with the Yoast SEO plugin v27.3 - https:\/\/yoast.com\/product\/yoast-seo-wordpress\/ -->\n<title>Side guide PSG177 bracket in reinforced polyamide | NHK Machinery Parts<\/title>\n<meta name=\"description\" content=\"Reinforced polyamide side guide PSG177 are designed with a smooth surface without unnecessary flanges, recesses or mounting holes, minimizing contamination\" \/>\n<meta name=\"robots\" content=\"index, follow, max-snippet:-1, max-image-preview:large, max-video-preview:-1\" \/>\n<link rel=\"canonical\" href=\"https:\/\/nhkmachineryparts.com\/tr\/urun\/guclendirilmis-poliamid-icinde-yan-kilavuz-braketi-2\/\" \/>\n<meta property=\"og:locale\" content=\"tr_TR\" \/>\n<meta property=\"og:type\" content=\"article\" \/>\n<meta property=\"og:title\" content=\"Side guide PSG177 bracket in reinforced polyamide | NHK Machinery Parts\" \/>\n<meta property=\"og:description\" content=\"Reinforced polyamide side guide PSG177 are designed with a smooth surface without unnecessary flanges, recesses or mounting holes, minimizing contamination\" \/>\n<meta property=\"og:url\" content=\"https:\/\/nhkmachineryparts.com\/tr\/urun\/guclendirilmis-poliamid-icinde-yan-kilavuz-braketi-2\/\" \/>\n<meta property=\"og:site_name\" content=\"NHK Machinery Parts\" \/>\n<meta property=\"article:publisher\" content=\"https:\/\/www.facebook.com\/NHK.Group.aps\" \/>\n<meta property=\"article:modified_time\" content=\"2026-02-23T11:47:20+00:00\" \/>\n<meta property=\"og:image\" content=\"https:\/\/nhkmachineryparts.com\/wp-content\/uploads\/2024\/01\/Blue-Side-guide-PSG177-bracket-in-reinforced-polyamide.jpg\" \/>\n\t<meta property=\"og:image:width\" content=\"500\" \/>\n\t<meta property=\"og:image:height\" content=\"500\" \/>\n\t<meta property=\"og:image:type\" content=\"image\/jpeg\" \/>\n<meta name=\"twitter:card\" content=\"summary_large_image\" \/>\n<meta name=\"twitter:label1\" content=\"Tahmini okuma s\u00fcresi\" \/>\n\t<meta name=\"twitter:data1\" content=\"1 dakika\" \/>\n<script type=\"application\/ld+json\" class=\"yoast-schema-graph\">{\"@context\":\"https:\\\/\\\/schema.org\",\"@graph\":[{\"@type\":\"WebPage\",\"@id\":\"https:\\\/\\\/nhkmachineryparts.com\\\/product\\\/side-guide-psg177-bracket-in-reinforced-polyamide\\\/\",\"url\":\"https:\\\/\\\/nhkmachineryparts.com\\\/product\\\/side-guide-psg177-bracket-in-reinforced-polyamide\\\/\",\"name\":\"Side guide PSG177 bracket in reinforced polyamide | NHK Machinery Parts\",\"isPartOf\":{\"@id\":\"https:\\\/\\\/nhkmachineryparts.com\\\/#website\"},\"primaryImageOfPage\":{\"@id\":\"https:\\\/\\\/nhkmachineryparts.com\\\/product\\\/side-guide-psg177-bracket-in-reinforced-polyamide\\\/#primaryimage\"},\"image\":{\"@id\":\"https:\\\/\\\/nhkmachineryparts.com\\\/product\\\/side-guide-psg177-bracket-in-reinforced-polyamide\\\/#primaryimage\"},\"thumbnailUrl\":\"https:\\\/\\\/nhkmachineryparts.com\\\/wp-content\\\/uploads\\\/2024\\\/01\\\/Blue-Side-guide-PSG177-bracket-in-reinforced-polyamide.jpg\",\"datePublished\":\"2024-01-08T12:44:31+00:00\",\"dateModified\":\"2026-02-23T11:47:20+00:00\",\"description\":\"Reinforced polyamide side guide PSG177 are designed with a smooth surface without unnecessary flanges, recesses or mounting holes, minimizing contamination\",\"breadcrumb\":{\"@id\":\"https:\\\/\\\/nhkmachineryparts.com\\\/product\\\/side-guide-psg177-bracket-in-reinforced-polyamide\\\/#breadcrumb\"},\"inLanguage\":\"tr\",\"potentialAction\":[{\"@type\":\"ReadAction\",\"target\":[\"https:\\\/\\\/nhkmachineryparts.com\\\/product\\\/side-guide-psg177-bracket-in-reinforced-polyamide\\\/\"]}]},{\"@type\":\"ImageObject\",\"inLanguage\":\"tr\",\"@id\":\"https:\\\/\\\/nhkmachineryparts.com\\\/product\\\/side-guide-psg177-bracket-in-reinforced-polyamide\\\/#primaryimage\",\"url\":\"https:\\\/\\\/nhkmachineryparts.com\\\/wp-content\\\/uploads\\\/2024\\\/01\\\/Blue-Side-guide-PSG177-bracket-in-reinforced-polyamide.jpg\",\"contentUrl\":\"https:\\\/\\\/nhkmachineryparts.com\\\/wp-content\\\/uploads\\\/2024\\\/01\\\/Blue-Side-guide-PSG177-bracket-in-reinforced-polyamide.jpg\",\"width\":500,\"height\":500,\"caption\":\"Blue Side guide PSG177 bracket in reinforced polyamide.\"},{\"@type\":\"BreadcrumbList\",\"@id\":\"https:\\\/\\\/nhkmachineryparts.com\\\/product\\\/side-guide-psg177-bracket-in-reinforced-polyamide\\\/#breadcrumb\",\"itemListElement\":[{\"@type\":\"ListItem\",\"position\":1,\"name\":\"Home\",\"item\":\"https:\\\/\\\/nhkmachineryparts.com\\\/\"},{\"@type\":\"ListItem\",\"position\":2,\"name\":\"Product line\",\"item\":\"https:\\\/\\\/nhkmachineryparts.com\\\/product-line\\\/\"},{\"@type\":\"ListItem\",\"position\":3,\"name\":\"Machinery Components and Mounting Bracket\",\"item\":\"https:\\\/\\\/nhkmachineryparts.com\\\/product-line\\\/conveyor-components-and-machinery-parts\\\/\"},{\"@type\":\"ListItem\",\"position\":4,\"name\":\"Side guide PSG177 bracket in reinforced polyamide\"}]},{\"@type\":\"WebSite\",\"@id\":\"https:\\\/\\\/nhkmachineryparts.com\\\/#website\",\"url\":\"https:\\\/\\\/nhkmachineryparts.com\\\/\",\"name\":\"NHK Machinery Parts\",\"description\":\"Bearing Houses, seismic levelling feet and levelling castors\",\"publisher\":{\"@id\":\"https:\\\/\\\/nhkmachineryparts.com\\\/#organization\"},\"potentialAction\":[{\"@type\":\"SearchAction\",\"target\":{\"@type\":\"EntryPoint\",\"urlTemplate\":\"https:\\\/\\\/nhkmachineryparts.com\\\/?s={search_term_string}\"},\"query-input\":{\"@type\":\"PropertyValueSpecification\",\"valueRequired\":true,\"valueName\":\"search_term_string\"}}],\"inLanguage\":\"tr\"},{\"@type\":\"Organization\",\"@id\":\"https:\\\/\\\/nhkmachineryparts.com\\\/#organization\",\"name\":\"Nhk Group ApS\",\"url\":\"https:\\\/\\\/nhkmachineryparts.com\\\/\",\"logo\":{\"@type\":\"ImageObject\",\"inLanguage\":\"tr\",\"@id\":\"https:\\\/\\\/nhkmachineryparts.com\\\/#\\\/schema\\\/logo\\\/image\\\/\",\"url\":\"https:\\\/\\\/nhkmachineryparts.com\\\/wp-content\\\/uploads\\\/2022\\\/09\\\/NHKgroup_social.jpg\",\"contentUrl\":\"https:\\\/\\\/nhkmachineryparts.com\\\/wp-content\\\/uploads\\\/2022\\\/09\\\/NHKgroup_social.jpg\",\"width\":1200,\"height\":630,\"caption\":\"Nhk Group ApS\"},\"image\":{\"@id\":\"https:\\\/\\\/nhkmachineryparts.com\\\/#\\\/schema\\\/logo\\\/image\\\/\"},\"sameAs\":[\"https:\\\/\\\/www.facebook.com\\\/NHK.Group.aps\"]}]}<\/script>\n<!-- \/ Yoast SEO plugin. -->","yoast_head_json":{"title":"G\u00fc\u00e7lendirilmi\u015f poliamidden yap\u0131lm\u0131\u015f yan k\u0131lavuz PSG177 braketi | NHK Makine Par\u00e7alar\u0131","description":"G\u00fc\u00e7lendirilmi\u015f poliamid yan k\u0131lavuz PSG177, gereksiz flan\u015flar, girintiler veya montaj delikleri olmadan p\u00fcr\u00fczs\u00fcz bir y\u00fczeyle tasarlanm\u0131\u015ft\u0131r ve kirlenmeyi en aza indirir","robots":{"index":"index","follow":"follow","max-snippet":"max-snippet:-1","max-image-preview":"max-image-preview:large","max-video-preview":"max-video-preview:-1"},"canonical":"https:\/\/nhkmachineryparts.com\/tr\/urun\/guclendirilmis-poliamid-icinde-yan-kilavuz-braketi-2\/","og_locale":"tr_TR","og_type":"article","og_title":"Side guide PSG177 bracket in reinforced polyamide | NHK Machinery Parts","og_description":"Reinforced polyamide side guide PSG177 are designed with a smooth surface without unnecessary flanges, recesses or mounting holes, minimizing contamination","og_url":"https:\/\/nhkmachineryparts.com\/tr\/urun\/guclendirilmis-poliamid-icinde-yan-kilavuz-braketi-2\/","og_site_name":"NHK Machinery Parts","article_publisher":"https:\/\/www.facebook.com\/NHK.Group.aps","article_modified_time":"2026-02-23T11:47:20+00:00","og_image":[{"width":500,"height":500,"url":"https:\/\/nhkmachineryparts.com\/wp-content\/uploads\/2024\/01\/Blue-Side-guide-PSG177-bracket-in-reinforced-polyamide.jpg","type":"image\/jpeg"}],"twitter_card":"summary_large_image","twitter_misc":{"Tahmini okuma s\u00fcresi":"1 dakika"},"schema":{"@context":"https:\/\/schema.org","@graph":[{"@type":"WebPage","@id":"https:\/\/nhkmachineryparts.com\/product\/side-guide-psg177-bracket-in-reinforced-polyamide\/","url":"https:\/\/nhkmachineryparts.com\/product\/side-guide-psg177-bracket-in-reinforced-polyamide\/","name":"G\u00fc\u00e7lendirilmi\u015f poliamidden yap\u0131lm\u0131\u015f yan k\u0131lavuz PSG177 braketi | NHK Makine Par\u00e7alar\u0131","isPartOf":{"@id":"https:\/\/nhkmachineryparts.com\/#website"},"primaryImageOfPage":{"@id":"https:\/\/nhkmachineryparts.com\/product\/side-guide-psg177-bracket-in-reinforced-polyamide\/#primaryimage"},"image":{"@id":"https:\/\/nhkmachineryparts.com\/product\/side-guide-psg177-bracket-in-reinforced-polyamide\/#primaryimage"},"thumbnailUrl":"https:\/\/nhkmachineryparts.com\/wp-content\/uploads\/2024\/01\/Blue-Side-guide-PSG177-bracket-in-reinforced-polyamide.jpg","datePublished":"2024-01-08T12:44:31+00:00","dateModified":"2026-02-23T11:47:20+00:00","description":"G\u00fc\u00e7lendirilmi\u015f poliamid yan k\u0131lavuz PSG177, gereksiz flan\u015flar, girintiler veya montaj delikleri olmadan p\u00fcr\u00fczs\u00fcz bir y\u00fczeyle tasarlanm\u0131\u015ft\u0131r ve kirlenmeyi en aza indirir","breadcrumb":{"@id":"https:\/\/nhkmachineryparts.com\/product\/side-guide-psg177-bracket-in-reinforced-polyamide\/#breadcrumb"},"inLanguage":"tr","potentialAction":[{"@type":"ReadAction","target":["https:\/\/nhkmachineryparts.com\/product\/side-guide-psg177-bracket-in-reinforced-polyamide\/"]}]},{"@type":"ImageObject","inLanguage":"tr","@id":"https:\/\/nhkmachineryparts.com\/product\/side-guide-psg177-bracket-in-reinforced-polyamide\/#primaryimage","url":"https:\/\/nhkmachineryparts.com\/wp-content\/uploads\/2024\/01\/Blue-Side-guide-PSG177-bracket-in-reinforced-polyamide.jpg","contentUrl":"https:\/\/nhkmachineryparts.com\/wp-content\/uploads\/2024\/01\/Blue-Side-guide-PSG177-bracket-in-reinforced-polyamide.jpg","width":500,"height":500,"caption":"Blue Side guide PSG177 bracket in reinforced polyamide."},{"@type":"BreadcrumbList","@id":"https:\/\/nhkmachineryparts.com\/product\/side-guide-psg177-bracket-in-reinforced-polyamide\/#breadcrumb","itemListElement":[{"@type":"ListItem","position":1,"name":"Home","item":"https:\/\/nhkmachineryparts.com\/"},{"@type":"ListItem","position":2,"name":"Product line","item":"https:\/\/nhkmachineryparts.com\/product-line\/"},{"@type":"ListItem","position":3,"name":"Machinery Components and Mounting Bracket","item":"https:\/\/nhkmachineryparts.com\/product-line\/conveyor-components-and-machinery-parts\/"},{"@type":"ListItem","position":4,"name":"Side guide PSG177 bracket in reinforced polyamide"}]},{"@type":"WebSite","@id":"https:\/\/nhkmachineryparts.com\/#website","url":"https:\/\/nhkmachineryparts.com\/","name":"NHK Makine Par\u00e7alar\u0131","description":"Rulman Yataklar\u0131, sismik tesviye ayaklar\u0131 ve tesviye tekerlekleri","publisher":{"@id":"https:\/\/nhkmachineryparts.com\/#organization"},"potentialAction":[{"@type":"SearchAction","target":{"@type":"EntryPoint","urlTemplate":"https:\/\/nhkmachineryparts.com\/?s={search_term_string}"},"query-input":{"@type":"PropertyValueSpecification","valueRequired":true,"valueName":"search_term_string"}}],"inLanguage":"tr"},{"@type":"Organization","@id":"https:\/\/nhkmachineryparts.com\/#organization","name":"NHK Grup ApS","url":"https:\/\/nhkmachineryparts.com\/","logo":{"@type":"ImageObject","inLanguage":"tr","@id":"https:\/\/nhkmachineryparts.com\/#\/schema\/logo\/image\/","url":"https:\/\/nhkmachineryparts.com\/wp-content\/uploads\/2022\/09\/NHKgroup_social.jpg","contentUrl":"https:\/\/nhkmachineryparts.com\/wp-content\/uploads\/2022\/09\/NHKgroup_social.jpg","width":1200,"height":630,"caption":"Nhk Group ApS"},"image":{"@id":"https:\/\/nhkmachineryparts.com\/#\/schema\/logo\/image\/"},"sameAs":["https:\/\/www.facebook.com\/NHK.Group.aps"]}]}},"_links":{"self":[{"href":"https:\/\/nhkmachineryparts.com\/tr\/wp-json\/wp\/v2\/product\/8045","targetHints":{"allow":["GET"]}}],"collection":[{"href":"https:\/\/nhkmachineryparts.com\/tr\/wp-json\/wp\/v2\/product"}],"about":[{"href":"https:\/\/nhkmachineryparts.com\/tr\/wp-json\/wp\/v2\/types\/product"}],"wp:featuredmedia":[{"embeddable":true,"href":"https:\/\/nhkmachineryparts.com\/tr\/wp-json\/wp\/v2\/media\/38314"}],"wp:attachment":[{"href":"https:\/\/nhkmachineryparts.com\/tr\/wp-json\/wp\/v2\/media?parent=8045"}],"wp:term":[{"taxonomy":"product_brand","embeddable":true,"href":"https:\/\/nhkmachineryparts.com\/tr\/wp-json\/wp\/v2\/product_brand?post=8045"},{"taxonomy":"product_cat","embeddable":true,"href":"https:\/\/nhkmachineryparts.com\/tr\/wp-json\/wp\/v2\/product_cat?post=8045"},{"taxonomy":"product_tag","embeddable":true,"href":"https:\/\/nhkmachineryparts.com\/tr\/wp-json\/wp\/v2\/product_tag?post=8045"}],"curies":[{"name":"wp","href":"https:\/\/api.w.org\/{rel}","templated":true}]}}