{"id":8027,"date":"2024-01-08T05:12:26","date_gmt":"2024-01-08T03:12:26","guid":{"rendered":"https:\/\/nhkmachineryparts.com\/?post_type=product&#038;p=8027"},"modified":"2026-02-23T13:47:40","modified_gmt":"2026-02-23T11:47:40","slug":"ara-parca-somun-paslanmaz-celik-2","status":"publish","type":"product","link":"https:\/\/nhkmachineryparts.com\/tr\/product\/hygienic-spacer-nut\/","title":{"rendered":"Paslanmaz \u00e7elikten ara par\u00e7a somunu"},"content":{"rendered":"<section class=\"vc_row liquid-row-shadowbox-69d4a77d43e70\"><div class=\"ld-container container\"><div class=\"row ld-row ld-row-outer\"><div class=\"wpb_column vc_column_container vc_col-sm-12 liquid-column-69d4a77d44051\"><div class=\"vc_column-inner\" ><div class=\"wpb_wrapper\"  >\n\t<div class=\"wpb_text_column wpb_content_element\" >\n\t\t<div class=\"wpb_wrapper\">\n\t\t\t<h2>Paslanmaz \u00e7elik ara par\u00e7a somunu (Aisi 1.4301)<\/h2>\n<p>Di\u015fli paslanmaz \u00e7elik ara par\u00e7a somunu (Aisi 1.4301)<br \/>\nAra par\u00e7a somunu M8-16-9 \u2013 ID=8,2 \u2013 OD=16,0 \u2013 L=9 \u2013 L1=6<br \/>\nAra par\u00e7a somunu M8-16-18 \u2013 ID=8,2 \u2013 OD=16,0 \u2013 L=18 \u2013 L1=12<br \/>\nAra par\u00e7a somunu M10-18-9 \u2013 ID=10,2 \u2013 OD=18,0 \u2013 L=9 \u2013 L1=6<br \/>\nAra par\u00e7a somunu M10-18-18 \u2013 ID=10,2 \u2013 OD=18,0 \u2013 L=18 \u2013 L1=12<br \/>\nAra par\u00e7a somunu M12-22-9 \u2013 ID=12,2 \u2013 OD=22,0 \u2013 L=9 \u2013 L1=6<br \/>\nAra par\u00e7a somunu M12-22-18 \u2013 ID=12,2 \u2013 OD=22,0 \u2013 L=18 \u2013 L1=12<br \/>\nAra par\u00e7a somunu M16-26-9 \u2013 ID=16,2 \u2013 OD=26,0 \u2013 L=9 \u2013 L1=6<br \/>\nAra par\u00e7a somunu M16-26-18 \u2013 ID=16,2 \u2013 OD=26,0 \u2013 L=18 \u2013 L1=12<\/p>\n<h2>Paslanmaz \u00e7elik ara par\u00e7as\u0131 (Aisi 1.4301)<\/h2>\n<p>Ara par\u00e7as\u0131 8-16-9 \u2013 ID=8,2 \u2013 OD=16,0 \u2013 L=9<br \/>\nAra par\u00e7a 8-16-18 \u2013 ID=8,2 \u2013 OD=16,0 \u2013 L=18<br \/>\nAra par\u00e7as\u0131 10-18-9 \u2013 \u0130\u00e7 \u00c7ap=10,2 \u2013 D\u0131\u015f \u00c7ap=18,0 \u2013 L=9<br \/>\nAra par\u00e7a 10-18-18 \u2013 ID=10,2 \u2013 OD=18,0 \u2013 L=18<br \/>\nAra par\u00e7as\u0131 12-22-9 \u2013 ID=12,2 \u2013 OD=22,0 \u2013 L=9<br \/>\nAra par\u00e7as\u0131 12-22-18 \u2013 ID=12,2 \u2013 OD=22,0 \u2013 L=18<br \/>\nAra par\u00e7as\u0131 16-26-9 \u2013 ID=16,2 \u2013 OD=26,0 \u2013 L=9<br \/>\nAra par\u00e7a 16-26-18 \u2013 ID=16,2 \u2013 OD=26,0 \u2013 L=18<\/p>\n<h2>Di\u015f a\u00e7ma i\u00e7in paslanmaz \u00e7elik ara par\u00e7as\u0131 (Aisi 1.4301)<\/h2>\n<p>Kaynak yap\u0131ld\u0131ktan sonra i\u00e7 \u00e7ap di\u015f a\u00e7maya haz\u0131r hale gelir<br \/>\n6,8-16-15 di\u015fler i\u00e7in ara par\u00e7a \u2013 ID=6,8 \u2013 OD=16,0 \u2013 L=9<br \/>\n6,8-16-25 di\u015fler i\u00e7in ara par\u00e7a \u2013 ID=6,8 \u2013 OD=16,0 \u2013 L=18<br \/>\n8,5-18-15 di\u015fler i\u00e7in ara par\u00e7a \u2013 ID=8,5 \u2013 OD=18,0 \u2013 L=9<br \/>\n8,5-18-25 di\u015fler i\u00e7in ara par\u00e7a \u2013 ID=8,5 \u2013 OD=18,0 \u2013 L=18<br \/>\n10.2-22-15 di\u015fler i\u00e7in ara par\u00e7a \u2013 ID=10.2 \u2013 OD=22.0 \u2013 L=9<br \/>\n10.2-22-25 di\u015fler i\u00e7in ara par\u00e7as\u0131 \u2013 ID=10.2 \u2013 OD=22.0 \u2013 L=18<br \/>\n14,0-26-15 di\u015fler i\u00e7in ara par\u00e7a \u2013 ID=14,0 \u2013 OD=26,0 \u2013 L=9<br \/>\n14,0-26-25 di\u015fler i\u00e7in ara par\u00e7a \u2013 ID=14,0 \u2013 OD=26,0 \u2013 L=18<\/p>\n<p><a href=\"https:\/\/nhkmachineryparts.com\/tr\/urun-hatti\/kategori\/paslanmaz-celik-tasarimli-50-hijyenik-konveyor-parcasi\/\">Hijyenik tasar\u0131ml\u0131 makine bile\u015fenleri<\/a><\/p>\n<p><a href=\"https:\/\/nhkmachineryparts.com\/tr\/temas-etmek\/\">Di\u011fer boyut i\u00e7in l\u00fctfen bizimle ileti\u015fime ge\u00e7in.<\/a><\/p>\n<div class=\"flex-1 overflow-hidden @container\/thread\">\n<div class=\"h-full\">\n<div class=\"react-scroll-to-bottom--css-wjprm-79elbk h-full\">\n<div class=\"react-scroll-to-bottom--css-wjprm-1n7m0yu\">\n<div class=\"flex flex-col text-sm md:pb-9\">\n<article class=\"w-full scroll-mb-&#091;var(--thread-trailing-height,150px)&#093; text-token-text-primary focus-visible:outline-2 focus-visible:outline-offset-&#091;-4px&#093;\" dir=\"auto\" data-testid=\"conversation-turn-3\" data-scroll-anchor=\"true\">\n<div class=\"m-auto text-base py-&#091;18px&#093; px-3 md:px-4 w-full md:px-5 lg:px-4 xl:px-5\">\n<div class=\"mx-auto flex flex-1 gap-4 text-base md:gap-5 lg:gap-6 md:max-w-3xl lg:max-w-&#091;40rem&#093; xl:max-w-&#091;48rem&#093;\">\n<div class=\"group\/conversation-turn relative flex w-full min-w-0 flex-col agent-turn\">\n<div class=\"flex-col gap-1 md:gap-3\">\n<div class=\"flex max-w-full flex-col flex-grow\">\n<div class=\"min-h-8 text-message flex w-full flex-col items-end gap-2 whitespace-normal break-words text-start &#091;.text-message+&amp;&#093;:mt-5\" dir=\"auto\" data-message-author-role=\"assistant\" data-message-id=\"dcf8b918-0536-46f8-8dfe-35edc7431667\" data-message-model-slug=\"gpt-4o\">\n<div class=\"flex w-full flex-col gap-1 empty:hidden first:pt-&#091;3px&#093;\">\n<div class=\"markdown prose w-full break-words dark:prose-invert light\">\n<h2>Paslanmaz \u00c7elikten Ara Somunu<\/h2>\n<h3>Durma S\u00fcresini ve Bak\u0131m Maliyetlerini Azalt\u0131n<\/h3>\n<p>\u0130\u00e7inde <a href=\"https:\/\/nhkmachineryparts.com\/tr\/our-industries\/\" data-internallinksmanager029f6b8e52c=\"4\" title=\"End\u00fcstrilerimiz\">end\u00fcstriler<\/a> Ekipman performans\u0131n\u0131n kritik oldu\u011fu yerlerde, do\u011fru bile\u015fenleri se\u00e7mek verimlili\u011fi ve bak\u0131m\u0131 \u00f6nemli \u00f6l\u00e7\u00fcde etkileyebilir. Paslanmaz \u00e7elik ara somunlar, operasyonel g\u00fcvenilirli\u011fi art\u0131r\u0131rken ar\u0131za s\u00fcresini ve ili\u015fkili maliyetleri azaltmak i\u00e7in tasarlanm\u0131\u015f bu t\u00fcr temel bile\u015fenlerden biridir. Dayan\u0131kl\u0131l\u0131klar\u0131 ve hassasiyetleri, onlar\u0131 g\u0131da i\u015flemeden ila\u00e7lara kadar \u00e7e\u015fitli end\u00fcstrilerde vazge\u00e7ilmez k\u0131lar.<\/p>\n<hr \/>\n<h2>Ara Somunlar Nelerdir?<\/h2>\n<p>Ara somunlar, makinelerde denge ve hizalama sa\u011flayarak bile\u015fenler aras\u0131nda hassas bir mesafe sa\u011flamak i\u00e7in kullan\u0131lan \u00f6zel ba\u011flant\u0131 elemanlar\u0131d\u0131r. Geleneksel somunlar\u0131n aksine, ara somunlar iki i\u015flevi yerine getirmek \u00fczere tasarlanm\u0131\u015ft\u0131r: sabitleme ve aral\u0131k. Paslanmaz \u00e7elikten \u00fcretildiklerinde, korozyon direnci, mukavemet ve hijyen gibi ek avantajlar elde ederler.<\/p>\n<hr \/>\n<h2>Paslanmaz \u00c7elik Ara Somunlar\u0131n Faydalar\u0131<\/h2>\n<h3>1. <strong>Korozyon Direnci<\/strong><\/h3>\n<p>Paslanmaz \u00e7elik, nem, kimyasallar ve a\u015f\u0131r\u0131 s\u0131cakl\u0131klara maruz kalma gibi zorlu ortamlara dayanma kabiliyetiyle \u00fcnl\u00fcd\u00fcr. Bu, paslanmaz \u00e7elik ara somunlar\u0131n\u0131 hijyen ve dayan\u0131kl\u0131l\u0131\u011f\u0131n en \u00f6nemli oldu\u011fu g\u0131da i\u015fleme ve ila\u00e7 gibi end\u00fcstriler i\u00e7in ideal hale getirir.<\/p>\n<h3>2. <strong>Dayan\u0131kl\u0131l\u0131k ve G\u00fc\u00e7<\/strong><\/h3>\n<p>Paslanmaz \u00e7elik ara somunlar\u0131n sa\u011flam yap\u0131s\u0131, y\u00fcksek y\u00fcklere ve streslere dayanabilmelerini sa\u011flayarak mekanik ar\u0131za olas\u0131l\u0131\u011f\u0131n\u0131 azalt\u0131r. Bu dayan\u0131kl\u0131l\u0131k, daha uzun hizmet \u00f6mr\u00fc ve daha d\u00fc\u015f\u00fck de\u011fi\u015ftirme maliyetlerine yol a\u00e7ar.<\/p>\n<h3>3. <strong>Hijyenik Tasar\u0131m<\/strong><\/h3>\n<p>G\u0131da ve ila\u00e7 \u00fcretimi gibi hijyen standartlar\u0131na s\u0131k\u0131 s\u0131k\u0131ya uyulmas\u0131 gereken end\u00fcstriler i\u00e7in paslanmaz \u00e7elik ara somunlar hijyenik gereklilikleri kar\u015f\u0131lar. P\u00fcr\u00fczs\u00fcz y\u00fczeyleri bakteri olu\u015fumuna kar\u015f\u0131 dayan\u0131kl\u0131d\u0131r ve temizlenmesi kolayd\u0131r, bu da <a href=\"https:\/\/nhkmachineryparts.com\/tr\/3a-ve-ehedg-arasindaki-fark-nedir\/\" data-internallinksmanager029f6b8e52c=\"2\" title=\"EHEDG Sertifikal\u0131 Makine Par\u00e7alar\u0131\">EHEDG<\/a> ve 3-A standartlar\u0131.<\/p>\n<h3>4. <strong>Maliyet Etkin Bak\u0131m<\/strong><\/h3>\n<p>Makinenin hizalanmas\u0131n\u0131 ve dengesini koruyarak, paslanmaz \u00e7elik ara somunlar ekipmandaki a\u015f\u0131nma ve y\u0131pranmay\u0131 azalt\u0131r. Bu, daha az ar\u0131zaya, duru\u015f s\u00fcresinin ve onar\u0131m maliyetlerinin en aza indirilmesine neden olur.<\/p>\n<h3>5. <strong>End\u00fcstriler Aras\u0131 \u00c7ok Y\u00f6nl\u00fcl\u00fck<\/strong><\/h3>\n<p>Ara somunlar \u00e7ok \u00e7e\u015fitli makineler ve uygulamalarla uyumludur. Konvey\u00f6rlerde, pompalarda veya robotik sistemlerde kullan\u0131ls\u0131nlar, tutarl\u0131 performans sa\u011flarlar.<\/p>\n<hr \/>\n<h2>Paslanmaz \u00c7elik Ara Somunlar\u0131n Temel Uygulamalar\u0131<\/h2>\n<h3>G\u0131da \u0130\u015fleme End\u00fcstrisi<\/h3>\n<p>G\u0131da \u00fcretiminde hijyenin sa\u011flanmas\u0131 kritik \u00f6neme sahiptir. Paslanmaz \u00e7elik ara somunlar, hassas aral\u0131k ve hijyenin \u00f6nemli oldu\u011fu konvey\u00f6rler ve mikserler gibi ekipmanlarda yayg\u0131n olarak kullan\u0131l\u0131r. Korozyona dayan\u0131kl\u0131 \u00f6zellikleri, d\u00fczenli temizlik ve dezenfeksiyona dayanabilmelerini sa\u011flar.<\/p>\n<h3>\u0130la\u00e7 ve Biyoteknoloji End\u00fcstrileri<\/h3>\n<p>Paslanmaz \u00e7elikten \u00fcretilen ara somunlar, farmas\u00f6tik ortamlarda gerekli olan s\u0131k\u0131 standartlar\u0131 kar\u015f\u0131lar. Kimyasal maruziyete kar\u015f\u0131 diren\u00e7 g\u00f6sterme ve yap\u0131sal b\u00fct\u00fcnl\u00fc\u011f\u00fc koruma yetenekleri, temiz odalarda ve laboratuvarlarda g\u00fcvenilir performans sa\u011flar.<\/p>\n<h3>Ambalaj Sanayi<\/h3>\n<p>Paslanmaz \u00e7elik ara somunlar, y\u00fcksek h\u0131zl\u0131 paketleme makinelerinin ayr\u0131lmaz bir par\u00e7as\u0131d\u0131r ve d\u00fczg\u00fcn \u00e7al\u0131\u015fma i\u00e7in denge ve hizalama sa\u011flar. Dayan\u0131kl\u0131l\u0131klar\u0131, s\u0131k ayarlama ihtiyac\u0131n\u0131 azaltarak \u00fcretkenli\u011fi korur.<\/p>\n<h3>Otomotiv ve Havac\u0131l\u0131k Sekt\u00f6rleri<\/h3>\n<p>Otomotiv ve havac\u0131l\u0131k uygulamalar\u0131nda hassasiyet ve g\u00fcvenilirlik pazarl\u0131k konusu de\u011fildir. Paslanmaz \u00e7elik ara somunlar, y\u00fcksek performansl\u0131 makinelerde bile\u015fenlerin hizal\u0131 kalmas\u0131n\u0131 sa\u011flamak i\u00e7in gerekli stabiliteyi ve g\u00fcc\u00fc sa\u011flar.<\/p>\n<hr \/>\n<h2>Do\u011fru Paslanmaz \u00c7elik Ara Somununu Se\u00e7mek<\/h2>\n<p>\u0130\u015flemleriniz i\u00e7in ara somunlar\u0131 se\u00e7erken a\u015fa\u011f\u0131daki fakt\u00f6rleri g\u00f6z \u00f6n\u00fcnde bulundurun:<\/p>\n<ul>\n<li><strong>Malzeme S\u0131n\u0131f\u0131:<\/strong> \u00dcst\u00fcn korozyon direnci i\u00e7in 304 veya 316 gibi paslanmaz \u00e7elik s\u0131n\u0131flar\u0131n\u0131 tercih edin.<\/li>\n<li><strong>Tasar\u0131m \u00d6zellikleri:<\/strong> Boyutlar\u0131n ve di\u015flerin uygulama gereksinimlerinizle uyumlu oldu\u011fundan emin olun.<\/li>\n<li><strong>Sertifikalar:<\/strong> ISO veya EHEDG gibi end\u00fcstri standartlar\u0131na uygun ara somunlar\u0131 aray\u0131n.<\/li>\n<\/ul>\n<hr \/>\n<h2>Paslanmaz \u00c7elik Ara Somunlar: Durma S\u00fcresini ve Bak\u0131m Maliyetlerini Azaltman\u0131n Anahtar\u0131<\/h2>\n<p>Paslanmaz \u00e7elik ara somunlara yat\u0131r\u0131m yapmak, duru\u015f s\u00fcresini ve bak\u0131m maliyetlerini en aza indirmeyi hedefleyen end\u00fcstriler i\u00e7in stratejik bir karard\u0131r. Korozyon direnci, dayan\u0131kl\u0131l\u0131\u011f\u0131 ve hijyenik tasar\u0131m\u0131, onlar\u0131 \u00e7e\u015fitli uygulamalar i\u00e7in de\u011ferli bir katk\u0131 haline getirir. \u0130\u015fletmeler, y\u00fcksek kaliteli ara somunlar\u0131 se\u00e7erek operasyonel verimlili\u011fi sa\u011flayabilir, \u00fcretkenli\u011fi art\u0131rabilir ve uzun vadeli maliyet tasarruflar\u0131 elde edebilir.<\/p>\n<p>Makinenizi bug\u00fcn paslanmaz \u00e7elik ara somunlarla yenileyin ve azalt\u0131lm\u0131\u015f bak\u0131m, duru\u015f s\u00fcresi ve art\u0131r\u0131lm\u0131\u015f g\u00fcvenilirli\u011fin faydalar\u0131n\u0131 deneyimleyin.<\/p>\n<\/div>\n<\/div>\n<\/div>\n<\/div>\n<\/div>\n<\/div>\n<\/div>\n<\/div>\n<\/article>\n<\/div>\n<\/div>\n<\/div>\n<\/div>\n<\/div>\n\n\t\t<\/div>\n\t<\/div>\n<\/div><\/div><\/div><\/div><\/div><\/section>","protected":false},"excerpt":{"rendered":"Spacer nut in stainless steel\u00a0 (Aisi 1.4301) Threaded stainless steel\u00a0spacer nut\u00a0(Aisi 1.4301) Spacer nut M8-16-9 - ID=8.2 \u2013 OD=16.0 \u2013 L=9 \u2013 L1=6 Spacer nut M8-16-18 - ID=8.2 \u2013 OD=16.0 \u2013 L=18 \u2013 L1=12 Spacer nut M10-18-9 - ID=10.2 \u2013 OD=18.0 \u2013 L=9 \u2013 L1=6 Spacer nut M10-18-18 - ID=10.2 \u2013 OD=18.0 \u2013 L=18 \u2013 [...]","protected":false},"featured_media":8564,"template":"","meta":[],"product_brand":[],"product_cat":[64],"product_tag":[],"class_list":{"0":"post-8027","1":"product","2":"type-product","3":"status-publish","4":"has-post-thumbnail","6":"product_cat-hygienic-machinery-components-in-stainless-steel","8":"first","9":"instock","10":"shipping-taxable","11":"product-type-simple"},"yoast_head":"<!-- This site is optimized with the Yoast SEO plugin v27.3 - https:\/\/yoast.com\/product\/yoast-seo-wordpress\/ -->\n<title>Spacer nut in stainless steel | NHK Machinery Parts<\/title>\n<meta name=\"description\" content=\"Threaded stainless steel\u00a0spacer nut\u00a0(Aisi 1.4301), components in hygienic design for the manufacture and processing of food and pharmaceutical products.\" \/>\n<meta name=\"robots\" content=\"index, follow, max-snippet:-1, max-image-preview:large, max-video-preview:-1\" \/>\n<link rel=\"canonical\" href=\"https:\/\/nhkmachineryparts.com\/tr\/urun\/ara-parca-somun-paslanmaz-celik-2\/\" \/>\n<meta property=\"og:locale\" content=\"tr_TR\" \/>\n<meta property=\"og:type\" content=\"article\" \/>\n<meta property=\"og:title\" content=\"Spacer nut in stainless steel | NHK Machinery Parts\" \/>\n<meta property=\"og:description\" content=\"Threaded stainless steel\u00a0spacer nut\u00a0(Aisi 1.4301), components in hygienic design for the manufacture and processing of food and pharmaceutical products.\" \/>\n<meta property=\"og:url\" content=\"https:\/\/nhkmachineryparts.com\/tr\/urun\/ara-parca-somun-paslanmaz-celik-2\/\" \/>\n<meta property=\"og:site_name\" content=\"NHK Machinery Parts\" \/>\n<meta property=\"article:publisher\" content=\"https:\/\/www.facebook.com\/NHK.Group.aps\" \/>\n<meta property=\"article:modified_time\" content=\"2026-02-23T11:47:40+00:00\" \/>\n<meta property=\"og:image\" content=\"https:\/\/nhkmachineryparts.com\/wp-content\/uploads\/2024\/01\/Hygienic-spacer-nut.jpg\" \/>\n\t<meta property=\"og:image:width\" content=\"1000\" \/>\n\t<meta property=\"og:image:height\" content=\"1000\" \/>\n\t<meta property=\"og:image:type\" content=\"image\/jpeg\" \/>\n<meta name=\"twitter:card\" content=\"summary_large_image\" \/>\n<meta name=\"twitter:label1\" content=\"Tahmini okuma s\u00fcresi\" \/>\n\t<meta name=\"twitter:data1\" content=\"4 dakika\" \/>\n<script type=\"application\/ld+json\" class=\"yoast-schema-graph\">{\"@context\":\"https:\\\/\\\/schema.org\",\"@graph\":[{\"@type\":\"WebPage\",\"@id\":\"https:\\\/\\\/nhkmachineryparts.com\\\/product\\\/hygienic-spacer-nut\\\/\",\"url\":\"https:\\\/\\\/nhkmachineryparts.com\\\/product\\\/hygienic-spacer-nut\\\/\",\"name\":\"Spacer nut in stainless steel | NHK Machinery Parts\",\"isPartOf\":{\"@id\":\"https:\\\/\\\/nhkmachineryparts.com\\\/#website\"},\"primaryImageOfPage\":{\"@id\":\"https:\\\/\\\/nhkmachineryparts.com\\\/product\\\/hygienic-spacer-nut\\\/#primaryimage\"},\"image\":{\"@id\":\"https:\\\/\\\/nhkmachineryparts.com\\\/product\\\/hygienic-spacer-nut\\\/#primaryimage\"},\"thumbnailUrl\":\"https:\\\/\\\/nhkmachineryparts.com\\\/wp-content\\\/uploads\\\/2024\\\/01\\\/Hygienic-spacer-nut.jpg\",\"datePublished\":\"2024-01-08T03:12:26+00:00\",\"dateModified\":\"2026-02-23T11:47:40+00:00\",\"description\":\"Threaded stainless steel\u00a0spacer nut\u00a0(Aisi 1.4301), components in hygienic design for the manufacture and processing of food and pharmaceutical products.\",\"breadcrumb\":{\"@id\":\"https:\\\/\\\/nhkmachineryparts.com\\\/product\\\/hygienic-spacer-nut\\\/#breadcrumb\"},\"inLanguage\":\"tr\",\"potentialAction\":[{\"@type\":\"ReadAction\",\"target\":[\"https:\\\/\\\/nhkmachineryparts.com\\\/product\\\/hygienic-spacer-nut\\\/\"]}]},{\"@type\":\"ImageObject\",\"inLanguage\":\"tr\",\"@id\":\"https:\\\/\\\/nhkmachineryparts.com\\\/product\\\/hygienic-spacer-nut\\\/#primaryimage\",\"url\":\"https:\\\/\\\/nhkmachineryparts.com\\\/wp-content\\\/uploads\\\/2024\\\/01\\\/Hygienic-spacer-nut.jpg\",\"contentUrl\":\"https:\\\/\\\/nhkmachineryparts.com\\\/wp-content\\\/uploads\\\/2024\\\/01\\\/Hygienic-spacer-nut.jpg\",\"width\":1000,\"height\":1000,\"caption\":\"Hygienic spacer nut\"},{\"@type\":\"BreadcrumbList\",\"@id\":\"https:\\\/\\\/nhkmachineryparts.com\\\/product\\\/hygienic-spacer-nut\\\/#breadcrumb\",\"itemListElement\":[{\"@type\":\"ListItem\",\"position\":1,\"name\":\"Home\",\"item\":\"https:\\\/\\\/nhkmachineryparts.com\\\/\"},{\"@type\":\"ListItem\",\"position\":2,\"name\":\"Product line\",\"item\":\"https:\\\/\\\/nhkmachineryparts.com\\\/product-line\\\/\"},{\"@type\":\"ListItem\",\"position\":3,\"name\":\"Hygienic machinery components in stainless steel\",\"item\":\"https:\\\/\\\/nhkmachineryparts.com\\\/product-line\\\/hygienic-machinery-components-in-stainless-steel\\\/\"},{\"@type\":\"ListItem\",\"position\":4,\"name\":\"Spacer nut in stainless steel\"}]},{\"@type\":\"WebSite\",\"@id\":\"https:\\\/\\\/nhkmachineryparts.com\\\/#website\",\"url\":\"https:\\\/\\\/nhkmachineryparts.com\\\/\",\"name\":\"NHK Machinery Parts\",\"description\":\"Bearing Houses, seismic levelling feet and levelling castors\",\"publisher\":{\"@id\":\"https:\\\/\\\/nhkmachineryparts.com\\\/#organization\"},\"potentialAction\":[{\"@type\":\"SearchAction\",\"target\":{\"@type\":\"EntryPoint\",\"urlTemplate\":\"https:\\\/\\\/nhkmachineryparts.com\\\/?s={search_term_string}\"},\"query-input\":{\"@type\":\"PropertyValueSpecification\",\"valueRequired\":true,\"valueName\":\"search_term_string\"}}],\"inLanguage\":\"tr\"},{\"@type\":\"Organization\",\"@id\":\"https:\\\/\\\/nhkmachineryparts.com\\\/#organization\",\"name\":\"Nhk Group ApS\",\"url\":\"https:\\\/\\\/nhkmachineryparts.com\\\/\",\"logo\":{\"@type\":\"ImageObject\",\"inLanguage\":\"tr\",\"@id\":\"https:\\\/\\\/nhkmachineryparts.com\\\/#\\\/schema\\\/logo\\\/image\\\/\",\"url\":\"https:\\\/\\\/nhkmachineryparts.com\\\/wp-content\\\/uploads\\\/2022\\\/09\\\/NHKgroup_social.jpg\",\"contentUrl\":\"https:\\\/\\\/nhkmachineryparts.com\\\/wp-content\\\/uploads\\\/2022\\\/09\\\/NHKgroup_social.jpg\",\"width\":1200,\"height\":630,\"caption\":\"Nhk Group ApS\"},\"image\":{\"@id\":\"https:\\\/\\\/nhkmachineryparts.com\\\/#\\\/schema\\\/logo\\\/image\\\/\"},\"sameAs\":[\"https:\\\/\\\/www.facebook.com\\\/NHK.Group.aps\"]}]}<\/script>\n<!-- \/ Yoast SEO plugin. -->","yoast_head_json":{"title":"Paslanmaz \u00e7elik ara par\u00e7a somunu | NHK Makine Par\u00e7alar\u0131","description":"Di\u015fli paslanmaz \u00e7elik ara par\u00e7a somunu (Aisi 1.4301), g\u0131da ve farmas\u00f6tik \u00fcr\u00fcnlerin \u00fcretimi ve i\u015flenmesi i\u00e7in hijyenik tasar\u0131ml\u0131 bile\u015fenler.","robots":{"index":"index","follow":"follow","max-snippet":"max-snippet:-1","max-image-preview":"max-image-preview:large","max-video-preview":"max-video-preview:-1"},"canonical":"https:\/\/nhkmachineryparts.com\/tr\/urun\/ara-parca-somun-paslanmaz-celik-2\/","og_locale":"tr_TR","og_type":"article","og_title":"Spacer nut in stainless steel | NHK Machinery Parts","og_description":"Threaded stainless steel\u00a0spacer nut\u00a0(Aisi 1.4301), components in hygienic design for the manufacture and processing of food and pharmaceutical products.","og_url":"https:\/\/nhkmachineryparts.com\/tr\/urun\/ara-parca-somun-paslanmaz-celik-2\/","og_site_name":"NHK Machinery Parts","article_publisher":"https:\/\/www.facebook.com\/NHK.Group.aps","article_modified_time":"2026-02-23T11:47:40+00:00","og_image":[{"width":1000,"height":1000,"url":"https:\/\/nhkmachineryparts.com\/wp-content\/uploads\/2024\/01\/Hygienic-spacer-nut.jpg","type":"image\/jpeg"}],"twitter_card":"summary_large_image","twitter_misc":{"Tahmini okuma s\u00fcresi":"4 dakika"},"schema":{"@context":"https:\/\/schema.org","@graph":[{"@type":"WebPage","@id":"https:\/\/nhkmachineryparts.com\/product\/hygienic-spacer-nut\/","url":"https:\/\/nhkmachineryparts.com\/product\/hygienic-spacer-nut\/","name":"Paslanmaz \u00e7elik ara par\u00e7a somunu | NHK Makine Par\u00e7alar\u0131","isPartOf":{"@id":"https:\/\/nhkmachineryparts.com\/#website"},"primaryImageOfPage":{"@id":"https:\/\/nhkmachineryparts.com\/product\/hygienic-spacer-nut\/#primaryimage"},"image":{"@id":"https:\/\/nhkmachineryparts.com\/product\/hygienic-spacer-nut\/#primaryimage"},"thumbnailUrl":"https:\/\/nhkmachineryparts.com\/wp-content\/uploads\/2024\/01\/Hygienic-spacer-nut.jpg","datePublished":"2024-01-08T03:12:26+00:00","dateModified":"2026-02-23T11:47:40+00:00","description":"Di\u015fli paslanmaz \u00e7elik ara par\u00e7a somunu (Aisi 1.4301), g\u0131da ve farmas\u00f6tik \u00fcr\u00fcnlerin \u00fcretimi ve i\u015flenmesi i\u00e7in hijyenik tasar\u0131ml\u0131 bile\u015fenler.","breadcrumb":{"@id":"https:\/\/nhkmachineryparts.com\/product\/hygienic-spacer-nut\/#breadcrumb"},"inLanguage":"tr","potentialAction":[{"@type":"ReadAction","target":["https:\/\/nhkmachineryparts.com\/product\/hygienic-spacer-nut\/"]}]},{"@type":"ImageObject","inLanguage":"tr","@id":"https:\/\/nhkmachineryparts.com\/product\/hygienic-spacer-nut\/#primaryimage","url":"https:\/\/nhkmachineryparts.com\/wp-content\/uploads\/2024\/01\/Hygienic-spacer-nut.jpg","contentUrl":"https:\/\/nhkmachineryparts.com\/wp-content\/uploads\/2024\/01\/Hygienic-spacer-nut.jpg","width":1000,"height":1000,"caption":"Hygienic spacer nut"},{"@type":"BreadcrumbList","@id":"https:\/\/nhkmachineryparts.com\/product\/hygienic-spacer-nut\/#breadcrumb","itemListElement":[{"@type":"ListItem","position":1,"name":"Home","item":"https:\/\/nhkmachineryparts.com\/"},{"@type":"ListItem","position":2,"name":"Product line","item":"https:\/\/nhkmachineryparts.com\/product-line\/"},{"@type":"ListItem","position":3,"name":"Hygienic machinery components in stainless steel","item":"https:\/\/nhkmachineryparts.com\/product-line\/hygienic-machinery-components-in-stainless-steel\/"},{"@type":"ListItem","position":4,"name":"Spacer nut in stainless steel"}]},{"@type":"WebSite","@id":"https:\/\/nhkmachineryparts.com\/#website","url":"https:\/\/nhkmachineryparts.com\/","name":"NHK Makine Par\u00e7alar\u0131","description":"Rulman Yataklar\u0131, sismik tesviye ayaklar\u0131 ve tesviye tekerlekleri","publisher":{"@id":"https:\/\/nhkmachineryparts.com\/#organization"},"potentialAction":[{"@type":"SearchAction","target":{"@type":"EntryPoint","urlTemplate":"https:\/\/nhkmachineryparts.com\/?s={search_term_string}"},"query-input":{"@type":"PropertyValueSpecification","valueRequired":true,"valueName":"search_term_string"}}],"inLanguage":"tr"},{"@type":"Organization","@id":"https:\/\/nhkmachineryparts.com\/#organization","name":"NHK Grup ApS","url":"https:\/\/nhkmachineryparts.com\/","logo":{"@type":"ImageObject","inLanguage":"tr","@id":"https:\/\/nhkmachineryparts.com\/#\/schema\/logo\/image\/","url":"https:\/\/nhkmachineryparts.com\/wp-content\/uploads\/2022\/09\/NHKgroup_social.jpg","contentUrl":"https:\/\/nhkmachineryparts.com\/wp-content\/uploads\/2022\/09\/NHKgroup_social.jpg","width":1200,"height":630,"caption":"Nhk Group ApS"},"image":{"@id":"https:\/\/nhkmachineryparts.com\/#\/schema\/logo\/image\/"},"sameAs":["https:\/\/www.facebook.com\/NHK.Group.aps"]}]}},"_links":{"self":[{"href":"https:\/\/nhkmachineryparts.com\/tr\/wp-json\/wp\/v2\/product\/8027","targetHints":{"allow":["GET"]}}],"collection":[{"href":"https:\/\/nhkmachineryparts.com\/tr\/wp-json\/wp\/v2\/product"}],"about":[{"href":"https:\/\/nhkmachineryparts.com\/tr\/wp-json\/wp\/v2\/types\/product"}],"wp:featuredmedia":[{"embeddable":true,"href":"https:\/\/nhkmachineryparts.com\/tr\/wp-json\/wp\/v2\/media\/8564"}],"wp:attachment":[{"href":"https:\/\/nhkmachineryparts.com\/tr\/wp-json\/wp\/v2\/media?parent=8027"}],"wp:term":[{"taxonomy":"product_brand","embeddable":true,"href":"https:\/\/nhkmachineryparts.com\/tr\/wp-json\/wp\/v2\/product_brand?post=8027"},{"taxonomy":"product_cat","embeddable":true,"href":"https:\/\/nhkmachineryparts.com\/tr\/wp-json\/wp\/v2\/product_cat?post=8027"},{"taxonomy":"product_tag","embeddable":true,"href":"https:\/\/nhkmachineryparts.com\/tr\/wp-json\/wp\/v2\/product_tag?post=8027"}],"curies":[{"name":"wp","href":"https:\/\/api.w.org\/{rel}","templated":true}]}}