{"id":7884,"date":"2023-12-30T06:42:14","date_gmt":"2023-12-30T04:42:14","guid":{"rendered":"https:\/\/nhkmachineryparts.com\/?post_type=product&#038;p=7884"},"modified":"2026-02-23T13:49:56","modified_gmt":"2026-02-23T11:49:56","slug":"gida-isleme-kozmetik-ve-ilac-endustrisinde-ptfe-ve-pirinc-kapli-paslanmaz-cubuk-uclari","status":"publish","type":"product","link":"https:\/\/nhkmachineryparts.com\/tr\/product\/ptfe-and-brass-lined-stainless-rod-ends-in-food-processing-cosmetic-and-pharmaceutical-industry\/","title":{"rendered":"PTFE ve pirin\u00e7 kapl\u0131 paslanmaz \u00e7ubuk u\u00e7lar\u0131"},"content":{"rendered":"<section class=\"vc_row liquid-row-shadowbox-69d040e0b89b5\"><div class=\"ld-container container\"><div class=\"row ld-row ld-row-outer\"><div class=\"wpb_column vc_column_container vc_col-sm-12 liquid-column-69d040e0b8b55\"><div class=\"vc_column-inner\" ><div class=\"wpb_wrapper\"  >\n\t<div class=\"wpb_text_column wpb_content_element\" >\n\t\t<div class=\"wpb_wrapper\">\n\t\t\t<div class=\"flex-1 overflow-hidden\">\n<div class=\"react-scroll-to-bottom--css-udppu-79elbk h-full\">\n<div class=\"react-scroll-to-bottom--css-udppu-1n7m0yu\">\n<div class=\"flex flex-col pb-9 text-sm\">\n<div class=\"w-full text-token-text-primary\" data-testid=\"conversation-turn-7\">\n<div class=\"px-4 py-2 justify-center text-base md:gap-6 m-auto\">\n<div class=\"flex flex-1 text-base mx-auto gap-3 md:px-5 lg:px-1 xl:px-5 md:max-w-3xl lg:max-w-&#091;40rem&#093; xl:max-w-&#091;48rem&#093; group final-completion\">\n<div class=\"relative flex w-full flex-col lg:w-&#091;calc(100%-115px)&#093; agent-turn\">\n<div class=\"flex-col gap-1 md:gap-3\">\n<div class=\"flex flex-grow flex-col max-w-full\">\n<div class=\"min-h-&#091;20px&#093; text-message flex flex-col items-start gap-3 whitespace-pre-wrap break-words &#091;.text-message+&amp;&#093;:mt-5 overflow-x-auto\" data-message-author-role=\"assistant\" data-message-id=\"48239936-4d1f-4788-ab99-b92aca5c0422\">\n<div class=\"markdown prose w-full break-words dark:prose-invert light\">\n<h2>G\u0131da i\u015fleme, kozmetik ve ila\u00e7 end\u00fcstrisinde PTFE ve pirin\u00e7 kapl\u0131 paslanmaz \u00e7ubuk u\u00e7lar\u0131<\/h2>\n<p>G\u0131da i\u015fleme, kozmetik ve ila\u00e7 sekt\u00f6r\u00fcnde PTFE (Politetrafloroetilen) ve pirin\u00e7 kapl\u0131 paslanmaz \u00e7ubuk u\u00e7lar\u0131 <a href=\"https:\/\/nhkmachineryparts.com\/tr\/our-industries\/\" data-internallinksmanager029f6b8e52c=\"4\" title=\"End\u00fcstrilerimiz\">end\u00fcstriler<\/a> benzersiz \u00f6zellikleri ve bu sekt\u00f6rlerin kat\u0131 gerekliliklerine uygunluklar\u0131 g\u00f6z \u00f6n\u00fcne al\u0131nd\u0131\u011f\u0131nda son derece faydal\u0131 olabilir.<\/p>\n<h2>SCHS Sipari\u015fi Paslanmaz \u00e7elik di\u015fi PTFE kompozit astarl\u0131 rot ucu \u2013 Bak\u0131m gerektirmez<\/h2>\n<p>Sol di\u015f, rulman numaralar\u0131na \u201cL\u201d son eki eklenmi\u015ftir. \u00d6rn.: SCHS20SSL M20\u00d71,5-6H<br \/>\nSa\u011f di\u015f, rulman numaralar\u0131na \u201cR\u201d son eki eklenmi\u015ftir. \u00d6rn.: SCHS20SSR M20\u00d71,5-6H<\/p>\n<h2>SCOS Paslanmaz \u00e7elik erkek PTFE kompozit astarl\u0131 rot ucu sipari\u015fi \u2013 Bak\u0131m gerektirmez<\/h2>\n<p>Sol di\u015f, rulman numaralar\u0131na \u201cL\u201d son eki eklenmi\u015ftir. \u00d6rn.: SCOS20SSL M20\u00d71,5-6g<br \/>\nSa\u011f di\u015f, rulman numaralar\u0131na \u201cR\u201d son eki eklenmi\u015ftir. \u00d6rn.: SCOS20SSR M20\u00d71,5-6g<\/p>\n<p>TOP<br \/>\n440C Paslanmaz \u00c7elik<br \/>\nIs\u0131l i\u015flem g\u00f6rm\u00fc\u015f<br \/>\nHassas Zemin<br \/>\nCilal\u0131 y\u00fczey<\/p>\n<p>V\u00dcCUT<br \/>\nAisi 304 Paslanmaz \u00c7elik<br \/>\nCilal\u0131 y\u00fczey<\/p>\n<p>Yar\u0131\u015f: Aisi 304 Paslanmaz \u00c7elik PTFE Kompozit astarl\u0131<\/p>\n<h2>SPHS Paslanmaz \u00e7elik di\u015fi pirin\u00e7 kapl\u0131 rot ucu sipari\u015fi<\/h2>\n<p>Sol di\u015f, rulman numaralar\u0131na \u201cL\u201d son eki eklenmi\u015ftir. \u00f6rne\u011fin: SPHS20SSL M20\u00d71,5-6H<br \/>\nSa\u011f di\u015f, rulman numaralar\u0131na \u201cR\u201d son eki eklenmi\u015ftir. \u00d6rn.: SPHS20SSR M20\u00d71,5-6H<\/p>\n<h2>SPOS Paslanmaz \u00e7elik erkek pirin\u00e7 kapl\u0131 \u00e7ubuk ucunun sipari\u015f edilmesi<\/h2>\n<p>Sol di\u015f, rulman numaralar\u0131na \u201cL\u201d son eki eklenmi\u015ftir. \u00f6rn.: SPOS20SSL M20\u00d71,5-6g<br \/>\nSa\u011f di\u015f, rulman numaralar\u0131na \u201cR\u201d son eki eklenmi\u015ftir. \u00d6rn.: SPOS20SSR M20\u00d71,5-6g<\/p>\n<p>TOP<br \/>\n440C Paslanmaz \u00c7elik<br \/>\nIs\u0131l i\u015flem g\u00f6rm\u00fc\u015f<br \/>\nHassas Zemin<br \/>\nCilal\u0131 y\u00fczey<\/p>\n<p>V\u00dcCUT<br \/>\nAisi 304 Paslanmaz \u00c7elik<br \/>\nCilal\u0131 y\u00fczey<\/p>\n<p>Yar\u0131\u015f: Aisi 304 Paslanmaz \u00c7elik Pirin\u00e7 Astarl\u0131<\/p>\n<h2>Bu malzemelerin bu uygulamalarda neden avantajl\u0131 oldu\u011funa dair bir genel bak\u0131\u015f:<\/h2>\n<ol>\n<li>\n<h2><strong>PTFE \u00d6zellikleri<\/strong>:<\/h2>\n<ul>\n<li><strong>Reaktif Olmayan ve \u0130nert<\/strong>: PTFE kimyasal olarak inerttir ve \u00e7o\u011fu kimyasalla reaksiyona girmez, bu da onu \u00e7e\u015fitli maddelerle temas edebilece\u011fi i\u015fleme ortamlar\u0131nda kullan\u0131m\u0131n\u0131 g\u00fcvenli k\u0131lar.<\/li>\n<li><strong>D\u00fc\u015f\u00fck S\u00fcrt\u00fcnme Katsay\u0131s\u0131<\/strong>: PTFE&#039;nin \u00e7ok d\u00fc\u015f\u00fck bir s\u00fcrt\u00fcnme katsay\u0131s\u0131 vard\u0131r, bu da a\u015f\u0131nmay\u0131 azalt\u0131r ve rot u\u00e7lar\u0131n\u0131n \u00f6mr\u00fcn\u00fc uzat\u0131r.<\/li>\n<li><strong>Y\u00fcksek S\u0131cakl\u0131k Dayan\u0131m\u0131<\/strong>: Y\u00fcksek s\u0131cakl\u0131klara dayanabilir, bu da \u0131s\u0131tma veya sterilizasyon gerektiren i\u015flemlerde faydal\u0131d\u0131r.<\/li>\n<li><strong>M\u00fckemmel Ya\u011flama<\/strong>: PTFE&#039;nin do\u011fal kayganl\u0131\u011f\u0131, \u00f6zellikle d\u00fczenli hareket veya ayarlama gerektiren uygulamalarda rot ba\u015flar\u0131n\u0131n hareketini ve \u00f6mr\u00fcn\u00fc uzatabilir.<\/li>\n<li><strong>FDA Uyumlulu\u011fu<\/strong>: PTFE, toksik olmayan ve kirletici olmayan malzemelerin \u00f6nemli oldu\u011fu g\u0131da i\u015fleme, farmas\u00f6tik \u00fcr\u00fcnler ve kozmetik \u00fcr\u00fcnlerinde kullan\u0131m i\u00e7in genellikle FDA d\u00fczenlemeleriyle uyumludur.<\/li>\n<\/ul>\n<\/li>\n<li>\n<h2><strong>Pirin\u00e7 \u00d6zellikleri<\/strong>:<\/h2>\n<ul>\n<li><strong>Korozyon Direnci<\/strong>: Pirin\u00e7 korozyona kar\u015f\u0131 dayan\u0131kl\u0131d\u0131r; neme, temizlik maddelerine veya di\u011fer a\u015f\u0131nd\u0131r\u0131c\u0131 maddelere maruz kalabilece\u011fi ortamlarda \u00f6nemlidir.<\/li>\n<li><strong>\u0130yi Mekanik \u00d6zellikler<\/strong>: Pirin\u00e7, \u00e7e\u015fitli y\u00fckler ve kullan\u0131m ko\u015fullar\u0131 alt\u0131nda rot ba\u015flar\u0131n\u0131n b\u00fct\u00fcnl\u00fc\u011f\u00fcn\u00fcn korunmas\u0131nda yararl\u0131 olabilecek bir g\u00fc\u00e7 ve s\u00fcneklik dengesi sunar.<\/li>\n<\/ul>\n<\/li>\n<li>\n<h2><strong>Paslanmaz \u00c7elik Avantajlar\u0131<\/strong>:<\/h2>\n<ul>\n<li><strong>Dayan\u0131kl\u0131l\u0131k ve G\u00fc\u00e7<\/strong>: Paslanmaz \u00e7elik, rot u\u00e7lar\u0131na yap\u0131sal g\u00fc\u00e7 ve dayan\u0131kl\u0131l\u0131k sa\u011flar.<\/li>\n<li><strong>Hijyenik ve Kolay Temizlenebilir<\/strong>: PTFE gibi paslanmaz \u00e7eli\u011fin de temizlenmesi ve sterilize edilmesi kolayd\u0131r, bu da onu hijyenik ortamlarda kullan\u0131m i\u00e7in ideal k\u0131lar.<\/li>\n<li><strong>Korozyon Direnci<\/strong>: Paslanmaz \u00e7eli\u011fin korozyona kar\u015f\u0131 direnci, bu end\u00fcstrilerde, \u00f6zellikle \u00e7e\u015fitli kimyasallara ve temizlik maddelerine maruz kald\u0131\u011f\u0131nda \u00e7ok \u00f6nemlidir.<\/li>\n<\/ul>\n<\/li>\n<li>\n<h2><strong>End\u00fcstri Uygulamalar\u0131nda Genel Faydalar<\/strong>:<\/h2>\n<ul>\n<li><strong>G\u0131da i\u015fleme<\/strong>: G\u0131da i\u015flemede bu malzemeler, ekipman\u0131n g\u0131da \u00fcr\u00fcnlerini kirletmemesini, d\u00fczenli temizlik ve sanitasyona dayan\u0131kl\u0131 olmas\u0131n\u0131 ve sa\u011fl\u0131k ve g\u00fcvenlik d\u00fczenlemelerine uygun olmas\u0131n\u0131 sa\u011flar.<\/li>\n<li><strong>Kozmetik End\u00fcstrisi<\/strong>: Kozmetiklerde bu malzemelerin reaktif olmayan ve inert yap\u0131s\u0131, \u00fcr\u00fcnlerin \u00fcretim s\u0131ras\u0131nda saf ve kirlenmemi\u015f kalmas\u0131n\u0131 sa\u011flar.<\/li>\n<li><strong>\u0130la\u00e7 end\u00fcstrisi<\/strong>: Farmas\u00f6tik \u00fcretimde, PTFE, pirin\u00e7 ve paslanmaz \u00e7elik bile\u015fenler kullan\u0131larak temizlik, reaksiyona girmeme ve kontaminasyonun \u00f6nlenmesine y\u00f6nelik y\u00fcksek standartlar kar\u015f\u0131lanmaktad\u0131r.<\/li>\n<\/ul>\n<\/li>\n<li>\n<h2><strong>Bak\u0131m ve Uzun \u00d6m\u00fcr<\/strong>:<\/h2>\n<ul>\n<li>Bu malzemeler genellikle di\u011fer malzemelere g\u00f6re daha az bak\u0131m gerektirir ve zorlu ortamlarda daha uzun \u00f6m\u00fcrl\u00fcd\u00fcr, bu da onlar\u0131 uzun vadede uygun maliyetli hale getirir.<\/li>\n<\/ul>\n<\/li>\n<\/ol>\n<p>Sonu\u00e7 olarak, \u00e7ubuk u\u00e7lar\u0131ndaki PTFE, pirin\u00e7 ve paslanmaz \u00e7eli\u011fin kombinasyonu, g\u0131da i\u015fleme, kozmetik ve ila\u00e7 end\u00fcstrilerinin zorlu ko\u015fullar\u0131na uygun sa\u011flam, hijyenik ve dayan\u0131kl\u0131 bir \u00e7\u00f6z\u00fcm sunuyor. Benzersiz \u00f6zellikleri, \u00fcr\u00fcnlerin safl\u0131\u011f\u0131n\u0131n korunmas\u0131na, makine g\u00fcvenilirli\u011finin sa\u011flanmas\u0131na ve end\u00fcstri d\u00fczenlemelerine uyum sa\u011flanmas\u0131na yard\u0131mc\u0131 olur.<\/p>\n<\/div>\n<\/div>\n<\/div>\n<\/div>\n<\/div>\n<\/div>\n<\/div>\n<\/div>\n<\/div>\n<\/div>\n<\/div>\n<\/div>\n\n\t\t<\/div>\n\t<\/div>\n<\/div><\/div><\/div><\/div><\/div><\/section>","protected":false},"excerpt":{"rendered":"PTFE and brass lined stainless rod ends in food processing, cosmetic and pharmaceutical industry PTFE (Polytetrafluoroethylene) and brass-lined stainless rod ends in the food processing, cosmetic, and pharmaceutical industries can be highly beneficial, given their unique properties and compliance with the stringent requirements of these sectors. Ordering SCHS Stainless steel female PTFE composite lined rod [...]","protected":false},"featured_media":8740,"template":"","meta":[],"product_brand":[],"product_cat":[64],"product_tag":[],"class_list":{"0":"post-7884","1":"product","2":"type-product","3":"status-publish","4":"has-post-thumbnail","6":"product_cat-hygienic-machinery-components-in-stainless-steel","8":"first","9":"instock","10":"shipping-taxable","11":"product-type-simple"},"yoast_head":"<!-- This site is optimized with the Yoast SEO plugin v27.2 - https:\/\/yoast.com\/product\/yoast-seo-wordpress\/ -->\n<title>PTFE and brass lined stainless rod ends | NHK Machinery Parts<\/title>\n<meta name=\"description\" content=\"PTFE and brass-lined stainless rod ends are be highly beneficial, given their unique properties and compliance with the stringent requirements\" \/>\n<meta name=\"robots\" content=\"index, follow, max-snippet:-1, max-image-preview:large, max-video-preview:-1\" \/>\n<link rel=\"canonical\" href=\"https:\/\/nhkmachineryparts.com\/tr\/urun\/gida-isleme-kozmetik-ve-ilac-endustrisinde-ptfe-ve-pirinc-kapli-paslanmaz-cubuk-uclari\/\" \/>\n<meta property=\"og:locale\" content=\"tr_TR\" \/>\n<meta property=\"og:type\" content=\"article\" \/>\n<meta property=\"og:title\" content=\"PTFE and brass lined stainless rod ends | NHK Machinery Parts\" \/>\n<meta property=\"og:description\" content=\"PTFE and brass-lined stainless rod ends are be highly beneficial, given their unique properties and compliance with the stringent requirements\" \/>\n<meta property=\"og:url\" content=\"https:\/\/nhkmachineryparts.com\/tr\/urun\/gida-isleme-kozmetik-ve-ilac-endustrisinde-ptfe-ve-pirinc-kapli-paslanmaz-cubuk-uclari\/\" \/>\n<meta property=\"og:site_name\" content=\"NHK Machinery Parts\" \/>\n<meta property=\"article:publisher\" content=\"https:\/\/www.facebook.com\/NHK.Group.aps\" \/>\n<meta property=\"article:modified_time\" content=\"2026-02-23T11:49:56+00:00\" \/>\n<meta property=\"og:image\" content=\"https:\/\/nhkmachineryparts.com\/wp-content\/uploads\/2023\/12\/PTFE-and-brass-lined-stainless-rod-ends.jpg\" \/>\n\t<meta property=\"og:image:width\" content=\"1000\" \/>\n\t<meta property=\"og:image:height\" content=\"1000\" \/>\n\t<meta property=\"og:image:type\" content=\"image\/jpeg\" \/>\n<meta name=\"twitter:card\" content=\"summary_large_image\" \/>\n<meta name=\"twitter:label1\" content=\"Tahmini okuma s\u00fcresi\" \/>\n\t<meta name=\"twitter:data1\" content=\"3 dakika\" \/>\n<script type=\"application\/ld+json\" class=\"yoast-schema-graph\">{\"@context\":\"https:\/\/schema.org\",\"@graph\":[{\"@type\":\"WebPage\",\"@id\":\"https:\/\/nhkmachineryparts.com\/product\/ptfe-and-brass-lined-stainless-rod-ends-in-food-processing-cosmetic-and-pharmaceutical-industry\/\",\"url\":\"https:\/\/nhkmachineryparts.com\/product\/ptfe-and-brass-lined-stainless-rod-ends-in-food-processing-cosmetic-and-pharmaceutical-industry\/\",\"name\":\"PTFE and brass lined stainless rod ends | NHK Machinery Parts\",\"isPartOf\":{\"@id\":\"https:\/\/nhkmachineryparts.com\/#website\"},\"primaryImageOfPage\":{\"@id\":\"https:\/\/nhkmachineryparts.com\/product\/ptfe-and-brass-lined-stainless-rod-ends-in-food-processing-cosmetic-and-pharmaceutical-industry\/#primaryimage\"},\"image\":{\"@id\":\"https:\/\/nhkmachineryparts.com\/product\/ptfe-and-brass-lined-stainless-rod-ends-in-food-processing-cosmetic-and-pharmaceutical-industry\/#primaryimage\"},\"thumbnailUrl\":\"https:\/\/nhkmachineryparts.com\/wp-content\/uploads\/2023\/12\/PTFE-and-brass-lined-stainless-rod-ends.jpg\",\"datePublished\":\"2023-12-30T04:42:14+00:00\",\"dateModified\":\"2026-02-23T11:49:56+00:00\",\"description\":\"PTFE and brass-lined stainless rod ends are be highly beneficial, given their unique properties and compliance with the stringent requirements\",\"breadcrumb\":{\"@id\":\"https:\/\/nhkmachineryparts.com\/product\/ptfe-and-brass-lined-stainless-rod-ends-in-food-processing-cosmetic-and-pharmaceutical-industry\/#breadcrumb\"},\"inLanguage\":\"tr\",\"potentialAction\":[{\"@type\":\"ReadAction\",\"target\":[\"https:\/\/nhkmachineryparts.com\/product\/ptfe-and-brass-lined-stainless-rod-ends-in-food-processing-cosmetic-and-pharmaceutical-industry\/\"]}]},{\"@type\":\"ImageObject\",\"inLanguage\":\"tr\",\"@id\":\"https:\/\/nhkmachineryparts.com\/product\/ptfe-and-brass-lined-stainless-rod-ends-in-food-processing-cosmetic-and-pharmaceutical-industry\/#primaryimage\",\"url\":\"https:\/\/nhkmachineryparts.com\/wp-content\/uploads\/2023\/12\/PTFE-and-brass-lined-stainless-rod-ends.jpg\",\"contentUrl\":\"https:\/\/nhkmachineryparts.com\/wp-content\/uploads\/2023\/12\/PTFE-and-brass-lined-stainless-rod-ends.jpg\",\"width\":1000,\"height\":1000,\"caption\":\"PTFE and brass lined stainless rod ends\"},{\"@type\":\"BreadcrumbList\",\"@id\":\"https:\/\/nhkmachineryparts.com\/product\/ptfe-and-brass-lined-stainless-rod-ends-in-food-processing-cosmetic-and-pharmaceutical-industry\/#breadcrumb\",\"itemListElement\":[{\"@type\":\"ListItem\",\"position\":1,\"name\":\"Home\",\"item\":\"https:\/\/nhkmachineryparts.com\/\"},{\"@type\":\"ListItem\",\"position\":2,\"name\":\"Product line\",\"item\":\"https:\/\/nhkmachineryparts.com\/product-line\/\"},{\"@type\":\"ListItem\",\"position\":3,\"name\":\"Hygienic machinery components in stainless steel\",\"item\":\"https:\/\/nhkmachineryparts.com\/product-line\/hygienic-machinery-components-in-stainless-steel\/\"},{\"@type\":\"ListItem\",\"position\":4,\"name\":\"PTFE and brass lined stainless rod ends\"}]},{\"@type\":\"WebSite\",\"@id\":\"https:\/\/nhkmachineryparts.com\/#website\",\"url\":\"https:\/\/nhkmachineryparts.com\/\",\"name\":\"NHK Machinery Parts\",\"description\":\"Bearing Houses, seismic levelling feet and levelling castors\",\"publisher\":{\"@id\":\"https:\/\/nhkmachineryparts.com\/#organization\"},\"potentialAction\":[{\"@type\":\"SearchAction\",\"target\":{\"@type\":\"EntryPoint\",\"urlTemplate\":\"https:\/\/nhkmachineryparts.com\/?s={search_term_string}\"},\"query-input\":{\"@type\":\"PropertyValueSpecification\",\"valueRequired\":true,\"valueName\":\"search_term_string\"}}],\"inLanguage\":\"tr\"},{\"@type\":\"Organization\",\"@id\":\"https:\/\/nhkmachineryparts.com\/#organization\",\"name\":\"Nhk Group ApS\",\"url\":\"https:\/\/nhkmachineryparts.com\/\",\"logo\":{\"@type\":\"ImageObject\",\"inLanguage\":\"tr\",\"@id\":\"https:\/\/nhkmachineryparts.com\/#\/schema\/logo\/image\/\",\"url\":\"https:\/\/nhkmachineryparts.com\/wp-content\/uploads\/2022\/09\/NHKgroup_social.jpg\",\"contentUrl\":\"https:\/\/nhkmachineryparts.com\/wp-content\/uploads\/2022\/09\/NHKgroup_social.jpg\",\"width\":1200,\"height\":630,\"caption\":\"Nhk Group ApS\"},\"image\":{\"@id\":\"https:\/\/nhkmachineryparts.com\/#\/schema\/logo\/image\/\"},\"sameAs\":[\"https:\/\/www.facebook.com\/NHK.Group.aps\"]}]}<\/script>\n<!-- \/ Yoast SEO plugin. -->","yoast_head_json":{"title":"PTFE ve pirin\u00e7 kapl\u0131 paslanmaz \u00e7ubuk u\u00e7lar\u0131 | NHK Makine Par\u00e7alar\u0131","description":"PTFE ve pirin\u00e7 kaplamal\u0131 paslanmaz \u00e7ubuk u\u00e7lar\u0131, benzersiz \u00f6zellikleri ve kat\u0131 gerekliliklere uygunluklar\u0131 g\u00f6z \u00f6n\u00fcne al\u0131nd\u0131\u011f\u0131nda son derece avantajl\u0131d\u0131r","robots":{"index":"index","follow":"follow","max-snippet":"max-snippet:-1","max-image-preview":"max-image-preview:large","max-video-preview":"max-video-preview:-1"},"canonical":"https:\/\/nhkmachineryparts.com\/tr\/urun\/gida-isleme-kozmetik-ve-ilac-endustrisinde-ptfe-ve-pirinc-kapli-paslanmaz-cubuk-uclari\/","og_locale":"tr_TR","og_type":"article","og_title":"PTFE and brass lined stainless rod ends | NHK Machinery Parts","og_description":"PTFE and brass-lined stainless rod ends are be highly beneficial, given their unique properties and compliance with the stringent requirements","og_url":"https:\/\/nhkmachineryparts.com\/tr\/urun\/gida-isleme-kozmetik-ve-ilac-endustrisinde-ptfe-ve-pirinc-kapli-paslanmaz-cubuk-uclari\/","og_site_name":"NHK Machinery Parts","article_publisher":"https:\/\/www.facebook.com\/NHK.Group.aps","article_modified_time":"2026-02-23T11:49:56+00:00","og_image":[{"width":1000,"height":1000,"url":"https:\/\/nhkmachineryparts.com\/wp-content\/uploads\/2023\/12\/PTFE-and-brass-lined-stainless-rod-ends.jpg","type":"image\/jpeg"}],"twitter_card":"summary_large_image","twitter_misc":{"Tahmini okuma s\u00fcresi":"3 dakika"},"schema":{"@context":"https:\/\/schema.org","@graph":[{"@type":"WebPage","@id":"https:\/\/nhkmachineryparts.com\/product\/ptfe-and-brass-lined-stainless-rod-ends-in-food-processing-cosmetic-and-pharmaceutical-industry\/","url":"https:\/\/nhkmachineryparts.com\/product\/ptfe-and-brass-lined-stainless-rod-ends-in-food-processing-cosmetic-and-pharmaceutical-industry\/","name":"PTFE ve pirin\u00e7 kapl\u0131 paslanmaz \u00e7ubuk u\u00e7lar\u0131 | NHK Makine Par\u00e7alar\u0131","isPartOf":{"@id":"https:\/\/nhkmachineryparts.com\/#website"},"primaryImageOfPage":{"@id":"https:\/\/nhkmachineryparts.com\/product\/ptfe-and-brass-lined-stainless-rod-ends-in-food-processing-cosmetic-and-pharmaceutical-industry\/#primaryimage"},"image":{"@id":"https:\/\/nhkmachineryparts.com\/product\/ptfe-and-brass-lined-stainless-rod-ends-in-food-processing-cosmetic-and-pharmaceutical-industry\/#primaryimage"},"thumbnailUrl":"https:\/\/nhkmachineryparts.com\/wp-content\/uploads\/2023\/12\/PTFE-and-brass-lined-stainless-rod-ends.jpg","datePublished":"2023-12-30T04:42:14+00:00","dateModified":"2026-02-23T11:49:56+00:00","description":"PTFE ve pirin\u00e7 kaplamal\u0131 paslanmaz \u00e7ubuk u\u00e7lar\u0131, benzersiz \u00f6zellikleri ve kat\u0131 gerekliliklere uygunluklar\u0131 g\u00f6z \u00f6n\u00fcne al\u0131nd\u0131\u011f\u0131nda son derece avantajl\u0131d\u0131r","breadcrumb":{"@id":"https:\/\/nhkmachineryparts.com\/product\/ptfe-and-brass-lined-stainless-rod-ends-in-food-processing-cosmetic-and-pharmaceutical-industry\/#breadcrumb"},"inLanguage":"tr","potentialAction":[{"@type":"ReadAction","target":["https:\/\/nhkmachineryparts.com\/product\/ptfe-and-brass-lined-stainless-rod-ends-in-food-processing-cosmetic-and-pharmaceutical-industry\/"]}]},{"@type":"ImageObject","inLanguage":"tr","@id":"https:\/\/nhkmachineryparts.com\/product\/ptfe-and-brass-lined-stainless-rod-ends-in-food-processing-cosmetic-and-pharmaceutical-industry\/#primaryimage","url":"https:\/\/nhkmachineryparts.com\/wp-content\/uploads\/2023\/12\/PTFE-and-brass-lined-stainless-rod-ends.jpg","contentUrl":"https:\/\/nhkmachineryparts.com\/wp-content\/uploads\/2023\/12\/PTFE-and-brass-lined-stainless-rod-ends.jpg","width":1000,"height":1000,"caption":"PTFE and brass lined stainless rod ends"},{"@type":"BreadcrumbList","@id":"https:\/\/nhkmachineryparts.com\/product\/ptfe-and-brass-lined-stainless-rod-ends-in-food-processing-cosmetic-and-pharmaceutical-industry\/#breadcrumb","itemListElement":[{"@type":"ListItem","position":1,"name":"Home","item":"https:\/\/nhkmachineryparts.com\/"},{"@type":"ListItem","position":2,"name":"Product line","item":"https:\/\/nhkmachineryparts.com\/product-line\/"},{"@type":"ListItem","position":3,"name":"Hygienic machinery components in stainless steel","item":"https:\/\/nhkmachineryparts.com\/product-line\/hygienic-machinery-components-in-stainless-steel\/"},{"@type":"ListItem","position":4,"name":"PTFE and brass lined stainless rod ends"}]},{"@type":"WebSite","@id":"https:\/\/nhkmachineryparts.com\/#website","url":"https:\/\/nhkmachineryparts.com\/","name":"NHK Makine Par\u00e7alar\u0131","description":"Rulman Yataklar\u0131, sismik tesviye ayaklar\u0131 ve tesviye tekerlekleri","publisher":{"@id":"https:\/\/nhkmachineryparts.com\/#organization"},"potentialAction":[{"@type":"SearchAction","target":{"@type":"EntryPoint","urlTemplate":"https:\/\/nhkmachineryparts.com\/?s={search_term_string}"},"query-input":{"@type":"PropertyValueSpecification","valueRequired":true,"valueName":"search_term_string"}}],"inLanguage":"tr"},{"@type":"Organization","@id":"https:\/\/nhkmachineryparts.com\/#organization","name":"NHK Grup ApS","url":"https:\/\/nhkmachineryparts.com\/","logo":{"@type":"ImageObject","inLanguage":"tr","@id":"https:\/\/nhkmachineryparts.com\/#\/schema\/logo\/image\/","url":"https:\/\/nhkmachineryparts.com\/wp-content\/uploads\/2022\/09\/NHKgroup_social.jpg","contentUrl":"https:\/\/nhkmachineryparts.com\/wp-content\/uploads\/2022\/09\/NHKgroup_social.jpg","width":1200,"height":630,"caption":"Nhk Group ApS"},"image":{"@id":"https:\/\/nhkmachineryparts.com\/#\/schema\/logo\/image\/"},"sameAs":["https:\/\/www.facebook.com\/NHK.Group.aps"]}]}},"_links":{"self":[{"href":"https:\/\/nhkmachineryparts.com\/tr\/wp-json\/wp\/v2\/product\/7884","targetHints":{"allow":["GET"]}}],"collection":[{"href":"https:\/\/nhkmachineryparts.com\/tr\/wp-json\/wp\/v2\/product"}],"about":[{"href":"https:\/\/nhkmachineryparts.com\/tr\/wp-json\/wp\/v2\/types\/product"}],"wp:featuredmedia":[{"embeddable":true,"href":"https:\/\/nhkmachineryparts.com\/tr\/wp-json\/wp\/v2\/media\/8740"}],"wp:attachment":[{"href":"https:\/\/nhkmachineryparts.com\/tr\/wp-json\/wp\/v2\/media?parent=7884"}],"wp:term":[{"taxonomy":"product_brand","embeddable":true,"href":"https:\/\/nhkmachineryparts.com\/tr\/wp-json\/wp\/v2\/product_brand?post=7884"},{"taxonomy":"product_cat","embeddable":true,"href":"https:\/\/nhkmachineryparts.com\/tr\/wp-json\/wp\/v2\/product_cat?post=7884"},{"taxonomy":"product_tag","embeddable":true,"href":"https:\/\/nhkmachineryparts.com\/tr\/wp-json\/wp\/v2\/product_tag?post=7884"}],"curies":[{"name":"wp","href":"https:\/\/api.w.org\/{rel}","templated":true}]}}