{"id":7881,"date":"2023-12-30T06:18:29","date_gmt":"2023-12-30T04:18:29","guid":{"rendered":"https:\/\/nhkmachineryparts.com\/?post_type=product&#038;p=7881"},"modified":"2026-02-23T13:50:14","modified_gmt":"2026-02-23T11:50:14","slug":"paslanmaz-disli-cubuklar","status":"publish","type":"product","link":"https:\/\/nhkmachineryparts.com\/tr\/product\/stainless-threaded-rods\/","title":{"rendered":"Paslanmaz di\u015fli \u00e7ubuklar"},"content":{"rendered":"<section class=\"vc_row liquid-row-shadowbox-69d4a7ec11033\"><div class=\"ld-container container\"><div class=\"row ld-row ld-row-outer\"><div class=\"wpb_column vc_column_container vc_col-sm-12 liquid-column-69d4a7ec11197\"><div class=\"vc_column-inner\" ><div class=\"wpb_wrapper\"  >\n\t<div class=\"wpb_text_column wpb_content_element\" >\n\t\t<div class=\"wpb_wrapper\">\n\t\t\t<h2>Paslanmaz di\u015fli \u00e7ubuklar<\/h2>\n<p>G\u0131da i\u015fleme, kozmetik ve farmas\u00f6tik alanlarda paslanmaz \u00e7elik di\u015fli \u00e7ubuklar\u0131n kullan\u0131lmas\u0131 <a href=\"https:\/\/nhkmachineryparts.com\/tr\/our-industries\/\" data-internallinksmanager029f6b8e52c=\"4\" title=\"End\u00fcstrilerimiz\">end\u00fcstriler<\/a> esas olarak malzemenin benzersiz \u00f6zelliklerinden dolay\u0131 bir\u00e7ok \u00f6nemli avantaj sunar. Bu end\u00fcstriler s\u0131k\u0131 hijyen ve temizlik standartlar\u0131na sahiptir ve paslanmaz \u00e7elik bu gereksinimleri kar\u015f\u0131lamaya \u00e7ok uygundur.<\/p>\n<h2>Paslanmaz di\u015fli \u00e7ubuklar\u0131n sipari\u015f edilmesi<\/h2>\n<p>ML Kalan konu say\u0131s\u0131 (Mxx)<br \/>\nMR Konular\u0131 sa\u011fa (Myy)<br \/>\nL uzunlu\u011fu (Lzzz)<br \/>\nKalan uzunluk (LLpp)<br \/>\nSa\u011f uzunluk (LRqq)<\/p>\n<p>MLxx-MRyy-Lzzz-LLpp-LRqq<\/p>\n<p>T\u00fcm di\u015fli \u00e7ubuklar sipari\u015f \u00fczerine yap\u0131l\u0131r<\/p>\n<div class=\"w-full text-token-text-primary\" data-testid=\"conversation-turn-5\">\n<div class=\"px-4 py-2 justify-center text-base md:gap-6 m-auto\">\n<div class=\"flex flex-1 text-base mx-auto gap-3 md:px-5 lg:px-1 xl:px-5 md:max-w-3xl lg:max-w-&#091;40rem&#093; xl:max-w-&#091;48rem&#093; group\">\n<div class=\"relative flex w-full flex-col lg:w-&#091;calc(100%-115px)&#093; agent-turn\">\n<div class=\"flex-col gap-1 md:gap-3\">\n<div class=\"flex flex-grow flex-col max-w-full\">\n<div class=\"min-h-&#091;20px&#093; text-message flex flex-col items-start gap-3 whitespace-pre-wrap break-words &#091;.text-message+&amp;&#093;:mt-5 overflow-x-auto\" data-message-author-role=\"assistant\" data-message-id=\"b46fca2a-a107-4010-9eb4-652334cecc58\">\n<div class=\"markdown prose w-full break-words dark:prose-invert light\">\n<h2>Paslanmaz \u00e7elik di\u015fli \u00e7ubuklar\u0131n g\u0131da i\u015fleme, kozmetik ve ila\u00e7 end\u00fcstrilerinde nas\u0131l faydal\u0131 oldu\u011fu a\u015fa\u011f\u0131da a\u00e7\u0131klanm\u0131\u015ft\u0131r:<\/h2>\n<ol>\n<li><strong>Korozyon Direnci<\/strong>: Paslanmaz \u00e7elik, malzemenin \u00e7e\u015fitli kimyasallara, temizlik maddelerine veya a\u015f\u0131r\u0131 pH seviyelerine maruz kalabilece\u011fi ortamlarda \u00e7ok \u00f6nemli olan korozyona kar\u015f\u0131 olduk\u00e7a dayan\u0131kl\u0131d\u0131r. Bu, ekipman\u0131n s\u0131kl\u0131kla y\u0131kanmas\u0131 ve sterilize edilmesi gereken g\u0131da i\u015fleme ve ila\u00e7 end\u00fcstrilerinde \u00f6zellikle \u00f6nemlidir.<\/li>\n<li><strong>Reaktif Olmayan Y\u00fczey<\/strong>: Paslanmaz \u00e7elik reaktif de\u011fildir, yani g\u0131dalar, ila\u00e7lar veya kozmetiklerle kimyasal reaksiyona girmez. Bu, i\u015flenen \u00fcr\u00fcnlerde herhangi bir kirlenmenin olmamas\u0131n\u0131 sa\u011flar; bu, \u00fcr\u00fcn\u00fcn safl\u0131\u011f\u0131n\u0131 ve g\u00fcvenli\u011fini korumak i\u00e7in gereklidir.<\/li>\n<li><strong>Temizlemesi ve Sanitize Edilmesi Kolay<\/strong>: Paslanmaz \u00e7eli\u011fin p\u00fcr\u00fczs\u00fcz y\u00fczeyi, bu end\u00fcstrilerde kritik bir gereklilik olan temizli\u011fi ve sanitasyonu kolayla\u015ft\u0131r\u0131r. Bu temizleme kolayl\u0131\u011f\u0131, farmas\u00f6tik, kozmetik ve g\u0131da \u00fcr\u00fcnlerinin \u00fcretimi i\u00e7in gerekli olan steril ortam\u0131n korunmas\u0131na yard\u0131mc\u0131 olur.<\/li>\n<li><strong>Dayan\u0131kl\u0131l\u0131k ve G\u00fc\u00e7<\/strong>: Paslanmaz \u00e7elik di\u015fli \u00e7ubuklar g\u00fc\u00e7l\u00fc ve dayan\u0131kl\u0131d\u0131r, end\u00fcstriyel ortamlardaki g\u00fcnl\u00fck kullan\u0131m\u0131n zorluklar\u0131na dayanabilir. Bu, a\u011f\u0131r ekipman ve yap\u0131lar\u0131 ar\u0131za veya kirlenme riski olmadan destekleyebilecekleri anlam\u0131na gelir.<\/li>\n<li><strong>S\u0131cakl\u0131k Dayan\u0131m\u0131<\/strong>: Paslanmaz \u00e7elik y\u00fcksek s\u0131cakl\u0131klara dayanabilir, bu da g\u0131da ve ila\u00e7 end\u00fcstrilerinde pi\u015firme veya sterilizasyon gibi \u0131s\u0131 i\u00e7eren i\u015flemlerde avantajl\u0131d\u0131r.<\/li>\n<li><strong>Estetik cazibe<\/strong>: Paslanmaz \u00e7elik, i\u015flevsel faydalar\u0131n\u0131n yan\u0131 s\u0131ra temiz ve profesyonel bir g\u00f6r\u00fcn\u00fcme de sahiptir; bu, m\u00fc\u015fteriler veya d\u00fczenleyici kurumlar i\u00e7in g\u00f6r\u00fcn\u00fcrl\u00fc\u011f\u00fcn bir fakt\u00f6r oldu\u011fu tesislerde s\u0131kl\u0131kla arzu edilir.<\/li>\n<li><strong>Uzun \u00d6m\u00fcr ve Uygun Maliyet<\/strong>: Paslanmaz \u00e7eli\u011fin ilk maliyeti di\u011fer malzemelere g\u00f6re daha y\u00fcksek olsa da dayan\u0131kl\u0131l\u0131\u011f\u0131 ve bak\u0131m gereksinimlerinin d\u00fc\u015f\u00fck olmas\u0131, onu uzun vadede uygun maliyetli bir se\u00e7im haline getiriyor.<\/li>\n<li><strong>Y\u00f6netmeliklere Uyum<\/strong>: Paslanmaz \u00e7elik genellikle g\u0131da i\u015fleme, ila\u00e7 ve kozmetik end\u00fcstrilerinde gerekli olan kat\u0131 d\u00fczenleyici standartlar\u0131 kar\u015f\u0131layarak uyumluluk sa\u011flar ve denetimler ve sertifikalarla ilgili sorunlar\u0131 ortadan kald\u0131r\u0131r.<\/li>\n<\/ol>\n<h2>G\u0131da i\u015fleme, kozmetik ve ila\u00e7 end\u00fcstrisi<\/h2>\n<p>\u00d6zetle, bu end\u00fcstrilerde paslanmaz \u00e7elik di\u015fli \u00e7ubuklar\u0131n kullan\u0131m\u0131, malzemenin korozyon direnci, reaksiyona girmemesi, temizleme kolayl\u0131\u011f\u0131, mukavemeti, s\u0131cakl\u0131k direnci ve end\u00fcstri standartlar\u0131yla uyumlulu\u011fu taraf\u0131ndan y\u00f6nlendirilir; bunlar\u0131n t\u00fcm\u00fc y\u00fcksek d\u00fczeyde korozyon direncini korumak i\u00e7in \u00e7ok \u00f6nemlidir. Hijyen, g\u00fcvenlik ve verimlilik.<\/p>\n<\/div>\n<\/div>\n<\/div>\n<\/div>\n<\/div>\n<\/div>\n<\/div>\n<\/div>\n\n\t\t<\/div>\n\t<\/div>\n<\/div><\/div><\/div><\/div><\/div><\/section>","protected":false},"excerpt":{"rendered":"Stainless threaded rods Using stainless steel threaded rods in the food processing, cosmetic, and pharmaceutical industries offers several significant benefits, mainly due to the material's unique properties. These industries have stringent hygiene and cleanliness standards, and stainless steel is well-suited to meet these requirements. Ordering stainless threaded rods ML Threads left (Mxx) MR Threads right [...]","protected":false},"featured_media":8910,"template":"","meta":[],"product_brand":[],"product_cat":[64],"product_tag":[],"class_list":{"0":"post-7881","1":"product","2":"type-product","3":"status-publish","4":"has-post-thumbnail","6":"product_cat-hygienic-machinery-components-in-stainless-steel","8":"first","9":"instock","10":"shipping-taxable","11":"product-type-simple"},"yoast_head":"<!-- This site is optimized with the Yoast SEO plugin v27.3 - https:\/\/yoast.com\/product\/yoast-seo-wordpress\/ -->\n<title>Stainless threaded rods | NHK Machinery Parts<\/title>\n<meta name=\"description\" content=\"Stainless steel threaded rods in food processing, cosmetic and pharmaceutical industry, easy to clean, minimizing risk of contamination in food processing\" \/>\n<meta name=\"robots\" content=\"index, follow, max-snippet:-1, max-image-preview:large, max-video-preview:-1\" \/>\n<link rel=\"canonical\" href=\"https:\/\/nhkmachineryparts.com\/tr\/urun\/paslanmaz-disli-cubuklar\/\" \/>\n<meta property=\"og:locale\" content=\"tr_TR\" \/>\n<meta property=\"og:type\" content=\"article\" \/>\n<meta property=\"og:title\" content=\"Stainless threaded rods | NHK Machinery Parts\" \/>\n<meta property=\"og:description\" content=\"Stainless steel threaded rods in food processing, cosmetic and pharmaceutical industry, easy to clean, minimizing risk of contamination in food processing\" \/>\n<meta property=\"og:url\" content=\"https:\/\/nhkmachineryparts.com\/tr\/urun\/paslanmaz-disli-cubuklar\/\" \/>\n<meta property=\"og:site_name\" content=\"NHK Machinery Parts\" \/>\n<meta property=\"article:publisher\" content=\"https:\/\/www.facebook.com\/NHK.Group.aps\" \/>\n<meta property=\"article:modified_time\" content=\"2026-02-23T11:50:14+00:00\" \/>\n<meta property=\"og:image\" content=\"https:\/\/nhkmachineryparts.com\/wp-content\/uploads\/2023\/12\/Stainless-threaded-rod-in-food-processing-cosmetic-and-pharmaceutical-industry-.jpg\" \/>\n\t<meta property=\"og:image:width\" content=\"1000\" \/>\n\t<meta property=\"og:image:height\" content=\"1000\" \/>\n\t<meta property=\"og:image:type\" content=\"image\/jpeg\" \/>\n<meta name=\"twitter:card\" content=\"summary_large_image\" \/>\n<meta name=\"twitter:label1\" content=\"Tahmini okuma s\u00fcresi\" \/>\n\t<meta name=\"twitter:data1\" content=\"3 dakika\" \/>\n<script type=\"application\/ld+json\" class=\"yoast-schema-graph\">{\"@context\":\"https:\\\/\\\/schema.org\",\"@graph\":[{\"@type\":\"WebPage\",\"@id\":\"https:\\\/\\\/nhkmachineryparts.com\\\/product\\\/stainless-threaded-rods\\\/\",\"url\":\"https:\\\/\\\/nhkmachineryparts.com\\\/product\\\/stainless-threaded-rods\\\/\",\"name\":\"Stainless threaded rods | NHK Machinery Parts\",\"isPartOf\":{\"@id\":\"https:\\\/\\\/nhkmachineryparts.com\\\/#website\"},\"primaryImageOfPage\":{\"@id\":\"https:\\\/\\\/nhkmachineryparts.com\\\/product\\\/stainless-threaded-rods\\\/#primaryimage\"},\"image\":{\"@id\":\"https:\\\/\\\/nhkmachineryparts.com\\\/product\\\/stainless-threaded-rods\\\/#primaryimage\"},\"thumbnailUrl\":\"https:\\\/\\\/nhkmachineryparts.com\\\/wp-content\\\/uploads\\\/2023\\\/12\\\/Stainless-threaded-rod-in-food-processing-cosmetic-and-pharmaceutical-industry-.jpg\",\"datePublished\":\"2023-12-30T04:18:29+00:00\",\"dateModified\":\"2026-02-23T11:50:14+00:00\",\"description\":\"Stainless steel threaded rods in food processing, cosmetic and pharmaceutical industry, easy to clean, minimizing risk of contamination in food processing\",\"breadcrumb\":{\"@id\":\"https:\\\/\\\/nhkmachineryparts.com\\\/product\\\/stainless-threaded-rods\\\/#breadcrumb\"},\"inLanguage\":\"tr\",\"potentialAction\":[{\"@type\":\"ReadAction\",\"target\":[\"https:\\\/\\\/nhkmachineryparts.com\\\/product\\\/stainless-threaded-rods\\\/\"]}]},{\"@type\":\"ImageObject\",\"inLanguage\":\"tr\",\"@id\":\"https:\\\/\\\/nhkmachineryparts.com\\\/product\\\/stainless-threaded-rods\\\/#primaryimage\",\"url\":\"https:\\\/\\\/nhkmachineryparts.com\\\/wp-content\\\/uploads\\\/2023\\\/12\\\/Stainless-threaded-rod-in-food-processing-cosmetic-and-pharmaceutical-industry-.jpg\",\"contentUrl\":\"https:\\\/\\\/nhkmachineryparts.com\\\/wp-content\\\/uploads\\\/2023\\\/12\\\/Stainless-threaded-rod-in-food-processing-cosmetic-and-pharmaceutical-industry-.jpg\",\"width\":1000,\"height\":1000,\"caption\":\"Stainless threaded rod in food processing, cosmetic and pharmaceutical industry\"},{\"@type\":\"BreadcrumbList\",\"@id\":\"https:\\\/\\\/nhkmachineryparts.com\\\/product\\\/stainless-threaded-rods\\\/#breadcrumb\",\"itemListElement\":[{\"@type\":\"ListItem\",\"position\":1,\"name\":\"Home\",\"item\":\"https:\\\/\\\/nhkmachineryparts.com\\\/\"},{\"@type\":\"ListItem\",\"position\":2,\"name\":\"Product line\",\"item\":\"https:\\\/\\\/nhkmachineryparts.com\\\/product-line\\\/\"},{\"@type\":\"ListItem\",\"position\":3,\"name\":\"Hygienic machinery components in stainless steel\",\"item\":\"https:\\\/\\\/nhkmachineryparts.com\\\/product-line\\\/hygienic-machinery-components-in-stainless-steel\\\/\"},{\"@type\":\"ListItem\",\"position\":4,\"name\":\"Stainless threaded rods\"}]},{\"@type\":\"WebSite\",\"@id\":\"https:\\\/\\\/nhkmachineryparts.com\\\/#website\",\"url\":\"https:\\\/\\\/nhkmachineryparts.com\\\/\",\"name\":\"NHK Machinery Parts\",\"description\":\"Bearing Houses, seismic levelling feet and levelling castors\",\"publisher\":{\"@id\":\"https:\\\/\\\/nhkmachineryparts.com\\\/#organization\"},\"potentialAction\":[{\"@type\":\"SearchAction\",\"target\":{\"@type\":\"EntryPoint\",\"urlTemplate\":\"https:\\\/\\\/nhkmachineryparts.com\\\/?s={search_term_string}\"},\"query-input\":{\"@type\":\"PropertyValueSpecification\",\"valueRequired\":true,\"valueName\":\"search_term_string\"}}],\"inLanguage\":\"tr\"},{\"@type\":\"Organization\",\"@id\":\"https:\\\/\\\/nhkmachineryparts.com\\\/#organization\",\"name\":\"Nhk Group ApS\",\"url\":\"https:\\\/\\\/nhkmachineryparts.com\\\/\",\"logo\":{\"@type\":\"ImageObject\",\"inLanguage\":\"tr\",\"@id\":\"https:\\\/\\\/nhkmachineryparts.com\\\/#\\\/schema\\\/logo\\\/image\\\/\",\"url\":\"https:\\\/\\\/nhkmachineryparts.com\\\/wp-content\\\/uploads\\\/2022\\\/09\\\/NHKgroup_social.jpg\",\"contentUrl\":\"https:\\\/\\\/nhkmachineryparts.com\\\/wp-content\\\/uploads\\\/2022\\\/09\\\/NHKgroup_social.jpg\",\"width\":1200,\"height\":630,\"caption\":\"Nhk Group ApS\"},\"image\":{\"@id\":\"https:\\\/\\\/nhkmachineryparts.com\\\/#\\\/schema\\\/logo\\\/image\\\/\"},\"sameAs\":[\"https:\\\/\\\/www.facebook.com\\\/NHK.Group.aps\"]}]}<\/script>\n<!-- \/ Yoast SEO plugin. -->","yoast_head_json":{"title":"Paslanmaz di\u015fli \u00e7ubuklar | NHK Makine Par\u00e7alar\u0131","description":"G\u0131da i\u015fleme, kozmetik ve ila\u00e7 end\u00fcstrisinde kullan\u0131lan paslanmaz \u00e7elik di\u015fli \u00e7ubuklar, temizlenmesi kolayd\u0131r, g\u0131da i\u015flemede kontaminasyon riskini en aza indirir","robots":{"index":"index","follow":"follow","max-snippet":"max-snippet:-1","max-image-preview":"max-image-preview:large","max-video-preview":"max-video-preview:-1"},"canonical":"https:\/\/nhkmachineryparts.com\/tr\/urun\/paslanmaz-disli-cubuklar\/","og_locale":"tr_TR","og_type":"article","og_title":"Stainless threaded rods | NHK Machinery Parts","og_description":"Stainless steel threaded rods in food processing, cosmetic and pharmaceutical industry, easy to clean, minimizing risk of contamination in food processing","og_url":"https:\/\/nhkmachineryparts.com\/tr\/urun\/paslanmaz-disli-cubuklar\/","og_site_name":"NHK Machinery Parts","article_publisher":"https:\/\/www.facebook.com\/NHK.Group.aps","article_modified_time":"2026-02-23T11:50:14+00:00","og_image":[{"width":1000,"height":1000,"url":"https:\/\/nhkmachineryparts.com\/wp-content\/uploads\/2023\/12\/Stainless-threaded-rod-in-food-processing-cosmetic-and-pharmaceutical-industry-.jpg","type":"image\/jpeg"}],"twitter_card":"summary_large_image","twitter_misc":{"Tahmini okuma s\u00fcresi":"3 dakika"},"schema":{"@context":"https:\/\/schema.org","@graph":[{"@type":"WebPage","@id":"https:\/\/nhkmachineryparts.com\/product\/stainless-threaded-rods\/","url":"https:\/\/nhkmachineryparts.com\/product\/stainless-threaded-rods\/","name":"Paslanmaz di\u015fli \u00e7ubuklar | NHK Makine Par\u00e7alar\u0131","isPartOf":{"@id":"https:\/\/nhkmachineryparts.com\/#website"},"primaryImageOfPage":{"@id":"https:\/\/nhkmachineryparts.com\/product\/stainless-threaded-rods\/#primaryimage"},"image":{"@id":"https:\/\/nhkmachineryparts.com\/product\/stainless-threaded-rods\/#primaryimage"},"thumbnailUrl":"https:\/\/nhkmachineryparts.com\/wp-content\/uploads\/2023\/12\/Stainless-threaded-rod-in-food-processing-cosmetic-and-pharmaceutical-industry-.jpg","datePublished":"2023-12-30T04:18:29+00:00","dateModified":"2026-02-23T11:50:14+00:00","description":"G\u0131da i\u015fleme, kozmetik ve ila\u00e7 end\u00fcstrisinde kullan\u0131lan paslanmaz \u00e7elik di\u015fli \u00e7ubuklar, temizlenmesi kolayd\u0131r, g\u0131da i\u015flemede kontaminasyon riskini en aza indirir","breadcrumb":{"@id":"https:\/\/nhkmachineryparts.com\/product\/stainless-threaded-rods\/#breadcrumb"},"inLanguage":"tr","potentialAction":[{"@type":"ReadAction","target":["https:\/\/nhkmachineryparts.com\/product\/stainless-threaded-rods\/"]}]},{"@type":"ImageObject","inLanguage":"tr","@id":"https:\/\/nhkmachineryparts.com\/product\/stainless-threaded-rods\/#primaryimage","url":"https:\/\/nhkmachineryparts.com\/wp-content\/uploads\/2023\/12\/Stainless-threaded-rod-in-food-processing-cosmetic-and-pharmaceutical-industry-.jpg","contentUrl":"https:\/\/nhkmachineryparts.com\/wp-content\/uploads\/2023\/12\/Stainless-threaded-rod-in-food-processing-cosmetic-and-pharmaceutical-industry-.jpg","width":1000,"height":1000,"caption":"Stainless threaded rod in food processing, cosmetic and pharmaceutical industry"},{"@type":"BreadcrumbList","@id":"https:\/\/nhkmachineryparts.com\/product\/stainless-threaded-rods\/#breadcrumb","itemListElement":[{"@type":"ListItem","position":1,"name":"Home","item":"https:\/\/nhkmachineryparts.com\/"},{"@type":"ListItem","position":2,"name":"Product line","item":"https:\/\/nhkmachineryparts.com\/product-line\/"},{"@type":"ListItem","position":3,"name":"Hygienic machinery components in stainless steel","item":"https:\/\/nhkmachineryparts.com\/product-line\/hygienic-machinery-components-in-stainless-steel\/"},{"@type":"ListItem","position":4,"name":"Stainless threaded rods"}]},{"@type":"WebSite","@id":"https:\/\/nhkmachineryparts.com\/#website","url":"https:\/\/nhkmachineryparts.com\/","name":"NHK Makine Par\u00e7alar\u0131","description":"Rulman Yataklar\u0131, sismik tesviye ayaklar\u0131 ve tesviye tekerlekleri","publisher":{"@id":"https:\/\/nhkmachineryparts.com\/#organization"},"potentialAction":[{"@type":"SearchAction","target":{"@type":"EntryPoint","urlTemplate":"https:\/\/nhkmachineryparts.com\/?s={search_term_string}"},"query-input":{"@type":"PropertyValueSpecification","valueRequired":true,"valueName":"search_term_string"}}],"inLanguage":"tr"},{"@type":"Organization","@id":"https:\/\/nhkmachineryparts.com\/#organization","name":"NHK Grup ApS","url":"https:\/\/nhkmachineryparts.com\/","logo":{"@type":"ImageObject","inLanguage":"tr","@id":"https:\/\/nhkmachineryparts.com\/#\/schema\/logo\/image\/","url":"https:\/\/nhkmachineryparts.com\/wp-content\/uploads\/2022\/09\/NHKgroup_social.jpg","contentUrl":"https:\/\/nhkmachineryparts.com\/wp-content\/uploads\/2022\/09\/NHKgroup_social.jpg","width":1200,"height":630,"caption":"Nhk Group ApS"},"image":{"@id":"https:\/\/nhkmachineryparts.com\/#\/schema\/logo\/image\/"},"sameAs":["https:\/\/www.facebook.com\/NHK.Group.aps"]}]}},"_links":{"self":[{"href":"https:\/\/nhkmachineryparts.com\/tr\/wp-json\/wp\/v2\/product\/7881","targetHints":{"allow":["GET"]}}],"collection":[{"href":"https:\/\/nhkmachineryparts.com\/tr\/wp-json\/wp\/v2\/product"}],"about":[{"href":"https:\/\/nhkmachineryparts.com\/tr\/wp-json\/wp\/v2\/types\/product"}],"wp:featuredmedia":[{"embeddable":true,"href":"https:\/\/nhkmachineryparts.com\/tr\/wp-json\/wp\/v2\/media\/8910"}],"wp:attachment":[{"href":"https:\/\/nhkmachineryparts.com\/tr\/wp-json\/wp\/v2\/media?parent=7881"}],"wp:term":[{"taxonomy":"product_brand","embeddable":true,"href":"https:\/\/nhkmachineryparts.com\/tr\/wp-json\/wp\/v2\/product_brand?post=7881"},{"taxonomy":"product_cat","embeddable":true,"href":"https:\/\/nhkmachineryparts.com\/tr\/wp-json\/wp\/v2\/product_cat?post=7881"},{"taxonomy":"product_tag","embeddable":true,"href":"https:\/\/nhkmachineryparts.com\/tr\/wp-json\/wp\/v2\/product_tag?post=7881"}],"curies":[{"name":"wp","href":"https:\/\/api.w.org\/{rel}","templated":true}]}}