{"id":5875,"date":"2023-07-31T14:31:23","date_gmt":"2023-07-31T12:31:23","guid":{"rendered":"https:\/\/nhkmachineryparts.com\/?post_type=product&#038;p=5875"},"modified":"2026-02-23T13:52:14","modified_gmt":"2026-02-23T11:52:14","slug":"hijyenik-doner-yan-kilavuz-paslanmaz-celikten-braket","status":"publish","type":"product","link":"https:\/\/nhkmachineryparts.com\/tr\/product\/hygienic-swivel-side-guide-bracket-in-stainless-steel\/","title":{"rendered":"Paslanmaz \u00e7elikten hijyenik d\u00f6ner yan k\u0131lavuz braketi"},"content":{"rendered":"<section class=\"vc_row liquid-row-shadowbox-69d4a77d403af\"><div class=\"ld-container container\"><div class=\"row ld-row ld-row-outer\"><div class=\"wpb_column vc_column_container vc_col-sm-12 liquid-column-69d4a77d40557\"><div class=\"vc_column-inner\" ><div class=\"wpb_wrapper\"  >\n\t<div class=\"wpb_text_column wpb_content_element\" >\n\t\t<div class=\"wpb_wrapper\">\n\t\t\t<h2>304 paslanmaz \u00e7elikten (Aisi 1.4301) hijyenik d\u00f6ner yan k\u0131lavuz braketi<\/h2>\n<p>AISI 304 (Aisi 1.4301) paslanmaz \u00e7elikten somun, delikli c\u0131vata ve pullu HSG-SW yan k\u0131lavuz braketi.<\/p>\n<h2>Hijyenik paslanmaz \u00e7elik tasar\u0131ml\u0131 hijyenik d\u00f6ner yan k\u0131lavuz<\/h2>\n<p>T\u00fcm d\u00f6ner hijyenik yan k\u0131lavuzlar ve HSG-SW, gereksiz \u00e7\u0131k\u0131nt\u0131lar, flan\u015flar, girintiler veya montaj delikleri i\u00e7ermeyen p\u00fcr\u00fczs\u00fcz bir y\u00fczeyle tasarlanm\u0131\u015f olup, gizli kirlenme kaynaklar\u0131n\u0131n riskini en aza indirir. P\u00fcr\u00fczs\u00fcz y\u00fczey temizli\u011fi kolayla\u015ft\u0131r\u0131r ve gizli kirlenme riskini en aza indirir.<\/p>\n<h2>Paslanmaz \u00e7elik d\u00f6ner yan k\u0131lavuz braketleri<\/h2>\n<p>D\u00f6ner yan k\u0131lavuz serimiz a\u015fa\u011f\u0131dakiler i\u00e7in tasarlanm\u0131\u015ft\u0131r: <a href=\"https:\/\/nhkmachineryparts.com\/tr\/our-industries\/\" data-internallinksmanager029f6b8e52c=\"4\" title=\"End\u00fcstrilerimiz\">end\u00fcstriler<\/a> Malzeme direnci ve kolay temizlenebilir bir tasar\u0131m konusunda s\u00fcrekli olarak daha a\u011f\u0131r taleplerin oldu\u011fu yerlerde. End\u00fcstriler: T\u0131bbi ekipman, G\u0131da ve ila\u00e7 i\u015fleme ekipmanlar\u0131, Paketleme makineleri, 3A tasar\u0131ml\u0131 et ve k\u00fcmes hayvan\u0131 i\u015fleme ekipmanlar\u0131, S\u00fct i\u015fleme makineleri.<\/p>\n<h2>Paslanmaz \u00e7elikten hijyenik d\u00f6ner yan k\u0131lavuz braketinin mevcut tipleri<\/h2>\n<p>AISI 304 (Aisi 1.4301) paslanmaz \u00e7elikten somun, delikli c\u0131vata ve pullu HSG-SW yan k\u0131lavuz braketi.<\/p>\n<ul data-start=\"2361\" data-end=\"2400\">\n<li data-start=\"2361\" data-end=\"2381\">\n<p data-start=\"2363\" data-end=\"2381\"><strong data-start=\"2363\" data-end=\"2379\">HSG155-60 SW<\/strong><\/p>\n<\/li>\n<li data-start=\"2382\" data-end=\"2400\">\n<p data-start=\"2384\" data-end=\"2400\"><strong data-start=\"2384\" data-end=\"2400\">HSG178-83 SW<\/strong><\/p>\n<\/li>\n<li><strong data-start=\"2384\" data-end=\"2400\">HSG228-97 SW<\/strong><\/li>\n<\/ul>\n<h2>\u00d6nemli bile\u015fenler<\/h2>\n<div class=\"flex-1 overflow-hidden\">\n<div class=\"react-scroll-to-bottom--css-zuvue-79elbk h-full\">\n<div class=\"react-scroll-to-bottom--css-zuvue-1n7m0yu\">\n<div class=\"flex flex-col text-sm pb-9\">\n<div class=\"w-full text-token-text-primary\" dir=\"auto\" data-testid=\"conversation-turn-3\">\n<div class=\"px-4 py-2 justify-center text-base md:gap-6 m-auto\">\n<div class=\"flex flex-1 text-base mx-auto gap-3 juice:gap-4 juice:md:gap-6 md:px-5 lg:px-1 xl:px-5 md:max-w-3xl lg:max-w-&#091;40rem&#093; xl:max-w-&#091;48rem&#093;\">\n<div class=\"relative flex w-full min-w-0 flex-col agent-turn\">\n<div class=\"flex-col gap-1 md:gap-3\">\n<div class=\"flex flex-grow flex-col max-w-full\">\n<div class=\"min-h-&#091;20px&#093; text-message flex flex-col items-start gap-3 whitespace-pre-wrap break-words &#091;.text-message+&amp;&#093;:mt-5 overflow-x-auto\" dir=\"auto\" data-message-author-role=\"assistant\" data-message-id=\"4a371a24-96b4-47d4-9826-8b99be2b030a\">\n<div class=\"markdown prose w-full break-words dark:prose-invert light\">\n<p>Yan k\u0131lavuzlar, \u00f6zellikle malzeme direncine yo\u011fun talep ve kolay temizlenebilir tasar\u0131mlara ihtiya\u00e7 duyulan \u00e7e\u015fitli end\u00fcstrilerde \u00f6nemli bile\u015fenlerdir. Bahsetti\u011finiz sekt\u00f6rlere g\u00f6re yan k\u0131lavuzlar\u0131n nas\u0131l uyarland\u0131\u011f\u0131 a\u015fa\u011f\u0131da a\u00e7\u0131klanm\u0131\u015ft\u0131r:<\/p>\n<h2>T\u0131bbi malzeme<\/h2>\n<p>Bu sekt\u00f6rde yan k\u0131lavuzlar, korozyona u\u011framadan veya bakteri bar\u0131nd\u0131rmadan s\u0131k s\u0131k temizli\u011fe ve sert dezenfektanlara maruz kalmaya dayanacak \u015fekilde tasarlanm\u0131\u015ft\u0131r. Ayr\u0131ca t\u0131bbi ortamlardaki tipik steril ortamlarla da uyumlu olmalar\u0131 gerekir.<\/p>\n<h2>G\u0131da ve \u0130la\u00e7 \u0130\u015fleme Ekipmanlar\u0131<\/h2>\n<p>Bu sekt\u00f6rler i\u00e7in yan k\u0131lavuzlar\u0131n i\u015flenen g\u0131da veya ila\u00e7larla reaksiyona girmeyen malzemelerden yap\u0131lmas\u0131 gerekmektedir. Ayr\u0131ca \u00e7apraz bula\u015fmay\u0131 \u00f6nlemek ve sa\u011fl\u0131k ve g\u00fcvenlik standartlar\u0131na uygunlu\u011fu sa\u011flamak i\u00e7in kapsaml\u0131 temizlik s\u00fcre\u00e7lerini desteklemeleri gerekir.<\/p>\n<h2>Paketleme Makineleri<\/h2>\n<p>Burada yan k\u0131lavuzlar\u0131n dayan\u0131kl\u0131 olmas\u0131 ve s\u00fcrekli kullan\u0131mda sorunsuz \u00e7al\u0131\u015fabilmesi gerekmektedir. Paketleme hatt\u0131n\u0131n b\u00fct\u00fcnl\u00fc\u011f\u00fcn\u00fc korurken \u00e7e\u015fitli ambalaj boyutlar\u0131n\u0131 ve malzemelerini verimli bir \u015fekilde ta\u015f\u0131yacak \u015fekilde tasarlanmal\u0131d\u0131rlar.<\/p>\n<h2>3A Tasar\u0131m-Et ve K\u00fcmes Hayvanlar\u0131 \u0130\u015fleme Ekipmanlar\u0131<\/h2>\n<p>\u00d6zellikle et ve k\u00fcmes hayvan\u0131 eti i\u015flemede yan k\u0131lavuzlar\u0131n, temizlenmesi kolay, p\u00fcr\u00fczs\u00fcz, emici olmayan y\u00fczeyleri vurgulayan 3A hijyen standartlar\u0131n\u0131 kar\u015f\u0131lamas\u0131 gerekir. Bu, \u00e7i\u011f et ve k\u00fcmes hayvanlar\u0131n\u0131n i\u015flenmesinde kritik \u00f6neme sahip bakteri \u00fcremesini ve kirlenmeyi \u00f6nler.<\/p>\n<h2>S\u00fct \u0130\u015fleme Makineleri<\/h2>\n<p>Et ve k\u00fcmes hayvan\u0131 i\u015flemeye benzer \u015fekilde s\u00fct \u00fcr\u00fcnleri i\u015fleme de s\u0131k\u0131 hijyen gerekliliklerini kar\u015f\u0131layan yan k\u0131lavuzlar gerektirir. Ekipman, s\u00fct \u00fcr\u00fcnleri kal\u0131nt\u0131lar\u0131n\u0131n birikmesine dayan\u0131kl\u0131 olmal\u0131 ve \u00fcr\u00fcn kalitesini ve g\u00fcvenli\u011fini korumak i\u00e7in sterilize edilmesi kolay olmal\u0131d\u0131r.<\/p>\n<h2>Malzeme se\u00e7imi<\/h2>\n<p>T\u00fcm bu uygulamalarda, yan k\u0131lavuzlar i\u00e7in malzeme se\u00e7imi (paslanmaz \u00e7elik veya belirli polimerler gibi) ve bunlar\u0131n tasar\u0131m\u0131 (yuvarlat\u0131lm\u0131\u015f k\u00f6\u015feler ve minimum yar\u0131klar gibi), kirlenme risklerini en aza indirmeye ve dayan\u0131kl\u0131l\u0131k ve temizli\u011fi en \u00fcst d\u00fczeye \u00e7\u0131karmaya y\u00f6neliktir.<\/p>\n<\/div>\n<\/div>\n<\/div>\n<\/div>\n<\/div>\n<\/div>\n<\/div>\n<\/div>\n<\/div>\n<\/div>\n<\/div>\n<\/div>\n\n\t\t<\/div>\n\t<\/div>\n<\/div><\/div><\/div><\/div><\/div><\/section>","protected":false},"excerpt":{"rendered":"Hygienic swivel side guide bracket in stainless steel 304 (Aisi 1.4301) HSG-SW side guide bracket with nut, eyebolt and washer in stainless steel AISI 304 (Aisi 1.4301). Hygienic swivel side guide in hygienic stainless steel design All the swivel hygienic side guide and HSG-SW are designed with a smooth surface without any unnecessary ribs, flanges, [...]","protected":false},"featured_media":8587,"template":"","meta":[],"product_brand":[],"product_cat":[64],"product_tag":[],"class_list":{"0":"post-5875","1":"product","2":"type-product","3":"status-publish","4":"has-post-thumbnail","6":"product_cat-hygienic-machinery-components-in-stainless-steel","8":"first","9":"instock","10":"shipping-taxable","11":"product-type-simple"},"yoast_head":"<!-- This site is optimized with the Yoast SEO plugin v27.3 - https:\/\/yoast.com\/product\/yoast-seo-wordpress\/ -->\n<title>Hygienic swivel side guide bracket in stainless steel | NHK Machinery Parts<\/title>\n<meta name=\"description\" content=\"Swivel hygienic side guide are designed with a smooth surface without any unnecessary ribs, flanges, recesses or mounting holes, minimizing contamination.\" \/>\n<meta name=\"robots\" content=\"index, follow, max-snippet:-1, max-image-preview:large, max-video-preview:-1\" \/>\n<link rel=\"canonical\" href=\"https:\/\/nhkmachineryparts.com\/tr\/urun\/hijyenik-doner-yan-kilavuz-paslanmaz-celikten-braket\/\" \/>\n<meta property=\"og:locale\" content=\"tr_TR\" \/>\n<meta property=\"og:type\" content=\"article\" \/>\n<meta property=\"og:title\" content=\"Hygienic swivel side guide bracket in stainless steel | NHK Machinery Parts\" \/>\n<meta property=\"og:description\" content=\"Swivel hygienic side guide are designed with a smooth surface without any unnecessary ribs, flanges, recesses or mounting holes, minimizing contamination.\" \/>\n<meta property=\"og:url\" content=\"https:\/\/nhkmachineryparts.com\/tr\/urun\/hijyenik-doner-yan-kilavuz-paslanmaz-celikten-braket\/\" \/>\n<meta property=\"og:site_name\" content=\"NHK Machinery Parts\" \/>\n<meta property=\"article:publisher\" content=\"https:\/\/www.facebook.com\/NHK.Group.aps\" \/>\n<meta property=\"article:modified_time\" content=\"2026-02-23T11:52:14+00:00\" \/>\n<meta property=\"og:image\" content=\"https:\/\/nhkmachineryparts.com\/wp-content\/uploads\/2023\/07\/Hygienic-swivel-side-guide-bracket-in-stainless-steel-304.jpg\" \/>\n\t<meta property=\"og:image:width\" content=\"1000\" \/>\n\t<meta property=\"og:image:height\" content=\"1000\" \/>\n\t<meta property=\"og:image:type\" content=\"image\/jpeg\" \/>\n<meta name=\"twitter:card\" content=\"summary_large_image\" \/>\n<meta name=\"twitter:label1\" content=\"Tahmini okuma s\u00fcresi\" \/>\n\t<meta name=\"twitter:data1\" content=\"3 dakika\" \/>\n<script type=\"application\/ld+json\" class=\"yoast-schema-graph\">{\"@context\":\"https:\\\/\\\/schema.org\",\"@graph\":[{\"@type\":\"WebPage\",\"@id\":\"https:\\\/\\\/nhkmachineryparts.com\\\/product\\\/hygienic-swivel-side-guide-bracket-in-stainless-steel\\\/\",\"url\":\"https:\\\/\\\/nhkmachineryparts.com\\\/product\\\/hygienic-swivel-side-guide-bracket-in-stainless-steel\\\/\",\"name\":\"Hygienic swivel side guide bracket in stainless steel | NHK Machinery Parts\",\"isPartOf\":{\"@id\":\"https:\\\/\\\/nhkmachineryparts.com\\\/#website\"},\"primaryImageOfPage\":{\"@id\":\"https:\\\/\\\/nhkmachineryparts.com\\\/product\\\/hygienic-swivel-side-guide-bracket-in-stainless-steel\\\/#primaryimage\"},\"image\":{\"@id\":\"https:\\\/\\\/nhkmachineryparts.com\\\/product\\\/hygienic-swivel-side-guide-bracket-in-stainless-steel\\\/#primaryimage\"},\"thumbnailUrl\":\"https:\\\/\\\/nhkmachineryparts.com\\\/wp-content\\\/uploads\\\/2023\\\/07\\\/Hygienic-swivel-side-guide-bracket-in-stainless-steel-304.jpg\",\"datePublished\":\"2023-07-31T12:31:23+00:00\",\"dateModified\":\"2026-02-23T11:52:14+00:00\",\"description\":\"Swivel hygienic side guide are designed with a smooth surface without any unnecessary ribs, flanges, recesses or mounting holes, minimizing contamination.\",\"breadcrumb\":{\"@id\":\"https:\\\/\\\/nhkmachineryparts.com\\\/product\\\/hygienic-swivel-side-guide-bracket-in-stainless-steel\\\/#breadcrumb\"},\"inLanguage\":\"tr\",\"potentialAction\":[{\"@type\":\"ReadAction\",\"target\":[\"https:\\\/\\\/nhkmachineryparts.com\\\/product\\\/hygienic-swivel-side-guide-bracket-in-stainless-steel\\\/\"]}]},{\"@type\":\"ImageObject\",\"inLanguage\":\"tr\",\"@id\":\"https:\\\/\\\/nhkmachineryparts.com\\\/product\\\/hygienic-swivel-side-guide-bracket-in-stainless-steel\\\/#primaryimage\",\"url\":\"https:\\\/\\\/nhkmachineryparts.com\\\/wp-content\\\/uploads\\\/2023\\\/07\\\/Hygienic-swivel-side-guide-bracket-in-stainless-steel-304.jpg\",\"contentUrl\":\"https:\\\/\\\/nhkmachineryparts.com\\\/wp-content\\\/uploads\\\/2023\\\/07\\\/Hygienic-swivel-side-guide-bracket-in-stainless-steel-304.jpg\",\"width\":1000,\"height\":1000,\"caption\":\"Hygienic swivel side guide bracket in stainless steel 304\"},{\"@type\":\"BreadcrumbList\",\"@id\":\"https:\\\/\\\/nhkmachineryparts.com\\\/product\\\/hygienic-swivel-side-guide-bracket-in-stainless-steel\\\/#breadcrumb\",\"itemListElement\":[{\"@type\":\"ListItem\",\"position\":1,\"name\":\"Home\",\"item\":\"https:\\\/\\\/nhkmachineryparts.com\\\/\"},{\"@type\":\"ListItem\",\"position\":2,\"name\":\"Product line\",\"item\":\"https:\\\/\\\/nhkmachineryparts.com\\\/product-line\\\/\"},{\"@type\":\"ListItem\",\"position\":3,\"name\":\"Hygienic machinery components in stainless steel\",\"item\":\"https:\\\/\\\/nhkmachineryparts.com\\\/product-line\\\/hygienic-machinery-components-in-stainless-steel\\\/\"},{\"@type\":\"ListItem\",\"position\":4,\"name\":\"Hygienic swivel side guide bracket in stainless steel\"}]},{\"@type\":\"WebSite\",\"@id\":\"https:\\\/\\\/nhkmachineryparts.com\\\/#website\",\"url\":\"https:\\\/\\\/nhkmachineryparts.com\\\/\",\"name\":\"NHK Machinery Parts\",\"description\":\"Bearing Houses, seismic levelling feet and levelling castors\",\"publisher\":{\"@id\":\"https:\\\/\\\/nhkmachineryparts.com\\\/#organization\"},\"potentialAction\":[{\"@type\":\"SearchAction\",\"target\":{\"@type\":\"EntryPoint\",\"urlTemplate\":\"https:\\\/\\\/nhkmachineryparts.com\\\/?s={search_term_string}\"},\"query-input\":{\"@type\":\"PropertyValueSpecification\",\"valueRequired\":true,\"valueName\":\"search_term_string\"}}],\"inLanguage\":\"tr\"},{\"@type\":\"Organization\",\"@id\":\"https:\\\/\\\/nhkmachineryparts.com\\\/#organization\",\"name\":\"Nhk Group ApS\",\"url\":\"https:\\\/\\\/nhkmachineryparts.com\\\/\",\"logo\":{\"@type\":\"ImageObject\",\"inLanguage\":\"tr\",\"@id\":\"https:\\\/\\\/nhkmachineryparts.com\\\/#\\\/schema\\\/logo\\\/image\\\/\",\"url\":\"https:\\\/\\\/nhkmachineryparts.com\\\/wp-content\\\/uploads\\\/2022\\\/09\\\/NHKgroup_social.jpg\",\"contentUrl\":\"https:\\\/\\\/nhkmachineryparts.com\\\/wp-content\\\/uploads\\\/2022\\\/09\\\/NHKgroup_social.jpg\",\"width\":1200,\"height\":630,\"caption\":\"Nhk Group ApS\"},\"image\":{\"@id\":\"https:\\\/\\\/nhkmachineryparts.com\\\/#\\\/schema\\\/logo\\\/image\\\/\"},\"sameAs\":[\"https:\\\/\\\/www.facebook.com\\\/NHK.Group.aps\"]}]}<\/script>\n<!-- \/ Yoast SEO plugin. -->","yoast_head_json":{"title":"Paslanmaz \u00e7elikten hijyenik d\u00f6ner yan k\u0131lavuz braketi | NHK Makine Par\u00e7alar\u0131","description":"D\u00f6ner hijyenik yan k\u0131lavuz, gereksiz \u00e7\u0131k\u0131nt\u0131lar, flan\u015flar, girintiler veya montaj delikleri i\u00e7ermeyen, kirlenmeyi en aza indiren p\u00fcr\u00fczs\u00fcz bir y\u00fczeyle tasarlanm\u0131\u015ft\u0131r.","robots":{"index":"index","follow":"follow","max-snippet":"max-snippet:-1","max-image-preview":"max-image-preview:large","max-video-preview":"max-video-preview:-1"},"canonical":"https:\/\/nhkmachineryparts.com\/tr\/urun\/hijyenik-doner-yan-kilavuz-paslanmaz-celikten-braket\/","og_locale":"tr_TR","og_type":"article","og_title":"Hygienic swivel side guide bracket in stainless steel | NHK Machinery Parts","og_description":"Swivel hygienic side guide are designed with a smooth surface without any unnecessary ribs, flanges, recesses or mounting holes, minimizing contamination.","og_url":"https:\/\/nhkmachineryparts.com\/tr\/urun\/hijyenik-doner-yan-kilavuz-paslanmaz-celikten-braket\/","og_site_name":"NHK Machinery Parts","article_publisher":"https:\/\/www.facebook.com\/NHK.Group.aps","article_modified_time":"2026-02-23T11:52:14+00:00","og_image":[{"width":1000,"height":1000,"url":"https:\/\/nhkmachineryparts.com\/wp-content\/uploads\/2023\/07\/Hygienic-swivel-side-guide-bracket-in-stainless-steel-304.jpg","type":"image\/jpeg"}],"twitter_card":"summary_large_image","twitter_misc":{"Tahmini okuma s\u00fcresi":"3 dakika"},"schema":{"@context":"https:\/\/schema.org","@graph":[{"@type":"WebPage","@id":"https:\/\/nhkmachineryparts.com\/product\/hygienic-swivel-side-guide-bracket-in-stainless-steel\/","url":"https:\/\/nhkmachineryparts.com\/product\/hygienic-swivel-side-guide-bracket-in-stainless-steel\/","name":"Paslanmaz \u00e7elikten hijyenik d\u00f6ner yan k\u0131lavuz braketi | NHK Makine Par\u00e7alar\u0131","isPartOf":{"@id":"https:\/\/nhkmachineryparts.com\/#website"},"primaryImageOfPage":{"@id":"https:\/\/nhkmachineryparts.com\/product\/hygienic-swivel-side-guide-bracket-in-stainless-steel\/#primaryimage"},"image":{"@id":"https:\/\/nhkmachineryparts.com\/product\/hygienic-swivel-side-guide-bracket-in-stainless-steel\/#primaryimage"},"thumbnailUrl":"https:\/\/nhkmachineryparts.com\/wp-content\/uploads\/2023\/07\/Hygienic-swivel-side-guide-bracket-in-stainless-steel-304.jpg","datePublished":"2023-07-31T12:31:23+00:00","dateModified":"2026-02-23T11:52:14+00:00","description":"D\u00f6ner hijyenik yan k\u0131lavuz, gereksiz \u00e7\u0131k\u0131nt\u0131lar, flan\u015flar, girintiler veya montaj delikleri i\u00e7ermeyen, kirlenmeyi en aza indiren p\u00fcr\u00fczs\u00fcz bir y\u00fczeyle tasarlanm\u0131\u015ft\u0131r.","breadcrumb":{"@id":"https:\/\/nhkmachineryparts.com\/product\/hygienic-swivel-side-guide-bracket-in-stainless-steel\/#breadcrumb"},"inLanguage":"tr","potentialAction":[{"@type":"ReadAction","target":["https:\/\/nhkmachineryparts.com\/product\/hygienic-swivel-side-guide-bracket-in-stainless-steel\/"]}]},{"@type":"ImageObject","inLanguage":"tr","@id":"https:\/\/nhkmachineryparts.com\/product\/hygienic-swivel-side-guide-bracket-in-stainless-steel\/#primaryimage","url":"https:\/\/nhkmachineryparts.com\/wp-content\/uploads\/2023\/07\/Hygienic-swivel-side-guide-bracket-in-stainless-steel-304.jpg","contentUrl":"https:\/\/nhkmachineryparts.com\/wp-content\/uploads\/2023\/07\/Hygienic-swivel-side-guide-bracket-in-stainless-steel-304.jpg","width":1000,"height":1000,"caption":"Hygienic swivel side guide bracket in stainless steel 304"},{"@type":"BreadcrumbList","@id":"https:\/\/nhkmachineryparts.com\/product\/hygienic-swivel-side-guide-bracket-in-stainless-steel\/#breadcrumb","itemListElement":[{"@type":"ListItem","position":1,"name":"Home","item":"https:\/\/nhkmachineryparts.com\/"},{"@type":"ListItem","position":2,"name":"Product line","item":"https:\/\/nhkmachineryparts.com\/product-line\/"},{"@type":"ListItem","position":3,"name":"Hygienic machinery components in stainless steel","item":"https:\/\/nhkmachineryparts.com\/product-line\/hygienic-machinery-components-in-stainless-steel\/"},{"@type":"ListItem","position":4,"name":"Hygienic swivel side guide bracket in stainless steel"}]},{"@type":"WebSite","@id":"https:\/\/nhkmachineryparts.com\/#website","url":"https:\/\/nhkmachineryparts.com\/","name":"NHK Makine Par\u00e7alar\u0131","description":"Rulman Yataklar\u0131, sismik tesviye ayaklar\u0131 ve tesviye tekerlekleri","publisher":{"@id":"https:\/\/nhkmachineryparts.com\/#organization"},"potentialAction":[{"@type":"SearchAction","target":{"@type":"EntryPoint","urlTemplate":"https:\/\/nhkmachineryparts.com\/?s={search_term_string}"},"query-input":{"@type":"PropertyValueSpecification","valueRequired":true,"valueName":"search_term_string"}}],"inLanguage":"tr"},{"@type":"Organization","@id":"https:\/\/nhkmachineryparts.com\/#organization","name":"NHK Grup ApS","url":"https:\/\/nhkmachineryparts.com\/","logo":{"@type":"ImageObject","inLanguage":"tr","@id":"https:\/\/nhkmachineryparts.com\/#\/schema\/logo\/image\/","url":"https:\/\/nhkmachineryparts.com\/wp-content\/uploads\/2022\/09\/NHKgroup_social.jpg","contentUrl":"https:\/\/nhkmachineryparts.com\/wp-content\/uploads\/2022\/09\/NHKgroup_social.jpg","width":1200,"height":630,"caption":"Nhk Group ApS"},"image":{"@id":"https:\/\/nhkmachineryparts.com\/#\/schema\/logo\/image\/"},"sameAs":["https:\/\/www.facebook.com\/NHK.Group.aps"]}]}},"_links":{"self":[{"href":"https:\/\/nhkmachineryparts.com\/tr\/wp-json\/wp\/v2\/product\/5875","targetHints":{"allow":["GET"]}}],"collection":[{"href":"https:\/\/nhkmachineryparts.com\/tr\/wp-json\/wp\/v2\/product"}],"about":[{"href":"https:\/\/nhkmachineryparts.com\/tr\/wp-json\/wp\/v2\/types\/product"}],"wp:featuredmedia":[{"embeddable":true,"href":"https:\/\/nhkmachineryparts.com\/tr\/wp-json\/wp\/v2\/media\/8587"}],"wp:attachment":[{"href":"https:\/\/nhkmachineryparts.com\/tr\/wp-json\/wp\/v2\/media?parent=5875"}],"wp:term":[{"taxonomy":"product_brand","embeddable":true,"href":"https:\/\/nhkmachineryparts.com\/tr\/wp-json\/wp\/v2\/product_brand?post=5875"},{"taxonomy":"product_cat","embeddable":true,"href":"https:\/\/nhkmachineryparts.com\/tr\/wp-json\/wp\/v2\/product_cat?post=5875"},{"taxonomy":"product_tag","embeddable":true,"href":"https:\/\/nhkmachineryparts.com\/tr\/wp-json\/wp\/v2\/product_tag?post=5875"}],"curies":[{"name":"wp","href":"https:\/\/api.w.org\/{rel}","templated":true}]}}