{"id":5795,"date":"2023-07-28T13:59:32","date_gmt":"2023-07-28T11:59:32","guid":{"rendered":"https:\/\/nhkmachineryparts.com\/?post_type=product&#038;p=5795"},"modified":"2026-03-14T21:09:43","modified_gmt":"2026-03-14T19:09:43","slug":"paslanmaz-celikten-hijyenik-kulp","status":"publish","type":"product","link":"https:\/\/nhkmachineryparts.com\/tr\/product\/hygienic-handle-in-stainless-steel\/","title":{"rendered":"Paslanmaz \u00e7elikten hijyenik sap"},"content":{"rendered":"<section class=\"vc_row liquid-row-shadowbox-69d4bf8cd4dd9\"><div class=\"ld-container container\"><div class=\"row ld-row ld-row-outer\"><div class=\"wpb_column vc_column_container vc_col-sm-12 liquid-column-69d4bf8cd4fe4\"><div class=\"vc_column-inner\" ><div class=\"wpb_wrapper\"  >\n\t<div class=\"wpb_text_column wpb_content_element\" >\n\t\t<div class=\"wpb_wrapper\">\n\t\t\t<h2 class=\"product_title entry-title\">Paslanmaz \u00e7elikten hijyenik sap<\/h2>\n<p>Bu aksesuarlar, s\u0131k\u0131 hijyen gerekliliklerine uymas\u0131 gereken ekipmanlar i\u00e7in en uygun se\u00e7imdir.<\/p>\n<p>Maksimum 0,8 \u00b5m Ra p\u00fcr\u00fczl\u00fcl\u00fc\u011fe sahip, kendi kendini bo\u015faltan y\u00fczeyler.<\/p>\n<h2 class=\"product_title entry-title\">Hijyenik muhafaza kolu boyutlar\u0131<\/h2>\n<p>LC M6-CC88 Kolu<\/p>\n<p>LC M6-CC100 Kolu<\/p>\n<p>LC M6-CC120 Kolu<\/p>\n<p>Handle LC M6-CC160<\/p>\n<p>LC M6-CC180 Kolu<\/p>\n<p>Handle LC M6-CC200<\/p>\n<p><a href=\"https:\/\/nhkmachineryparts.com\/tr\/urun-hatti\/paslanmaz-celik-tasarimli-hijyenik-konveyor-parcalari\/\">Paslanmaz \u00e7elikten di\u011fer hijyenik par\u00e7alar<\/a><\/p>\n<h2><strong>Paslanmaz \u00c7elikten Hijyenik Kulplar<\/strong><\/h2>\n<h3><strong>Modern End\u00fcstriler \u0130\u00e7in Hijyenik Bir \u00c7\u00f6z\u00fcm<\/strong><\/h3>\n<p>\u0130\u00e7inde <a href=\"https:\/\/nhkmachineryparts.com\/tr\/our-industries\/\" data-internallinksmanager029f6b8e52c=\"4\" title=\"End\u00fcstrilerimiz\">end\u00fcstriler<\/a> g\u0131da i\u015fleme, ila\u00e7 ve sa\u011fl\u0131k hizmetleri gibi en y\u00fcksek hijyen standartlar\u0131n\u0131 korumak iste\u011fe ba\u011fl\u0131 de\u011fil zorunludur. Ekipman ve bile\u015fenler, \u00fcr\u00fcn g\u00fcvenli\u011fini ve kalitesini sa\u011flamak i\u00e7in s\u0131k\u0131 sanitasyon gerekliliklerini kar\u015f\u0131lamal\u0131d\u0131r. Bu bile\u015fenler aras\u0131nda, <strong>paslanmaz \u00e7elik hijyenik kulplar<\/strong> kritik bir unsur olarak \u00f6ne \u00e7\u0131kar. Hijyen, dayan\u0131kl\u0131l\u0131k ve g\u00fcvenlik i\u00e7in tasarlanan bu kulplar, temizli\u011fin en \u00f6nemli oldu\u011fu uygulamalarda olmazsa olmazd\u0131r.<\/p>\n<hr \/>\n<h2><strong>Hijyenik Kulplar Nelerdir?<\/strong><\/h2>\n<p>Hijyenik kulplar, hassas end\u00fcstrilerin hijyen gereksinimlerini kar\u015f\u0131lamak \u00fczere tasarlanm\u0131\u015f \u00f6zel bile\u015fenlerdir. Genellikle korozyon direnci, kolay temizlenebilir y\u00fczeyi ve dayan\u0131kl\u0131l\u0131\u011f\u0131 nedeniyle de\u011fer verilen bir malzeme olan paslanmaz \u00e7elikten \u00fcretilirler. Bu kulplar genellikle kirleticilerin birikmesini en aza indirmek i\u00e7in p\u00fcr\u00fczs\u00fcz, cilal\u0131 y\u00fczeylere sahiptir ve bu da onlar\u0131 s\u0131k\u0131 temizlik gerektiren ortamlar i\u00e7in ideal hale getirir.<\/p>\n<hr \/>\n<h2><strong>Paslanmaz \u00c7elik S\u0131hhi Tesisat Kulplar\u0131n\u0131n Temel \u00d6zellikleri<\/strong><\/h2>\n<h3><strong>1. Y\u00fcksek Korozyon Direnci<\/strong><\/h3>\n<p>Paslanmaz \u00e7elik, korozyona kar\u015f\u0131 olduk\u00e7a dayan\u0131kl\u0131d\u0131r ve bu da onu neme, kimyasallara ve temizlik maddelerine maruz kalman\u0131n yayg\u0131n oldu\u011fu ortamlar i\u00e7in uygun hale getirir. Bu dayan\u0131kl\u0131l\u0131k, uzun bir hizmet \u00f6mr\u00fc sa\u011flar ve paslanmadan kaynaklanan kirlenme riskini azalt\u0131r.<\/p>\n<h3><strong>2. Hijyenik Tasar\u0131m<\/strong><\/h3>\n<p>Hijyenik kulplar, kir, bakteri veya di\u011fer kirleticilerin \u00e7atlaklara yerle\u015fmesini \u00f6nlemek i\u00e7in yuvarlat\u0131lm\u0131\u015f kenarlar ve cilal\u0131 y\u00fczeylerle tasarlanm\u0131\u015ft\u0131r. Baz\u0131 modeller a\u015fa\u011f\u0131daki gibi standartlara uygundur: <a href=\"https:\/\/nhkmachineryparts.com\/tr\/3a-ve-ehedg-arasindaki-fark-nedir\/\" data-internallinksmanager029f6b8e52c=\"2\" title=\"EHEDG Sertifikal\u0131 Makine Par\u00e7alar\u0131\">EHEDG<\/a> ve 3-A Hijyen Standartlar\u0131&#039;na uygun olarak en \u00fcst d\u00fczeyde temizlik sa\u011flamalar\u0131n\u0131 garanti ediyoruz.<\/p>\n<h3><strong>3. G\u00fc\u00e7 ve Dayan\u0131kl\u0131l\u0131k<\/strong><\/h3>\n<p>Paslanmaz \u00e7elik kulplar sa\u011flamd\u0131r ve zorlu end\u00fcstriyel ortamlarda g\u00fcnl\u00fck kullan\u0131m\u0131n zorluklar\u0131na dayanabilir. Dayan\u0131kl\u0131l\u0131klar\u0131 a\u015f\u0131nma ve y\u0131pranmay\u0131 en aza indirerek s\u0131k s\u0131k de\u011fi\u015ftirme ihtiyac\u0131n\u0131 azalt\u0131r.<\/p>\n<h3><strong>4. Kolay Bak\u0131m<\/strong><\/h3>\n<p>Paslanmaz \u00e7eli\u011fin p\u00fcr\u00fczs\u00fcz y\u00fczeyi, hassas end\u00fcstrilerde \u00e7apraz bula\u015fmay\u0131 \u00f6nlemek i\u00e7in olmazsa olmaz bir \u00f6zellik olan temizli\u011fi ve dezenfeksiyonu kolayla\u015ft\u0131r\u0131r.<\/p>\n<hr \/>\n<h2><strong>Hijyenik Paslanmaz \u00c7elik Kulplar\u0131n Uygulamalar\u0131<\/strong><\/h2>\n<h3><strong>1. G\u0131da ve \u0130\u00e7ecek \u0130\u015fleme<\/strong><\/h3>\n<p>Hijyenik kulplar, mikserler, dilimleyiciler ve paketleme makineleri gibi ekipmanlar dahil olmak \u00fczere g\u0131da \u00fcretim tesislerinde yayg\u0131n olarak kullan\u0131l\u0131r. Hijyenik \u00f6zellikleri, g\u0131da g\u00fcvenli\u011fini ve d\u00fczenleyici standartlara uyumu korumaya yard\u0131mc\u0131 olur.<\/p>\n<h3><strong>2. \u0130la\u00e7 ve Biyoteknoloji<\/strong><\/h3>\n<p>Laboratuvarlarda ve \u00fcretim tesislerinde, ink\u00fcbat\u00f6rler, temiz oda mobilyalar\u0131 ve depolama \u00fcniteleri gibi ekipmanlar i\u00e7in paslanmaz \u00e7elik kulplar olmazsa olmazd\u0131r. Sterilizasyona dayan\u0131kl\u0131 olmalar\u0131, kat\u0131 farmas\u00f6tik y\u00f6nergelere uyulmas\u0131n\u0131 sa\u011flar.<\/p>\n<h3><strong>3. Sa\u011fl\u0131k ve T\u0131bbi Cihazlar<\/strong><\/h3>\n<p>Hastaneler ve t\u0131bbi ekipman \u00fcreticileri hasta g\u00fcvenli\u011fini art\u0131rmak ve temizlik prosed\u00fcrlerini basitle\u015ftirmek i\u00e7in hijyenik kulplara g\u00fcvenir. Bu kulplar cerrahi aletlerde, arabalarda ve te\u015fhis cihazlar\u0131nda kullan\u0131l\u0131r.<\/p>\n<h3><strong>4. Kimya ve Kozmetik End\u00fcstrileri<\/strong><\/h3>\n<p>Kimyasallar\u0131n veya ki\u015fisel bak\u0131m \u00fcr\u00fcnlerinin i\u015flendi\u011fi ortamlarda paslanmaz \u00e7elik kulplar, temiz ve profesyonel bir g\u00f6r\u00fcn\u00fcm sa\u011flarken sert maddelere kar\u015f\u0131 dayan\u0131kl\u0131l\u0131k sa\u011flar.<\/p>\n<hr \/>\n<h2><strong>Neden Hijyenik Kulplarda Paslanmaz \u00c7elik Tercih Edilmelidir?<\/strong><\/h2>\n<h3><strong>1. Hijyen Standartlar\u0131na Uygunluk<\/strong><\/h3>\n<p>FDA, EHEDG ve 3-A gibi d\u00fczenleyici kurulu\u015flar, g\u0131da ve ila\u00e7 gibi end\u00fcstrilerde s\u0131k\u0131 hijyen standartlar\u0131 uygular. Bu gereklilikleri kar\u015f\u0131layan paslanmaz \u00e7elik kulplar g\u00f6n\u00fcl rahatl\u0131\u011f\u0131 sa\u011flar ve uyumluluk sorunlar\u0131ndan ka\u00e7\u0131nmaya yard\u0131mc\u0131 olur.<\/p>\n<h3><strong>2. \u00c7evresel S\u00fcrd\u00fcr\u00fclebilirlik<\/strong><\/h3>\n<p>Paslanmaz \u00e7elik 100% geri d\u00f6n\u00fc\u015ft\u00fcr\u00fclebilirdir ve bu da onu \u00e7evre dostu bir se\u00e7im haline getirir. Uzun kullan\u0131m \u00f6mr\u00fc, at\u0131klar\u0131 azaltarak s\u00fcrd\u00fcr\u00fclebilirli\u011fe daha da katk\u0131da bulunur.<\/p>\n<h3><strong>3. Estetik G\u00f6r\u00fcn\u00fcm<\/strong><\/h3>\n<p>Paslanmaz \u00e7elik hijyenik kulplar, i\u015flevselli\u011fin \u00f6tesinde, modern end\u00fcstriyel ve sa\u011fl\u0131k ortamlar\u0131n\u0131 tamamlayan \u015f\u0131k ve profesyonel bir g\u00f6r\u00fcn\u00fcm sunar.<\/p>\n<hr \/>\n<h2><strong>Paslanmaz \u00c7elik Hijyenik Kulplarla Hijyeni Art\u0131r\u0131n<\/strong><\/h2>\n<p>Paslanmaz \u00e7elikten hijyenik kulplar sadece aksesuardan daha fazlas\u0131d\u0131r; bir\u00e7ok sekt\u00f6rde hijyen, g\u00fcvenlik ve verimlili\u011fin korunmas\u0131nda kritik bir bile\u015fendir. Ola\u011fan\u00fcst\u00fc dayan\u0131kl\u0131l\u0131klar\u0131, hijyen standartlar\u0131na uygunluklar\u0131 ve kolay bak\u0131mlar\u0131 ile bu kulplar kalite ve g\u00fcvenilirli\u011fe bir yat\u0131r\u0131md\u0131r.<\/p>\n<p>\u0130\u015fletmeler hijyenik paslanmaz \u00e7elik kulplar\u0131 se\u00e7erek, operasyonlar\u0131 i\u00e7in daha g\u00fcvenli ve temiz bir ortam sa\u011flarken end\u00fcstri d\u00fczenlemelerine uyduklar\u0131ndan emin olabilirler. \u0130ster g\u0131da i\u015fleme, ister ila\u00e7 veya sa\u011fl\u0131k hizmetleri i\u00e7in olsun, bu kulplar modern hijyenik tasar\u0131m\u0131n temel ta\u015f\u0131d\u0131r.<\/p>\n<hr \/>\n<p>Sa\u011flam ve hijyenik \u00e7\u00f6z\u00fcmler arayan end\u00fcstriler i\u00e7in paslanmaz \u00e7elik hijyenik kulplar e\u015fsiz performans ve g\u00fcvenilirlik sunar.<\/p>\n\n\t\t<\/div>\n\t<\/div>\n<\/div><\/div><\/div><\/div><\/div><\/section>","protected":false},"excerpt":{"rendered":"Hygienic handle in stainless steel This accessory are the optimal choice for equipment that must comply with strict hygiene requirements. Self-draining surfaces with a maximal roughness of 0.8 \u00b5m Ra. Hygienic enclosure handle sizes Handle LC M6-CC88 Handle LC M6-CC100 Handle LC M6-CC120 Handle LC M6-CC160 Handle LC M6-CC180 Handle LC M6-CC200 Other hygienic parts [...]","protected":false},"featured_media":8567,"template":"","meta":[],"product_brand":[],"product_cat":[64],"product_tag":[],"class_list":{"0":"post-5795","1":"product","2":"type-product","3":"status-publish","4":"has-post-thumbnail","6":"product_cat-hygienic-machinery-components-in-stainless-steel","8":"first","9":"instock","10":"shipping-taxable","11":"product-type-simple"},"yoast_head":"<!-- This site is optimized with the Yoast SEO plugin v27.3 - https:\/\/yoast.com\/product\/yoast-seo-wordpress\/ -->\n<title>Hygienic handle in stainless steel | NHK Machinery Parts<\/title>\n<meta name=\"description\" content=\"Benefits of sanitary handles in stainless steel for food, pharmaceutical, and hygienic applications. Enhance safety, hygiene and durability.\" \/>\n<meta name=\"robots\" content=\"index, follow, max-snippet:-1, max-image-preview:large, max-video-preview:-1\" \/>\n<link rel=\"canonical\" href=\"https:\/\/nhkmachineryparts.com\/tr\/urun\/paslanmaz-celikten-hijyenik-kulp\/\" \/>\n<meta property=\"og:locale\" content=\"tr_TR\" \/>\n<meta property=\"og:type\" content=\"article\" \/>\n<meta property=\"og:title\" content=\"Hygienic handle in stainless steel | NHK Machinery Parts\" \/>\n<meta property=\"og:description\" content=\"Benefits of sanitary handles in stainless steel for food, pharmaceutical, and hygienic applications. Enhance safety, hygiene and durability.\" \/>\n<meta property=\"og:url\" content=\"https:\/\/nhkmachineryparts.com\/tr\/urun\/paslanmaz-celikten-hijyenik-kulp\/\" \/>\n<meta property=\"og:site_name\" content=\"NHK Machinery Parts\" \/>\n<meta property=\"article:publisher\" content=\"https:\/\/www.facebook.com\/NHK.Group.aps\" \/>\n<meta property=\"article:modified_time\" content=\"2026-03-14T19:09:43+00:00\" \/>\n<meta property=\"og:image\" content=\"https:\/\/nhkmachineryparts.com\/wp-content\/uploads\/2023\/07\/Hygienic-handle-in-stainless-steel.jpg\" \/>\n\t<meta property=\"og:image:width\" content=\"1000\" \/>\n\t<meta property=\"og:image:height\" content=\"1000\" \/>\n\t<meta property=\"og:image:type\" content=\"image\/jpeg\" \/>\n<meta name=\"twitter:card\" content=\"summary_large_image\" \/>\n<meta name=\"twitter:label1\" content=\"Tahmini okuma s\u00fcresi\" \/>\n\t<meta name=\"twitter:data1\" content=\"4 dakika\" \/>\n<script type=\"application\/ld+json\" class=\"yoast-schema-graph\">{\"@context\":\"https:\\\/\\\/schema.org\",\"@graph\":[{\"@type\":\"WebPage\",\"@id\":\"https:\\\/\\\/nhkmachineryparts.com\\\/product\\\/hygienic-handle-in-stainless-steel\\\/\",\"url\":\"https:\\\/\\\/nhkmachineryparts.com\\\/product\\\/hygienic-handle-in-stainless-steel\\\/\",\"name\":\"Hygienic handle in stainless steel | NHK Machinery Parts\",\"isPartOf\":{\"@id\":\"https:\\\/\\\/nhkmachineryparts.com\\\/#website\"},\"primaryImageOfPage\":{\"@id\":\"https:\\\/\\\/nhkmachineryparts.com\\\/product\\\/hygienic-handle-in-stainless-steel\\\/#primaryimage\"},\"image\":{\"@id\":\"https:\\\/\\\/nhkmachineryparts.com\\\/product\\\/hygienic-handle-in-stainless-steel\\\/#primaryimage\"},\"thumbnailUrl\":\"https:\\\/\\\/nhkmachineryparts.com\\\/wp-content\\\/uploads\\\/2023\\\/07\\\/Hygienic-handle-in-stainless-steel.jpg\",\"datePublished\":\"2023-07-28T11:59:32+00:00\",\"dateModified\":\"2026-03-14T19:09:43+00:00\",\"description\":\"Benefits of sanitary handles in stainless steel for food, pharmaceutical, and hygienic applications. Enhance safety, hygiene and durability.\",\"breadcrumb\":{\"@id\":\"https:\\\/\\\/nhkmachineryparts.com\\\/product\\\/hygienic-handle-in-stainless-steel\\\/#breadcrumb\"},\"inLanguage\":\"tr\",\"potentialAction\":[{\"@type\":\"ReadAction\",\"target\":[\"https:\\\/\\\/nhkmachineryparts.com\\\/product\\\/hygienic-handle-in-stainless-steel\\\/\"]}]},{\"@type\":\"ImageObject\",\"inLanguage\":\"tr\",\"@id\":\"https:\\\/\\\/nhkmachineryparts.com\\\/product\\\/hygienic-handle-in-stainless-steel\\\/#primaryimage\",\"url\":\"https:\\\/\\\/nhkmachineryparts.com\\\/wp-content\\\/uploads\\\/2023\\\/07\\\/Hygienic-handle-in-stainless-steel.jpg\",\"contentUrl\":\"https:\\\/\\\/nhkmachineryparts.com\\\/wp-content\\\/uploads\\\/2023\\\/07\\\/Hygienic-handle-in-stainless-steel.jpg\",\"width\":1000,\"height\":1000,\"caption\":\"Hygienic handle in stainless steel\"},{\"@type\":\"BreadcrumbList\",\"@id\":\"https:\\\/\\\/nhkmachineryparts.com\\\/product\\\/hygienic-handle-in-stainless-steel\\\/#breadcrumb\",\"itemListElement\":[{\"@type\":\"ListItem\",\"position\":1,\"name\":\"Home\",\"item\":\"https:\\\/\\\/nhkmachineryparts.com\\\/\"},{\"@type\":\"ListItem\",\"position\":2,\"name\":\"Product line\",\"item\":\"https:\\\/\\\/nhkmachineryparts.com\\\/product-line\\\/\"},{\"@type\":\"ListItem\",\"position\":3,\"name\":\"Hygienic machinery components in stainless steel\",\"item\":\"https:\\\/\\\/nhkmachineryparts.com\\\/product-line\\\/hygienic-machinery-components-in-stainless-steel\\\/\"},{\"@type\":\"ListItem\",\"position\":4,\"name\":\"Hygienic handle in stainless steel\"}]},{\"@type\":\"WebSite\",\"@id\":\"https:\\\/\\\/nhkmachineryparts.com\\\/#website\",\"url\":\"https:\\\/\\\/nhkmachineryparts.com\\\/\",\"name\":\"NHK Machinery Parts\",\"description\":\"Bearing Houses, seismic levelling feet and levelling castors\",\"publisher\":{\"@id\":\"https:\\\/\\\/nhkmachineryparts.com\\\/#organization\"},\"potentialAction\":[{\"@type\":\"SearchAction\",\"target\":{\"@type\":\"EntryPoint\",\"urlTemplate\":\"https:\\\/\\\/nhkmachineryparts.com\\\/?s={search_term_string}\"},\"query-input\":{\"@type\":\"PropertyValueSpecification\",\"valueRequired\":true,\"valueName\":\"search_term_string\"}}],\"inLanguage\":\"tr\"},{\"@type\":\"Organization\",\"@id\":\"https:\\\/\\\/nhkmachineryparts.com\\\/#organization\",\"name\":\"Nhk Group ApS\",\"url\":\"https:\\\/\\\/nhkmachineryparts.com\\\/\",\"logo\":{\"@type\":\"ImageObject\",\"inLanguage\":\"tr\",\"@id\":\"https:\\\/\\\/nhkmachineryparts.com\\\/#\\\/schema\\\/logo\\\/image\\\/\",\"url\":\"https:\\\/\\\/nhkmachineryparts.com\\\/wp-content\\\/uploads\\\/2022\\\/09\\\/NHKgroup_social.jpg\",\"contentUrl\":\"https:\\\/\\\/nhkmachineryparts.com\\\/wp-content\\\/uploads\\\/2022\\\/09\\\/NHKgroup_social.jpg\",\"width\":1200,\"height\":630,\"caption\":\"Nhk Group ApS\"},\"image\":{\"@id\":\"https:\\\/\\\/nhkmachineryparts.com\\\/#\\\/schema\\\/logo\\\/image\\\/\"},\"sameAs\":[\"https:\\\/\\\/www.facebook.com\\\/NHK.Group.aps\"]}]}<\/script>\n<!-- \/ Yoast SEO plugin. -->","yoast_head_json":{"title":"Paslanmaz \u00e7elikten hijyenik sap | NHK Makine Par\u00e7alar\u0131","description":"G\u0131da, ila\u00e7 ve hijyenik uygulamalar i\u00e7in paslanmaz \u00e7elikten hijyenik kulplar\u0131n faydalar\u0131. G\u00fcvenli\u011fi, hijyeni ve dayan\u0131kl\u0131l\u0131\u011f\u0131 art\u0131r\u0131n.","robots":{"index":"index","follow":"follow","max-snippet":"max-snippet:-1","max-image-preview":"max-image-preview:large","max-video-preview":"max-video-preview:-1"},"canonical":"https:\/\/nhkmachineryparts.com\/tr\/urun\/paslanmaz-celikten-hijyenik-kulp\/","og_locale":"tr_TR","og_type":"article","og_title":"Hygienic handle in stainless steel | NHK Machinery Parts","og_description":"Benefits of sanitary handles in stainless steel for food, pharmaceutical, and hygienic applications. Enhance safety, hygiene and durability.","og_url":"https:\/\/nhkmachineryparts.com\/tr\/urun\/paslanmaz-celikten-hijyenik-kulp\/","og_site_name":"NHK Machinery Parts","article_publisher":"https:\/\/www.facebook.com\/NHK.Group.aps","article_modified_time":"2026-03-14T19:09:43+00:00","og_image":[{"width":1000,"height":1000,"url":"https:\/\/nhkmachineryparts.com\/wp-content\/uploads\/2023\/07\/Hygienic-handle-in-stainless-steel.jpg","type":"image\/jpeg"}],"twitter_card":"summary_large_image","twitter_misc":{"Tahmini okuma s\u00fcresi":"4 dakika"},"schema":{"@context":"https:\/\/schema.org","@graph":[{"@type":"WebPage","@id":"https:\/\/nhkmachineryparts.com\/product\/hygienic-handle-in-stainless-steel\/","url":"https:\/\/nhkmachineryparts.com\/product\/hygienic-handle-in-stainless-steel\/","name":"Paslanmaz \u00e7elikten hijyenik sap | NHK Makine Par\u00e7alar\u0131","isPartOf":{"@id":"https:\/\/nhkmachineryparts.com\/#website"},"primaryImageOfPage":{"@id":"https:\/\/nhkmachineryparts.com\/product\/hygienic-handle-in-stainless-steel\/#primaryimage"},"image":{"@id":"https:\/\/nhkmachineryparts.com\/product\/hygienic-handle-in-stainless-steel\/#primaryimage"},"thumbnailUrl":"https:\/\/nhkmachineryparts.com\/wp-content\/uploads\/2023\/07\/Hygienic-handle-in-stainless-steel.jpg","datePublished":"2023-07-28T11:59:32+00:00","dateModified":"2026-03-14T19:09:43+00:00","description":"G\u0131da, ila\u00e7 ve hijyenik uygulamalar i\u00e7in paslanmaz \u00e7elikten hijyenik kulplar\u0131n faydalar\u0131. G\u00fcvenli\u011fi, hijyeni ve dayan\u0131kl\u0131l\u0131\u011f\u0131 art\u0131r\u0131n.","breadcrumb":{"@id":"https:\/\/nhkmachineryparts.com\/product\/hygienic-handle-in-stainless-steel\/#breadcrumb"},"inLanguage":"tr","potentialAction":[{"@type":"ReadAction","target":["https:\/\/nhkmachineryparts.com\/product\/hygienic-handle-in-stainless-steel\/"]}]},{"@type":"ImageObject","inLanguage":"tr","@id":"https:\/\/nhkmachineryparts.com\/product\/hygienic-handle-in-stainless-steel\/#primaryimage","url":"https:\/\/nhkmachineryparts.com\/wp-content\/uploads\/2023\/07\/Hygienic-handle-in-stainless-steel.jpg","contentUrl":"https:\/\/nhkmachineryparts.com\/wp-content\/uploads\/2023\/07\/Hygienic-handle-in-stainless-steel.jpg","width":1000,"height":1000,"caption":"Hygienic handle in stainless steel"},{"@type":"BreadcrumbList","@id":"https:\/\/nhkmachineryparts.com\/product\/hygienic-handle-in-stainless-steel\/#breadcrumb","itemListElement":[{"@type":"ListItem","position":1,"name":"Home","item":"https:\/\/nhkmachineryparts.com\/"},{"@type":"ListItem","position":2,"name":"Product line","item":"https:\/\/nhkmachineryparts.com\/product-line\/"},{"@type":"ListItem","position":3,"name":"Hygienic machinery components in stainless steel","item":"https:\/\/nhkmachineryparts.com\/product-line\/hygienic-machinery-components-in-stainless-steel\/"},{"@type":"ListItem","position":4,"name":"Hygienic handle in stainless steel"}]},{"@type":"WebSite","@id":"https:\/\/nhkmachineryparts.com\/#website","url":"https:\/\/nhkmachineryparts.com\/","name":"NHK Makine Par\u00e7alar\u0131","description":"Rulman Yataklar\u0131, sismik tesviye ayaklar\u0131 ve tesviye tekerlekleri","publisher":{"@id":"https:\/\/nhkmachineryparts.com\/#organization"},"potentialAction":[{"@type":"SearchAction","target":{"@type":"EntryPoint","urlTemplate":"https:\/\/nhkmachineryparts.com\/?s={search_term_string}"},"query-input":{"@type":"PropertyValueSpecification","valueRequired":true,"valueName":"search_term_string"}}],"inLanguage":"tr"},{"@type":"Organization","@id":"https:\/\/nhkmachineryparts.com\/#organization","name":"NHK Grup ApS","url":"https:\/\/nhkmachineryparts.com\/","logo":{"@type":"ImageObject","inLanguage":"tr","@id":"https:\/\/nhkmachineryparts.com\/#\/schema\/logo\/image\/","url":"https:\/\/nhkmachineryparts.com\/wp-content\/uploads\/2022\/09\/NHKgroup_social.jpg","contentUrl":"https:\/\/nhkmachineryparts.com\/wp-content\/uploads\/2022\/09\/NHKgroup_social.jpg","width":1200,"height":630,"caption":"Nhk Group ApS"},"image":{"@id":"https:\/\/nhkmachineryparts.com\/#\/schema\/logo\/image\/"},"sameAs":["https:\/\/www.facebook.com\/NHK.Group.aps"]}]}},"_links":{"self":[{"href":"https:\/\/nhkmachineryparts.com\/tr\/wp-json\/wp\/v2\/product\/5795","targetHints":{"allow":["GET"]}}],"collection":[{"href":"https:\/\/nhkmachineryparts.com\/tr\/wp-json\/wp\/v2\/product"}],"about":[{"href":"https:\/\/nhkmachineryparts.com\/tr\/wp-json\/wp\/v2\/types\/product"}],"wp:featuredmedia":[{"embeddable":true,"href":"https:\/\/nhkmachineryparts.com\/tr\/wp-json\/wp\/v2\/media\/8567"}],"wp:attachment":[{"href":"https:\/\/nhkmachineryparts.com\/tr\/wp-json\/wp\/v2\/media?parent=5795"}],"wp:term":[{"taxonomy":"product_brand","embeddable":true,"href":"https:\/\/nhkmachineryparts.com\/tr\/wp-json\/wp\/v2\/product_brand?post=5795"},{"taxonomy":"product_cat","embeddable":true,"href":"https:\/\/nhkmachineryparts.com\/tr\/wp-json\/wp\/v2\/product_cat?post=5795"},{"taxonomy":"product_tag","embeddable":true,"href":"https:\/\/nhkmachineryparts.com\/tr\/wp-json\/wp\/v2\/product_tag?post=5795"}],"curies":[{"name":"wp","href":"https:\/\/api.w.org\/{rel}","templated":true}]}}