{"id":5782,"date":"2023-07-28T13:08:35","date_gmt":"2023-07-28T11:08:35","guid":{"rendered":"https:\/\/nhkmachineryparts.com\/?post_type=product&#038;p=5782"},"modified":"2026-02-23T13:54:24","modified_gmt":"2026-02-23T11:54:24","slug":"ara-parca-somun-paslanmaz-celik","status":"publish","type":"product","link":"https:\/\/nhkmachineryparts.com\/tr\/product\/spacer-nut-in-stainless-steel\/","title":{"rendered":"Paslanmaz \u00e7elikten ara par\u00e7a"},"content":{"rendered":"<section class=\"vc_row liquid-row-shadowbox-69d4a7959fc89\"><div class=\"ld-container container\"><div class=\"row ld-row ld-row-outer\"><div class=\"wpb_column vc_column_container vc_col-sm-12 liquid-column-69d4a7959fdfa\"><div class=\"vc_column-inner\" ><div class=\"wpb_wrapper\"  >\n\t<div class=\"wpb_text_column wpb_content_element\" >\n\t\t<div class=\"wpb_wrapper\">\n\t\t\t<h2>Paslanmaz \u00e7elik ara par\u00e7a somunu (Aisi 1.4301)<\/h2>\n<p>Di\u015fli paslanmaz \u00e7elik ara par\u00e7a somunu (Aisi 1.4301)<br \/>\nAra par\u00e7a somunu M8-16-9 \u2013 ID=8,2 \u2013 OD=16,0 \u2013 L=9 \u2013 L1=6<br \/>\nAra par\u00e7a somunu M8-16-18 \u2013 ID=8,2 \u2013 OD=16,0 \u2013 L=18 \u2013 L1=12<br \/>\nAra par\u00e7a somunu M10-18-9 \u2013 ID=10,2 \u2013 OD=18,0 \u2013 L=9 \u2013 L1=6<br \/>\nAra par\u00e7a somunu M10-18-18 \u2013 ID=10,2 \u2013 OD=18,0 \u2013 L=18 \u2013 L1=12<br \/>\nAra par\u00e7a somunu M12-22-9 \u2013 ID=12,2 \u2013 OD=22,0 \u2013 L=9 \u2013 L1=6<br \/>\nAra par\u00e7a somunu M12-22-18 \u2013 ID=12,2 \u2013 OD=22,0 \u2013 L=18 \u2013 L1=12<br \/>\nAra par\u00e7a somunu M16-26-9 \u2013 ID=16,2 \u2013 OD=26,0 \u2013 L=9 \u2013 L1=6<br \/>\nAra par\u00e7a somunu M16-26-18 \u2013 ID=16,2 \u2013 OD=26,0 \u2013 L=18 \u2013 L1=12<\/p>\n<h2>Paslanmaz \u00e7elik ara par\u00e7as\u0131 (Aisi 1.4301)<\/h2>\n<p>Ara par\u00e7as\u0131 8-16-9 \u2013 ID=8,2 \u2013 OD=16,0 \u2013 L=9<br \/>\nAra par\u00e7a 8-16-18 \u2013 ID=8,2 \u2013 OD=16,0 \u2013 L=18<br \/>\nAra par\u00e7as\u0131 10-18-9 \u2013 \u0130\u00e7 \u00c7ap=10,2 \u2013 D\u0131\u015f \u00c7ap=18,0 \u2013 L=9<br \/>\nAra par\u00e7a 10-18-18 \u2013 ID=10,2 \u2013 OD=18,0 \u2013 L=18<br \/>\nAra par\u00e7as\u0131 12-22-9 \u2013 ID=12,2 \u2013 OD=22,0 \u2013 L=9<br \/>\nAra par\u00e7as\u0131 12-22-18 \u2013 ID=12,2 \u2013 OD=22,0 \u2013 L=18<br \/>\nAra par\u00e7as\u0131 16-26-9 \u2013 ID=16,2 \u2013 OD=26,0 \u2013 L=9<br \/>\nAra par\u00e7a 16-26-18 \u2013 ID=16,2 \u2013 OD=26,0 \u2013 L=18<\/p>\n<h2>Di\u015f a\u00e7ma i\u00e7in paslanmaz \u00e7elik ara par\u00e7as\u0131 (Aisi 1.4301)<\/h2>\n<p>Kaynak yap\u0131ld\u0131ktan sonra i\u00e7 \u00e7ap di\u015f a\u00e7maya haz\u0131r hale gelir<br \/>\n6,8-16-15 di\u015fler i\u00e7in ara par\u00e7a \u2013 ID=6,8 \u2013 OD=16,0 \u2013 L=9<br \/>\n6,8-16-25 di\u015fler i\u00e7in ara par\u00e7a \u2013 ID=6,8 \u2013 OD=16,0 \u2013 L=18<br \/>\n8,5-18-15 di\u015fler i\u00e7in ara par\u00e7a \u2013 ID=8,5 \u2013 OD=18,0 \u2013 L=9<br \/>\n8,5-18-25 di\u015fler i\u00e7in ara par\u00e7a \u2013 ID=8,5 \u2013 OD=18,0 \u2013 L=18<br \/>\n10.2-22-15 di\u015fler i\u00e7in ara par\u00e7a \u2013 ID=10.2 \u2013 OD=22.0 \u2013 L=9<br \/>\n10.2-22-25 di\u015fler i\u00e7in ara par\u00e7as\u0131 \u2013 ID=10.2 \u2013 OD=22.0 \u2013 L=18<br \/>\n14,0-26-15 di\u015fler i\u00e7in ara par\u00e7a \u2013 ID=14,0 \u2013 OD=26,0 \u2013 L=9<br \/>\n14,0-26-25 di\u015fler i\u00e7in ara par\u00e7a \u2013 ID=14,0 \u2013 OD=26,0 \u2013 L=18<\/p>\n<p><a href=\"https:\/\/nhkmachineryparts.com\/tr\/urun-hatti\/kategori\/paslanmaz-celik-tasarimli-50-hijyenik-konveyor-parcasi\/\">Hijyenik tasar\u0131ml\u0131 makine bile\u015fenleri<\/a><\/p>\n<p><a href=\"https:\/\/nhkmachineryparts.com\/tr\/temas-etmek\/\">Di\u011fer boyut i\u00e7in l\u00fctfen bizimle ileti\u015fime ge\u00e7in.<\/a><\/p>\n<h2>Paslanmaz \u00c7elik Ara Par\u00e7a: Optimum Hijyen i\u00e7in Kolay Temizlenen Uygulama<\/h2>\n<h3>Paslanmaz \u00c7elik Aralay\u0131c\u0131lar Neden \u00d6nemlidir<\/h3>\n<p>\u0130\u00e7inde <a href=\"https:\/\/nhkmachineryparts.com\/tr\/our-industries\/\" data-internallinksmanager029f6b8e52c=\"4\" title=\"End\u00fcstrilerimiz\">end\u00fcstriler<\/a> G\u0131da i\u015fleme, ila\u00e7 ve biyoteknoloji gibi alanlarda temizli\u011fin korunmas\u0131 \u00e7ok \u00f6nemlidir. Paslanmaz \u00e7elik ara par\u00e7alar, makine ve ekipmanlar\u0131n s\u0131k\u0131 hijyen standartlar\u0131na uymas\u0131n\u0131 sa\u011flayarak sa\u011flam, hijyenik ve kolay temizlenebilir bir \u00e7\u00f6z\u00fcm sunar. Bu bile\u015fenler yaln\u0131zca operasyonel verimlili\u011fi art\u0131rmakla kalmaz, ayn\u0131 zamanda zorlu ortamlarda ekipman\u0131n uzun \u00f6m\u00fcrl\u00fc olmas\u0131na da katk\u0131da bulunur.<\/p>\n<hr \/>\n<h2>Paslanmaz \u00c7elik Ara Par\u00e7alar\u0131n\u0131n Anla\u015f\u0131lmas\u0131<\/h2>\n<p>Paslanmaz \u00e7elik ara par\u00e7alar\u0131, makine par\u00e7alar\u0131 aras\u0131nda hassas aral\u0131k sa\u011flamak i\u00e7in kullan\u0131lan k\u00fc\u00e7\u00fck ancak kritik bile\u015fenlerdir. Y\u00fcksek kaliteli paslanmaz \u00e7elikten yap\u0131lm\u0131\u015f olup, korozyona, s\u0131cakl\u0131k de\u011fi\u015fimlerine ve a\u015f\u0131nmaya kar\u015f\u0131 ola\u011fan\u00fcst\u00fc diren\u00e7 sunarlar.<\/p>\n<p>P\u00fcr\u00fczs\u00fcz, g\u00f6zeneksiz y\u00fczeyleri kir, bakteri veya d\u00f6k\u00fcnt\u00fc birikmesini \u00f6nleyerek temiz ortamlardaki uygulamalar i\u00e7in ideal bir se\u00e7im haline getirir. Ayr\u0131ca, kolay temizlenebilir tasar\u0131mlar\u0131 bak\u0131m rutinlerini basitle\u015ftirerek duru\u015f s\u00fcresini ve operasyonel maliyetleri azalt\u0131r.<\/p>\n<hr \/>\n<h2>Paslanmaz \u00c7elik Ara Par\u00e7alar\u0131n\u0131n Temel Faydalar\u0131<\/h2>\n<h3>1. <strong>Hijyenik Tasar\u0131m<\/strong><\/h3>\n<p>Paslanmaz \u00e7elik ara par\u00e7alar hijyen d\u00fc\u015f\u00fcn\u00fclerek tasarlanm\u0131\u015ft\u0131r. Kusursuz yap\u0131lar\u0131, kirleticilerin saklanabilece\u011fi \u00e7atlaklar\u0131 ortadan kald\u0131rarak end\u00fcstri standartlar\u0131na uyumu garanti eder. <a href=\"https:\/\/nhkmachineryparts.com\/tr\/3a-ve-ehedg-arasindaki-fark-nedir\/\" data-internallinksmanager029f6b8e52c=\"2\" title=\"EHEDG Sertifikal\u0131 Makine Par\u00e7alar\u0131\">EHEDG<\/a> ve 3-A.<\/p>\n<h3>2. <strong>Dayan\u0131kl\u0131l\u0131k<\/strong><\/h3>\n<p>Paslanmaz \u00e7eli\u011fin sa\u011flaml\u0131\u011f\u0131 ve korozyon direnci, bu ara par\u00e7alar\u0131 nem, kimyasallar ve y\u00fcksek s\u0131cakl\u0131klara maruz kalan ortamlarda kullan\u0131m i\u00e7in ideal hale getirir.<\/p>\n<h3>3. <strong>Kolay bak\u0131m<\/strong><\/h3>\n<p>Cilal\u0131 bir y\u00fczeye sahip olan paslanmaz \u00e7elik ara par\u00e7alar, temizlenmesi ve sterilize edilmesi kolayd\u0131r ve g\u00fcvenli ve hijyenik bir \u00e7al\u0131\u015fma alan\u0131n\u0131n korunmas\u0131na yard\u0131mc\u0131 olur.<\/p>\n<h3>4. <strong>\u00c7ok y\u00f6nl\u00fcl\u00fck<\/strong><\/h3>\n<p>Bu ara par\u00e7alar \u00e7e\u015fitli makine tipleriyle uyumludur ve g\u0131da, i\u00e7ecek, ila\u00e7 ve t\u0131bbi cihazlar gibi end\u00fcstrilerde yayg\u0131n olarak kullan\u0131l\u0131r.<\/p>\n<hr \/>\n<h2>Ana End\u00fcstrilerdeki Uygulamalar<\/h2>\n<h3>G\u0131da ve \u0130\u00e7ecek \u0130\u015fleme<\/h3>\n<p>Paslanmaz \u00e7elik ara par\u00e7alar, konvey\u00f6rler, mikserler ve dolum makineleri gibi ekipmanlar\u0131n ayr\u0131lmaz bir par\u00e7as\u0131d\u0131r ve makinelerin \u00e7al\u0131\u015fma s\u0131ras\u0131nda kontaminasyondan uzak kalmas\u0131n\u0131 sa\u011flar.<\/p>\n<h3>\u0130la\u00e7 ve Biyoteknoloji<\/h3>\n<p>Steril ortamlarda, bu ara par\u00e7alar laboratuvar ve \u00fcretim ekipmanlar\u0131n\u0131n temizli\u011finin korunmas\u0131na yard\u0131mc\u0131 olarak \u00e7apraz bula\u015fma riskini azalt\u0131r.<\/p>\n<h3>Ambalaj Sanayi<\/h3>\n<p>Paslanmaz \u00e7elik ara par\u00e7alar, paketleme s\u00fcre\u00e7lerinin g\u00fcvenilirli\u011fini ve temizli\u011fini art\u0131rarak, kapatma, dolum ve etiketleme makinelerinde kullan\u0131l\u0131r.<\/p>\n<hr \/>\n<h2>Do\u011fru Paslanmaz \u00c7elik Ara Par\u00e7ay\u0131 Se\u00e7mek<\/h2>\n<p>Paslanmaz \u00e7elik ara par\u00e7alar\u0131 se\u00e7erken \u015fu fakt\u00f6rleri g\u00f6z \u00f6n\u00fcnde bulundurun:<\/p>\n<ul>\n<li><strong>Malzeme S\u0131n\u0131f\u0131:<\/strong> \u00dcst\u00fcn korozyon direnci i\u00e7in 304 veya 316 paslanmaz \u00e7elik aray\u0131n.<\/li>\n<li><strong>Uyma:<\/strong> Ara par\u00e7alar\u0131n EHEDG veya FDA gibi end\u00fcstri standartlar\u0131na uygun oldu\u011fundan emin olun.<\/li>\n<li><strong>\u00d6zelle\u015ftirme:<\/strong> Makine ve operasyonel ihtiya\u00e7lar\u0131n\u0131za uygun tasar\u0131mlar\u0131 tercih edin.<\/li>\n<\/ul>\n<hr \/>\n<h2>Kolay Temizlenen Ara Par\u00e7alarla Verimlili\u011fi Art\u0131r\u0131n<\/h2>\n<p>Y\u00fcksek bas\u0131n\u00e7l\u0131 y\u0131kama ve sert kimyasallara maruz kalma gibi zorlu temizlik prosed\u00fcrlerine dayanabilen paslanmaz \u00e7elik ara par\u00e7alarla d\u00fczenli bak\u0131m basitle\u015ftirilmi\u015ftir. Sa\u011flam tasar\u0131mlar\u0131 a\u015f\u0131nma ve y\u0131pranmay\u0131 en aza indirerek tutarl\u0131 performans sa\u011flar.<\/p>\n<p>\u0130\u015fletmeler bu ara par\u00e7alar\u0131 kullanarak \u015funlar\u0131 ba\u015farabilirler:<\/p>\n<ul>\n<li>\u0130yile\u015ftirilmi\u015f sanitasyon<\/li>\n<li>Azalt\u0131lm\u0131\u015f ekipman ar\u0131za s\u00fcresi<\/li>\n<li>D\u00fczenleyici standartlara uyum<\/li>\n<\/ul>\n<hr \/>\n<h2>Paslanmaz \u00c7elik Aralay\u0131c\u0131lar: En \u0130yi Kolay Temizlenen \u00c7\u00f6z\u00fcm<\/h2>\n<p>Paslanmaz \u00e7elik ara par\u00e7alar, s\u0131k\u0131 hijyen ve dayan\u0131kl\u0131l\u0131k gerektiren end\u00fcstrilerde vazge\u00e7ilmez bir bile\u015fendir. Kolay temizlenebilir tasar\u0131mlar\u0131, zorlu ortamlara kar\u015f\u0131 m\u00fckemmel diren\u00e7leriyle birle\u015fince, her t\u00fcrl\u00fc operasyon i\u00e7in de\u011ferli bir katk\u0131 sa\u011flarlar.<\/p>\n<p>Y\u00fcksek kaliteli paslanmaz \u00e7elik ara par\u00e7alar\u0131na yat\u0131r\u0131m yapmak yaln\u0131zca ekipman g\u00fcvenilirli\u011fini sa\u011flamakla kalmaz, ayn\u0131 zamanda genel \u00fcretkenli\u011fi ve g\u00fcvenli\u011fi de art\u0131r\u0131r. Bu ola\u011fan\u00fcst\u00fc bile\u015fenlerin uzun vadeli faydalar\u0131n\u0131 deneyimlemek i\u00e7in makinenizi bug\u00fcn y\u00fckseltin.<\/p>\n\n\t\t<\/div>\n\t<\/div>\n<\/div><\/div><\/div><\/div><\/div><\/section>","protected":false},"excerpt":{"rendered":"Spacer nut in stainless steel\u00a0 (Aisi 1.4301) Threaded stainless steel\u00a0spacer nut\u00a0(Aisi 1.4301) Spacer nut M8-16-9 - ID=8.2 \u2013 OD=16.0 \u2013 L=9 \u2013 L1=6 Spacer nut M8-16-18 - ID=8.2 \u2013 OD=16.0 \u2013 L=18 \u2013 L1=12 Spacer nut M10-18-9 - ID=10.2 \u2013 OD=18.0 \u2013 L=9 \u2013 L1=6 Spacer nut M10-18-18 - ID=10.2 \u2013 OD=18.0 \u2013 L=18 \u2013 [...]","protected":false},"featured_media":8564,"template":"","meta":[],"product_brand":[],"product_cat":[64],"product_tag":[],"class_list":{"0":"post-5782","1":"product","2":"type-product","3":"status-publish","4":"has-post-thumbnail","6":"product_cat-hygienic-machinery-components-in-stainless-steel","8":"first","9":"instock","10":"shipping-taxable","11":"product-type-simple"},"yoast_head":"<!-- This site is optimized with the Yoast SEO plugin v27.3 - https:\/\/yoast.com\/product\/yoast-seo-wordpress\/ -->\n<title>Spacer in stainless steel | NHK Machinery Parts<\/title>\n<meta name=\"description\" content=\"Threaded stainless steel\u00a0spacer nut\u00a0(Aisi 1.4301), components in hygienic design for the manufacture and processing of food and pharmaceutical products.\" \/>\n<meta name=\"robots\" content=\"index, follow, max-snippet:-1, max-image-preview:large, max-video-preview:-1\" \/>\n<link rel=\"canonical\" href=\"https:\/\/nhkmachineryparts.com\/tr\/urun\/ara-parca-somun-paslanmaz-celik\/\" \/>\n<meta property=\"og:locale\" content=\"tr_TR\" \/>\n<meta property=\"og:type\" content=\"article\" \/>\n<meta property=\"og:title\" content=\"Spacer in stainless steel | NHK Machinery Parts\" \/>\n<meta property=\"og:description\" content=\"Threaded stainless steel\u00a0spacer nut\u00a0(Aisi 1.4301), components in hygienic design for the manufacture and processing of food and pharmaceutical products.\" \/>\n<meta property=\"og:url\" content=\"https:\/\/nhkmachineryparts.com\/tr\/urun\/ara-parca-somun-paslanmaz-celik\/\" \/>\n<meta property=\"og:site_name\" content=\"NHK Machinery Parts\" \/>\n<meta property=\"article:publisher\" content=\"https:\/\/www.facebook.com\/NHK.Group.aps\" \/>\n<meta property=\"article:modified_time\" content=\"2026-02-23T11:54:24+00:00\" \/>\n<meta property=\"og:image\" content=\"https:\/\/nhkmachineryparts.com\/wp-content\/uploads\/2024\/01\/Hygienic-spacer-nut.jpg\" \/>\n\t<meta property=\"og:image:width\" content=\"1000\" \/>\n\t<meta property=\"og:image:height\" content=\"1000\" \/>\n\t<meta property=\"og:image:type\" content=\"image\/jpeg\" \/>\n<meta name=\"twitter:card\" content=\"summary_large_image\" \/>\n<meta name=\"twitter:label1\" content=\"Tahmini okuma s\u00fcresi\" \/>\n\t<meta name=\"twitter:data1\" content=\"4 dakika\" \/>\n<script type=\"application\/ld+json\" class=\"yoast-schema-graph\">{\"@context\":\"https:\\\/\\\/schema.org\",\"@graph\":[{\"@type\":\"WebPage\",\"@id\":\"https:\\\/\\\/nhkmachineryparts.com\\\/product\\\/spacer-nut-in-stainless-steel\\\/\",\"url\":\"https:\\\/\\\/nhkmachineryparts.com\\\/product\\\/spacer-nut-in-stainless-steel\\\/\",\"name\":\"Spacer in stainless steel | NHK Machinery Parts\",\"isPartOf\":{\"@id\":\"https:\\\/\\\/nhkmachineryparts.com\\\/#website\"},\"primaryImageOfPage\":{\"@id\":\"https:\\\/\\\/nhkmachineryparts.com\\\/product\\\/spacer-nut-in-stainless-steel\\\/#primaryimage\"},\"image\":{\"@id\":\"https:\\\/\\\/nhkmachineryparts.com\\\/product\\\/spacer-nut-in-stainless-steel\\\/#primaryimage\"},\"thumbnailUrl\":\"https:\\\/\\\/nhkmachineryparts.com\\\/wp-content\\\/uploads\\\/2024\\\/01\\\/Hygienic-spacer-nut.jpg\",\"datePublished\":\"2023-07-28T11:08:35+00:00\",\"dateModified\":\"2026-02-23T11:54:24+00:00\",\"description\":\"Threaded stainless steel\u00a0spacer nut\u00a0(Aisi 1.4301), components in hygienic design for the manufacture and processing of food and pharmaceutical products.\",\"breadcrumb\":{\"@id\":\"https:\\\/\\\/nhkmachineryparts.com\\\/product\\\/spacer-nut-in-stainless-steel\\\/#breadcrumb\"},\"inLanguage\":\"tr\",\"potentialAction\":[{\"@type\":\"ReadAction\",\"target\":[\"https:\\\/\\\/nhkmachineryparts.com\\\/product\\\/spacer-nut-in-stainless-steel\\\/\"]}]},{\"@type\":\"ImageObject\",\"inLanguage\":\"tr\",\"@id\":\"https:\\\/\\\/nhkmachineryparts.com\\\/product\\\/spacer-nut-in-stainless-steel\\\/#primaryimage\",\"url\":\"https:\\\/\\\/nhkmachineryparts.com\\\/wp-content\\\/uploads\\\/2024\\\/01\\\/Hygienic-spacer-nut.jpg\",\"contentUrl\":\"https:\\\/\\\/nhkmachineryparts.com\\\/wp-content\\\/uploads\\\/2024\\\/01\\\/Hygienic-spacer-nut.jpg\",\"width\":1000,\"height\":1000,\"caption\":\"Hygienic spacer nut\"},{\"@type\":\"BreadcrumbList\",\"@id\":\"https:\\\/\\\/nhkmachineryparts.com\\\/product\\\/spacer-nut-in-stainless-steel\\\/#breadcrumb\",\"itemListElement\":[{\"@type\":\"ListItem\",\"position\":1,\"name\":\"Home\",\"item\":\"https:\\\/\\\/nhkmachineryparts.com\\\/\"},{\"@type\":\"ListItem\",\"position\":2,\"name\":\"Product line\",\"item\":\"https:\\\/\\\/nhkmachineryparts.com\\\/product-line\\\/\"},{\"@type\":\"ListItem\",\"position\":3,\"name\":\"Hygienic machinery components in stainless steel\",\"item\":\"https:\\\/\\\/nhkmachineryparts.com\\\/product-line\\\/hygienic-machinery-components-in-stainless-steel\\\/\"},{\"@type\":\"ListItem\",\"position\":4,\"name\":\"Spacer in stainless steel\"}]},{\"@type\":\"WebSite\",\"@id\":\"https:\\\/\\\/nhkmachineryparts.com\\\/#website\",\"url\":\"https:\\\/\\\/nhkmachineryparts.com\\\/\",\"name\":\"NHK Machinery Parts\",\"description\":\"Bearing Houses, seismic levelling feet and levelling castors\",\"publisher\":{\"@id\":\"https:\\\/\\\/nhkmachineryparts.com\\\/#organization\"},\"potentialAction\":[{\"@type\":\"SearchAction\",\"target\":{\"@type\":\"EntryPoint\",\"urlTemplate\":\"https:\\\/\\\/nhkmachineryparts.com\\\/?s={search_term_string}\"},\"query-input\":{\"@type\":\"PropertyValueSpecification\",\"valueRequired\":true,\"valueName\":\"search_term_string\"}}],\"inLanguage\":\"tr\"},{\"@type\":\"Organization\",\"@id\":\"https:\\\/\\\/nhkmachineryparts.com\\\/#organization\",\"name\":\"Nhk Group ApS\",\"url\":\"https:\\\/\\\/nhkmachineryparts.com\\\/\",\"logo\":{\"@type\":\"ImageObject\",\"inLanguage\":\"tr\",\"@id\":\"https:\\\/\\\/nhkmachineryparts.com\\\/#\\\/schema\\\/logo\\\/image\\\/\",\"url\":\"https:\\\/\\\/nhkmachineryparts.com\\\/wp-content\\\/uploads\\\/2022\\\/09\\\/NHKgroup_social.jpg\",\"contentUrl\":\"https:\\\/\\\/nhkmachineryparts.com\\\/wp-content\\\/uploads\\\/2022\\\/09\\\/NHKgroup_social.jpg\",\"width\":1200,\"height\":630,\"caption\":\"Nhk Group ApS\"},\"image\":{\"@id\":\"https:\\\/\\\/nhkmachineryparts.com\\\/#\\\/schema\\\/logo\\\/image\\\/\"},\"sameAs\":[\"https:\\\/\\\/www.facebook.com\\\/NHK.Group.aps\"]}]}<\/script>\n<!-- \/ Yoast SEO plugin. -->","yoast_head_json":{"title":"Paslanmaz \u00e7elik ara par\u00e7as\u0131 | NHK Makine Par\u00e7alar\u0131","description":"Di\u015fli paslanmaz \u00e7elik ara par\u00e7a somunu (Aisi 1.4301), g\u0131da ve farmas\u00f6tik \u00fcr\u00fcnlerin \u00fcretimi ve i\u015flenmesi i\u00e7in hijyenik tasar\u0131ml\u0131 bile\u015fenler.","robots":{"index":"index","follow":"follow","max-snippet":"max-snippet:-1","max-image-preview":"max-image-preview:large","max-video-preview":"max-video-preview:-1"},"canonical":"https:\/\/nhkmachineryparts.com\/tr\/urun\/ara-parca-somun-paslanmaz-celik\/","og_locale":"tr_TR","og_type":"article","og_title":"Spacer in stainless steel | NHK Machinery Parts","og_description":"Threaded stainless steel\u00a0spacer nut\u00a0(Aisi 1.4301), components in hygienic design for the manufacture and processing of food and pharmaceutical products.","og_url":"https:\/\/nhkmachineryparts.com\/tr\/urun\/ara-parca-somun-paslanmaz-celik\/","og_site_name":"NHK Machinery Parts","article_publisher":"https:\/\/www.facebook.com\/NHK.Group.aps","article_modified_time":"2026-02-23T11:54:24+00:00","og_image":[{"width":1000,"height":1000,"url":"https:\/\/nhkmachineryparts.com\/wp-content\/uploads\/2024\/01\/Hygienic-spacer-nut.jpg","type":"image\/jpeg"}],"twitter_card":"summary_large_image","twitter_misc":{"Tahmini okuma s\u00fcresi":"4 dakika"},"schema":{"@context":"https:\/\/schema.org","@graph":[{"@type":"WebPage","@id":"https:\/\/nhkmachineryparts.com\/product\/spacer-nut-in-stainless-steel\/","url":"https:\/\/nhkmachineryparts.com\/product\/spacer-nut-in-stainless-steel\/","name":"Paslanmaz \u00e7elik ara par\u00e7as\u0131 | NHK Makine Par\u00e7alar\u0131","isPartOf":{"@id":"https:\/\/nhkmachineryparts.com\/#website"},"primaryImageOfPage":{"@id":"https:\/\/nhkmachineryparts.com\/product\/spacer-nut-in-stainless-steel\/#primaryimage"},"image":{"@id":"https:\/\/nhkmachineryparts.com\/product\/spacer-nut-in-stainless-steel\/#primaryimage"},"thumbnailUrl":"https:\/\/nhkmachineryparts.com\/wp-content\/uploads\/2024\/01\/Hygienic-spacer-nut.jpg","datePublished":"2023-07-28T11:08:35+00:00","dateModified":"2026-02-23T11:54:24+00:00","description":"Di\u015fli paslanmaz \u00e7elik ara par\u00e7a somunu (Aisi 1.4301), g\u0131da ve farmas\u00f6tik \u00fcr\u00fcnlerin \u00fcretimi ve i\u015flenmesi i\u00e7in hijyenik tasar\u0131ml\u0131 bile\u015fenler.","breadcrumb":{"@id":"https:\/\/nhkmachineryparts.com\/product\/spacer-nut-in-stainless-steel\/#breadcrumb"},"inLanguage":"tr","potentialAction":[{"@type":"ReadAction","target":["https:\/\/nhkmachineryparts.com\/product\/spacer-nut-in-stainless-steel\/"]}]},{"@type":"ImageObject","inLanguage":"tr","@id":"https:\/\/nhkmachineryparts.com\/product\/spacer-nut-in-stainless-steel\/#primaryimage","url":"https:\/\/nhkmachineryparts.com\/wp-content\/uploads\/2024\/01\/Hygienic-spacer-nut.jpg","contentUrl":"https:\/\/nhkmachineryparts.com\/wp-content\/uploads\/2024\/01\/Hygienic-spacer-nut.jpg","width":1000,"height":1000,"caption":"Hygienic spacer nut"},{"@type":"BreadcrumbList","@id":"https:\/\/nhkmachineryparts.com\/product\/spacer-nut-in-stainless-steel\/#breadcrumb","itemListElement":[{"@type":"ListItem","position":1,"name":"Home","item":"https:\/\/nhkmachineryparts.com\/"},{"@type":"ListItem","position":2,"name":"Product line","item":"https:\/\/nhkmachineryparts.com\/product-line\/"},{"@type":"ListItem","position":3,"name":"Hygienic machinery components in stainless steel","item":"https:\/\/nhkmachineryparts.com\/product-line\/hygienic-machinery-components-in-stainless-steel\/"},{"@type":"ListItem","position":4,"name":"Spacer in stainless steel"}]},{"@type":"WebSite","@id":"https:\/\/nhkmachineryparts.com\/#website","url":"https:\/\/nhkmachineryparts.com\/","name":"NHK Makine Par\u00e7alar\u0131","description":"Rulman Yataklar\u0131, sismik tesviye ayaklar\u0131 ve tesviye tekerlekleri","publisher":{"@id":"https:\/\/nhkmachineryparts.com\/#organization"},"potentialAction":[{"@type":"SearchAction","target":{"@type":"EntryPoint","urlTemplate":"https:\/\/nhkmachineryparts.com\/?s={search_term_string}"},"query-input":{"@type":"PropertyValueSpecification","valueRequired":true,"valueName":"search_term_string"}}],"inLanguage":"tr"},{"@type":"Organization","@id":"https:\/\/nhkmachineryparts.com\/#organization","name":"NHK Grup ApS","url":"https:\/\/nhkmachineryparts.com\/","logo":{"@type":"ImageObject","inLanguage":"tr","@id":"https:\/\/nhkmachineryparts.com\/#\/schema\/logo\/image\/","url":"https:\/\/nhkmachineryparts.com\/wp-content\/uploads\/2022\/09\/NHKgroup_social.jpg","contentUrl":"https:\/\/nhkmachineryparts.com\/wp-content\/uploads\/2022\/09\/NHKgroup_social.jpg","width":1200,"height":630,"caption":"Nhk Group ApS"},"image":{"@id":"https:\/\/nhkmachineryparts.com\/#\/schema\/logo\/image\/"},"sameAs":["https:\/\/www.facebook.com\/NHK.Group.aps"]}]}},"_links":{"self":[{"href":"https:\/\/nhkmachineryparts.com\/tr\/wp-json\/wp\/v2\/product\/5782","targetHints":{"allow":["GET"]}}],"collection":[{"href":"https:\/\/nhkmachineryparts.com\/tr\/wp-json\/wp\/v2\/product"}],"about":[{"href":"https:\/\/nhkmachineryparts.com\/tr\/wp-json\/wp\/v2\/types\/product"}],"wp:featuredmedia":[{"embeddable":true,"href":"https:\/\/nhkmachineryparts.com\/tr\/wp-json\/wp\/v2\/media\/8564"}],"wp:attachment":[{"href":"https:\/\/nhkmachineryparts.com\/tr\/wp-json\/wp\/v2\/media?parent=5782"}],"wp:term":[{"taxonomy":"product_brand","embeddable":true,"href":"https:\/\/nhkmachineryparts.com\/tr\/wp-json\/wp\/v2\/product_brand?post=5782"},{"taxonomy":"product_cat","embeddable":true,"href":"https:\/\/nhkmachineryparts.com\/tr\/wp-json\/wp\/v2\/product_cat?post=5782"},{"taxonomy":"product_tag","embeddable":true,"href":"https:\/\/nhkmachineryparts.com\/tr\/wp-json\/wp\/v2\/product_tag?post=5782"}],"curies":[{"name":"wp","href":"https:\/\/api.w.org\/{rel}","templated":true}]}}