{"id":5691,"date":"2023-07-18T13:00:49","date_gmt":"2023-07-18T11:00:49","guid":{"rendered":"https:\/\/nhkmachineryparts.com\/?post_type=product&#038;p=5691"},"modified":"2026-02-23T13:54:51","modified_gmt":"2026-02-23T11:54:51","slug":"hijyenik-kose-somun","status":"publish","type":"product","link":"https:\/\/nhkmachineryparts.com\/tr\/product\/hygienic-corner-nut\/","title":{"rendered":"Paslanmaz \u00e7elikten hijyenik k\u00f6\u015fe somunu"},"content":{"rendered":"<section class=\"vc_row liquid-row-shadowbox-69d4bfb906876\"><div class=\"ld-container container\"><div class=\"row ld-row ld-row-outer\"><div class=\"wpb_column vc_column_container vc_col-sm-12 liquid-column-69d4bfb906a2b\"><div class=\"vc_column-inner\" ><div class=\"wpb_wrapper\"  >\n\t<div class=\"wpb_text_column wpb_content_element\" >\n\t\t<div class=\"wpb_wrapper\">\n\t\t\t<h2>K\u00f6\u015fe somunu<\/h2>\n<p>K\u00f6\u015fe somunu ve ara par\u00e7as\u0131 serimiz a\u015fa\u011f\u0131dakiler i\u00e7in tasarlanm\u0131\u015ft\u0131r: <a href=\"https:\/\/nhkmachineryparts.com\/tr\/our-industries\/\" data-internallinksmanager029f6b8e52c=\"4\" title=\"End\u00fcstrilerimiz\">end\u00fcstriler<\/a> malzeme direnci ve kolay temizlenebilir bir tasar\u0131m konusunda s\u00fcrekli olarak daha a\u011f\u0131r taleplerin oldu\u011fu yerlerde. \u015eu end\u00fcstriler: t\u0131bbi ekipman, g\u0131da ve ila\u00e7 i\u015fleme ekipmanlar\u0131, paketleme makineleri, 3A tasar\u0131ml\u0131 et ve k\u00fcmes hayvan\u0131 i\u015fleme ekipmanlar\u0131, s\u00fct i\u015fleme makineleri.<\/p>\n<h2>Di\u015fli paslanmaz \u00e7elik k\u00f6\u015fe somunu (Aisi 1.4301)<\/h2>\n<p>Paslanmaz \u00e7elik k\u00f6\u015fe somunu (Aisi 1.4301)<br \/>\nK\u00f6\u015fe somunu M8-16-15 \u2013 ID=8,2 \u2013 OD=16,0 \u2013 L=15 \u2013 L1=6<br \/>\nK\u00f6\u015fe somunu M8-16-20 \u2013 ID=8,2 \u2013 OD=16,0 \u2013 L=20 \u2013 L1=6<br \/>\nK\u00f6\u015fe somunu M8-16-25 \u2013 ID=8,2 \u2013 OD=16,0 \u2013 L=25 \u2013 L1=10<br \/>\nK\u00f6\u015fe somunu M10-18-15 \u2013 ID=10,2 \u2013 OD=18,0 \u2013 L=15 \u2013 L1=6<br \/>\nK\u00f6\u015fe somunu M10-18-25 \u2013 ID=10,2 \u2013 OD=18,0 \u2013 L=25 \u2013 L1=10<br \/>\nK\u00f6\u015fe somunu M12-22-15 \u2013 ID=12,2 \u2013 OD=22,0 \u2013 L=15 \u2013 L1=6<br \/>\nK\u00f6\u015fe somunu M12-22-25 \u2013 ID=12,2 \u2013 OD=22,0 \u2013 L=25 \u2013 L1=10<br \/>\nK\u00f6\u015fe somunu M16-26-15 \u2013 ID=16,2 \u2013 OD=26,0 \u2013 L=15 \u2013 L1=6<br \/>\nK\u00f6\u015fe somunu M16-26-25 \u2013 ID=16,2 \u2013 OD=26,0 \u2013 L=25 \u2013 L1=10<\/p>\n<h2>Paslanmaz \u00e7elikten k\u00f6\u015fe ara par\u00e7as\u0131 (Aisi 1.4301)<\/h2>\n<h3>Kaynak yap\u0131ld\u0131ktan sonra i\u00e7 \u00e7ap di\u015f a\u00e7maya haz\u0131r hale gelir<\/h3>\n<p>K\u00f6\u015fe ara par\u00e7as\u0131 6,8-16-15 \u2013 ID=6,8 \u2013 OD=16,0 \u2013 L=15<br \/>\nK\u00f6\u015fe ara par\u00e7as\u0131 6,8-16-25 \u2013 ID=6,8 \u2013 OD=16,0 \u2013 L=25<br \/>\nK\u00f6\u015fe ara par\u00e7as\u0131 8,5-18-15 \u2013 ID=8,5 \u2013 OD=18,0 \u2013 L=15<br \/>\nK\u00f6\u015fe ara par\u00e7as\u0131 8,5-18-25 \u2013 ID=8,5 \u2013 OD=18,0 \u2013 L=25<br \/>\nK\u00f6\u015fe ara par\u00e7as\u0131 10,2-22-15 \u2013 ID=10,2 \u2013 OD=22,0 \u2013 L=15<br \/>\nK\u00f6\u015fe ara par\u00e7as\u0131 10,2-22-25 \u2013 ID=10,2 \u2013 OD=22,0 \u2013 L=25<br \/>\nK\u00f6\u015fe ara par\u00e7as\u0131 14,0-26-15 \u2013 ID=14,0 \u2013 OD=26,0 \u2013 L=15<br \/>\nK\u00f6\u015fe ara par\u00e7as\u0131 14,0-26-25 \u2013 ID=14,0 \u2013 OD=26,0 \u2013 L=25<\/p>\n<p><a href=\"https:\/\/nhkmachineryparts.com\/tr\/urun-hatti\/kategori\/paslanmaz-celik-tasarimli-50-hijyenik-konveyor-parcasi\/\">Hijyenik tasar\u0131ml\u0131 konvey\u00f6r bile\u015fenleri<\/a><\/p>\n<p><a href=\"https:\/\/nhkmachineryparts.com\/tr\/temas-etmek\/\">Di\u011fer boyut i\u00e7in l\u00fctfen bizimle ileti\u015fime ge\u00e7in.<\/a><\/p>\n<h2>Paslanmaz \u00c7elik K\u00f6\u015fe Somunu<\/h2>\n<h3>Kolay Temizlenen Uygulamalar \u0130\u00e7in \u0130deal \u00c7\u00f6z\u00fcm<\/h3>\n<p>G\u0131da i\u015fleme, ila\u00e7 ve temiz odalar gibi hijyen ve temizli\u011fin en \u00f6nemli oldu\u011fu end\u00fcstrilerde, kullan\u0131lan her bile\u015fenin s\u0131k\u0131 standartlar\u0131 kar\u015f\u0131lamas\u0131 gerekir. Paslanmaz \u00e7elikten k\u00f6\u015fe somunlar\u0131 bu t\u00fcr ortamlarda hayati bir bile\u015fen olarak ortaya \u00e7\u0131km\u0131\u015ft\u0131r. Sa\u011flam tasar\u0131mlar\u0131, kolay temizlenebilir \u00f6zellikleriyle bir araya gelerek, \u00fcst\u00fcn performans sunarken bu end\u00fcstrilerin kat\u0131 gereksinimlerini kar\u015f\u0131lamalar\u0131n\u0131 sa\u011flar.<\/p>\n<h2><strong>Paslanmaz \u00c7elik Neden Tercih Edilen Malzemedir<\/strong><\/h2>\n<p>Paslanmaz \u00e7elik, ola\u011fan\u00fcst\u00fc \u00f6zellikleriyle \u00fcnl\u00fcd\u00fcr ve bu \u00f6zelli\u011fi onu zorlu ortamlarda kullan\u0131lan k\u00f6\u015fe somunlar\u0131 i\u00e7in ideal bir malzeme haline getirir:<\/p>\n<ul>\n<li><strong>Korozyon Direnci:<\/strong> Paslanmaz \u00e7elik, nemli veya kimyasal y\u00fckl\u00fc ortamlarda bile pas ve korozyona kar\u015f\u0131 diren\u00e7 g\u00f6stererek daha uzun bir kullan\u0131m \u00f6mr\u00fc sa\u011flar.<\/li>\n<li><strong>Hijyenik Y\u00fczey:<\/strong> Paslanmaz \u00e7eli\u011fin p\u00fcr\u00fczs\u00fcz ve g\u00f6zeneksiz y\u00fczeyi bakteri ve kirleticilerin yap\u0131\u015fmas\u0131n\u0131 \u00f6nler.<\/li>\n<li><strong>Dayan\u0131kl\u0131l\u0131k:<\/strong> Y\u00fcksek \u00e7ekme dayan\u0131m\u0131na sahip paslanmaz \u00e7elik k\u00f6\u015fe somunlar\u0131 a\u011f\u0131r y\u00fcklere ve zorlu ko\u015fullara dayan\u0131kl\u0131d\u0131r.<\/li>\n<li><strong>\u00c7evre Dostu:<\/strong> Paslanmaz \u00e7elik geri d\u00f6n\u00fc\u015ft\u00fcr\u00fclebilir bir malzemedir ve modern end\u00fcstrilerdeki s\u00fcrd\u00fcr\u00fclebilirlik hedefleriyle uyumludur.<\/li>\n<\/ul>\n<h2><strong>Hijyenik Uygulamalar \u0130\u00e7in Kolay Temizlenebilir Tasar\u0131m<\/strong><\/h2>\n<p>Paslanmaz \u00e7elik k\u00f6\u015fe somunlar\u0131, hijyene duyarl\u0131 ortamlarda kritik bir \u00f6zellik olan kolay temizlik i\u00e7in \u00f6zel olarak tasarlanm\u0131\u015ft\u0131r. Temel tasar\u0131m \u00f6\u011feleri \u015funlard\u0131r:<\/p>\n<ul>\n<li><strong>P\u00fcr\u00fczs\u00fcz Y\u00fczeyler:<\/strong> Daralt\u0131lm\u0131\u015f \u00e7atlaklar kir ve kirleticilerin birikmesini \u00f6nler.<\/li>\n<li><strong>Yuvarlak Kenarlar:<\/strong> Dezenfeksiyonu daha kolayd\u0131r ve d\u00f6k\u00fcnt\u00fclerin s\u0131k\u0131\u015fma riskini azalt\u0131r.<\/li>\n<li><strong>Cilal\u0131 Kaplama:<\/strong> Y\u00fcksek parlakl\u0131ktaki bir y\u00fczey sadece g\u00f6r\u00fcn\u00fcm\u00fc iyile\u015ftirmekle kalmaz, ayn\u0131 zamanda temizlenebilirli\u011fi de art\u0131r\u0131r.<\/li>\n<\/ul>\n<p>Bu \u00f6zellikler, paslanmaz \u00e7elik k\u00f6\u015fe somunlar\u0131n\u0131, g\u0131da \u00fcretim hatlar\u0131 veya ila\u00e7 laboratuvarlar\u0131 gibi hijyen protokollerinin titizlikle uyguland\u0131\u011f\u0131 ortamlar i\u00e7in m\u00fckemmel hale getirir.<\/p>\n<h2><strong>Y\u00fcksek Hijyen End\u00fcstrilerindeki Uygulamalar<\/strong><\/h2>\n<p>Paslanmaz \u00e7elik k\u00f6\u015fe somunlar\u0131 \u00e7e\u015fitli sekt\u00f6rlerde \u00f6nemli rol oynamaktad\u0131r:<\/p>\n<ul>\n<li><strong>Yiyecek ve i\u00e7ecek end\u00fcstrisi:<\/strong> Temizli\u011fin \u00fcr\u00fcn g\u00fcvenli\u011fini do\u011frudan etkiledi\u011fi konvey\u00f6r sistemlerinde, paketleme ekipmanlar\u0131nda ve i\u015fleme makinelerinde kullan\u0131l\u0131r.<\/li>\n<li><strong>\u0130la\u00e7 ve Biyoteknoloji:<\/strong> Sterilitenin tart\u0131\u015f\u0131lmaz oldu\u011fu ekipman ve montajlar\u0131n ayr\u0131lmaz bir par\u00e7as\u0131d\u0131r.<\/li>\n<li><strong>Temiz odalar:<\/strong> Kirlilik seviyelerinin kontrol alt\u0131nda oldu\u011fu ortamlarda sabitleme sistemleri i\u00e7in m\u00fckemmeldir.<\/li>\n<\/ul>\n<p>Bu end\u00fcstrilerde, kolay temizlenebilir yap\u0131lar\u0131, a\u015fa\u011f\u0131daki gibi kat\u0131 standartlara uyumu garanti eder: <a href=\"https:\/\/nhkmachineryparts.com\/tr\/3a-ve-ehedg-arasindaki-fark-nedir\/\" data-internallinksmanager029f6b8e52c=\"2\" title=\"EHEDG Sertifikal\u0131 Makine Par\u00e7alar\u0131\">EHEDG<\/a> ve FDA y\u00f6nergeleri.<\/p>\n<h2><strong>Geleneksel Ba\u011flant\u0131 Elemanlar\u0131na G\u00f6re Avantajlar\u0131<\/strong><\/h2>\n<p>Standart ba\u011flant\u0131 elemanlar\u0131 daha az kritik uygulamalarda yeterli olabilirken, paslanmaz \u00e7elik k\u00f6\u015fe somunlar\u0131 y\u00fcksek hijyen gerektiren ortamlarda belirgin avantajlar sunar:<\/p>\n<ul>\n<li><strong>Bak\u0131m kolayl\u0131\u011f\u0131:<\/strong> H\u0131zl\u0131 s\u00f6k\u00fcm ve temizlik i\u00e7in tasarlanm\u0131\u015ft\u0131r, duru\u015f s\u00fcresini en aza indirir.<\/li>\n<li><strong>Mevzuata uygunluk:<\/strong> Uluslararas\u0131 hijyen standartlar\u0131n\u0131 kar\u015f\u0131layarak operat\u00f6rlere g\u00f6n\u00fcl rahatl\u0131\u011f\u0131 sa\u011flay\u0131n.<\/li>\n<li><strong>Estetik G\u00f6r\u00fcn\u00fcm:<\/strong> Cilal\u0131 y\u00fczey, i\u015flevselli\u011fi art\u0131rman\u0131n yan\u0131 s\u0131ra ekipmana profesyonel bir g\u00f6r\u00fcn\u00fcm de kazand\u0131r\u0131r.<\/li>\n<\/ul>\n<h2><strong>Do\u011fru Paslanmaz \u00c7elik K\u00f6\u015fe Somunu Nas\u0131l Se\u00e7ilir<\/strong><\/h2>\n<p>Uygulaman\u0131z i\u00e7in k\u00f6\u015fe somunlar\u0131n\u0131 se\u00e7erken a\u015fa\u011f\u0131daki fakt\u00f6rleri g\u00f6z \u00f6n\u00fcnde bulundurun:<\/p>\n<ul>\n<li><strong>Paslanmaz \u00c7elik S\u0131n\u0131f\u0131:<\/strong> 304 ve 316 gibi kaliteler korozyon direnci a\u00e7\u0131s\u0131ndan m\u00fckemmel se\u00e7imlerdir.<\/li>\n<li><strong>Boyut ve Uyum:<\/strong> Mevcut ekipman\u0131n\u0131z veya sisteminizle uyumlulu\u011funu sa\u011flay\u0131n.<\/li>\n<li><strong>Sertifikalar:<\/strong> Hijyenik uygulamalar i\u00e7in EHEDG, 3A veya FDA taraf\u0131ndan sertifikaland\u0131r\u0131lm\u0131\u015f \u00fcr\u00fcnleri tercih edin.<\/li>\n<\/ul>\n<h2><strong>Paslanmaz \u00c7elik K\u00f6\u015fe Somunlar\u0131: Kolay Temizlenen Uygulamalar i\u00e7in Hijyenik \u00c7\u00f6z\u00fcm<\/strong><\/h2>\n<p>Paslanmaz \u00e7elik k\u00f6\u015fe somunlar\u0131, hijyen, g\u00fcvenlik ve verimlili\u011fi \u00f6n planda tutan end\u00fcstrilerde k\u00fc\u00e7\u00fck ama vazge\u00e7ilmez bir bile\u015fendir. Dayan\u0131kl\u0131l\u0131klar\u0131, kolay temizlenebilir tasar\u0131mlar\u0131 ve uluslararas\u0131 standartlara uygunluklar\u0131, onlar\u0131 zorlu ortamlar i\u00e7in m\u00fckemmel bir se\u00e7im haline getirir.<\/p>\n<p>\u0130\u015fletmeler, y\u00fcksek kaliteli paslanmaz \u00e7elik k\u00f6\u015fe somunlar\u0131na yat\u0131r\u0131m yaparak operasyonel g\u00fcvenilirli\u011fi art\u0131rabilir ve ilgili sekt\u00f6rlerin s\u0131k\u0131 gereksinimlerini kar\u015f\u0131lad\u0131klar\u0131ndan emin olabilirler.<\/p>\n\n\t\t<\/div>\n\t<\/div>\n<\/div><\/div><\/div><\/div><\/div><\/section>","protected":false},"excerpt":{"rendered":"Corner nut Our corner nut and spacer series are designed for the industries where continuously heavier demands on the material resistance and a design for easy-to-clean. Industries like: medical equipment, food &amp; pharmaceutical processing equipment, packaging machinery, 3A design-meat &amp; poultry processing equipment, dairy processing machines. Threaded stainless steel\u00a0corner nut\u00a0(Aisi 1.4301) Corner nut in stainless [...]","protected":false},"featured_media":8566,"template":"","meta":[],"product_brand":[],"product_cat":[64],"product_tag":[],"class_list":{"0":"post-5691","1":"product","2":"type-product","3":"status-publish","4":"has-post-thumbnail","6":"product_cat-hygienic-machinery-components-in-stainless-steel","8":"first","9":"instock","10":"shipping-taxable","11":"product-type-simple"},"yoast_head":"<!-- This site is optimized with the Yoast SEO plugin v27.3 - https:\/\/yoast.com\/product\/yoast-seo-wordpress\/ -->\n<title>Hygienic corner nut in stainless steel | NHK Machinery Parts<\/title>\n<meta name=\"description\" content=\"Our corner nut and spacer are designed for the industries where continuously heavier demands on the material resistance and a design for easy-to-clean.\" \/>\n<meta name=\"robots\" content=\"index, follow, max-snippet:-1, max-image-preview:large, max-video-preview:-1\" \/>\n<link rel=\"canonical\" href=\"https:\/\/nhkmachineryparts.com\/tr\/urun\/hijyenik-kose-somun\/\" \/>\n<meta property=\"og:locale\" content=\"tr_TR\" \/>\n<meta property=\"og:type\" content=\"article\" \/>\n<meta property=\"og:title\" content=\"Hygienic corner nut in stainless steel | NHK Machinery Parts\" \/>\n<meta property=\"og:description\" content=\"Our corner nut and spacer are designed for the industries where continuously heavier demands on the material resistance and a design for easy-to-clean.\" \/>\n<meta property=\"og:url\" content=\"https:\/\/nhkmachineryparts.com\/tr\/urun\/hijyenik-kose-somun\/\" \/>\n<meta property=\"og:site_name\" content=\"NHK Machinery Parts\" \/>\n<meta property=\"article:publisher\" content=\"https:\/\/www.facebook.com\/NHK.Group.aps\" \/>\n<meta property=\"article:modified_time\" content=\"2026-02-23T11:54:51+00:00\" \/>\n<meta property=\"og:image\" content=\"https:\/\/nhkmachineryparts.com\/wp-content\/uploads\/2023\/07\/Hygienic-corner-nut.jpg\" \/>\n\t<meta property=\"og:image:width\" content=\"1000\" \/>\n\t<meta property=\"og:image:height\" content=\"1000\" \/>\n\t<meta property=\"og:image:type\" content=\"image\/jpeg\" \/>\n<meta name=\"twitter:card\" content=\"summary_large_image\" \/>\n<meta name=\"twitter:label1\" content=\"Tahmini okuma s\u00fcresi\" \/>\n\t<meta name=\"twitter:data1\" content=\"4 dakika\" \/>\n<script type=\"application\/ld+json\" class=\"yoast-schema-graph\">{\"@context\":\"https:\\\/\\\/schema.org\",\"@graph\":[{\"@type\":\"WebPage\",\"@id\":\"https:\\\/\\\/nhkmachineryparts.com\\\/product\\\/hygienic-corner-nut\\\/\",\"url\":\"https:\\\/\\\/nhkmachineryparts.com\\\/product\\\/hygienic-corner-nut\\\/\",\"name\":\"Hygienic corner nut in stainless steel | NHK Machinery Parts\",\"isPartOf\":{\"@id\":\"https:\\\/\\\/nhkmachineryparts.com\\\/#website\"},\"primaryImageOfPage\":{\"@id\":\"https:\\\/\\\/nhkmachineryparts.com\\\/product\\\/hygienic-corner-nut\\\/#primaryimage\"},\"image\":{\"@id\":\"https:\\\/\\\/nhkmachineryparts.com\\\/product\\\/hygienic-corner-nut\\\/#primaryimage\"},\"thumbnailUrl\":\"https:\\\/\\\/nhkmachineryparts.com\\\/wp-content\\\/uploads\\\/2023\\\/07\\\/Hygienic-corner-nut.jpg\",\"datePublished\":\"2023-07-18T11:00:49+00:00\",\"dateModified\":\"2026-02-23T11:54:51+00:00\",\"description\":\"Our corner nut and spacer are designed for the industries where continuously heavier demands on the material resistance and a design for easy-to-clean.\",\"breadcrumb\":{\"@id\":\"https:\\\/\\\/nhkmachineryparts.com\\\/product\\\/hygienic-corner-nut\\\/#breadcrumb\"},\"inLanguage\":\"tr\",\"potentialAction\":[{\"@type\":\"ReadAction\",\"target\":[\"https:\\\/\\\/nhkmachineryparts.com\\\/product\\\/hygienic-corner-nut\\\/\"]}]},{\"@type\":\"ImageObject\",\"inLanguage\":\"tr\",\"@id\":\"https:\\\/\\\/nhkmachineryparts.com\\\/product\\\/hygienic-corner-nut\\\/#primaryimage\",\"url\":\"https:\\\/\\\/nhkmachineryparts.com\\\/wp-content\\\/uploads\\\/2023\\\/07\\\/Hygienic-corner-nut.jpg\",\"contentUrl\":\"https:\\\/\\\/nhkmachineryparts.com\\\/wp-content\\\/uploads\\\/2023\\\/07\\\/Hygienic-corner-nut.jpg\",\"width\":1000,\"height\":1000,\"caption\":\"Hygienic corner nut\"},{\"@type\":\"BreadcrumbList\",\"@id\":\"https:\\\/\\\/nhkmachineryparts.com\\\/product\\\/hygienic-corner-nut\\\/#breadcrumb\",\"itemListElement\":[{\"@type\":\"ListItem\",\"position\":1,\"name\":\"Home\",\"item\":\"https:\\\/\\\/nhkmachineryparts.com\\\/\"},{\"@type\":\"ListItem\",\"position\":2,\"name\":\"Product line\",\"item\":\"https:\\\/\\\/nhkmachineryparts.com\\\/product-line\\\/\"},{\"@type\":\"ListItem\",\"position\":3,\"name\":\"Hygienic machinery components in stainless steel\",\"item\":\"https:\\\/\\\/nhkmachineryparts.com\\\/product-line\\\/hygienic-machinery-components-in-stainless-steel\\\/\"},{\"@type\":\"ListItem\",\"position\":4,\"name\":\"Hygienic corner nut in stainless steel\"}]},{\"@type\":\"WebSite\",\"@id\":\"https:\\\/\\\/nhkmachineryparts.com\\\/#website\",\"url\":\"https:\\\/\\\/nhkmachineryparts.com\\\/\",\"name\":\"NHK Machinery Parts\",\"description\":\"Bearing Houses, seismic levelling feet and levelling castors\",\"publisher\":{\"@id\":\"https:\\\/\\\/nhkmachineryparts.com\\\/#organization\"},\"potentialAction\":[{\"@type\":\"SearchAction\",\"target\":{\"@type\":\"EntryPoint\",\"urlTemplate\":\"https:\\\/\\\/nhkmachineryparts.com\\\/?s={search_term_string}\"},\"query-input\":{\"@type\":\"PropertyValueSpecification\",\"valueRequired\":true,\"valueName\":\"search_term_string\"}}],\"inLanguage\":\"tr\"},{\"@type\":\"Organization\",\"@id\":\"https:\\\/\\\/nhkmachineryparts.com\\\/#organization\",\"name\":\"Nhk Group ApS\",\"url\":\"https:\\\/\\\/nhkmachineryparts.com\\\/\",\"logo\":{\"@type\":\"ImageObject\",\"inLanguage\":\"tr\",\"@id\":\"https:\\\/\\\/nhkmachineryparts.com\\\/#\\\/schema\\\/logo\\\/image\\\/\",\"url\":\"https:\\\/\\\/nhkmachineryparts.com\\\/wp-content\\\/uploads\\\/2022\\\/09\\\/NHKgroup_social.jpg\",\"contentUrl\":\"https:\\\/\\\/nhkmachineryparts.com\\\/wp-content\\\/uploads\\\/2022\\\/09\\\/NHKgroup_social.jpg\",\"width\":1200,\"height\":630,\"caption\":\"Nhk Group ApS\"},\"image\":{\"@id\":\"https:\\\/\\\/nhkmachineryparts.com\\\/#\\\/schema\\\/logo\\\/image\\\/\"},\"sameAs\":[\"https:\\\/\\\/www.facebook.com\\\/NHK.Group.aps\"]}]}<\/script>\n<!-- \/ Yoast SEO plugin. -->","yoast_head_json":{"title":"Paslanmaz \u00e7elikten hijyenik k\u00f6\u015fe somunu | NHK Makine Par\u00e7alar\u0131","description":"K\u00f6\u015fe somunumuz ve ara par\u00e7am\u0131z, malzeme direncine y\u00f6nelik s\u00fcrekli olarak daha a\u011f\u0131r taleplerin oldu\u011fu ve temizlemesi kolay bir tasar\u0131ma sahip olan end\u00fcstriler i\u00e7in tasarlanm\u0131\u015ft\u0131r.","robots":{"index":"index","follow":"follow","max-snippet":"max-snippet:-1","max-image-preview":"max-image-preview:large","max-video-preview":"max-video-preview:-1"},"canonical":"https:\/\/nhkmachineryparts.com\/tr\/urun\/hijyenik-kose-somun\/","og_locale":"tr_TR","og_type":"article","og_title":"Hygienic corner nut in stainless steel | NHK Machinery Parts","og_description":"Our corner nut and spacer are designed for the industries where continuously heavier demands on the material resistance and a design for easy-to-clean.","og_url":"https:\/\/nhkmachineryparts.com\/tr\/urun\/hijyenik-kose-somun\/","og_site_name":"NHK Machinery Parts","article_publisher":"https:\/\/www.facebook.com\/NHK.Group.aps","article_modified_time":"2026-02-23T11:54:51+00:00","og_image":[{"width":1000,"height":1000,"url":"https:\/\/nhkmachineryparts.com\/wp-content\/uploads\/2023\/07\/Hygienic-corner-nut.jpg","type":"image\/jpeg"}],"twitter_card":"summary_large_image","twitter_misc":{"Tahmini okuma s\u00fcresi":"4 dakika"},"schema":{"@context":"https:\/\/schema.org","@graph":[{"@type":"WebPage","@id":"https:\/\/nhkmachineryparts.com\/product\/hygienic-corner-nut\/","url":"https:\/\/nhkmachineryparts.com\/product\/hygienic-corner-nut\/","name":"Paslanmaz \u00e7elikten hijyenik k\u00f6\u015fe somunu | NHK Makine Par\u00e7alar\u0131","isPartOf":{"@id":"https:\/\/nhkmachineryparts.com\/#website"},"primaryImageOfPage":{"@id":"https:\/\/nhkmachineryparts.com\/product\/hygienic-corner-nut\/#primaryimage"},"image":{"@id":"https:\/\/nhkmachineryparts.com\/product\/hygienic-corner-nut\/#primaryimage"},"thumbnailUrl":"https:\/\/nhkmachineryparts.com\/wp-content\/uploads\/2023\/07\/Hygienic-corner-nut.jpg","datePublished":"2023-07-18T11:00:49+00:00","dateModified":"2026-02-23T11:54:51+00:00","description":"K\u00f6\u015fe somunumuz ve ara par\u00e7am\u0131z, malzeme direncine y\u00f6nelik s\u00fcrekli olarak daha a\u011f\u0131r taleplerin oldu\u011fu ve temizlemesi kolay bir tasar\u0131ma sahip olan end\u00fcstriler i\u00e7in tasarlanm\u0131\u015ft\u0131r.","breadcrumb":{"@id":"https:\/\/nhkmachineryparts.com\/product\/hygienic-corner-nut\/#breadcrumb"},"inLanguage":"tr","potentialAction":[{"@type":"ReadAction","target":["https:\/\/nhkmachineryparts.com\/product\/hygienic-corner-nut\/"]}]},{"@type":"ImageObject","inLanguage":"tr","@id":"https:\/\/nhkmachineryparts.com\/product\/hygienic-corner-nut\/#primaryimage","url":"https:\/\/nhkmachineryparts.com\/wp-content\/uploads\/2023\/07\/Hygienic-corner-nut.jpg","contentUrl":"https:\/\/nhkmachineryparts.com\/wp-content\/uploads\/2023\/07\/Hygienic-corner-nut.jpg","width":1000,"height":1000,"caption":"Hygienic corner nut"},{"@type":"BreadcrumbList","@id":"https:\/\/nhkmachineryparts.com\/product\/hygienic-corner-nut\/#breadcrumb","itemListElement":[{"@type":"ListItem","position":1,"name":"Home","item":"https:\/\/nhkmachineryparts.com\/"},{"@type":"ListItem","position":2,"name":"Product line","item":"https:\/\/nhkmachineryparts.com\/product-line\/"},{"@type":"ListItem","position":3,"name":"Hygienic machinery components in stainless steel","item":"https:\/\/nhkmachineryparts.com\/product-line\/hygienic-machinery-components-in-stainless-steel\/"},{"@type":"ListItem","position":4,"name":"Hygienic corner nut in stainless steel"}]},{"@type":"WebSite","@id":"https:\/\/nhkmachineryparts.com\/#website","url":"https:\/\/nhkmachineryparts.com\/","name":"NHK Makine Par\u00e7alar\u0131","description":"Rulman Yataklar\u0131, sismik tesviye ayaklar\u0131 ve tesviye tekerlekleri","publisher":{"@id":"https:\/\/nhkmachineryparts.com\/#organization"},"potentialAction":[{"@type":"SearchAction","target":{"@type":"EntryPoint","urlTemplate":"https:\/\/nhkmachineryparts.com\/?s={search_term_string}"},"query-input":{"@type":"PropertyValueSpecification","valueRequired":true,"valueName":"search_term_string"}}],"inLanguage":"tr"},{"@type":"Organization","@id":"https:\/\/nhkmachineryparts.com\/#organization","name":"NHK Grup ApS","url":"https:\/\/nhkmachineryparts.com\/","logo":{"@type":"ImageObject","inLanguage":"tr","@id":"https:\/\/nhkmachineryparts.com\/#\/schema\/logo\/image\/","url":"https:\/\/nhkmachineryparts.com\/wp-content\/uploads\/2022\/09\/NHKgroup_social.jpg","contentUrl":"https:\/\/nhkmachineryparts.com\/wp-content\/uploads\/2022\/09\/NHKgroup_social.jpg","width":1200,"height":630,"caption":"Nhk Group ApS"},"image":{"@id":"https:\/\/nhkmachineryparts.com\/#\/schema\/logo\/image\/"},"sameAs":["https:\/\/www.facebook.com\/NHK.Group.aps"]}]}},"_links":{"self":[{"href":"https:\/\/nhkmachineryparts.com\/tr\/wp-json\/wp\/v2\/product\/5691","targetHints":{"allow":["GET"]}}],"collection":[{"href":"https:\/\/nhkmachineryparts.com\/tr\/wp-json\/wp\/v2\/product"}],"about":[{"href":"https:\/\/nhkmachineryparts.com\/tr\/wp-json\/wp\/v2\/types\/product"}],"wp:featuredmedia":[{"embeddable":true,"href":"https:\/\/nhkmachineryparts.com\/tr\/wp-json\/wp\/v2\/media\/8566"}],"wp:attachment":[{"href":"https:\/\/nhkmachineryparts.com\/tr\/wp-json\/wp\/v2\/media?parent=5691"}],"wp:term":[{"taxonomy":"product_brand","embeddable":true,"href":"https:\/\/nhkmachineryparts.com\/tr\/wp-json\/wp\/v2\/product_brand?post=5691"},{"taxonomy":"product_cat","embeddable":true,"href":"https:\/\/nhkmachineryparts.com\/tr\/wp-json\/wp\/v2\/product_cat?post=5691"},{"taxonomy":"product_tag","embeddable":true,"href":"https:\/\/nhkmachineryparts.com\/tr\/wp-json\/wp\/v2\/product_tag?post=5691"}],"curies":[{"name":"wp","href":"https:\/\/api.w.org\/{rel}","templated":true}]}}