{"id":5604,"date":"2023-07-14T14:32:54","date_gmt":"2023-07-14T12:32:54","guid":{"rendered":"https:\/\/nhkmachineryparts.com\/?post_type=product&#038;p=5604"},"modified":"2026-02-23T14:02:49","modified_gmt":"2026-02-23T12:02:49","slug":"paslanmaz-celikten-hijyenik-kilitlemenin-anahtari","status":"publish","type":"product","link":"https:\/\/nhkmachineryparts.com\/tr\/product\/key-for-hygienic-lock-in-stainless-steel\/","title":{"rendered":"Paslanmaz \u00e7elikten yap\u0131lm\u0131\u015f IP67 hijyenik kilit i\u00e7in anahtar"},"content":{"rendered":"<section class=\"vc_row liquid-row-shadowbox-69d4a74d0587a\"><div class=\"ld-container container\"><div class=\"row ld-row ld-row-outer\"><div class=\"wpb_column vc_column_container vc_col-sm-12 liquid-column-69d4a74d059f6\"><div class=\"vc_column-inner\" ><div class=\"wpb_wrapper\"  >\n\t<div class=\"wpb_text_column wpb_content_element\" >\n\t\t<div class=\"wpb_wrapper\">\n\t\t\t<h2>S\u0131k\u0131 Hijyen Ortamlar\u0131ndaki Muhafazalar i\u00e7in Kapal\u0131 IP67 Hijyenik Kilitler i\u00e7in Anahtar<\/h2>\n<p>Anahtar i\u00e7in <a href=\"https:\/\/nhkmachineryparts.com\/tr\/urun\/hijyenik-kilit\/\">12.8mm \u00fcst IP67 Hijyenik Kilitler<\/a><\/p>\n<p>Anahtar i\u00e7in <a href=\"https:\/\/nhkmachineryparts.com\/tr\/urun\/hijyenik-kilit\/\">\u00fc\u00e7gen \u00fcst IP67 Hijyenik Kilitler<\/a><\/p>\n<h2>Muhafazalar i\u00e7in Hijyenik Kilitlere Giri\u015f<\/h2>\n<p>\u0130\u00e7inde <a href=\"https:\/\/nhkmachineryparts.com\/tr\/our-industries\/\" data-internallinksmanager029f6b8e52c=\"4\" title=\"End\u00fcstrilerimiz\">end\u00fcstriler<\/a> G\u0131da i\u015fleme, ila\u00e7lar ve biyoteknoloji gibi s\u0131k\u0131 hijyen gereksinimleriyle, ekipman bile\u015fenleri temizlik ve g\u00fcvenlik a\u00e7\u0131s\u0131ndan en y\u00fcksek standartlar\u0131 kar\u015f\u0131lamal\u0131d\u0131r. Muhafazalar i\u00e7in hijyenik kilitler, \u00f6zellikle de <a href=\"https:\/\/nhkmachineryparts.com\/tr\/product-line\/ip67-waterproof-bearing-house-units\/\" data-internallinksmanager029f6b8e52c=\"3\" title=\"IP67 Su ge\u00e7irmez rulman yuvas\u0131 \u00fcniteleri\">IP67<\/a>, hijyenik ortamlar\u0131n korunmas\u0131nda kritik bir rol oynar. Bu kilitler, suya, toza ve kirlenmeye kar\u015f\u0131 dayan\u0131kl\u0131 olacak \u015fekilde \u00f6zel olarak tasarlanm\u0131\u015ft\u0131r ve bu da onlar\u0131 zorlu end\u00fcstriyel ortamlar i\u00e7in ideal hale getirir.<\/p>\n<hr \/>\n<h2>IP67 Hijyenik Kilitler Nelerdir?<\/h2>\n<p><strong>IP67 hijyenik kilitler<\/strong> muhafazalar\u0131 s\u0131k\u0131 hijyen ve \u00e7evre standartlar\u0131n\u0131 kar\u015f\u0131layarak g\u00fcvence alt\u0131na almak i\u00e7in tasarlanm\u0131\u015f s\u0131zd\u0131rmazl\u0131k mekanizmalar\u0131d\u0131r. IP67 derecesi, bu kilitlerin \u015fu \u00f6zelliklere sahip oldu\u011funu g\u00f6sterir:<\/p>\n<ul>\n<li><strong>Toz ge\u00e7irmez<\/strong>: Toz ve ince par\u00e7ac\u0131klar\u0131n i\u00e7eri girmesini engeller.<\/li>\n<li><strong>Su ge\u00e7irmez<\/strong>: 30 dakika boyunca 1 metre derinli\u011fe kadar suya dayan\u0131kl\u0131.<\/li>\n<\/ul>\n<p>Bu, ekipman temizli\u011finin y\u00fcksek bas\u0131n\u00e7l\u0131 y\u0131kama veya neme maruz kalmay\u0131 i\u00e7erdi\u011fi ortamlarda onlar\u0131 vazge\u00e7ilmez k\u0131lar.<\/p>\n<hr \/>\n<h2>IP67 Hijyenik Kilitlerin Temel \u00d6zellikleri<\/h2>\n<h3>1. <strong>Kolay Temizlik \u0130\u00e7in Kusursuz Tasar\u0131m<\/strong><\/h3>\n<p>Hijyenik kilitler genellikle kir, bakteri ve di\u011fer kirleticilerin birikmesini \u00f6nlemek i\u00e7in diki\u015fsiz, yuvarlak bir tasar\u0131ma sahiptir. Bu p\u00fcr\u00fczs\u00fcz y\u00fczeyler rutin sanitasyon s\u00fcre\u00e7leri s\u0131ras\u0131nda zahmetsiz temizlik sa\u011flar.<\/p>\n<h3>2. <strong>Korozyona Dayan\u0131kl\u0131 Malzemeler<\/strong><\/h3>\n<p>Y\u00fcksek kaliteli paslanmaz \u00e7elikten \u00fcretilen IP67 kilitler, temizlik kimyasallar\u0131, tuzlu ortamlar veya end\u00fcstriyel i\u015flemlerden kaynaklanan korozyona kar\u015f\u0131 dayan\u0131kl\u0131d\u0131r. Bu, dayan\u0131kl\u0131l\u0131klar\u0131n\u0131 art\u0131r\u0131r ve uzun bir hizmet \u00f6mr\u00fc sa\u011flar.<\/p>\n<h3>3. <strong>G\u00fcvenli S\u0131zd\u0131rmazl\u0131k Mekanizmalar\u0131<\/strong><\/h3>\n<p>Kilitler, muhafazalar i\u00e7in hava ge\u00e7irmez bir kapatma sa\u011flayan geli\u015fmi\u015f s\u0131zd\u0131rmazl\u0131k teknolojileriyle donat\u0131lm\u0131\u015ft\u0131r. Bu, kirlenme riskini en aza indirir ve hassas ekipman\u0131 \u00e7evresel hasardan korur.<\/p>\n<h3>4. <strong>End\u00fcstri Standartlar\u0131na Uygunluk<\/strong><\/h3>\n<p>IP67 hijyenik kilitler genellikle \u015fu gibi uluslararas\u0131 standartlara uygundur:<\/p>\n<ul>\n<li><strong><a href=\"https:\/\/nhkmachineryparts.com\/tr\/3a-ve-ehedg-arasindaki-fark-nedir\/\" data-internallinksmanager029f6b8e52c=\"2\" title=\"EHEDG Sertifikal\u0131 Makine Par\u00e7alar\u0131\">EHEDG<\/a> (Avrupa Hijyenik M\u00fchendislik ve Tasar\u0131m Grubu)<\/strong> hijyenik tasar\u0131m i\u00e7in.<\/li>\n<li><strong>FDA (G\u0131da ve \u0130la\u00e7 Dairesi)<\/strong> G\u0131daya uygun malzemeler i\u00e7in.<\/li>\n<li><strong>ISO 14159<\/strong> Makinelerde emniyet i\u00e7in.<\/li>\n<\/ul>\n<h3>5. <strong>Kurulum ve Kullan\u0131m Kolayl\u0131\u011f\u0131<\/strong><\/h3>\n<p>Bu kilitler, end\u00fcstriyel ortamlarda ar\u0131za s\u00fcresini azalt\u0131p verimlili\u011fi art\u0131racak \u015fekilde h\u0131zl\u0131 kurulum ve ergonomik kullan\u0131m i\u00e7in tasarlanm\u0131\u015ft\u0131r.<\/p>\n<hr \/>\n<h2>IP67 Hijyenik Kilitleri Kullanman\u0131n Faydalar\u0131<\/h2>\n<h3>Geli\u015fmi\u015f Hijyen ve G\u00fcvenlik<\/h3>\n<p>Bu kilitler, kirlenmeyi \u00f6nleyerek ve ekipman b\u00fct\u00fcnl\u00fc\u011f\u00fcn\u00fc garanti alt\u0131na alarak, g\u0131da ve ila\u00e7 i\u015fleme gibi end\u00fcstrilerde s\u0131k\u0131 hijyen protokollerini destekler.<\/p>\n<h3>Uzun \u00d6m\u00fcr ve G\u00fcvenilirlik<\/h3>\n<p>Dayan\u0131kl\u0131 malzemelerin ve sa\u011flam s\u0131zd\u0131rmazl\u0131k mekanizmalar\u0131n\u0131n kullan\u0131lmas\u0131, bu kilitlerin tekrarlanan temizlik d\u00f6ng\u00fclerine ve zorlu ortamlara dayanabilmesini sa\u011flar.<\/p>\n<h3>Maliyet Etkinli\u011fi<\/h3>\n<p>IP67 hijyenik kilitlere yat\u0131r\u0131m yapmak, bak\u0131m ve de\u011fi\u015ftirme maliyetlerini en aza indirerek i\u015fletmelere uzun vadeli de\u011fer katar.<\/p>\n<h3>Sekt\u00f6re \u00d6zel \u00c7ok Y\u00f6nl\u00fcl\u00fck<\/h3>\n<p>G\u0131da i\u015fleme sekt\u00f6r\u00fcnden biyoteknolojiye kadar, bu kilitler \u00e7e\u015fitli sekt\u00f6rlerin benzersiz taleplerini kar\u015f\u0131layacak kadar \u00e7ok y\u00f6nl\u00fcd\u00fcr.<\/p>\n<hr \/>\n<h2>IP67 Hijyenik Kilitlerin Uygulamalar\u0131<\/h2>\n<h3>G\u0131da i\u015fleme<\/h3>\n<p>G\u0131da \u00fcretiminde, \u00e7apraz kontaminasyonu \u00f6nlemek i\u00e7in ekipman temizli\u011fi \u00e7ok \u00f6nemlidir. Hijyenik kilitler, y\u00fcksek bas\u0131n\u00e7l\u0131 temizlik s\u0131ras\u0131nda muhafazalar\u0131n kapal\u0131 kalmas\u0131n\u0131 sa\u011flayarak g\u0131da kalitesini korur.<\/p>\n<h3>\u0130la\u00e7 \u00dcretimi<\/h3>\n<p>Farmas\u00f6tik ortamlar mutlak sterilite gerektirir. IP67 kilitler, \u00fcretim s\u00fcre\u00e7leri s\u0131ras\u0131nda kontaminasyonu \u00f6nleyerek ekipman i\u00e7in g\u00fcvenli bir muhafaza sa\u011flar.<\/p>\n<h3>Biyoteknoloji ve Sa\u011fl\u0131k<\/h3>\n<p>Laboratuvarlarda ve sa\u011fl\u0131k tesislerinde hassas ekipmanlar\u0131n b\u00fct\u00fcnl\u00fc\u011f\u00fcn\u00fc korumak ve \u00e7evresel kirleticilere kar\u015f\u0131 koruma sa\u011flamak amac\u0131yla bu kilitler kullan\u0131lmaktad\u0131r.<\/p>\n<h3>\u0130\u00e7ecek end\u00fcstrisi<\/h3>\n<p>\u015ei\u015feleme hatlar\u0131ndan fermantasyon tanklar\u0131na kadar i\u00e7ecek end\u00fcstrisi, operasyon ve temizlik s\u0131ras\u0131nda ekipman\u0131n kapal\u0131 ve kirlenmemi\u015f kalmas\u0131n\u0131 sa\u011flamak i\u00e7in IP67 kilitlere g\u00fcveniyor.<\/p>\n<hr \/>\n<h2><a href=\"https:\/\/nhkmachineryparts.com\/tr\/urun\/hijyenik-kilit\/\">Do\u011fru IP67 Hijyenik Kilidini Se\u00e7mek<\/a><\/h2>\n<p>Muhafazalar\u0131n\u0131z i\u00e7in hijyenik kilitleri se\u00e7erken a\u015fa\u011f\u0131daki fakt\u00f6rleri g\u00f6z \u00f6n\u00fcnde bulundurun:<\/p>\n<ol>\n<li><strong>Malzeme Kalitesi<\/strong>: Paslanmaz \u00e7elik veya di\u011fer FDA uyumlu malzemeler.<\/li>\n<li><strong>S\u0131zd\u0131rmazl\u0131k Performans\u0131<\/strong>: Suya ve toza dayan\u0131kl\u0131l\u0131k a\u00e7\u0131s\u0131ndan IP67 derecesine sahip oldu\u011fundan emin olun.<\/li>\n<li><strong>Uyumluluk<\/strong>:Kilit tasar\u0131m\u0131n\u0131 \u00f6zel muhafazan\u0131za ve sekt\u00f6r gereksinimlerinize g\u00f6re ayarlay\u0131n.<\/li>\n<li><strong>Sertifikasyon<\/strong>:\u0130lgili hijyen ve g\u00fcvenlik standartlar\u0131na uyumu aray\u0131n.<\/li>\n<\/ol>\n<hr \/>\n<h2>Bak\u0131m ve En \u0130yi Uygulamalar<\/h2>\n<p>IP67 hijyenik kilitlerin performans\u0131n\u0131 ve kullan\u0131m \u00f6mr\u00fcn\u00fc en \u00fcst d\u00fczeye \u00e7\u0131karmak i\u00e7in:<\/p>\n<ul>\n<li><strong>D\u00fczenli Temizlik<\/strong>:Kilidin hijyenik b\u00fct\u00fcnl\u00fc\u011f\u00fcn\u00fc korumak i\u00e7in onayl\u0131 temizlik maddeleri kullan\u0131n.<\/li>\n<li><strong>Rutin Denetimler<\/strong>: A\u015f\u0131nma, korozyon veya hasar belirtileri olup olmad\u0131\u011f\u0131n\u0131 kontrol edin.<\/li>\n<li><strong>Uygun Kurulum<\/strong>: Kilitlerin g\u00fcvenli bir \u015fekilde tak\u0131l\u0131 ve \u00e7al\u0131\u015f\u0131r durumda oldu\u011fundan emin olun.<\/li>\n<\/ul>\n<hr \/>\n<h2>S\u0131k\u0131 hijyen \u015fartlar\u0131na uymas\u0131 gereken ekipmanlar i\u00e7in en uygun se\u00e7im.<\/h2>\n<p>Kapal\u0131 IP67 hijyenik kilitler, g\u0131da i\u015fleme, ila\u00e7 ve biyoteknoloji gibi end\u00fcstrilerde s\u0131k\u0131 hijyen standartlar\u0131n\u0131 korumada kritik bile\u015fenlerdir. Yenilik\u00e7i tasar\u0131mlar\u0131, dayan\u0131kl\u0131 malzemeleri ve k\u00fcresel standartlara uygunluklar\u0131, onlar\u0131 temizlik ve g\u00fcvenli\u011fe odaklanan her kurulu\u015f i\u00e7in paha bi\u00e7ilmez bir yat\u0131r\u0131m haline getirir.<\/p>\n<p>\u0130\u015fletmeler do\u011fru kilitleri se\u00e7erek ve uygun bak\u0131m uygulamalar\u0131n\u0131 takip ederek operasyonel verimlili\u011fi art\u0131rabilir, ekipmanlar\u0131 koruyabilir ve en y\u00fcksek hijyen standartlar\u0131n\u0131 koruyabilir.<\/p>\n<p>Maksimum 0,8 \u00b5m Ra p\u00fcr\u00fczl\u00fcl\u00fc\u011fe sahip, kendi kendini bo\u015faltan y\u00fczeyler.<\/p>\n\n\t\t<\/div>\n\t<\/div>\n<\/div><\/div><\/div><\/div><\/div><\/section>","protected":false},"excerpt":{"rendered":"Key for Sealed IP67 Hygienic Locks for Enclosures in Strict Hygiene Environments Key for 12.8mm top IP67 Hygienic Locks Key for triangle top IP67 Hygienic Locks Introduction to Hygienic Locks for Enclosures In industries with stringent hygiene requirements, such as food processing, pharmaceuticals, and biotechnology, equipment components must meet the highest standards for cleanliness and [...]","protected":false},"featured_media":8563,"template":"","meta":[],"product_brand":[],"product_cat":[64],"product_tag":[],"class_list":{"0":"post-5604","1":"product","2":"type-product","3":"status-publish","4":"has-post-thumbnail","6":"product_cat-hygienic-machinery-components-in-stainless-steel","8":"first","9":"instock","10":"shipping-taxable","11":"product-type-simple"},"yoast_head":"<!-- This site is optimized with the Yoast SEO plugin v27.3 - https:\/\/yoast.com\/product\/yoast-seo-wordpress\/ -->\n<title>Key for IP67 hygienic lock in stainless steel | NHK Machinery Parts<\/title>\n<meta name=\"description\" content=\"NHK Components optimal choice for equipment that must comply with strict hygiene requirements. Self-draining surfaces with a maximal roughness of 0.8 \u00b5m Ra.\" \/>\n<meta name=\"robots\" content=\"index, follow, max-snippet:-1, max-image-preview:large, max-video-preview:-1\" \/>\n<link rel=\"canonical\" href=\"https:\/\/nhkmachineryparts.com\/tr\/urun\/paslanmaz-celikten-hijyenik-kilitlemenin-anahtari\/\" \/>\n<meta property=\"og:locale\" content=\"tr_TR\" \/>\n<meta property=\"og:type\" content=\"article\" \/>\n<meta property=\"og:title\" content=\"Key for IP67 hygienic lock in stainless steel | NHK Machinery Parts\" \/>\n<meta property=\"og:description\" content=\"NHK Components optimal choice for equipment that must comply with strict hygiene requirements. Self-draining surfaces with a maximal roughness of 0.8 \u00b5m Ra.\" \/>\n<meta property=\"og:url\" content=\"https:\/\/nhkmachineryparts.com\/tr\/urun\/paslanmaz-celikten-hijyenik-kilitlemenin-anahtari\/\" \/>\n<meta property=\"og:site_name\" content=\"NHK Machinery Parts\" \/>\n<meta property=\"article:publisher\" content=\"https:\/\/www.facebook.com\/NHK.Group.aps\" \/>\n<meta property=\"article:modified_time\" content=\"2026-02-23T12:02:49+00:00\" \/>\n<meta property=\"og:image\" content=\"https:\/\/nhkmachineryparts.com\/wp-content\/uploads\/2023\/07\/Key-for-hygienic-lock-in-stainless-steel.jpg\" \/>\n\t<meta property=\"og:image:width\" content=\"1000\" \/>\n\t<meta property=\"og:image:height\" content=\"1000\" \/>\n\t<meta property=\"og:image:type\" content=\"image\/jpeg\" \/>\n<meta name=\"twitter:card\" content=\"summary_large_image\" \/>\n<meta name=\"twitter:label1\" content=\"Tahmini okuma s\u00fcresi\" \/>\n\t<meta name=\"twitter:data1\" content=\"4 dakika\" \/>\n<script type=\"application\/ld+json\" class=\"yoast-schema-graph\">{\"@context\":\"https:\\\/\\\/schema.org\",\"@graph\":[{\"@type\":\"WebPage\",\"@id\":\"https:\\\/\\\/nhkmachineryparts.com\\\/product\\\/key-for-hygienic-lock-in-stainless-steel\\\/\",\"url\":\"https:\\\/\\\/nhkmachineryparts.com\\\/product\\\/key-for-hygienic-lock-in-stainless-steel\\\/\",\"name\":\"Key for IP67 hygienic lock in stainless steel | NHK Machinery Parts\",\"isPartOf\":{\"@id\":\"https:\\\/\\\/nhkmachineryparts.com\\\/#website\"},\"primaryImageOfPage\":{\"@id\":\"https:\\\/\\\/nhkmachineryparts.com\\\/product\\\/key-for-hygienic-lock-in-stainless-steel\\\/#primaryimage\"},\"image\":{\"@id\":\"https:\\\/\\\/nhkmachineryparts.com\\\/product\\\/key-for-hygienic-lock-in-stainless-steel\\\/#primaryimage\"},\"thumbnailUrl\":\"https:\\\/\\\/nhkmachineryparts.com\\\/wp-content\\\/uploads\\\/2023\\\/07\\\/Key-for-hygienic-lock-in-stainless-steel.jpg\",\"datePublished\":\"2023-07-14T12:32:54+00:00\",\"dateModified\":\"2026-02-23T12:02:49+00:00\",\"description\":\"NHK Components optimal choice for equipment that must comply with strict hygiene requirements. Self-draining surfaces with a maximal roughness of 0.8 \u00b5m Ra.\",\"breadcrumb\":{\"@id\":\"https:\\\/\\\/nhkmachineryparts.com\\\/product\\\/key-for-hygienic-lock-in-stainless-steel\\\/#breadcrumb\"},\"inLanguage\":\"tr\",\"potentialAction\":[{\"@type\":\"ReadAction\",\"target\":[\"https:\\\/\\\/nhkmachineryparts.com\\\/product\\\/key-for-hygienic-lock-in-stainless-steel\\\/\"]}]},{\"@type\":\"ImageObject\",\"inLanguage\":\"tr\",\"@id\":\"https:\\\/\\\/nhkmachineryparts.com\\\/product\\\/key-for-hygienic-lock-in-stainless-steel\\\/#primaryimage\",\"url\":\"https:\\\/\\\/nhkmachineryparts.com\\\/wp-content\\\/uploads\\\/2023\\\/07\\\/Key-for-hygienic-lock-in-stainless-steel.jpg\",\"contentUrl\":\"https:\\\/\\\/nhkmachineryparts.com\\\/wp-content\\\/uploads\\\/2023\\\/07\\\/Key-for-hygienic-lock-in-stainless-steel.jpg\",\"width\":1000,\"height\":1000,\"caption\":\"Key for hygienic lock in stainless steel\"},{\"@type\":\"BreadcrumbList\",\"@id\":\"https:\\\/\\\/nhkmachineryparts.com\\\/product\\\/key-for-hygienic-lock-in-stainless-steel\\\/#breadcrumb\",\"itemListElement\":[{\"@type\":\"ListItem\",\"position\":1,\"name\":\"Home\",\"item\":\"https:\\\/\\\/nhkmachineryparts.com\\\/\"},{\"@type\":\"ListItem\",\"position\":2,\"name\":\"Product line\",\"item\":\"https:\\\/\\\/nhkmachineryparts.com\\\/product-line\\\/\"},{\"@type\":\"ListItem\",\"position\":3,\"name\":\"Hygienic machinery components in stainless steel\",\"item\":\"https:\\\/\\\/nhkmachineryparts.com\\\/product-line\\\/hygienic-machinery-components-in-stainless-steel\\\/\"},{\"@type\":\"ListItem\",\"position\":4,\"name\":\"Key for IP67 hygienic lock in stainless steel\"}]},{\"@type\":\"WebSite\",\"@id\":\"https:\\\/\\\/nhkmachineryparts.com\\\/#website\",\"url\":\"https:\\\/\\\/nhkmachineryparts.com\\\/\",\"name\":\"NHK Machinery Parts\",\"description\":\"Bearing Houses, seismic levelling feet and levelling castors\",\"publisher\":{\"@id\":\"https:\\\/\\\/nhkmachineryparts.com\\\/#organization\"},\"potentialAction\":[{\"@type\":\"SearchAction\",\"target\":{\"@type\":\"EntryPoint\",\"urlTemplate\":\"https:\\\/\\\/nhkmachineryparts.com\\\/?s={search_term_string}\"},\"query-input\":{\"@type\":\"PropertyValueSpecification\",\"valueRequired\":true,\"valueName\":\"search_term_string\"}}],\"inLanguage\":\"tr\"},{\"@type\":\"Organization\",\"@id\":\"https:\\\/\\\/nhkmachineryparts.com\\\/#organization\",\"name\":\"Nhk Group ApS\",\"url\":\"https:\\\/\\\/nhkmachineryparts.com\\\/\",\"logo\":{\"@type\":\"ImageObject\",\"inLanguage\":\"tr\",\"@id\":\"https:\\\/\\\/nhkmachineryparts.com\\\/#\\\/schema\\\/logo\\\/image\\\/\",\"url\":\"https:\\\/\\\/nhkmachineryparts.com\\\/wp-content\\\/uploads\\\/2022\\\/09\\\/NHKgroup_social.jpg\",\"contentUrl\":\"https:\\\/\\\/nhkmachineryparts.com\\\/wp-content\\\/uploads\\\/2022\\\/09\\\/NHKgroup_social.jpg\",\"width\":1200,\"height\":630,\"caption\":\"Nhk Group ApS\"},\"image\":{\"@id\":\"https:\\\/\\\/nhkmachineryparts.com\\\/#\\\/schema\\\/logo\\\/image\\\/\"},\"sameAs\":[\"https:\\\/\\\/www.facebook.com\\\/NHK.Group.aps\"]}]}<\/script>\n<!-- \/ Yoast SEO plugin. -->","yoast_head_json":{"title":"Paslanmaz \u00e7elikten IP67 hijyenik kilit i\u00e7in anahtar | NHK Makine Par\u00e7alar\u0131","description":"NHK Components, s\u0131k\u0131 hijyen gerekliliklerine uymas\u0131 gereken ekipmanlar i\u00e7in en iyi se\u00e7imdir. Maksimum 0,8 \u00b5m Ra p\u00fcr\u00fczl\u00fcl\u00fc\u011fe sahip kendili\u011finden bo\u015falan y\u00fczeyler.","robots":{"index":"index","follow":"follow","max-snippet":"max-snippet:-1","max-image-preview":"max-image-preview:large","max-video-preview":"max-video-preview:-1"},"canonical":"https:\/\/nhkmachineryparts.com\/tr\/urun\/paslanmaz-celikten-hijyenik-kilitlemenin-anahtari\/","og_locale":"tr_TR","og_type":"article","og_title":"Key for IP67 hygienic lock in stainless steel | NHK Machinery Parts","og_description":"NHK Components optimal choice for equipment that must comply with strict hygiene requirements. Self-draining surfaces with a maximal roughness of 0.8 \u00b5m Ra.","og_url":"https:\/\/nhkmachineryparts.com\/tr\/urun\/paslanmaz-celikten-hijyenik-kilitlemenin-anahtari\/","og_site_name":"NHK Machinery Parts","article_publisher":"https:\/\/www.facebook.com\/NHK.Group.aps","article_modified_time":"2026-02-23T12:02:49+00:00","og_image":[{"width":1000,"height":1000,"url":"https:\/\/nhkmachineryparts.com\/wp-content\/uploads\/2023\/07\/Key-for-hygienic-lock-in-stainless-steel.jpg","type":"image\/jpeg"}],"twitter_card":"summary_large_image","twitter_misc":{"Tahmini okuma s\u00fcresi":"4 dakika"},"schema":{"@context":"https:\/\/schema.org","@graph":[{"@type":"WebPage","@id":"https:\/\/nhkmachineryparts.com\/product\/key-for-hygienic-lock-in-stainless-steel\/","url":"https:\/\/nhkmachineryparts.com\/product\/key-for-hygienic-lock-in-stainless-steel\/","name":"Paslanmaz \u00e7elikten IP67 hijyenik kilit i\u00e7in anahtar | NHK Makine Par\u00e7alar\u0131","isPartOf":{"@id":"https:\/\/nhkmachineryparts.com\/#website"},"primaryImageOfPage":{"@id":"https:\/\/nhkmachineryparts.com\/product\/key-for-hygienic-lock-in-stainless-steel\/#primaryimage"},"image":{"@id":"https:\/\/nhkmachineryparts.com\/product\/key-for-hygienic-lock-in-stainless-steel\/#primaryimage"},"thumbnailUrl":"https:\/\/nhkmachineryparts.com\/wp-content\/uploads\/2023\/07\/Key-for-hygienic-lock-in-stainless-steel.jpg","datePublished":"2023-07-14T12:32:54+00:00","dateModified":"2026-02-23T12:02:49+00:00","description":"NHK Components, s\u0131k\u0131 hijyen gerekliliklerine uymas\u0131 gereken ekipmanlar i\u00e7in en iyi se\u00e7imdir. Maksimum 0,8 \u00b5m Ra p\u00fcr\u00fczl\u00fcl\u00fc\u011fe sahip kendili\u011finden bo\u015falan y\u00fczeyler.","breadcrumb":{"@id":"https:\/\/nhkmachineryparts.com\/product\/key-for-hygienic-lock-in-stainless-steel\/#breadcrumb"},"inLanguage":"tr","potentialAction":[{"@type":"ReadAction","target":["https:\/\/nhkmachineryparts.com\/product\/key-for-hygienic-lock-in-stainless-steel\/"]}]},{"@type":"ImageObject","inLanguage":"tr","@id":"https:\/\/nhkmachineryparts.com\/product\/key-for-hygienic-lock-in-stainless-steel\/#primaryimage","url":"https:\/\/nhkmachineryparts.com\/wp-content\/uploads\/2023\/07\/Key-for-hygienic-lock-in-stainless-steel.jpg","contentUrl":"https:\/\/nhkmachineryparts.com\/wp-content\/uploads\/2023\/07\/Key-for-hygienic-lock-in-stainless-steel.jpg","width":1000,"height":1000,"caption":"Key for hygienic lock in stainless steel"},{"@type":"BreadcrumbList","@id":"https:\/\/nhkmachineryparts.com\/product\/key-for-hygienic-lock-in-stainless-steel\/#breadcrumb","itemListElement":[{"@type":"ListItem","position":1,"name":"Home","item":"https:\/\/nhkmachineryparts.com\/"},{"@type":"ListItem","position":2,"name":"Product line","item":"https:\/\/nhkmachineryparts.com\/product-line\/"},{"@type":"ListItem","position":3,"name":"Hygienic machinery components in stainless steel","item":"https:\/\/nhkmachineryparts.com\/product-line\/hygienic-machinery-components-in-stainless-steel\/"},{"@type":"ListItem","position":4,"name":"Key for IP67 hygienic lock in stainless steel"}]},{"@type":"WebSite","@id":"https:\/\/nhkmachineryparts.com\/#website","url":"https:\/\/nhkmachineryparts.com\/","name":"NHK Makine Par\u00e7alar\u0131","description":"Rulman Yataklar\u0131, sismik tesviye ayaklar\u0131 ve tesviye tekerlekleri","publisher":{"@id":"https:\/\/nhkmachineryparts.com\/#organization"},"potentialAction":[{"@type":"SearchAction","target":{"@type":"EntryPoint","urlTemplate":"https:\/\/nhkmachineryparts.com\/?s={search_term_string}"},"query-input":{"@type":"PropertyValueSpecification","valueRequired":true,"valueName":"search_term_string"}}],"inLanguage":"tr"},{"@type":"Organization","@id":"https:\/\/nhkmachineryparts.com\/#organization","name":"NHK Grup ApS","url":"https:\/\/nhkmachineryparts.com\/","logo":{"@type":"ImageObject","inLanguage":"tr","@id":"https:\/\/nhkmachineryparts.com\/#\/schema\/logo\/image\/","url":"https:\/\/nhkmachineryparts.com\/wp-content\/uploads\/2022\/09\/NHKgroup_social.jpg","contentUrl":"https:\/\/nhkmachineryparts.com\/wp-content\/uploads\/2022\/09\/NHKgroup_social.jpg","width":1200,"height":630,"caption":"Nhk Group ApS"},"image":{"@id":"https:\/\/nhkmachineryparts.com\/#\/schema\/logo\/image\/"},"sameAs":["https:\/\/www.facebook.com\/NHK.Group.aps"]}]}},"_links":{"self":[{"href":"https:\/\/nhkmachineryparts.com\/tr\/wp-json\/wp\/v2\/product\/5604","targetHints":{"allow":["GET"]}}],"collection":[{"href":"https:\/\/nhkmachineryparts.com\/tr\/wp-json\/wp\/v2\/product"}],"about":[{"href":"https:\/\/nhkmachineryparts.com\/tr\/wp-json\/wp\/v2\/types\/product"}],"wp:featuredmedia":[{"embeddable":true,"href":"https:\/\/nhkmachineryparts.com\/tr\/wp-json\/wp\/v2\/media\/8563"}],"wp:attachment":[{"href":"https:\/\/nhkmachineryparts.com\/tr\/wp-json\/wp\/v2\/media?parent=5604"}],"wp:term":[{"taxonomy":"product_brand","embeddable":true,"href":"https:\/\/nhkmachineryparts.com\/tr\/wp-json\/wp\/v2\/product_brand?post=5604"},{"taxonomy":"product_cat","embeddable":true,"href":"https:\/\/nhkmachineryparts.com\/tr\/wp-json\/wp\/v2\/product_cat?post=5604"},{"taxonomy":"product_tag","embeddable":true,"href":"https:\/\/nhkmachineryparts.com\/tr\/wp-json\/wp\/v2\/product_tag?post=5604"}],"curies":[{"name":"wp","href":"https:\/\/api.w.org\/{rel}","templated":true}]}}