{"id":5542,"date":"2023-07-14T09:16:02","date_gmt":"2023-07-14T07:16:02","guid":{"rendered":"https:\/\/nhkmachineryparts.com\/?post_type=product&#038;p=5542"},"modified":"2026-02-27T15:59:45","modified_gmt":"2026-02-27T13:59:45","slug":"ehedg-3a-hijyenik-paslanmaz-celik-somun","status":"publish","type":"product","link":"https:\/\/nhkmachineryparts.com\/tr\/product\/ehedg-3a-hygienic-nut-in-stainless-steel\/","title":{"rendered":"EHEDG-certified nut"},"content":{"rendered":"<section class=\"vc_row liquid-row-shadowbox-69d38d3c6e191\"><div class=\"ld-container container\"><div class=\"row ld-row ld-row-outer\"><div class=\"wpb_column vc_column_container vc_col-sm-12 liquid-column-69d38d3c6e343\"><div class=\"vc_column-inner\" ><div class=\"wpb_wrapper\"  >\n\t<div class=\"wpb_text_column wpb_content_element\" >\n\t\t<div class=\"wpb_wrapper\">\n\t\t\t<h3>Hijyenik Ekipman \u0130\u00e7in Olmazsa Olmaz<\/h3>\n<p>Conta suyu ve bakterileri engeller ve ayn\u0131 zamanda hijyenik olmayan metal-metal birle\u015fimini de \u00f6nler.<\/p>\n<p>Somunlar\u0131n tasar\u0131m\u0131 mevcut standart somunlar\u0131n boyutlar\u0131ndan farkl\u0131 de\u011fildir. Bu nedenle, anahtar boyutlar\u0131, di\u015f y\u00fckseklikleri vs. ayn\u0131 kal\u0131r ve bu da standart somunlar\u0131n y\u00fckseltilmesini ve de\u011fi\u015ftirilmesini \u00e7ok kolayla\u015ft\u0131r\u0131r. Bu, t\u00fcm sertifikal\u0131 hijyenik y\u0131kama ortamlar\u0131ndaki t\u00fcm makinelerde kullan\u0131lacak do\u011fru somun se\u00e7imidir.<\/p>\n<p>Maksimum 0,8 \u00b5m Ra p\u00fcr\u00fczl\u00fcl\u00fc\u011fe sahip, kendi kendini bo\u015faltan y\u00fczeyler.<br \/>\nMalzeme Paslanmaz \u00e7elik 1.4301 ve silikon conta.<\/p>\n<h2>EHEDG Hijyenik f\u0131nd\u0131k<\/h2>\n<p>3A HN M5-L12 \u00d812<br \/>\n3A HN M5-L18 \u00d812<\/p>\n<p>3A HN M6-L12 \u00d812<br \/>\n3A HN M6-L18 \u00d812<\/p>\n<p>3A HN M8-L14 \u00d815<br \/>\n3A HN M8-L21 \u00d815<\/p>\n<p>3A HN M10-L16 \u00d820<br \/>\n3A HN M10-L24 \u00d820<\/p>\n<p>3A HN M12-L18 \u00d822<br \/>\n3A HN M12-L27 \u00d822<\/p>\n<p>3A HN M16-L20 \u00d828<br \/>\n3A HN M16-L30 \u00d828<\/p>\n<p>3A HN M20-L22 \u00d832<br \/>\n3A HN M20-L33 \u00d832<\/p>\n<p>3A HN M24-L24 \u00d836<br \/>\n3A HN M24-L36 \u00d836<\/p>\n<p>3A HN M30-L26 \u00d846<br \/>\n3A HN M30-L39 \u00d846<\/p>\n<p><a href=\"https:\/\/nhkmachineryparts.com\/tr\/urun-hatti\/\">\u00dcr\u00fcn yelpazemizi burada g\u00f6r\u00fcn | NHK Makine Par\u00e7alar\u0131<\/a><\/p>\n<p><a href=\"https:\/\/nhkmachineryparts.com\/tr\/temas-etmek\/\">Hijyenik \u00e7\u00f6z\u00fcm i\u00e7in bize ula\u015f\u0131n<\/a><\/p>\n<p><a class=\"btn btn-default btn-sm btn-bordered border-thick btn-bordered-gradient btn-has-label ld_button_659f848cbf99c vc_custom_1695064545432\" href=\"https:\/\/nhkmachineryparts.com\/tr\/katalog-4\/#modal-box\" data-lity=\"#modal-box\"><span class=\"btn-txt\" data-text=\"Get our catalogue here\">Katalo\u011fumuzu buradan al\u0131n<\/span><\/a><\/p>\n<h2>EHEDG Paslanmaz \u00c7elik Hijyenik Somun:<\/h2>\n<h3>G\u0131da ve \u0130la\u00e7 \u0130\u015flemede Hijyen ve Dayan\u0131kl\u0131l\u0131\u011f\u0131n Sa\u011flanmas\u0131<\/h3>\n<p>\u0130\u00e7inde <a href=\"https:\/\/nhkmachineryparts.com\/tr\/our-industries\/\" data-internallinksmanager029f6b8e52c=\"4\" title=\"End\u00fcstrilerimiz\">end\u00fcstriler<\/a> hijyenin \u00f6ncelikli oldu\u011fu g\u0131da i\u015fleme, ila\u00e7lar ve biyoteknoloji gibi yerlerde her bir bile\u015fenin kalitesi hayati bir rol oynar. Bu t\u00fcr kritik bile\u015fenlerden biri de <strong><a href=\"https:\/\/nhkmachineryparts.com\/tr\/3a-ve-ehedg-arasindaki-fark-nedir\/\" data-internallinksmanager029f6b8e52c=\"2\" title=\"EHEDG Sertifikal\u0131 Makine Par\u00e7alar\u0131\">EHEDG<\/a> paslanmaz \u00e7elikten hijyenik somun<\/strong>Bu end\u00fcstrilerde kullan\u0131lan ekipmanlar\u0131n hem yap\u0131sal b\u00fct\u00fcnl\u00fc\u011f\u00fcn\u00fc hem de hijyen uyumlulu\u011funu garanti eden. Bu makale, bu temel par\u00e7an\u0131n benzersiz \u00f6zelliklerini ve avantajlar\u0131n\u0131 ve makine tasar\u0131m\u0131n\u0131 ve bak\u0131m\u0131n\u0131 optimize etmeye nas\u0131l katk\u0131da bulundu\u011funu inceleyecektir.<\/p>\n<h2>EHEDG Hijyenik Kuruyemi\u015f Nedir?<\/h2>\n<p>The <strong>EHEDG hijyenik f\u0131nd\u0131k<\/strong> y\u00fcksek kaliteli paslanmaz \u00e7elikten \u00fcretilen \u00f6zel bir ba\u011flant\u0131 bile\u015fenidir. G\u0131da, i\u00e7ecek ve ila\u00e7 \u00fcretiminde gerekli olan s\u0131k\u0131 hijyen ve g\u00fcvenlik standartlar\u0131n\u0131 kar\u015f\u0131lamak \u00fczere tasarlanm\u0131\u015ft\u0131r. Bu t\u00fcr somun, a\u015fa\u011f\u0131daki gibi kurulu\u015flar taraf\u0131ndan sertifikaland\u0131r\u0131lm\u0131\u015ft\u0131r: <strong>Avrupa Hijyenik M\u00fchendislik ve Tasar\u0131m Grubu (EHEDG)<\/strong> Ve <strong>Hijyenik Standartlar<\/strong>\u0130\u015fleme ekipmanlar\u0131nda en y\u00fcksek temizlik ve g\u0131da g\u00fcvenli\u011fi standartlar\u0131n\u0131 te\u015fvik etmeye odaklanan.<\/p>\n<p>EHEDG hijyenik somunlar\u0131, kontaminasyonu \u00f6nlemeyi ve g\u0131da ve ila\u00e7 \u00fcr\u00fcnlerinin t\u00fcketim ve kullan\u0131m i\u00e7in g\u00fcvenli olmas\u0131n\u0131 sa\u011flamay\u0131 ama\u00e7layan daha geni\u015f bir k\u0131lavuzlar dizisinin par\u00e7as\u0131d\u0131r. Bu somunlar, standart sabitleme bile\u015fenlerinde yayg\u0131n bir sorun olan, temizlenmesi zor alanlarda kir, bakteri ve di\u011fer kirleticilerin birikmesini \u00f6nlemek i\u00e7in tasarlanm\u0131\u015ft\u0131r.<\/p>\n<h2>EHEDG Hijyenik Kuruyemi\u015flerin Temel \u00d6zellikleri<\/h2>\n<h3>1. <strong>Korozyon Direnci<\/strong><\/h3>\n<p>Kullanman\u0131n temel faydalar\u0131ndan biri <strong>paslanmaz \u00e7elik EHEDG hijyenik f\u0131nd\u0131k<\/strong> m\u00fckemmel korozyon direncine sahiptir. Paslanmaz \u00e7elik, \u00f6zellikle AISI 304 veya 316 gibi kaliteler, oksidasyona ve lekelenmeye kar\u015f\u0131 olduk\u00e7a diren\u00e7lidir. Bu, bu somunlar\u0131 s\u0131k y\u0131kama, neme maruz kalma veya hijyenik uygulamalarda kullan\u0131lan agresif temizlik maddeleriyle etkile\u015fime girme gibi durumlar i\u00e7in ideal hale getirir.<\/p>\n<h3>2. <strong>Temizlemesi ve Bak\u0131m\u0131 Kolay<\/strong><\/h3>\n<p>EHEDG hijyenik somunun tasar\u0131m\u0131, p\u00fcr\u00fczs\u00fcz, g\u00f6zeneksiz ve kirleticileri hapsedebilecek di\u015flerden ar\u0131nd\u0131r\u0131lm\u0131\u015f olmas\u0131n\u0131 sa\u011flar. Bu, hijyenin \u00e7ok \u00f6nemli oldu\u011fu end\u00fcstrilerde kritik bir \u00f6zellik olan temizlemeyi kolayla\u015ft\u0131r\u0131r. Yar\u0131klar\u0131n veya oluklar\u0131n olmamas\u0131, temizlik maddelerinin her y\u00fczeye kolayca ula\u015fmas\u0131n\u0131 sa\u011flayarak bakteri, k\u00fcf veya di\u011fer zararl\u0131 maddelerin birikmesini \u00f6nler.<\/p>\n<h3>3. <strong>Y\u00fcksek Dayan\u0131kl\u0131l\u0131k ve Uzun \u00d6m\u00fcr<\/strong><\/h3>\n<p>EHEDG hijyenik somunlar zorlu ortamlarda y\u00fcksek performans i\u00e7in tasarlanm\u0131\u015ft\u0131r. \u0130\u015fleme ekipmanlar\u0131nda yayg\u0131n olan a\u015f\u0131r\u0131 s\u0131cakl\u0131klara ve bas\u0131n\u00e7 de\u011fi\u015fimlerine dayanabilirler. Bu somunlar\u0131n dayan\u0131kl\u0131l\u0131\u011f\u0131, de\u011fi\u015ftirme s\u0131kl\u0131\u011f\u0131n\u0131 azalt\u0131r ve maliyetli duru\u015flar olmadan makinelerin s\u00fcrekli \u00e7al\u0131\u015fmas\u0131n\u0131 sa\u011flamaya yard\u0131mc\u0131 olur.<\/p>\n<h3>4. <strong>Hassas M\u00fchendislik<\/strong><\/h3>\n<p>EHEDG hijyenik somunlar, belirli gereksinimleri kar\u015f\u0131lamak i\u00e7in hassasiyetle \u00fcretilir. Bu, her somunun g\u00fcvenli ve s\u0131k\u0131 bir \u015fekilde oturmas\u0131n\u0131 sa\u011flayarak makine ar\u0131zalar\u0131 veya \u00fcr\u00fcn kontaminasyonu riskini azalt\u0131r. Standartla\u015ft\u0131r\u0131lm\u0131\u015f tasar\u0131mlar\u0131 ayr\u0131ca \u00e7ok \u00e7e\u015fitli ekipmanlarla uyumlulu\u011fu garanti ederek \u00fcreticiler i\u00e7in \u00e7ok y\u00f6nl\u00fc bir se\u00e7im haline getirir.<\/p>\n<h3>5. <strong>Hijyen Standartlar\u0131na Uygunluk<\/strong><\/h3>\n<p>The <strong>EHEDG sertifikasyon standard\u0131<\/strong> bu f\u0131nd\u0131klar\u0131n uluslararas\u0131 g\u00fcvenlik ve hijyen y\u00f6netmeliklerine uygun olmas\u0131n\u0131 sa\u011flar. \u0130ster g\u0131da ve i\u00e7ecek end\u00fcstrisinde ister ila\u00e7 sekt\u00f6r\u00fcnde kullan\u0131ls\u0131n, bu bile\u015fenler \u00fcretim s\u00fcre\u00e7lerinde \u00e7apraz kontaminasyonu \u00f6nleyerek sanitasyon i\u00e7in kritik kriterleri kar\u015f\u0131lar.<\/p>\n<h2>EHEDG Hijyenik Kuruyemi\u015flerin Uygulamalar\u0131<\/h2>\n<p>EHEDG hijyenik kuruyemi\u015fler bir\u00e7ok end\u00fcstride \u00e7e\u015fitli uygulamalarda kullan\u0131l\u0131r. Baz\u0131 \u00f6nemli kullan\u0131mlar \u015funlard\u0131r:<\/p>\n<ul>\n<li><strong>G\u0131da i\u015fleme<\/strong>:G\u0131da \u00fcretim tesislerinde, d\u00fczenli temizlik gerektiren past\u00f6rizat\u00f6r, mikser, konvey\u00f6r gibi ekipmanlar\u0131n g\u00fcvenli\u011fini sa\u011flamak amac\u0131yla hijyenik kuruyemi\u015fler kullan\u0131lmaktad\u0131r.<\/li>\n<li><strong>\u0130la\u00e7 \u00dcretimi<\/strong>:Bu f\u0131nd\u0131klar, temizlik ve hassasiyetin en \u00f6nemli oldu\u011fu mikserler, reakt\u00f6rler ve dolum makineleri gibi ila\u00e7 i\u015fleme ekipmanlar\u0131nda yayg\u0131n olarak kullan\u0131l\u0131r.<\/li>\n<li><strong>Biyoteknoloji<\/strong>:Biyoteknoloji tesislerinde bu yemi\u015fler genellikle s\u0131k\u0131 hijyenik ko\u015fullar\u0131n sa\u011flanmas\u0131 gereken fermantasyon tanklar\u0131nda, reakt\u00f6rlerde ve filtrasyon sistemlerinde kullan\u0131l\u0131r.<\/li>\n<\/ul>\n<h2>Neden EHEDG Hijyenik Kuruyemi\u015fleri Tercih Etmelisiniz?<\/h2>\n<p>Hijyenin pazarl\u0131k konusu olmad\u0131\u011f\u0131 sekt\u00f6rlerde, <strong>EHEDG paslanmaz \u00e7elik hijyenik f\u0131nd\u0131klar<\/strong> y\u00fcksek temizlik, dayan\u0131kl\u0131l\u0131k ve i\u015flevsellik standartlar\u0131n\u0131 kar\u015f\u0131lamak i\u00e7in m\u00fckemmel bir \u00e7\u00f6z\u00fcm sunar. Korozyon direnci, kolay temizlenebilir tasar\u0131m\u0131 ve \u00e7e\u015fitli hijyenik ekipman tipleriyle uyumlulu\u011fu, onlar\u0131 g\u0131da, ila\u00e7 ve biyoteknoloji end\u00fcstrileri i\u00e7in vazge\u00e7ilmez k\u0131lar. \u0130ster yeni ekipman tasarl\u0131yor olun, ister mevcut makineleri y\u00fckseltiyor olun, EHEDG sertifikal\u0131 bile\u015fenleri dahil etmek operasyonlar\u0131n\u0131z\u0131n uyumlu, verimli ve g\u00fcvenli kalmas\u0131n\u0131 sa\u011flar.<\/p>\n<p>EHEDG hijyenik somunlar\u0131n\u0131 tercih ederek, yaln\u0131zca ekipman\u0131n\u0131z\u0131n g\u00fcvenilirli\u011fini ve uzun \u00f6m\u00fcrl\u00fcl\u00fc\u011f\u00fcn\u00fc art\u0131rmakla kalmay\u0131p ayn\u0131 zamanda daha temiz ve g\u00fcvenli bir \u00fcretim ortam\u0131na da katk\u0131da bulunan bir bile\u015fene yat\u0131r\u0131m yapm\u0131\u015f olursunuz.<\/p>\n\n\t\t<\/div>\n\t<\/div>\n<\/div><\/div><\/div><\/div><\/div><\/section>","protected":false},"excerpt":{"rendered":"A Must-Have for Hygienic Equipment The seal blocks out water and bacteria and also prevents a non-hygienic metal-to-metal assembly. The design of the nuts does not deviate from the sizes of current standard nuts. Therefore, wrench sizes, thread heights etc. all remains the same making it very easy to upgrade and replace standard nuts. This [...]","protected":false},"featured_media":8627,"template":"","meta":[],"product_brand":[],"product_cat":[98],"product_tag":[],"class_list":{"0":"post-5542","1":"product","2":"type-product","3":"status-publish","4":"has-post-thumbnail","6":"product_cat-ehedg-certified-3a-ssi-standard-components","8":"first","9":"instock","10":"shipping-taxable","11":"product-type-simple"},"yoast_head":"<!-- This site is optimized with the Yoast SEO plugin v27.3 - https:\/\/yoast.com\/product\/yoast-seo-wordpress\/ -->\n<title>EHEDG-certified nut | NHK Machinery Parts<\/title>\n<meta name=\"description\" content=\"Benefits and features of EHEDG Hygienic Nuts in Stainless Steel, ideal for applications in the food and pharmaceutical industries.\" \/>\n<meta name=\"robots\" content=\"index, follow, max-snippet:-1, max-image-preview:large, max-video-preview:-1\" \/>\n<link rel=\"canonical\" href=\"https:\/\/nhkmachineryparts.com\/tr\/urun\/ehedg-3a-hijyenik-paslanmaz-celik-somun\/\" \/>\n<meta property=\"og:locale\" content=\"tr_TR\" \/>\n<meta property=\"og:type\" content=\"article\" \/>\n<meta property=\"og:title\" content=\"EHEDG-certified nut | NHK Machinery Parts\" \/>\n<meta property=\"og:description\" content=\"Benefits and features of EHEDG Hygienic Nuts in Stainless Steel, ideal for applications in the food and pharmaceutical industries.\" \/>\n<meta property=\"og:url\" content=\"https:\/\/nhkmachineryparts.com\/tr\/urun\/ehedg-3a-hijyenik-paslanmaz-celik-somun\/\" \/>\n<meta property=\"og:site_name\" content=\"NHK Machinery Parts\" \/>\n<meta property=\"article:publisher\" content=\"https:\/\/www.facebook.com\/NHK.Group.aps\" \/>\n<meta property=\"article:modified_time\" content=\"2026-02-27T13:59:45+00:00\" \/>\n<meta property=\"og:image\" content=\"https:\/\/nhkmachineryparts.com\/wp-content\/uploads\/2023\/07\/EHEDG-Hygienic-3A-nut.jpg\" \/>\n\t<meta property=\"og:image:width\" content=\"1000\" \/>\n\t<meta property=\"og:image:height\" content=\"1000\" \/>\n\t<meta property=\"og:image:type\" content=\"image\/jpeg\" \/>\n<meta name=\"twitter:card\" content=\"summary_large_image\" \/>\n<meta name=\"twitter:label1\" content=\"Tahmini okuma s\u00fcresi\" \/>\n\t<meta name=\"twitter:data1\" content=\"5 dakika\" \/>\n<script type=\"application\/ld+json\" class=\"yoast-schema-graph\">{\"@context\":\"https:\\\/\\\/schema.org\",\"@graph\":[{\"@type\":\"WebPage\",\"@id\":\"https:\\\/\\\/nhkmachineryparts.com\\\/product\\\/ehedg-3a-hygienic-nut-in-stainless-steel\\\/\",\"url\":\"https:\\\/\\\/nhkmachineryparts.com\\\/product\\\/ehedg-3a-hygienic-nut-in-stainless-steel\\\/\",\"name\":\"EHEDG-certified nut | NHK Machinery Parts\",\"isPartOf\":{\"@id\":\"https:\\\/\\\/nhkmachineryparts.com\\\/#website\"},\"primaryImageOfPage\":{\"@id\":\"https:\\\/\\\/nhkmachineryparts.com\\\/product\\\/ehedg-3a-hygienic-nut-in-stainless-steel\\\/#primaryimage\"},\"image\":{\"@id\":\"https:\\\/\\\/nhkmachineryparts.com\\\/product\\\/ehedg-3a-hygienic-nut-in-stainless-steel\\\/#primaryimage\"},\"thumbnailUrl\":\"https:\\\/\\\/nhkmachineryparts.com\\\/wp-content\\\/uploads\\\/2023\\\/07\\\/EHEDG-Hygienic-3A-nut.jpg\",\"datePublished\":\"2023-07-14T07:16:02+00:00\",\"dateModified\":\"2026-02-27T13:59:45+00:00\",\"description\":\"Benefits and features of EHEDG Hygienic Nuts in Stainless Steel, ideal for applications in the food and pharmaceutical industries.\",\"breadcrumb\":{\"@id\":\"https:\\\/\\\/nhkmachineryparts.com\\\/product\\\/ehedg-3a-hygienic-nut-in-stainless-steel\\\/#breadcrumb\"},\"inLanguage\":\"tr\",\"potentialAction\":[{\"@type\":\"ReadAction\",\"target\":[\"https:\\\/\\\/nhkmachineryparts.com\\\/product\\\/ehedg-3a-hygienic-nut-in-stainless-steel\\\/\"]}]},{\"@type\":\"ImageObject\",\"inLanguage\":\"tr\",\"@id\":\"https:\\\/\\\/nhkmachineryparts.com\\\/product\\\/ehedg-3a-hygienic-nut-in-stainless-steel\\\/#primaryimage\",\"url\":\"https:\\\/\\\/nhkmachineryparts.com\\\/wp-content\\\/uploads\\\/2023\\\/07\\\/EHEDG-Hygienic-3A-nut.jpg\",\"contentUrl\":\"https:\\\/\\\/nhkmachineryparts.com\\\/wp-content\\\/uploads\\\/2023\\\/07\\\/EHEDG-Hygienic-3A-nut.jpg\",\"width\":1000,\"height\":1000,\"caption\":\"EHEDG Hygienic 3A nut\"},{\"@type\":\"BreadcrumbList\",\"@id\":\"https:\\\/\\\/nhkmachineryparts.com\\\/product\\\/ehedg-3a-hygienic-nut-in-stainless-steel\\\/#breadcrumb\",\"itemListElement\":[{\"@type\":\"ListItem\",\"position\":1,\"name\":\"Home\",\"item\":\"https:\\\/\\\/nhkmachineryparts.com\\\/\"},{\"@type\":\"ListItem\",\"position\":2,\"name\":\"Product line\",\"item\":\"https:\\\/\\\/nhkmachineryparts.com\\\/product-line\\\/\"},{\"@type\":\"ListItem\",\"position\":3,\"name\":\"Certified EHEDG standard components\",\"item\":\"https:\\\/\\\/nhkmachineryparts.com\\\/product-line\\\/ehedg-certified-3a-ssi-standard-components\\\/\"},{\"@type\":\"ListItem\",\"position\":4,\"name\":\"EHEDG-certified nut\"}]},{\"@type\":\"WebSite\",\"@id\":\"https:\\\/\\\/nhkmachineryparts.com\\\/#website\",\"url\":\"https:\\\/\\\/nhkmachineryparts.com\\\/\",\"name\":\"NHK Machinery Parts\",\"description\":\"Bearing Houses, seismic levelling feet and levelling castors\",\"publisher\":{\"@id\":\"https:\\\/\\\/nhkmachineryparts.com\\\/#organization\"},\"potentialAction\":[{\"@type\":\"SearchAction\",\"target\":{\"@type\":\"EntryPoint\",\"urlTemplate\":\"https:\\\/\\\/nhkmachineryparts.com\\\/?s={search_term_string}\"},\"query-input\":{\"@type\":\"PropertyValueSpecification\",\"valueRequired\":true,\"valueName\":\"search_term_string\"}}],\"inLanguage\":\"tr\"},{\"@type\":\"Organization\",\"@id\":\"https:\\\/\\\/nhkmachineryparts.com\\\/#organization\",\"name\":\"Nhk Group ApS\",\"url\":\"https:\\\/\\\/nhkmachineryparts.com\\\/\",\"logo\":{\"@type\":\"ImageObject\",\"inLanguage\":\"tr\",\"@id\":\"https:\\\/\\\/nhkmachineryparts.com\\\/#\\\/schema\\\/logo\\\/image\\\/\",\"url\":\"https:\\\/\\\/nhkmachineryparts.com\\\/wp-content\\\/uploads\\\/2022\\\/09\\\/NHKgroup_social.jpg\",\"contentUrl\":\"https:\\\/\\\/nhkmachineryparts.com\\\/wp-content\\\/uploads\\\/2022\\\/09\\\/NHKgroup_social.jpg\",\"width\":1200,\"height\":630,\"caption\":\"Nhk Group ApS\"},\"image\":{\"@id\":\"https:\\\/\\\/nhkmachineryparts.com\\\/#\\\/schema\\\/logo\\\/image\\\/\"},\"sameAs\":[\"https:\\\/\\\/www.facebook.com\\\/NHK.Group.aps\"]}]}<\/script>\n<!-- \/ Yoast SEO plugin. -->","yoast_head_json":{"title":"EHEDG-certified nut | NHK Machinery Parts","description":"G\u0131da ve ila\u00e7 end\u00fcstrisindeki uygulamalar i\u00e7in ideal olan Paslanmaz \u00c7elik EHEDG Hijyenik Somunlar\u0131n avantajlar\u0131 ve \u00f6zellikleri.","robots":{"index":"index","follow":"follow","max-snippet":"max-snippet:-1","max-image-preview":"max-image-preview:large","max-video-preview":"max-video-preview:-1"},"canonical":"https:\/\/nhkmachineryparts.com\/tr\/urun\/ehedg-3a-hijyenik-paslanmaz-celik-somun\/","og_locale":"tr_TR","og_type":"article","og_title":"EHEDG-certified nut | NHK Machinery Parts","og_description":"Benefits and features of EHEDG Hygienic Nuts in Stainless Steel, ideal for applications in the food and pharmaceutical industries.","og_url":"https:\/\/nhkmachineryparts.com\/tr\/urun\/ehedg-3a-hijyenik-paslanmaz-celik-somun\/","og_site_name":"NHK Machinery Parts","article_publisher":"https:\/\/www.facebook.com\/NHK.Group.aps","article_modified_time":"2026-02-27T13:59:45+00:00","og_image":[{"width":1000,"height":1000,"url":"https:\/\/nhkmachineryparts.com\/wp-content\/uploads\/2023\/07\/EHEDG-Hygienic-3A-nut.jpg","type":"image\/jpeg"}],"twitter_card":"summary_large_image","twitter_misc":{"Tahmini okuma s\u00fcresi":"5 dakika"},"schema":{"@context":"https:\/\/schema.org","@graph":[{"@type":"WebPage","@id":"https:\/\/nhkmachineryparts.com\/product\/ehedg-3a-hygienic-nut-in-stainless-steel\/","url":"https:\/\/nhkmachineryparts.com\/product\/ehedg-3a-hygienic-nut-in-stainless-steel\/","name":"EHEDG-certified nut | NHK Machinery Parts","isPartOf":{"@id":"https:\/\/nhkmachineryparts.com\/#website"},"primaryImageOfPage":{"@id":"https:\/\/nhkmachineryparts.com\/product\/ehedg-3a-hygienic-nut-in-stainless-steel\/#primaryimage"},"image":{"@id":"https:\/\/nhkmachineryparts.com\/product\/ehedg-3a-hygienic-nut-in-stainless-steel\/#primaryimage"},"thumbnailUrl":"https:\/\/nhkmachineryparts.com\/wp-content\/uploads\/2023\/07\/EHEDG-Hygienic-3A-nut.jpg","datePublished":"2023-07-14T07:16:02+00:00","dateModified":"2026-02-27T13:59:45+00:00","description":"G\u0131da ve ila\u00e7 end\u00fcstrisindeki uygulamalar i\u00e7in ideal olan Paslanmaz \u00c7elik EHEDG Hijyenik Somunlar\u0131n avantajlar\u0131 ve \u00f6zellikleri.","breadcrumb":{"@id":"https:\/\/nhkmachineryparts.com\/product\/ehedg-3a-hygienic-nut-in-stainless-steel\/#breadcrumb"},"inLanguage":"tr","potentialAction":[{"@type":"ReadAction","target":["https:\/\/nhkmachineryparts.com\/product\/ehedg-3a-hygienic-nut-in-stainless-steel\/"]}]},{"@type":"ImageObject","inLanguage":"tr","@id":"https:\/\/nhkmachineryparts.com\/product\/ehedg-3a-hygienic-nut-in-stainless-steel\/#primaryimage","url":"https:\/\/nhkmachineryparts.com\/wp-content\/uploads\/2023\/07\/EHEDG-Hygienic-3A-nut.jpg","contentUrl":"https:\/\/nhkmachineryparts.com\/wp-content\/uploads\/2023\/07\/EHEDG-Hygienic-3A-nut.jpg","width":1000,"height":1000,"caption":"EHEDG Hygienic 3A nut"},{"@type":"BreadcrumbList","@id":"https:\/\/nhkmachineryparts.com\/product\/ehedg-3a-hygienic-nut-in-stainless-steel\/#breadcrumb","itemListElement":[{"@type":"ListItem","position":1,"name":"Home","item":"https:\/\/nhkmachineryparts.com\/"},{"@type":"ListItem","position":2,"name":"Product line","item":"https:\/\/nhkmachineryparts.com\/product-line\/"},{"@type":"ListItem","position":3,"name":"Certified EHEDG standard components","item":"https:\/\/nhkmachineryparts.com\/product-line\/ehedg-certified-3a-ssi-standard-components\/"},{"@type":"ListItem","position":4,"name":"EHEDG-certified nut"}]},{"@type":"WebSite","@id":"https:\/\/nhkmachineryparts.com\/#website","url":"https:\/\/nhkmachineryparts.com\/","name":"NHK Makine Par\u00e7alar\u0131","description":"Rulman Yataklar\u0131, sismik tesviye ayaklar\u0131 ve tesviye tekerlekleri","publisher":{"@id":"https:\/\/nhkmachineryparts.com\/#organization"},"potentialAction":[{"@type":"SearchAction","target":{"@type":"EntryPoint","urlTemplate":"https:\/\/nhkmachineryparts.com\/?s={search_term_string}"},"query-input":{"@type":"PropertyValueSpecification","valueRequired":true,"valueName":"search_term_string"}}],"inLanguage":"tr"},{"@type":"Organization","@id":"https:\/\/nhkmachineryparts.com\/#organization","name":"NHK Grup ApS","url":"https:\/\/nhkmachineryparts.com\/","logo":{"@type":"ImageObject","inLanguage":"tr","@id":"https:\/\/nhkmachineryparts.com\/#\/schema\/logo\/image\/","url":"https:\/\/nhkmachineryparts.com\/wp-content\/uploads\/2022\/09\/NHKgroup_social.jpg","contentUrl":"https:\/\/nhkmachineryparts.com\/wp-content\/uploads\/2022\/09\/NHKgroup_social.jpg","width":1200,"height":630,"caption":"Nhk Group ApS"},"image":{"@id":"https:\/\/nhkmachineryparts.com\/#\/schema\/logo\/image\/"},"sameAs":["https:\/\/www.facebook.com\/NHK.Group.aps"]}]}},"_links":{"self":[{"href":"https:\/\/nhkmachineryparts.com\/tr\/wp-json\/wp\/v2\/product\/5542","targetHints":{"allow":["GET"]}}],"collection":[{"href":"https:\/\/nhkmachineryparts.com\/tr\/wp-json\/wp\/v2\/product"}],"about":[{"href":"https:\/\/nhkmachineryparts.com\/tr\/wp-json\/wp\/v2\/types\/product"}],"wp:featuredmedia":[{"embeddable":true,"href":"https:\/\/nhkmachineryparts.com\/tr\/wp-json\/wp\/v2\/media\/8627"}],"wp:attachment":[{"href":"https:\/\/nhkmachineryparts.com\/tr\/wp-json\/wp\/v2\/media?parent=5542"}],"wp:term":[{"taxonomy":"product_brand","embeddable":true,"href":"https:\/\/nhkmachineryparts.com\/tr\/wp-json\/wp\/v2\/product_brand?post=5542"},{"taxonomy":"product_cat","embeddable":true,"href":"https:\/\/nhkmachineryparts.com\/tr\/wp-json\/wp\/v2\/product_cat?post=5542"},{"taxonomy":"product_tag","embeddable":true,"href":"https:\/\/nhkmachineryparts.com\/tr\/wp-json\/wp\/v2\/product_tag?post=5542"}],"curies":[{"name":"wp","href":"https:\/\/api.w.org\/{rel}","templated":true}]}}