{"id":3576,"date":"2023-01-31T19:47:45","date_gmt":"2023-01-31T19:47:45","guid":{"rendered":"https:\/\/nhkmachineryparts.com\/?post_type=product&#038;p=3576"},"modified":"2026-02-23T14:12:46","modified_gmt":"2026-02-23T12:12:46","slug":"gozlu-civatali-yildiz-topuzu","status":"publish","type":"product","link":"https:\/\/nhkmachineryparts.com\/tr\/product\/star-knob-with-eyebolt\/","title":{"rendered":"Delikli c\u0131vatal\u0131 y\u0131ld\u0131z d\u00fc\u011fme \u00fcnitesi"},"content":{"rendered":"<section class=\"vc_row liquid-row-shadowbox-69d39ad734eeb\"><div class=\"ld-container container\"><div class=\"row ld-row ld-row-outer\"><div class=\"wpb_column vc_column_container vc_col-sm-12 liquid-column-69d39ad735090\"><div class=\"vc_column-inner\" ><div class=\"wpb_wrapper\"  >\n\t<div class=\"wpb_text_column wpb_content_element\" >\n\t\t<div class=\"wpb_wrapper\">\n\t\t\t<h2>Delikli c\u0131vatal\u0131 y\u0131ld\u0131z d\u00fc\u011fme \u00fcnitesi<\/h2>\n<p>Nikel kaplamal\u0131 pirin\u00e7 par\u00e7al\u0131 poliamitten y\u0131ld\u0131z d\u00fc\u011fme<br \/>\nAISI 304 (Aisi 1.4301) paslanmaz \u00e7elikten halkal\u0131 c\u0131vata ve pul<\/p>\n<h2>Yan k\u0131lavuz i\u00e7in delikli c\u0131vatal\u0131 y\u0131ld\u0131z d\u00fc\u011fme \u00fcnitesi<\/h2>\n<p>T\u00fcm yan k\u0131lavuz bile\u015fenleri, gereksiz \u00e7\u0131k\u0131nt\u0131lar, flan\u015flar, girintiler veya montaj delikleri olmaks\u0131z\u0131n, gizli kirlenme kaynaklar\u0131n\u0131n riskini en aza indirecek \u015fekilde p\u00fcr\u00fczs\u00fcz bir y\u00fczeyle tasarlanm\u0131\u015ft\u0131r. P\u00fcr\u00fczs\u00fcz y\u00fczey temizli\u011fi kolayla\u015ft\u0131r\u0131r ve gizli kirlenme riskini en aza indirir.<\/p>\n<h2>Paslanmaz delikli c\u0131vatal\u0131 y\u0131ld\u0131z topuz \u00fcnitesi<\/h2>\n<p>Yan k\u0131lavuz bile\u015fenlerimiz a\u015fa\u011f\u0131dakiler i\u00e7in tasarlanm\u0131\u015ft\u0131r: <a href=\"https:\/\/nhkmachineryparts.com\/tr\/our-industries\/\" data-internallinksmanager029f6b8e52c=\"4\" title=\"End\u00fcstrilerimiz\">end\u00fcstriler<\/a> Malzeme direnci ve kolay temizlenebilir bir tasar\u0131m konusunda s\u00fcrekli olarak daha a\u011f\u0131r taleplerin oldu\u011fu yerlerde. A\u015fa\u011f\u0131daki gibi end\u00fcstriler: <a href=\"https:\/\/nhkmachineryparts.com\/tr\/3a-ve-ehedg-arasindaki-fark-nedir\/\" data-internallinksmanager029f6b8e52c=\"2\" title=\"EHEDG Sertifikal\u0131 Makine Par\u00e7alar\u0131\">EHEDG<\/a> ve 3A tasar\u0131m\u0131, Paketleme makineleri, Paketleme ekipmanlar\u0131, T\u0131bbi ekipman, Bal\u0131k i\u015fleme sistemleri ve \u00e7\u00f6z\u00fcmleri, \u0130\u00e7ecek sistemleri ve \u00e7\u00f6z\u00fcmleri, S\u00fct \u00fcr\u00fcnleri i\u015fleme \u00e7\u00f6z\u00fcmleri, Farmas\u00f6tik ekipmanlar, G\u0131da i\u015fleme makineleri, \u0130la\u00e7 i\u015fleme sistemleri, Kasap i\u015fleme makineleri, Mezbaha i\u015fleme ekipmanlar\u0131, K\u00fcmes hayvanlar\u0131 i\u015fleme makineleri , Et i\u015fleme ekipmanlar\u0131<\/p>\n<p>Yan k\u0131lavuz y\u0131ld\u0131z d\u00fc\u011fmesi<br \/>\nSK48 \u00d812-M10-L40<\/p>\n\n\t\t<\/div>\n\t<\/div>\n<\/div><\/div><\/div><\/div><\/div><\/section>","protected":false},"excerpt":{"rendered":"Star knob unit with eyebolt Star knob in polyamide with nickel plated brass insert Eyebolt and washer in stainless steel AISI 304 (Aisi 1.4301) Star knob unit with eyebolt for side guide All the side guide components are designed with a smooth surface without any unnecessary ribs, flanges, recesses or mounting holes, minimizing the risk [...]","protected":false},"featured_media":38327,"template":"","meta":[],"product_brand":[],"product_cat":[132,61],"product_tag":[],"class_list":{"0":"post-3576","1":"product","2":"type-product","3":"status-publish","4":"has-post-thumbnail","6":"product_cat-machinery-components","7":"product_cat-conveyor-components-and-machinery-parts","9":"first","10":"instock","11":"shipping-taxable","12":"product-type-simple"},"yoast_head":"<!-- This site is optimized with the Yoast SEO plugin v27.3 - https:\/\/yoast.com\/product\/yoast-seo-wordpress\/ -->\n<title>Star knob unit with eyebolt | NHK Machinery Parts<\/title>\n<meta name=\"description\" content=\"Star knob with stainless eyebolt Star knob in polyamide with nickel plated brass insert Eyebolt and washer in stainless steel AISI 304 (Aisi 1.4301)\" \/>\n<meta name=\"robots\" content=\"index, follow, max-snippet:-1, max-image-preview:large, max-video-preview:-1\" \/>\n<link rel=\"canonical\" href=\"https:\/\/nhkmachineryparts.com\/tr\/urun\/gozlu-civatali-yildiz-topuzu\/\" \/>\n<meta property=\"og:locale\" content=\"tr_TR\" \/>\n<meta property=\"og:type\" content=\"article\" \/>\n<meta property=\"og:title\" content=\"Star knob unit with eyebolt | NHK Machinery Parts\" \/>\n<meta property=\"og:description\" content=\"Star knob with stainless eyebolt Star knob in polyamide with nickel plated brass insert Eyebolt and washer in stainless steel AISI 304 (Aisi 1.4301)\" \/>\n<meta property=\"og:url\" content=\"https:\/\/nhkmachineryparts.com\/tr\/urun\/gozlu-civatali-yildiz-topuzu\/\" \/>\n<meta property=\"og:site_name\" content=\"NHK Machinery Parts\" \/>\n<meta property=\"article:publisher\" content=\"https:\/\/www.facebook.com\/NHK.Group.aps\" \/>\n<meta property=\"article:modified_time\" content=\"2026-02-23T12:12:46+00:00\" \/>\n<meta property=\"og:image\" content=\"https:\/\/nhkmachineryparts.com\/wp-content\/uploads\/2023\/01\/Blue-Star-knob-unit-with-eyebolt.jpg\" \/>\n\t<meta property=\"og:image:width\" content=\"500\" \/>\n\t<meta property=\"og:image:height\" content=\"500\" \/>\n\t<meta property=\"og:image:type\" content=\"image\/jpeg\" \/>\n<meta name=\"twitter:card\" content=\"summary_large_image\" \/>\n<meta name=\"twitter:label1\" content=\"Tahmini okuma s\u00fcresi\" \/>\n\t<meta name=\"twitter:data1\" content=\"1 dakika\" \/>\n<script type=\"application\/ld+json\" class=\"yoast-schema-graph\">{\"@context\":\"https:\\\/\\\/schema.org\",\"@graph\":[{\"@type\":\"WebPage\",\"@id\":\"https:\\\/\\\/nhkmachineryparts.com\\\/product\\\/star-knob-with-eyebolt\\\/\",\"url\":\"https:\\\/\\\/nhkmachineryparts.com\\\/product\\\/star-knob-with-eyebolt\\\/\",\"name\":\"Star knob unit with eyebolt | NHK Machinery Parts\",\"isPartOf\":{\"@id\":\"https:\\\/\\\/nhkmachineryparts.com\\\/#website\"},\"primaryImageOfPage\":{\"@id\":\"https:\\\/\\\/nhkmachineryparts.com\\\/product\\\/star-knob-with-eyebolt\\\/#primaryimage\"},\"image\":{\"@id\":\"https:\\\/\\\/nhkmachineryparts.com\\\/product\\\/star-knob-with-eyebolt\\\/#primaryimage\"},\"thumbnailUrl\":\"https:\\\/\\\/nhkmachineryparts.com\\\/wp-content\\\/uploads\\\/2023\\\/01\\\/Blue-Star-knob-unit-with-eyebolt.jpg\",\"datePublished\":\"2023-01-31T19:47:45+00:00\",\"dateModified\":\"2026-02-23T12:12:46+00:00\",\"description\":\"Star knob with stainless eyebolt Star knob in polyamide with nickel plated brass insert Eyebolt and washer in stainless steel AISI 304 (Aisi 1.4301)\",\"breadcrumb\":{\"@id\":\"https:\\\/\\\/nhkmachineryparts.com\\\/product\\\/star-knob-with-eyebolt\\\/#breadcrumb\"},\"inLanguage\":\"tr\",\"potentialAction\":[{\"@type\":\"ReadAction\",\"target\":[\"https:\\\/\\\/nhkmachineryparts.com\\\/product\\\/star-knob-with-eyebolt\\\/\"]}]},{\"@type\":\"ImageObject\",\"inLanguage\":\"tr\",\"@id\":\"https:\\\/\\\/nhkmachineryparts.com\\\/product\\\/star-knob-with-eyebolt\\\/#primaryimage\",\"url\":\"https:\\\/\\\/nhkmachineryparts.com\\\/wp-content\\\/uploads\\\/2023\\\/01\\\/Blue-Star-knob-unit-with-eyebolt.jpg\",\"contentUrl\":\"https:\\\/\\\/nhkmachineryparts.com\\\/wp-content\\\/uploads\\\/2023\\\/01\\\/Blue-Star-knob-unit-with-eyebolt.jpg\",\"width\":500,\"height\":500,\"caption\":\"Blue Star knob unit with eyebolt\"},{\"@type\":\"BreadcrumbList\",\"@id\":\"https:\\\/\\\/nhkmachineryparts.com\\\/product\\\/star-knob-with-eyebolt\\\/#breadcrumb\",\"itemListElement\":[{\"@type\":\"ListItem\",\"position\":1,\"name\":\"Home\",\"item\":\"https:\\\/\\\/nhkmachineryparts.com\\\/\"},{\"@type\":\"ListItem\",\"position\":2,\"name\":\"Product line\",\"item\":\"https:\\\/\\\/nhkmachineryparts.com\\\/product-line\\\/\"},{\"@type\":\"ListItem\",\"position\":3,\"name\":\"Machinery Components and Mounting Bracket\",\"item\":\"https:\\\/\\\/nhkmachineryparts.com\\\/product-line\\\/conveyor-components-and-machinery-parts\\\/\"},{\"@type\":\"ListItem\",\"position\":4,\"name\":\"Star knob unit with eyebolt\"}]},{\"@type\":\"WebSite\",\"@id\":\"https:\\\/\\\/nhkmachineryparts.com\\\/#website\",\"url\":\"https:\\\/\\\/nhkmachineryparts.com\\\/\",\"name\":\"NHK Machinery Parts\",\"description\":\"Bearing Houses, seismic levelling feet and levelling castors\",\"publisher\":{\"@id\":\"https:\\\/\\\/nhkmachineryparts.com\\\/#organization\"},\"potentialAction\":[{\"@type\":\"SearchAction\",\"target\":{\"@type\":\"EntryPoint\",\"urlTemplate\":\"https:\\\/\\\/nhkmachineryparts.com\\\/?s={search_term_string}\"},\"query-input\":{\"@type\":\"PropertyValueSpecification\",\"valueRequired\":true,\"valueName\":\"search_term_string\"}}],\"inLanguage\":\"tr\"},{\"@type\":\"Organization\",\"@id\":\"https:\\\/\\\/nhkmachineryparts.com\\\/#organization\",\"name\":\"Nhk Group ApS\",\"url\":\"https:\\\/\\\/nhkmachineryparts.com\\\/\",\"logo\":{\"@type\":\"ImageObject\",\"inLanguage\":\"tr\",\"@id\":\"https:\\\/\\\/nhkmachineryparts.com\\\/#\\\/schema\\\/logo\\\/image\\\/\",\"url\":\"https:\\\/\\\/nhkmachineryparts.com\\\/wp-content\\\/uploads\\\/2022\\\/09\\\/NHKgroup_social.jpg\",\"contentUrl\":\"https:\\\/\\\/nhkmachineryparts.com\\\/wp-content\\\/uploads\\\/2022\\\/09\\\/NHKgroup_social.jpg\",\"width\":1200,\"height\":630,\"caption\":\"Nhk Group ApS\"},\"image\":{\"@id\":\"https:\\\/\\\/nhkmachineryparts.com\\\/#\\\/schema\\\/logo\\\/image\\\/\"},\"sameAs\":[\"https:\\\/\\\/www.facebook.com\\\/NHK.Group.aps\"]}]}<\/script>\n<!-- \/ Yoast SEO plugin. -->","yoast_head_json":{"title":"Delikli c\u0131vatal\u0131 y\u0131ld\u0131z topuz \u00fcnitesi | NHK Makine Par\u00e7alar\u0131","description":"Paslanmaz delikli c\u0131vatal\u0131 y\u0131ld\u0131z d\u00fc\u011fme Nikel kapl\u0131 pirin\u00e7 par\u00e7al\u0131 poliamidden y\u0131ld\u0131z d\u00fc\u011fme Paslanmaz \u00e7elikten halkal\u0131 c\u0131vata ve pul AISI 304 (Aisi 1.4301)","robots":{"index":"index","follow":"follow","max-snippet":"max-snippet:-1","max-image-preview":"max-image-preview:large","max-video-preview":"max-video-preview:-1"},"canonical":"https:\/\/nhkmachineryparts.com\/tr\/urun\/gozlu-civatali-yildiz-topuzu\/","og_locale":"tr_TR","og_type":"article","og_title":"Star knob unit with eyebolt | NHK Machinery Parts","og_description":"Star knob with stainless eyebolt Star knob in polyamide with nickel plated brass insert Eyebolt and washer in stainless steel AISI 304 (Aisi 1.4301)","og_url":"https:\/\/nhkmachineryparts.com\/tr\/urun\/gozlu-civatali-yildiz-topuzu\/","og_site_name":"NHK Machinery Parts","article_publisher":"https:\/\/www.facebook.com\/NHK.Group.aps","article_modified_time":"2026-02-23T12:12:46+00:00","og_image":[{"width":500,"height":500,"url":"https:\/\/nhkmachineryparts.com\/wp-content\/uploads\/2023\/01\/Blue-Star-knob-unit-with-eyebolt.jpg","type":"image\/jpeg"}],"twitter_card":"summary_large_image","twitter_misc":{"Tahmini okuma s\u00fcresi":"1 dakika"},"schema":{"@context":"https:\/\/schema.org","@graph":[{"@type":"WebPage","@id":"https:\/\/nhkmachineryparts.com\/product\/star-knob-with-eyebolt\/","url":"https:\/\/nhkmachineryparts.com\/product\/star-knob-with-eyebolt\/","name":"Delikli c\u0131vatal\u0131 y\u0131ld\u0131z topuz \u00fcnitesi | NHK Makine Par\u00e7alar\u0131","isPartOf":{"@id":"https:\/\/nhkmachineryparts.com\/#website"},"primaryImageOfPage":{"@id":"https:\/\/nhkmachineryparts.com\/product\/star-knob-with-eyebolt\/#primaryimage"},"image":{"@id":"https:\/\/nhkmachineryparts.com\/product\/star-knob-with-eyebolt\/#primaryimage"},"thumbnailUrl":"https:\/\/nhkmachineryparts.com\/wp-content\/uploads\/2023\/01\/Blue-Star-knob-unit-with-eyebolt.jpg","datePublished":"2023-01-31T19:47:45+00:00","dateModified":"2026-02-23T12:12:46+00:00","description":"Paslanmaz delikli c\u0131vatal\u0131 y\u0131ld\u0131z d\u00fc\u011fme Nikel kapl\u0131 pirin\u00e7 par\u00e7al\u0131 poliamidden y\u0131ld\u0131z d\u00fc\u011fme Paslanmaz \u00e7elikten halkal\u0131 c\u0131vata ve pul AISI 304 (Aisi 1.4301)","breadcrumb":{"@id":"https:\/\/nhkmachineryparts.com\/product\/star-knob-with-eyebolt\/#breadcrumb"},"inLanguage":"tr","potentialAction":[{"@type":"ReadAction","target":["https:\/\/nhkmachineryparts.com\/product\/star-knob-with-eyebolt\/"]}]},{"@type":"ImageObject","inLanguage":"tr","@id":"https:\/\/nhkmachineryparts.com\/product\/star-knob-with-eyebolt\/#primaryimage","url":"https:\/\/nhkmachineryparts.com\/wp-content\/uploads\/2023\/01\/Blue-Star-knob-unit-with-eyebolt.jpg","contentUrl":"https:\/\/nhkmachineryparts.com\/wp-content\/uploads\/2023\/01\/Blue-Star-knob-unit-with-eyebolt.jpg","width":500,"height":500,"caption":"Blue Star knob unit with eyebolt"},{"@type":"BreadcrumbList","@id":"https:\/\/nhkmachineryparts.com\/product\/star-knob-with-eyebolt\/#breadcrumb","itemListElement":[{"@type":"ListItem","position":1,"name":"Home","item":"https:\/\/nhkmachineryparts.com\/"},{"@type":"ListItem","position":2,"name":"Product line","item":"https:\/\/nhkmachineryparts.com\/product-line\/"},{"@type":"ListItem","position":3,"name":"Machinery Components and Mounting Bracket","item":"https:\/\/nhkmachineryparts.com\/product-line\/conveyor-components-and-machinery-parts\/"},{"@type":"ListItem","position":4,"name":"Star knob unit with eyebolt"}]},{"@type":"WebSite","@id":"https:\/\/nhkmachineryparts.com\/#website","url":"https:\/\/nhkmachineryparts.com\/","name":"NHK Makine Par\u00e7alar\u0131","description":"Rulman Yataklar\u0131, sismik tesviye ayaklar\u0131 ve tesviye tekerlekleri","publisher":{"@id":"https:\/\/nhkmachineryparts.com\/#organization"},"potentialAction":[{"@type":"SearchAction","target":{"@type":"EntryPoint","urlTemplate":"https:\/\/nhkmachineryparts.com\/?s={search_term_string}"},"query-input":{"@type":"PropertyValueSpecification","valueRequired":true,"valueName":"search_term_string"}}],"inLanguage":"tr"},{"@type":"Organization","@id":"https:\/\/nhkmachineryparts.com\/#organization","name":"NHK Grup ApS","url":"https:\/\/nhkmachineryparts.com\/","logo":{"@type":"ImageObject","inLanguage":"tr","@id":"https:\/\/nhkmachineryparts.com\/#\/schema\/logo\/image\/","url":"https:\/\/nhkmachineryparts.com\/wp-content\/uploads\/2022\/09\/NHKgroup_social.jpg","contentUrl":"https:\/\/nhkmachineryparts.com\/wp-content\/uploads\/2022\/09\/NHKgroup_social.jpg","width":1200,"height":630,"caption":"Nhk Group ApS"},"image":{"@id":"https:\/\/nhkmachineryparts.com\/#\/schema\/logo\/image\/"},"sameAs":["https:\/\/www.facebook.com\/NHK.Group.aps"]}]}},"_links":{"self":[{"href":"https:\/\/nhkmachineryparts.com\/tr\/wp-json\/wp\/v2\/product\/3576","targetHints":{"allow":["GET"]}}],"collection":[{"href":"https:\/\/nhkmachineryparts.com\/tr\/wp-json\/wp\/v2\/product"}],"about":[{"href":"https:\/\/nhkmachineryparts.com\/tr\/wp-json\/wp\/v2\/types\/product"}],"wp:featuredmedia":[{"embeddable":true,"href":"https:\/\/nhkmachineryparts.com\/tr\/wp-json\/wp\/v2\/media\/38327"}],"wp:attachment":[{"href":"https:\/\/nhkmachineryparts.com\/tr\/wp-json\/wp\/v2\/media?parent=3576"}],"wp:term":[{"taxonomy":"product_brand","embeddable":true,"href":"https:\/\/nhkmachineryparts.com\/tr\/wp-json\/wp\/v2\/product_brand?post=3576"},{"taxonomy":"product_cat","embeddable":true,"href":"https:\/\/nhkmachineryparts.com\/tr\/wp-json\/wp\/v2\/product_cat?post=3576"},{"taxonomy":"product_tag","embeddable":true,"href":"https:\/\/nhkmachineryparts.com\/tr\/wp-json\/wp\/v2\/product_tag?post=3576"}],"curies":[{"name":"wp","href":"https:\/\/api.w.org\/{rel}","templated":true}]}}