{"id":2911,"date":"2023-01-07T20:34:29","date_gmt":"2023-01-07T20:34:29","guid":{"rendered":"https:\/\/nhkmachineryparts.com\/?post_type=product&#038;p=2911"},"modified":"2026-02-23T14:42:24","modified_gmt":"2026-02-23T12:42:24","slug":"ekstra-hijyenik-tasarimli-ayakli-millli-koruyucu-kilifli","status":"publish","type":"product","link":"https:\/\/nhkmachineryparts.com\/tr\/product\/levelling-feet-in-extra-hygienic-design-ehlf-with-spindle-with-protecting-sleeve\/","title":{"rendered":"Korumal\u0131 mil ile hijyenik seviyelendirme ayaklar\u0131"},"content":{"rendered":"<section class=\"vc_row vc_custom_1662993827263 liquid-row-shadowbox-69d411f707939 vc_column-gap-0\"><div class=\"ld-container container\"><div class=\"row ld-row ld-row-outer\"><div class=\"wpb_column vc_column_container vc_col-sm-12 liquid-column-69d411f707ab8\"><div class=\"vc_column-inner\" ><div class=\"wpb_wrapper\"  >\n\t<div class=\"wpb_text_column wpb_content_element\" >\n\t\t<div class=\"wpb_wrapper\">\n\t\t\t<h2>Temizlik ve \u0130stikrar\u0131n Sa\u011flanmas\u0131<\/h2>\n<p><a href=\"https:\/\/nhkmachineryparts.com\/tr\/product-line\/stainless-steel-solid-base-feet\/\" data-internallinksmanager029f6b8e52c=\"7\" title=\"Sa\u011flam taban plakal\u0131 makine tesviye ayaklar\u0131\">Denge ayaklar\u0131<\/a> Titre\u015fimi azaltma ve kaymay\u0131 \u00f6nleme \u00f6zellikleri i\u00e7in kau\u00e7uk tabanl\u0131 hijyenik tasar\u0131m<br \/>\nBizim <a href=\"https:\/\/nhkmachineryparts.com\/tr\/product-line\/stainless-steel-solid-base-feet\/\" data-internallinksmanager029f6b8e52c=\"17\" title=\"Sa\u011flam taban plakal\u0131 makine tesviye ayaklar\u0131\">hijyenik tesviye ayaklar\u0131<\/a> G\u0131da g\u00fcvenli\u011fi izlenebilirli\u011fi i\u00e7in benzersiz parti kimlik numaras\u0131na sahip FDA sertifikas\u0131 (FDA CFR 21 177 2600) ile sa\u011flan\u0131r<\/p>\n<p><a href=\"https:\/\/nhkmachineryparts.com\/tr\/magaza\/urun-hatti\/hijyenik-tasarimli-makine-dengeleme-ayaklari\/hygienic-levelling-feet-with-protected-spindle\/\">\u00dcr\u00fcn se\u00e7icimizi deneyin<\/a><\/p>\n<h3>Hijyenik tasar\u0131m \u00f6zellikleri ve avantajlar\u0131nda dengeleme ayaklar\u0131<\/h3>\n<p><a href=\"https:\/\/nhkmachineryparts.com\/tr\/product-line\/stainless-steel-solid-base-feet\/\" data-internallinksmanager029f6b8e52c=\"17\" title=\"Sa\u011flam taban plakal\u0131 makine tesviye ayaklar\u0131\">Hijyenik dengeleme ayaklar\u0131<\/a> Temizlemeyi kolayla\u015ft\u0131ran yuvarlak, hijyenik bir tasar\u0131ma sahiptir.<br \/>\n<a href=\"https:\/\/nhkmachineryparts.com\/tr\/product-line\/stainless-steel-solid-base-feet\/\" data-internallinksmanager029f6b8e52c=\"17\" title=\"Sa\u011flam taban plakal\u0131 makine tesviye ayaklar\u0131\">Hijyenik dengeleme ayaklar\u0131<\/a> Zeminlerde ve ekipmanlarda 10 dereceye kadar e\u011fimlerle ba\u015fa \u00e7\u0131kabilir.<\/p>\n<h3>Hijyenik tasar\u0131m malzemelerindeki dengeleme ayaklar\u0131<\/h3>\n<p><a href=\"https:\/\/nhkmachineryparts.com\/tr\/product-line\/stainless-steel-solid-base-feet\/\" data-internallinksmanager029f6b8e52c=\"17\" title=\"Sa\u011flam taban plakal\u0131 makine tesviye ayaklar\u0131\">Hijyenik dengeleme ayaklar\u0131<\/a> FDA CFR 21 177 2600&#039;e g\u00f6re FDA sertifikal\u0131 vulkanize kau\u00e7uk par\u00e7a.<\/p>\n<p>Taban plakas\u0131 malzemesi a\u00e7\u0131klamas\u0131:<br \/>\nPaslanmaz \u00e7elik Aisi 304 veya Aisi 316<\/p>\n<p>Mil malzemesi a\u00e7\u0131klamas\u0131:<br \/>\nPaslanmaz \u00e7elik A2-70 veya A4-70<\/p>\n<p>Kau\u00e7uk taban malzemesi a\u00e7\u0131klamas\u0131:<br \/>\nNBR Kau\u00e7uk (Nitril kau\u00e7uk CAS no. 9005-98-5)<br \/>\nFDA CFR 21 177 2600&#039;e g\u00f6re FDA Sertifikas\u0131<\/p>\n<p>T\u00fcm malzemeler kimyasallara, yayg\u0131n olarak uygulanan temizlik maddelerine ve kat\u0131 ve s\u0131v\u0131 ya\u011flara kar\u015f\u0131 olduk\u00e7a dayan\u0131kl\u0131d\u0131r.<\/p>\n<h3>Hijyenik tasar\u0131m boyutlar\u0131nda dengeleme ayaklar\u0131<\/h3>\n<p><a href=\"https:\/\/nhkmachineryparts.com\/tr\/product-line\/stainless-steel-solid-base-feet\/\" data-internallinksmanager029f6b8e52c=\"17\" title=\"Sa\u011flam taban plakal\u0131 makine tesviye ayaklar\u0131\">Hijyenik dengeleme ayaklar\u0131<\/a> taban, optimum esneklik ve se\u00e7enek sunan geni\u015f bir yelpazede mevcuttur.<\/p>\n<div class=\"dcf-overflow-x-auto\" tabindex=\"0\">\n<table class=\"dcf-table dcf-table-bordered dcf-w-100%\">\n<thead>\n<tr>\n<th scope=\"col\">Taban Boyutu<\/th>\n<th scope=\"col\">Taban \u00c7ap\u0131 D<\/th>\n<th scope=\"col\">\u00c7ap D Nom. Y\u00fck<\/th>\n<\/tr>\n<\/thead>\n<tbody>\n<tr>\n<td data-label=\"EHMF Base Size \">YTL 50<\/td>\n<td data-label=\"Base Diameter D\">50 mm<\/td>\n<td data-label=\"Diameter D Nom. Load \">5.000 N<\/td>\n<\/tr>\n<tr>\n<td data-label=\"EHMF Base Size \">YLF 60<\/td>\n<td data-label=\"Base Diameter D\">60 mm<\/td>\n<td data-label=\"Diameter D Nom. Load \">7.000 N<\/td>\n<\/tr>\n<tr>\n<td data-label=\"EHMF Base Size \">HL 80<\/td>\n<td data-label=\"Base Diameter D\">80mm<\/td>\n<td data-label=\"Diameter D Nom. Load \">15.000 N<\/td>\n<\/tr>\n<tr>\n<td data-label=\"EHMF Base Size \">HL 100<\/td>\n<td data-label=\"Base Diameter D\">100 mm<\/td>\n<td data-label=\"Diameter D Nom. Load \">20.000 N<\/td>\n<\/tr>\n<tr>\n<td data-label=\"EHMF Base Size \">HL 120<\/td>\n<td data-label=\"Base Diameter D\">120mm<\/td>\n<td data-label=\"Diameter D Nom. Load \">30.000 N<\/td>\n<\/tr>\n<tr>\n<td data-label=\"EHMF Base Size \">HL 140<\/td>\n<td data-label=\"Base Diameter D\">140mm<\/td>\n<td data-label=\"Diameter D Nom. Load \">40.000 Kuzey<\/td>\n<\/tr>\n<\/tbody>\n<\/table>\n<\/div>\n<p><a href=\"https:\/\/nhkmachineryparts.com\/tr\/product-line\/stainless-steel-solid-base-feet\/\" data-internallinksmanager029f6b8e52c=\"17\" title=\"Sa\u011flam taban plakal\u0131 makine tesviye ayaklar\u0131\">Hijyenik dengeleme ayaklar\u0131<\/a> Koruma man\u015fonlu miller geni\u015f bir yelpazede mevcut olup, optimum esneklik ve se\u00e7enek sunar.<\/p>\n<div class=\"dcf-overflow-x-auto\" tabindex=\"0\">\n<table class=\"dcf-table dcf-table-bordered dcf-w-100%\">\n<caption>EHLF Mil ve man\u015fon \u00e7ap\u0131<\/caption>\n<tbody>\n<tr>\n<td>M16<\/td>\n<td>M20<\/td>\n<td>M24<\/td>\n<td>M30<\/td>\n<td>M36<\/td>\n<td>M42<\/td>\n<td>M48<\/td>\n<\/tr>\n<\/tbody>\n<\/table>\n<\/div>\n<div class=\"dcf-overflow-x-auto\" tabindex=\"0\">\n<table class=\"dcf-table dcf-table-bordered dcf-w-100%\">\n<caption>EHLF Mil uzunlu\u011fu (L) ve Kovan uzunlu\u011fu (H)<\/caption>\n<tbody>\n<tr>\n<td>U=135 mm Y=55 mm<\/td>\n<td>Min 80 mm&#039;den Max 120 mm&#039;ye<\/td>\n<\/tr>\n<tr>\n<td>U=175 mm Y=75 mm<\/td>\n<td>Min 100 mm&#039;den Maksimum 160 mm&#039;ye<\/td>\n<\/tr>\n<tr>\n<td>U=215 mm Y=95 mm<\/td>\n<td>Min 120 mm&#039;den Max 200 mm&#039;ye<\/td>\n<\/tr>\n<tr>\n<td>U=255 mm Y=115 mm<\/td>\n<td>Min 140 mm&#039;den Maksimum 240 mm&#039;ye<\/td>\n<\/tr>\n<tr>\n<td>U=295 mm Y=125 mm<\/td>\n<td>Min 180 mm&#039;den Maksimum 280 mm&#039;ye<\/td>\n<\/tr>\n<\/tbody>\n<\/table>\n<\/div>\n<p>Di\u011fer di\u015fli mil uzunlu\u011fu (L) i\u00e7in l\u00fctfen bizimle ileti\u015fime ge\u00e7in.<br \/>\n\u0130stek \u00fczerine in\u00e7 cinsinden di\u015fler mevcuttur<br \/>\n\u0130plik ayr\u0131ca \u00f6zel iste\u011fe g\u00f6re \u00f6zelle\u015ftirilebilir, eski trapez iplik vb.<\/p>\n<h3>Hijyenik tasar\u0131ml\u0131 teslimat se\u00e7ene\u011finde dengeleme ayaklar\u0131<\/h3>\n<p>B\u00fcy\u00fck sipari\u015fler i\u00e7in taban ve milleri ayr\u0131 ayr\u0131 tedarik etmeyi \u00f6neriyoruz<br \/>\nAvantaj\u0131, bir\u00e7ok farkl\u0131 boyutta i\u011f kullanan m\u00fc\u015fteri i\u00e7in esnekliktir.<\/p>\n<h2 data-start=\"0\" data-end=\"86\">Korumal\u0131 Mil ile Hijyenik Dengeleme Ayaklar\u0131<\/h2>\n<h3 data-start=\"88\" data-end=\"148\">G\u0131da ve \u0130la\u00e7 End\u00fcstrileri i\u00e7in Geli\u015fmi\u015f Hijyen<\/h3>\n<p data-start=\"150\" data-end=\"585\"><a href=\"https:\/\/nhkmachineryparts.com\/tr\/product-line\/stainless-steel-solid-base-feet\/\" data-internallinksmanager029f6b8e52c=\"17\" title=\"Sa\u011flam taban plakal\u0131 makine tesviye ayaklar\u0131\">Hijyenik dengeleme ayaklar\u0131<\/a> korumal\u0131 miller temel bile\u015fenlerdir <a href=\"https:\/\/nhkmachineryparts.com\/tr\/our-industries\/\" data-internallinksmanager029f6b8e52c=\"4\" title=\"End\u00fcstrilerimiz\">end\u00fcstriler<\/a> temizlik ve g\u00fcvenli\u011fin en \u00f6nemli oldu\u011fu yer. Kirlenmeyi \u00f6nlemek i\u00e7in tasarlanan bu bile\u015fenler, g\u0131da i\u015fleme, ila\u00e7 \u00fcretimi ve biyoteknoloji tesislerinde yayg\u0131n olarak kullan\u0131l\u0131r. Paslanmaz \u00e7elik yap\u0131lar\u0131 ve korumal\u0131 mil tasar\u0131mlar\u0131, kir, nem veya bakterinin birikmemesini sa\u011flayarak s\u0131k\u0131 hijyen standartlar\u0131n\u0131 korur.<\/p>\n<h3 data-start=\"587\" data-end=\"634\">Uzun \u00d6m\u00fcrl\u00fc Performans \u0130\u00e7in Sa\u011flam Tasar\u0131m<\/h3>\n<p data-start=\"636\" data-end=\"1091\">Sa\u011flam yap\u0131s\u0131 <a href=\"https:\/\/nhkmachineryparts.com\/tr\/product-line\/stainless-steel-solid-base-feet\/\" data-internallinksmanager029f6b8e52c=\"17\" title=\"Sa\u011flam taban plakal\u0131 makine tesviye ayaklar\u0131\">hijyenik tesviye ayaklar\u0131<\/a> zorlu ortamlarda bile uzun s\u00fcreli performans sa\u011flar. Korunan mil, d\u0131\u015f etkenlere maruz kalmay\u0131 \u00f6nleyen koruyucu bir kapakla \u00e7evrelenmi\u015ftir. Bu tasar\u0131m a\u015f\u0131nma ve y\u0131pranmay\u0131 en aza indirir, bak\u0131m gereksinimlerini azalt\u0131r ve ekipman\u0131n kullan\u0131m \u00f6mr\u00fcn\u00fc uzat\u0131r. Ayr\u0131ca, paslanmaz \u00e7elik malzemeler korozyon direnci sa\u011flayarak bu bile\u015fenleri \u0131slak ve zorlu ortamlar i\u00e7in ideal hale getirir.<\/p>\n<h3 data-start=\"1093\" data-end=\"1132\">End\u00fcstri Standartlar\u0131na Uygunluk<\/h3>\n<p data-start=\"1134\" data-end=\"1512\"><a href=\"https:\/\/nhkmachineryparts.com\/tr\/product-line\/stainless-steel-solid-base-feet\/\" data-internallinksmanager029f6b8e52c=\"17\" title=\"Sa\u011flam taban plakal\u0131 makine tesviye ayaklar\u0131\">Hijyenik dengeleme ayaklar\u0131<\/a> korumal\u0131 miller, uluslararas\u0131 hijyen standartlar\u0131na uyacak \u015fekilde tasarlanm\u0131\u015ft\u0131r; bunlara \u015funlar dahildir: <a href=\"https:\/\/nhkmachineryparts.com\/tr\/3a-ve-ehedg-arasindaki-fark-nedir\/\" data-internallinksmanager029f6b8e52c=\"2\" title=\"EHEDG Sertifikal\u0131 Makine Par\u00e7alar\u0131\">EHEDG<\/a> ve 3A sertifikalar\u0131. P\u00fcr\u00fczs\u00fcz y\u00fczeyleri ve minimum \u00e7atlaklar\u0131 kolay temizlik sa\u011flar ve sanitasyon y\u00f6netmeliklerine uyumu garanti eder. Bu temizlik seviyesi, kirlenmenin \u00fcr\u00fcn g\u00fcvenli\u011fini ve kalitesini tehlikeye atabilece\u011fi end\u00fcstrilerde hayati \u00f6nem ta\u015f\u0131r.<\/p>\n<h3 data-start=\"1514\" data-end=\"1567\">\u00c7e\u015fitli End\u00fcstrilerde \u00c7ok Y\u00f6nl\u00fc Uygulamalar<\/h3>\n<p data-start=\"1569\" data-end=\"1909\">Bu dengeleme ayaklar\u0131, konvey\u00f6r sistemlerinde, paketleme makinelerinde ve g\u0131da i\u015fleme ekipmanlar\u0131nda yayg\u0131n olarak kullan\u0131l\u0131r. Ayarlanabilir tasar\u0131mlar\u0131, hassas hizalama ve denge sa\u011flayarak optimum makine performans\u0131 sa\u011flar. Titre\u015fimleri \u00f6nleyerek ve ekipman dengesini koruyarak, \u00fcretim verimlili\u011fini ve \u00fcr\u00fcn tutarl\u0131l\u0131\u011f\u0131n\u0131 iyile\u015ftirmeye yard\u0131mc\u0131 olurlar.<\/p>\n<h3 data-start=\"1911\" data-end=\"2134\"><strong data-start=\"1911\" data-end=\"1932\">Hijyen ve Stabiliteyi Art\u0131rmak<\/strong><\/h3>\n<p data-start=\"1911\" data-end=\"2134\" data-is-last-node=\"\" data-is-only-node=\"\">Faydalar\u0131n\u0131 ke\u015ffedin <a href=\"https:\/\/nhkmachineryparts.com\/tr\/product-line\/stainless-steel-solid-base-feet\/\" data-internallinksmanager029f6b8e52c=\"17\" title=\"Sa\u011flam taban plakal\u0131 makine tesviye ayaklar\u0131\">hijyenik tesviye ayaklar\u0131<\/a> korumal\u0131 millerle. G\u0131da i\u015fleme, ila\u00e7 ve biyoteknolojide temizlik, stabilite ve end\u00fcstri standartlar\u0131na uyumu garantileyin.<\/p>\n\n\t\t<\/div>\n\t<\/div>\n<\/div><\/div><\/div><\/div><\/div><\/section>","protected":false},"excerpt":{"rendered":"Ensuring Cleanliness and Stability Levelling feet in hygienic design with rubber base for vibration reduction and anti-slip properties Our hygienic levelling feet are provided with FDA certificate (FDA CFR 21 177 2600) with unique batch ID number for food safety traceability Try our product selector Levelling feet in hygienic design features and advantages Hygienic levelling [...]","protected":false},"featured_media":8504,"template":"","meta":[],"product_brand":[],"product_cat":[18],"product_tag":[],"class_list":{"0":"post-2911","1":"product","2":"type-product","3":"status-publish","4":"has-post-thumbnail","6":"product_cat-stainless-steel-machine-levelling-feet","8":"first","9":"instock","10":"shipping-taxable","11":"product-type-simple"},"yoast_head":"<!-- This site is optimized with the Yoast SEO plugin v27.3 - https:\/\/yoast.com\/product\/yoast-seo-wordpress\/ -->\n<title>Hygienic levelling feet with protected spindle | NHK Machinery Parts<\/title>\n<meta name=\"description\" content=\"In environments where contamination risks must be minimized, hygienic levelling feet with protected spindles provide reliable performance.\" \/>\n<meta name=\"robots\" content=\"index, follow, max-snippet:-1, max-image-preview:large, max-video-preview:-1\" \/>\n<link rel=\"canonical\" href=\"https:\/\/nhkmachineryparts.com\/tr\/urun\/ekstra-hijyenik-tasarimli-ayakli-millli-koruyucu-kilifli\/\" \/>\n<meta property=\"og:locale\" content=\"tr_TR\" \/>\n<meta property=\"og:type\" content=\"article\" \/>\n<meta property=\"og:title\" content=\"Hygienic levelling feet with protected spindle | NHK Machinery Parts\" \/>\n<meta property=\"og:description\" content=\"In environments where contamination risks must be minimized, hygienic levelling feet with protected spindles provide reliable performance.\" \/>\n<meta property=\"og:url\" content=\"https:\/\/nhkmachineryparts.com\/tr\/urun\/ekstra-hijyenik-tasarimli-ayakli-millli-koruyucu-kilifli\/\" \/>\n<meta property=\"og:site_name\" content=\"NHK Machinery Parts\" \/>\n<meta property=\"article:publisher\" content=\"https:\/\/www.facebook.com\/NHK.Group.aps\" \/>\n<meta property=\"article:modified_time\" content=\"2026-02-23T12:42:24+00:00\" \/>\n<meta property=\"og:image\" content=\"https:\/\/nhkmachineryparts.com\/wp-content\/uploads\/2023\/01\/Levelling-feet-in-extra-hygienic-design-EHLF-with-spindle-with-protecting-sleeve.jpg\" \/>\n\t<meta property=\"og:image:width\" content=\"1000\" \/>\n\t<meta property=\"og:image:height\" content=\"1000\" \/>\n\t<meta property=\"og:image:type\" content=\"image\/jpeg\" \/>\n<meta name=\"twitter:card\" content=\"summary_large_image\" \/>\n<meta name=\"twitter:label1\" content=\"Tahmini okuma s\u00fcresi\" \/>\n\t<meta name=\"twitter:data1\" content=\"4 dakika\" \/>\n<script type=\"application\/ld+json\" class=\"yoast-schema-graph\">{\"@context\":\"https:\\\/\\\/schema.org\",\"@graph\":[{\"@type\":\"WebPage\",\"@id\":\"https:\\\/\\\/nhkmachineryparts.com\\\/product\\\/levelling-feet-in-extra-hygienic-design-ehlf-with-spindle-with-protecting-sleeve\\\/\",\"url\":\"https:\\\/\\\/nhkmachineryparts.com\\\/product\\\/levelling-feet-in-extra-hygienic-design-ehlf-with-spindle-with-protecting-sleeve\\\/\",\"name\":\"Hygienic levelling feet with protected spindle | NHK Machinery Parts\",\"isPartOf\":{\"@id\":\"https:\\\/\\\/nhkmachineryparts.com\\\/#website\"},\"primaryImageOfPage\":{\"@id\":\"https:\\\/\\\/nhkmachineryparts.com\\\/product\\\/levelling-feet-in-extra-hygienic-design-ehlf-with-spindle-with-protecting-sleeve\\\/#primaryimage\"},\"image\":{\"@id\":\"https:\\\/\\\/nhkmachineryparts.com\\\/product\\\/levelling-feet-in-extra-hygienic-design-ehlf-with-spindle-with-protecting-sleeve\\\/#primaryimage\"},\"thumbnailUrl\":\"https:\\\/\\\/nhkmachineryparts.com\\\/wp-content\\\/uploads\\\/2023\\\/01\\\/Levelling-feet-in-extra-hygienic-design-EHLF-with-spindle-with-protecting-sleeve.jpg\",\"datePublished\":\"2023-01-07T20:34:29+00:00\",\"dateModified\":\"2026-02-23T12:42:24+00:00\",\"description\":\"In environments where contamination risks must be minimized, hygienic levelling feet with protected spindles provide reliable performance.\",\"breadcrumb\":{\"@id\":\"https:\\\/\\\/nhkmachineryparts.com\\\/product\\\/levelling-feet-in-extra-hygienic-design-ehlf-with-spindle-with-protecting-sleeve\\\/#breadcrumb\"},\"inLanguage\":\"tr\",\"potentialAction\":[{\"@type\":\"ReadAction\",\"target\":[\"https:\\\/\\\/nhkmachineryparts.com\\\/product\\\/levelling-feet-in-extra-hygienic-design-ehlf-with-spindle-with-protecting-sleeve\\\/\"]}]},{\"@type\":\"ImageObject\",\"inLanguage\":\"tr\",\"@id\":\"https:\\\/\\\/nhkmachineryparts.com\\\/product\\\/levelling-feet-in-extra-hygienic-design-ehlf-with-spindle-with-protecting-sleeve\\\/#primaryimage\",\"url\":\"https:\\\/\\\/nhkmachineryparts.com\\\/wp-content\\\/uploads\\\/2023\\\/01\\\/Levelling-feet-in-extra-hygienic-design-EHLF-with-spindle-with-protecting-sleeve.jpg\",\"contentUrl\":\"https:\\\/\\\/nhkmachineryparts.com\\\/wp-content\\\/uploads\\\/2023\\\/01\\\/Levelling-feet-in-extra-hygienic-design-EHLF-with-spindle-with-protecting-sleeve.jpg\",\"width\":1000,\"height\":1000,\"caption\":\"Levelling feet in extra hygienic design EHLF with spindle with protecting sleeve\"},{\"@type\":\"BreadcrumbList\",\"@id\":\"https:\\\/\\\/nhkmachineryparts.com\\\/product\\\/levelling-feet-in-extra-hygienic-design-ehlf-with-spindle-with-protecting-sleeve\\\/#breadcrumb\",\"itemListElement\":[{\"@type\":\"ListItem\",\"position\":1,\"name\":\"Home\",\"item\":\"https:\\\/\\\/nhkmachineryparts.com\\\/\"},{\"@type\":\"ListItem\",\"position\":2,\"name\":\"Product line\",\"item\":\"https:\\\/\\\/nhkmachineryparts.com\\\/product-line\\\/\"},{\"@type\":\"ListItem\",\"position\":3,\"name\":\"Industrial machine leveling feet in stainless steel\",\"item\":\"https:\\\/\\\/nhkmachineryparts.com\\\/product-line\\\/stainless-steel-machine-levelling-feet\\\/\"},{\"@type\":\"ListItem\",\"position\":4,\"name\":\"Hygienic levelling feet with protected spindle\"}]},{\"@type\":\"WebSite\",\"@id\":\"https:\\\/\\\/nhkmachineryparts.com\\\/#website\",\"url\":\"https:\\\/\\\/nhkmachineryparts.com\\\/\",\"name\":\"NHK Machinery Parts\",\"description\":\"Bearing Houses, seismic levelling feet and levelling castors\",\"publisher\":{\"@id\":\"https:\\\/\\\/nhkmachineryparts.com\\\/#organization\"},\"potentialAction\":[{\"@type\":\"SearchAction\",\"target\":{\"@type\":\"EntryPoint\",\"urlTemplate\":\"https:\\\/\\\/nhkmachineryparts.com\\\/?s={search_term_string}\"},\"query-input\":{\"@type\":\"PropertyValueSpecification\",\"valueRequired\":true,\"valueName\":\"search_term_string\"}}],\"inLanguage\":\"tr\"},{\"@type\":\"Organization\",\"@id\":\"https:\\\/\\\/nhkmachineryparts.com\\\/#organization\",\"name\":\"Nhk Group ApS\",\"url\":\"https:\\\/\\\/nhkmachineryparts.com\\\/\",\"logo\":{\"@type\":\"ImageObject\",\"inLanguage\":\"tr\",\"@id\":\"https:\\\/\\\/nhkmachineryparts.com\\\/#\\\/schema\\\/logo\\\/image\\\/\",\"url\":\"https:\\\/\\\/nhkmachineryparts.com\\\/wp-content\\\/uploads\\\/2022\\\/09\\\/NHKgroup_social.jpg\",\"contentUrl\":\"https:\\\/\\\/nhkmachineryparts.com\\\/wp-content\\\/uploads\\\/2022\\\/09\\\/NHKgroup_social.jpg\",\"width\":1200,\"height\":630,\"caption\":\"Nhk Group ApS\"},\"image\":{\"@id\":\"https:\\\/\\\/nhkmachineryparts.com\\\/#\\\/schema\\\/logo\\\/image\\\/\"},\"sameAs\":[\"https:\\\/\\\/www.facebook.com\\\/NHK.Group.aps\"]}]}<\/script>\n<!-- \/ Yoast SEO plugin. -->","yoast_head_json":{"title":"Korumal\u0131 mil ile hijyenik seviyelendirme ayaklar\u0131 | NHK Makine Par\u00e7alar\u0131","description":"Kontaminasyon riskinin en aza indirilmesi gereken ortamlarda, korumal\u0131 millere sahip hijyenik d\u00fczeltme ayaklar\u0131 g\u00fcvenilir performans sa\u011flar.","robots":{"index":"index","follow":"follow","max-snippet":"max-snippet:-1","max-image-preview":"max-image-preview:large","max-video-preview":"max-video-preview:-1"},"canonical":"https:\/\/nhkmachineryparts.com\/tr\/urun\/ekstra-hijyenik-tasarimli-ayakli-millli-koruyucu-kilifli\/","og_locale":"tr_TR","og_type":"article","og_title":"Hygienic levelling feet with protected spindle | NHK Machinery Parts","og_description":"In environments where contamination risks must be minimized, hygienic levelling feet with protected spindles provide reliable performance.","og_url":"https:\/\/nhkmachineryparts.com\/tr\/urun\/ekstra-hijyenik-tasarimli-ayakli-millli-koruyucu-kilifli\/","og_site_name":"NHK Machinery Parts","article_publisher":"https:\/\/www.facebook.com\/NHK.Group.aps","article_modified_time":"2026-02-23T12:42:24+00:00","og_image":[{"width":1000,"height":1000,"url":"https:\/\/nhkmachineryparts.com\/wp-content\/uploads\/2023\/01\/Levelling-feet-in-extra-hygienic-design-EHLF-with-spindle-with-protecting-sleeve.jpg","type":"image\/jpeg"}],"twitter_card":"summary_large_image","twitter_misc":{"Tahmini okuma s\u00fcresi":"4 dakika"},"schema":{"@context":"https:\/\/schema.org","@graph":[{"@type":"WebPage","@id":"https:\/\/nhkmachineryparts.com\/product\/levelling-feet-in-extra-hygienic-design-ehlf-with-spindle-with-protecting-sleeve\/","url":"https:\/\/nhkmachineryparts.com\/product\/levelling-feet-in-extra-hygienic-design-ehlf-with-spindle-with-protecting-sleeve\/","name":"Korumal\u0131 mil ile hijyenik seviyelendirme ayaklar\u0131 | NHK Makine Par\u00e7alar\u0131","isPartOf":{"@id":"https:\/\/nhkmachineryparts.com\/#website"},"primaryImageOfPage":{"@id":"https:\/\/nhkmachineryparts.com\/product\/levelling-feet-in-extra-hygienic-design-ehlf-with-spindle-with-protecting-sleeve\/#primaryimage"},"image":{"@id":"https:\/\/nhkmachineryparts.com\/product\/levelling-feet-in-extra-hygienic-design-ehlf-with-spindle-with-protecting-sleeve\/#primaryimage"},"thumbnailUrl":"https:\/\/nhkmachineryparts.com\/wp-content\/uploads\/2023\/01\/Levelling-feet-in-extra-hygienic-design-EHLF-with-spindle-with-protecting-sleeve.jpg","datePublished":"2023-01-07T20:34:29+00:00","dateModified":"2026-02-23T12:42:24+00:00","description":"Kontaminasyon riskinin en aza indirilmesi gereken ortamlarda, korumal\u0131 millere sahip hijyenik d\u00fczeltme ayaklar\u0131 g\u00fcvenilir performans sa\u011flar.","breadcrumb":{"@id":"https:\/\/nhkmachineryparts.com\/product\/levelling-feet-in-extra-hygienic-design-ehlf-with-spindle-with-protecting-sleeve\/#breadcrumb"},"inLanguage":"tr","potentialAction":[{"@type":"ReadAction","target":["https:\/\/nhkmachineryparts.com\/product\/levelling-feet-in-extra-hygienic-design-ehlf-with-spindle-with-protecting-sleeve\/"]}]},{"@type":"ImageObject","inLanguage":"tr","@id":"https:\/\/nhkmachineryparts.com\/product\/levelling-feet-in-extra-hygienic-design-ehlf-with-spindle-with-protecting-sleeve\/#primaryimage","url":"https:\/\/nhkmachineryparts.com\/wp-content\/uploads\/2023\/01\/Levelling-feet-in-extra-hygienic-design-EHLF-with-spindle-with-protecting-sleeve.jpg","contentUrl":"https:\/\/nhkmachineryparts.com\/wp-content\/uploads\/2023\/01\/Levelling-feet-in-extra-hygienic-design-EHLF-with-spindle-with-protecting-sleeve.jpg","width":1000,"height":1000,"caption":"Levelling feet in extra hygienic design EHLF with spindle with protecting sleeve"},{"@type":"BreadcrumbList","@id":"https:\/\/nhkmachineryparts.com\/product\/levelling-feet-in-extra-hygienic-design-ehlf-with-spindle-with-protecting-sleeve\/#breadcrumb","itemListElement":[{"@type":"ListItem","position":1,"name":"Home","item":"https:\/\/nhkmachineryparts.com\/"},{"@type":"ListItem","position":2,"name":"Product line","item":"https:\/\/nhkmachineryparts.com\/product-line\/"},{"@type":"ListItem","position":3,"name":"Industrial machine leveling feet in stainless steel","item":"https:\/\/nhkmachineryparts.com\/product-line\/stainless-steel-machine-levelling-feet\/"},{"@type":"ListItem","position":4,"name":"Hygienic levelling feet with protected spindle"}]},{"@type":"WebSite","@id":"https:\/\/nhkmachineryparts.com\/#website","url":"https:\/\/nhkmachineryparts.com\/","name":"NHK Makine Par\u00e7alar\u0131","description":"Rulman Yataklar\u0131, sismik tesviye ayaklar\u0131 ve tesviye tekerlekleri","publisher":{"@id":"https:\/\/nhkmachineryparts.com\/#organization"},"potentialAction":[{"@type":"SearchAction","target":{"@type":"EntryPoint","urlTemplate":"https:\/\/nhkmachineryparts.com\/?s={search_term_string}"},"query-input":{"@type":"PropertyValueSpecification","valueRequired":true,"valueName":"search_term_string"}}],"inLanguage":"tr"},{"@type":"Organization","@id":"https:\/\/nhkmachineryparts.com\/#organization","name":"NHK Grup ApS","url":"https:\/\/nhkmachineryparts.com\/","logo":{"@type":"ImageObject","inLanguage":"tr","@id":"https:\/\/nhkmachineryparts.com\/#\/schema\/logo\/image\/","url":"https:\/\/nhkmachineryparts.com\/wp-content\/uploads\/2022\/09\/NHKgroup_social.jpg","contentUrl":"https:\/\/nhkmachineryparts.com\/wp-content\/uploads\/2022\/09\/NHKgroup_social.jpg","width":1200,"height":630,"caption":"Nhk Group ApS"},"image":{"@id":"https:\/\/nhkmachineryparts.com\/#\/schema\/logo\/image\/"},"sameAs":["https:\/\/www.facebook.com\/NHK.Group.aps"]}]}},"_links":{"self":[{"href":"https:\/\/nhkmachineryparts.com\/tr\/wp-json\/wp\/v2\/product\/2911","targetHints":{"allow":["GET"]}}],"collection":[{"href":"https:\/\/nhkmachineryparts.com\/tr\/wp-json\/wp\/v2\/product"}],"about":[{"href":"https:\/\/nhkmachineryparts.com\/tr\/wp-json\/wp\/v2\/types\/product"}],"wp:featuredmedia":[{"embeddable":true,"href":"https:\/\/nhkmachineryparts.com\/tr\/wp-json\/wp\/v2\/media\/8504"}],"wp:attachment":[{"href":"https:\/\/nhkmachineryparts.com\/tr\/wp-json\/wp\/v2\/media?parent=2911"}],"wp:term":[{"taxonomy":"product_brand","embeddable":true,"href":"https:\/\/nhkmachineryparts.com\/tr\/wp-json\/wp\/v2\/product_brand?post=2911"},{"taxonomy":"product_cat","embeddable":true,"href":"https:\/\/nhkmachineryparts.com\/tr\/wp-json\/wp\/v2\/product_cat?post=2911"},{"taxonomy":"product_tag","embeddable":true,"href":"https:\/\/nhkmachineryparts.com\/tr\/wp-json\/wp\/v2\/product_tag?post=2911"}],"curies":[{"name":"wp","href":"https:\/\/api.w.org\/{rel}","templated":true}]}}