{"id":2869,"date":"2023-01-07T20:17:49","date_gmt":"2023-01-07T20:17:49","guid":{"rendered":"https:\/\/nhkmachineryparts.com\/?post_type=product&#038;p=2869"},"modified":"2026-02-23T14:42:37","modified_gmt":"2026-02-23T12:42:37","slug":"hijyenik-tasarimli-dengeleyici-ayaklar-zemin-kilit-plakasi-ve-tam-disli-mil-ile-birlikte","status":"publish","type":"product","link":"https:\/\/nhkmachineryparts.com\/tr\/product\/levelling-feet-in-hygienic-design-hlf-with-floor-lock-plate-and-fully-threaded-spindle\/","title":{"rendered":"Zemin kilitleme plakas\u0131 ve tam di\u015fli mil ile dengeleme ayaklar\u0131"},"content":{"rendered":"<section class=\"vc_row vc_custom_1662993827263 liquid-row-shadowbox-69d411ea50946 vc_column-gap-0\"><div class=\"ld-container container\"><div class=\"row ld-row ld-row-outer\"><div class=\"wpb_column vc_column_container vc_col-sm-12 liquid-column-69d411ea50adf\"><div class=\"vc_column-inner\" ><div class=\"wpb_wrapper\"  >\n\t<div class=\"wpb_text_column wpb_content_element\" >\n\t\t<div class=\"wpb_wrapper\">\n\t\t\t<h2>\u0130stikrar ve G\u00fcvenlik i\u00e7in \u0130deal \u00c7\u00f6z\u00fcm<\/h2>\n<p><a href=\"https:\/\/nhkmachineryparts.com\/tr\/product-line\/stainless-steel-solid-base-feet\/\" data-internallinksmanager029f6b8e52c=\"7\" title=\"Sa\u011flam taban plakal\u0131 makine tesviye ayaklar\u0131\">Denge ayaklar\u0131<\/a> Titre\u015fimi azaltma ve kaymay\u0131 \u00f6nleme \u00f6zellikleri i\u00e7in kau\u00e7uk tabanl\u0131<br \/>\nDengeleme ayaklar\u0131m\u0131z, g\u0131da g\u00fcvenli\u011fi izlenebilirli\u011fi i\u00e7in benzersiz parti kimlik numaras\u0131na sahip FDA sertifikas\u0131yla (FDA CFR 21 177 2600) donat\u0131lm\u0131\u015ft\u0131r.<\/p>\n<p><a href=\"https:\/\/nhkmachineryparts.com\/shop\/product-line\/machine-levelling-feet-in-a-hygienic-design\/levelling-feet-with-fully-threaded-spindle\/\">\u00dcr\u00fcn se\u00e7icimizi deneyin<\/a><\/p>\n<h3>Dengeleme ayaklar\u0131n\u0131n \u00f6zellikleri ve avantajlar\u0131<\/h3>\n<p>Dengeleme ayaklar\u0131, temizli\u011fi kolayla\u015ft\u0131ran yuvarlat\u0131lm\u0131\u015f, hijyenik bir tasar\u0131ma sahiptir.<br \/>\nDengeleme ayaklar\u0131 zemin ve ekipmanlardaki 10 dereceye kadar e\u011fimlerle ba\u015fa \u00e7\u0131kabilir.<\/p>\n<h3>Dengeleme aya\u011f\u0131 malzemeleri<\/h3>\n<p>FDA CFR 21 177 2600&#039;e g\u00f6re FDA sertifikal\u0131 vulkanize kau\u00e7uk par\u00e7al\u0131 dengeleme aya\u011f\u0131.<\/p>\n<p>Taban plakas\u0131 malzemesi a\u00e7\u0131klamas\u0131:<br \/>\nPaslanmaz \u00e7elik Aisi 304 veya Aisi 316<\/p>\n<p>Mil malzemesi a\u00e7\u0131klamas\u0131:<br \/>\nPaslanmaz \u00e7elik A2-70 veya A4-70<\/p>\n<p>Kau\u00e7uk taban malzemesi a\u00e7\u0131klamas\u0131:<br \/>\nNBR Kau\u00e7uk (Nitril kau\u00e7uk CAS no. 9005-98-5)<br \/>\nFDA CFR 21 177 2600&#039;e g\u00f6re FDA Sertifikas\u0131<\/p>\n<p>T\u00fcm malzemeler kimyasallara, yayg\u0131n olarak uygulanan temizlik maddelerine ve kat\u0131 ve s\u0131v\u0131 ya\u011flara kar\u015f\u0131 olduk\u00e7a dayan\u0131kl\u0131d\u0131r.<\/p>\n<h3>Dengeleme aya\u011f\u0131 boyutlar\u0131<\/h3>\n<p>Dengeleme ayak tabanlar\u0131 geni\u015f bir yelpazede mevcuttur, optimum esneklik ve se\u00e7im imkan\u0131 sunar.<\/p>\n<div class=\"dcf-overflow-x-auto\" tabindex=\"0\">\n<table class=\"dcf-table dcf-table-responsive dcf-table-bordered dcf-w-100%\">\n<thead>\n<tr>\n<th scope=\"col\">Temel tip<\/th>\n<th scope=\"col\">Taban \u00c7ap\u0131 D<\/th>\n<th scope=\"col\">Nom. Y\u00fck<\/th>\n<\/tr>\n<\/thead>\n<tbody>\n<tr>\n<td data-label=\"HMF Base Size\">HLF 61<\/td>\n<td data-label=\"Base Diameter D\">60 mm<\/td>\n<td data-label=\"Nom. Load \">7.000 N<\/td>\n<\/tr>\n<tr>\n<td data-label=\"HMF Base Size\">HL 81<\/td>\n<td data-label=\"Base Diameter D\">80mm<\/td>\n<td data-label=\"Nom. Load \">15.000 N<\/td>\n<\/tr>\n<tr>\n<td data-label=\"HMF Base Size\">HLF 101<\/td>\n<td data-label=\"Base Diameter D\">100 mm<\/td>\n<td data-label=\"Nom. Load \">20.000 N<\/td>\n<\/tr>\n<tr>\n<td data-label=\"HMF Base Size\">HLF 121<\/td>\n<td data-label=\"Base Diameter D\">120mm<\/td>\n<td data-label=\"Nom. Load \">30.000 N<\/td>\n<\/tr>\n<\/tbody>\n<\/table>\n<\/div>\n<p>Dengeleme aya\u011f\u0131 milleri geni\u015f bir yelpazede mevcuttur ve optimum esneklik ve se\u00e7im olana\u011f\u0131 sunar.<\/p>\n<div class=\"dcf-overflow-x-auto\" tabindex=\"0\">\n<table class=\"dcf-table dcf-table-responsive dcf-table-bordered dcf-w-100%\">\n<caption>HLF Mil di\u015fleri<\/caption>\n<tbody>\n<tr>\n<td>M12<\/td>\n<td>M16<\/td>\n<td>M20<\/td>\n<td>M24<\/td>\n<td>M30<\/td>\n<td>M36<\/td>\n<td>M42<\/td>\n<td>M48<\/td>\n<\/tr>\n<\/tbody>\n<\/table>\n<\/div>\n<div class=\"dcf-overflow-x-auto\" tabindex=\"0\">\n<table class=\"dcf-table dcf-table-responsive dcf-table-bordered dcf-w-100%\">\n<caption>HLF Mil uzunlu\u011fu (L)<\/caption>\n<tbody>\n<tr>\n<td>50 mm<\/td>\n<td>70 mm<\/td>\n<td>100 mm<\/td>\n<td>120mm<\/td>\n<td>150mm<\/td>\n<td>180mm<\/td>\n<td>200 mm<\/td>\n<td>230mm<\/td>\n<td>280 mm<\/td>\n<td>330mm<\/td>\n<\/tr>\n<\/tbody>\n<\/table>\n<\/div>\n<p>Di\u011fer di\u015fli mil uzunlu\u011fu (L) i\u00e7in l\u00fctfen bizimle ileti\u015fime ge\u00e7in.<br \/>\n\u0130stek \u00fczerine in\u00e7 cinsinden di\u015fler mevcuttur<br \/>\n\u0130plik ayr\u0131ca \u00f6zel iste\u011fe g\u00f6re \u00f6zelle\u015ftirilebilir, eski trapez iplik vb.<\/p>\n<h3>Dengeleme ayaklar\u0131 teslimat se\u00e7ene\u011fi<\/h3>\n<p>B\u00fcy\u00fck sipari\u015fler i\u00e7in taban ve milleri ayr\u0131 ayr\u0131 tedarik etmeyi \u00f6neriyoruz<br \/>\nAvantaj\u0131, bir\u00e7ok farkl\u0131 boyutta i\u011f kullanan m\u00fc\u015fteri i\u00e7in esnekliktir.<\/p>\n<h2 data-start=\"0\" data-end=\"118\"><strong data-start=\"4\" data-end=\"116\">Zemin Kilit Plakal\u0131 ve Tam Di\u015fli Mil ile Dengeleme Ayaklar\u0131<\/strong><\/h2>\n<h3 data-start=\"120\" data-end=\"172\"><strong data-start=\"125\" data-end=\"170\">Zemin Kilit Plakalar\u0131 ile Geli\u015ftirilmi\u015f Stabilite<\/strong><\/h3>\n<p data-start=\"173\" data-end=\"588\">Zemin kilitleme plakal\u0131 dengeleme ayaklar\u0131, hem denge hem de g\u00fcvenli konumland\u0131rma gerektiren makine ve ekipmanlar i\u00e7in olmazsa olmaz bile\u015fenlerdir. Kilit plakas\u0131, makinelerin s\u0131k\u0131ca sabitlenmesini sa\u011flayarak titre\u015fimleri azalt\u0131r ve \u00e7al\u0131\u015fma s\u0131ras\u0131nda istenmeyen hareketleri \u00f6nler. Bu \u00f6zellik, <a href=\"https:\/\/nhkmachineryparts.com\/tr\/our-industries\/\" data-internallinksmanager029f6b8e52c=\"4\" title=\"End\u00fcstrilerimiz\">end\u00fcstriler<\/a> G\u0131da i\u015fleme, ila\u00e7 ve paketleme gibi hassasiyet ve g\u00fcvenli\u011fin en \u00f6nemli oldu\u011fu sekt\u00f6rler.<\/p>\n<h3 data-start=\"590\" data-end=\"653\"><strong data-start=\"595\" data-end=\"651\">Hassas Y\u00fckseklik Ayar\u0131 i\u00e7in Tam Di\u015fli Mil<\/strong><\/h3>\n<p data-start=\"654\" data-end=\"1029\">Tam di\u015fli mil tasar\u0131m\u0131, makinelerin engebeli y\u00fczeylerde m\u00fckemmel bir \u015fekilde d\u00fczle\u015ftirilmesini sa\u011flayarak ince ayarl\u0131 y\u00fckseklik ayarlamalar\u0131na olanak tan\u0131r. Bu tasar\u0131m yaln\u0131zca maksimum esneklik sa\u011flamakla kalmaz, ayn\u0131 zamanda y\u00fck ta\u015f\u0131ma kapasitesini de art\u0131rarak a\u011f\u0131r hizmet uygulamalar\u0131 i\u00e7in uygun hale getirir. S\u00fcrekli di\u015fli, kaymadan istenen y\u00fcksekli\u011fi koruyarak g\u00fcvenli bir tutu\u015f sa\u011flar.<\/p>\n<h3 data-start=\"1031\" data-end=\"1085\"><strong data-start=\"1036\" data-end=\"1083\">Hijyenik Ortamlar \u0130\u00e7in Dayan\u0131kl\u0131 Malzemeler<\/strong><\/h3>\n<p data-start=\"1086\" data-end=\"1433\">Paslanmaz \u00e7elikten \u00fcretilen bu dengeleme ayaklar\u0131 korozyona dayan\u0131kl\u0131d\u0131r ve temizlenmesi kolayd\u0131r, bu da onlar\u0131 hijyenik ortamlar i\u00e7in ideal hale getirir. P\u00fcr\u00fczs\u00fcz, \u00e7atlaks\u0131z tasar\u0131m, kirlenme risklerini en aza indirir ve <a href=\"https:\/\/nhkmachineryparts.com\/tr\/3a-ve-ehedg-arasindaki-fark-nedir\/\" data-internallinksmanager029f6b8e52c=\"2\" title=\"EHEDG Sertifikal\u0131 Makine Par\u00e7alar\u0131\">EHEDG<\/a> ve FDA y\u00f6nergeleri. Sa\u011flam yap\u0131lar\u0131, zorlu end\u00fcstriyel ko\u015fullarda bile uzun s\u00fcreli performans sa\u011flar.<\/p>\n<h3 data-start=\"1435\" data-end=\"1486\"><strong data-start=\"1440\" data-end=\"1484\">End\u00fcstriler Aras\u0131 \u00c7ok Y\u00f6nl\u00fc Uygulamalar<\/strong><\/h3>\n<p data-start=\"1487\" data-end=\"1829\">Zemin kilitleme plakalar\u0131 ve tam di\u015fli milleri olan dengeleme ayaklar\u0131, g\u0131da i\u015fleme, ila\u00e7 \u00fcretimi ve a\u011f\u0131r makine dahil olmak \u00fczere \u00e7e\u015fitli end\u00fcstrilerde kullan\u0131l\u0131r. Hem hareketlilik hem de g\u00fcvenli konumland\u0131rma sa\u011flama yetenekleri, stabiliteyi tehlikeye atmadan s\u0131kl\u0131kla ta\u015f\u0131nmas\u0131 gereken ekipmanlar i\u00e7in onlar\u0131 m\u00fckemmel hale getirir.<\/p>\n\n\t\t<\/div>\n\t<\/div>\n<\/div><\/div><\/div><\/div><\/div><\/section>","protected":false},"excerpt":{"rendered":"The Ideal Solution for Stability and Safety Levelling feet with rubber base for vibration reduction and anti-slip properties Our levelling feet are provided with FDA certificate (FDA CFR 21 177 2600) with unique batch ID number for food safety traceability Try our product selector Levelling feet features and advantages Levelling feet have a rounded, hygienic [...]","protected":false},"featured_media":8502,"template":"","meta":[],"product_brand":[],"product_cat":[18],"product_tag":[],"class_list":{"0":"post-2869","1":"product","2":"type-product","3":"status-publish","4":"has-post-thumbnail","6":"product_cat-stainless-steel-machine-levelling-feet","8":"first","9":"instock","10":"shipping-taxable","11":"product-type-simple"},"yoast_head":"<!-- This site is optimized with the Yoast SEO plugin v27.3 - https:\/\/yoast.com\/product\/yoast-seo-wordpress\/ -->\n<title>Levelling feet with floor lock plate and fully-threaded spindle | NHK Machinery Parts<\/title>\n<meta name=\"description\" content=\"Ensure your machinery stays stable and secure with levelling feet designed with floor lock plates and fully-threaded spindles. Precise height adjustments.\" \/>\n<meta name=\"robots\" content=\"index, follow, max-snippet:-1, max-image-preview:large, max-video-preview:-1\" \/>\n<link rel=\"canonical\" href=\"https:\/\/nhkmachineryparts.com\/tr\/urun\/hijyenik-tasarimli-dengeleyici-ayaklar-zemin-kilit-plakasi-ve-tam-disli-mil-ile-birlikte\/\" \/>\n<meta property=\"og:locale\" content=\"tr_TR\" \/>\n<meta property=\"og:type\" content=\"article\" \/>\n<meta property=\"og:title\" content=\"Levelling feet with floor lock plate and fully-threaded spindle | NHK Machinery Parts\" \/>\n<meta property=\"og:description\" content=\"Ensure your machinery stays stable and secure with levelling feet designed with floor lock plates and fully-threaded spindles. Precise height adjustments.\" \/>\n<meta property=\"og:url\" content=\"https:\/\/nhkmachineryparts.com\/tr\/urun\/hijyenik-tasarimli-dengeleyici-ayaklar-zemin-kilit-plakasi-ve-tam-disli-mil-ile-birlikte\/\" \/>\n<meta property=\"og:site_name\" content=\"NHK Machinery Parts\" \/>\n<meta property=\"article:publisher\" content=\"https:\/\/www.facebook.com\/NHK.Group.aps\" \/>\n<meta property=\"article:modified_time\" content=\"2026-02-23T12:42:37+00:00\" \/>\n<meta property=\"og:image\" content=\"https:\/\/nhkmachineryparts.com\/wp-content\/uploads\/2023\/01\/Levelling-feet-in-hygienic-design-HLF-with-floor-lock-plate-and-fully-threaded-spindle.jpg\" \/>\n\t<meta property=\"og:image:width\" content=\"1000\" \/>\n\t<meta property=\"og:image:height\" content=\"1000\" \/>\n\t<meta property=\"og:image:type\" content=\"image\/jpeg\" \/>\n<meta name=\"twitter:card\" content=\"summary_large_image\" \/>\n<meta name=\"twitter:label1\" content=\"Tahmini okuma s\u00fcresi\" \/>\n\t<meta name=\"twitter:data1\" content=\"3 dakika\" \/>\n<script type=\"application\/ld+json\" class=\"yoast-schema-graph\">{\"@context\":\"https:\\\/\\\/schema.org\",\"@graph\":[{\"@type\":\"WebPage\",\"@id\":\"https:\\\/\\\/nhkmachineryparts.com\\\/product\\\/levelling-feet-in-hygienic-design-hlf-with-floor-lock-plate-and-fully-threaded-spindle\\\/\",\"url\":\"https:\\\/\\\/nhkmachineryparts.com\\\/product\\\/levelling-feet-in-hygienic-design-hlf-with-floor-lock-plate-and-fully-threaded-spindle\\\/\",\"name\":\"Levelling feet with floor lock plate and fully-threaded spindle | NHK Machinery Parts\",\"isPartOf\":{\"@id\":\"https:\\\/\\\/nhkmachineryparts.com\\\/#website\"},\"primaryImageOfPage\":{\"@id\":\"https:\\\/\\\/nhkmachineryparts.com\\\/product\\\/levelling-feet-in-hygienic-design-hlf-with-floor-lock-plate-and-fully-threaded-spindle\\\/#primaryimage\"},\"image\":{\"@id\":\"https:\\\/\\\/nhkmachineryparts.com\\\/product\\\/levelling-feet-in-hygienic-design-hlf-with-floor-lock-plate-and-fully-threaded-spindle\\\/#primaryimage\"},\"thumbnailUrl\":\"https:\\\/\\\/nhkmachineryparts.com\\\/wp-content\\\/uploads\\\/2023\\\/01\\\/Levelling-feet-in-hygienic-design-HLF-with-floor-lock-plate-and-fully-threaded-spindle.jpg\",\"datePublished\":\"2023-01-07T20:17:49+00:00\",\"dateModified\":\"2026-02-23T12:42:37+00:00\",\"description\":\"Ensure your machinery stays stable and secure with levelling feet designed with floor lock plates and fully-threaded spindles. Precise height adjustments.\",\"breadcrumb\":{\"@id\":\"https:\\\/\\\/nhkmachineryparts.com\\\/product\\\/levelling-feet-in-hygienic-design-hlf-with-floor-lock-plate-and-fully-threaded-spindle\\\/#breadcrumb\"},\"inLanguage\":\"tr\",\"potentialAction\":[{\"@type\":\"ReadAction\",\"target\":[\"https:\\\/\\\/nhkmachineryparts.com\\\/product\\\/levelling-feet-in-hygienic-design-hlf-with-floor-lock-plate-and-fully-threaded-spindle\\\/\"]}]},{\"@type\":\"ImageObject\",\"inLanguage\":\"tr\",\"@id\":\"https:\\\/\\\/nhkmachineryparts.com\\\/product\\\/levelling-feet-in-hygienic-design-hlf-with-floor-lock-plate-and-fully-threaded-spindle\\\/#primaryimage\",\"url\":\"https:\\\/\\\/nhkmachineryparts.com\\\/wp-content\\\/uploads\\\/2023\\\/01\\\/Levelling-feet-in-hygienic-design-HLF-with-floor-lock-plate-and-fully-threaded-spindle.jpg\",\"contentUrl\":\"https:\\\/\\\/nhkmachineryparts.com\\\/wp-content\\\/uploads\\\/2023\\\/01\\\/Levelling-feet-in-hygienic-design-HLF-with-floor-lock-plate-and-fully-threaded-spindle.jpg\",\"width\":1000,\"height\":1000,\"caption\":\"Levelling feet in hygienic design HLF with floor lock plate and fully-threaded spindle\"},{\"@type\":\"BreadcrumbList\",\"@id\":\"https:\\\/\\\/nhkmachineryparts.com\\\/product\\\/levelling-feet-in-hygienic-design-hlf-with-floor-lock-plate-and-fully-threaded-spindle\\\/#breadcrumb\",\"itemListElement\":[{\"@type\":\"ListItem\",\"position\":1,\"name\":\"Home\",\"item\":\"https:\\\/\\\/nhkmachineryparts.com\\\/\"},{\"@type\":\"ListItem\",\"position\":2,\"name\":\"Product line\",\"item\":\"https:\\\/\\\/nhkmachineryparts.com\\\/product-line\\\/\"},{\"@type\":\"ListItem\",\"position\":3,\"name\":\"Industrial machine leveling feet in stainless steel\",\"item\":\"https:\\\/\\\/nhkmachineryparts.com\\\/product-line\\\/stainless-steel-machine-levelling-feet\\\/\"},{\"@type\":\"ListItem\",\"position\":4,\"name\":\"Levelling feet with floor lock plate and fully-threaded spindle\"}]},{\"@type\":\"WebSite\",\"@id\":\"https:\\\/\\\/nhkmachineryparts.com\\\/#website\",\"url\":\"https:\\\/\\\/nhkmachineryparts.com\\\/\",\"name\":\"NHK Machinery Parts\",\"description\":\"Bearing Houses, seismic levelling feet and levelling castors\",\"publisher\":{\"@id\":\"https:\\\/\\\/nhkmachineryparts.com\\\/#organization\"},\"potentialAction\":[{\"@type\":\"SearchAction\",\"target\":{\"@type\":\"EntryPoint\",\"urlTemplate\":\"https:\\\/\\\/nhkmachineryparts.com\\\/?s={search_term_string}\"},\"query-input\":{\"@type\":\"PropertyValueSpecification\",\"valueRequired\":true,\"valueName\":\"search_term_string\"}}],\"inLanguage\":\"tr\"},{\"@type\":\"Organization\",\"@id\":\"https:\\\/\\\/nhkmachineryparts.com\\\/#organization\",\"name\":\"Nhk Group ApS\",\"url\":\"https:\\\/\\\/nhkmachineryparts.com\\\/\",\"logo\":{\"@type\":\"ImageObject\",\"inLanguage\":\"tr\",\"@id\":\"https:\\\/\\\/nhkmachineryparts.com\\\/#\\\/schema\\\/logo\\\/image\\\/\",\"url\":\"https:\\\/\\\/nhkmachineryparts.com\\\/wp-content\\\/uploads\\\/2022\\\/09\\\/NHKgroup_social.jpg\",\"contentUrl\":\"https:\\\/\\\/nhkmachineryparts.com\\\/wp-content\\\/uploads\\\/2022\\\/09\\\/NHKgroup_social.jpg\",\"width\":1200,\"height\":630,\"caption\":\"Nhk Group ApS\"},\"image\":{\"@id\":\"https:\\\/\\\/nhkmachineryparts.com\\\/#\\\/schema\\\/logo\\\/image\\\/\"},\"sameAs\":[\"https:\\\/\\\/www.facebook.com\\\/NHK.Group.aps\"]}]}<\/script>\n<!-- \/ Yoast SEO plugin. -->","yoast_head_json":{"title":"Zemin kilitleme plakas\u0131 ve tam di\u015fli mil ile dengeleme ayaklar\u0131 | NHK Makine Par\u00e7alar\u0131","description":"Zemin kilitleme plakalar\u0131 ve tam di\u015fli millerle tasarlanm\u0131\u015f dengeleme ayaklar\u0131yla makinenizin sabit ve g\u00fcvenli kalmas\u0131n\u0131 sa\u011flay\u0131n. Hassas y\u00fckseklik ayarlar\u0131.","robots":{"index":"index","follow":"follow","max-snippet":"max-snippet:-1","max-image-preview":"max-image-preview:large","max-video-preview":"max-video-preview:-1"},"canonical":"https:\/\/nhkmachineryparts.com\/tr\/urun\/hijyenik-tasarimli-dengeleyici-ayaklar-zemin-kilit-plakasi-ve-tam-disli-mil-ile-birlikte\/","og_locale":"tr_TR","og_type":"article","og_title":"Levelling feet with floor lock plate and fully-threaded spindle | NHK Machinery Parts","og_description":"Ensure your machinery stays stable and secure with levelling feet designed with floor lock plates and fully-threaded spindles. Precise height adjustments.","og_url":"https:\/\/nhkmachineryparts.com\/tr\/urun\/hijyenik-tasarimli-dengeleyici-ayaklar-zemin-kilit-plakasi-ve-tam-disli-mil-ile-birlikte\/","og_site_name":"NHK Machinery Parts","article_publisher":"https:\/\/www.facebook.com\/NHK.Group.aps","article_modified_time":"2026-02-23T12:42:37+00:00","og_image":[{"width":1000,"height":1000,"url":"https:\/\/nhkmachineryparts.com\/wp-content\/uploads\/2023\/01\/Levelling-feet-in-hygienic-design-HLF-with-floor-lock-plate-and-fully-threaded-spindle.jpg","type":"image\/jpeg"}],"twitter_card":"summary_large_image","twitter_misc":{"Tahmini okuma s\u00fcresi":"3 dakika"},"schema":{"@context":"https:\/\/schema.org","@graph":[{"@type":"WebPage","@id":"https:\/\/nhkmachineryparts.com\/product\/levelling-feet-in-hygienic-design-hlf-with-floor-lock-plate-and-fully-threaded-spindle\/","url":"https:\/\/nhkmachineryparts.com\/product\/levelling-feet-in-hygienic-design-hlf-with-floor-lock-plate-and-fully-threaded-spindle\/","name":"Zemin kilitleme plakas\u0131 ve tam di\u015fli mil ile dengeleme ayaklar\u0131 | NHK Makine Par\u00e7alar\u0131","isPartOf":{"@id":"https:\/\/nhkmachineryparts.com\/#website"},"primaryImageOfPage":{"@id":"https:\/\/nhkmachineryparts.com\/product\/levelling-feet-in-hygienic-design-hlf-with-floor-lock-plate-and-fully-threaded-spindle\/#primaryimage"},"image":{"@id":"https:\/\/nhkmachineryparts.com\/product\/levelling-feet-in-hygienic-design-hlf-with-floor-lock-plate-and-fully-threaded-spindle\/#primaryimage"},"thumbnailUrl":"https:\/\/nhkmachineryparts.com\/wp-content\/uploads\/2023\/01\/Levelling-feet-in-hygienic-design-HLF-with-floor-lock-plate-and-fully-threaded-spindle.jpg","datePublished":"2023-01-07T20:17:49+00:00","dateModified":"2026-02-23T12:42:37+00:00","description":"Zemin kilitleme plakalar\u0131 ve tam di\u015fli millerle tasarlanm\u0131\u015f dengeleme ayaklar\u0131yla makinenizin sabit ve g\u00fcvenli kalmas\u0131n\u0131 sa\u011flay\u0131n. Hassas y\u00fckseklik ayarlar\u0131.","breadcrumb":{"@id":"https:\/\/nhkmachineryparts.com\/product\/levelling-feet-in-hygienic-design-hlf-with-floor-lock-plate-and-fully-threaded-spindle\/#breadcrumb"},"inLanguage":"tr","potentialAction":[{"@type":"ReadAction","target":["https:\/\/nhkmachineryparts.com\/product\/levelling-feet-in-hygienic-design-hlf-with-floor-lock-plate-and-fully-threaded-spindle\/"]}]},{"@type":"ImageObject","inLanguage":"tr","@id":"https:\/\/nhkmachineryparts.com\/product\/levelling-feet-in-hygienic-design-hlf-with-floor-lock-plate-and-fully-threaded-spindle\/#primaryimage","url":"https:\/\/nhkmachineryparts.com\/wp-content\/uploads\/2023\/01\/Levelling-feet-in-hygienic-design-HLF-with-floor-lock-plate-and-fully-threaded-spindle.jpg","contentUrl":"https:\/\/nhkmachineryparts.com\/wp-content\/uploads\/2023\/01\/Levelling-feet-in-hygienic-design-HLF-with-floor-lock-plate-and-fully-threaded-spindle.jpg","width":1000,"height":1000,"caption":"Levelling feet in hygienic design HLF with floor lock plate and fully-threaded spindle"},{"@type":"BreadcrumbList","@id":"https:\/\/nhkmachineryparts.com\/product\/levelling-feet-in-hygienic-design-hlf-with-floor-lock-plate-and-fully-threaded-spindle\/#breadcrumb","itemListElement":[{"@type":"ListItem","position":1,"name":"Home","item":"https:\/\/nhkmachineryparts.com\/"},{"@type":"ListItem","position":2,"name":"Product line","item":"https:\/\/nhkmachineryparts.com\/product-line\/"},{"@type":"ListItem","position":3,"name":"Industrial machine leveling feet in stainless steel","item":"https:\/\/nhkmachineryparts.com\/product-line\/stainless-steel-machine-levelling-feet\/"},{"@type":"ListItem","position":4,"name":"Levelling feet with floor lock plate and fully-threaded spindle"}]},{"@type":"WebSite","@id":"https:\/\/nhkmachineryparts.com\/#website","url":"https:\/\/nhkmachineryparts.com\/","name":"NHK Makine Par\u00e7alar\u0131","description":"Rulman Yataklar\u0131, sismik tesviye ayaklar\u0131 ve tesviye tekerlekleri","publisher":{"@id":"https:\/\/nhkmachineryparts.com\/#organization"},"potentialAction":[{"@type":"SearchAction","target":{"@type":"EntryPoint","urlTemplate":"https:\/\/nhkmachineryparts.com\/?s={search_term_string}"},"query-input":{"@type":"PropertyValueSpecification","valueRequired":true,"valueName":"search_term_string"}}],"inLanguage":"tr"},{"@type":"Organization","@id":"https:\/\/nhkmachineryparts.com\/#organization","name":"NHK Grup ApS","url":"https:\/\/nhkmachineryparts.com\/","logo":{"@type":"ImageObject","inLanguage":"tr","@id":"https:\/\/nhkmachineryparts.com\/#\/schema\/logo\/image\/","url":"https:\/\/nhkmachineryparts.com\/wp-content\/uploads\/2022\/09\/NHKgroup_social.jpg","contentUrl":"https:\/\/nhkmachineryparts.com\/wp-content\/uploads\/2022\/09\/NHKgroup_social.jpg","width":1200,"height":630,"caption":"Nhk Group ApS"},"image":{"@id":"https:\/\/nhkmachineryparts.com\/#\/schema\/logo\/image\/"},"sameAs":["https:\/\/www.facebook.com\/NHK.Group.aps"]}]}},"_links":{"self":[{"href":"https:\/\/nhkmachineryparts.com\/tr\/wp-json\/wp\/v2\/product\/2869","targetHints":{"allow":["GET"]}}],"collection":[{"href":"https:\/\/nhkmachineryparts.com\/tr\/wp-json\/wp\/v2\/product"}],"about":[{"href":"https:\/\/nhkmachineryparts.com\/tr\/wp-json\/wp\/v2\/types\/product"}],"wp:featuredmedia":[{"embeddable":true,"href":"https:\/\/nhkmachineryparts.com\/tr\/wp-json\/wp\/v2\/media\/8502"}],"wp:attachment":[{"href":"https:\/\/nhkmachineryparts.com\/tr\/wp-json\/wp\/v2\/media?parent=2869"}],"wp:term":[{"taxonomy":"product_brand","embeddable":true,"href":"https:\/\/nhkmachineryparts.com\/tr\/wp-json\/wp\/v2\/product_brand?post=2869"},{"taxonomy":"product_cat","embeddable":true,"href":"https:\/\/nhkmachineryparts.com\/tr\/wp-json\/wp\/v2\/product_cat?post=2869"},{"taxonomy":"product_tag","embeddable":true,"href":"https:\/\/nhkmachineryparts.com\/tr\/wp-json\/wp\/v2\/product_tag?post=2869"}],"curies":[{"name":"wp","href":"https:\/\/api.w.org\/{rel}","templated":true}]}}