{"id":2827,"date":"2023-01-07T19:55:53","date_gmt":"2023-01-07T19:55:53","guid":{"rendered":"https:\/\/nhkmachineryparts.com\/?post_type=product&#038;p=2827"},"modified":"2026-02-23T14:42:51","modified_gmt":"2026-02-23T12:42:51","slug":"hijyenik-tasarimli-dengeleme-ayaklari-tam-disli-mile-sahip","status":"publish","type":"product","link":"https:\/\/nhkmachineryparts.com\/tr\/product\/levelling-feet-in-hygienic-design-hlf-with-fully-threaded-spindle\/","title":{"rendered":"Tam di\u015fli mil ile dengeleme ayaklar\u0131"},"content":{"rendered":"<section class=\"vc_row vc_custom_1662993827263 liquid-row-shadowbox-69d429a92bc94 vc_column-gap-0\"><div class=\"ld-container container\"><div class=\"row ld-row ld-row-outer\"><div class=\"wpb_column vc_column_container vc_col-sm-12 liquid-column-69d429a92be12\"><div class=\"vc_column-inner\" ><div class=\"wpb_wrapper\"  >\n\t<div class=\"wpb_text_column wpb_content_element\" >\n\t\t<div class=\"wpb_wrapper\">\n\t\t\t<h2><strong>Stabilite ve Hassasiyet \u0130\u00e7in M\u00fckemmel Se\u00e7im<\/strong><\/h2>\n<p><a href=\"https:\/\/nhkmachineryparts.com\/tr\/product-line\/stainless-steel-solid-base-feet\/\" data-internallinksmanager029f6b8e52c=\"7\" title=\"Sa\u011flam taban plakal\u0131 makine tesviye ayaklar\u0131\">Denge ayaklar\u0131<\/a> Titre\u015fimi azaltma ve kaymay\u0131 \u00f6nleme \u00f6zellikleri i\u00e7in kau\u00e7uk tabanl\u0131<br \/>\nDengeleme ayaklar\u0131m\u0131z, g\u0131da g\u00fcvenli\u011fi izlenebilirli\u011fi i\u00e7in benzersiz parti kimlik numaras\u0131na sahip FDA sertifikas\u0131na (FDA CFR 21 177 2600) sahiptir.<\/p>\n<p><a href=\"https:\/\/nhkmachineryparts.com\/shop\/product-line\/machine-levelling-feet-in-a-hygienic-design\/levelling-feet-with-fully-threaded-spindle\/\">\u00dcr\u00fcn se\u00e7icimizi deneyin<\/a><\/p>\n<h3>Dengeleme ayaklar\u0131n\u0131n \u00f6zellikleri ve avantajlar\u0131<\/h3>\n<p>Dengeleme ayaklar\u0131, temizli\u011fi kolayla\u015ft\u0131ran yuvarlat\u0131lm\u0131\u015f, hijyenik bir tasar\u0131ma sahiptir.<br \/>\nDengeleme ayaklar\u0131 zemin ve ekipmanlardaki 10 dereceye kadar e\u011fimlerle ba\u015fa \u00e7\u0131kabilir.<\/p>\n<h3>Dengeleme aya\u011f\u0131 malzemeleri<\/h3>\n<p>FDA CFR 21 177 2600&#039;e g\u00f6re FDA sertifikal\u0131 vulkanize kau\u00e7uk par\u00e7al\u0131 dengeleme aya\u011f\u0131.<\/p>\n<p>Taban plakas\u0131 malzemesi a\u00e7\u0131klamas\u0131:<br \/>\nPaslanmaz \u00e7elik Aisi 304 veya Aisi 316<\/p>\n<p>Mil malzemesi a\u00e7\u0131klamas\u0131:<br \/>\nPaslanmaz \u00e7elik A2-70 veya A4-70<\/p>\n<p>Kau\u00e7uk taban malzemesi a\u00e7\u0131klamas\u0131:<br \/>\nNBR Kau\u00e7uk (Nitril kau\u00e7uk CAS no. 9005-98-5)<br \/>\nFDA CFR 21 177 2600&#039;e g\u00f6re FDA Sertifikas\u0131<\/p>\n<p>T\u00fcm malzemeler kimyasallara, yayg\u0131n olarak uygulanan temizlik maddelerine ve kat\u0131 ve s\u0131v\u0131 ya\u011flara kar\u015f\u0131 olduk\u00e7a dayan\u0131kl\u0131d\u0131r.<\/p>\n<h3>Dengeleme aya\u011f\u0131 boyutlar\u0131<\/h3>\n<p>Dengeleme ayak tabanlar\u0131 geni\u015f bir yelpazede mevcuttur, optimum esneklik ve se\u00e7im imkan\u0131 sunar.<\/p>\n<div class=\"dcf-overflow-x-auto\" tabindex=\"0\">\n<table class=\"dcf-table dcf-table-responsive dcf-table-bordered dcf-w-100%\">\n<thead>\n<tr>\n<th scope=\"col\">Temel tip<\/th>\n<th scope=\"col\">Taban \u00c7ap\u0131 D<\/th>\n<th scope=\"col\">Nom. Y\u00fck<\/th>\n<\/tr>\n<\/thead>\n<tbody>\n<tr>\n<td data-label=\"HMF Base Size\">YTL 50<\/td>\n<td data-label=\"Base Diameter D\">50 mm<\/td>\n<td data-label=\"Nom. Load \">5.000 N<\/td>\n<\/tr>\n<tr>\n<td data-label=\"HMF Base Size\">YLF 60<\/td>\n<td data-label=\"Base Diameter D\">60 mm<\/td>\n<td data-label=\"Nom. Load \">7.000 N<\/td>\n<\/tr>\n<tr>\n<td data-label=\"HMF Base Size\">HL 80<\/td>\n<td data-label=\"Base Diameter D\">80mm<\/td>\n<td data-label=\"Nom. Load \">15.000 N<\/td>\n<\/tr>\n<tr>\n<td data-label=\"HMF Base Size\">HL 100<\/td>\n<td data-label=\"Base Diameter D\">100 mm<\/td>\n<td data-label=\"Nom. Load \">20.000 N<\/td>\n<\/tr>\n<tr>\n<td data-label=\"HMF Base Size\">HL 120<\/td>\n<td data-label=\"Base Diameter D\">120mm<\/td>\n<td data-label=\"Nom. Load \">30.000 N<\/td>\n<\/tr>\n<tr>\n<td data-label=\"HMF Base Size\">HL 140<\/td>\n<td data-label=\"Base Diameter D\">140mm<\/td>\n<td data-label=\"Nom. Load \">40.000 Kuzey<\/td>\n<\/tr>\n<\/tbody>\n<\/table>\n<\/div>\n<p>Dengeleme aya\u011f\u0131 milleri geni\u015f bir yelpazede mevcuttur ve optimum esneklik ve se\u00e7im olana\u011f\u0131 sunar.<\/p>\n<div class=\"dcf-overflow-x-auto\" tabindex=\"0\">\n<table class=\"dcf-table dcf-table-responsive dcf-table-bordered dcf-w-100%\">\n<caption>HLF Mil di\u015fleri<\/caption>\n<tbody>\n<tr>\n<td>M12<\/td>\n<td>M16<\/td>\n<td>M20<\/td>\n<td>M24<\/td>\n<td>M30<\/td>\n<td>M36<\/td>\n<td>M42<\/td>\n<td>M48<\/td>\n<\/tr>\n<\/tbody>\n<\/table>\n<\/div>\n<div class=\"dcf-overflow-x-auto\" tabindex=\"0\">\n<table class=\"dcf-table dcf-table-responsive dcf-table-bordered dcf-w-100%\">\n<caption>HLF Mil uzunlu\u011fu (L)<\/caption>\n<tbody>\n<tr>\n<td>50 mm<\/td>\n<td>70 mm<\/td>\n<td>100 mm<\/td>\n<td>120mm<\/td>\n<td>150mm<\/td>\n<td>180mm<\/td>\n<td>200 mm<\/td>\n<td>230mm<\/td>\n<td>280 mm<\/td>\n<td>330mm<\/td>\n<\/tr>\n<\/tbody>\n<\/table>\n<\/div>\n<p>Di\u011fer di\u015fli mil uzunlu\u011fu (L) i\u00e7in l\u00fctfen bizimle ileti\u015fime ge\u00e7in.<br \/>\n\u0130stek \u00fczerine in\u00e7 cinsinden di\u015fler mevcuttur<br \/>\n\u0130plik ayr\u0131ca \u00f6zel iste\u011fe g\u00f6re \u00f6zelle\u015ftirilebilir, eski trapez iplik vb.<\/p>\n<h3>Dengeleme ayaklar\u0131 teslimat se\u00e7ene\u011fi<\/h3>\n<p>B\u00fcy\u00fck sipari\u015fler i\u00e7in taban ve milleri ayr\u0131 ayr\u0131 tedarik etmeyi \u00f6neriyoruz<br \/>\nAvantaj\u0131, bir\u00e7ok farkl\u0131 boyutta i\u011f kullanan m\u00fc\u015fteri i\u00e7in esnekliktir.<\/p>\n<h2 data-start=\"98\" data-end=\"144\">Tam Di\u015fli Mil ile Dengeleme Ayaklar\u0131<\/h2>\n<h3 data-start=\"98\" data-end=\"144\">Geli\u015fmi\u015f Stabilite ve Y\u00fck Da\u011f\u0131l\u0131m\u0131<\/h3>\n<p data-start=\"145\" data-end=\"557\">Tam di\u015fli bir mile sahip dengeleme ayaklar\u0131 ola\u011fan\u00fcst\u00fc denge ve y\u00fck da\u011f\u0131l\u0131m\u0131 sunarak end\u00fcstriyel makine ve ekipmanlarda olmazsa olmazd\u0131r. Tam di\u015fli tasar\u0131m hassas y\u00fckseklik ayarlamalar\u0131na izin vererek engebeli y\u00fczeylerde bile optimum dengeleme sa\u011flar. Bu \u00f6zellik, \u00f6zellikle \u015fu durumlarda ekipman performans\u0131n\u0131 korumak i\u00e7in \u00f6nemlidir: <a href=\"https:\/\/nhkmachineryparts.com\/tr\/our-industries\/\" data-internallinksmanager029f6b8e52c=\"4\" title=\"End\u00fcstrilerimiz\">end\u00fcstriler<\/a> g\u0131da i\u015fleme, ila\u00e7 ve paketleme gibi.<\/p>\n<h3 data-start=\"559\" data-end=\"601\">Dayan\u0131kl\u0131 Paslanmaz \u00c7elik Yap\u0131<\/h3>\n<p data-start=\"602\" data-end=\"981\">Y\u00fcksek kaliteli paslanmaz \u00e7elikten \u00fcretilen bu dengeleme ayaklar\u0131 korozyona dayan\u0131kl\u0131 ve dayan\u0131kl\u0131d\u0131r. Sa\u011flam tasar\u0131mlar\u0131, neme, kimyasallara ve a\u015f\u0131r\u0131 s\u0131cakl\u0131klara maruz kalan alanlar dahil olmak \u00fczere zorlu ortamlarda uzun s\u00fcreli performans sa\u011flar. Bu dayan\u0131kl\u0131l\u0131k yaln\u0131zca ekipman \u00f6mr\u00fcn\u00fc uzatmakla kalmaz, ayn\u0131 zamanda bak\u0131m maliyetlerini de azaltarak onlar\u0131 uygun maliyetli bir \u00e7\u00f6z\u00fcm haline getirir.<\/p>\n<h3 data-start=\"983\" data-end=\"1022\">Kolay Kurulum ve Bak\u0131m<\/h3>\n<p data-start=\"1023\" data-end=\"1432\">Tam di\u015fli mil, \u00f6zel aletlere ihtiya\u00e7 duymadan h\u0131zl\u0131 ve kolay ayarlamalar yap\u0131lmas\u0131n\u0131 sa\u011flayarak kurulumu basitle\u015ftirir. Bu tasar\u0131m ayr\u0131ca zemin ko\u015fullar\u0131ndaki veya ekipman y\u00fck\u00fcndeki de\u011fi\u015fikliklere uyum sa\u011flamak i\u00e7in ayarlamalar h\u0131zla yap\u0131labildi\u011finden bak\u0131m\u0131 da kolayla\u015ft\u0131r\u0131r. Bu dengeleme ayaklar\u0131n\u0131n \u00e7ok y\u00f6nl\u00fcl\u00fc\u011f\u00fc, bunlar\u0131 konvey\u00f6r sistemlerinden a\u011f\u0131r hizmet tipi makinelere kadar \u00e7ok \u00e7e\u015fitli uygulamalar i\u00e7in uygun hale getirir.<\/p>\n<h3 data-start=\"1434\" data-end=\"1474\">Hijyen Standartlar\u0131na Uygunluk<\/h3>\n<p data-start=\"1475\" data-end=\"1847\">G\u0131da ve ila\u00e7 \u00fcretimi gibi hijyenin en \u00f6nemli oldu\u011fu end\u00fcstrilerde, tam di\u015fli millere sahip dengeleme ayaklar\u0131 s\u0131k\u0131 hijyen standartlar\u0131n\u0131 kar\u015f\u0131lar. P\u00fcr\u00fczs\u00fcz, kolay temizlenen y\u00fczeyleri kir ve bakteri birikimini \u00f6nleyerek end\u00fcstri d\u00fczenlemelerine uyumu garanti eder. Bu, onlar\u0131 temiz oda ortamlar\u0131nda kullan\u0131lan ekipmanlar i\u00e7in ideal bir se\u00e7im haline getirir.<\/p>\n<h3 data-start=\"1849\" data-end=\"1911\">End\u00fcstriyel Uygulamalar i\u00e7in \u0130deal Se\u00e7im<\/h3>\n<p data-start=\"1912\" data-end=\"2236\" data-is-last-node=\"\" data-is-only-node=\"\">Tam di\u015fli millere sahip dengeleme ayaklar\u0131, denge, dayan\u0131kl\u0131l\u0131k ve kullan\u0131m kolayl\u0131\u011f\u0131n\u0131n m\u00fckemmel birle\u015fimini sa\u011flar. Sa\u011flam yap\u0131lar\u0131, hassas ayarlanabilirlikleri ve hijyenik tasar\u0131mlar\u0131, onlar\u0131 modern end\u00fcstriyel ortamlarda vazge\u00e7ilmez k\u0131lar, ekipman performans\u0131n\u0131 art\u0131r\u0131r ve end\u00fcstri standartlar\u0131na uyumu garanti eder.<\/p>\n\n\t\t<\/div>\n\t<\/div>\n<\/div><\/div><\/div><\/div><\/div><\/section>","protected":false},"excerpt":{"rendered":"The Perfect Choice for Stability and Precision Levelling feet with rubber base for vibration reduction and anti-slip properties Our levelling feet are provided with FDA certificate (FDA CFR 21 177 2600) with unique batch ID number for food safety traceability. Try our product selector Levelling feet features and advantages Levelling feet have a rounded, hygienic [...]","protected":false},"featured_media":8501,"template":"","meta":[],"product_brand":[],"product_cat":[18],"product_tag":[],"class_list":{"0":"post-2827","1":"product","2":"type-product","3":"status-publish","4":"has-post-thumbnail","6":"product_cat-stainless-steel-machine-levelling-feet","8":"first","9":"instock","10":"shipping-taxable","11":"product-type-simple"},"yoast_head":"<!-- This site is optimized with the Yoast SEO plugin v27.3 - https:\/\/yoast.com\/product\/yoast-seo-wordpress\/ -->\n<title>Levelling feet with fully-threaded spindle | NHK Machinery Parts<\/title>\n<meta name=\"description\" content=\"Boost the efficiency and durability of your machinery with levelling feet featuring a fully-threaded spindle, delivering reliable load distribution.\" \/>\n<meta name=\"robots\" content=\"index, follow, max-snippet:-1, max-image-preview:large, max-video-preview:-1\" \/>\n<link rel=\"canonical\" href=\"https:\/\/nhkmachineryparts.com\/tr\/urun\/hijyenik-tasarimli-dengeleme-ayaklari-tam-disli-mile-sahip\/\" \/>\n<meta property=\"og:locale\" content=\"tr_TR\" \/>\n<meta property=\"og:type\" content=\"article\" \/>\n<meta property=\"og:title\" content=\"Levelling feet with fully-threaded spindle | NHK Machinery Parts\" \/>\n<meta property=\"og:description\" content=\"Boost the efficiency and durability of your machinery with levelling feet featuring a fully-threaded spindle, delivering reliable load distribution.\" \/>\n<meta property=\"og:url\" content=\"https:\/\/nhkmachineryparts.com\/tr\/urun\/hijyenik-tasarimli-dengeleme-ayaklari-tam-disli-mile-sahip\/\" \/>\n<meta property=\"og:site_name\" content=\"NHK Machinery Parts\" \/>\n<meta property=\"article:publisher\" content=\"https:\/\/www.facebook.com\/NHK.Group.aps\" \/>\n<meta property=\"article:modified_time\" content=\"2026-02-23T12:42:51+00:00\" \/>\n<meta property=\"og:image\" content=\"https:\/\/nhkmachineryparts.com\/wp-content\/uploads\/2023\/01\/Levelling-feet-in-hygienic-design-HLF-with-fully-threaded-spindle.jpg\" \/>\n\t<meta property=\"og:image:width\" content=\"1000\" \/>\n\t<meta property=\"og:image:height\" content=\"1000\" \/>\n\t<meta property=\"og:image:type\" content=\"image\/jpeg\" \/>\n<meta name=\"twitter:card\" content=\"summary_large_image\" \/>\n<meta name=\"twitter:label1\" content=\"Tahmini okuma s\u00fcresi\" \/>\n\t<meta name=\"twitter:data1\" content=\"3 dakika\" \/>\n<script type=\"application\/ld+json\" class=\"yoast-schema-graph\">{\"@context\":\"https:\\\/\\\/schema.org\",\"@graph\":[{\"@type\":\"WebPage\",\"@id\":\"https:\\\/\\\/nhkmachineryparts.com\\\/product\\\/levelling-feet-in-hygienic-design-hlf-with-fully-threaded-spindle\\\/\",\"url\":\"https:\\\/\\\/nhkmachineryparts.com\\\/product\\\/levelling-feet-in-hygienic-design-hlf-with-fully-threaded-spindle\\\/\",\"name\":\"Levelling feet with fully-threaded spindle | NHK Machinery Parts\",\"isPartOf\":{\"@id\":\"https:\\\/\\\/nhkmachineryparts.com\\\/#website\"},\"primaryImageOfPage\":{\"@id\":\"https:\\\/\\\/nhkmachineryparts.com\\\/product\\\/levelling-feet-in-hygienic-design-hlf-with-fully-threaded-spindle\\\/#primaryimage\"},\"image\":{\"@id\":\"https:\\\/\\\/nhkmachineryparts.com\\\/product\\\/levelling-feet-in-hygienic-design-hlf-with-fully-threaded-spindle\\\/#primaryimage\"},\"thumbnailUrl\":\"https:\\\/\\\/nhkmachineryparts.com\\\/wp-content\\\/uploads\\\/2023\\\/01\\\/Levelling-feet-in-hygienic-design-HLF-with-fully-threaded-spindle.jpg\",\"datePublished\":\"2023-01-07T19:55:53+00:00\",\"dateModified\":\"2026-02-23T12:42:51+00:00\",\"description\":\"Boost the efficiency and durability of your machinery with levelling feet featuring a fully-threaded spindle, delivering reliable load distribution.\",\"breadcrumb\":{\"@id\":\"https:\\\/\\\/nhkmachineryparts.com\\\/product\\\/levelling-feet-in-hygienic-design-hlf-with-fully-threaded-spindle\\\/#breadcrumb\"},\"inLanguage\":\"tr\",\"potentialAction\":[{\"@type\":\"ReadAction\",\"target\":[\"https:\\\/\\\/nhkmachineryparts.com\\\/product\\\/levelling-feet-in-hygienic-design-hlf-with-fully-threaded-spindle\\\/\"]}]},{\"@type\":\"ImageObject\",\"inLanguage\":\"tr\",\"@id\":\"https:\\\/\\\/nhkmachineryparts.com\\\/product\\\/levelling-feet-in-hygienic-design-hlf-with-fully-threaded-spindle\\\/#primaryimage\",\"url\":\"https:\\\/\\\/nhkmachineryparts.com\\\/wp-content\\\/uploads\\\/2023\\\/01\\\/Levelling-feet-in-hygienic-design-HLF-with-fully-threaded-spindle.jpg\",\"contentUrl\":\"https:\\\/\\\/nhkmachineryparts.com\\\/wp-content\\\/uploads\\\/2023\\\/01\\\/Levelling-feet-in-hygienic-design-HLF-with-fully-threaded-spindle.jpg\",\"width\":1000,\"height\":1000,\"caption\":\"Levelling feet in hygienic design HLF with fully-threaded spindle\"},{\"@type\":\"BreadcrumbList\",\"@id\":\"https:\\\/\\\/nhkmachineryparts.com\\\/product\\\/levelling-feet-in-hygienic-design-hlf-with-fully-threaded-spindle\\\/#breadcrumb\",\"itemListElement\":[{\"@type\":\"ListItem\",\"position\":1,\"name\":\"Home\",\"item\":\"https:\\\/\\\/nhkmachineryparts.com\\\/\"},{\"@type\":\"ListItem\",\"position\":2,\"name\":\"Product line\",\"item\":\"https:\\\/\\\/nhkmachineryparts.com\\\/product-line\\\/\"},{\"@type\":\"ListItem\",\"position\":3,\"name\":\"Industrial machine leveling feet in stainless steel\",\"item\":\"https:\\\/\\\/nhkmachineryparts.com\\\/product-line\\\/stainless-steel-machine-levelling-feet\\\/\"},{\"@type\":\"ListItem\",\"position\":4,\"name\":\"Levelling feet with fully-threaded spindle\"}]},{\"@type\":\"WebSite\",\"@id\":\"https:\\\/\\\/nhkmachineryparts.com\\\/#website\",\"url\":\"https:\\\/\\\/nhkmachineryparts.com\\\/\",\"name\":\"NHK Machinery Parts\",\"description\":\"Bearing Houses, seismic levelling feet and levelling castors\",\"publisher\":{\"@id\":\"https:\\\/\\\/nhkmachineryparts.com\\\/#organization\"},\"potentialAction\":[{\"@type\":\"SearchAction\",\"target\":{\"@type\":\"EntryPoint\",\"urlTemplate\":\"https:\\\/\\\/nhkmachineryparts.com\\\/?s={search_term_string}\"},\"query-input\":{\"@type\":\"PropertyValueSpecification\",\"valueRequired\":true,\"valueName\":\"search_term_string\"}}],\"inLanguage\":\"tr\"},{\"@type\":\"Organization\",\"@id\":\"https:\\\/\\\/nhkmachineryparts.com\\\/#organization\",\"name\":\"Nhk Group ApS\",\"url\":\"https:\\\/\\\/nhkmachineryparts.com\\\/\",\"logo\":{\"@type\":\"ImageObject\",\"inLanguage\":\"tr\",\"@id\":\"https:\\\/\\\/nhkmachineryparts.com\\\/#\\\/schema\\\/logo\\\/image\\\/\",\"url\":\"https:\\\/\\\/nhkmachineryparts.com\\\/wp-content\\\/uploads\\\/2022\\\/09\\\/NHKgroup_social.jpg\",\"contentUrl\":\"https:\\\/\\\/nhkmachineryparts.com\\\/wp-content\\\/uploads\\\/2022\\\/09\\\/NHKgroup_social.jpg\",\"width\":1200,\"height\":630,\"caption\":\"Nhk Group ApS\"},\"image\":{\"@id\":\"https:\\\/\\\/nhkmachineryparts.com\\\/#\\\/schema\\\/logo\\\/image\\\/\"},\"sameAs\":[\"https:\\\/\\\/www.facebook.com\\\/NHK.Group.aps\"]}]}<\/script>\n<!-- \/ Yoast SEO plugin. -->","yoast_head_json":{"title":"Tam di\u015fli mil ile dengeleme ayaklar\u0131 | NHK Makine Par\u00e7alar\u0131","description":"Tam di\u015fli mil \u00f6zelli\u011fine sahip dengeleme ayaklar\u0131yla makinenizin verimlili\u011fini ve dayan\u0131kl\u0131l\u0131\u011f\u0131n\u0131 art\u0131r\u0131n ve g\u00fcvenilir y\u00fck da\u011f\u0131l\u0131m\u0131 sa\u011flay\u0131n.","robots":{"index":"index","follow":"follow","max-snippet":"max-snippet:-1","max-image-preview":"max-image-preview:large","max-video-preview":"max-video-preview:-1"},"canonical":"https:\/\/nhkmachineryparts.com\/tr\/urun\/hijyenik-tasarimli-dengeleme-ayaklari-tam-disli-mile-sahip\/","og_locale":"tr_TR","og_type":"article","og_title":"Levelling feet with fully-threaded spindle | NHK Machinery Parts","og_description":"Boost the efficiency and durability of your machinery with levelling feet featuring a fully-threaded spindle, delivering reliable load distribution.","og_url":"https:\/\/nhkmachineryparts.com\/tr\/urun\/hijyenik-tasarimli-dengeleme-ayaklari-tam-disli-mile-sahip\/","og_site_name":"NHK Machinery Parts","article_publisher":"https:\/\/www.facebook.com\/NHK.Group.aps","article_modified_time":"2026-02-23T12:42:51+00:00","og_image":[{"width":1000,"height":1000,"url":"https:\/\/nhkmachineryparts.com\/wp-content\/uploads\/2023\/01\/Levelling-feet-in-hygienic-design-HLF-with-fully-threaded-spindle.jpg","type":"image\/jpeg"}],"twitter_card":"summary_large_image","twitter_misc":{"Tahmini okuma s\u00fcresi":"3 dakika"},"schema":{"@context":"https:\/\/schema.org","@graph":[{"@type":"WebPage","@id":"https:\/\/nhkmachineryparts.com\/product\/levelling-feet-in-hygienic-design-hlf-with-fully-threaded-spindle\/","url":"https:\/\/nhkmachineryparts.com\/product\/levelling-feet-in-hygienic-design-hlf-with-fully-threaded-spindle\/","name":"Tam di\u015fli mil ile dengeleme ayaklar\u0131 | NHK Makine Par\u00e7alar\u0131","isPartOf":{"@id":"https:\/\/nhkmachineryparts.com\/#website"},"primaryImageOfPage":{"@id":"https:\/\/nhkmachineryparts.com\/product\/levelling-feet-in-hygienic-design-hlf-with-fully-threaded-spindle\/#primaryimage"},"image":{"@id":"https:\/\/nhkmachineryparts.com\/product\/levelling-feet-in-hygienic-design-hlf-with-fully-threaded-spindle\/#primaryimage"},"thumbnailUrl":"https:\/\/nhkmachineryparts.com\/wp-content\/uploads\/2023\/01\/Levelling-feet-in-hygienic-design-HLF-with-fully-threaded-spindle.jpg","datePublished":"2023-01-07T19:55:53+00:00","dateModified":"2026-02-23T12:42:51+00:00","description":"Tam di\u015fli mil \u00f6zelli\u011fine sahip dengeleme ayaklar\u0131yla makinenizin verimlili\u011fini ve dayan\u0131kl\u0131l\u0131\u011f\u0131n\u0131 art\u0131r\u0131n ve g\u00fcvenilir y\u00fck da\u011f\u0131l\u0131m\u0131 sa\u011flay\u0131n.","breadcrumb":{"@id":"https:\/\/nhkmachineryparts.com\/product\/levelling-feet-in-hygienic-design-hlf-with-fully-threaded-spindle\/#breadcrumb"},"inLanguage":"tr","potentialAction":[{"@type":"ReadAction","target":["https:\/\/nhkmachineryparts.com\/product\/levelling-feet-in-hygienic-design-hlf-with-fully-threaded-spindle\/"]}]},{"@type":"ImageObject","inLanguage":"tr","@id":"https:\/\/nhkmachineryparts.com\/product\/levelling-feet-in-hygienic-design-hlf-with-fully-threaded-spindle\/#primaryimage","url":"https:\/\/nhkmachineryparts.com\/wp-content\/uploads\/2023\/01\/Levelling-feet-in-hygienic-design-HLF-with-fully-threaded-spindle.jpg","contentUrl":"https:\/\/nhkmachineryparts.com\/wp-content\/uploads\/2023\/01\/Levelling-feet-in-hygienic-design-HLF-with-fully-threaded-spindle.jpg","width":1000,"height":1000,"caption":"Levelling feet in hygienic design HLF with fully-threaded spindle"},{"@type":"BreadcrumbList","@id":"https:\/\/nhkmachineryparts.com\/product\/levelling-feet-in-hygienic-design-hlf-with-fully-threaded-spindle\/#breadcrumb","itemListElement":[{"@type":"ListItem","position":1,"name":"Home","item":"https:\/\/nhkmachineryparts.com\/"},{"@type":"ListItem","position":2,"name":"Product line","item":"https:\/\/nhkmachineryparts.com\/product-line\/"},{"@type":"ListItem","position":3,"name":"Industrial machine leveling feet in stainless steel","item":"https:\/\/nhkmachineryparts.com\/product-line\/stainless-steel-machine-levelling-feet\/"},{"@type":"ListItem","position":4,"name":"Levelling feet with fully-threaded spindle"}]},{"@type":"WebSite","@id":"https:\/\/nhkmachineryparts.com\/#website","url":"https:\/\/nhkmachineryparts.com\/","name":"NHK Makine Par\u00e7alar\u0131","description":"Rulman Yataklar\u0131, sismik tesviye ayaklar\u0131 ve tesviye tekerlekleri","publisher":{"@id":"https:\/\/nhkmachineryparts.com\/#organization"},"potentialAction":[{"@type":"SearchAction","target":{"@type":"EntryPoint","urlTemplate":"https:\/\/nhkmachineryparts.com\/?s={search_term_string}"},"query-input":{"@type":"PropertyValueSpecification","valueRequired":true,"valueName":"search_term_string"}}],"inLanguage":"tr"},{"@type":"Organization","@id":"https:\/\/nhkmachineryparts.com\/#organization","name":"NHK Grup ApS","url":"https:\/\/nhkmachineryparts.com\/","logo":{"@type":"ImageObject","inLanguage":"tr","@id":"https:\/\/nhkmachineryparts.com\/#\/schema\/logo\/image\/","url":"https:\/\/nhkmachineryparts.com\/wp-content\/uploads\/2022\/09\/NHKgroup_social.jpg","contentUrl":"https:\/\/nhkmachineryparts.com\/wp-content\/uploads\/2022\/09\/NHKgroup_social.jpg","width":1200,"height":630,"caption":"Nhk Group ApS"},"image":{"@id":"https:\/\/nhkmachineryparts.com\/#\/schema\/logo\/image\/"},"sameAs":["https:\/\/www.facebook.com\/NHK.Group.aps"]}]}},"_links":{"self":[{"href":"https:\/\/nhkmachineryparts.com\/tr\/wp-json\/wp\/v2\/product\/2827","targetHints":{"allow":["GET"]}}],"collection":[{"href":"https:\/\/nhkmachineryparts.com\/tr\/wp-json\/wp\/v2\/product"}],"about":[{"href":"https:\/\/nhkmachineryparts.com\/tr\/wp-json\/wp\/v2\/types\/product"}],"wp:featuredmedia":[{"embeddable":true,"href":"https:\/\/nhkmachineryparts.com\/tr\/wp-json\/wp\/v2\/media\/8501"}],"wp:attachment":[{"href":"https:\/\/nhkmachineryparts.com\/tr\/wp-json\/wp\/v2\/media?parent=2827"}],"wp:term":[{"taxonomy":"product_brand","embeddable":true,"href":"https:\/\/nhkmachineryparts.com\/tr\/wp-json\/wp\/v2\/product_brand?post=2827"},{"taxonomy":"product_cat","embeddable":true,"href":"https:\/\/nhkmachineryparts.com\/tr\/wp-json\/wp\/v2\/product_cat?post=2827"},{"taxonomy":"product_tag","embeddable":true,"href":"https:\/\/nhkmachineryparts.com\/tr\/wp-json\/wp\/v2\/product_tag?post=2827"}],"curies":[{"name":"wp","href":"https:\/\/api.w.org\/{rel}","templated":true}]}}