{"id":2116,"date":"2022-09-30T19:28:08","date_gmt":"2022-09-30T19:28:08","guid":{"rendered":"https:\/\/nhkmachineryparts.pawsfabrik.dk\/?post_type=product&#038;p=2116"},"modified":"2026-02-23T14:43:23","modified_gmt":"2026-02-23T12:43:23","slug":"308-yercekimi-konveyor-rulo","status":"publish","type":"product","link":"https:\/\/nhkmachineryparts.com\/tr\/product\/308-gravity-conveyor-roller\/","title":{"rendered":"Paslanmaz \u00e7elikten kavisler i\u00e7in konik tahrikli zincir di\u015flisi ve yer \u00e7ekimi konvey\u00f6r rulosu"},"content":{"rendered":"<section class=\"vc_row vc_custom_1662993827263 liquid-row-shadowbox-69d15cc0a4125 vc_column-gap-0\"><div class=\"ld-container container\"><div class=\"row ld-row ld-row-outer\"><div class=\"wpb_column vc_column_container vc_col-sm-12 liquid-column-69d15cc0a42cb\"><div class=\"vc_column-inner\" ><div class=\"wpb_wrapper\"  >\n\t<div class=\"wpb_text_column wpb_content_element\" >\n\t\t<div class=\"wpb_wrapper\">\n\t\t\t<h2>G\u0131da i\u015fleme ve ila\u00e7 end\u00fcstrisi i\u00e7in birinci s\u0131n\u0131f tasar\u0131m<\/h2>\n<p>G\u0131da i\u015fleme ve ila\u00e7 end\u00fcstrisi i\u00e7in \u00f6zel olarak tasarlanm\u0131\u015f, birinci s\u0131n\u0131f paslanmaz \u00e7elik konvey\u00f6r rulolar\u0131m\u0131zla tan\u0131\u015f\u0131n: Kavisler i\u00e7in Konik Tahrikli, Di\u015fli ve Yer\u00e7ekimi Konvey\u00f6r Rulolar\u0131.<\/p>\n<h2>G\u0131da ve ila\u00e7 i\u015flemenin zorlu ko\u015fullar\u0131na dayan\u0131n<\/h2>\n<p>Silindirlerimiz, g\u0131da ve ila\u00e7 i\u015flemenin zorlu ko\u015fullar\u0131na dayanabilecek sorunsuz, verimli ve g\u00fcvenilir bir ta\u015f\u0131ma sistemi sa\u011flamak \u00fczere titizlikle tasarlanm\u0131\u015ft\u0131r. Y\u00fcksek kaliteli paslanmaz \u00e7elikten \u00fcretilen silindirlerimiz korozyona dayan\u0131kl\u0131d\u0131r, hijyeniktir ve temizlenmesi kolayd\u0131r; bu da onlar\u0131 temizli\u011fin \u00e7ok \u00f6nemli oldu\u011fu ortamlar i\u00e7in ideal \u00e7\u00f6z\u00fcm haline getirir.<\/p>\n<h2>Dar d\u00f6n\u00fc\u015fleri ve virajlar\u0131 kolayl\u0131kla idare edecek \u015fekilde tasarlanm\u0131\u015ft\u0131r<\/h2>\n<p>Kavisler i\u00e7in Konik Tahrikli, Di\u015fli ve Yer\u00e7ekimi Konvey\u00f6r Rulolar\u0131, dar d\u00f6n\u00fc\u015fleri ve virajlar\u0131 kolayl\u0131kla idare edecek \u015fekilde tasarlanm\u0131\u015ft\u0131r. Konvey\u00f6r sistemleri aras\u0131nda m\u00fckemmel \u00fcr\u00fcn aktar\u0131m\u0131 sunarak \u00fcretim hatt\u0131n\u0131z boyunca kesintisiz malzeme ak\u0131\u015f\u0131 sa\u011flarlar. Ayr\u0131ca konik \u015fekilleri, mallar\u0131n kademeli olarak aktar\u0131lmas\u0131n\u0131 sa\u011flayarak \u00fcr\u00fcn\u00fcn hasar g\u00f6rmesi riskini azalt\u0131r.<\/p>\n<h2>Konvey\u00f6r sisteminiz i\u00e7in daha az ar\u0131za s\u00fcresi ve daha uzun kullan\u0131m \u00f6mr\u00fc<\/h2>\n<p>Paslanmaz \u00e7elik konvey\u00f6r rulolar\u0131m\u0131za yat\u0131r\u0131m yapmak, konvey\u00f6r sisteminizin artan \u00fcretkenli\u011finden, azalt\u0131lm\u0131\u015f ar\u0131za s\u00fcresinden ve daha uzun kullan\u0131m \u00f6mr\u00fcnden yararlanaca\u011f\u0131n\u0131z anlam\u0131na gelir. Ayr\u0131ca uzman m\u00fchendis ekibimizle \u00f6zel konvey\u00f6r ihtiya\u00e7lar\u0131n\u0131z\u0131 kar\u015f\u0131layacak \u00f6zelle\u015ftirilmi\u015f \u00e7\u00f6z\u00fcmler sunabiliriz.<\/p>\n<h2>Kavisler i\u00e7in Konik Tahrikli, Di\u015fli ve Yer\u00e7ekimi Konvey\u00f6r Rulolar\u0131<\/h2>\n<p>G\u0131da i\u015fleme veya ila\u00e7 tesisinizde kalite veya performanstan \u00f6d\u00fcn vermeyin. Kavisler i\u00e7in Konik Tahrikli, Di\u015fli ve Yer\u00e7ekimi Konvey\u00f6r Rulolar\u0131m\u0131z\u0131 se\u00e7in ve ta\u015f\u0131ma teknolojisinde en iyiyi deneyimleyin.<\/p>\n<h2>Hassasiyetinizi y\u00fckseltmeye haz\u0131r m\u0131s\u0131n\u0131z?<\/h2>\n<p>S\u00f6z verdi\u011finiz gibi, g\u0131da ve ila\u00e7 i\u015fleme makinelerine y\u00f6nelik hijyenik tasar\u0131mda Bile\u015fenlerin ve par\u00e7alar\u0131n d\u00f6n\u00fc\u015ft\u00fcr\u00fcc\u00fc g\u00fcc\u00fcne ili\u015fkin de\u011ferli bilgiler elde ettiniz. End\u00fcstriyel s\u00fcre\u00e7lerinizde hassasiyeti, g\u00fcvenilirli\u011fi ve operasyonel m\u00fckemmelli\u011fi art\u0131rmaya haz\u0131rsan\u0131z, k\u00fcresel lokasyonlar\u0131m\u0131zdan bizimle hemen ileti\u015fime ge\u00e7in:<\/p>\n<ul>\n<li><strong>Danimarka:<\/strong> Staermosevej, 5610 Assens, (+45) 8988 2828<\/li>\n<li><strong>Almanya:<\/strong> Hamburger Landstra\u00dfe, L\u00fcneburg, Telefon: +(49) 17072 17358<\/li>\n<li><strong>Birle\u015fik Krall\u0131k:<\/strong> Marsh Way, Rainham, RM13 8EU<\/li>\n<li><strong>Hong Kong:<\/strong> Nathan Road, Kowloon<\/li>\n<\/ul>\n<p>E\u015fsiz hassasiyet ve g\u00fcvenilirli\u011fe yolculu\u011funuz, NHK&#039;nin g\u0131da ve ila\u00e7 i\u015fleme makinelerine y\u00f6nelik hijyenik tasar\u0131ml\u0131 Bile\u015fenleri ve par\u00e7alar\u0131yla ba\u015flar. End\u00fcstriyel ortam\u0131n\u0131z\u0131 d\u00f6n\u00fc\u015ft\u00fcr\u00fcn; bug\u00fcn bizimle ileti\u015fime ge\u00e7in!<\/p>\n<h2>Sorular ve ileti\u015fim<\/h2>\n<p>\u00dcr\u00fcnlerimiz hakk\u0131nda sorular\u0131n\u0131z m\u0131 var? <a href=\"https:\/\/nhkmachineryparts.com\/tr\/temas-etmek\/\">Makinenizin performans\u0131 ve \u00e7\u00f6z\u00fcmleri veya ba\u015fka herhangi bir konuda sorular\u0131n\u0131z i\u00e7in bizimle her zaman ileti\u015fime ge\u00e7ebilirsiniz. Bizimle nas\u0131l ileti\u015fime ge\u00e7ece\u011finiz hakk\u0131nda daha fazla bilgiyi buradan edinebilirsiniz.<\/a>\u00a0Bizi Danimarka, \u0130ngiltere, Almanya ve Hong Kong&#039;da bulabilirsiniz.<\/p>\n<p>Geni\u015f \u00fcr\u00fcn yelpazemize g\u00f6z at\u0131n <a href=\"https:\/\/nhkmachineryparts.com\/tr\/urun-hatti\/\">\u00dcr\u00fcn serisi | NHK Makine Par\u00e7alar\u0131<\/a>\u00a0Burada.<\/p>\n\n\t\t<\/div>\n\t<\/div>\n<\/div><\/div><\/div><\/div><\/div><\/section>","protected":false},"excerpt":{"rendered":"Top-of-the-line design for food processing and pharmaceutical industry Introducing our top-of-the-line stainless steel conveyor rollers designed specifically for the food processing and pharmaceutical industry - the Tapered Driven, Sprocket and Gravity Conveyor Rollers for Curves. Withstand the harsh conditions of food and pharmaceutical processing Our rollers are meticulously engineered to provide a smooth, efficient and [...]","protected":false},"featured_media":2120,"template":"","meta":[],"product_brand":[],"product_cat":[129],"product_tag":[],"class_list":{"0":"post-2116","1":"product","2":"type-product","3":"status-publish","4":"has-post-thumbnail","6":"product_cat-related-products","8":"first","9":"instock","10":"shipping-taxable","11":"product-type-simple"},"yoast_head":"<!-- This site is optimized with the Yoast SEO plugin v27.2 - https:\/\/yoast.com\/product\/yoast-seo-wordpress\/ -->\n<title>Tapered driven sprocket and gravity conveyor roller for curves in stainless steel<\/title>\n<meta name=\"description\" content=\"Introducing our top-of-the-line stainless steel conveyor rollers designed specifically for the food processing and pharmaceutical industry\" \/>\n<meta name=\"robots\" content=\"index, follow, max-snippet:-1, max-image-preview:large, max-video-preview:-1\" \/>\n<link rel=\"canonical\" href=\"https:\/\/nhkmachineryparts.com\/tr\/urun\/308-yercekimi-konveyor-rulo\/\" \/>\n<meta property=\"og:locale\" content=\"tr_TR\" \/>\n<meta property=\"og:type\" content=\"article\" \/>\n<meta property=\"og:title\" content=\"Tapered driven sprocket and gravity conveyor roller for curves in stainless steel\" \/>\n<meta property=\"og:description\" content=\"Introducing our top-of-the-line stainless steel conveyor rollers designed specifically for the food processing and pharmaceutical industry\" \/>\n<meta property=\"og:url\" content=\"https:\/\/nhkmachineryparts.com\/tr\/urun\/308-yercekimi-konveyor-rulo\/\" \/>\n<meta property=\"og:site_name\" content=\"NHK Machinery Parts\" \/>\n<meta property=\"article:publisher\" content=\"https:\/\/www.facebook.com\/NHK.Group.aps\" \/>\n<meta property=\"article:modified_time\" content=\"2026-02-23T12:43:23+00:00\" \/>\n<meta property=\"og:image\" content=\"https:\/\/nhkmachineryparts.com\/wp-content\/uploads\/2022\/09\/full_1800_Gravity_roller.jpg\" \/>\n\t<meta property=\"og:image:width\" content=\"1000\" \/>\n\t<meta property=\"og:image:height\" content=\"1000\" \/>\n\t<meta property=\"og:image:type\" content=\"image\/jpeg\" \/>\n<meta name=\"twitter:card\" content=\"summary_large_image\" \/>\n<meta name=\"twitter:label1\" content=\"Tahmini okuma s\u00fcresi\" \/>\n\t<meta name=\"twitter:data1\" content=\"3 dakika\" \/>\n<script type=\"application\/ld+json\" class=\"yoast-schema-graph\">{\"@context\":\"https:\/\/schema.org\",\"@graph\":[{\"@type\":\"WebPage\",\"@id\":\"https:\/\/nhkmachineryparts.com\/product\/308-gravity-conveyor-roller\/\",\"url\":\"https:\/\/nhkmachineryparts.com\/product\/308-gravity-conveyor-roller\/\",\"name\":\"Tapered driven sprocket and gravity conveyor roller for curves in stainless steel\",\"isPartOf\":{\"@id\":\"https:\/\/nhkmachineryparts.com\/#website\"},\"primaryImageOfPage\":{\"@id\":\"https:\/\/nhkmachineryparts.com\/product\/308-gravity-conveyor-roller\/#primaryimage\"},\"image\":{\"@id\":\"https:\/\/nhkmachineryparts.com\/product\/308-gravity-conveyor-roller\/#primaryimage\"},\"thumbnailUrl\":\"https:\/\/nhkmachineryparts.com\/wp-content\/uploads\/2022\/09\/full_1800_Gravity_roller.jpg\",\"datePublished\":\"2022-09-30T19:28:08+00:00\",\"dateModified\":\"2026-02-23T12:43:23+00:00\",\"description\":\"Introducing our top-of-the-line stainless steel conveyor rollers designed specifically for the food processing and pharmaceutical industry\",\"breadcrumb\":{\"@id\":\"https:\/\/nhkmachineryparts.com\/product\/308-gravity-conveyor-roller\/#breadcrumb\"},\"inLanguage\":\"tr\",\"potentialAction\":[{\"@type\":\"ReadAction\",\"target\":[\"https:\/\/nhkmachineryparts.com\/product\/308-gravity-conveyor-roller\/\"]}]},{\"@type\":\"ImageObject\",\"inLanguage\":\"tr\",\"@id\":\"https:\/\/nhkmachineryparts.com\/product\/308-gravity-conveyor-roller\/#primaryimage\",\"url\":\"https:\/\/nhkmachineryparts.com\/wp-content\/uploads\/2022\/09\/full_1800_Gravity_roller.jpg\",\"contentUrl\":\"https:\/\/nhkmachineryparts.com\/wp-content\/uploads\/2022\/09\/full_1800_Gravity_roller.jpg\",\"width\":1000,\"height\":1000,\"caption\":\"Gravity conveying roller is the most simple and popular conveying\"},{\"@type\":\"BreadcrumbList\",\"@id\":\"https:\/\/nhkmachineryparts.com\/product\/308-gravity-conveyor-roller\/#breadcrumb\",\"itemListElement\":[{\"@type\":\"ListItem\",\"position\":1,\"name\":\"Home\",\"item\":\"https:\/\/nhkmachineryparts.com\/\"},{\"@type\":\"ListItem\",\"position\":2,\"name\":\"Product line\",\"item\":\"https:\/\/nhkmachineryparts.com\/product-line\/\"},{\"@type\":\"ListItem\",\"position\":3,\"name\":\"Related products\",\"item\":\"https:\/\/nhkmachineryparts.com\/product-line\/related-products\/\"},{\"@type\":\"ListItem\",\"position\":4,\"name\":\"Tapered driven sprocket and gravity conveyor roller for curves in stainless steel\"}]},{\"@type\":\"WebSite\",\"@id\":\"https:\/\/nhkmachineryparts.com\/#website\",\"url\":\"https:\/\/nhkmachineryparts.com\/\",\"name\":\"NHK Machinery Parts\",\"description\":\"Bearing Houses, seismic levelling feet and levelling castors\",\"publisher\":{\"@id\":\"https:\/\/nhkmachineryparts.com\/#organization\"},\"potentialAction\":[{\"@type\":\"SearchAction\",\"target\":{\"@type\":\"EntryPoint\",\"urlTemplate\":\"https:\/\/nhkmachineryparts.com\/?s={search_term_string}\"},\"query-input\":{\"@type\":\"PropertyValueSpecification\",\"valueRequired\":true,\"valueName\":\"search_term_string\"}}],\"inLanguage\":\"tr\"},{\"@type\":\"Organization\",\"@id\":\"https:\/\/nhkmachineryparts.com\/#organization\",\"name\":\"Nhk Group ApS\",\"url\":\"https:\/\/nhkmachineryparts.com\/\",\"logo\":{\"@type\":\"ImageObject\",\"inLanguage\":\"tr\",\"@id\":\"https:\/\/nhkmachineryparts.com\/#\/schema\/logo\/image\/\",\"url\":\"https:\/\/nhkmachineryparts.com\/wp-content\/uploads\/2022\/09\/NHKgroup_social.jpg\",\"contentUrl\":\"https:\/\/nhkmachineryparts.com\/wp-content\/uploads\/2022\/09\/NHKgroup_social.jpg\",\"width\":1200,\"height\":630,\"caption\":\"Nhk Group ApS\"},\"image\":{\"@id\":\"https:\/\/nhkmachineryparts.com\/#\/schema\/logo\/image\/\"},\"sameAs\":[\"https:\/\/www.facebook.com\/NHK.Group.aps\"]}]}<\/script>\n<!-- \/ Yoast SEO plugin. -->","yoast_head_json":{"title":"Paslanmaz \u00e7elikten kavisler i\u00e7in konik tahrikli zincir di\u015flisi ve yer \u00e7ekimi konvey\u00f6r rulosu","description":"G\u0131da i\u015fleme ve ila\u00e7 end\u00fcstrisi i\u00e7in \u00f6zel olarak tasarlanm\u0131\u015f, birinci s\u0131n\u0131f paslanmaz \u00e7elik konvey\u00f6r rulolar\u0131m\u0131zla tan\u0131\u015f\u0131n","robots":{"index":"index","follow":"follow","max-snippet":"max-snippet:-1","max-image-preview":"max-image-preview:large","max-video-preview":"max-video-preview:-1"},"canonical":"https:\/\/nhkmachineryparts.com\/tr\/urun\/308-yercekimi-konveyor-rulo\/","og_locale":"tr_TR","og_type":"article","og_title":"Tapered driven sprocket and gravity conveyor roller for curves in stainless steel","og_description":"Introducing our top-of-the-line stainless steel conveyor rollers designed specifically for the food processing and pharmaceutical industry","og_url":"https:\/\/nhkmachineryparts.com\/tr\/urun\/308-yercekimi-konveyor-rulo\/","og_site_name":"NHK Machinery Parts","article_publisher":"https:\/\/www.facebook.com\/NHK.Group.aps","article_modified_time":"2026-02-23T12:43:23+00:00","og_image":[{"width":1000,"height":1000,"url":"https:\/\/nhkmachineryparts.com\/wp-content\/uploads\/2022\/09\/full_1800_Gravity_roller.jpg","type":"image\/jpeg"}],"twitter_card":"summary_large_image","twitter_misc":{"Tahmini okuma s\u00fcresi":"3 dakika"},"schema":{"@context":"https:\/\/schema.org","@graph":[{"@type":"WebPage","@id":"https:\/\/nhkmachineryparts.com\/product\/308-gravity-conveyor-roller\/","url":"https:\/\/nhkmachineryparts.com\/product\/308-gravity-conveyor-roller\/","name":"Paslanmaz \u00e7elikten kavisler i\u00e7in konik tahrikli zincir di\u015flisi ve yer \u00e7ekimi konvey\u00f6r rulosu","isPartOf":{"@id":"https:\/\/nhkmachineryparts.com\/#website"},"primaryImageOfPage":{"@id":"https:\/\/nhkmachineryparts.com\/product\/308-gravity-conveyor-roller\/#primaryimage"},"image":{"@id":"https:\/\/nhkmachineryparts.com\/product\/308-gravity-conveyor-roller\/#primaryimage"},"thumbnailUrl":"https:\/\/nhkmachineryparts.com\/wp-content\/uploads\/2022\/09\/full_1800_Gravity_roller.jpg","datePublished":"2022-09-30T19:28:08+00:00","dateModified":"2026-02-23T12:43:23+00:00","description":"G\u0131da i\u015fleme ve ila\u00e7 end\u00fcstrisi i\u00e7in \u00f6zel olarak tasarlanm\u0131\u015f, birinci s\u0131n\u0131f paslanmaz \u00e7elik konvey\u00f6r rulolar\u0131m\u0131zla tan\u0131\u015f\u0131n","breadcrumb":{"@id":"https:\/\/nhkmachineryparts.com\/product\/308-gravity-conveyor-roller\/#breadcrumb"},"inLanguage":"tr","potentialAction":[{"@type":"ReadAction","target":["https:\/\/nhkmachineryparts.com\/product\/308-gravity-conveyor-roller\/"]}]},{"@type":"ImageObject","inLanguage":"tr","@id":"https:\/\/nhkmachineryparts.com\/product\/308-gravity-conveyor-roller\/#primaryimage","url":"https:\/\/nhkmachineryparts.com\/wp-content\/uploads\/2022\/09\/full_1800_Gravity_roller.jpg","contentUrl":"https:\/\/nhkmachineryparts.com\/wp-content\/uploads\/2022\/09\/full_1800_Gravity_roller.jpg","width":1000,"height":1000,"caption":"Gravity conveying roller is the most simple and popular conveying"},{"@type":"BreadcrumbList","@id":"https:\/\/nhkmachineryparts.com\/product\/308-gravity-conveyor-roller\/#breadcrumb","itemListElement":[{"@type":"ListItem","position":1,"name":"Home","item":"https:\/\/nhkmachineryparts.com\/"},{"@type":"ListItem","position":2,"name":"Product line","item":"https:\/\/nhkmachineryparts.com\/product-line\/"},{"@type":"ListItem","position":3,"name":"Related products","item":"https:\/\/nhkmachineryparts.com\/product-line\/related-products\/"},{"@type":"ListItem","position":4,"name":"Tapered driven sprocket and gravity conveyor roller for curves in stainless steel"}]},{"@type":"WebSite","@id":"https:\/\/nhkmachineryparts.com\/#website","url":"https:\/\/nhkmachineryparts.com\/","name":"NHK Makine Par\u00e7alar\u0131","description":"Rulman Yataklar\u0131, sismik tesviye ayaklar\u0131 ve tesviye tekerlekleri","publisher":{"@id":"https:\/\/nhkmachineryparts.com\/#organization"},"potentialAction":[{"@type":"SearchAction","target":{"@type":"EntryPoint","urlTemplate":"https:\/\/nhkmachineryparts.com\/?s={search_term_string}"},"query-input":{"@type":"PropertyValueSpecification","valueRequired":true,"valueName":"search_term_string"}}],"inLanguage":"tr"},{"@type":"Organization","@id":"https:\/\/nhkmachineryparts.com\/#organization","name":"NHK Grup ApS","url":"https:\/\/nhkmachineryparts.com\/","logo":{"@type":"ImageObject","inLanguage":"tr","@id":"https:\/\/nhkmachineryparts.com\/#\/schema\/logo\/image\/","url":"https:\/\/nhkmachineryparts.com\/wp-content\/uploads\/2022\/09\/NHKgroup_social.jpg","contentUrl":"https:\/\/nhkmachineryparts.com\/wp-content\/uploads\/2022\/09\/NHKgroup_social.jpg","width":1200,"height":630,"caption":"Nhk Group ApS"},"image":{"@id":"https:\/\/nhkmachineryparts.com\/#\/schema\/logo\/image\/"},"sameAs":["https:\/\/www.facebook.com\/NHK.Group.aps"]}]}},"_links":{"self":[{"href":"https:\/\/nhkmachineryparts.com\/tr\/wp-json\/wp\/v2\/product\/2116","targetHints":{"allow":["GET"]}}],"collection":[{"href":"https:\/\/nhkmachineryparts.com\/tr\/wp-json\/wp\/v2\/product"}],"about":[{"href":"https:\/\/nhkmachineryparts.com\/tr\/wp-json\/wp\/v2\/types\/product"}],"wp:featuredmedia":[{"embeddable":true,"href":"https:\/\/nhkmachineryparts.com\/tr\/wp-json\/wp\/v2\/media\/2120"}],"wp:attachment":[{"href":"https:\/\/nhkmachineryparts.com\/tr\/wp-json\/wp\/v2\/media?parent=2116"}],"wp:term":[{"taxonomy":"product_brand","embeddable":true,"href":"https:\/\/nhkmachineryparts.com\/tr\/wp-json\/wp\/v2\/product_brand?post=2116"},{"taxonomy":"product_cat","embeddable":true,"href":"https:\/\/nhkmachineryparts.com\/tr\/wp-json\/wp\/v2\/product_cat?post=2116"},{"taxonomy":"product_tag","embeddable":true,"href":"https:\/\/nhkmachineryparts.com\/tr\/wp-json\/wp\/v2\/product_tag?post=2116"}],"curies":[{"name":"wp","href":"https:\/\/api.w.org\/{rel}","templated":true}]}}