{"id":1958,"date":"2022-09-28T18:58:55","date_gmt":"2022-09-28T18:58:55","guid":{"rendered":"https:\/\/nhkmachineryparts.pawsfabrik.dk\/?post_type=product&#038;p=1958"},"modified":"2026-02-27T16:04:25","modified_gmt":"2026-02-27T14:04:25","slug":"341-ayakli-zemin-kilit-delikli-sizdirmaz-hijyenik-tasarimli-saft","status":"publish","type":"product","link":"https:\/\/nhkmachineryparts.com\/tr\/product\/341-adjustable-feet-in-sealed-hygienic-design-shaf-with-floor-lock-holes\/","title":{"rendered":"EHEDG-certified adjustable feet with floor lock holes"},"content":{"rendered":"<section class=\"vc_row vc_custom_1662993827263 liquid-row-shadowbox-69d3fb6339988 vc_column-gap-0\"><div class=\"ld-container container\"><div class=\"row ld-row ld-row-outer\"><div class=\"wpb_column vc_column_container vc_col-sm-12 liquid-column-69d3fb6339b18\"><div class=\"vc_column-inner\" ><div class=\"wpb_wrapper\"  >\n\t<div class=\"wpb_text_column wpb_content_element\" >\n\t\t<div class=\"wpb_wrapper\">\n\t\t\t<p>Zorlu ko\u015fullar ve zorlu ortamlardaki a\u011f\u0131r y\u00fckler i\u00e7in tasarlanm\u0131\u015ft\u0131r<br \/>\nHijyenik sertifikal\u0131 <a href=\"https:\/\/nhkmachineryparts.com\/tr\/urun-hatti\/hijyenik-tasarimli-ehedg-paslanmaz-ayaklar\/\" data-internallinksmanager029f6b8e52c=\"15\" title=\"ayarlanabilir ayak\">ayarlanabilir ayak<\/a> Zemin kilit delikleri titre\u015fim azaltma ve kaymay\u0131 \u00f6nleyici \u00f6zellikler i\u00e7in kau\u00e7uk ped ile uygulanabilir<br \/>\nZemin kilitleme deliklerine sahip hijyenik sertifikal\u0131 ayarlanabilir ayaklar\u0131m\u0131z, g\u0131da g\u00fcvenli\u011fi izlenebilirli\u011fi i\u00e7in benzersiz parti kimlik numaras\u0131na sahip FDA sertifikas\u0131yla (FDA CFR 21 177 2600) donat\u0131lm\u0131\u015ft\u0131r.<\/p>\n<p><a href=\"https:\/\/nhkmachineryparts.com\/shop\/product-line\/certified-hygienic-feet\/\">Sertifikal\u0131 ayarlanabilir ayak \u00fcr\u00fcn se\u00e7icimizi deneyin<\/a><\/p>\n<h2>S\u0131zd\u0131rmaz hijyenik tasar\u0131ml\u0131 ayarlanabilir ayaklar \u00f6zellikleri ve avantajlar\u0131<\/h2>\n<p>Millerin tabana do\u011fru u\u00e7lar\u0131 p\u00fcr\u00fczs\u00fczd\u00fcr ve di\u015fler, kolay temizlik sa\u011flamak i\u00e7in bir man\u015fonla korunur.<br \/>\nMan\u015fon ayn\u0131 zamanda somun g\u00f6revi de g\u00f6r\u00fcr.<br \/>\nMil ve taban silikon contayla kapat\u0131lm\u0131\u015ft\u0131r.<br \/>\nMan\u015fon, milin d\u00fcz ucuna silikon conta ile kapat\u0131lm\u0131\u015ft\u0131r ve montaj plakas\u0131na silikon conta ile kapat\u0131lm\u0131\u015ft\u0131r.<br \/>\nTitre\u015fimi azaltmak i\u00e7in tabana FDA onayl\u0131 bir lastik ped tak\u0131labilir<br \/>\nZemin kilitleme deliklerine sahip, hijyenik sertifikal\u0131, m\u00fch\u00fcrl\u00fc ayarlanabilir ayaklar, zemindeki ve ekipmanlardaki 10 dereceye kadar e\u011fimlerle ba\u015fa \u00e7\u0131kabilir.<\/p>\n<h2>S\u0131zd\u0131rmaz hijyenik tasar\u0131ml\u0131 malzemelerden yap\u0131lm\u0131\u015f ayarlanabilir ayaklar<\/h2>\n<p>FDA CFR 21 177 2600&#039;e g\u00f6re FDA Sertifikal\u0131, zemin kilitleme delikli, hijyenik sertifikal\u0131, m\u00fch\u00fcrl\u00fc ayarlanabilir ayaklar ve kau\u00e7uk ped.<\/p>\n<p>Taban plakas\u0131 malzemesi a\u00e7\u0131klamas\u0131:<br \/>\nG\u0131da s\u0131n\u0131f\u0131 kompozit malzeme<\/p>\n<p>Mil malzemesi a\u00e7\u0131klamas\u0131:<br \/>\nPaslanmaz \u00e7elik A2-70 veya A4-70<\/p>\n<p>Kau\u00e7uk taban malzemesi a\u00e7\u0131klamas\u0131:<br \/>\nNBR Kau\u00e7uk (Nitril kau\u00e7uk CAS no. 9005-98-5)<br \/>\nFDA CFR 21 177 2600&#039;e g\u00f6re FDA Sertifikas\u0131<\/p>\n<p>T\u00fcm malzemeler kimyasallara, yayg\u0131n olarak uygulanan temizlik maddelerine ve kat\u0131 ve s\u0131v\u0131 ya\u011flara kar\u015f\u0131 olduk\u00e7a dayan\u0131kl\u0131d\u0131r.<\/p>\n<h2>S\u0131zd\u0131rmaz hijyenik tasar\u0131m boyutlar\u0131nda ayarlanabilir ayaklar<\/h2>\n<p><a href=\"https:\/\/nhkmachineryparts.com\/shop\/product-line\/certified-hygienic-feet\/\">Sertifikal\u0131 hijyenik ayak \u00fcr\u00fcn se\u00e7icimizi deneyin<\/a><\/p>\n<p>Geni\u015f bir yelpazede sunulan, hijyenik sertifikal\u0131, zemine sabitlenen kilit delikli ayarlanabilir ayak tabanlar\u0131, optimum esneklik ve se\u00e7im olana\u011f\u0131 sa\u011flar.<\/p>\n<div class=\"dcf-overflow-x-auto\" tabindex=\"0\">\n<table class=\"dcf-table dcf-table-bordered dcf-w-100%\">\n<thead>\n<tr>\n<th scope=\"col\">Taban Tipi<\/th>\n<th scope=\"col\">Taban \u00c7ap\u0131 D<\/th>\n<\/tr>\n<\/thead>\n<tbody>\n<tr>\n<td data-label=\"PF Base Size\">HAF 79<\/td>\n<td data-label=\"Base Diameter D\">78mm<\/td>\n<\/tr>\n<tr>\n<td data-label=\"PF Base Size\">HAF 99<\/td>\n<td data-label=\"Base Diameter D\">98mm<\/td>\n<\/tr>\n<tr>\n<td data-label=\"PF Base Size\">HAF119<\/td>\n<td data-label=\"Base Diameter D\">118mm<\/td>\n<\/tr>\n<tr>\n<td data-label=\"PF Base Size\">HAF 139<\/td>\n<td data-label=\"Base Diameter D\">138mm<\/td>\n<\/tr>\n<tr>\n<td data-label=\"PF Base Size\">HAF 159<\/td>\n<td data-label=\"Base Diameter D\">158mm<\/td>\n<\/tr>\n<tr>\n<td data-label=\"PF Base Size\">HAF 179<\/td>\n<td data-label=\"Base Diameter D\">178mm<\/td>\n<\/tr>\n<tr>\n<td data-label=\"PF Base Size\">HAF 199<\/td>\n<td data-label=\"Base Diameter D\">198mm<\/td>\n<\/tr>\n<tr>\n<td data-label=\"PF Base Size\">HAF 249<\/td>\n<td data-label=\"Base Diameter D\">248mm<\/td>\n<\/tr>\n<tr>\n<td data-label=\"PF Base Size\">HAF 299<\/td>\n<td data-label=\"Base Diameter D\">298mm<\/td>\n<\/tr>\n<\/tbody>\n<\/table>\n<\/div>\n<p>Di\u011fer taban \u00e7ap\u0131 D i\u00e7in l\u00fctfen bizimle ileti\u015fime ge\u00e7in.<br \/>\nNominal y\u00fck i\u015f mili di\u015flerine ba\u011fl\u0131d\u0131r<br \/>\nKau\u00e7uk ped i\u00e7in say\u0131lara \u201cR\u201d eki eklenir. \u00d6rn.: HAF79-3A-M16-L140-R<\/p>\n<p>Geni\u015f bir yelpazede sunulan, hijyenik sertifikal\u0131, zemin kilitleme delikli ayarlanabilir ayaklar, optimum esneklik ve se\u00e7im olana\u011f\u0131 sa\u011flar.<\/p>\n<table width=\"560\">\n<tbody>\n<tr>\n<td colspan=\"7\" width=\"560\">SHAF Mil ve kovan \u00e7ap\u0131<\/td>\n<\/tr>\n<tr>\n<td width=\"80\">M16<\/td>\n<td width=\"80\">M20<\/td>\n<td width=\"80\">M24<\/td>\n<td width=\"80\">M30<\/td>\n<td width=\"80\">M36<\/td>\n<td width=\"80\">M42<\/td>\n<td width=\"80\">M48<\/td>\n<\/tr>\n<\/tbody>\n<\/table>\n<h2>M\u00fch\u00fcrl\u00fc hijyenik ayarlanabilir ayaklar mil uzunlu\u011fu ve ayar y\u00fcksekli\u011fi<\/h2>\n<table width=\"560\">\n<tbody>\n<tr>\n<td colspan=\"3\" width=\"240\">SHAF Mil uzunlu\u011fu (L) ve Kovan uzunlu\u011fu (H)<\/td>\n<td colspan=\"4\" width=\"320\">Ayar y\u00fcksekli\u011fi<\/td>\n<\/tr>\n<tr>\n<td colspan=\"3\" width=\"240\">U=140 mm Y=55 mm<\/td>\n<td colspan=\"4\" width=\"320\">Min 80 mm&#039;den Max 120 mm&#039;ye<\/td>\n<\/tr>\n<tr>\n<td colspan=\"3\" width=\"240\">U=180 mm Y=75 mm<\/td>\n<td colspan=\"4\" width=\"320\">Min 100 mm&#039;den Maksimum 160 mm&#039;ye<\/td>\n<\/tr>\n<tr>\n<td colspan=\"3\" width=\"240\">U=220 mm Y=95 mm<\/td>\n<td colspan=\"4\" width=\"320\">Min 120 mm&#039;den Max 200 mm&#039;ye<\/td>\n<\/tr>\n<tr>\n<td colspan=\"3\" width=\"240\">U=260 mm Y=115 mm<\/td>\n<td colspan=\"4\" width=\"320\">Min 140 mm&#039;den Maksimum 240 mm&#039;ye<\/td>\n<\/tr>\n<tr>\n<td colspan=\"3\" width=\"240\">U=300 mm Y=125 mm<\/td>\n<td colspan=\"4\" width=\"320\">Min 180 mm&#039;den Maksimum 280 mm&#039;ye<\/td>\n<\/tr>\n<\/tbody>\n<\/table>\n<p>Di\u011fer di\u015fli mil uzunlu\u011fu (L) i\u00e7in l\u00fctfen bizimle ileti\u015fime ge\u00e7in.<br \/>\n\u0130stek \u00fczerine in\u00e7 cinsinden di\u015fler mevcuttur<br \/>\n\u0130plik ayr\u0131ca \u00f6zel iste\u011fe g\u00f6re \u00f6zelle\u015ftirilebilir, eski trapez iplik vb.<\/p>\n<h2>M\u00fch\u00fcrl\u00fc hijyenik tasar\u0131ml\u0131 ayarlanabilir ayaklar teslimat se\u00e7ene\u011fi<\/h2>\n<p>B\u00fcy\u00fck sipari\u015fler i\u00e7in taban ve milleri ayr\u0131 ayr\u0131 tedarik etmeyi \u00f6neriyoruz<br \/>\nAvantaj\u0131, bir\u00e7ok farkl\u0131 boyutta i\u011f kullanan m\u00fc\u015fteri i\u00e7in esnekliktir.<\/p>\n<p><a href=\"https:\/\/nhkmachineryparts.com\/tr\/urun-hatti\/kategori\/hijyenik-tasarimli-paslanmaz-ayaklar\/\">NHK makine par\u00e7alar\u0131&#039;nda paslanmaz \u00e7elik makine ayaklar\u0131 kategorisinde geni\u015f bir \u00fcr\u00fcn yelpazesi bulacaks\u0131n\u0131z.<\/a><\/p>\n\n\t\t<\/div>\n\t<\/div>\n<\/div><\/div><\/div><\/div><\/div><\/section>","protected":false},"excerpt":{"rendered":"Designed for heavy load in harsh environments under tough conditions Hygienic certified adjustable feet with floor lock holes can be applied with rubber pad for vibration reduction and anti-slip properties Our hygienic certified adjustable feet with floor lock holes are provided with FDA certificate (FDA CFR 21 177 2600) with unique batch ID number for [...]","protected":false},"featured_media":8518,"template":"","meta":[],"product_brand":[],"product_cat":[98],"product_tag":[],"class_list":{"0":"post-1958","1":"product","2":"type-product","3":"status-publish","4":"has-post-thumbnail","6":"product_cat-ehedg-certified-3a-ssi-standard-components","8":"first","9":"instock","10":"shipping-taxable","11":"product-type-simple"},"yoast_head":"<!-- This site is optimized with the Yoast SEO plugin v27.3 - https:\/\/yoast.com\/product\/yoast-seo-wordpress\/ -->\n<title>EHEDG-certified adjustable feet with floor lock holes | NHK Machinery Parts<\/title>\n<meta name=\"description\" content=\"Adjustable feet in hygienic design with floor lock holes and sealed protected spindle, food grade composite material solid base plate, NBR FDA certificate\" \/>\n<meta name=\"robots\" content=\"index, follow, max-snippet:-1, max-image-preview:large, max-video-preview:-1\" \/>\n<link rel=\"canonical\" href=\"https:\/\/nhkmachineryparts.com\/tr\/urun\/341-ayakli-zemin-kilit-delikli-sizdirmaz-hijyenik-tasarimli-saft\/\" \/>\n<meta property=\"og:locale\" content=\"tr_TR\" \/>\n<meta property=\"og:type\" content=\"article\" \/>\n<meta property=\"og:title\" content=\"EHEDG-certified adjustable feet with floor lock holes | NHK Machinery Parts\" \/>\n<meta property=\"og:description\" content=\"Adjustable feet in hygienic design with floor lock holes and sealed protected spindle, food grade composite material solid base plate, NBR FDA certificate\" \/>\n<meta property=\"og:url\" content=\"https:\/\/nhkmachineryparts.com\/tr\/urun\/341-ayakli-zemin-kilit-delikli-sizdirmaz-hijyenik-tasarimli-saft\/\" \/>\n<meta property=\"og:site_name\" content=\"NHK Machinery Parts\" \/>\n<meta property=\"article:publisher\" content=\"https:\/\/www.facebook.com\/NHK.Group.aps\" \/>\n<meta property=\"article:modified_time\" content=\"2026-02-27T14:04:25+00:00\" \/>\n<meta property=\"og:image\" content=\"https:\/\/nhkmachineryparts.com\/wp-content\/uploads\/2022\/09\/Sealed-hygienic-adjustable-feet-SHAF-with-floor-lock-holes-and-spindle-with-protecting-sleeve.jpg\" \/>\n\t<meta property=\"og:image:width\" content=\"1000\" \/>\n\t<meta property=\"og:image:height\" content=\"1000\" \/>\n\t<meta property=\"og:image:type\" content=\"image\/jpeg\" \/>\n<meta name=\"twitter:card\" content=\"summary_large_image\" \/>\n<meta name=\"twitter:label1\" content=\"Tahmini okuma s\u00fcresi\" \/>\n\t<meta name=\"twitter:data1\" content=\"3 dakika\" \/>\n<script type=\"application\/ld+json\" class=\"yoast-schema-graph\">{\"@context\":\"https:\\\/\\\/schema.org\",\"@graph\":[{\"@type\":\"WebPage\",\"@id\":\"https:\\\/\\\/nhkmachineryparts.com\\\/product\\\/341-adjustable-feet-in-sealed-hygienic-design-shaf-with-floor-lock-holes\\\/\",\"url\":\"https:\\\/\\\/nhkmachineryparts.com\\\/product\\\/341-adjustable-feet-in-sealed-hygienic-design-shaf-with-floor-lock-holes\\\/\",\"name\":\"EHEDG-certified adjustable feet with floor lock holes | NHK Machinery Parts\",\"isPartOf\":{\"@id\":\"https:\\\/\\\/nhkmachineryparts.com\\\/#website\"},\"primaryImageOfPage\":{\"@id\":\"https:\\\/\\\/nhkmachineryparts.com\\\/product\\\/341-adjustable-feet-in-sealed-hygienic-design-shaf-with-floor-lock-holes\\\/#primaryimage\"},\"image\":{\"@id\":\"https:\\\/\\\/nhkmachineryparts.com\\\/product\\\/341-adjustable-feet-in-sealed-hygienic-design-shaf-with-floor-lock-holes\\\/#primaryimage\"},\"thumbnailUrl\":\"https:\\\/\\\/nhkmachineryparts.com\\\/wp-content\\\/uploads\\\/2022\\\/09\\\/Sealed-hygienic-adjustable-feet-SHAF-with-floor-lock-holes-and-spindle-with-protecting-sleeve.jpg\",\"datePublished\":\"2022-09-28T18:58:55+00:00\",\"dateModified\":\"2026-02-27T14:04:25+00:00\",\"description\":\"Adjustable feet in hygienic design with floor lock holes and sealed protected spindle, food grade composite material solid base plate, NBR FDA certificate\",\"breadcrumb\":{\"@id\":\"https:\\\/\\\/nhkmachineryparts.com\\\/product\\\/341-adjustable-feet-in-sealed-hygienic-design-shaf-with-floor-lock-holes\\\/#breadcrumb\"},\"inLanguage\":\"tr\",\"potentialAction\":[{\"@type\":\"ReadAction\",\"target\":[\"https:\\\/\\\/nhkmachineryparts.com\\\/product\\\/341-adjustable-feet-in-sealed-hygienic-design-shaf-with-floor-lock-holes\\\/\"]}]},{\"@type\":\"ImageObject\",\"inLanguage\":\"tr\",\"@id\":\"https:\\\/\\\/nhkmachineryparts.com\\\/product\\\/341-adjustable-feet-in-sealed-hygienic-design-shaf-with-floor-lock-holes\\\/#primaryimage\",\"url\":\"https:\\\/\\\/nhkmachineryparts.com\\\/wp-content\\\/uploads\\\/2022\\\/09\\\/Sealed-hygienic-adjustable-feet-SHAF-with-floor-lock-holes-and-spindle-with-protecting-sleeve.jpg\",\"contentUrl\":\"https:\\\/\\\/nhkmachineryparts.com\\\/wp-content\\\/uploads\\\/2022\\\/09\\\/Sealed-hygienic-adjustable-feet-SHAF-with-floor-lock-holes-and-spindle-with-protecting-sleeve.jpg\",\"width\":1000,\"height\":1000,\"caption\":\"Sealed hygienic adjustable feet SHAF with floor lock holes and spindle with protecting sleeve\"},{\"@type\":\"BreadcrumbList\",\"@id\":\"https:\\\/\\\/nhkmachineryparts.com\\\/product\\\/341-adjustable-feet-in-sealed-hygienic-design-shaf-with-floor-lock-holes\\\/#breadcrumb\",\"itemListElement\":[{\"@type\":\"ListItem\",\"position\":1,\"name\":\"Home\",\"item\":\"https:\\\/\\\/nhkmachineryparts.com\\\/\"},{\"@type\":\"ListItem\",\"position\":2,\"name\":\"Product line\",\"item\":\"https:\\\/\\\/nhkmachineryparts.com\\\/product-line\\\/\"},{\"@type\":\"ListItem\",\"position\":3,\"name\":\"Certified EHEDG standard components\",\"item\":\"https:\\\/\\\/nhkmachineryparts.com\\\/product-line\\\/ehedg-certified-3a-ssi-standard-components\\\/\"},{\"@type\":\"ListItem\",\"position\":4,\"name\":\"EHEDG-certified adjustable feet with floor lock holes\"}]},{\"@type\":\"WebSite\",\"@id\":\"https:\\\/\\\/nhkmachineryparts.com\\\/#website\",\"url\":\"https:\\\/\\\/nhkmachineryparts.com\\\/\",\"name\":\"NHK Machinery Parts\",\"description\":\"Bearing Houses, seismic levelling feet and levelling castors\",\"publisher\":{\"@id\":\"https:\\\/\\\/nhkmachineryparts.com\\\/#organization\"},\"potentialAction\":[{\"@type\":\"SearchAction\",\"target\":{\"@type\":\"EntryPoint\",\"urlTemplate\":\"https:\\\/\\\/nhkmachineryparts.com\\\/?s={search_term_string}\"},\"query-input\":{\"@type\":\"PropertyValueSpecification\",\"valueRequired\":true,\"valueName\":\"search_term_string\"}}],\"inLanguage\":\"tr\"},{\"@type\":\"Organization\",\"@id\":\"https:\\\/\\\/nhkmachineryparts.com\\\/#organization\",\"name\":\"Nhk Group ApS\",\"url\":\"https:\\\/\\\/nhkmachineryparts.com\\\/\",\"logo\":{\"@type\":\"ImageObject\",\"inLanguage\":\"tr\",\"@id\":\"https:\\\/\\\/nhkmachineryparts.com\\\/#\\\/schema\\\/logo\\\/image\\\/\",\"url\":\"https:\\\/\\\/nhkmachineryparts.com\\\/wp-content\\\/uploads\\\/2022\\\/09\\\/NHKgroup_social.jpg\",\"contentUrl\":\"https:\\\/\\\/nhkmachineryparts.com\\\/wp-content\\\/uploads\\\/2022\\\/09\\\/NHKgroup_social.jpg\",\"width\":1200,\"height\":630,\"caption\":\"Nhk Group ApS\"},\"image\":{\"@id\":\"https:\\\/\\\/nhkmachineryparts.com\\\/#\\\/schema\\\/logo\\\/image\\\/\"},\"sameAs\":[\"https:\\\/\\\/www.facebook.com\\\/NHK.Group.aps\"]}]}<\/script>\n<!-- \/ Yoast SEO plugin. -->","yoast_head_json":{"title":"EHEDG-certified adjustable feet with floor lock holes | NHK Machinery Parts","description":"Hijyenik tasar\u0131mda ayarlanabilir ayaklar, zemin kilitleme delikleri ve m\u00fch\u00fcrl\u00fc korumal\u0131 mil, g\u0131da s\u0131n\u0131f\u0131 kompozit malzeme kat\u0131 taban plakas\u0131, NBR FDA sertifikas\u0131","robots":{"index":"index","follow":"follow","max-snippet":"max-snippet:-1","max-image-preview":"max-image-preview:large","max-video-preview":"max-video-preview:-1"},"canonical":"https:\/\/nhkmachineryparts.com\/tr\/urun\/341-ayakli-zemin-kilit-delikli-sizdirmaz-hijyenik-tasarimli-saft\/","og_locale":"tr_TR","og_type":"article","og_title":"EHEDG-certified adjustable feet with floor lock holes | NHK Machinery Parts","og_description":"Adjustable feet in hygienic design with floor lock holes and sealed protected spindle, food grade composite material solid base plate, NBR FDA certificate","og_url":"https:\/\/nhkmachineryparts.com\/tr\/urun\/341-ayakli-zemin-kilit-delikli-sizdirmaz-hijyenik-tasarimli-saft\/","og_site_name":"NHK Machinery Parts","article_publisher":"https:\/\/www.facebook.com\/NHK.Group.aps","article_modified_time":"2026-02-27T14:04:25+00:00","og_image":[{"width":1000,"height":1000,"url":"https:\/\/nhkmachineryparts.com\/wp-content\/uploads\/2022\/09\/Sealed-hygienic-adjustable-feet-SHAF-with-floor-lock-holes-and-spindle-with-protecting-sleeve.jpg","type":"image\/jpeg"}],"twitter_card":"summary_large_image","twitter_misc":{"Tahmini okuma s\u00fcresi":"3 dakika"},"schema":{"@context":"https:\/\/schema.org","@graph":[{"@type":"WebPage","@id":"https:\/\/nhkmachineryparts.com\/product\/341-adjustable-feet-in-sealed-hygienic-design-shaf-with-floor-lock-holes\/","url":"https:\/\/nhkmachineryparts.com\/product\/341-adjustable-feet-in-sealed-hygienic-design-shaf-with-floor-lock-holes\/","name":"EHEDG-certified adjustable feet with floor lock holes | NHK Machinery Parts","isPartOf":{"@id":"https:\/\/nhkmachineryparts.com\/#website"},"primaryImageOfPage":{"@id":"https:\/\/nhkmachineryparts.com\/product\/341-adjustable-feet-in-sealed-hygienic-design-shaf-with-floor-lock-holes\/#primaryimage"},"image":{"@id":"https:\/\/nhkmachineryparts.com\/product\/341-adjustable-feet-in-sealed-hygienic-design-shaf-with-floor-lock-holes\/#primaryimage"},"thumbnailUrl":"https:\/\/nhkmachineryparts.com\/wp-content\/uploads\/2022\/09\/Sealed-hygienic-adjustable-feet-SHAF-with-floor-lock-holes-and-spindle-with-protecting-sleeve.jpg","datePublished":"2022-09-28T18:58:55+00:00","dateModified":"2026-02-27T14:04:25+00:00","description":"Hijyenik tasar\u0131mda ayarlanabilir ayaklar, zemin kilitleme delikleri ve m\u00fch\u00fcrl\u00fc korumal\u0131 mil, g\u0131da s\u0131n\u0131f\u0131 kompozit malzeme kat\u0131 taban plakas\u0131, NBR FDA sertifikas\u0131","breadcrumb":{"@id":"https:\/\/nhkmachineryparts.com\/product\/341-adjustable-feet-in-sealed-hygienic-design-shaf-with-floor-lock-holes\/#breadcrumb"},"inLanguage":"tr","potentialAction":[{"@type":"ReadAction","target":["https:\/\/nhkmachineryparts.com\/product\/341-adjustable-feet-in-sealed-hygienic-design-shaf-with-floor-lock-holes\/"]}]},{"@type":"ImageObject","inLanguage":"tr","@id":"https:\/\/nhkmachineryparts.com\/product\/341-adjustable-feet-in-sealed-hygienic-design-shaf-with-floor-lock-holes\/#primaryimage","url":"https:\/\/nhkmachineryparts.com\/wp-content\/uploads\/2022\/09\/Sealed-hygienic-adjustable-feet-SHAF-with-floor-lock-holes-and-spindle-with-protecting-sleeve.jpg","contentUrl":"https:\/\/nhkmachineryparts.com\/wp-content\/uploads\/2022\/09\/Sealed-hygienic-adjustable-feet-SHAF-with-floor-lock-holes-and-spindle-with-protecting-sleeve.jpg","width":1000,"height":1000,"caption":"Sealed hygienic adjustable feet SHAF with floor lock holes and spindle with protecting sleeve"},{"@type":"BreadcrumbList","@id":"https:\/\/nhkmachineryparts.com\/product\/341-adjustable-feet-in-sealed-hygienic-design-shaf-with-floor-lock-holes\/#breadcrumb","itemListElement":[{"@type":"ListItem","position":1,"name":"Home","item":"https:\/\/nhkmachineryparts.com\/"},{"@type":"ListItem","position":2,"name":"Product line","item":"https:\/\/nhkmachineryparts.com\/product-line\/"},{"@type":"ListItem","position":3,"name":"Certified EHEDG standard components","item":"https:\/\/nhkmachineryparts.com\/product-line\/ehedg-certified-3a-ssi-standard-components\/"},{"@type":"ListItem","position":4,"name":"EHEDG-certified adjustable feet with floor lock holes"}]},{"@type":"WebSite","@id":"https:\/\/nhkmachineryparts.com\/#website","url":"https:\/\/nhkmachineryparts.com\/","name":"NHK Makine Par\u00e7alar\u0131","description":"Rulman Yataklar\u0131, sismik tesviye ayaklar\u0131 ve tesviye tekerlekleri","publisher":{"@id":"https:\/\/nhkmachineryparts.com\/#organization"},"potentialAction":[{"@type":"SearchAction","target":{"@type":"EntryPoint","urlTemplate":"https:\/\/nhkmachineryparts.com\/?s={search_term_string}"},"query-input":{"@type":"PropertyValueSpecification","valueRequired":true,"valueName":"search_term_string"}}],"inLanguage":"tr"},{"@type":"Organization","@id":"https:\/\/nhkmachineryparts.com\/#organization","name":"NHK Grup ApS","url":"https:\/\/nhkmachineryparts.com\/","logo":{"@type":"ImageObject","inLanguage":"tr","@id":"https:\/\/nhkmachineryparts.com\/#\/schema\/logo\/image\/","url":"https:\/\/nhkmachineryparts.com\/wp-content\/uploads\/2022\/09\/NHKgroup_social.jpg","contentUrl":"https:\/\/nhkmachineryparts.com\/wp-content\/uploads\/2022\/09\/NHKgroup_social.jpg","width":1200,"height":630,"caption":"Nhk Group ApS"},"image":{"@id":"https:\/\/nhkmachineryparts.com\/#\/schema\/logo\/image\/"},"sameAs":["https:\/\/www.facebook.com\/NHK.Group.aps"]}]}},"_links":{"self":[{"href":"https:\/\/nhkmachineryparts.com\/tr\/wp-json\/wp\/v2\/product\/1958","targetHints":{"allow":["GET"]}}],"collection":[{"href":"https:\/\/nhkmachineryparts.com\/tr\/wp-json\/wp\/v2\/product"}],"about":[{"href":"https:\/\/nhkmachineryparts.com\/tr\/wp-json\/wp\/v2\/types\/product"}],"wp:featuredmedia":[{"embeddable":true,"href":"https:\/\/nhkmachineryparts.com\/tr\/wp-json\/wp\/v2\/media\/8518"}],"wp:attachment":[{"href":"https:\/\/nhkmachineryparts.com\/tr\/wp-json\/wp\/v2\/media?parent=1958"}],"wp:term":[{"taxonomy":"product_brand","embeddable":true,"href":"https:\/\/nhkmachineryparts.com\/tr\/wp-json\/wp\/v2\/product_brand?post=1958"},{"taxonomy":"product_cat","embeddable":true,"href":"https:\/\/nhkmachineryparts.com\/tr\/wp-json\/wp\/v2\/product_cat?post=1958"},{"taxonomy":"product_tag","embeddable":true,"href":"https:\/\/nhkmachineryparts.com\/tr\/wp-json\/wp\/v2\/product_tag?post=1958"}],"curies":[{"name":"wp","href":"https:\/\/api.w.org\/{rel}","templated":true}]}}