{"id":1856,"date":"2022-09-26T10:34:21","date_gmt":"2022-09-26T10:34:21","guid":{"rendered":"https:\/\/nhkmachineryparts.pawsfabrik.dk\/?post_type=product&#038;p=1856"},"modified":"2025-02-15T19:10:40","modified_gmt":"2025-02-15T17:10:40","slug":"229-termo-plastik-unite-acik-kapak","status":"publish","type":"product","link":"https:\/\/nhkmachineryparts.com\/tr\/product\/229-thermo-plastic-unit-open-cover\/","title":{"rendered":"Termo plastik yatak \u00fcnitesi a\u00e7\u0131k kapa\u011f\u0131"},"content":{"rendered":"<section class=\"vc_row vc_custom_1662993827263 liquid-row-shadowbox-69d3dd4be493f vc_column-gap-0\"><div class=\"ld-container container\"><div class=\"row ld-row ld-row-outer\"><div class=\"wpb_column vc_column_container vc_col-sm-12 liquid-column-69d3dd4be4b2e\"><div class=\"vc_column-inner\" ><div class=\"wpb_wrapper\"  >\n\t<div class=\"wpb_text_column wpb_content_element\" >\n\t\t<div class=\"wpb_wrapper\">\n\t\t\t<h2>Dayan\u0131kl\u0131l\u0131\u011f\u0131 ve verimlili\u011fi art\u0131r\u0131n<\/h2>\n<ul>\n<li>Termoplastik muhafazalar Siyah, Beyaz veya Mavi renktedir<\/li>\n<li>Kapak malzemesi: Polipropilen<\/li>\n<li>Ya\u011f ke\u00e7esi malzemesi: NBR Kau\u00e7uk<\/li>\n<li>Ya\u011f ke\u00e7esi TC (\u00c7ift dudakl\u0131)<\/li>\n<li>Paslanmaz \u00e7elik yayl\u0131 ya\u011f ke\u00e7esi<\/li>\n<\/ul>\n<h2>Mevcut boyutlar<\/h2>\n<div class=\"dcf-overflow-x-auto\" tabindex=\"0\">\n<table class=\"dcf-table dcf-table-bordered dcf-w-100%\">\n<thead>\n<tr>\n<th scope=\"col\">Mil \u00c7ap\u0131<\/th>\n<th scope=\"col\">Katalog No.<\/th>\n<\/tr>\n<\/thead>\n<tbody>\n<tr>\n<td data-label=\"Shaft Diameter\">\u00d820mm<\/td>\n<td data-label=\"Catalog No.\">\u00d6\u0130 204<\/td>\n<\/tr>\n<tr>\n<td data-label=\"Shaft Diameter\">\u00d825mm<\/td>\n<td data-label=\"Catalog No.\">OK 205<\/td>\n<\/tr>\n<tr>\n<td data-label=\"Shaft Diameter\">\u00d830mm<\/td>\n<td data-label=\"Catalog No.\">\u00d6\u0130 206<\/td>\n<\/tr>\n<tr>\n<td data-label=\"Shaft Diameter\">\u00d835mm<\/td>\n<td data-label=\"Catalog No.\">\u00d6\u0130 207<\/td>\n<\/tr>\n<tr>\n<td data-label=\"Shaft Diameter\">\u00d840mm<\/td>\n<td data-label=\"Catalog No.\">\u00d6\u0130 208<\/td>\n<\/tr>\n<tr>\n<td data-label=\"Shaft Diameter\">\u00d845mm<\/td>\n<td data-label=\"Catalog No.\">OK 209<\/td>\n<\/tr>\n<tr>\n<td data-label=\"Shaft Diameter\">\u00d850mm<\/td>\n<td data-label=\"Catalog No.\">OK 210<\/td>\n<\/tr>\n<tr>\n<td data-label=\"Shaft Diameter\">\u00d855mm<\/td>\n<td data-label=\"Catalog No.\">\u00d6\u0130 211<\/td>\n<\/tr>\n<tr>\n<td data-label=\"Shaft Diameter\">\u00d860mm<\/td>\n<td data-label=\"Catalog No.\">\u00d6\u0130 212<\/td>\n<\/tr>\n<\/tbody>\n<\/table>\n<\/div>\n<h2 data-start=\"0\" data-end=\"96\"><strong data-start=\"4\" data-end=\"96\">A\u00e7\u0131k Kapakl\u0131 IP54 Kompozit Muhafazal\u0131 Rulman \u00dcniteleri<\/strong><\/h2>\n<h3 data-start=\"0\" data-end=\"96\"><strong data-start=\"4\" data-end=\"96\">Dayan\u0131kl\u0131 ve Verimli \u00c7\u00f6z\u00fcmler<\/strong><\/h3>\n<p data-start=\"98\" data-end=\"546\">Rulman \u00fcniteleri \u00e7e\u015fitli end\u00fcstriyel uygulamalarda \u00f6nemli bir rol oynar ve sorunsuz ve verimli operasyonlar sa\u011flar. Mevcut farkl\u0131 tipler aras\u0131nda, <strong data-start=\"247\" data-end=\"304\">A\u00e7\u0131k kapakl\u0131 IP54 kompozit g\u00f6vdeli rulman \u00fcniteleri<\/strong> \u00f6ne \u00e7\u0131kmak <strong data-start=\"328\" data-end=\"379\">dayan\u0131kl\u0131l\u0131k, \u00e7ok y\u00f6nl\u00fcl\u00fck ve maliyet etkinli\u011fi<\/strong>Bu \u00fcniteler toza ve s\u0131n\u0131rl\u0131 su maruziyetine kar\u015f\u0131 m\u00fckemmel koruma sa\u011flar ve bunlar\u0131 a\u015fa\u011f\u0131dakiler i\u00e7in ideal hale getirir: <a href=\"https:\/\/nhkmachineryparts.com\/tr\/our-industries\/\" data-internallinksmanager029f6b8e52c=\"4\" title=\"End\u00fcstrilerimiz\">end\u00fcstriler<\/a> gerektiren <strong data-start=\"507\" data-end=\"545\">g\u00fcvenilir ancak hafif \u00e7\u00f6z\u00fcmler<\/strong>.<\/p>\n<h3 data-start=\"548\" data-end=\"606\"><strong data-start=\"552\" data-end=\"606\">IP54 Kompozit Muhafaza Rulman \u00dcnitelerinin Avantajlar\u0131<\/strong><\/h3>\n<ol data-start=\"607\" data-end=\"1288\">\n<li data-start=\"607\" data-end=\"774\"><strong data-start=\"610\" data-end=\"633\">Geli\u015fmi\u015f Koruma<\/strong> \u2013 <strong data-start=\"640\" data-end=\"672\">IP54 dereceli kompozit g\u00f6vde<\/strong> Toza ve s\u0131\u00e7rayan suya kar\u015f\u0131 dayan\u0131kl\u0131l\u0131k sa\u011flayarak zorlu ortamlarda uzun \u00f6m\u00fcrl\u00fc olmas\u0131n\u0131 sa\u011flar.<\/li>\n<li data-start=\"775\" data-end=\"942\"><strong data-start=\"778\" data-end=\"817\">Hafif ve Korozyona Dayan\u0131kl\u0131<\/strong> \u2013 Geleneksel metal muhafazalar\u0131n aksine, kompozit malzemeler <strong data-start=\"879\" data-end=\"941\">Hafif, korozyona dayan\u0131kl\u0131 ve bak\u0131m\u0131 kolay<\/strong>.<\/li>\n<li data-start=\"943\" data-end=\"1107\"><strong data-start=\"946\" data-end=\"966\">Y\u00fcksek Performans<\/strong> \u2013 <strong data-start=\"973\" data-end=\"994\">a\u00e7\u0131k kapak tasar\u0131m\u0131<\/strong> daha iyi hava ak\u0131\u015f\u0131na izin verir, a\u015f\u0131r\u0131 \u0131s\u0131nmay\u0131 \u00f6nler ve genel performans\u0131 iyile\u015ftirir <strong data-start=\"1082\" data-end=\"1106\">dinamik uygulamalar<\/strong>.<\/li>\n<li data-start=\"1108\" data-end=\"1288\"><strong data-start=\"1111\" data-end=\"1138\">Maliyet Etkin \u00c7\u00f6z\u00fcm<\/strong> - Nazaran <strong data-start=\"1153\" data-end=\"1185\">paslanmaz \u00e7elik alternatifleri<\/strong>, kompozit muhafazal\u0131 rulman \u00fcniteleri, <strong data-start=\"1227\" data-end=\"1245\">maliyet etkin<\/strong> Dayan\u0131kl\u0131l\u0131ktan \u00f6d\u00fcn vermeden bir se\u00e7enek.<\/li>\n<\/ol>\n<h3 data-start=\"1290\" data-end=\"1332\"><strong data-start=\"1294\" data-end=\"1332\">\u00c7e\u015fitli End\u00fcstrilerdeki Uygulamalar<\/strong><\/h3>\n<ul data-start=\"1333\" data-end=\"1699\">\n<li data-start=\"1333\" data-end=\"1438\"><strong data-start=\"1335\" data-end=\"1367\">G\u0131da ve \u0130\u00e7ecek \u0130\u015fleme<\/strong> \u2013 Nem dayan\u0131kl\u0131l\u0131\u011f\u0131n\u0131n gerekli oldu\u011fu konvey\u00f6r sistemleri i\u00e7in idealdir.<\/li>\n<li data-start=\"1439\" data-end=\"1528\"><strong data-start=\"1441\" data-end=\"1468\">\u0130la\u00e7 end\u00fcstrisi<\/strong> \u2013 Kolay temizlenebilir y\u00fczeyleri ile hijyen uyumlulu\u011funu sa\u011flar.<\/li>\n<li data-start=\"1529\" data-end=\"1607\"><strong data-start=\"1531\" data-end=\"1553\">Ambalaj Sanayi<\/strong> \u2013 Otomasyon ve malzeme ta\u015f\u0131ma sistemlerinde kullan\u0131l\u0131r.<\/li>\n<li data-start=\"1608\" data-end=\"1699\"><strong data-start=\"1610\" data-end=\"1642\">Tar\u0131m ve Bah\u00e7ecilik<\/strong> \u2013 \u0130\u015fleme tesislerinde toz ve kire kar\u015f\u0131 koruma sa\u011flar.<\/li>\n<\/ul>\n<h2 data-start=\"1701\" data-end=\"1719\"><strong data-start=\"1705\" data-end=\"1719\">Dayan\u0131kl\u0131l\u0131k, performans ve maliyet etkinli\u011fi<\/strong><\/h2>\n<p data-start=\"1720\" data-end=\"2052\">A\u00e7\u0131k kapakl\u0131 IP54 kompozit g\u00f6vdeli rulman \u00fcniteleri \u015funlar\u0131 sa\u011flar: <strong data-start=\"1782\" data-end=\"1836\">sa\u011flam, hafif ve uygun maliyetli bir \u00e7\u00f6z\u00fcm<\/strong> arayan end\u00fcstriler i\u00e7in <strong data-start=\"1860\" data-end=\"1896\">g\u00fcvenilir ve dayan\u0131kl\u0131 performans<\/strong>. Onlar\u0131n <strong data-start=\"1904\" data-end=\"1988\">korozyon direnci, geli\u015fmi\u015f hava ak\u0131\u015f\u0131 ve toz ve neme kar\u015f\u0131 koruma<\/strong> onlar\u0131 bir yap <strong data-start=\"2001\" data-end=\"2024\">de\u011ferli yat\u0131r\u0131m<\/strong> \u00c7e\u015fitli uygulamalar i\u00e7in.<\/p>\n<h2>Termo plastik \u00fcnite a\u00e7\u0131k kapak \/ a\u00e7\u0131k kapak (OC)<\/h2>\n<p><a href=\"https:\/\/nhkmachineryparts.com\/tr\/urun\/223-yastik-blok-unitesi-ppl\/\">Yast\u0131k blok PPL bilyal\u0131 rulman \u00fcnitesi<\/a><br \/>\n<a href=\"https:\/\/nhkmachineryparts.com\/tr\/urun\/222-kare-4-civata-flans-unite-fpl\/\">Kare 4 c\u0131vatal\u0131 flan\u015fl\u0131 FPL bilyal\u0131 rulman \u00fcnitesi<\/a><br \/>\n<a href=\"https:\/\/nhkmachineryparts.com\/tr\/urun\/224-oval-2-civatali-flans-uniteli-flpl\/\">Oval 2 c\u0131vatal\u0131 flan\u015f FLPL bilyal\u0131 rulman \u00fcnitesi<\/a><br \/>\n<a href=\"https:\/\/nhkmachineryparts.com\/tr\/urun\/225-kilavuzlu-taban-yastik-blok-unite-papl\/\">K\u0131lavuzlu taban yast\u0131k blo\u011fu PAPL bilyal\u0131 rulman \u00fcnitesi<\/a><br \/>\n<a href=\"https:\/\/nhkmachineryparts.com\/tr\/urun\/226-flans-unitesi-3-civata-tek-tarafli-fbpl\/\">3 c\u0131vatal\u0131 tek tarafl\u0131 flan\u015f FBPL bilyal\u0131 rulman \u00fcnitesi<\/a><br \/>\n<a href=\"https:\/\/nhkmachineryparts.com\/tr\/urun\/292-kartus-4-civatali-flans-unite-fcpl\/\">Kartu\u015f 4 C\u0131vata Flan\u015f \u00dcnitesi FCPL<\/a><br \/>\n<a href=\"https:\/\/nhkmachineryparts.com\/tr\/urun\/227-aski-unitesi-hppl\/\">Mavi Ask\u0131 HPPL bilyal\u0131 rulman \u00fcnitesi<\/a><br \/>\n<a href=\"https:\/\/nhkmachineryparts.com\/tr\/urun\/228-geri-alma-unitesi-tpl\/\">Mavi Sarma TPL bilyal\u0131 rulman \u00fcnitesi<\/a><\/p>\n\n\t\t<\/div>\n\t<\/div>\n<\/div><\/div><\/div><\/div><\/div><\/section>","protected":false},"excerpt":{"rendered":"Enhance durability and efficiency Thermoplastic housings cover in Black, White or Blue Cover material: Polypropylene Oil seal material: NBR Rubber Oil seal TC (Double lip) Oil seal with stainless steel spring Available sizes Shaft Diameter Catalog No. \u00d820 mm OC 204 \u00d825 mm OC 205 \u00d830 mm OC 206 \u00d835 mm OC 207 \u00d840 mm [...]","protected":false},"featured_media":11569,"template":"","meta":[],"product_brand":[],"product_cat":[52],"product_tag":[],"class_list":{"0":"post-1856","1":"product","2":"type-product","3":"status-publish","4":"has-post-thumbnail","6":"product_cat-bearing-units-in-ip54-thermo-plastic-housing","8":"first","9":"instock","10":"shipping-taxable","11":"product-type-simple"},"yoast_head":"<!-- This site is optimized with the Yoast SEO plugin v27.3 - https:\/\/yoast.com\/product\/yoast-seo-wordpress\/ -->\n<title>Thermo plastic bearing unit open cover | Durability and Efficiency | NHK Machinery Parts<\/title>\n<meta name=\"description\" content=\"The open cover for thermo plastic bearing unit is suitable for the food industry and other demanding environments, due to the hygienic design\" \/>\n<meta name=\"robots\" content=\"index, follow, max-snippet:-1, max-image-preview:large, max-video-preview:-1\" \/>\n<link rel=\"canonical\" href=\"https:\/\/nhkmachineryparts.com\/tr\/urun\/229-termo-plastik-unite-acik-kapak\/\" \/>\n<meta property=\"og:locale\" content=\"tr_TR\" \/>\n<meta property=\"og:type\" content=\"article\" \/>\n<meta property=\"og:title\" content=\"Thermo plastic bearing unit open cover | Durability and Efficiency | NHK Machinery Parts\" \/>\n<meta property=\"og:description\" content=\"The open cover for thermo plastic bearing unit is suitable for the food industry and other demanding environments, due to the hygienic design\" \/>\n<meta property=\"og:url\" content=\"https:\/\/nhkmachineryparts.com\/tr\/urun\/229-termo-plastik-unite-acik-kapak\/\" \/>\n<meta property=\"og:site_name\" content=\"NHK Machinery Parts\" \/>\n<meta property=\"article:publisher\" content=\"https:\/\/www.facebook.com\/NHK.Group.aps\" \/>\n<meta property=\"article:modified_time\" content=\"2025-02-15T17:10:40+00:00\" \/>\n<meta property=\"og:image\" content=\"https:\/\/nhkmachineryparts.com\/wp-content\/uploads\/2022\/09\/Blue-cover-for-bearing-units-1.jpg\" \/>\n\t<meta property=\"og:image:width\" content=\"1000\" \/>\n\t<meta property=\"og:image:height\" content=\"1000\" \/>\n\t<meta property=\"og:image:type\" content=\"image\/jpeg\" \/>\n<meta name=\"twitter:card\" content=\"summary_large_image\" \/>\n<meta name=\"twitter:label1\" content=\"Tahmini okuma s\u00fcresi\" \/>\n\t<meta name=\"twitter:data1\" content=\"2 dakika\" \/>\n<script type=\"application\/ld+json\" class=\"yoast-schema-graph\">{\"@context\":\"https:\\\/\\\/schema.org\",\"@graph\":[{\"@type\":\"WebPage\",\"@id\":\"https:\\\/\\\/nhkmachineryparts.com\\\/product\\\/229-thermo-plastic-unit-open-cover\\\/\",\"url\":\"https:\\\/\\\/nhkmachineryparts.com\\\/product\\\/229-thermo-plastic-unit-open-cover\\\/\",\"name\":\"Thermo plastic bearing unit open cover | Durability and Efficiency | NHK Machinery Parts\",\"isPartOf\":{\"@id\":\"https:\\\/\\\/nhkmachineryparts.com\\\/#website\"},\"primaryImageOfPage\":{\"@id\":\"https:\\\/\\\/nhkmachineryparts.com\\\/product\\\/229-thermo-plastic-unit-open-cover\\\/#primaryimage\"},\"image\":{\"@id\":\"https:\\\/\\\/nhkmachineryparts.com\\\/product\\\/229-thermo-plastic-unit-open-cover\\\/#primaryimage\"},\"thumbnailUrl\":\"https:\\\/\\\/nhkmachineryparts.com\\\/wp-content\\\/uploads\\\/2022\\\/09\\\/Blue-cover-for-bearing-units-1.jpg\",\"datePublished\":\"2022-09-26T10:34:21+00:00\",\"dateModified\":\"2025-02-15T17:10:40+00:00\",\"description\":\"The open cover for thermo plastic bearing unit is suitable for the food industry and other demanding environments, due to the hygienic design\",\"breadcrumb\":{\"@id\":\"https:\\\/\\\/nhkmachineryparts.com\\\/product\\\/229-thermo-plastic-unit-open-cover\\\/#breadcrumb\"},\"inLanguage\":\"tr\",\"potentialAction\":[{\"@type\":\"ReadAction\",\"target\":[\"https:\\\/\\\/nhkmachineryparts.com\\\/product\\\/229-thermo-plastic-unit-open-cover\\\/\"]}]},{\"@type\":\"ImageObject\",\"inLanguage\":\"tr\",\"@id\":\"https:\\\/\\\/nhkmachineryparts.com\\\/product\\\/229-thermo-plastic-unit-open-cover\\\/#primaryimage\",\"url\":\"https:\\\/\\\/nhkmachineryparts.com\\\/wp-content\\\/uploads\\\/2022\\\/09\\\/Blue-cover-for-bearing-units-1.jpg\",\"contentUrl\":\"https:\\\/\\\/nhkmachineryparts.com\\\/wp-content\\\/uploads\\\/2022\\\/09\\\/Blue-cover-for-bearing-units-1.jpg\",\"width\":1000,\"height\":1000,\"caption\":\"Blue cover for bearing units\"},{\"@type\":\"BreadcrumbList\",\"@id\":\"https:\\\/\\\/nhkmachineryparts.com\\\/product\\\/229-thermo-plastic-unit-open-cover\\\/#breadcrumb\",\"itemListElement\":[{\"@type\":\"ListItem\",\"position\":1,\"name\":\"Home\",\"item\":\"https:\\\/\\\/nhkmachineryparts.com\\\/\"},{\"@type\":\"ListItem\",\"position\":2,\"name\":\"Product line\",\"item\":\"https:\\\/\\\/nhkmachineryparts.com\\\/product-line\\\/\"},{\"@type\":\"ListItem\",\"position\":3,\"name\":\"Bearing units in IP54\u00a0composite housing\",\"item\":\"https:\\\/\\\/nhkmachineryparts.com\\\/product-line\\\/bearing-units-in-ip54-thermo-plastic-housing\\\/\"},{\"@type\":\"ListItem\",\"position\":4,\"name\":\"Thermo plastic bearing unit open cover\"}]},{\"@type\":\"WebSite\",\"@id\":\"https:\\\/\\\/nhkmachineryparts.com\\\/#website\",\"url\":\"https:\\\/\\\/nhkmachineryparts.com\\\/\",\"name\":\"NHK Machinery Parts\",\"description\":\"Bearing Houses, seismic levelling feet and levelling castors\",\"publisher\":{\"@id\":\"https:\\\/\\\/nhkmachineryparts.com\\\/#organization\"},\"potentialAction\":[{\"@type\":\"SearchAction\",\"target\":{\"@type\":\"EntryPoint\",\"urlTemplate\":\"https:\\\/\\\/nhkmachineryparts.com\\\/?s={search_term_string}\"},\"query-input\":{\"@type\":\"PropertyValueSpecification\",\"valueRequired\":true,\"valueName\":\"search_term_string\"}}],\"inLanguage\":\"tr\"},{\"@type\":\"Organization\",\"@id\":\"https:\\\/\\\/nhkmachineryparts.com\\\/#organization\",\"name\":\"Nhk Group ApS\",\"url\":\"https:\\\/\\\/nhkmachineryparts.com\\\/\",\"logo\":{\"@type\":\"ImageObject\",\"inLanguage\":\"tr\",\"@id\":\"https:\\\/\\\/nhkmachineryparts.com\\\/#\\\/schema\\\/logo\\\/image\\\/\",\"url\":\"https:\\\/\\\/nhkmachineryparts.com\\\/wp-content\\\/uploads\\\/2022\\\/09\\\/NHKgroup_social.jpg\",\"contentUrl\":\"https:\\\/\\\/nhkmachineryparts.com\\\/wp-content\\\/uploads\\\/2022\\\/09\\\/NHKgroup_social.jpg\",\"width\":1200,\"height\":630,\"caption\":\"Nhk Group ApS\"},\"image\":{\"@id\":\"https:\\\/\\\/nhkmachineryparts.com\\\/#\\\/schema\\\/logo\\\/image\\\/\"},\"sameAs\":[\"https:\\\/\\\/www.facebook.com\\\/NHK.Group.aps\"]}]}<\/script>\n<!-- \/ Yoast SEO plugin. -->","yoast_head_json":{"title":"Termo plastik rulman \u00fcnitesi a\u00e7\u0131k kapak | Dayan\u0131kl\u0131l\u0131k ve Verimlilik | NHK Makine Par\u00e7alar\u0131","description":"Termoplastik yatak \u00fcnitesinin a\u00e7\u0131k kapa\u011f\u0131, hijyenik tasar\u0131m\u0131 sayesinde g\u0131da end\u00fcstrisi ve di\u011fer zorlu ortamlar i\u00e7in uygundur.","robots":{"index":"index","follow":"follow","max-snippet":"max-snippet:-1","max-image-preview":"max-image-preview:large","max-video-preview":"max-video-preview:-1"},"canonical":"https:\/\/nhkmachineryparts.com\/tr\/urun\/229-termo-plastik-unite-acik-kapak\/","og_locale":"tr_TR","og_type":"article","og_title":"Thermo plastic bearing unit open cover | Durability and Efficiency | NHK Machinery Parts","og_description":"The open cover for thermo plastic bearing unit is suitable for the food industry and other demanding environments, due to the hygienic design","og_url":"https:\/\/nhkmachineryparts.com\/tr\/urun\/229-termo-plastik-unite-acik-kapak\/","og_site_name":"NHK Machinery Parts","article_publisher":"https:\/\/www.facebook.com\/NHK.Group.aps","article_modified_time":"2025-02-15T17:10:40+00:00","og_image":[{"width":1000,"height":1000,"url":"https:\/\/nhkmachineryparts.com\/wp-content\/uploads\/2022\/09\/Blue-cover-for-bearing-units-1.jpg","type":"image\/jpeg"}],"twitter_card":"summary_large_image","twitter_misc":{"Tahmini okuma s\u00fcresi":"2 dakika"},"schema":{"@context":"https:\/\/schema.org","@graph":[{"@type":"WebPage","@id":"https:\/\/nhkmachineryparts.com\/product\/229-thermo-plastic-unit-open-cover\/","url":"https:\/\/nhkmachineryparts.com\/product\/229-thermo-plastic-unit-open-cover\/","name":"Termo plastik rulman \u00fcnitesi a\u00e7\u0131k kapak | Dayan\u0131kl\u0131l\u0131k ve Verimlilik | NHK Makine Par\u00e7alar\u0131","isPartOf":{"@id":"https:\/\/nhkmachineryparts.com\/#website"},"primaryImageOfPage":{"@id":"https:\/\/nhkmachineryparts.com\/product\/229-thermo-plastic-unit-open-cover\/#primaryimage"},"image":{"@id":"https:\/\/nhkmachineryparts.com\/product\/229-thermo-plastic-unit-open-cover\/#primaryimage"},"thumbnailUrl":"https:\/\/nhkmachineryparts.com\/wp-content\/uploads\/2022\/09\/Blue-cover-for-bearing-units-1.jpg","datePublished":"2022-09-26T10:34:21+00:00","dateModified":"2025-02-15T17:10:40+00:00","description":"Termoplastik yatak \u00fcnitesinin a\u00e7\u0131k kapa\u011f\u0131, hijyenik tasar\u0131m\u0131 sayesinde g\u0131da end\u00fcstrisi ve di\u011fer zorlu ortamlar i\u00e7in uygundur.","breadcrumb":{"@id":"https:\/\/nhkmachineryparts.com\/product\/229-thermo-plastic-unit-open-cover\/#breadcrumb"},"inLanguage":"tr","potentialAction":[{"@type":"ReadAction","target":["https:\/\/nhkmachineryparts.com\/product\/229-thermo-plastic-unit-open-cover\/"]}]},{"@type":"ImageObject","inLanguage":"tr","@id":"https:\/\/nhkmachineryparts.com\/product\/229-thermo-plastic-unit-open-cover\/#primaryimage","url":"https:\/\/nhkmachineryparts.com\/wp-content\/uploads\/2022\/09\/Blue-cover-for-bearing-units-1.jpg","contentUrl":"https:\/\/nhkmachineryparts.com\/wp-content\/uploads\/2022\/09\/Blue-cover-for-bearing-units-1.jpg","width":1000,"height":1000,"caption":"Blue cover for bearing units"},{"@type":"BreadcrumbList","@id":"https:\/\/nhkmachineryparts.com\/product\/229-thermo-plastic-unit-open-cover\/#breadcrumb","itemListElement":[{"@type":"ListItem","position":1,"name":"Home","item":"https:\/\/nhkmachineryparts.com\/"},{"@type":"ListItem","position":2,"name":"Product line","item":"https:\/\/nhkmachineryparts.com\/product-line\/"},{"@type":"ListItem","position":3,"name":"Bearing units in IP54\u00a0composite housing","item":"https:\/\/nhkmachineryparts.com\/product-line\/bearing-units-in-ip54-thermo-plastic-housing\/"},{"@type":"ListItem","position":4,"name":"Thermo plastic bearing unit open cover"}]},{"@type":"WebSite","@id":"https:\/\/nhkmachineryparts.com\/#website","url":"https:\/\/nhkmachineryparts.com\/","name":"NHK Makine Par\u00e7alar\u0131","description":"Rulman Yataklar\u0131, sismik tesviye ayaklar\u0131 ve tesviye tekerlekleri","publisher":{"@id":"https:\/\/nhkmachineryparts.com\/#organization"},"potentialAction":[{"@type":"SearchAction","target":{"@type":"EntryPoint","urlTemplate":"https:\/\/nhkmachineryparts.com\/?s={search_term_string}"},"query-input":{"@type":"PropertyValueSpecification","valueRequired":true,"valueName":"search_term_string"}}],"inLanguage":"tr"},{"@type":"Organization","@id":"https:\/\/nhkmachineryparts.com\/#organization","name":"NHK Grup ApS","url":"https:\/\/nhkmachineryparts.com\/","logo":{"@type":"ImageObject","inLanguage":"tr","@id":"https:\/\/nhkmachineryparts.com\/#\/schema\/logo\/image\/","url":"https:\/\/nhkmachineryparts.com\/wp-content\/uploads\/2022\/09\/NHKgroup_social.jpg","contentUrl":"https:\/\/nhkmachineryparts.com\/wp-content\/uploads\/2022\/09\/NHKgroup_social.jpg","width":1200,"height":630,"caption":"Nhk Group ApS"},"image":{"@id":"https:\/\/nhkmachineryparts.com\/#\/schema\/logo\/image\/"},"sameAs":["https:\/\/www.facebook.com\/NHK.Group.aps"]}]}},"_links":{"self":[{"href":"https:\/\/nhkmachineryparts.com\/tr\/wp-json\/wp\/v2\/product\/1856","targetHints":{"allow":["GET"]}}],"collection":[{"href":"https:\/\/nhkmachineryparts.com\/tr\/wp-json\/wp\/v2\/product"}],"about":[{"href":"https:\/\/nhkmachineryparts.com\/tr\/wp-json\/wp\/v2\/types\/product"}],"wp:featuredmedia":[{"embeddable":true,"href":"https:\/\/nhkmachineryparts.com\/tr\/wp-json\/wp\/v2\/media\/11569"}],"wp:attachment":[{"href":"https:\/\/nhkmachineryparts.com\/tr\/wp-json\/wp\/v2\/media?parent=1856"}],"wp:term":[{"taxonomy":"product_brand","embeddable":true,"href":"https:\/\/nhkmachineryparts.com\/tr\/wp-json\/wp\/v2\/product_brand?post=1856"},{"taxonomy":"product_cat","embeddable":true,"href":"https:\/\/nhkmachineryparts.com\/tr\/wp-json\/wp\/v2\/product_cat?post=1856"},{"taxonomy":"product_tag","embeddable":true,"href":"https:\/\/nhkmachineryparts.com\/tr\/wp-json\/wp\/v2\/product_tag?post=1856"}],"curies":[{"name":"wp","href":"https:\/\/api.w.org\/{rel}","templated":true}]}}