{"id":1832,"date":"2022-09-26T10:10:50","date_gmt":"2022-09-26T10:10:50","guid":{"rendered":"https:\/\/nhkmachineryparts.pawsfabrik.dk\/?post_type=product&#038;p=1832"},"modified":"2026-02-23T14:54:05","modified_gmt":"2026-02-23T12:54:05","slug":"230-termo-plastik-unite-kapali-kapak","status":"publish","type":"product","link":"https:\/\/nhkmachineryparts.com\/tr\/product\/230-thermo-plastic-unit-closed-cover\/","title":{"rendered":"Termo plastik yataklama \u00fcnitesi kapal\u0131 kapak"},"content":{"rendered":"<section class=\"vc_row vc_custom_1662993827263 liquid-row-shadowbox-69d3f6fe03889 vc_column-gap-0\"><div class=\"ld-container container\"><div class=\"row ld-row ld-row-outer\"><div class=\"wpb_column vc_column_container vc_col-sm-12 liquid-column-69d3f6fe03a0d\"><div class=\"vc_column-inner\" ><div class=\"wpb_wrapper\"  >\n\t<div class=\"wpb_text_column wpb_content_element\" >\n\t\t<div class=\"wpb_wrapper\">\n\t\t\t<h2>Maksimum Koruma ve Performans<\/h2>\n<p>\u2013 Termoplastik muhafazalar Siyah, Beyaz veya Mavi renktedir<br \/>\n\u2013 Kapak malzemesi: Polipropilen<\/p>\n<h2>Mevcut boyutlar<\/h2>\n<div class=\"dcf-overflow-x-auto\" tabindex=\"0\">\n<table class=\"dcf-table dcf-table-bordered dcf-w-100%\">\n<thead>\n<tr>\n<th scope=\"col\">Mil \u00c7ap\u0131<\/th>\n<th scope=\"col\">Katalog No.<\/th>\n<\/tr>\n<\/thead>\n<tbody>\n<tr>\n<td data-label=\"Shaft Diameter\">\u00d820mm<\/td>\n<td data-label=\"Catalog No.\">CC 204<\/td>\n<\/tr>\n<tr>\n<td data-label=\"Shaft Diameter\">\u00d825mm<\/td>\n<td data-label=\"Catalog No.\">CC 205<\/td>\n<\/tr>\n<tr>\n<td data-label=\"Shaft Diameter\">\u00d830mm<\/td>\n<td data-label=\"Catalog No.\">CC 206<\/td>\n<\/tr>\n<tr>\n<td data-label=\"Shaft Diameter\">\u00d835mm<\/td>\n<td data-label=\"Catalog No.\">CC 207<\/td>\n<\/tr>\n<tr>\n<td data-label=\"Shaft Diameter\">\u00d840mm<\/td>\n<td data-label=\"Catalog No.\">CC 208<\/td>\n<\/tr>\n<tr>\n<td data-label=\"Shaft Diameter\">\u00d845mm<\/td>\n<td data-label=\"Catalog No.\">CC 209<\/td>\n<\/tr>\n<tr>\n<td data-label=\"Shaft Diameter\">\u00d850mm<\/td>\n<td data-label=\"Catalog No.\">CC 210<\/td>\n<\/tr>\n<tr>\n<td data-label=\"Shaft Diameter\">\u00d855mm<\/td>\n<td data-label=\"Catalog No.\">CC 211<\/td>\n<\/tr>\n<tr>\n<td data-label=\"Shaft Diameter\">\u00d860mm<\/td>\n<td data-label=\"Catalog No.\">CC 212<\/td>\n<\/tr>\n<\/tbody>\n<\/table>\n<\/div>\n<h2 data-start=\"0\" data-end=\"110\">Kapal\u0131 Kapakl\u0131 IP54 Kompozit G\u00f6vdeli Rulman \u00dcniteleri<\/h2>\n<h3 data-start=\"0\" data-end=\"110\">End\u00fcstriyel Uygulamalar i\u00e7in \u0130deal \u00c7\u00f6z\u00fcm<\/h3>\n<p data-start=\"112\" data-end=\"527\">Rulman \u00fcniteleri, end\u00fcstriyel ortamlarda sorunsuz ve verimli operasyonlar\u0131n sa\u011flanmas\u0131nda kritik bir rol oynar. <strong data-start=\"223\" data-end=\"281\">Kapal\u0131 kapakl\u0131 IP54 kompozit g\u00f6vdeli rulman \u00fcniteleri<\/strong> \u00e7e\u015fitli uygulamalarda geli\u015fmi\u015f koruma, dayan\u0131kl\u0131l\u0131k ve verimlilik sunar. Bu \u00fcniteler zorlu ko\u015fullara dayanacak \u015fekilde tasarlanm\u0131\u015ft\u0131r ve bu da onlar\u0131 g\u0131da i\u015fleme, ila\u00e7, paketleme ve genel \u00fcretim i\u00e7in ideal hale getirir <a href=\"https:\/\/nhkmachineryparts.com\/tr\/our-industries\/\" data-internallinksmanager029f6b8e52c=\"4\" title=\"End\u00fcstrilerimiz\">end\u00fcstriler<\/a>.<\/p>\n<h3 data-start=\"529\" data-end=\"591\"><strong data-start=\"533\" data-end=\"589\">IP54 Kompozit Muhafaza Rulman \u00dcnitelerinin Temel Avantajlar\u0131<\/strong><\/h3>\n<ol data-start=\"593\" data-end=\"1472\">\n<li data-start=\"593\" data-end=\"751\"><strong data-start=\"596\" data-end=\"620\">\u00dcst\u00fcn Koruma:<\/strong> IP54 s\u0131n\u0131f\u0131ndaki g\u00f6vde, toz giri\u015fine ve su s\u0131\u00e7ramalar\u0131na kar\u015f\u0131 koruma sa\u011flayarak rulman \u00f6mr\u00fcn\u00fc uzat\u0131r ve bak\u0131m ihtiyac\u0131n\u0131 azalt\u0131r.<\/li>\n<li data-start=\"752\" data-end=\"919\"><strong data-start=\"755\" data-end=\"785\">Dayan\u0131kl\u0131 Kompozit G\u00f6vde:<\/strong> Y\u00fcksek mukavemetli malzemelerden \u00fcretilen kompozit g\u00f6vdeler, korozyona, kimyasallara ve a\u015f\u0131r\u0131 s\u0131cakl\u0131klara kar\u015f\u0131 m\u00fckemmel diren\u00e7 sunar.<\/li>\n<li data-start=\"920\" data-end=\"1101\"><strong data-start=\"923\" data-end=\"947\">Kapal\u0131 Kapak Tasar\u0131m\u0131:<\/strong> Kapal\u0131 kapak, kirleticilerin i\u00e7eri girmesini \u00f6nleyerek erken ar\u0131za riskini azalt\u0131r ve hassas ortamlarda hijyenik bir \u00e7al\u0131\u015fma sa\u011flar.<\/li>\n<li data-start=\"1102\" data-end=\"1286\"><strong data-start=\"1105\" data-end=\"1142\">Hafif ve Darbeye Dayan\u0131kl\u0131:<\/strong> Geleneksel metal muhafazalarla kar\u015f\u0131la\u015ft\u0131r\u0131ld\u0131\u011f\u0131nda kompozit malzemeler daha hafiftir, \u00fcst\u00fcn mekanik mukavemet ve darbe direncini korur.<\/li>\n<li data-start=\"1287\" data-end=\"1472\"><strong data-start=\"1290\" data-end=\"1318\">Maliyet Etkin \u00c7\u00f6z\u00fcm:<\/strong> Daha uzun hizmet \u00f6mr\u00fc ve minimum bak\u0131m gereksinimi ile bu rulman \u00fcniteleri, geleneksel metal muhafazalara g\u00f6re uygun maliyetli bir alternatif sunmaktad\u0131r.<\/li>\n<\/ol>\n<h3 data-start=\"1474\" data-end=\"1518\"><strong data-start=\"1478\" data-end=\"1516\">\u00c7e\u015fitli End\u00fcstrilerdeki Uygulamalar<\/strong><\/h3>\n<ul data-start=\"1520\" data-end=\"1913\">\n<li data-start=\"1520\" data-end=\"1614\"><strong data-start=\"1522\" data-end=\"1555\">G\u0131da ve \u0130\u00e7ecek \u0130\u015fleme:<\/strong> Kontaminasyonu \u00f6nleyerek hijyenik operasyonlar\u0131 sa\u011flar.<\/li>\n<li data-start=\"1615\" data-end=\"1706\"><strong data-start=\"1617\" data-end=\"1645\">\u0130la\u00e7 Sanayi:<\/strong> Steriliteyi korur ve s\u0131k\u0131 end\u00fcstri d\u00fczenlemelerine uygundur.<\/li>\n<li data-start=\"1707\" data-end=\"1814\"><strong data-start=\"1709\" data-end=\"1743\">Paketleme ve Malzeme Ta\u015f\u0131ma:<\/strong> Y\u00fcksek h\u0131zl\u0131 uygulamalarda sorunsuz ve g\u00fcvenilir performans sa\u011flar.<\/li>\n<li data-start=\"1815\" data-end=\"1913\"><strong data-start=\"1817\" data-end=\"1846\">Tar\u0131m ve Otomasyon:<\/strong> Toz, nem ve de\u011fi\u015fen s\u0131cakl\u0131klara dayan\u0131kl\u0131d\u0131r.<\/li>\n<\/ul>\n<h2 data-start=\"1915\" data-end=\"1935\"><strong data-start=\"1919\" data-end=\"1933\">Dayan\u0131kl\u0131l\u0131\u011f\u0131 ve Verimlili\u011fi Art\u0131r\u0131n<\/strong><\/h2>\n<p data-start=\"1937\" data-end=\"2242\">Kapal\u0131 kapakl\u0131 IP54 kompozit muhafazal\u0131 rulman \u00fcniteleri, a\u015fa\u011f\u0131daki gereksinimleri olan end\u00fcstriler i\u00e7in m\u00fckemmel bir se\u00e7imdir: <strong data-start=\"2044\" data-end=\"2094\">dayan\u0131kl\u0131l\u0131k, hijyen ve uzun vadeli g\u00fcvenilirlik<\/strong>. Onlar\u0131n <strong data-start=\"2102\" data-end=\"2181\">kapal\u0131 tasar\u0131m, hafif yap\u0131 ve korozyona dayan\u0131kl\u0131 \u00f6zellikler<\/strong> onlar\u0131 modern end\u00fcstriyel uygulamalar\u0131n vazge\u00e7ilmezi haline getirir.<\/p>\n<div class=\"dcf-overflow-x-auto\" tabindex=\"0\">\n<h2>Termo plastik \u00fcnite kapal\u0131 kapak \/ kapal\u0131 kapak (CC)<\/h2>\n<p><a href=\"https:\/\/nhkmachineryparts.com\/tr\/urun\/223-yastik-blok-unitesi-ppl\/\">Yast\u0131k blok PPL bilyal\u0131 rulman \u00fcnitesi<\/a><br \/>\n<a href=\"https:\/\/nhkmachineryparts.com\/tr\/urun\/222-kare-4-civata-flans-unite-fpl\/\">Kare 4 c\u0131vatal\u0131 flan\u015fl\u0131 FPL bilyal\u0131 rulman \u00fcnitesi<\/a><br \/>\n<a href=\"https:\/\/nhkmachineryparts.com\/tr\/urun\/224-oval-2-civatali-flans-uniteli-flpl\/\">Oval 2 c\u0131vatal\u0131 flan\u015f FLPL bilyal\u0131 rulman \u00fcnitesi<\/a><br \/>\n<a href=\"https:\/\/nhkmachineryparts.com\/tr\/urun\/225-kilavuzlu-taban-yastik-blok-unite-papl\/\">K\u0131lavuzlu taban yast\u0131k blo\u011fu PAPL bilyal\u0131 rulman \u00fcnitesi<\/a><br \/>\n<a href=\"https:\/\/nhkmachineryparts.com\/tr\/urun\/226-flans-unitesi-3-civata-tek-tarafli-fbpl\/\">3 c\u0131vatal\u0131 tek tarafl\u0131 flan\u015f FBPL bilyal\u0131 rulman \u00fcnitesi<\/a><br \/>\n<a href=\"https:\/\/nhkmachineryparts.com\/tr\/urun\/292-kartus-4-civatali-flans-unite-fcpl\/\">Kartu\u015f 4 C\u0131vata Flan\u015f \u00dcnitesi FCPL<\/a><br \/>\n<a href=\"https:\/\/nhkmachineryparts.com\/tr\/urun\/227-aski-unitesi-hppl\/\">Mavi Ask\u0131 HPPL bilyal\u0131 rulman \u00fcnitesi<\/a><br \/>\n<a href=\"https:\/\/nhkmachineryparts.com\/tr\/urun\/228-geri-alma-unitesi-tpl\/\">Mavi Sarma TPL bilyal\u0131 rulman \u00fcnitesi<\/a><\/p>\n<\/div>\n\n\t\t<\/div>\n\t<\/div>\n<\/div><\/div><\/div><\/div><\/div><\/section>","protected":false},"excerpt":{"rendered":"Maximum Protection and Performance - Thermoplastic housings cover in Black, White or Blue - Cover material: Polypropylene Available sizes Shaft Diameter Catalog No. \u00d820 mm CC 204 \u00d825 mm CC 205 \u00d830 mm CC 206 \u00d835 mm CC 207 \u00d840 mm CC 208 \u00d845 mm CC 209 \u00d850 mm CC 210 \u00d855 mm CC 211 [...]","protected":false},"featured_media":9080,"template":"","meta":[],"product_brand":[],"product_cat":[52],"product_tag":[],"class_list":{"0":"post-1832","1":"product","2":"type-product","3":"status-publish","4":"has-post-thumbnail","6":"product_cat-bearing-units-in-ip54-thermo-plastic-housing","8":"first","9":"instock","10":"shipping-taxable","11":"product-type-simple"},"yoast_head":"<!-- This site is optimized with the Yoast SEO plugin v27.3 - https:\/\/yoast.com\/product\/yoast-seo-wordpress\/ -->\n<title>Thermo plastic bearing unit closed cover | Maximum Protection | NHK Machinery Parts<\/title>\n<meta name=\"description\" content=\"The closed cover for thermo plastic bearing unit is suitable for the food industry and other demanding environments, due to the hygienic design\" \/>\n<meta name=\"robots\" content=\"index, follow, max-snippet:-1, max-image-preview:large, max-video-preview:-1\" \/>\n<link rel=\"canonical\" href=\"https:\/\/nhkmachineryparts.com\/tr\/urun\/230-termo-plastik-unite-kapali-kapak\/\" \/>\n<meta property=\"og:locale\" content=\"tr_TR\" \/>\n<meta property=\"og:type\" content=\"article\" \/>\n<meta property=\"og:title\" content=\"Thermo plastic bearing unit closed cover | Maximum Protection | NHK Machinery Parts\" \/>\n<meta property=\"og:description\" content=\"The closed cover for thermo plastic bearing unit is suitable for the food industry and other demanding environments, due to the hygienic design\" \/>\n<meta property=\"og:url\" content=\"https:\/\/nhkmachineryparts.com\/tr\/urun\/230-termo-plastik-unite-kapali-kapak\/\" \/>\n<meta property=\"og:site_name\" content=\"NHK Machinery Parts\" \/>\n<meta property=\"article:publisher\" content=\"https:\/\/www.facebook.com\/NHK.Group.aps\" \/>\n<meta property=\"article:modified_time\" content=\"2026-02-23T12:54:05+00:00\" \/>\n<meta property=\"og:image\" content=\"https:\/\/nhkmachineryparts.com\/wp-content\/uploads\/2022\/09\/Closed-blue-cover-for-stainless-bearing-unit.jpg\" \/>\n\t<meta property=\"og:image:width\" content=\"1000\" \/>\n\t<meta property=\"og:image:height\" content=\"1000\" \/>\n\t<meta property=\"og:image:type\" content=\"image\/jpeg\" \/>\n<meta name=\"twitter:card\" content=\"summary_large_image\" \/>\n<meta name=\"twitter:label1\" content=\"Tahmini okuma s\u00fcresi\" \/>\n\t<meta name=\"twitter:data1\" content=\"2 dakika\" \/>\n<script type=\"application\/ld+json\" class=\"yoast-schema-graph\">{\"@context\":\"https:\\\/\\\/schema.org\",\"@graph\":[{\"@type\":\"WebPage\",\"@id\":\"https:\\\/\\\/nhkmachineryparts.com\\\/product\\\/230-thermo-plastic-unit-closed-cover\\\/\",\"url\":\"https:\\\/\\\/nhkmachineryparts.com\\\/product\\\/230-thermo-plastic-unit-closed-cover\\\/\",\"name\":\"Thermo plastic bearing unit closed cover | Maximum Protection | NHK Machinery Parts\",\"isPartOf\":{\"@id\":\"https:\\\/\\\/nhkmachineryparts.com\\\/#website\"},\"primaryImageOfPage\":{\"@id\":\"https:\\\/\\\/nhkmachineryparts.com\\\/product\\\/230-thermo-plastic-unit-closed-cover\\\/#primaryimage\"},\"image\":{\"@id\":\"https:\\\/\\\/nhkmachineryparts.com\\\/product\\\/230-thermo-plastic-unit-closed-cover\\\/#primaryimage\"},\"thumbnailUrl\":\"https:\\\/\\\/nhkmachineryparts.com\\\/wp-content\\\/uploads\\\/2022\\\/09\\\/Closed-blue-cover-for-stainless-bearing-unit.jpg\",\"datePublished\":\"2022-09-26T10:10:50+00:00\",\"dateModified\":\"2026-02-23T12:54:05+00:00\",\"description\":\"The closed cover for thermo plastic bearing unit is suitable for the food industry and other demanding environments, due to the hygienic design\",\"breadcrumb\":{\"@id\":\"https:\\\/\\\/nhkmachineryparts.com\\\/product\\\/230-thermo-plastic-unit-closed-cover\\\/#breadcrumb\"},\"inLanguage\":\"tr\",\"potentialAction\":[{\"@type\":\"ReadAction\",\"target\":[\"https:\\\/\\\/nhkmachineryparts.com\\\/product\\\/230-thermo-plastic-unit-closed-cover\\\/\"]}]},{\"@type\":\"ImageObject\",\"inLanguage\":\"tr\",\"@id\":\"https:\\\/\\\/nhkmachineryparts.com\\\/product\\\/230-thermo-plastic-unit-closed-cover\\\/#primaryimage\",\"url\":\"https:\\\/\\\/nhkmachineryparts.com\\\/wp-content\\\/uploads\\\/2022\\\/09\\\/Closed-blue-cover-for-stainless-bearing-unit.jpg\",\"contentUrl\":\"https:\\\/\\\/nhkmachineryparts.com\\\/wp-content\\\/uploads\\\/2022\\\/09\\\/Closed-blue-cover-for-stainless-bearing-unit.jpg\",\"width\":1000,\"height\":1000,\"caption\":\"Closed blue cover for stainless bearing unit\"},{\"@type\":\"BreadcrumbList\",\"@id\":\"https:\\\/\\\/nhkmachineryparts.com\\\/product\\\/230-thermo-plastic-unit-closed-cover\\\/#breadcrumb\",\"itemListElement\":[{\"@type\":\"ListItem\",\"position\":1,\"name\":\"Home\",\"item\":\"https:\\\/\\\/nhkmachineryparts.com\\\/\"},{\"@type\":\"ListItem\",\"position\":2,\"name\":\"Product line\",\"item\":\"https:\\\/\\\/nhkmachineryparts.com\\\/product-line\\\/\"},{\"@type\":\"ListItem\",\"position\":3,\"name\":\"Bearing units in IP54\u00a0composite housing\",\"item\":\"https:\\\/\\\/nhkmachineryparts.com\\\/product-line\\\/bearing-units-in-ip54-thermo-plastic-housing\\\/\"},{\"@type\":\"ListItem\",\"position\":4,\"name\":\"Thermo plastic bearing unit closed cover\"}]},{\"@type\":\"WebSite\",\"@id\":\"https:\\\/\\\/nhkmachineryparts.com\\\/#website\",\"url\":\"https:\\\/\\\/nhkmachineryparts.com\\\/\",\"name\":\"NHK Machinery Parts\",\"description\":\"Bearing Houses, seismic levelling feet and levelling castors\",\"publisher\":{\"@id\":\"https:\\\/\\\/nhkmachineryparts.com\\\/#organization\"},\"potentialAction\":[{\"@type\":\"SearchAction\",\"target\":{\"@type\":\"EntryPoint\",\"urlTemplate\":\"https:\\\/\\\/nhkmachineryparts.com\\\/?s={search_term_string}\"},\"query-input\":{\"@type\":\"PropertyValueSpecification\",\"valueRequired\":true,\"valueName\":\"search_term_string\"}}],\"inLanguage\":\"tr\"},{\"@type\":\"Organization\",\"@id\":\"https:\\\/\\\/nhkmachineryparts.com\\\/#organization\",\"name\":\"Nhk Group ApS\",\"url\":\"https:\\\/\\\/nhkmachineryparts.com\\\/\",\"logo\":{\"@type\":\"ImageObject\",\"inLanguage\":\"tr\",\"@id\":\"https:\\\/\\\/nhkmachineryparts.com\\\/#\\\/schema\\\/logo\\\/image\\\/\",\"url\":\"https:\\\/\\\/nhkmachineryparts.com\\\/wp-content\\\/uploads\\\/2022\\\/09\\\/NHKgroup_social.jpg\",\"contentUrl\":\"https:\\\/\\\/nhkmachineryparts.com\\\/wp-content\\\/uploads\\\/2022\\\/09\\\/NHKgroup_social.jpg\",\"width\":1200,\"height\":630,\"caption\":\"Nhk Group ApS\"},\"image\":{\"@id\":\"https:\\\/\\\/nhkmachineryparts.com\\\/#\\\/schema\\\/logo\\\/image\\\/\"},\"sameAs\":[\"https:\\\/\\\/www.facebook.com\\\/NHK.Group.aps\"]}]}<\/script>\n<!-- \/ Yoast SEO plugin. -->","yoast_head_json":{"title":"Termo plastik rulman \u00fcnitesi kapal\u0131 kapak | Maksimum Koruma | NHK Makine Par\u00e7alar\u0131","description":"Termoplastik rulman \u00fcnitesinin kapal\u0131 kapa\u011f\u0131, hijyenik tasar\u0131m\u0131 sayesinde g\u0131da end\u00fcstrisi ve di\u011fer zorlu ortamlar i\u00e7in uygundur.","robots":{"index":"index","follow":"follow","max-snippet":"max-snippet:-1","max-image-preview":"max-image-preview:large","max-video-preview":"max-video-preview:-1"},"canonical":"https:\/\/nhkmachineryparts.com\/tr\/urun\/230-termo-plastik-unite-kapali-kapak\/","og_locale":"tr_TR","og_type":"article","og_title":"Thermo plastic bearing unit closed cover | Maximum Protection | NHK Machinery Parts","og_description":"The closed cover for thermo plastic bearing unit is suitable for the food industry and other demanding environments, due to the hygienic design","og_url":"https:\/\/nhkmachineryparts.com\/tr\/urun\/230-termo-plastik-unite-kapali-kapak\/","og_site_name":"NHK Machinery Parts","article_publisher":"https:\/\/www.facebook.com\/NHK.Group.aps","article_modified_time":"2026-02-23T12:54:05+00:00","og_image":[{"width":1000,"height":1000,"url":"https:\/\/nhkmachineryparts.com\/wp-content\/uploads\/2022\/09\/Closed-blue-cover-for-stainless-bearing-unit.jpg","type":"image\/jpeg"}],"twitter_card":"summary_large_image","twitter_misc":{"Tahmini okuma s\u00fcresi":"2 dakika"},"schema":{"@context":"https:\/\/schema.org","@graph":[{"@type":"WebPage","@id":"https:\/\/nhkmachineryparts.com\/product\/230-thermo-plastic-unit-closed-cover\/","url":"https:\/\/nhkmachineryparts.com\/product\/230-thermo-plastic-unit-closed-cover\/","name":"Termo plastik rulman \u00fcnitesi kapal\u0131 kapak | Maksimum Koruma | NHK Makine Par\u00e7alar\u0131","isPartOf":{"@id":"https:\/\/nhkmachineryparts.com\/#website"},"primaryImageOfPage":{"@id":"https:\/\/nhkmachineryparts.com\/product\/230-thermo-plastic-unit-closed-cover\/#primaryimage"},"image":{"@id":"https:\/\/nhkmachineryparts.com\/product\/230-thermo-plastic-unit-closed-cover\/#primaryimage"},"thumbnailUrl":"https:\/\/nhkmachineryparts.com\/wp-content\/uploads\/2022\/09\/Closed-blue-cover-for-stainless-bearing-unit.jpg","datePublished":"2022-09-26T10:10:50+00:00","dateModified":"2026-02-23T12:54:05+00:00","description":"Termoplastik rulman \u00fcnitesinin kapal\u0131 kapa\u011f\u0131, hijyenik tasar\u0131m\u0131 sayesinde g\u0131da end\u00fcstrisi ve di\u011fer zorlu ortamlar i\u00e7in uygundur.","breadcrumb":{"@id":"https:\/\/nhkmachineryparts.com\/product\/230-thermo-plastic-unit-closed-cover\/#breadcrumb"},"inLanguage":"tr","potentialAction":[{"@type":"ReadAction","target":["https:\/\/nhkmachineryparts.com\/product\/230-thermo-plastic-unit-closed-cover\/"]}]},{"@type":"ImageObject","inLanguage":"tr","@id":"https:\/\/nhkmachineryparts.com\/product\/230-thermo-plastic-unit-closed-cover\/#primaryimage","url":"https:\/\/nhkmachineryparts.com\/wp-content\/uploads\/2022\/09\/Closed-blue-cover-for-stainless-bearing-unit.jpg","contentUrl":"https:\/\/nhkmachineryparts.com\/wp-content\/uploads\/2022\/09\/Closed-blue-cover-for-stainless-bearing-unit.jpg","width":1000,"height":1000,"caption":"Closed blue cover for stainless bearing unit"},{"@type":"BreadcrumbList","@id":"https:\/\/nhkmachineryparts.com\/product\/230-thermo-plastic-unit-closed-cover\/#breadcrumb","itemListElement":[{"@type":"ListItem","position":1,"name":"Home","item":"https:\/\/nhkmachineryparts.com\/"},{"@type":"ListItem","position":2,"name":"Product line","item":"https:\/\/nhkmachineryparts.com\/product-line\/"},{"@type":"ListItem","position":3,"name":"Bearing units in IP54\u00a0composite housing","item":"https:\/\/nhkmachineryparts.com\/product-line\/bearing-units-in-ip54-thermo-plastic-housing\/"},{"@type":"ListItem","position":4,"name":"Thermo plastic bearing unit closed cover"}]},{"@type":"WebSite","@id":"https:\/\/nhkmachineryparts.com\/#website","url":"https:\/\/nhkmachineryparts.com\/","name":"NHK Makine Par\u00e7alar\u0131","description":"Rulman Yataklar\u0131, sismik tesviye ayaklar\u0131 ve tesviye tekerlekleri","publisher":{"@id":"https:\/\/nhkmachineryparts.com\/#organization"},"potentialAction":[{"@type":"SearchAction","target":{"@type":"EntryPoint","urlTemplate":"https:\/\/nhkmachineryparts.com\/?s={search_term_string}"},"query-input":{"@type":"PropertyValueSpecification","valueRequired":true,"valueName":"search_term_string"}}],"inLanguage":"tr"},{"@type":"Organization","@id":"https:\/\/nhkmachineryparts.com\/#organization","name":"NHK Grup ApS","url":"https:\/\/nhkmachineryparts.com\/","logo":{"@type":"ImageObject","inLanguage":"tr","@id":"https:\/\/nhkmachineryparts.com\/#\/schema\/logo\/image\/","url":"https:\/\/nhkmachineryparts.com\/wp-content\/uploads\/2022\/09\/NHKgroup_social.jpg","contentUrl":"https:\/\/nhkmachineryparts.com\/wp-content\/uploads\/2022\/09\/NHKgroup_social.jpg","width":1200,"height":630,"caption":"Nhk Group ApS"},"image":{"@id":"https:\/\/nhkmachineryparts.com\/#\/schema\/logo\/image\/"},"sameAs":["https:\/\/www.facebook.com\/NHK.Group.aps"]}]}},"_links":{"self":[{"href":"https:\/\/nhkmachineryparts.com\/tr\/wp-json\/wp\/v2\/product\/1832","targetHints":{"allow":["GET"]}}],"collection":[{"href":"https:\/\/nhkmachineryparts.com\/tr\/wp-json\/wp\/v2\/product"}],"about":[{"href":"https:\/\/nhkmachineryparts.com\/tr\/wp-json\/wp\/v2\/types\/product"}],"wp:featuredmedia":[{"embeddable":true,"href":"https:\/\/nhkmachineryparts.com\/tr\/wp-json\/wp\/v2\/media\/9080"}],"wp:attachment":[{"href":"https:\/\/nhkmachineryparts.com\/tr\/wp-json\/wp\/v2\/media?parent=1832"}],"wp:term":[{"taxonomy":"product_brand","embeddable":true,"href":"https:\/\/nhkmachineryparts.com\/tr\/wp-json\/wp\/v2\/product_brand?post=1832"},{"taxonomy":"product_cat","embeddable":true,"href":"https:\/\/nhkmachineryparts.com\/tr\/wp-json\/wp\/v2\/product_cat?post=1832"},{"taxonomy":"product_tag","embeddable":true,"href":"https:\/\/nhkmachineryparts.com\/tr\/wp-json\/wp\/v2\/product_tag?post=1832"}],"curies":[{"name":"wp","href":"https:\/\/api.w.org\/{rel}","templated":true}]}}