{"id":1820,"date":"2022-09-26T10:01:50","date_gmt":"2022-09-26T10:01:50","guid":{"rendered":"https:\/\/nhkmachineryparts.pawsfabrik.dk\/?post_type=product&#038;p=1820"},"modified":"2026-02-23T14:54:18","modified_gmt":"2026-02-23T12:54:18","slug":"228-geri-alma-unitesi-tpl","status":"publish","type":"product","link":"https:\/\/nhkmachineryparts.com\/tr\/product\/228-take-up-unit-tpl\/","title":{"rendered":"Sarma TPL bilyal\u0131 rulman \u00fcnitesi"},"content":{"rendered":"<section class=\"vc_row vc_custom_1662993827263 liquid-row-shadowbox-69d3f6fdbb945 vc_column-gap-0\"><div class=\"ld-container container\"><div class=\"row ld-row ld-row-outer\"><div class=\"wpb_column vc_column_container vc_col-sm-12 liquid-column-69d3f6fdbbad1\"><div class=\"vc_column-inner\" ><div class=\"wpb_wrapper\"  >\n\t<div class=\"wpb_text_column wpb_content_element\" >\n\t\t<div class=\"wpb_wrapper\">\n\t\t\t<h2>Dayan\u0131kl\u0131 ve Korozyona Diren\u00e7li<\/h2>\n<p>Polipropilen IP54 rulman yuvas\u0131. (Siyah, Beyaz veya Mavi renkte)<br \/>\nIP54 rulman muhafazas\u0131nda ayarlanabilir \u00f6nceden ya\u011flamal\u0131 krom \u00e7elik veya \u00f6nceden ya\u011flamal\u0131 paslanmaz \u00e7elik bilyal\u0131 rulman bulunur.<br \/>\nRulman, gres nipeli veya h\u0131zl\u0131 ba\u011flant\u0131 eleman\u0131 arac\u0131l\u0131\u011f\u0131yla yeniden ya\u011flanabilir.<br \/>\nIP54 rulman muhafazas\u0131 klipsli emniyet kapa\u011f\u0131yla donat\u0131lm\u0131\u015ft\u0131r.<br \/>\nNBR kau\u00e7uktan ekstra toz koruma dudakl\u0131 d\u00f6ner mil conta halkas\u0131 (TC).<\/p>\n<h2>\u00d6zellikler ve avantajlar<\/h2>\n<ul>\n<li>-20C ile +100C aras\u0131 \u00e7al\u0131\u015fma s\u0131cakl\u0131\u011f\u0131.<\/li>\n<li>Ekonomik \u00e7al\u0131\u015fma.<\/li>\n<li>Uzun \u00f6m\u00fcrl\u00fc rulman ek par\u00e7as\u0131.<\/li>\n<li>T\u00fcm g\u00fcvenlik gereksinimlerini kar\u015f\u0131layacak konsept ve tasar\u0131m.<\/li>\n<li>Standart d\u00f6kme demir flan\u015fl\u0131 yatak destekleriyle de\u011fi\u015ftirilebilir.<\/li>\n<li>\u015eaft ve mahfaza aras\u0131ndaki maksimum hizas\u0131zl\u0131k: 3 derece.<\/li>\n<li>Tamamen kapal\u0131 \u00fcniteler.<\/li>\n<li>Paslanmaz \u00e7elik gres nipelleri AISI304 M6x1mm<\/li>\n<li>Paslanmaz \u00e7elik rulmanlar AISI 440C (\u00f6nceden ya\u011flanm\u0131\u015f)<\/li>\n<li>Nemli ko\u015fullardaki uygulamalar i\u00e7in su, alkalin veya asit sol\u00fcsyonlar\u0131 ile ideal olan uzun \u00f6m\u00fcrl\u00fc gres ile \u00f6nceden ya\u011flanm\u0131\u015f bilyal\u0131 rulman.<\/li>\n<\/ul>\n<h2>Mevcut boyutlar<\/h2>\n<div class=\"dcf-overflow-x-auto\" tabindex=\"0\">\n<table class=\"dcf-table dcf-table-bordered dcf-w-100%\">\n<thead>\n<tr>\n<th scope=\"col\">Mil \u00c7ap\u0131<\/th>\n<th scope=\"col\">Katalog No.<\/th>\n<\/tr>\n<\/thead>\n<tbody>\n<tr>\n<td data-label=\"Shaft Diameter\">\u00d820mm<\/td>\n<td data-label=\"Catalog No.\">VUK 204<\/td>\n<\/tr>\n<tr>\n<td data-label=\"Shaft Diameter\">\u00d825mm<\/td>\n<td data-label=\"Catalog No.\">VUK 205<\/td>\n<\/tr>\n<tr>\n<td data-label=\"Shaft Diameter\">\u00d830mm<\/td>\n<td data-label=\"Catalog No.\">VUK 206<\/td>\n<\/tr>\n<tr>\n<td data-label=\"Shaft Diameter\">\u00d835mm<\/td>\n<td data-label=\"Catalog No.\">VUK 207<\/td>\n<\/tr>\n<tr>\n<td data-label=\"Shaft Diameter\">\u00d840mm<\/td>\n<td data-label=\"Catalog No.\">VUK 208<\/td>\n<\/tr>\n<tr>\n<td data-label=\"Shaft Diameter\">\u00d845mm<\/td>\n<td data-label=\"Catalog No.\">VUK 209<\/td>\n<\/tr>\n<tr>\n<td data-label=\"Shaft Diameter\">\u00d850mm<\/td>\n<td data-label=\"Catalog No.\">210 TL<\/td>\n<\/tr>\n<tr>\n<td data-label=\"Shaft Diameter\">\u00d855mm<\/td>\n<td data-label=\"Catalog No.\">VUK 211<\/td>\n<\/tr>\n<tr>\n<td data-label=\"Shaft Diameter\">\u00d860mm<\/td>\n<td data-label=\"Catalog No.\">VUK 212<\/td>\n<\/tr>\n<\/tbody>\n<\/table>\n<\/div>\n<p>Talep \u00fczerine in\u00e7 di\u015fli TPL sarma \u00fcnitesi de mevcuttur<\/p>\n<p>TPL20x a\u00e7\u0131k kapakl\u0131 veya kapal\u0131 kapakl\u0131 olarak temin edilebilir.<br \/>\nKapa\u011f\u0131 a\u00e7\u0131n, rulman numaralar\u0131na \u201cOC\u201d son eki eklendi. \u00f6rne\u011fin: TPL204OC.<br \/>\nKapal\u0131 kapak, rulman numaralar\u0131na \u201cCC\u201d son eki eklenmi\u015ftir. \u00f6rne\u011fin: TPL204CC.<\/p>\n<h2 data-start=\"0\" data-end=\"105\"><strong data-start=\"4\" data-end=\"103\">Mavi Sar\u0131ml\u0131 TPL Bilyal\u0131 Rulman \u00dcnitesi: <\/strong><\/h2>\n<h3><strong data-start=\"4\" data-end=\"103\">End\u00fcstriyel Uygulamalar \u0130\u00e7in Dayan\u0131kl\u0131 ve Hijyenik Bir \u00c7\u00f6z\u00fcm<\/strong><\/h3>\n<p data-start=\"181\" data-end=\"524\">The <strong data-start=\"185\" data-end=\"223\">Mavi Alma TPL Bilyal\u0131 Rulman \u00dcnitesi<\/strong> oyunun kurallar\u0131n\u0131 de\u011fi\u015ftiren bir \u015fey <a href=\"https:\/\/nhkmachineryparts.com\/tr\/our-industries\/\" data-internallinksmanager029f6b8e52c=\"4\" title=\"End\u00fcstrilerimiz\">end\u00fcstriler<\/a> y\u00fcksek performansl\u0131, hijyenik ve korozyona dayan\u0131kl\u0131 rulman \u00e7\u00f6z\u00fcmleri gerektirir. Zorlu uygulamalar i\u00e7in tasarlanan bu rulman \u00fcnitesi, yayg\u0131n olarak <strong data-start=\"416\" data-end=\"477\">g\u0131da i\u015fleme, ila\u00e7 ve paketleme end\u00fcstrileri<\/strong>hijyen ve dayan\u0131kl\u0131l\u0131\u011f\u0131n \u00f6n planda tutuldu\u011fu.<\/p>\n<h3 data-start=\"526\" data-end=\"587\"><strong data-start=\"531\" data-end=\"585\">\u00dcst\u00fcn Korozyon Direncine Sahip Hijyenik Tasar\u0131m<\/strong><\/h3>\n<p data-start=\"588\" data-end=\"1064\">The <strong data-start=\"592\" data-end=\"630\">Mavi Alma TPL Bilyal\u0131 Rulman \u00dcnitesi<\/strong> \u00f6zellikle kar\u015f\u0131lamak i\u00e7in tasarlanm\u0131\u015ft\u0131r <strong data-start=\"664\" data-end=\"694\">s\u0131k\u0131 hijyen kurallar\u0131<\/strong>, i\u00e7ermek <strong data-start=\"706\" data-end=\"723\">FDA ve <a href=\"https:\/\/nhkmachineryparts.com\/tr\/3a-ve-ehedg-arasindaki-fark-nedir\/\" data-internallinksmanager029f6b8e52c=\"2\" title=\"EHEDG Sertifikal\u0131 Makine Par\u00e7alar\u0131\">EHEDG<\/a><\/strong> standartlar. G\u00f6zeneksiz <strong data-start=\"750\" data-end=\"780\">mavi termoplastik g\u00f6vde<\/strong> sadece kirlenme kontrol\u00fcnde g\u00f6r\u00fcn\u00fcrl\u00fc\u011f\u00fc art\u0131rmakla kalmaz, ayn\u0131 zamanda m\u00fckemmel bir g\u00fcvenlik sa\u011flar <strong data-start=\"863\" data-end=\"921\">neme, kimyasallara ve temizlik maddelerine kar\u015f\u0131 dayan\u0131kl\u0131l\u0131k<\/strong>Paslanmaz \u00e7elik bilyal\u0131 rulman, <strong data-start=\"964\" data-end=\"1031\">d\u00fczg\u00fcn \u00e7al\u0131\u015fma, uzat\u0131lm\u0131\u015f hizmet \u00f6mr\u00fc ve y\u00fcksek y\u00fck kapasitesi<\/strong>, a\u015f\u0131r\u0131 ortamlarda bile.<\/p>\n<h3 data-start=\"1066\" data-end=\"1100\"><strong data-start=\"1071\" data-end=\"1098\">Temel \u00d6zellikler ve Avantajlar<\/strong><\/h3>\n<p data-start=\"1101\" data-end=\"1433\">\u2705 <strong data-start=\"1103\" data-end=\"1128\">Hijyenik \u0130n\u015faat<\/strong> \u2013 Toksik olmayan, kolay temizlenebilen mavi termoplastik g\u00f6vde.<br data-start=\"1183\" data-end=\"1186\" \/>\u2705 <strong data-start=\"1188\" data-end=\"1211\">Korozyona dayan\u0131kl\u0131<\/strong> \u2013 Zorlu ko\u015fullarda uzun \u00f6m\u00fcr i\u00e7in paslanmaz \u00e7elik rulman.<br data-start=\"1272\" data-end=\"1275\" \/>\u2705 <strong data-start=\"1277\" data-end=\"1311\">Nem ve Kimyasal Diren\u00e7<\/strong> \u2013 Y\u0131kama ortamlar\u0131 i\u00e7in idealdir.<br data-start=\"1346\" data-end=\"1349\" \/>\u2705 <strong data-start=\"1351\" data-end=\"1386\">Kolay Kurulum ve Bak\u0131m<\/strong> \u2013 Daha az kesinti s\u00fcresi i\u00e7in kendi kendini hizalayan tasar\u0131m.<\/p>\n<h3 data-start=\"1435\" data-end=\"1476\"><strong data-start=\"1440\" data-end=\"1474\">Sekt\u00f6rlerdeki Uygulamalar<\/strong><\/h3>\n<p data-start=\"1477\" data-end=\"1531\">Blue Take-up TPL Bilyal\u0131 Rulman \u00dcnitesi \u015funlar i\u00e7in idealdir:<\/p>\n<ul data-start=\"1532\" data-end=\"1811\">\n<li data-start=\"1532\" data-end=\"1623\"><strong data-start=\"1534\" data-end=\"1564\">G\u0131da ve \u0130\u00e7ecek \u0130\u015fleme<\/strong> \u2013 Konvey\u00f6r sistemleri, dolum makineleri, dilimleme ekipmanlar\u0131.<\/li>\n<li data-start=\"1624\" data-end=\"1717\"><strong data-start=\"1626\" data-end=\"1655\">\u0130la\u00e7 \u00dcretimi<\/strong> \u2013 Kar\u0131\u015ft\u0131rma sistemleri, paketleme hatlar\u0131, sterilizasyon ekipmanlar\u0131.<\/li>\n<li data-start=\"1718\" data-end=\"1811\"><strong data-start=\"1720\" data-end=\"1746\">Paketleme ve Otomasyon<\/strong> \u2013 Konvey\u00f6r bant sistemleri, etiketleme makineleri, malzeme ta\u015f\u0131ma.<\/li>\n<\/ul>\n<h2 data-start=\"1813\" data-end=\"1833\"><strong data-start=\"1817\" data-end=\"1831\">En \u0130yi Hijyenik ve Korozyona Dayan\u0131kl\u0131 \u00c7\u00f6z\u00fcm<\/strong><\/h2>\n<p data-start=\"1834\" data-end=\"2114\">Bir yat\u0131r\u0131ma yat\u0131r\u0131m yapmak <strong data-start=\"1849\" data-end=\"1887\">Mavi Alma TPL Bilyal\u0131 Rulman \u00dcnitesi<\/strong> geli\u015ftirir <strong data-start=\"1897\" data-end=\"1968\">makine g\u00fcvenilirli\u011fi, hijyen uyumlulu\u011fu ve operasyonel verimlilik<\/strong>\u0130ster g\u0131da \u00fcretimi, ister ila\u00e7 veya paketleme olsun, bu dayan\u0131kl\u0131 rulman \u00e7\u00f6z\u00fcm\u00fc uzun vadeli performans\u0131n ve maliyet tasarruflar\u0131n\u0131n anahtar\u0131d\u0131r.<\/p>\n<p data-start=\"2116\" data-end=\"2231\" data-is-last-node=\"\">\ud83d\udd39 <strong data-start=\"2119\" data-end=\"2231\" data-is-last-node=\"\">E\u015fsiz dayan\u0131kl\u0131l\u0131k ve hijyen i\u00e7in ekipman\u0131n\u0131z\u0131 bug\u00fcn Blue Take-up TPL Bilyal\u0131 Rulman \u00dcnitesi ile y\u00fckseltin!<\/strong><\/p>\n<p>\u0130htiyac\u0131n\u0131z olursa olsun size ve i\u015fletmenize hijyenik \u00e7\u00f6z\u00fcmler sunmaya haz\u0131r\u0131z.\u00a0<a href=\"https:\/\/nhkmachineryparts.com\/tr\/urun-hatti\/kategori\/hijyenik-tasarimli-paslanmaz-ayaklar\/\">makine ayaklar\u0131<\/a>,\u00a0<a href=\"https:\/\/nhkmachineryparts.com\/tr\/urun-hatti\/kategori\/31-waterproof-bearing-house-ip67-waterproof-bearing-units\/\">su ge\u00e7irmez IP67 rulmanlar<\/a>\u00a0veya\u00a0<a href=\"https:\/\/nhkmachineryparts.com\/tr\/urun-hatti\/kategori\/34-bearing-house-units-in-stainless-steel\/\">paslanmaz rulman \u00fcniteleri<\/a>, her \u015feye sahibiz.<\/p>\n\n\t\t<\/div>\n\t<\/div>\n<\/div><\/div><\/div><\/div><\/div><\/section>","protected":false},"excerpt":{"rendered":"Durable and Corrosion-Resistant IP54 bearing housing in Polypropylene. (Colour in Black, White or Blue) IP54 bearing housing has adjustable pre-lubricated chrome steel or pre-lubricated stainless steel ball bearing. The bearing can be re-lubricated by means of grease-nipple or a quick coupler. IP54 bearing housing is fitted with clip-on safety cap. Rotary shaft seal ring (TC) [...]","protected":false},"featured_media":9075,"template":"","meta":[],"product_brand":[],"product_cat":[52],"product_tag":[],"class_list":{"0":"post-1820","1":"product","2":"type-product","3":"status-publish","4":"has-post-thumbnail","6":"product_cat-bearing-units-in-ip54-thermo-plastic-housing","8":"first","9":"instock","10":"shipping-taxable","11":"product-type-simple"},"yoast_head":"<!-- This site is optimized with the Yoast SEO plugin v27.3 - https:\/\/yoast.com\/product\/yoast-seo-wordpress\/ -->\n<title>Take-up TPL ball bearing unit | Enhance performance | NHK Machinery Parts<\/title>\n<meta name=\"description\" content=\"Our maintenance free take-up bearing units are resistant to all cleaning agents and chemicals, hygienic design and easy-to-clean. Enhance performance.\" \/>\n<meta name=\"robots\" content=\"index, follow, max-snippet:-1, max-image-preview:large, max-video-preview:-1\" \/>\n<link rel=\"canonical\" href=\"https:\/\/nhkmachineryparts.com\/tr\/urun\/228-geri-alma-unitesi-tpl\/\" \/>\n<meta property=\"og:locale\" content=\"tr_TR\" \/>\n<meta property=\"og:type\" content=\"article\" \/>\n<meta property=\"og:title\" content=\"Take-up TPL ball bearing unit | Enhance performance | NHK Machinery Parts\" \/>\n<meta property=\"og:description\" content=\"Our maintenance free take-up bearing units are resistant to all cleaning agents and chemicals, hygienic design and easy-to-clean. Enhance performance.\" \/>\n<meta property=\"og:url\" content=\"https:\/\/nhkmachineryparts.com\/tr\/urun\/228-geri-alma-unitesi-tpl\/\" \/>\n<meta property=\"og:site_name\" content=\"NHK Machinery Parts\" \/>\n<meta property=\"article:publisher\" content=\"https:\/\/www.facebook.com\/NHK.Group.aps\" \/>\n<meta property=\"article:modified_time\" content=\"2026-02-23T12:54:18+00:00\" \/>\n<meta property=\"og:image\" content=\"https:\/\/nhkmachineryparts.com\/wp-content\/uploads\/2022\/09\/Blue-Take-up-TPL-ball-bearing-unit.jpg\" \/>\n\t<meta property=\"og:image:width\" content=\"1000\" \/>\n\t<meta property=\"og:image:height\" content=\"1000\" \/>\n\t<meta property=\"og:image:type\" content=\"image\/jpeg\" \/>\n<meta name=\"twitter:card\" content=\"summary_large_image\" \/>\n<meta name=\"twitter:label1\" content=\"Tahmini okuma s\u00fcresi\" \/>\n\t<meta name=\"twitter:data1\" content=\"3 dakika\" \/>\n<script type=\"application\/ld+json\" class=\"yoast-schema-graph\">{\"@context\":\"https:\\\/\\\/schema.org\",\"@graph\":[{\"@type\":\"WebPage\",\"@id\":\"https:\\\/\\\/nhkmachineryparts.com\\\/product\\\/228-take-up-unit-tpl\\\/\",\"url\":\"https:\\\/\\\/nhkmachineryparts.com\\\/product\\\/228-take-up-unit-tpl\\\/\",\"name\":\"Take-up TPL ball bearing unit | Enhance performance | NHK Machinery Parts\",\"isPartOf\":{\"@id\":\"https:\\\/\\\/nhkmachineryparts.com\\\/#website\"},\"primaryImageOfPage\":{\"@id\":\"https:\\\/\\\/nhkmachineryparts.com\\\/product\\\/228-take-up-unit-tpl\\\/#primaryimage\"},\"image\":{\"@id\":\"https:\\\/\\\/nhkmachineryparts.com\\\/product\\\/228-take-up-unit-tpl\\\/#primaryimage\"},\"thumbnailUrl\":\"https:\\\/\\\/nhkmachineryparts.com\\\/wp-content\\\/uploads\\\/2022\\\/09\\\/Blue-Take-up-TPL-ball-bearing-unit.jpg\",\"datePublished\":\"2022-09-26T10:01:50+00:00\",\"dateModified\":\"2026-02-23T12:54:18+00:00\",\"description\":\"Our maintenance free take-up bearing units are resistant to all cleaning agents and chemicals, hygienic design and easy-to-clean. Enhance performance.\",\"breadcrumb\":{\"@id\":\"https:\\\/\\\/nhkmachineryparts.com\\\/product\\\/228-take-up-unit-tpl\\\/#breadcrumb\"},\"inLanguage\":\"tr\",\"potentialAction\":[{\"@type\":\"ReadAction\",\"target\":[\"https:\\\/\\\/nhkmachineryparts.com\\\/product\\\/228-take-up-unit-tpl\\\/\"]}]},{\"@type\":\"ImageObject\",\"inLanguage\":\"tr\",\"@id\":\"https:\\\/\\\/nhkmachineryparts.com\\\/product\\\/228-take-up-unit-tpl\\\/#primaryimage\",\"url\":\"https:\\\/\\\/nhkmachineryparts.com\\\/wp-content\\\/uploads\\\/2022\\\/09\\\/Blue-Take-up-TPL-ball-bearing-unit.jpg\",\"contentUrl\":\"https:\\\/\\\/nhkmachineryparts.com\\\/wp-content\\\/uploads\\\/2022\\\/09\\\/Blue-Take-up-TPL-ball-bearing-unit.jpg\",\"width\":1000,\"height\":1000,\"caption\":\"Blue Take-up TPL ball bearing unit\"},{\"@type\":\"BreadcrumbList\",\"@id\":\"https:\\\/\\\/nhkmachineryparts.com\\\/product\\\/228-take-up-unit-tpl\\\/#breadcrumb\",\"itemListElement\":[{\"@type\":\"ListItem\",\"position\":1,\"name\":\"Home\",\"item\":\"https:\\\/\\\/nhkmachineryparts.com\\\/\"},{\"@type\":\"ListItem\",\"position\":2,\"name\":\"Product line\",\"item\":\"https:\\\/\\\/nhkmachineryparts.com\\\/product-line\\\/\"},{\"@type\":\"ListItem\",\"position\":3,\"name\":\"Bearing units in IP54\u00a0composite housing\",\"item\":\"https:\\\/\\\/nhkmachineryparts.com\\\/product-line\\\/bearing-units-in-ip54-thermo-plastic-housing\\\/\"},{\"@type\":\"ListItem\",\"position\":4,\"name\":\"Take-up TPL ball bearing unit\"}]},{\"@type\":\"WebSite\",\"@id\":\"https:\\\/\\\/nhkmachineryparts.com\\\/#website\",\"url\":\"https:\\\/\\\/nhkmachineryparts.com\\\/\",\"name\":\"NHK Machinery Parts\",\"description\":\"Bearing Houses, seismic levelling feet and levelling castors\",\"publisher\":{\"@id\":\"https:\\\/\\\/nhkmachineryparts.com\\\/#organization\"},\"potentialAction\":[{\"@type\":\"SearchAction\",\"target\":{\"@type\":\"EntryPoint\",\"urlTemplate\":\"https:\\\/\\\/nhkmachineryparts.com\\\/?s={search_term_string}\"},\"query-input\":{\"@type\":\"PropertyValueSpecification\",\"valueRequired\":true,\"valueName\":\"search_term_string\"}}],\"inLanguage\":\"tr\"},{\"@type\":\"Organization\",\"@id\":\"https:\\\/\\\/nhkmachineryparts.com\\\/#organization\",\"name\":\"Nhk Group ApS\",\"url\":\"https:\\\/\\\/nhkmachineryparts.com\\\/\",\"logo\":{\"@type\":\"ImageObject\",\"inLanguage\":\"tr\",\"@id\":\"https:\\\/\\\/nhkmachineryparts.com\\\/#\\\/schema\\\/logo\\\/image\\\/\",\"url\":\"https:\\\/\\\/nhkmachineryparts.com\\\/wp-content\\\/uploads\\\/2022\\\/09\\\/NHKgroup_social.jpg\",\"contentUrl\":\"https:\\\/\\\/nhkmachineryparts.com\\\/wp-content\\\/uploads\\\/2022\\\/09\\\/NHKgroup_social.jpg\",\"width\":1200,\"height\":630,\"caption\":\"Nhk Group ApS\"},\"image\":{\"@id\":\"https:\\\/\\\/nhkmachineryparts.com\\\/#\\\/schema\\\/logo\\\/image\\\/\"},\"sameAs\":[\"https:\\\/\\\/www.facebook.com\\\/NHK.Group.aps\"]}]}<\/script>\n<!-- \/ Yoast SEO plugin. -->","yoast_head_json":{"title":"TPL bilyal\u0131 rulman \u00fcnitesini al\u0131n | Performans\u0131 art\u0131r\u0131n | NHK Makine Par\u00e7alar\u0131","description":"Bak\u0131m gerektirmeyen rulman \u00fcnitelerimiz t\u00fcm temizlik maddelerine ve kimyasallara dayan\u0131kl\u0131, hijyenik tasar\u0131ml\u0131 ve kolay temizlenebilirdir. Performans\u0131 art\u0131r\u0131n.","robots":{"index":"index","follow":"follow","max-snippet":"max-snippet:-1","max-image-preview":"max-image-preview:large","max-video-preview":"max-video-preview:-1"},"canonical":"https:\/\/nhkmachineryparts.com\/tr\/urun\/228-geri-alma-unitesi-tpl\/","og_locale":"tr_TR","og_type":"article","og_title":"Take-up TPL ball bearing unit | Enhance performance | NHK Machinery Parts","og_description":"Our maintenance free take-up bearing units are resistant to all cleaning agents and chemicals, hygienic design and easy-to-clean. Enhance performance.","og_url":"https:\/\/nhkmachineryparts.com\/tr\/urun\/228-geri-alma-unitesi-tpl\/","og_site_name":"NHK Machinery Parts","article_publisher":"https:\/\/www.facebook.com\/NHK.Group.aps","article_modified_time":"2026-02-23T12:54:18+00:00","og_image":[{"width":1000,"height":1000,"url":"https:\/\/nhkmachineryparts.com\/wp-content\/uploads\/2022\/09\/Blue-Take-up-TPL-ball-bearing-unit.jpg","type":"image\/jpeg"}],"twitter_card":"summary_large_image","twitter_misc":{"Tahmini okuma s\u00fcresi":"3 dakika"},"schema":{"@context":"https:\/\/schema.org","@graph":[{"@type":"WebPage","@id":"https:\/\/nhkmachineryparts.com\/product\/228-take-up-unit-tpl\/","url":"https:\/\/nhkmachineryparts.com\/product\/228-take-up-unit-tpl\/","name":"TPL bilyal\u0131 rulman \u00fcnitesini al\u0131n | Performans\u0131 art\u0131r\u0131n | NHK Makine Par\u00e7alar\u0131","isPartOf":{"@id":"https:\/\/nhkmachineryparts.com\/#website"},"primaryImageOfPage":{"@id":"https:\/\/nhkmachineryparts.com\/product\/228-take-up-unit-tpl\/#primaryimage"},"image":{"@id":"https:\/\/nhkmachineryparts.com\/product\/228-take-up-unit-tpl\/#primaryimage"},"thumbnailUrl":"https:\/\/nhkmachineryparts.com\/wp-content\/uploads\/2022\/09\/Blue-Take-up-TPL-ball-bearing-unit.jpg","datePublished":"2022-09-26T10:01:50+00:00","dateModified":"2026-02-23T12:54:18+00:00","description":"Bak\u0131m gerektirmeyen rulman \u00fcnitelerimiz t\u00fcm temizlik maddelerine ve kimyasallara dayan\u0131kl\u0131, hijyenik tasar\u0131ml\u0131 ve kolay temizlenebilirdir. Performans\u0131 art\u0131r\u0131n.","breadcrumb":{"@id":"https:\/\/nhkmachineryparts.com\/product\/228-take-up-unit-tpl\/#breadcrumb"},"inLanguage":"tr","potentialAction":[{"@type":"ReadAction","target":["https:\/\/nhkmachineryparts.com\/product\/228-take-up-unit-tpl\/"]}]},{"@type":"ImageObject","inLanguage":"tr","@id":"https:\/\/nhkmachineryparts.com\/product\/228-take-up-unit-tpl\/#primaryimage","url":"https:\/\/nhkmachineryparts.com\/wp-content\/uploads\/2022\/09\/Blue-Take-up-TPL-ball-bearing-unit.jpg","contentUrl":"https:\/\/nhkmachineryparts.com\/wp-content\/uploads\/2022\/09\/Blue-Take-up-TPL-ball-bearing-unit.jpg","width":1000,"height":1000,"caption":"Blue Take-up TPL ball bearing unit"},{"@type":"BreadcrumbList","@id":"https:\/\/nhkmachineryparts.com\/product\/228-take-up-unit-tpl\/#breadcrumb","itemListElement":[{"@type":"ListItem","position":1,"name":"Home","item":"https:\/\/nhkmachineryparts.com\/"},{"@type":"ListItem","position":2,"name":"Product line","item":"https:\/\/nhkmachineryparts.com\/product-line\/"},{"@type":"ListItem","position":3,"name":"Bearing units in IP54\u00a0composite housing","item":"https:\/\/nhkmachineryparts.com\/product-line\/bearing-units-in-ip54-thermo-plastic-housing\/"},{"@type":"ListItem","position":4,"name":"Take-up TPL ball bearing unit"}]},{"@type":"WebSite","@id":"https:\/\/nhkmachineryparts.com\/#website","url":"https:\/\/nhkmachineryparts.com\/","name":"NHK Makine Par\u00e7alar\u0131","description":"Rulman Yataklar\u0131, sismik tesviye ayaklar\u0131 ve tesviye tekerlekleri","publisher":{"@id":"https:\/\/nhkmachineryparts.com\/#organization"},"potentialAction":[{"@type":"SearchAction","target":{"@type":"EntryPoint","urlTemplate":"https:\/\/nhkmachineryparts.com\/?s={search_term_string}"},"query-input":{"@type":"PropertyValueSpecification","valueRequired":true,"valueName":"search_term_string"}}],"inLanguage":"tr"},{"@type":"Organization","@id":"https:\/\/nhkmachineryparts.com\/#organization","name":"NHK Grup ApS","url":"https:\/\/nhkmachineryparts.com\/","logo":{"@type":"ImageObject","inLanguage":"tr","@id":"https:\/\/nhkmachineryparts.com\/#\/schema\/logo\/image\/","url":"https:\/\/nhkmachineryparts.com\/wp-content\/uploads\/2022\/09\/NHKgroup_social.jpg","contentUrl":"https:\/\/nhkmachineryparts.com\/wp-content\/uploads\/2022\/09\/NHKgroup_social.jpg","width":1200,"height":630,"caption":"Nhk Group ApS"},"image":{"@id":"https:\/\/nhkmachineryparts.com\/#\/schema\/logo\/image\/"},"sameAs":["https:\/\/www.facebook.com\/NHK.Group.aps"]}]}},"_links":{"self":[{"href":"https:\/\/nhkmachineryparts.com\/tr\/wp-json\/wp\/v2\/product\/1820","targetHints":{"allow":["GET"]}}],"collection":[{"href":"https:\/\/nhkmachineryparts.com\/tr\/wp-json\/wp\/v2\/product"}],"about":[{"href":"https:\/\/nhkmachineryparts.com\/tr\/wp-json\/wp\/v2\/types\/product"}],"wp:featuredmedia":[{"embeddable":true,"href":"https:\/\/nhkmachineryparts.com\/tr\/wp-json\/wp\/v2\/media\/9075"}],"wp:attachment":[{"href":"https:\/\/nhkmachineryparts.com\/tr\/wp-json\/wp\/v2\/media?parent=1820"}],"wp:term":[{"taxonomy":"product_brand","embeddable":true,"href":"https:\/\/nhkmachineryparts.com\/tr\/wp-json\/wp\/v2\/product_brand?post=1820"},{"taxonomy":"product_cat","embeddable":true,"href":"https:\/\/nhkmachineryparts.com\/tr\/wp-json\/wp\/v2\/product_cat?post=1820"},{"taxonomy":"product_tag","embeddable":true,"href":"https:\/\/nhkmachineryparts.com\/tr\/wp-json\/wp\/v2\/product_tag?post=1820"}],"curies":[{"name":"wp","href":"https:\/\/api.w.org\/{rel}","templated":true}]}}