{"id":1783,"date":"2022-09-26T09:45:47","date_gmt":"2022-09-26T09:45:47","guid":{"rendered":"https:\/\/nhkmachineryparts.pawsfabrik.dk\/?post_type=product&#038;p=1783"},"modified":"2026-02-23T14:55:38","modified_gmt":"2026-02-23T12:55:38","slug":"226-flans-unitesi-3-civata-tek-tarafli-fbpl","status":"publish","type":"product","link":"https:\/\/nhkmachineryparts.com\/tr\/product\/226-flange-unit-3-bolt-one-side-fbpl\/","title":{"rendered":"3 c\u0131vatal\u0131 tek tarafl\u0131 flan\u015f FBPL bilyal\u0131 rulman \u00fcnitesi"},"content":{"rendered":"<section class=\"vc_row vc_custom_1662993827263 liquid-row-shadowbox-69d3dd501701e vc_column-gap-0\"><div class=\"ld-container container\"><div class=\"row ld-row ld-row-outer\"><div class=\"wpb_column vc_column_container vc_col-sm-12 liquid-column-69d3dd50171ac\"><div class=\"vc_column-inner\" ><div class=\"wpb_wrapper\"  >\n\t<div class=\"wpb_text_column wpb_content_element\" >\n\t\t<div class=\"wpb_wrapper\">\n\t\t\t<h2>Performans\u0131 ve Dayan\u0131kl\u0131l\u0131\u011f\u0131 Optimize Edin<\/h2>\n<p>Polipropilen IP54 rulman yuvas\u0131. (Siyah, Beyaz veya Mavi renkte)<br \/>\nIP54 rulman muhafazas\u0131nda ayarlanabilir \u00f6nceden ya\u011flamal\u0131 krom \u00e7elik veya \u00f6nceden ya\u011flamal\u0131 paslanmaz \u00e7elik bilyal\u0131 rulman bulunur.<br \/>\nRulman, gres nipeli veya h\u0131zl\u0131 ba\u011flant\u0131 eleman\u0131 arac\u0131l\u0131\u011f\u0131yla yeniden ya\u011flanabilir.<br \/>\nIP54 rulman muhafazas\u0131 klipsli emniyet kapa\u011f\u0131yla donat\u0131lm\u0131\u015ft\u0131r.<br \/>\nNBR kau\u00e7uktan ekstra toz koruma dudakl\u0131 d\u00f6ner mil conta halkas\u0131 (TC).<\/p>\n<h2>\u00d6zellikler ve avantajlar<\/h2>\n<ul>\n<li>-20C ile +100C aras\u0131 \u00e7al\u0131\u015fma s\u0131cakl\u0131\u011f\u0131.<\/li>\n<li>Ekonomik \u00e7al\u0131\u015fma.<\/li>\n<li>Uzun \u00f6m\u00fcrl\u00fc rulman ek par\u00e7as\u0131.<\/li>\n<li>T\u00fcm g\u00fcvenlik gereksinimlerini kar\u015f\u0131layacak konsept ve tasar\u0131m.<\/li>\n<li>Standart d\u00f6kme demir flan\u015fl\u0131 yatak destekleriyle de\u011fi\u015ftirilebilir.<\/li>\n<li>\u015eaft ve mahfaza aras\u0131ndaki maksimum hizas\u0131zl\u0131k: 3 derece.<\/li>\n<li>Tamamen kapal\u0131 \u00fcniteler.<\/li>\n<li>Paslanmaz \u00e7elik gres nipelleri AISI304 M6x1mm<\/li>\n<li>Paslanmaz \u00e7elik rulmanlar AISI 440C (\u00f6nceden ya\u011flanm\u0131\u015f)<\/li>\n<li>Nemli ko\u015fullardaki uygulamalar i\u00e7in su, alkalin veya asit sol\u00fcsyonlar\u0131 ile ideal olan uzun \u00f6m\u00fcrl\u00fc gres ile \u00f6nceden ya\u011flanm\u0131\u015f bilyal\u0131 rulman.<\/li>\n<\/ul>\n<h2>Mevcut boyutlar<\/h2>\n<div class=\"dcf-overflow-x-auto\" tabindex=\"0\">\n<table class=\"dcf-table dcf-table-bordered dcf-w-100%\">\n<thead>\n<tr>\n<th scope=\"col\">Mil \u00c7ap\u0131<\/th>\n<th scope=\"col\">Katalog No.<\/th>\n<\/tr>\n<\/thead>\n<tbody>\n<tr>\n<td data-label=\"Shaft Diameter\">\u00d820mm<\/td>\n<td data-label=\"Catalog No.\">FBPL 204<\/td>\n<\/tr>\n<tr>\n<td data-label=\"Shaft Diameter\">\u00d825mm<\/td>\n<td data-label=\"Catalog No.\">FBPL 205<\/td>\n<\/tr>\n<tr>\n<td data-label=\"Shaft Diameter\">\u00d830mm<\/td>\n<td data-label=\"Catalog No.\">FBPL 206<\/td>\n<\/tr>\n<tr>\n<td data-label=\"Shaft Diameter\">\u00d835mm<\/td>\n<td data-label=\"Catalog No.\">FBPL 207<\/td>\n<\/tr>\n<tr>\n<td data-label=\"Shaft Diameter\">\u00d840mm<\/td>\n<td data-label=\"Catalog No.\">FBPL 208<\/td>\n<\/tr>\n<tr>\n<td data-label=\"Shaft Diameter\">\u00d845mm<\/td>\n<td data-label=\"Catalog No.\">FBPL 209<\/td>\n<\/tr>\n<tr>\n<td data-label=\"Shaft Diameter\">\u00d850mm<\/td>\n<td data-label=\"Catalog No.\">FBPL 210<\/td>\n<\/tr>\n<tr>\n<td data-label=\"Shaft Diameter\">\u00d855mm<\/td>\n<td data-label=\"Catalog No.\">FBPL 211<\/td>\n<\/tr>\n<tr>\n<td data-label=\"Shaft Diameter\">\u00d860mm<\/td>\n<td data-label=\"Catalog No.\">FBPL 212<\/td>\n<\/tr>\n<\/tbody>\n<\/table>\n<\/div>\n<p>FBPL20x a\u00e7\u0131k kapakl\u0131 veya kapal\u0131 kapakl\u0131 olarak temin edilebilir.<br \/>\nKapa\u011f\u0131 a\u00e7\u0131n, rulman numaralar\u0131na \u201cOC\u201d son eki eklendi. \u00f6rne\u011fin: FBPL204OC.<br \/>\nKapal\u0131 kapak, rulman numaralar\u0131na \u201cCC\u201d son eki eklenmi\u015ftir. \u00f6rne\u011fin: FBPL204CC.<\/p>\n<h2 data-start=\"0\" data-end=\"86\"><strong data-start=\"4\" data-end=\"84\">3 C\u0131vatal\u0131 Tek Tarafl\u0131 Flan\u015fl\u0131 FBPL Bilyal\u0131 Rulman \u00dcnitesi<\/strong><\/h2>\n<h3 data-start=\"0\" data-end=\"86\"><strong data-start=\"4\" data-end=\"84\">Performans\u0131 Art\u0131rmak:\u00a0<\/strong><strong data-start=\"93\" data-end=\"131\">\u00dcst\u00fcn \u0130stikrar ve G\u00fcvenilirlik<\/strong><\/h3>\n<p data-start=\"134\" data-end=\"506\">The <strong data-start=\"138\" data-end=\"187\">3 c\u0131vatal\u0131 tek tarafl\u0131 flan\u015fl\u0131 FBPL bilyal\u0131 rulman \u00fcnitesi<\/strong> i\u00e7in birinci s\u0131n\u0131f bir \u00e7\u00f6z\u00fcmd\u00fcr <a href=\"https:\/\/nhkmachineryparts.com\/tr\/our-industries\/\" data-internallinksmanager029f6b8e52c=\"4\" title=\"End\u00fcstrilerimiz\">end\u00fcstriler<\/a> gerektiren <strong data-start=\"235\" data-end=\"289\">y\u00fcksek stabilite, dayan\u0131kl\u0131l\u0131k ve hijyenik \u00e7al\u0131\u015fma<\/strong>A\u011f\u0131r hizmet tipi uygulamalar i\u00e7in tasarlanan bu \u00fcnite, <strong data-start=\"348\" data-end=\"376\">ola\u011fan\u00fcst\u00fc y\u00fck deste\u011fi<\/strong> hassas hizalamay\u0131 korurken, onu ideal bir se\u00e7im haline getirir <strong data-start=\"444\" data-end=\"505\">g\u0131da i\u015fleme, ila\u00e7 ve paketleme end\u00fcstrileri<\/strong>.<\/p>\n<h3 data-start=\"508\" data-end=\"561\"><strong data-start=\"513\" data-end=\"559\">FBPL Bilyal\u0131 Rulman \u00dcnitesinin Temel \u00d6zellikleri<\/strong><\/h3>\n<ul data-start=\"562\" data-end=\"1198\">\n<li data-start=\"562\" data-end=\"727\"><strong data-start=\"564\" data-end=\"587\">Sa\u011flam Yap\u0131<\/strong> \u2013 \u00dcretildi\u011fi yer <strong data-start=\"608\" data-end=\"638\">y\u00fcksek kaliteli paslanmaz \u00e7elik<\/strong>, sa\u011flanmas\u0131 <strong data-start=\"649\" data-end=\"698\">korozyon direnci ve uzun vadeli dayan\u0131kl\u0131l\u0131k<\/strong> i\u00e7inde <strong data-start=\"702\" data-end=\"724\">zorlu ortamlar<\/strong>.<\/li>\n<li data-start=\"728\" data-end=\"860\"><strong data-start=\"730\" data-end=\"756\"><a href=\"https:\/\/nhkmachineryparts.com\/tr\/urun\/217-waterproof-flange-bearing-units-with-spherical-inserts-ip67\/\" data-internallinksmanager029f6b8e52c=\"22\" title=\"ip67 su ge\u00e7irmez\">IP67 Su Ge\u00e7irmez<\/a> Tasar\u0131m<\/strong> \u2013 Nem, toz ve kirleticilere kar\u015f\u0131 koruma sa\u011flar, bu da onu <strong data-start=\"820\" data-end=\"857\">hijyenik uygulamalar i\u00e7in m\u00fckemmel<\/strong>.<\/li>\n<li data-start=\"861\" data-end=\"979\"><strong data-start=\"863\" data-end=\"891\">Tek Tarafl\u0131 Flan\u015f Montaj\u0131<\/strong> \u2013 \u015eunlara izin verir: <strong data-start=\"905\" data-end=\"942\">dar alanlarda kolay kurulum<\/strong>, operasyonel verimlili\u011fin art\u0131r\u0131lmas\u0131.<\/li>\n<li data-start=\"980\" data-end=\"1092\"><strong data-start=\"982\" data-end=\"1014\">Y\u00fcksek Hassasiyetli Bilyal\u0131 Rulmanlar<\/strong> - Sa\u011flamak <strong data-start=\"1025\" data-end=\"1089\">p\u00fcr\u00fczs\u00fcz d\u00f6n\u00fc\u015f, azalt\u0131lm\u0131\u015f s\u00fcrt\u00fcnme ve uzat\u0131lm\u0131\u015f hizmet \u00f6mr\u00fc<\/strong>.<\/li>\n<li data-start=\"1093\" data-end=\"1198\"><strong data-start=\"1095\" data-end=\"1121\">Kendi Kendini Ya\u011flayan Contalar<\/strong> \u2013 Bak\u0131m gereksinimlerini azalt\u0131rken ayn\u0131 zamanda \u015funlar\u0131 garanti alt\u0131na al\u0131n: <strong data-start=\"1171\" data-end=\"1197\">tutarl\u0131 performans<\/strong>.<\/li>\n<\/ul>\n<h3 data-start=\"1200\" data-end=\"1241\"><strong data-start=\"1205\" data-end=\"1239\">Ana End\u00fcstrilerdeki Uygulamalar<\/strong><\/h3>\n<p data-start=\"1242\" data-end=\"1288\">The <strong data-start=\"1246\" data-end=\"1267\">FBPL rulman \u00fcnitesi<\/strong> yayg\u0131n olarak \u015furada kullan\u0131l\u0131r:<\/p>\n<ul data-start=\"1289\" data-end=\"1599\">\n<li data-start=\"1289\" data-end=\"1401\"><strong data-start=\"1291\" data-end=\"1321\">G\u0131da ve \u0130\u00e7ecek \u0130\u015fleme<\/strong> \u2013 Hijyenik bir \u00e7al\u0131\u015fma ortam\u0131n\u0131n sa\u011flanmas\u0131 <strong data-start=\"1355\" data-end=\"1398\">konvey\u00f6rler, kar\u0131\u015ft\u0131r\u0131c\u0131lar ve dolum makineleri<\/strong>.<\/li>\n<li data-start=\"1402\" data-end=\"1505\"><strong data-start=\"1404\" data-end=\"1436\">\u0130la\u00e7 \u00dcretimi<\/strong> \u2013 Destekleyici <strong data-start=\"1450\" data-end=\"1479\">temiz oda s\u0131n\u0131f\u0131 ekipman<\/strong> steril \u00fcretim i\u00e7in.<\/li>\n<li data-start=\"1506\" data-end=\"1599\"><strong data-start=\"1508\" data-end=\"1534\">Paketleme ve Otomasyon<\/strong> \u2013 Sa\u011flamak <strong data-start=\"1547\" data-end=\"1596\">y\u00fcksek h\u0131zl\u0131 sistemlerde verimli y\u00fck ta\u015f\u0131ma<\/strong>.<\/li>\n<\/ul>\n<h3 data-start=\"1601\" data-end=\"1644\"><strong data-start=\"1606\" data-end=\"1642\">Maksimum Verimlilik i\u00e7in Optimize Edildi<\/strong><\/h3>\n<p data-start=\"1645\" data-end=\"1921\">\u0130le tasarland\u0131 <strong data-start=\"1659\" data-end=\"1694\"><a href=\"https:\/\/nhkmachineryparts.com\/tr\/3a-ve-ehedg-arasindaki-fark-nedir\/\" data-internallinksmanager029f6b8e52c=\"2\" title=\"EHEDG Sertifikal\u0131 Makine Par\u00e7alar\u0131\">EHEDG<\/a> ve 3A hijyen uyumlulu\u011fu<\/strong>, <strong data-start=\"1700\" data-end=\"1749\">3 c\u0131vatal\u0131 tek tarafl\u0131 flan\u015fl\u0131 FBPL bilyal\u0131 rulman \u00fcnitesi<\/strong> duru\u015f s\u00fcresini azalt\u0131r, ekipman \u00f6mr\u00fcn\u00fc uzat\u0131r ve \u00fcretkenli\u011fi art\u0131r\u0131r. <strong data-start=\"1829\" data-end=\"1858\">kompakt ancak sa\u011flam tasar\u0131m<\/strong> onu hayati bir bile\u015fen haline getirir <strong data-start=\"1889\" data-end=\"1920\">modern end\u00fcstriyel makineler<\/strong>.<\/p>\n<h3 data-start=\"1923\" data-end=\"2033\"><strong data-start=\"1923\" data-end=\"2033\" data-is-last-node=\"\">FBPL rulman \u00fcnitesiyle operasyonel verimlili\u011fi art\u0131r\u0131n<\/strong><\/h3>\n<p><strong data-start=\"1923\" data-end=\"2033\" data-is-last-node=\"\">Hassasiyet, dayan\u0131kl\u0131l\u0131k ve hijyen i\u00e7in tasarland\u0131.<\/strong><\/p>\n<p>\u0130htiyac\u0131n\u0131z olursa olsun size ve i\u015fletmenize hijyenik \u00e7\u00f6z\u00fcmler sunmaya haz\u0131r\u0131z. <a href=\"https:\/\/nhkmachineryparts.com\/tr\/urun-hatti\/hijyenik-tasarimli-makine-ayaklari-paslanmaz-ayaklar\/\">makine ayaklar\u0131<\/a>, <a href=\"https:\/\/nhkmachineryparts.com\/tr\/urun-hatti\/waterproof-bearing-house-ip67-waterproof-bearing-units\/\">su ge\u00e7irmez IP67 rulmanlar<\/a> veya <a href=\"https:\/\/nhkmachineryparts.com\/tr\/urun-hatti\/bearing-house-units-in-stainless-steel\/\">paslanmaz rulman \u00fcniteleri<\/a>, her \u015feye sahibiz.<\/p>\n\n\t\t<\/div>\n\t<\/div>\n<\/div><\/div><\/div><\/div><\/div><\/section>","protected":false},"excerpt":{"rendered":"Optimize Performance and Durability IP54 bearing housing in Polypropylene. (Colour in Black, White or Blue) IP54 bearing housing has adjustable pre-lubricated chrome steel or pre-lubricated stainless steel ball bearing. The bearing can be re-lubricated by means of grease-nipple or a quick coupler. IP54 bearing housing is fitted with clip-on safety cap. Rotary shaft seal ring [...]","protected":false},"featured_media":11646,"template":"","meta":[],"product_brand":[],"product_cat":[52],"product_tag":[],"class_list":{"0":"post-1783","1":"product","2":"type-product","3":"status-publish","4":"has-post-thumbnail","6":"product_cat-bearing-units-in-ip54-thermo-plastic-housing","8":"first","9":"instock","10":"shipping-taxable","11":"product-type-simple"},"yoast_head":"<!-- This site is optimized with the Yoast SEO plugin v27.3 - https:\/\/yoast.com\/product\/yoast-seo-wordpress\/ -->\n<title>3 bolt one side flange FBPL ball bearing unit | Optimize Performance | NHK Machinery Parts<\/title>\n<meta name=\"description\" content=\"Our maintenance free 3 bolt one side flange bearing units are resistant to all cleaning agents and chemicals, hygienic design and easy-to-clean. Performance\" \/>\n<meta name=\"robots\" content=\"index, follow, max-snippet:-1, max-image-preview:large, max-video-preview:-1\" \/>\n<link rel=\"canonical\" href=\"https:\/\/nhkmachineryparts.com\/tr\/urun\/226-flans-unitesi-3-civata-tek-tarafli-fbpl\/\" \/>\n<meta property=\"og:locale\" content=\"tr_TR\" \/>\n<meta property=\"og:type\" content=\"article\" \/>\n<meta property=\"og:title\" content=\"3 bolt one side flange FBPL ball bearing unit | Optimize Performance | NHK Machinery Parts\" \/>\n<meta property=\"og:description\" content=\"Our maintenance free 3 bolt one side flange bearing units are resistant to all cleaning agents and chemicals, hygienic design and easy-to-clean. Performance\" \/>\n<meta property=\"og:url\" content=\"https:\/\/nhkmachineryparts.com\/tr\/urun\/226-flans-unitesi-3-civata-tek-tarafli-fbpl\/\" \/>\n<meta property=\"og:site_name\" content=\"NHK Machinery Parts\" \/>\n<meta property=\"article:publisher\" content=\"https:\/\/www.facebook.com\/NHK.Group.aps\" \/>\n<meta property=\"article:modified_time\" content=\"2026-02-23T12:55:38+00:00\" \/>\n<meta property=\"og:image\" content=\"https:\/\/nhkmachineryparts.com\/wp-content\/uploads\/2022\/09\/3-bolt-one-side-flange-FBPL-ball-bearing-unit-2.jpg\" \/>\n\t<meta property=\"og:image:width\" content=\"1000\" \/>\n\t<meta property=\"og:image:height\" content=\"1000\" \/>\n\t<meta property=\"og:image:type\" content=\"image\/jpeg\" \/>\n<meta name=\"twitter:card\" content=\"summary_large_image\" \/>\n<meta name=\"twitter:label1\" content=\"Tahmini okuma s\u00fcresi\" \/>\n\t<meta name=\"twitter:data1\" content=\"3 dakika\" \/>\n<script type=\"application\/ld+json\" class=\"yoast-schema-graph\">{\"@context\":\"https:\\\/\\\/schema.org\",\"@graph\":[{\"@type\":\"WebPage\",\"@id\":\"https:\\\/\\\/nhkmachineryparts.com\\\/product\\\/226-flange-unit-3-bolt-one-side-fbpl\\\/\",\"url\":\"https:\\\/\\\/nhkmachineryparts.com\\\/product\\\/226-flange-unit-3-bolt-one-side-fbpl\\\/\",\"name\":\"3 bolt one side flange FBPL ball bearing unit | Optimize Performance | NHK Machinery Parts\",\"isPartOf\":{\"@id\":\"https:\\\/\\\/nhkmachineryparts.com\\\/#website\"},\"primaryImageOfPage\":{\"@id\":\"https:\\\/\\\/nhkmachineryparts.com\\\/product\\\/226-flange-unit-3-bolt-one-side-fbpl\\\/#primaryimage\"},\"image\":{\"@id\":\"https:\\\/\\\/nhkmachineryparts.com\\\/product\\\/226-flange-unit-3-bolt-one-side-fbpl\\\/#primaryimage\"},\"thumbnailUrl\":\"https:\\\/\\\/nhkmachineryparts.com\\\/wp-content\\\/uploads\\\/2022\\\/09\\\/3-bolt-one-side-flange-FBPL-ball-bearing-unit-2.jpg\",\"datePublished\":\"2022-09-26T09:45:47+00:00\",\"dateModified\":\"2026-02-23T12:55:38+00:00\",\"description\":\"Our maintenance free 3 bolt one side flange bearing units are resistant to all cleaning agents and chemicals, hygienic design and easy-to-clean. Performance\",\"breadcrumb\":{\"@id\":\"https:\\\/\\\/nhkmachineryparts.com\\\/product\\\/226-flange-unit-3-bolt-one-side-fbpl\\\/#breadcrumb\"},\"inLanguage\":\"tr\",\"potentialAction\":[{\"@type\":\"ReadAction\",\"target\":[\"https:\\\/\\\/nhkmachineryparts.com\\\/product\\\/226-flange-unit-3-bolt-one-side-fbpl\\\/\"]}]},{\"@type\":\"ImageObject\",\"inLanguage\":\"tr\",\"@id\":\"https:\\\/\\\/nhkmachineryparts.com\\\/product\\\/226-flange-unit-3-bolt-one-side-fbpl\\\/#primaryimage\",\"url\":\"https:\\\/\\\/nhkmachineryparts.com\\\/wp-content\\\/uploads\\\/2022\\\/09\\\/3-bolt-one-side-flange-FBPL-ball-bearing-unit-2.jpg\",\"contentUrl\":\"https:\\\/\\\/nhkmachineryparts.com\\\/wp-content\\\/uploads\\\/2022\\\/09\\\/3-bolt-one-side-flange-FBPL-ball-bearing-unit-2.jpg\",\"width\":1000,\"height\":1000,\"caption\":\"3 bolt one side flange FBPL ball bearing unit\"},{\"@type\":\"BreadcrumbList\",\"@id\":\"https:\\\/\\\/nhkmachineryparts.com\\\/product\\\/226-flange-unit-3-bolt-one-side-fbpl\\\/#breadcrumb\",\"itemListElement\":[{\"@type\":\"ListItem\",\"position\":1,\"name\":\"Home\",\"item\":\"https:\\\/\\\/nhkmachineryparts.com\\\/\"},{\"@type\":\"ListItem\",\"position\":2,\"name\":\"Product line\",\"item\":\"https:\\\/\\\/nhkmachineryparts.com\\\/product-line\\\/\"},{\"@type\":\"ListItem\",\"position\":3,\"name\":\"Bearing units in IP54\u00a0composite housing\",\"item\":\"https:\\\/\\\/nhkmachineryparts.com\\\/product-line\\\/bearing-units-in-ip54-thermo-plastic-housing\\\/\"},{\"@type\":\"ListItem\",\"position\":4,\"name\":\"3 bolt one side flange FBPL ball bearing unit\"}]},{\"@type\":\"WebSite\",\"@id\":\"https:\\\/\\\/nhkmachineryparts.com\\\/#website\",\"url\":\"https:\\\/\\\/nhkmachineryparts.com\\\/\",\"name\":\"NHK Machinery Parts\",\"description\":\"Bearing Houses, seismic levelling feet and levelling castors\",\"publisher\":{\"@id\":\"https:\\\/\\\/nhkmachineryparts.com\\\/#organization\"},\"potentialAction\":[{\"@type\":\"SearchAction\",\"target\":{\"@type\":\"EntryPoint\",\"urlTemplate\":\"https:\\\/\\\/nhkmachineryparts.com\\\/?s={search_term_string}\"},\"query-input\":{\"@type\":\"PropertyValueSpecification\",\"valueRequired\":true,\"valueName\":\"search_term_string\"}}],\"inLanguage\":\"tr\"},{\"@type\":\"Organization\",\"@id\":\"https:\\\/\\\/nhkmachineryparts.com\\\/#organization\",\"name\":\"Nhk Group ApS\",\"url\":\"https:\\\/\\\/nhkmachineryparts.com\\\/\",\"logo\":{\"@type\":\"ImageObject\",\"inLanguage\":\"tr\",\"@id\":\"https:\\\/\\\/nhkmachineryparts.com\\\/#\\\/schema\\\/logo\\\/image\\\/\",\"url\":\"https:\\\/\\\/nhkmachineryparts.com\\\/wp-content\\\/uploads\\\/2022\\\/09\\\/NHKgroup_social.jpg\",\"contentUrl\":\"https:\\\/\\\/nhkmachineryparts.com\\\/wp-content\\\/uploads\\\/2022\\\/09\\\/NHKgroup_social.jpg\",\"width\":1200,\"height\":630,\"caption\":\"Nhk Group ApS\"},\"image\":{\"@id\":\"https:\\\/\\\/nhkmachineryparts.com\\\/#\\\/schema\\\/logo\\\/image\\\/\"},\"sameAs\":[\"https:\\\/\\\/www.facebook.com\\\/NHK.Group.aps\"]}]}<\/script>\n<!-- \/ Yoast SEO plugin. -->","yoast_head_json":{"title":"3 c\u0131vatal\u0131 tek tarafl\u0131 flan\u015fl\u0131 FBPL bilyal\u0131 rulman \u00fcnitesi | Performans\u0131 Optimize Edin | NHK Makine Par\u00e7alar\u0131","description":"Bak\u0131m gerektirmeyen 3 c\u0131vatal\u0131 tek tarafl\u0131 flan\u015fl\u0131 rulman \u00fcnitelerimiz t\u00fcm temizlik maddelerine ve kimyasallara dayan\u0131kl\u0131d\u0131r, hijyenik tasar\u0131ma sahiptir ve temizlenmesi kolayd\u0131r. Performans","robots":{"index":"index","follow":"follow","max-snippet":"max-snippet:-1","max-image-preview":"max-image-preview:large","max-video-preview":"max-video-preview:-1"},"canonical":"https:\/\/nhkmachineryparts.com\/tr\/urun\/226-flans-unitesi-3-civata-tek-tarafli-fbpl\/","og_locale":"tr_TR","og_type":"article","og_title":"3 bolt one side flange FBPL ball bearing unit | Optimize Performance | NHK Machinery Parts","og_description":"Our maintenance free 3 bolt one side flange bearing units are resistant to all cleaning agents and chemicals, hygienic design and easy-to-clean. Performance","og_url":"https:\/\/nhkmachineryparts.com\/tr\/urun\/226-flans-unitesi-3-civata-tek-tarafli-fbpl\/","og_site_name":"NHK Machinery Parts","article_publisher":"https:\/\/www.facebook.com\/NHK.Group.aps","article_modified_time":"2026-02-23T12:55:38+00:00","og_image":[{"width":1000,"height":1000,"url":"https:\/\/nhkmachineryparts.com\/wp-content\/uploads\/2022\/09\/3-bolt-one-side-flange-FBPL-ball-bearing-unit-2.jpg","type":"image\/jpeg"}],"twitter_card":"summary_large_image","twitter_misc":{"Tahmini okuma s\u00fcresi":"3 dakika"},"schema":{"@context":"https:\/\/schema.org","@graph":[{"@type":"WebPage","@id":"https:\/\/nhkmachineryparts.com\/product\/226-flange-unit-3-bolt-one-side-fbpl\/","url":"https:\/\/nhkmachineryparts.com\/product\/226-flange-unit-3-bolt-one-side-fbpl\/","name":"3 c\u0131vatal\u0131 tek tarafl\u0131 flan\u015fl\u0131 FBPL bilyal\u0131 rulman \u00fcnitesi | Performans\u0131 Optimize Edin | NHK Makine Par\u00e7alar\u0131","isPartOf":{"@id":"https:\/\/nhkmachineryparts.com\/#website"},"primaryImageOfPage":{"@id":"https:\/\/nhkmachineryparts.com\/product\/226-flange-unit-3-bolt-one-side-fbpl\/#primaryimage"},"image":{"@id":"https:\/\/nhkmachineryparts.com\/product\/226-flange-unit-3-bolt-one-side-fbpl\/#primaryimage"},"thumbnailUrl":"https:\/\/nhkmachineryparts.com\/wp-content\/uploads\/2022\/09\/3-bolt-one-side-flange-FBPL-ball-bearing-unit-2.jpg","datePublished":"2022-09-26T09:45:47+00:00","dateModified":"2026-02-23T12:55:38+00:00","description":"Bak\u0131m gerektirmeyen 3 c\u0131vatal\u0131 tek tarafl\u0131 flan\u015fl\u0131 rulman \u00fcnitelerimiz t\u00fcm temizlik maddelerine ve kimyasallara dayan\u0131kl\u0131d\u0131r, hijyenik tasar\u0131ma sahiptir ve temizlenmesi kolayd\u0131r. Performans","breadcrumb":{"@id":"https:\/\/nhkmachineryparts.com\/product\/226-flange-unit-3-bolt-one-side-fbpl\/#breadcrumb"},"inLanguage":"tr","potentialAction":[{"@type":"ReadAction","target":["https:\/\/nhkmachineryparts.com\/product\/226-flange-unit-3-bolt-one-side-fbpl\/"]}]},{"@type":"ImageObject","inLanguage":"tr","@id":"https:\/\/nhkmachineryparts.com\/product\/226-flange-unit-3-bolt-one-side-fbpl\/#primaryimage","url":"https:\/\/nhkmachineryparts.com\/wp-content\/uploads\/2022\/09\/3-bolt-one-side-flange-FBPL-ball-bearing-unit-2.jpg","contentUrl":"https:\/\/nhkmachineryparts.com\/wp-content\/uploads\/2022\/09\/3-bolt-one-side-flange-FBPL-ball-bearing-unit-2.jpg","width":1000,"height":1000,"caption":"3 bolt one side flange FBPL ball bearing unit"},{"@type":"BreadcrumbList","@id":"https:\/\/nhkmachineryparts.com\/product\/226-flange-unit-3-bolt-one-side-fbpl\/#breadcrumb","itemListElement":[{"@type":"ListItem","position":1,"name":"Home","item":"https:\/\/nhkmachineryparts.com\/"},{"@type":"ListItem","position":2,"name":"Product line","item":"https:\/\/nhkmachineryparts.com\/product-line\/"},{"@type":"ListItem","position":3,"name":"Bearing units in IP54\u00a0composite housing","item":"https:\/\/nhkmachineryparts.com\/product-line\/bearing-units-in-ip54-thermo-plastic-housing\/"},{"@type":"ListItem","position":4,"name":"3 bolt one side flange FBPL ball bearing unit"}]},{"@type":"WebSite","@id":"https:\/\/nhkmachineryparts.com\/#website","url":"https:\/\/nhkmachineryparts.com\/","name":"NHK Makine Par\u00e7alar\u0131","description":"Rulman Yataklar\u0131, sismik tesviye ayaklar\u0131 ve tesviye tekerlekleri","publisher":{"@id":"https:\/\/nhkmachineryparts.com\/#organization"},"potentialAction":[{"@type":"SearchAction","target":{"@type":"EntryPoint","urlTemplate":"https:\/\/nhkmachineryparts.com\/?s={search_term_string}"},"query-input":{"@type":"PropertyValueSpecification","valueRequired":true,"valueName":"search_term_string"}}],"inLanguage":"tr"},{"@type":"Organization","@id":"https:\/\/nhkmachineryparts.com\/#organization","name":"NHK Grup ApS","url":"https:\/\/nhkmachineryparts.com\/","logo":{"@type":"ImageObject","inLanguage":"tr","@id":"https:\/\/nhkmachineryparts.com\/#\/schema\/logo\/image\/","url":"https:\/\/nhkmachineryparts.com\/wp-content\/uploads\/2022\/09\/NHKgroup_social.jpg","contentUrl":"https:\/\/nhkmachineryparts.com\/wp-content\/uploads\/2022\/09\/NHKgroup_social.jpg","width":1200,"height":630,"caption":"Nhk Group ApS"},"image":{"@id":"https:\/\/nhkmachineryparts.com\/#\/schema\/logo\/image\/"},"sameAs":["https:\/\/www.facebook.com\/NHK.Group.aps"]}]}},"_links":{"self":[{"href":"https:\/\/nhkmachineryparts.com\/tr\/wp-json\/wp\/v2\/product\/1783","targetHints":{"allow":["GET"]}}],"collection":[{"href":"https:\/\/nhkmachineryparts.com\/tr\/wp-json\/wp\/v2\/product"}],"about":[{"href":"https:\/\/nhkmachineryparts.com\/tr\/wp-json\/wp\/v2\/types\/product"}],"wp:featuredmedia":[{"embeddable":true,"href":"https:\/\/nhkmachineryparts.com\/tr\/wp-json\/wp\/v2\/media\/11646"}],"wp:attachment":[{"href":"https:\/\/nhkmachineryparts.com\/tr\/wp-json\/wp\/v2\/media?parent=1783"}],"wp:term":[{"taxonomy":"product_brand","embeddable":true,"href":"https:\/\/nhkmachineryparts.com\/tr\/wp-json\/wp\/v2\/product_brand?post=1783"},{"taxonomy":"product_cat","embeddable":true,"href":"https:\/\/nhkmachineryparts.com\/tr\/wp-json\/wp\/v2\/product_cat?post=1783"},{"taxonomy":"product_tag","embeddable":true,"href":"https:\/\/nhkmachineryparts.com\/tr\/wp-json\/wp\/v2\/product_tag?post=1783"}],"curies":[{"name":"wp","href":"https:\/\/api.w.org\/{rel}","templated":true}]}}