{"id":1770,"date":"2022-09-25T19:40:16","date_gmt":"2022-09-25T19:40:16","guid":{"rendered":"https:\/\/nhkmachineryparts.pawsfabrik.dk\/?post_type=product&#038;p=1770"},"modified":"2026-02-23T14:55:53","modified_gmt":"2026-02-23T12:55:53","slug":"225-kilavuzlu-taban-yastik-blok-unite-papl","status":"publish","type":"product","link":"https:\/\/nhkmachineryparts.com\/tr\/product\/225-tapped-base-pillow-block-unit-papl\/","title":{"rendered":"K\u0131lavuzlu taban yast\u0131k blo\u011fu PAPL bilyal\u0131 rulman \u00fcnitesi"},"content":{"rendered":"<section class=\"vc_row vc_custom_1662993827263 liquid-row-shadowbox-69d3e0afe1c4d vc_column-gap-0\"><div class=\"ld-container container\"><div class=\"row ld-row ld-row-outer\"><div class=\"wpb_column vc_column_container vc_col-sm-12 liquid-column-69d3e0afe1ddb\"><div class=\"vc_column-inner\" ><div class=\"wpb_wrapper\"  >\n\t<div class=\"wpb_text_column wpb_content_element\" >\n\t\t<div class=\"wpb_wrapper\">\n\t\t\t<h2>Geli\u015fmi\u015f Stabilite ve Dayan\u0131kl\u0131l\u0131k<\/h2>\n<p>Polipropilen IP54 rulman yuvas\u0131. (Siyah, Beyaz veya Mavi renkte)<br \/>\nIP54 rulman muhafazas\u0131nda ayarlanabilir \u00f6nceden ya\u011flamal\u0131 krom \u00e7elik veya \u00f6nceden ya\u011flamal\u0131 paslanmaz \u00e7elik bilyal\u0131 rulman bulunur.<br \/>\nRulman, gres nipeli veya h\u0131zl\u0131 ba\u011flant\u0131 eleman\u0131 arac\u0131l\u0131\u011f\u0131yla yeniden ya\u011flanabilir.<br \/>\nIP54 rulman muhafazas\u0131 klipsli emniyet kapa\u011f\u0131yla donat\u0131lm\u0131\u015ft\u0131r.<br \/>\nNBR kau\u00e7uktan ekstra toz koruma dudakl\u0131 d\u00f6ner mil conta halkas\u0131 (TC).<\/p>\n<h2>\u00d6zellikler ve avantajlar<\/h2>\n<ul>\n<li>-20C ile +100C aras\u0131 \u00e7al\u0131\u015fma s\u0131cakl\u0131\u011f\u0131.<\/li>\n<li>Ekonomik \u00e7al\u0131\u015fma.<\/li>\n<li>Uzun \u00f6m\u00fcrl\u00fc rulman ek par\u00e7as\u0131.<\/li>\n<li>T\u00fcm g\u00fcvenlik gereksinimlerini kar\u015f\u0131layacak konsept ve tasar\u0131m.<\/li>\n<li>Standart d\u00f6kme demir flan\u015fl\u0131 yatak destekleriyle de\u011fi\u015ftirilebilir.<\/li>\n<li>\u015eaft ve mahfaza aras\u0131ndaki maksimum hizas\u0131zl\u0131k: 3 derece.<\/li>\n<li>Tamamen kapal\u0131 \u00fcniteler.<\/li>\n<li>Paslanmaz \u00e7elik gres nipelleri AISI304 M6x1mm<\/li>\n<li>Paslanmaz \u00e7elik rulmanlar AISI 440C (\u00f6nceden ya\u011flanm\u0131\u015f)<\/li>\n<li>Nemli ko\u015fullardaki uygulamalar i\u00e7in su, alkalin veya asit sol\u00fcsyonlar\u0131 ile ideal olan uzun \u00f6m\u00fcrl\u00fc gres ile \u00f6nceden ya\u011flanm\u0131\u015f bilyal\u0131 rulman.<\/li>\n<\/ul>\n<h2>Mevcut boyutlar<\/h2>\n<div class=\"dcf-overflow-x-auto\" tabindex=\"0\">\n<table class=\"dcf-table dcf-table-bordered dcf-w-100%\">\n<thead>\n<tr>\n<th scope=\"col\">Mil \u00c7ap\u0131<\/th>\n<th scope=\"col\">Katalog No.<\/th>\n<\/tr>\n<\/thead>\n<tbody>\n<tr>\n<td data-label=\"Shaft Diameter\">\u00d820mm<\/td>\n<td data-label=\"Catalog No.\">PAPL 204<\/td>\n<\/tr>\n<tr>\n<td data-label=\"Shaft Diameter\">\u00d825mm<\/td>\n<td data-label=\"Catalog No.\">PAPL 205<\/td>\n<\/tr>\n<tr>\n<td data-label=\"Shaft Diameter\">\u00d830mm<\/td>\n<td data-label=\"Catalog No.\">PAPL 206<\/td>\n<\/tr>\n<tr>\n<td data-label=\"Shaft Diameter\">\u00d835mm<\/td>\n<td data-label=\"Catalog No.\">PAPL 207<\/td>\n<\/tr>\n<tr>\n<td data-label=\"Shaft Diameter\">\u00d840mm<\/td>\n<td data-label=\"Catalog No.\">PAPL 208<\/td>\n<\/tr>\n<tr>\n<td data-label=\"Shaft Diameter\">\u00d845mm<\/td>\n<td data-label=\"Catalog No.\">PAPL 209<\/td>\n<\/tr>\n<tr>\n<td data-label=\"Shaft Diameter\">\u00d850mm<\/td>\n<td data-label=\"Catalog No.\">PAPL 210<\/td>\n<\/tr>\n<tr>\n<td data-label=\"Shaft Diameter\">\u00d855mm<\/td>\n<td data-label=\"Catalog No.\">PAPL 211<\/td>\n<\/tr>\n<tr>\n<td data-label=\"Shaft Diameter\">\u00d860mm<\/td>\n<td data-label=\"Catalog No.\">PAPL 212<\/td>\n<\/tr>\n<\/tbody>\n<\/table>\n<\/div>\n<p>Talep \u00fczerine \u0130n\u00e7 di\u015fli di\u015fli taban yast\u0131k blok \u00fcnitesi PAPL de mevcuttur<\/p>\n<p>PAPL20x, kalem kapakl\u0131 veya kapal\u0131 kapakl\u0131 olarak temin edilebilir.<br \/>\nKapa\u011f\u0131 a\u00e7\u0131n, rulman numaralar\u0131na \u201cOC\u201d son eki eklendi. \u00f6rne\u011fin: PAPL204OC<br \/>\nKapal\u0131 vap, rulman numaralar\u0131na \u201cCC\u201d son eki eklenmi\u015ftir. \u00f6rne\u011fin: PAPL204CC<\/p>\n<h2 data-start=\"0\" data-end=\"100\">Tapped Taban Yast\u0131k Blo\u011fu PAPL Bilyal\u0131 Rulman \u00dcnitesi:<\/h2>\n<h3 data-start=\"0\" data-end=\"100\">End\u00fcstriyel Uygulamalar \u0130\u00e7in Dayan\u0131kl\u0131 Bir \u00c7\u00f6z\u00fcm<\/h3>\n<p data-start=\"122\" data-end=\"434\">The <strong data-start=\"126\" data-end=\"177\">Tapped Taban Yast\u0131k Blo\u011fu PAPL Bilyal\u0131 Rulman \u00dcnitesi<\/strong> \u00e7e\u015fitli end\u00fcstriyel uygulamalarda temel bir bile\u015fendir, d\u00f6nen miller i\u00e7in sa\u011flam destek sa\u011flarken stabilite ve dayan\u0131kl\u0131l\u0131\u011f\u0131 garanti eder. Y\u00fcksek y\u00fck kapasiteleri i\u00e7in tasarlanan bu rulman \u00fcnitesi, zorlu ortamlarda ola\u011fan\u00fcst\u00fc performans sunar.<\/p>\n<h3 data-start=\"436\" data-end=\"463\">\u00d6zellikler ve Avantajlar<\/h3>\n<ol data-start=\"465\" data-end=\"1384\">\n<li data-start=\"465\" data-end=\"717\">\n<p data-start=\"468\" data-end=\"717\"><strong data-start=\"468\" data-end=\"503\">G\u00fcvenli Montaj i\u00e7in Di\u015fli Taban<\/strong><br data-start=\"503\" data-end=\"506\" \/>The <strong data-start=\"513\" data-end=\"539\">PAPL bilyal\u0131 rulman \u00fcnitesi<\/strong> kolay ve g\u00fcvenli montaj sa\u011flayan di\u015fli bir tabana sahiptir. Bu tasar\u0131m, dengeyi art\u0131r\u0131r ve titre\u015fimi azalt\u0131r, bu da onu hassas hizalama gerektiren makineler i\u00e7in ideal hale getirir.<\/p>\n<\/li>\n<li data-start=\"719\" data-end=\"967\">\n<p data-start=\"722\" data-end=\"967\"><strong data-start=\"722\" data-end=\"748\">Y\u00fcksek Kaliteli Malzemeler<\/strong><br data-start=\"748\" data-end=\"751\" \/>Kullan\u0131larak \u00fcretilmi\u015ftir <strong data-start=\"773\" data-end=\"825\">korozyona dayan\u0131kl\u0131 paslanmaz \u00e7elik veya d\u00f6k\u00fcm demir<\/strong>, \u00fcnite, g\u0131da i\u015fleme, ila\u00e7 ve kimyasal gibi zorlu ko\u015fullarda bile uzun \u00f6m\u00fcr ve dayan\u0131kl\u0131l\u0131k sa\u011flar <a href=\"https:\/\/nhkmachineryparts.com\/tr\/our-industries\/\" data-internallinksmanager029f6b8e52c=\"4\" title=\"End\u00fcstrilerimiz\">end\u00fcstriler<\/a>.<\/p>\n<\/li>\n<li data-start=\"969\" data-end=\"1174\">\n<p data-start=\"972\" data-end=\"1174\"><strong data-start=\"972\" data-end=\"1005\">Koruma i\u00e7in S\u0131zd\u0131rmaz Yatak<\/strong><br data-start=\"1005\" data-end=\"1008\" \/>The <strong data-start=\"1015\" data-end=\"1054\">\u00f6nceden ya\u011flanm\u0131\u015f, m\u00fch\u00fcrl\u00fc bilyal\u0131 rulman<\/strong> Toz, nem ve d\u00f6k\u00fcnt\u00fclerden kaynaklanan kirlenmeyi \u00f6nleyerek \u00fcnitenin kullan\u0131m \u00f6mr\u00fcn\u00fc uzat\u0131r ve bak\u0131m maliyetlerini azalt\u0131r.<\/p>\n<\/li>\n<li data-start=\"1176\" data-end=\"1384\">\n<p data-start=\"1179\" data-end=\"1384\"><strong data-start=\"1179\" data-end=\"1205\">\u00c7ok Y\u00f6nl\u00fc Uygulamalar<\/strong><br data-start=\"1205\" data-end=\"1208\" \/>The <strong data-start=\"1215\" data-end=\"1241\">PAPL yast\u0131k blok \u00fcnitesi<\/strong> Konvey\u00f6r sistemlerinde, paketleme makinelerinde ve tar\u0131m ekipmanlar\u0131nda yayg\u0131n olarak kullan\u0131lmakta olup, \u00e7e\u015fitli end\u00fcstrilerde g\u00fcvenilir performans sunmaktad\u0131r.<\/p>\n<\/li>\n<\/ol>\n<h3 data-start=\"1386\" data-end=\"1443\">Neden Tapped Base Yast\u0131k Blok PAPL Rulman Se\u00e7melisiniz?<\/h3>\n<ul data-start=\"1445\" data-end=\"1666\">\n<li data-start=\"1445\" data-end=\"1522\"><strong data-start=\"1447\" data-end=\"1469\">Geli\u015fmi\u015f Kararl\u0131l\u0131k<\/strong>:T\u0131rt\u0131kl\u0131 taban tasar\u0131m\u0131 ile sa\u011flam bir tutu\u015f sa\u011flar.<\/li>\n<li data-start=\"1523\" data-end=\"1592\"><strong data-start=\"1525\" data-end=\"1545\">Daha Az Kesinti S\u00fcresi<\/strong>: Kapal\u0131 rulman bak\u0131m ihtiyac\u0131n\u0131 en aza indirir.<\/li>\n<li data-start=\"1593\" data-end=\"1666\"><strong data-start=\"1595\" data-end=\"1619\">Korozyon Direnci<\/strong>: Islak ve hijyenik ortamlara uygundur.<\/li>\n<\/ul>\n<h2 data-start=\"0\" data-end=\"100\">End\u00fcstriyel Uygulamalar \u0130\u00e7in Dayan\u0131kl\u0131 Bir \u00c7\u00f6z\u00fcm<\/h2>\n<p data-start=\"1686\" data-end=\"1948\">The <strong data-start=\"1690\" data-end=\"1741\">Tapped Taban Yast\u0131k Blo\u011fu PAPL Bilyal\u0131 Rulman \u00dcnitesi<\/strong> end\u00fcstriyel uygulamalar i\u00e7in g\u00fcvenilir ve dayan\u0131kl\u0131 bir se\u00e7imdir. Y\u00fcksek y\u00fck kapasitesi, korozyon direnci ve g\u00fcvenli montaj\u0131 ile bak\u0131m \u00e7abalar\u0131n\u0131 azalt\u0131rken operasyonel verimlili\u011fi art\u0131r\u0131r.<\/p>\n<p>\u0130htiyac\u0131n\u0131z olursa olsun size ve i\u015fletmenize hijyenik \u00e7\u00f6z\u00fcmler sunmaya haz\u0131r\u0131z. <a href=\"https:\/\/nhkmachineryparts.com\/tr\/urun-hatti\/hijyenik-tasarimli-makine-ayaklari-paslanmaz-ayaklar\/\">makine ayaklar\u0131<\/a>, <a href=\"https:\/\/nhkmachineryparts.com\/tr\/urun-hatti\/waterproof-bearing-house-ip67-waterproof-bearing-units\/\">su ge\u00e7irmez IP67 rulmanlar<\/a> veya <a href=\"https:\/\/nhkmachineryparts.com\/tr\/urun-hatti\/bearing-house-units-in-stainless-steel\/\">paslanmaz rulman \u00fcniteleri<\/a>, her \u015feye sahibiz.<\/p>\n\n\t\t<\/div>\n\t<\/div>\n<\/div><\/div><\/div><\/div><\/div><\/section>","protected":false},"excerpt":{"rendered":"Enhanced Stability and Durability IP54 bearing housing in Polypropylene. (Colour in Black, White or Blue) IP54 bearing housing has adjustable pre-lubricated chrome steel or pre-lubricated stainless steel ball bearing. The bearing can be re-lubricated by means of grease-nipple or a quick coupler. IP54 bearing housing is fitted with clip-on safety cap. Rotary shaft seal ring [...]","protected":false},"featured_media":11648,"template":"","meta":[],"product_brand":[],"product_cat":[52],"product_tag":[],"class_list":{"0":"post-1770","1":"product","2":"type-product","3":"status-publish","4":"has-post-thumbnail","6":"product_cat-bearing-units-in-ip54-thermo-plastic-housing","8":"first","9":"instock","10":"shipping-taxable","11":"product-type-simple"},"yoast_head":"<!-- This site is optimized with the Yoast SEO plugin v27.3 - https:\/\/yoast.com\/product\/yoast-seo-wordpress\/ -->\n<title>Tapped base pillow block PAPL ball bearing unit | Durability | NHK Machinery Parts<\/title>\n<meta name=\"description\" content=\"Our maintenance free tapped pillow block bearing units are resistant to all cleaning agents and chemicals, hygienic design and easy-to-clean. Durability\" \/>\n<meta name=\"robots\" content=\"index, follow, max-snippet:-1, max-image-preview:large, max-video-preview:-1\" \/>\n<link rel=\"canonical\" href=\"https:\/\/nhkmachineryparts.com\/tr\/urun\/225-kilavuzlu-taban-yastik-blok-unite-papl\/\" \/>\n<meta property=\"og:locale\" content=\"tr_TR\" \/>\n<meta property=\"og:type\" content=\"article\" \/>\n<meta property=\"og:title\" content=\"Tapped base pillow block PAPL ball bearing unit | Durability | NHK Machinery Parts\" \/>\n<meta property=\"og:description\" content=\"Our maintenance free tapped pillow block bearing units are resistant to all cleaning agents and chemicals, hygienic design and easy-to-clean. Durability\" \/>\n<meta property=\"og:url\" content=\"https:\/\/nhkmachineryparts.com\/tr\/urun\/225-kilavuzlu-taban-yastik-blok-unite-papl\/\" \/>\n<meta property=\"og:site_name\" content=\"NHK Machinery Parts\" \/>\n<meta property=\"article:publisher\" content=\"https:\/\/www.facebook.com\/NHK.Group.aps\" \/>\n<meta property=\"article:modified_time\" content=\"2026-02-23T12:55:53+00:00\" \/>\n<meta property=\"og:image\" content=\"https:\/\/nhkmachineryparts.com\/wp-content\/uploads\/2022\/09\/Tapped-base-pillow-block-PAPL-ball-bearing-unit-2.jpg\" \/>\n\t<meta property=\"og:image:width\" content=\"1000\" \/>\n\t<meta property=\"og:image:height\" content=\"1000\" \/>\n\t<meta property=\"og:image:type\" content=\"image\/jpeg\" \/>\n<meta name=\"twitter:card\" content=\"summary_large_image\" \/>\n<meta name=\"twitter:label1\" content=\"Tahmini okuma s\u00fcresi\" \/>\n\t<meta name=\"twitter:data1\" content=\"3 dakika\" \/>\n<script type=\"application\/ld+json\" class=\"yoast-schema-graph\">{\"@context\":\"https:\\\/\\\/schema.org\",\"@graph\":[{\"@type\":\"WebPage\",\"@id\":\"https:\\\/\\\/nhkmachineryparts.com\\\/product\\\/225-tapped-base-pillow-block-unit-papl\\\/\",\"url\":\"https:\\\/\\\/nhkmachineryparts.com\\\/product\\\/225-tapped-base-pillow-block-unit-papl\\\/\",\"name\":\"Tapped base pillow block PAPL ball bearing unit | Durability | NHK Machinery Parts\",\"isPartOf\":{\"@id\":\"https:\\\/\\\/nhkmachineryparts.com\\\/#website\"},\"primaryImageOfPage\":{\"@id\":\"https:\\\/\\\/nhkmachineryparts.com\\\/product\\\/225-tapped-base-pillow-block-unit-papl\\\/#primaryimage\"},\"image\":{\"@id\":\"https:\\\/\\\/nhkmachineryparts.com\\\/product\\\/225-tapped-base-pillow-block-unit-papl\\\/#primaryimage\"},\"thumbnailUrl\":\"https:\\\/\\\/nhkmachineryparts.com\\\/wp-content\\\/uploads\\\/2022\\\/09\\\/Tapped-base-pillow-block-PAPL-ball-bearing-unit-2.jpg\",\"datePublished\":\"2022-09-25T19:40:16+00:00\",\"dateModified\":\"2026-02-23T12:55:53+00:00\",\"description\":\"Our maintenance free tapped pillow block bearing units are resistant to all cleaning agents and chemicals, hygienic design and easy-to-clean. Durability\",\"breadcrumb\":{\"@id\":\"https:\\\/\\\/nhkmachineryparts.com\\\/product\\\/225-tapped-base-pillow-block-unit-papl\\\/#breadcrumb\"},\"inLanguage\":\"tr\",\"potentialAction\":[{\"@type\":\"ReadAction\",\"target\":[\"https:\\\/\\\/nhkmachineryparts.com\\\/product\\\/225-tapped-base-pillow-block-unit-papl\\\/\"]}]},{\"@type\":\"ImageObject\",\"inLanguage\":\"tr\",\"@id\":\"https:\\\/\\\/nhkmachineryparts.com\\\/product\\\/225-tapped-base-pillow-block-unit-papl\\\/#primaryimage\",\"url\":\"https:\\\/\\\/nhkmachineryparts.com\\\/wp-content\\\/uploads\\\/2022\\\/09\\\/Tapped-base-pillow-block-PAPL-ball-bearing-unit-2.jpg\",\"contentUrl\":\"https:\\\/\\\/nhkmachineryparts.com\\\/wp-content\\\/uploads\\\/2022\\\/09\\\/Tapped-base-pillow-block-PAPL-ball-bearing-unit-2.jpg\",\"width\":1000,\"height\":1000,\"caption\":\"Tapped base pillow block PAPL ball bearing unit\"},{\"@type\":\"BreadcrumbList\",\"@id\":\"https:\\\/\\\/nhkmachineryparts.com\\\/product\\\/225-tapped-base-pillow-block-unit-papl\\\/#breadcrumb\",\"itemListElement\":[{\"@type\":\"ListItem\",\"position\":1,\"name\":\"Home\",\"item\":\"https:\\\/\\\/nhkmachineryparts.com\\\/\"},{\"@type\":\"ListItem\",\"position\":2,\"name\":\"Product line\",\"item\":\"https:\\\/\\\/nhkmachineryparts.com\\\/product-line\\\/\"},{\"@type\":\"ListItem\",\"position\":3,\"name\":\"Bearing units in IP54\u00a0composite housing\",\"item\":\"https:\\\/\\\/nhkmachineryparts.com\\\/product-line\\\/bearing-units-in-ip54-thermo-plastic-housing\\\/\"},{\"@type\":\"ListItem\",\"position\":4,\"name\":\"Tapped base pillow block PAPL ball bearing unit\"}]},{\"@type\":\"WebSite\",\"@id\":\"https:\\\/\\\/nhkmachineryparts.com\\\/#website\",\"url\":\"https:\\\/\\\/nhkmachineryparts.com\\\/\",\"name\":\"NHK Machinery Parts\",\"description\":\"Bearing Houses, seismic levelling feet and levelling castors\",\"publisher\":{\"@id\":\"https:\\\/\\\/nhkmachineryparts.com\\\/#organization\"},\"potentialAction\":[{\"@type\":\"SearchAction\",\"target\":{\"@type\":\"EntryPoint\",\"urlTemplate\":\"https:\\\/\\\/nhkmachineryparts.com\\\/?s={search_term_string}\"},\"query-input\":{\"@type\":\"PropertyValueSpecification\",\"valueRequired\":true,\"valueName\":\"search_term_string\"}}],\"inLanguage\":\"tr\"},{\"@type\":\"Organization\",\"@id\":\"https:\\\/\\\/nhkmachineryparts.com\\\/#organization\",\"name\":\"Nhk Group ApS\",\"url\":\"https:\\\/\\\/nhkmachineryparts.com\\\/\",\"logo\":{\"@type\":\"ImageObject\",\"inLanguage\":\"tr\",\"@id\":\"https:\\\/\\\/nhkmachineryparts.com\\\/#\\\/schema\\\/logo\\\/image\\\/\",\"url\":\"https:\\\/\\\/nhkmachineryparts.com\\\/wp-content\\\/uploads\\\/2022\\\/09\\\/NHKgroup_social.jpg\",\"contentUrl\":\"https:\\\/\\\/nhkmachineryparts.com\\\/wp-content\\\/uploads\\\/2022\\\/09\\\/NHKgroup_social.jpg\",\"width\":1200,\"height\":630,\"caption\":\"Nhk Group ApS\"},\"image\":{\"@id\":\"https:\\\/\\\/nhkmachineryparts.com\\\/#\\\/schema\\\/logo\\\/image\\\/\"},\"sameAs\":[\"https:\\\/\\\/www.facebook.com\\\/NHK.Group.aps\"]}]}<\/script>\n<!-- \/ Yoast SEO plugin. -->","yoast_head_json":{"title":"Di\u015fli taban yast\u0131k blo\u011fu PAPL bilyal\u0131 rulman \u00fcnitesi | Dayan\u0131kl\u0131l\u0131k | NHK Makine Par\u00e7alar\u0131","description":"Bak\u0131m gerektirmeyen di\u015fli yast\u0131k bloklu rulman \u00fcnitelerimiz t\u00fcm temizlik maddelerine ve kimyasallara dayan\u0131kl\u0131d\u0131r, hijyenik tasar\u0131ma sahiptir ve temizlenmesi kolayd\u0131r. Dayan\u0131kl\u0131l\u0131k","robots":{"index":"index","follow":"follow","max-snippet":"max-snippet:-1","max-image-preview":"max-image-preview:large","max-video-preview":"max-video-preview:-1"},"canonical":"https:\/\/nhkmachineryparts.com\/tr\/urun\/225-kilavuzlu-taban-yastik-blok-unite-papl\/","og_locale":"tr_TR","og_type":"article","og_title":"Tapped base pillow block PAPL ball bearing unit | Durability | NHK Machinery Parts","og_description":"Our maintenance free tapped pillow block bearing units are resistant to all cleaning agents and chemicals, hygienic design and easy-to-clean. Durability","og_url":"https:\/\/nhkmachineryparts.com\/tr\/urun\/225-kilavuzlu-taban-yastik-blok-unite-papl\/","og_site_name":"NHK Machinery Parts","article_publisher":"https:\/\/www.facebook.com\/NHK.Group.aps","article_modified_time":"2026-02-23T12:55:53+00:00","og_image":[{"width":1000,"height":1000,"url":"https:\/\/nhkmachineryparts.com\/wp-content\/uploads\/2022\/09\/Tapped-base-pillow-block-PAPL-ball-bearing-unit-2.jpg","type":"image\/jpeg"}],"twitter_card":"summary_large_image","twitter_misc":{"Tahmini okuma s\u00fcresi":"3 dakika"},"schema":{"@context":"https:\/\/schema.org","@graph":[{"@type":"WebPage","@id":"https:\/\/nhkmachineryparts.com\/product\/225-tapped-base-pillow-block-unit-papl\/","url":"https:\/\/nhkmachineryparts.com\/product\/225-tapped-base-pillow-block-unit-papl\/","name":"Di\u015fli taban yast\u0131k blo\u011fu PAPL bilyal\u0131 rulman \u00fcnitesi | Dayan\u0131kl\u0131l\u0131k | NHK Makine Par\u00e7alar\u0131","isPartOf":{"@id":"https:\/\/nhkmachineryparts.com\/#website"},"primaryImageOfPage":{"@id":"https:\/\/nhkmachineryparts.com\/product\/225-tapped-base-pillow-block-unit-papl\/#primaryimage"},"image":{"@id":"https:\/\/nhkmachineryparts.com\/product\/225-tapped-base-pillow-block-unit-papl\/#primaryimage"},"thumbnailUrl":"https:\/\/nhkmachineryparts.com\/wp-content\/uploads\/2022\/09\/Tapped-base-pillow-block-PAPL-ball-bearing-unit-2.jpg","datePublished":"2022-09-25T19:40:16+00:00","dateModified":"2026-02-23T12:55:53+00:00","description":"Bak\u0131m gerektirmeyen di\u015fli yast\u0131k bloklu rulman \u00fcnitelerimiz t\u00fcm temizlik maddelerine ve kimyasallara dayan\u0131kl\u0131d\u0131r, hijyenik tasar\u0131ma sahiptir ve temizlenmesi kolayd\u0131r. Dayan\u0131kl\u0131l\u0131k","breadcrumb":{"@id":"https:\/\/nhkmachineryparts.com\/product\/225-tapped-base-pillow-block-unit-papl\/#breadcrumb"},"inLanguage":"tr","potentialAction":[{"@type":"ReadAction","target":["https:\/\/nhkmachineryparts.com\/product\/225-tapped-base-pillow-block-unit-papl\/"]}]},{"@type":"ImageObject","inLanguage":"tr","@id":"https:\/\/nhkmachineryparts.com\/product\/225-tapped-base-pillow-block-unit-papl\/#primaryimage","url":"https:\/\/nhkmachineryparts.com\/wp-content\/uploads\/2022\/09\/Tapped-base-pillow-block-PAPL-ball-bearing-unit-2.jpg","contentUrl":"https:\/\/nhkmachineryparts.com\/wp-content\/uploads\/2022\/09\/Tapped-base-pillow-block-PAPL-ball-bearing-unit-2.jpg","width":1000,"height":1000,"caption":"Tapped base pillow block PAPL ball bearing unit"},{"@type":"BreadcrumbList","@id":"https:\/\/nhkmachineryparts.com\/product\/225-tapped-base-pillow-block-unit-papl\/#breadcrumb","itemListElement":[{"@type":"ListItem","position":1,"name":"Home","item":"https:\/\/nhkmachineryparts.com\/"},{"@type":"ListItem","position":2,"name":"Product line","item":"https:\/\/nhkmachineryparts.com\/product-line\/"},{"@type":"ListItem","position":3,"name":"Bearing units in IP54\u00a0composite housing","item":"https:\/\/nhkmachineryparts.com\/product-line\/bearing-units-in-ip54-thermo-plastic-housing\/"},{"@type":"ListItem","position":4,"name":"Tapped base pillow block PAPL ball bearing unit"}]},{"@type":"WebSite","@id":"https:\/\/nhkmachineryparts.com\/#website","url":"https:\/\/nhkmachineryparts.com\/","name":"NHK Makine Par\u00e7alar\u0131","description":"Rulman Yataklar\u0131, sismik tesviye ayaklar\u0131 ve tesviye tekerlekleri","publisher":{"@id":"https:\/\/nhkmachineryparts.com\/#organization"},"potentialAction":[{"@type":"SearchAction","target":{"@type":"EntryPoint","urlTemplate":"https:\/\/nhkmachineryparts.com\/?s={search_term_string}"},"query-input":{"@type":"PropertyValueSpecification","valueRequired":true,"valueName":"search_term_string"}}],"inLanguage":"tr"},{"@type":"Organization","@id":"https:\/\/nhkmachineryparts.com\/#organization","name":"NHK Grup ApS","url":"https:\/\/nhkmachineryparts.com\/","logo":{"@type":"ImageObject","inLanguage":"tr","@id":"https:\/\/nhkmachineryparts.com\/#\/schema\/logo\/image\/","url":"https:\/\/nhkmachineryparts.com\/wp-content\/uploads\/2022\/09\/NHKgroup_social.jpg","contentUrl":"https:\/\/nhkmachineryparts.com\/wp-content\/uploads\/2022\/09\/NHKgroup_social.jpg","width":1200,"height":630,"caption":"Nhk Group ApS"},"image":{"@id":"https:\/\/nhkmachineryparts.com\/#\/schema\/logo\/image\/"},"sameAs":["https:\/\/www.facebook.com\/NHK.Group.aps"]}]}},"_links":{"self":[{"href":"https:\/\/nhkmachineryparts.com\/tr\/wp-json\/wp\/v2\/product\/1770","targetHints":{"allow":["GET"]}}],"collection":[{"href":"https:\/\/nhkmachineryparts.com\/tr\/wp-json\/wp\/v2\/product"}],"about":[{"href":"https:\/\/nhkmachineryparts.com\/tr\/wp-json\/wp\/v2\/types\/product"}],"wp:featuredmedia":[{"embeddable":true,"href":"https:\/\/nhkmachineryparts.com\/tr\/wp-json\/wp\/v2\/media\/11648"}],"wp:attachment":[{"href":"https:\/\/nhkmachineryparts.com\/tr\/wp-json\/wp\/v2\/media?parent=1770"}],"wp:term":[{"taxonomy":"product_brand","embeddable":true,"href":"https:\/\/nhkmachineryparts.com\/tr\/wp-json\/wp\/v2\/product_brand?post=1770"},{"taxonomy":"product_cat","embeddable":true,"href":"https:\/\/nhkmachineryparts.com\/tr\/wp-json\/wp\/v2\/product_cat?post=1770"},{"taxonomy":"product_tag","embeddable":true,"href":"https:\/\/nhkmachineryparts.com\/tr\/wp-json\/wp\/v2\/product_tag?post=1770"}],"curies":[{"name":"wp","href":"https:\/\/api.w.org\/{rel}","templated":true}]}}