{"id":1529,"date":"2022-09-24T18:13:36","date_gmt":"2022-09-24T18:13:36","guid":{"rendered":"https:\/\/nhkmachineryparts.pawsfabrik.dk\/?post_type=product&#038;p=1529"},"modified":"2026-02-23T15:08:17","modified_gmt":"2026-02-23T13:08:17","slug":"ip67-su-gecirmez-musluklu-taban-yastik-blok-yatak-uniteleri","status":"publish","type":"product","link":"https:\/\/nhkmachineryparts.com\/tr\/product\/ip67-waterproof-tapped-base-pillow-block-bearing-units\/","title":{"rendered":"IP67 Su Ge\u00e7irmez musluklu taban yast\u0131k blok yatak \u00fcniteleri"},"content":{"rendered":"<section class=\"vc_row vc_custom_1662993827263 liquid-row-shadowbox-69d369d042414 vc_column-gap-0\"><div class=\"ld-container container\"><div class=\"row ld-row ld-row-outer\"><div class=\"wpb_column vc_column_container vc_col-sm-12 liquid-column-69d369d04259e\"><div class=\"vc_column-inner\" ><div class=\"wpb_wrapper\"  >\n\t<div class=\"wpb_text_column wpb_content_element\" >\n\t\t<div class=\"wpb_wrapper\">\n\t\t\t<h2><strong data-start=\"100\" data-end=\"195\">Hassasiyet ve Koruma Bir Arada<\/strong><\/h2>\n<p>Bizim <a href=\"https:\/\/nhkmachineryparts.com\/tr\/product-line\/ip67-waterproof-bearing-house-units\/\" data-internallinksmanager029f6b8e52c=\"3\" title=\"IP67 Su ge\u00e7irmez rulman yuvas\u0131 \u00fcniteleri\">IP67<\/a> Rulman \u00fcniteleri elde edildi <a href=\"https:\/\/nhkmachineryparts.com\/tr\/urun-hatti\/waterproof-bearing-house-ip67-waterproof-bearing-units\/\" data-internallinksmanager029f6b8e52c=\"6\" title=\"USDA\">USDA<\/a> Sertifika.<br \/>\nIP67 Rulman \u00fcniteleri, g\u0131da g\u00fcvenli\u011fi izlenebilirli\u011fi i\u00e7in benzersiz parti kimlik numaras\u0131na sahiptir.<br \/>\nIP67 Islak ve zorlu ortamlara uygun, buhara dayan\u0131kl\u0131, su ge\u00e7irmez ve korozyona dayan\u0131kl\u0131 flan\u015f yataklama \u00fcniteleri.<\/p>\n<h2><strong data-start=\"199\" data-end=\"303\">Zorlu Ortamlar \u0130\u00e7in \u00dcst\u00fcn Dayan\u0131kl\u0131l\u0131k<\/strong><\/h2>\n<p>IP67 rulman \u00fcnitelerimiz a\u015fa\u011f\u0131dakiler i\u00e7in tasarlanm\u0131\u015ft\u0131r: <a href=\"https:\/\/nhkmachineryparts.com\/tr\/our-industries\/\" data-internallinksmanager029f6b8e52c=\"4\" title=\"End\u00fcstrilerimiz\">end\u00fcstriler<\/a> Malzeme direncine y\u00f6nelik s\u00fcrekli artan talepler ve temizlemesi kolay bir tasar\u0131m. Bakteri \u00fcreme riskini azaltmak amac\u0131yla bu tasar\u0131m, p\u00fcr\u00fczs\u00fcz y\u00fczeyler ve yuvarlat\u0131lm\u0131\u015f k\u00f6\u015felerle \u00f6ne \u00e7\u0131kar.<\/p>\n<p>IP67 rulman \u00fcniteleri 3A&#039;ya uygundur ve <a href=\"https:\/\/nhkmachineryparts.com\/tr\/3a-ve-ehedg-arasindaki-fark-nedir\/\" data-internallinksmanager029f6b8e52c=\"2\" title=\"EHEDG Sertifikal\u0131 Makine Par\u00e7alar\u0131\">EHEDG<\/a> reg\u00fclasyon Koruma s\u0131n\u0131f\u0131 IP67 olup, rulman \u00fcnitelerinin her y\u00f6nden y\u00fcksek bas\u0131n\u00e7l\u0131 suyla temizlenebilmesini sa\u011flar. Paslanmaz \u00e7elik yayl\u0131 bir ya\u011f ke\u00e7esi, suyun mahfazaya girmemesini sa\u011flar.<\/p>\n<p>Yataklar bak\u0131m gerektirmez ve t\u00fcm temizlik maddelerine ve \u00e7o\u011fu kimyasala kar\u015f\u0131 dayan\u0131kl\u0131d\u0131r.<\/p>\n<h2><strong data-start=\"307\" data-end=\"402\">A\u015f\u0131r\u0131 Ko\u015fullar \u0130\u00e7in Tasarland\u0131<\/strong><\/h2>\n<ul>\n<li>Kapa\u011f\u0131n tabana c\u0131vataland\u0131\u011f\u0131, kompakt ve g\u00fc\u00e7l\u00fc rulman yata\u011f\u0131 taban\u0131.<\/li>\n<li>Rulman yata\u011f\u0131, son derece sa\u011flam ve sa\u011flam olan Dupolit&#039;ten yap\u0131lm\u0131\u015ft\u0131r.<\/li>\n<li>Optimum g\u0131da s\u0131n\u0131f\u0131 gres dolumu i\u00e7in paslanmaz gres nipeli, muhafazada yo\u011fu\u015fmay\u0131 \u00f6nler.<\/li>\n<li>Rulman muhafazas\u0131, eksantrik kilitleme bilezi\u011fine sahip, \u00f6m\u00fcr boyu ya\u011flamal\u0131 k\u00fcresel bir bilyal\u0131 rulmanla donat\u0131lm\u0131\u015ft\u0131r.<\/li>\n<li>K\u00fcresel yatak kendili\u011finden hizalan\u0131r.<\/li>\n<li>Rulman yata\u011f\u0131 \u00f6l\u00e7\u00fcleri, kolay de\u011fi\u015ftirme a\u00e7\u0131s\u0131ndan piyasa standartlar\u0131na benzer.<\/li>\n<li>Rulman yata\u011f\u0131 her a\u00e7\u0131da monte edilebilir<\/li>\n<li>Kolay ve hassas montaj i\u00e7in paslanmaz k\u00fcresel rulmanlar<\/li>\n<li>Rulman yata\u011f\u0131 -30\u00b0C ile +100\u00b0C aras\u0131 \u0131s\u0131ya dayan\u0131kl\u0131d\u0131r<\/li>\n<li>Rulman ara par\u00e7alar\u0131, DIN 51825 gibi gereklilikleri kar\u015f\u0131layan NSF H1 kay\u0131tl\u0131 gres ile ya\u011flan\u0131r<\/li>\n<li>Rulman \u00fcniteleri USDA taraf\u0131ndan kabul edilir ve NSF\/ANSI\/3-A 14159-1-2010 standard\u0131n\u0131 kar\u015f\u0131lar<\/li>\n<li>(EC) No. 1935\/2004 y\u00f6netmeli\u011fi \u00e7er\u00e7evesine g\u00f6re g\u0131da s\u0131n\u0131f\u0131<\/li>\n<li>\u00d6zel etiket imkan\u0131<\/li>\n<\/ul>\n<h2><strong data-start=\"100\" data-end=\"195\">IP67 Su Ge\u00e7irmez Musluklu Taban Yast\u0131k Blok Rulman \u00dcniteleri<\/strong><\/h2>\n<div class=\"dcf-overflow-x-auto\" tabindex=\"0\">\n<table class=\"dcf-table dcf-table-bordered dcf-w-100%\">\n<thead>\n<tr>\n<th scope=\"col\">Tip IP67 PA<\/th>\n<th scope=\"col\">Katalog No.<\/th>\n<th scope=\"col\">Katalog No.<\/th>\n<\/tr>\n<\/thead>\n<tbody>\n<tr>\n<td data-label=\"Type IP67 F\">K\u0131lavuzlu taban yast\u0131k blok yatak \u00fcnitesi<\/td>\n<td data-label=\"Catalogue No.\">Kapal\u0131 kapak<\/td>\n<td data-label=\"Catalogue No.\">A\u00e7\u0131k kapak<\/td>\n<\/tr>\n<tr>\n<td data-label=\"Type IP67 F\">\u00d820mm<\/td>\n<td data-label=\"Catalogue No.\">IP67 PA204 CC<\/td>\n<td data-label=\"Catalogue No.\">IP67 PA204 OC<\/td>\n<\/tr>\n<tr>\n<td data-label=\"Type IP67 F\">\u00d825mm<\/td>\n<td data-label=\"Catalogue No.\">IP67 PA205CC<\/td>\n<td data-label=\"Catalogue No.\">IP67 PA205 OC<\/td>\n<\/tr>\n<tr>\n<td data-label=\"Type IP67 F\">\u00d830mm<\/td>\n<td data-label=\"Catalogue No.\">IP67 PA206CC<\/td>\n<td data-label=\"Catalogue No.\">IP67 PA206 OC<\/td>\n<\/tr>\n<tr>\n<td data-label=\"Type IP67 F\">\u00d835mm<\/td>\n<td data-label=\"Catalogue No.\">IP67 PA207 CC<\/td>\n<td data-label=\"Catalogue No.\">IP67 PA207 OC<\/td>\n<\/tr>\n<tr>\n<td data-label=\"Type IP67 F\">\u00d840mm<\/td>\n<td data-label=\"Catalogue No.\">IP67 PA208CC<\/td>\n<td data-label=\"Catalogue No.\">IP67 PA208 OC<\/td>\n<\/tr>\n<\/tbody>\n<\/table>\n<p><a href=\"https:\/\/nhkmachineryparts.com\/tr\/urun-hatti\/kategori\/31-waterproof-bearing-house-ip67-waterproof-bearing-units\/\">Ayr\u0131ca FDA sertifikal\u0131 di\u011fer Su Ge\u00e7irmez rulmanlar\u0131m\u0131za da bak\u0131n.<\/a><\/p>\n<div class=\"w-full text-token-text-primary border-b border-black\/10 gizmo:border-0 dark:border-gray-900\/50 gizmo:dark:border-0 bg-gray-50 gizmo:bg-transparent dark:bg-&#091;#444654&#093; gizmo:dark:bg-transparent\" data-testid=\"conversation-turn-3\">\n<div class=\"p-4 gizmo:py-2 justify-center text-base md:gap-6 md:py-6 m-auto\">\n<div class=\"flex flex-1 gap-4 text-base mx-auto md:gap-6 gizmo:gap-3 gizmo:md:px-5 gizmo:lg:px-1 gizmo:xl:px-5 md:max-w-2xl lg:max-w-&#091;38rem&#093; gizmo:md:max-w-3xl gizmo:lg:max-w-&#091;40rem&#093; gizmo:xl:max-w-&#091;48rem&#093; xl:max-w-3xl } group\">\n<div class=\"relative flex w-&#091;calc(100%-50px)&#093; flex-col gizmo:w-full lg:w-&#091;calc(100%-115px)&#093; agent-turn\">\n<div class=\"flex-col gap-1 md:gap-3\">\n<div class=\"flex flex-grow flex-col max-w-full gap-3 gizmo:gap-0\">\n<div class=\"min-h-&#091;20px&#093; text-message peer flex flex-col items-start gap-3 whitespace-pre-wrap break-words peer-&#091;.text-message&#093;:mt-5 overflow-x-auto\" data-message-author-role=\"assistant\" data-message-id=\"6162d90c-acdb-4ffc-82be-d3c77259ca95\">\n<div class=\"markdown prose w-full break-words dark:prose-invert light\">\n<h2>IP67 dereceli rulman yuvas\u0131<\/h2>\n<p>Rulman yuvas\u0131n\u0131n veya di\u011fer herhangi bir elektronik veya mekanik mahfazan\u0131n IP67 derecesi, toza ve suya kar\u015f\u0131 y\u00fcksek d\u00fczeyde koruma oldu\u011funu g\u00f6sterir. IP67&#039;nin ne anlama geldi\u011fini a\u00e7\u0131klayal\u0131m:<\/p>\n<ol>\n<li>IP (Giri\u015f Korumas\u0131) Derecelendirmesi: IP derecelendirmesi, bir muhafazan\u0131n toz ve su gibi \u00e7e\u015fitli \u00e7evresel unsurlara kar\u015f\u0131 sa\u011flad\u0131\u011f\u0131 koruma d\u00fczeyini s\u0131n\u0131fland\u0131rmak i\u00e7in kullan\u0131lan standart bir sistemdir.<\/li>\n<li>\u0130lk Hane (6): IP derecelendirmesindeki ilk hane, toz dahil kat\u0131 nesnelere kar\u015f\u0131 korumay\u0131 ifade eder. Bu durumda 6 de\u011feri, muhafazan\u0131n toz ge\u00e7irmez oldu\u011fu anlam\u0131na gelir. Toz ve di\u011fer kat\u0131 par\u00e7ac\u0131klara kar\u015f\u0131 tam koruma sa\u011flar.<\/li>\n<li>\u0130kinci Hane (7): IP derecelendirmesindeki ikinci hane, s\u0131v\u0131lara, \u00f6zellikle suya kar\u015f\u0131 korumay\u0131 ifade eder. 7 derecesi, muhafazan\u0131n, suyun n\u00fcfuz etmesine izin vermeden 30 dakika boyunca 1 metre derinli\u011fe kadar suya bat\u0131r\u0131lmaya dayanabildi\u011fini g\u00f6sterir.<\/li>\n<\/ol>\n<p>Bu nedenle, su ge\u00e7irmez IP67 ta\u015f\u0131ma yuvas\u0131 toz ge\u00e7irmez olacak \u015fekilde tasarlanm\u0131\u015ft\u0131r ve ayn\u0131 zamanda i\u00e7eriye su girmeden ge\u00e7ici olarak suya bat\u0131r\u0131lmay\u0131 da kald\u0131rabilir. Bu koruma d\u00fczeyi genellikle rulman yata\u011f\u0131n\u0131n i\u015flevsel kalmas\u0131n\u0131n ve toz ve suya maruz kalman\u0131n neden oldu\u011fu hasarlardan uzak kalmas\u0131n\u0131n gerekli oldu\u011fu \u00e7e\u015fitli end\u00fcstriyel, d\u0131\u015f mekan veya denizcilik uygulamalar\u0131nda kullan\u0131l\u0131r.<\/p>\n<\/div>\n<\/div>\n<\/div>\n<\/div>\n<\/div>\n<\/div>\n<\/div>\n<\/div>\n<h2>Sorular ve ileti\u015fim<\/h2>\n<p>\u00dcr\u00fcnlerimiz hakk\u0131nda herhangi bir sorunuz varsa.\u00a0<a href=\"https:\/\/nhkmachineryparts.com\/tr\/temas-etmek\/\">Makinenizin performans\u0131 ve \u00e7\u00f6z\u00fcmleri veya ba\u015fka herhangi bir konuda sorular\u0131n\u0131z i\u00e7in bizimle her zaman ileti\u015fime ge\u00e7ebilirsiniz. Bizimle nas\u0131l ileti\u015fime ge\u00e7ece\u011finiz hakk\u0131nda daha fazla bilgiyi buradan edinebilirsiniz.<\/a>\u00a0Bizi Danimarka, \u0130ngiltere, Almanya ve Hong Kong&#039;da bulabilirsiniz.<\/p>\n<\/div>\n\n\t\t<\/div>\n\t<\/div>\n<\/div><\/div><\/div><\/div><\/div><\/section>","protected":false},"excerpt":{"rendered":"Precision and Protection Combined Our IP67 Bearing units has obtained USDA certificate. The IP67 Bearing units has unique batch ID number for food safety traceability. IP67 Steam resistant, waterproof and corrosion safe flange bearing units which are special suitable in wet and harsh environments. Superior Durability for Harsh Environments Our IP67 bearing units are designed [...]","protected":false},"featured_media":8899,"template":"","meta":[],"product_brand":[],"product_cat":[46],"product_tag":[],"class_list":{"0":"post-1529","1":"product","2":"type-product","3":"status-publish","4":"has-post-thumbnail","6":"product_cat-ip67-waterproof-bearing-house-units","8":"first","9":"instock","10":"shipping-taxable","11":"product-type-simple"},"yoast_head":"<!-- This site is optimized with the Yoast SEO plugin v27.3 - https:\/\/yoast.com\/product\/yoast-seo-wordpress\/ -->\n<title>IP67 Waterproof tapped base pillow block bearing units |<\/title>\n<meta name=\"description\" content=\"IP67 Steam resistant, waterproof and corrosion safe tapped base pillow block bearing units which are special suitable in wet and harsh environments.\" \/>\n<meta name=\"robots\" content=\"index, follow, max-snippet:-1, max-image-preview:large, max-video-preview:-1\" \/>\n<link rel=\"canonical\" href=\"https:\/\/nhkmachineryparts.com\/tr\/urun\/ip67-su-gecirmez-musluklu-taban-yastik-blok-yatak-uniteleri\/\" \/>\n<meta property=\"og:locale\" content=\"tr_TR\" \/>\n<meta property=\"og:type\" content=\"article\" \/>\n<meta property=\"og:title\" content=\"IP67 Waterproof tapped base pillow block bearing units |\" \/>\n<meta property=\"og:description\" content=\"IP67 Steam resistant, waterproof and corrosion safe tapped base pillow block bearing units which are special suitable in wet and harsh environments.\" \/>\n<meta property=\"og:url\" content=\"https:\/\/nhkmachineryparts.com\/tr\/urun\/ip67-su-gecirmez-musluklu-taban-yastik-blok-yatak-uniteleri\/\" \/>\n<meta property=\"og:site_name\" content=\"NHK Machinery Parts\" \/>\n<meta property=\"article:publisher\" content=\"https:\/\/www.facebook.com\/NHK.Group.aps\" \/>\n<meta property=\"article:modified_time\" content=\"2026-02-23T13:08:17+00:00\" \/>\n<meta property=\"og:image\" content=\"https:\/\/nhkmachineryparts.com\/wp-content\/uploads\/2022\/09\/Waterproof-tapped-base-pillow-block-bearing-units-with-spherical-inserts-IP67.jpg\" \/>\n\t<meta property=\"og:image:width\" content=\"1000\" \/>\n\t<meta property=\"og:image:height\" content=\"1000\" \/>\n\t<meta property=\"og:image:type\" content=\"image\/jpeg\" \/>\n<meta name=\"twitter:card\" content=\"summary_large_image\" \/>\n<meta name=\"twitter:label1\" content=\"Tahmini okuma s\u00fcresi\" \/>\n\t<meta name=\"twitter:data1\" content=\"4 dakika\" \/>\n<script type=\"application\/ld+json\" class=\"yoast-schema-graph\">{\"@context\":\"https:\\\/\\\/schema.org\",\"@graph\":[{\"@type\":\"WebPage\",\"@id\":\"https:\\\/\\\/nhkmachineryparts.com\\\/product\\\/ip67-waterproof-tapped-base-pillow-block-bearing-units\\\/\",\"url\":\"https:\\\/\\\/nhkmachineryparts.com\\\/product\\\/ip67-waterproof-tapped-base-pillow-block-bearing-units\\\/\",\"name\":\"IP67 Waterproof tapped base pillow block bearing units |\",\"isPartOf\":{\"@id\":\"https:\\\/\\\/nhkmachineryparts.com\\\/#website\"},\"primaryImageOfPage\":{\"@id\":\"https:\\\/\\\/nhkmachineryparts.com\\\/product\\\/ip67-waterproof-tapped-base-pillow-block-bearing-units\\\/#primaryimage\"},\"image\":{\"@id\":\"https:\\\/\\\/nhkmachineryparts.com\\\/product\\\/ip67-waterproof-tapped-base-pillow-block-bearing-units\\\/#primaryimage\"},\"thumbnailUrl\":\"https:\\\/\\\/nhkmachineryparts.com\\\/wp-content\\\/uploads\\\/2022\\\/09\\\/Waterproof-tapped-base-pillow-block-bearing-units-with-spherical-inserts-IP67.jpg\",\"datePublished\":\"2022-09-24T18:13:36+00:00\",\"dateModified\":\"2026-02-23T13:08:17+00:00\",\"description\":\"IP67 Steam resistant, waterproof and corrosion safe tapped base pillow block bearing units which are special suitable in wet and harsh environments.\",\"breadcrumb\":{\"@id\":\"https:\\\/\\\/nhkmachineryparts.com\\\/product\\\/ip67-waterproof-tapped-base-pillow-block-bearing-units\\\/#breadcrumb\"},\"inLanguage\":\"tr\",\"potentialAction\":[{\"@type\":\"ReadAction\",\"target\":[\"https:\\\/\\\/nhkmachineryparts.com\\\/product\\\/ip67-waterproof-tapped-base-pillow-block-bearing-units\\\/\"]}]},{\"@type\":\"ImageObject\",\"inLanguage\":\"tr\",\"@id\":\"https:\\\/\\\/nhkmachineryparts.com\\\/product\\\/ip67-waterproof-tapped-base-pillow-block-bearing-units\\\/#primaryimage\",\"url\":\"https:\\\/\\\/nhkmachineryparts.com\\\/wp-content\\\/uploads\\\/2022\\\/09\\\/Waterproof-tapped-base-pillow-block-bearing-units-with-spherical-inserts-IP67.jpg\",\"contentUrl\":\"https:\\\/\\\/nhkmachineryparts.com\\\/wp-content\\\/uploads\\\/2022\\\/09\\\/Waterproof-tapped-base-pillow-block-bearing-units-with-spherical-inserts-IP67.jpg\",\"width\":1000,\"height\":1000,\"caption\":\"Waterproof tapped base pillow block bearing units with spherical inserts IP67\"},{\"@type\":\"BreadcrumbList\",\"@id\":\"https:\\\/\\\/nhkmachineryparts.com\\\/product\\\/ip67-waterproof-tapped-base-pillow-block-bearing-units\\\/#breadcrumb\",\"itemListElement\":[{\"@type\":\"ListItem\",\"position\":1,\"name\":\"Home\",\"item\":\"https:\\\/\\\/nhkmachineryparts.com\\\/\"},{\"@type\":\"ListItem\",\"position\":2,\"name\":\"Product line\",\"item\":\"https:\\\/\\\/nhkmachineryparts.com\\\/product-line\\\/\"},{\"@type\":\"ListItem\",\"position\":3,\"name\":\"IP67 Waterproof bearing house units\",\"item\":\"https:\\\/\\\/nhkmachineryparts.com\\\/product-line\\\/ip67-waterproof-bearing-house-units\\\/\"},{\"@type\":\"ListItem\",\"position\":4,\"name\":\"IP67 Waterproof tapped base pillow block bearing units\"}]},{\"@type\":\"WebSite\",\"@id\":\"https:\\\/\\\/nhkmachineryparts.com\\\/#website\",\"url\":\"https:\\\/\\\/nhkmachineryparts.com\\\/\",\"name\":\"NHK Machinery Parts\",\"description\":\"Bearing Houses, seismic levelling feet and levelling castors\",\"publisher\":{\"@id\":\"https:\\\/\\\/nhkmachineryparts.com\\\/#organization\"},\"potentialAction\":[{\"@type\":\"SearchAction\",\"target\":{\"@type\":\"EntryPoint\",\"urlTemplate\":\"https:\\\/\\\/nhkmachineryparts.com\\\/?s={search_term_string}\"},\"query-input\":{\"@type\":\"PropertyValueSpecification\",\"valueRequired\":true,\"valueName\":\"search_term_string\"}}],\"inLanguage\":\"tr\"},{\"@type\":\"Organization\",\"@id\":\"https:\\\/\\\/nhkmachineryparts.com\\\/#organization\",\"name\":\"Nhk Group ApS\",\"url\":\"https:\\\/\\\/nhkmachineryparts.com\\\/\",\"logo\":{\"@type\":\"ImageObject\",\"inLanguage\":\"tr\",\"@id\":\"https:\\\/\\\/nhkmachineryparts.com\\\/#\\\/schema\\\/logo\\\/image\\\/\",\"url\":\"https:\\\/\\\/nhkmachineryparts.com\\\/wp-content\\\/uploads\\\/2022\\\/09\\\/NHKgroup_social.jpg\",\"contentUrl\":\"https:\\\/\\\/nhkmachineryparts.com\\\/wp-content\\\/uploads\\\/2022\\\/09\\\/NHKgroup_social.jpg\",\"width\":1200,\"height\":630,\"caption\":\"Nhk Group ApS\"},\"image\":{\"@id\":\"https:\\\/\\\/nhkmachineryparts.com\\\/#\\\/schema\\\/logo\\\/image\\\/\"},\"sameAs\":[\"https:\\\/\\\/www.facebook.com\\\/NHK.Group.aps\"]}]}<\/script>\n<!-- \/ Yoast SEO plugin. -->","yoast_head_json":{"title":"IP67 Waterproof tapped base pillow block bearing units |","description":"IP67 Buhar diren\u00e7li, su ge\u00e7irmez ve korozyona dayan\u0131kl\u0131, \u0131slak ve zorlu ortamlara uygun, di\u015fli tabanl\u0131 yast\u0131k blok yataklama \u00fcniteleri.","robots":{"index":"index","follow":"follow","max-snippet":"max-snippet:-1","max-image-preview":"max-image-preview:large","max-video-preview":"max-video-preview:-1"},"canonical":"https:\/\/nhkmachineryparts.com\/tr\/urun\/ip67-su-gecirmez-musluklu-taban-yastik-blok-yatak-uniteleri\/","og_locale":"tr_TR","og_type":"article","og_title":"IP67 Waterproof tapped base pillow block bearing units |","og_description":"IP67 Steam resistant, waterproof and corrosion safe tapped base pillow block bearing units which are special suitable in wet and harsh environments.","og_url":"https:\/\/nhkmachineryparts.com\/tr\/urun\/ip67-su-gecirmez-musluklu-taban-yastik-blok-yatak-uniteleri\/","og_site_name":"NHK Machinery Parts","article_publisher":"https:\/\/www.facebook.com\/NHK.Group.aps","article_modified_time":"2026-02-23T13:08:17+00:00","og_image":[{"width":1000,"height":1000,"url":"https:\/\/nhkmachineryparts.com\/wp-content\/uploads\/2022\/09\/Waterproof-tapped-base-pillow-block-bearing-units-with-spherical-inserts-IP67.jpg","type":"image\/jpeg"}],"twitter_card":"summary_large_image","twitter_misc":{"Tahmini okuma s\u00fcresi":"4 dakika"},"schema":{"@context":"https:\/\/schema.org","@graph":[{"@type":"WebPage","@id":"https:\/\/nhkmachineryparts.com\/product\/ip67-waterproof-tapped-base-pillow-block-bearing-units\/","url":"https:\/\/nhkmachineryparts.com\/product\/ip67-waterproof-tapped-base-pillow-block-bearing-units\/","name":"IP67 Waterproof tapped base pillow block bearing units |","isPartOf":{"@id":"https:\/\/nhkmachineryparts.com\/#website"},"primaryImageOfPage":{"@id":"https:\/\/nhkmachineryparts.com\/product\/ip67-waterproof-tapped-base-pillow-block-bearing-units\/#primaryimage"},"image":{"@id":"https:\/\/nhkmachineryparts.com\/product\/ip67-waterproof-tapped-base-pillow-block-bearing-units\/#primaryimage"},"thumbnailUrl":"https:\/\/nhkmachineryparts.com\/wp-content\/uploads\/2022\/09\/Waterproof-tapped-base-pillow-block-bearing-units-with-spherical-inserts-IP67.jpg","datePublished":"2022-09-24T18:13:36+00:00","dateModified":"2026-02-23T13:08:17+00:00","description":"IP67 Buhar diren\u00e7li, su ge\u00e7irmez ve korozyona dayan\u0131kl\u0131, \u0131slak ve zorlu ortamlara uygun, di\u015fli tabanl\u0131 yast\u0131k blok yataklama \u00fcniteleri.","breadcrumb":{"@id":"https:\/\/nhkmachineryparts.com\/product\/ip67-waterproof-tapped-base-pillow-block-bearing-units\/#breadcrumb"},"inLanguage":"tr","potentialAction":[{"@type":"ReadAction","target":["https:\/\/nhkmachineryparts.com\/product\/ip67-waterproof-tapped-base-pillow-block-bearing-units\/"]}]},{"@type":"ImageObject","inLanguage":"tr","@id":"https:\/\/nhkmachineryparts.com\/product\/ip67-waterproof-tapped-base-pillow-block-bearing-units\/#primaryimage","url":"https:\/\/nhkmachineryparts.com\/wp-content\/uploads\/2022\/09\/Waterproof-tapped-base-pillow-block-bearing-units-with-spherical-inserts-IP67.jpg","contentUrl":"https:\/\/nhkmachineryparts.com\/wp-content\/uploads\/2022\/09\/Waterproof-tapped-base-pillow-block-bearing-units-with-spherical-inserts-IP67.jpg","width":1000,"height":1000,"caption":"Waterproof tapped base pillow block bearing units with spherical inserts IP67"},{"@type":"BreadcrumbList","@id":"https:\/\/nhkmachineryparts.com\/product\/ip67-waterproof-tapped-base-pillow-block-bearing-units\/#breadcrumb","itemListElement":[{"@type":"ListItem","position":1,"name":"Home","item":"https:\/\/nhkmachineryparts.com\/"},{"@type":"ListItem","position":2,"name":"Product line","item":"https:\/\/nhkmachineryparts.com\/product-line\/"},{"@type":"ListItem","position":3,"name":"IP67 Waterproof bearing house units","item":"https:\/\/nhkmachineryparts.com\/product-line\/ip67-waterproof-bearing-house-units\/"},{"@type":"ListItem","position":4,"name":"IP67 Waterproof tapped base pillow block bearing units"}]},{"@type":"WebSite","@id":"https:\/\/nhkmachineryparts.com\/#website","url":"https:\/\/nhkmachineryparts.com\/","name":"NHK Makine Par\u00e7alar\u0131","description":"Rulman Yataklar\u0131, sismik tesviye ayaklar\u0131 ve tesviye tekerlekleri","publisher":{"@id":"https:\/\/nhkmachineryparts.com\/#organization"},"potentialAction":[{"@type":"SearchAction","target":{"@type":"EntryPoint","urlTemplate":"https:\/\/nhkmachineryparts.com\/?s={search_term_string}"},"query-input":{"@type":"PropertyValueSpecification","valueRequired":true,"valueName":"search_term_string"}}],"inLanguage":"tr"},{"@type":"Organization","@id":"https:\/\/nhkmachineryparts.com\/#organization","name":"NHK Grup ApS","url":"https:\/\/nhkmachineryparts.com\/","logo":{"@type":"ImageObject","inLanguage":"tr","@id":"https:\/\/nhkmachineryparts.com\/#\/schema\/logo\/image\/","url":"https:\/\/nhkmachineryparts.com\/wp-content\/uploads\/2022\/09\/NHKgroup_social.jpg","contentUrl":"https:\/\/nhkmachineryparts.com\/wp-content\/uploads\/2022\/09\/NHKgroup_social.jpg","width":1200,"height":630,"caption":"Nhk Group ApS"},"image":{"@id":"https:\/\/nhkmachineryparts.com\/#\/schema\/logo\/image\/"},"sameAs":["https:\/\/www.facebook.com\/NHK.Group.aps"]}]}},"_links":{"self":[{"href":"https:\/\/nhkmachineryparts.com\/tr\/wp-json\/wp\/v2\/product\/1529","targetHints":{"allow":["GET"]}}],"collection":[{"href":"https:\/\/nhkmachineryparts.com\/tr\/wp-json\/wp\/v2\/product"}],"about":[{"href":"https:\/\/nhkmachineryparts.com\/tr\/wp-json\/wp\/v2\/types\/product"}],"wp:featuredmedia":[{"embeddable":true,"href":"https:\/\/nhkmachineryparts.com\/tr\/wp-json\/wp\/v2\/media\/8899"}],"wp:attachment":[{"href":"https:\/\/nhkmachineryparts.com\/tr\/wp-json\/wp\/v2\/media?parent=1529"}],"wp:term":[{"taxonomy":"product_brand","embeddable":true,"href":"https:\/\/nhkmachineryparts.com\/tr\/wp-json\/wp\/v2\/product_brand?post=1529"},{"taxonomy":"product_cat","embeddable":true,"href":"https:\/\/nhkmachineryparts.com\/tr\/wp-json\/wp\/v2\/product_cat?post=1529"},{"taxonomy":"product_tag","embeddable":true,"href":"https:\/\/nhkmachineryparts.com\/tr\/wp-json\/wp\/v2\/product_tag?post=1529"}],"curies":[{"name":"wp","href":"https:\/\/api.w.org\/{rel}","templated":true}]}}