{"id":1383,"date":"2022-09-23T13:59:45","date_gmt":"2022-09-23T13:59:45","guid":{"rendered":"https:\/\/nhkmachineryparts.pawsfabrik.dk\/?post_type=product&#038;p=1383"},"modified":"2026-02-27T16:02:06","modified_gmt":"2026-02-27T14:02:06","slug":"345-paslanmaz-ayakli-kapali-hijyenik-tasarimli-ehedg","status":"publish","type":"product","link":"https:\/\/nhkmachineryparts.com\/tr\/product\/345-stainless-feet-in-sealed-hygienic-design-ehedg\/","title":{"rendered":"EHEDG-certified stainless steel solid base feet with floor lock holes"},"content":{"rendered":"<section class=\"vc_row vc_custom_1662993827263 liquid-row-shadowbox-69d11ba47cdb7 vc_column-gap-0\"><div class=\"ld-container container\"><div class=\"row ld-row ld-row-outer\"><div class=\"wpb_column vc_column_container vc_col-sm-12 liquid-column-69d11ba47cf77\"><div class=\"vc_column-inner\" ><div class=\"wpb_wrapper\"  >\n\t<div class=\"wpb_text_column wpb_content_element\" >\n\t\t<div class=\"wpb_wrapper\">\n\t\t\t<p>Zorlu ko\u015fullar ve zorlu ortamlardaki a\u011f\u0131r y\u00fckler i\u00e7in tasarlanm\u0131\u015ft\u0131r<br \/>\nHijyenik paslanmaz \u00e7elik ayaklar, titre\u015fimi azaltmak ve kaymay\u0131 \u00f6nlemek i\u00e7in lastik ped ile uygulanabilir<br \/>\nBizim <a href=\"https:\/\/nhkmachineryparts.com\/tr\/3a-ve-ehedg-arasindaki-fark-nedir\/\" data-internallinksmanager029f6b8e52c=\"2\" title=\"EHEDG Sertifikal\u0131 Makine Par\u00e7alar\u0131\">EHEDG<\/a> sertifikal\u0131 hijyenik paslanmaz \u00e7elik ayaklar, g\u0131da g\u00fcvenli\u011fi izlenebilirli\u011fi i\u00e7in benzersiz parti kimlik numaras\u0131na sahip FDA sertifikas\u0131na (FDA CFR 21 177 2600) sahiptir.<\/p>\n<p><a href=\"https:\/\/nhkmachineryparts.com\/shop\/product-line\/certified-hygienic-feet\/\">Sertifikal\u0131 paslanmaz \u00e7elik ayak \u00fcr\u00fcn se\u00e7icimizi deneyin<\/a><\/p>\n<h2>EHEDG sertifikal\u0131 paslanmaz \u00e7elik ayaklar<\/h2>\n<p>Millerin tabana do\u011fru u\u00e7lar\u0131 p\u00fcr\u00fczs\u00fczd\u00fcr ve di\u015fler, kolay temizlik sa\u011flamak i\u00e7in bir man\u015fonla korunur.<br \/>\nMan\u015fon ayn\u0131 zamanda somun g\u00f6revi de g\u00f6r\u00fcr.<br \/>\nMil ve taban silikon contayla kapat\u0131lm\u0131\u015ft\u0131r.<br \/>\nMan\u015fon, milin d\u00fcz ucuna silikon conta ile kapat\u0131lm\u0131\u015ft\u0131r ve montaj plakas\u0131na silikon conta ile kapat\u0131lm\u0131\u015ft\u0131r.<br \/>\nTitre\u015fimi azaltmak i\u00e7in tabana FDA onayl\u0131 bir lastik ped tak\u0131labilir<br \/>\nEHEDG sertifikal\u0131 s\u0131zd\u0131rmaz hijyenik paslanmaz \u00e7elik ayaklar, zemin ve ekipmanlarda 10 dereceye kadar e\u011fimlerle ba\u015fa \u00e7\u0131kabilir.<\/p>\n<h2>Malzemeler<\/h2>\n<p>FDA CFR 21 177 2600&#039;e g\u00f6re FDA Sertifikas\u0131na sahip, EHEDG sertifikal\u0131, s\u0131zd\u0131rmaz hijyenik paslanmaz \u00e7elik ayaklar g\u00f6m\u00fcl\u00fc kau\u00e7uk.<\/p>\n<p>Taban plakas\u0131 malzemesi a\u00e7\u0131klamas\u0131:<br \/>\nPaslanmaz \u00e7elik Aisi 304 veya Aisi 316<\/p>\n<p>Mil malzemesi a\u00e7\u0131klamas\u0131:<br \/>\nPaslanmaz \u00e7elik A2-70 veya A4-70<\/p>\n<p>Kau\u00e7uk taban malzemesi a\u00e7\u0131klamas\u0131:<br \/>\nNBR Kau\u00e7uk (Nitril kau\u00e7uk CAS no. 9005-98-5)<br \/>\nFDA CFR 21 177 2600&#039;e g\u00f6re FDA Sertifikas\u0131<\/p>\n<p>T\u00fcm malzemeler kimyasallara, yayg\u0131n olarak uygulanan temizlik maddelerine ve kat\u0131 ve s\u0131v\u0131 ya\u011flara kar\u015f\u0131 olduk\u00e7a dayan\u0131kl\u0131d\u0131r.<\/p>\n<h2>Tip ve boyutlar<\/h2>\n<p><a href=\"https:\/\/nhkmachineryparts.com\/shop\/product-line\/certified-hygienic-feet\/\">Sertifikal\u0131 hijyenik ayak \u00fcr\u00fcn se\u00e7icimizi deneyin<\/a><\/p>\n<p>EHEDG sertifikal\u0131, s\u0131zd\u0131rmaz hijyenik paslanmaz \u00e7elik ayak tabanlar\u0131 geni\u015f bir yelpazede mevcuttur ve optimum esneklik ve se\u00e7enek sunar.<\/p>\n<div class=\"dcf-overflow-x-auto\" tabindex=\"0\">\n<table class=\"dcf-table dcf-table-bordered dcf-w-100%\">\n<thead>\n<tr>\n<th scope=\"col\">EHEDG Taban Tipi<\/th>\n<th scope=\"col\">Taban \u00c7ap\u0131 D<\/th>\n<\/tr>\n<\/thead>\n<tbody>\n<tr>\n<td data-label=\"PF Base Size\">EHEDG79<\/td>\n<td data-label=\"Base Diameter D\">78mm<\/td>\n<\/tr>\n<tr>\n<td data-label=\"PF Base Size\">EHEDG99<\/td>\n<td data-label=\"Base Diameter D\">98mm<\/td>\n<\/tr>\n<tr>\n<td data-label=\"PF Base Size\">EHEDG119<\/td>\n<td data-label=\"Base Diameter D\">118mm<\/td>\n<\/tr>\n<tr>\n<td data-label=\"PF Base Size\">EHEDG139<\/td>\n<td data-label=\"Base Diameter D\">138mm<\/td>\n<\/tr>\n<tr>\n<td data-label=\"PF Base Size\">EHEDG159<\/td>\n<td data-label=\"Base Diameter D\">158mm<\/td>\n<\/tr>\n<tr>\n<td data-label=\"PF Base Size\">EHEDG179<\/td>\n<td data-label=\"Base Diameter D\">178mm<\/td>\n<\/tr>\n<tr>\n<td data-label=\"PF Base Size\">EHEDG199<\/td>\n<td data-label=\"Base Diameter D\">198mm<\/td>\n<\/tr>\n<tr>\n<td data-label=\"PF Base Size\">EHEDG249<\/td>\n<td data-label=\"Base Diameter D\">248mm<\/td>\n<\/tr>\n<tr>\n<td data-label=\"PF Base Size\">EHEDG299<\/td>\n<td data-label=\"Base Diameter D\">298mm<\/td>\n<\/tr>\n<\/tbody>\n<\/table>\n<\/div>\n<p>EHEDG sertifikal\u0131, s\u0131zd\u0131rmaz, hijyenik, paslanmaz \u00e7elik ayak milleri geni\u015f bir yelpazede mevcuttur ve optimum esneklik ve se\u00e7enek sunar.<\/p>\n<table width=\"549\">\n<tbody>\n<tr>\n<td colspan=\"8\" width=\"549\">S\u0131zd\u0131rmaz koruma man\u015fonlu EHEDG di\u015fli mil<\/td>\n<\/tr>\n<tr>\n<td width=\"80\">M12<\/td>\n<td width=\"67\">M16<\/td>\n<td width=\"67\">M20<\/td>\n<td width=\"67\">M24<\/td>\n<td width=\"67\">M30<\/td>\n<td width=\"67\">M36<\/td>\n<td width=\"67\">M42<\/td>\n<td width=\"67\">M48<\/td>\n<\/tr>\n<tr>\n<td colspan=\"4\" width=\"281\">EHEDG Mil uzunlu\u011fu (L) ve Kovan uzunlu\u011fu (H)<\/td>\n<td colspan=\"4\" width=\"268\">Ayar y\u00fcksekli\u011fi<\/td>\n<\/tr>\n<tr>\n<td colspan=\"4\" width=\"281\">U=135 mm Y=55 mm<\/td>\n<td colspan=\"4\" width=\"268\">Min 80 mm&#039;den Max 120 mm&#039;ye<\/td>\n<\/tr>\n<tr>\n<td colspan=\"4\" width=\"281\">U=175 mm Y=75 mm<\/td>\n<td colspan=\"4\" width=\"268\">Min 100 mm&#039;den Maksimum 160 mm&#039;ye<\/td>\n<\/tr>\n<tr>\n<td colspan=\"4\" width=\"281\">U=215 mm Y=95 mm<\/td>\n<td colspan=\"4\" width=\"268\">Min 120 mm&#039;den Max 200 mm&#039;ye<\/td>\n<\/tr>\n<tr>\n<td colspan=\"4\" width=\"281\">U=255 mm Y=115 mm<\/td>\n<td colspan=\"4\" width=\"268\">Min 140 mm&#039;den Maksimum 240 mm&#039;ye<\/td>\n<\/tr>\n<tr>\n<td colspan=\"4\" width=\"281\">U=295 mm Y=125 mm<\/td>\n<td colspan=\"4\" width=\"268\">Min 180 mm&#039;den Maksimum 280 mm&#039;ye<\/td>\n<\/tr>\n<\/tbody>\n<\/table>\n<p>Di\u011fer di\u015fli mil uzunlu\u011fu (L) i\u00e7in l\u00fctfen bizimle ileti\u015fime ge\u00e7in.<br \/>\n\u0130stek \u00fczerine in\u00e7 cinsinden di\u015fler mevcuttur<br \/>\n\u0130plik ayr\u0131ca \u00f6zel iste\u011fe g\u00f6re \u00f6zelle\u015ftirilebilir, eski trapez iplik vb.<\/p>\n<h2>Teslimat se\u00e7ene\u011fi<\/h2>\n<h3>S\u0131zd\u0131rmaz hijyenik tasar\u0131ml\u0131 EHEDG sertifikal\u0131 paslanmaz \u00e7elik ayaklar<\/h3>\n<p>B\u00fcy\u00fck sipari\u015fler i\u00e7in taban ve milleri ayr\u0131 ayr\u0131 tedarik etmeyi \u00f6neriyoruz<br \/>\nBunun avantaj\u0131, bir\u00e7ok farkl\u0131 boyutta i\u011f kullanan m\u00fc\u015fteri i\u00e7in esnekliktir<\/p>\n<p><a href=\"https:\/\/nhkmachineryparts.com\/tr\/urun-hatti\/urun\/287-hijyenik-tasarimli-paslanmaz-ayaklar-hsf\/\">NHK makine par\u00e7alar\u0131&#039;nda paslanmaz \u00e7elik makine ayaklar\u0131 kategorisinde geni\u015f bir \u00fcr\u00fcn yelpazesi bulacaks\u0131n\u0131z.<\/a><\/p>\n\n\t\t<\/div>\n\t<\/div>\n<\/div><\/div><\/div><\/div><\/div><\/section>","protected":false},"excerpt":{"rendered":"Designed for heavy load in harsh environments under tough conditions Hygienic stainless steel feet can be applied with rubber pad for vibration reduction and anti-slip properties Our EHEDG certified hygienic stainless steel feet are provided with FDA certificate (FDA CFR 21 177 2600) with unique batch ID number for food safety traceability Try our certified [...]","protected":false},"featured_media":8486,"template":"","meta":[],"product_brand":[],"product_cat":[98],"product_tag":[],"class_list":{"0":"post-1383","1":"product","2":"type-product","3":"status-publish","4":"has-post-thumbnail","6":"product_cat-ehedg-certified-3a-ssi-standard-components","8":"first","9":"instock","10":"shipping-taxable","11":"product-type-simple"},"yoast_head":"<!-- This site is optimized with the Yoast SEO plugin v27.2 - https:\/\/yoast.com\/product\/yoast-seo-wordpress\/ -->\n<title>EHEDG-certified stainless steel solid base feet with floor lock holes | NHK Machinery Parts<\/title>\n<meta name=\"description\" content=\"EHEDG certified stainless feet in hygienic design with floor lock holes and sealed protected spindle, A2-70, Aisi 1.4301, NBR rubber pad, FDA certificate\" \/>\n<meta name=\"robots\" content=\"index, follow, max-snippet:-1, max-image-preview:large, max-video-preview:-1\" \/>\n<link rel=\"canonical\" href=\"https:\/\/nhkmachineryparts.com\/tr\/urun\/345-paslanmaz-ayakli-kapali-hijyenik-tasarimli-ehedg\/\" \/>\n<meta property=\"og:locale\" content=\"tr_TR\" \/>\n<meta property=\"og:type\" content=\"article\" \/>\n<meta property=\"og:title\" content=\"EHEDG-certified stainless steel solid base feet with floor lock holes | NHK Machinery Parts\" \/>\n<meta property=\"og:description\" content=\"EHEDG certified stainless feet in hygienic design with floor lock holes and sealed protected spindle, A2-70, Aisi 1.4301, NBR rubber pad, FDA certificate\" \/>\n<meta property=\"og:url\" content=\"https:\/\/nhkmachineryparts.com\/tr\/urun\/345-paslanmaz-ayakli-kapali-hijyenik-tasarimli-ehedg\/\" \/>\n<meta property=\"og:site_name\" content=\"NHK Machinery Parts\" \/>\n<meta property=\"article:publisher\" content=\"https:\/\/www.facebook.com\/NHK.Group.aps\" \/>\n<meta property=\"article:modified_time\" content=\"2026-02-27T14:02:06+00:00\" \/>\n<meta property=\"og:image\" content=\"https:\/\/nhkmachineryparts.com\/wp-content\/uploads\/2022\/09\/EHEDG-certified-stainless-steel-feet-in-sealed-hygienic-design-with-floor-lock-holes-and-spindle-with-protecting-sleeve.jpg\" \/>\n\t<meta property=\"og:image:width\" content=\"1000\" \/>\n\t<meta property=\"og:image:height\" content=\"1000\" \/>\n\t<meta property=\"og:image:type\" content=\"image\/jpeg\" \/>\n<meta name=\"twitter:card\" content=\"summary_large_image\" \/>\n<meta name=\"twitter:label1\" content=\"Tahmini okuma s\u00fcresi\" \/>\n\t<meta name=\"twitter:data1\" content=\"3 dakika\" \/>\n<script type=\"application\/ld+json\" class=\"yoast-schema-graph\">{\"@context\":\"https:\/\/schema.org\",\"@graph\":[{\"@type\":\"WebPage\",\"@id\":\"https:\/\/nhkmachineryparts.com\/product\/345-stainless-feet-in-sealed-hygienic-design-ehedg\/\",\"url\":\"https:\/\/nhkmachineryparts.com\/product\/345-stainless-feet-in-sealed-hygienic-design-ehedg\/\",\"name\":\"EHEDG-certified stainless steel solid base feet with floor lock holes | NHK Machinery Parts\",\"isPartOf\":{\"@id\":\"https:\/\/nhkmachineryparts.com\/#website\"},\"primaryImageOfPage\":{\"@id\":\"https:\/\/nhkmachineryparts.com\/product\/345-stainless-feet-in-sealed-hygienic-design-ehedg\/#primaryimage\"},\"image\":{\"@id\":\"https:\/\/nhkmachineryparts.com\/product\/345-stainless-feet-in-sealed-hygienic-design-ehedg\/#primaryimage\"},\"thumbnailUrl\":\"https:\/\/nhkmachineryparts.com\/wp-content\/uploads\/2022\/09\/EHEDG-certified-stainless-steel-feet-in-sealed-hygienic-design-with-floor-lock-holes-and-spindle-with-protecting-sleeve.jpg\",\"datePublished\":\"2022-09-23T13:59:45+00:00\",\"dateModified\":\"2026-02-27T14:02:06+00:00\",\"description\":\"EHEDG certified stainless feet in hygienic design with floor lock holes and sealed protected spindle, A2-70, Aisi 1.4301, NBR rubber pad, FDA certificate\",\"breadcrumb\":{\"@id\":\"https:\/\/nhkmachineryparts.com\/product\/345-stainless-feet-in-sealed-hygienic-design-ehedg\/#breadcrumb\"},\"inLanguage\":\"tr\",\"potentialAction\":[{\"@type\":\"ReadAction\",\"target\":[\"https:\/\/nhkmachineryparts.com\/product\/345-stainless-feet-in-sealed-hygienic-design-ehedg\/\"]}]},{\"@type\":\"ImageObject\",\"inLanguage\":\"tr\",\"@id\":\"https:\/\/nhkmachineryparts.com\/product\/345-stainless-feet-in-sealed-hygienic-design-ehedg\/#primaryimage\",\"url\":\"https:\/\/nhkmachineryparts.com\/wp-content\/uploads\/2022\/09\/EHEDG-certified-stainless-steel-feet-in-sealed-hygienic-design-with-floor-lock-holes-and-spindle-with-protecting-sleeve.jpg\",\"contentUrl\":\"https:\/\/nhkmachineryparts.com\/wp-content\/uploads\/2022\/09\/EHEDG-certified-stainless-steel-feet-in-sealed-hygienic-design-with-floor-lock-holes-and-spindle-with-protecting-sleeve.jpg\",\"width\":1000,\"height\":1000,\"caption\":\"EHEDG certified stainless steel feet in sealed hygienic design with floor lock holes and spindle with protecting sleeve\"},{\"@type\":\"BreadcrumbList\",\"@id\":\"https:\/\/nhkmachineryparts.com\/product\/345-stainless-feet-in-sealed-hygienic-design-ehedg\/#breadcrumb\",\"itemListElement\":[{\"@type\":\"ListItem\",\"position\":1,\"name\":\"Home\",\"item\":\"https:\/\/nhkmachineryparts.com\/\"},{\"@type\":\"ListItem\",\"position\":2,\"name\":\"Product line\",\"item\":\"https:\/\/nhkmachineryparts.com\/product-line\/\"},{\"@type\":\"ListItem\",\"position\":3,\"name\":\"Certified EHEDG standard components\",\"item\":\"https:\/\/nhkmachineryparts.com\/product-line\/ehedg-certified-3a-ssi-standard-components\/\"},{\"@type\":\"ListItem\",\"position\":4,\"name\":\"EHEDG-certified stainless steel solid base feet with floor lock holes\"}]},{\"@type\":\"WebSite\",\"@id\":\"https:\/\/nhkmachineryparts.com\/#website\",\"url\":\"https:\/\/nhkmachineryparts.com\/\",\"name\":\"NHK Machinery Parts\",\"description\":\"Bearing Houses, seismic levelling feet and levelling castors\",\"publisher\":{\"@id\":\"https:\/\/nhkmachineryparts.com\/#organization\"},\"potentialAction\":[{\"@type\":\"SearchAction\",\"target\":{\"@type\":\"EntryPoint\",\"urlTemplate\":\"https:\/\/nhkmachineryparts.com\/?s={search_term_string}\"},\"query-input\":{\"@type\":\"PropertyValueSpecification\",\"valueRequired\":true,\"valueName\":\"search_term_string\"}}],\"inLanguage\":\"tr\"},{\"@type\":\"Organization\",\"@id\":\"https:\/\/nhkmachineryparts.com\/#organization\",\"name\":\"Nhk Group ApS\",\"url\":\"https:\/\/nhkmachineryparts.com\/\",\"logo\":{\"@type\":\"ImageObject\",\"inLanguage\":\"tr\",\"@id\":\"https:\/\/nhkmachineryparts.com\/#\/schema\/logo\/image\/\",\"url\":\"https:\/\/nhkmachineryparts.com\/wp-content\/uploads\/2022\/09\/NHKgroup_social.jpg\",\"contentUrl\":\"https:\/\/nhkmachineryparts.com\/wp-content\/uploads\/2022\/09\/NHKgroup_social.jpg\",\"width\":1200,\"height\":630,\"caption\":\"Nhk Group ApS\"},\"image\":{\"@id\":\"https:\/\/nhkmachineryparts.com\/#\/schema\/logo\/image\/\"},\"sameAs\":[\"https:\/\/www.facebook.com\/NHK.Group.aps\"]}]}<\/script>\n<!-- \/ Yoast SEO plugin. -->","yoast_head_json":{"title":"EHEDG-certified stainless steel solid base feet with floor lock holes | NHK Machinery Parts","description":"Hijyenik tasar\u0131ml\u0131, zemin kilit delikli ve kapal\u0131 korumal\u0131 mil, A2-70, Aisi 1.4301, NBR kau\u00e7uk ped, FDA sertifikal\u0131 EHEDG sertifikal\u0131 paslanmaz ayaklar","robots":{"index":"index","follow":"follow","max-snippet":"max-snippet:-1","max-image-preview":"max-image-preview:large","max-video-preview":"max-video-preview:-1"},"canonical":"https:\/\/nhkmachineryparts.com\/tr\/urun\/345-paslanmaz-ayakli-kapali-hijyenik-tasarimli-ehedg\/","og_locale":"tr_TR","og_type":"article","og_title":"EHEDG-certified stainless steel solid base feet with floor lock holes | NHK Machinery Parts","og_description":"EHEDG certified stainless feet in hygienic design with floor lock holes and sealed protected spindle, A2-70, Aisi 1.4301, NBR rubber pad, FDA certificate","og_url":"https:\/\/nhkmachineryparts.com\/tr\/urun\/345-paslanmaz-ayakli-kapali-hijyenik-tasarimli-ehedg\/","og_site_name":"NHK Machinery Parts","article_publisher":"https:\/\/www.facebook.com\/NHK.Group.aps","article_modified_time":"2026-02-27T14:02:06+00:00","og_image":[{"width":1000,"height":1000,"url":"https:\/\/nhkmachineryparts.com\/wp-content\/uploads\/2022\/09\/EHEDG-certified-stainless-steel-feet-in-sealed-hygienic-design-with-floor-lock-holes-and-spindle-with-protecting-sleeve.jpg","type":"image\/jpeg"}],"twitter_card":"summary_large_image","twitter_misc":{"Tahmini okuma s\u00fcresi":"3 dakika"},"schema":{"@context":"https:\/\/schema.org","@graph":[{"@type":"WebPage","@id":"https:\/\/nhkmachineryparts.com\/product\/345-stainless-feet-in-sealed-hygienic-design-ehedg\/","url":"https:\/\/nhkmachineryparts.com\/product\/345-stainless-feet-in-sealed-hygienic-design-ehedg\/","name":"EHEDG-certified stainless steel solid base feet with floor lock holes | NHK Machinery Parts","isPartOf":{"@id":"https:\/\/nhkmachineryparts.com\/#website"},"primaryImageOfPage":{"@id":"https:\/\/nhkmachineryparts.com\/product\/345-stainless-feet-in-sealed-hygienic-design-ehedg\/#primaryimage"},"image":{"@id":"https:\/\/nhkmachineryparts.com\/product\/345-stainless-feet-in-sealed-hygienic-design-ehedg\/#primaryimage"},"thumbnailUrl":"https:\/\/nhkmachineryparts.com\/wp-content\/uploads\/2022\/09\/EHEDG-certified-stainless-steel-feet-in-sealed-hygienic-design-with-floor-lock-holes-and-spindle-with-protecting-sleeve.jpg","datePublished":"2022-09-23T13:59:45+00:00","dateModified":"2026-02-27T14:02:06+00:00","description":"Hijyenik tasar\u0131ml\u0131, zemin kilit delikli ve kapal\u0131 korumal\u0131 mil, A2-70, Aisi 1.4301, NBR kau\u00e7uk ped, FDA sertifikal\u0131 EHEDG sertifikal\u0131 paslanmaz ayaklar","breadcrumb":{"@id":"https:\/\/nhkmachineryparts.com\/product\/345-stainless-feet-in-sealed-hygienic-design-ehedg\/#breadcrumb"},"inLanguage":"tr","potentialAction":[{"@type":"ReadAction","target":["https:\/\/nhkmachineryparts.com\/product\/345-stainless-feet-in-sealed-hygienic-design-ehedg\/"]}]},{"@type":"ImageObject","inLanguage":"tr","@id":"https:\/\/nhkmachineryparts.com\/product\/345-stainless-feet-in-sealed-hygienic-design-ehedg\/#primaryimage","url":"https:\/\/nhkmachineryparts.com\/wp-content\/uploads\/2022\/09\/EHEDG-certified-stainless-steel-feet-in-sealed-hygienic-design-with-floor-lock-holes-and-spindle-with-protecting-sleeve.jpg","contentUrl":"https:\/\/nhkmachineryparts.com\/wp-content\/uploads\/2022\/09\/EHEDG-certified-stainless-steel-feet-in-sealed-hygienic-design-with-floor-lock-holes-and-spindle-with-protecting-sleeve.jpg","width":1000,"height":1000,"caption":"EHEDG certified stainless steel feet in sealed hygienic design with floor lock holes and spindle with protecting sleeve"},{"@type":"BreadcrumbList","@id":"https:\/\/nhkmachineryparts.com\/product\/345-stainless-feet-in-sealed-hygienic-design-ehedg\/#breadcrumb","itemListElement":[{"@type":"ListItem","position":1,"name":"Home","item":"https:\/\/nhkmachineryparts.com\/"},{"@type":"ListItem","position":2,"name":"Product line","item":"https:\/\/nhkmachineryparts.com\/product-line\/"},{"@type":"ListItem","position":3,"name":"Certified EHEDG standard components","item":"https:\/\/nhkmachineryparts.com\/product-line\/ehedg-certified-3a-ssi-standard-components\/"},{"@type":"ListItem","position":4,"name":"EHEDG-certified stainless steel solid base feet with floor lock holes"}]},{"@type":"WebSite","@id":"https:\/\/nhkmachineryparts.com\/#website","url":"https:\/\/nhkmachineryparts.com\/","name":"NHK Makine Par\u00e7alar\u0131","description":"Rulman Yataklar\u0131, sismik tesviye ayaklar\u0131 ve tesviye tekerlekleri","publisher":{"@id":"https:\/\/nhkmachineryparts.com\/#organization"},"potentialAction":[{"@type":"SearchAction","target":{"@type":"EntryPoint","urlTemplate":"https:\/\/nhkmachineryparts.com\/?s={search_term_string}"},"query-input":{"@type":"PropertyValueSpecification","valueRequired":true,"valueName":"search_term_string"}}],"inLanguage":"tr"},{"@type":"Organization","@id":"https:\/\/nhkmachineryparts.com\/#organization","name":"NHK Grup ApS","url":"https:\/\/nhkmachineryparts.com\/","logo":{"@type":"ImageObject","inLanguage":"tr","@id":"https:\/\/nhkmachineryparts.com\/#\/schema\/logo\/image\/","url":"https:\/\/nhkmachineryparts.com\/wp-content\/uploads\/2022\/09\/NHKgroup_social.jpg","contentUrl":"https:\/\/nhkmachineryparts.com\/wp-content\/uploads\/2022\/09\/NHKgroup_social.jpg","width":1200,"height":630,"caption":"Nhk Group ApS"},"image":{"@id":"https:\/\/nhkmachineryparts.com\/#\/schema\/logo\/image\/"},"sameAs":["https:\/\/www.facebook.com\/NHK.Group.aps"]}]}},"_links":{"self":[{"href":"https:\/\/nhkmachineryparts.com\/tr\/wp-json\/wp\/v2\/product\/1383","targetHints":{"allow":["GET"]}}],"collection":[{"href":"https:\/\/nhkmachineryparts.com\/tr\/wp-json\/wp\/v2\/product"}],"about":[{"href":"https:\/\/nhkmachineryparts.com\/tr\/wp-json\/wp\/v2\/types\/product"}],"wp:featuredmedia":[{"embeddable":true,"href":"https:\/\/nhkmachineryparts.com\/tr\/wp-json\/wp\/v2\/media\/8486"}],"wp:attachment":[{"href":"https:\/\/nhkmachineryparts.com\/tr\/wp-json\/wp\/v2\/media?parent=1383"}],"wp:term":[{"taxonomy":"product_brand","embeddable":true,"href":"https:\/\/nhkmachineryparts.com\/tr\/wp-json\/wp\/v2\/product_brand?post=1383"},{"taxonomy":"product_cat","embeddable":true,"href":"https:\/\/nhkmachineryparts.com\/tr\/wp-json\/wp\/v2\/product_cat?post=1383"},{"taxonomy":"product_tag","embeddable":true,"href":"https:\/\/nhkmachineryparts.com\/tr\/wp-json\/wp\/v2\/product_tag?post=1383"}],"curies":[{"name":"wp","href":"https:\/\/api.w.org\/{rel}","templated":true}]}}