{"id":1331,"date":"2022-09-20T19:23:06","date_gmt":"2022-09-20T19:23:06","guid":{"rendered":"https:\/\/nhkmachineryparts.pawsfabrik.dk\/?post_type=product&#038;p=1331"},"modified":"2026-02-27T15:52:33","modified_gmt":"2026-02-27T13:52:33","slug":"301-makine-ayakli-muhurlu-hijyenik-tasarimli-shmf-zemin-kilit-plakali","status":"publish","type":"product","link":"https:\/\/nhkmachineryparts.com\/tr\/product\/301-machine-feet-in-sealed-hygienic-design-shmf-with-floor-lock-plate\/","title":{"rendered":"3-A machine feet with floor lock plate\u00a0"},"content":{"rendered":"<section class=\"vc_row vc_custom_1662993827263 liquid-row-shadowbox-69d386a6a7f6e vc_column-gap-0\"><div class=\"ld-container container\"><div class=\"row ld-row ld-row-outer\"><div class=\"wpb_column vc_column_container vc_col-sm-12 liquid-column-69d386a6a80f9\"><div class=\"vc_column-inner\" ><div class=\"wpb_wrapper\"  >\n\t<div class=\"wpb_text_column wpb_content_element\" >\n\t\t<div class=\"wpb_wrapper\">\n\t\t\t<h2>\u00d6d\u00fcns\u00fcz End\u00fcstriyel Temizlik i\u00e7in Tasarland\u0131<\/h2>\n<p><a href=\"https:\/\/nhkmachineryparts.com\/tr\/urun\/301-makine-ayakli-muhurlu-hijyenik-tasarimli-shmf-zemin-kilit-plakali\/\" data-internallinksmanager029f6b8e52c=\"20\" title=\"makine ayaklar\u0131\">Makine ayaklar\u0131<\/a> titre\u015fimi azaltmak ve kaymay\u0131 \u00f6nleyici \u00f6zellikler i\u00e7in kau\u00e7uk tabanl\u0131, hijyenik, kapal\u0131 tasar\u0131m<br \/>\nS\u0131zd\u0131rmaz hijyenik makine ayaklar\u0131m\u0131z, g\u0131da g\u00fcvenli\u011fi izlenebilirli\u011fi i\u00e7in benzersiz parti kimlik numaras\u0131na sahip FDA sertifikas\u0131na (FDA CFR 21 177 2600) sahiptir.<\/p>\n<p><a href=\"https:\/\/nhkmachineryparts.com\/tr\/magaza\/urun-hatti\/hijyenik-tasarimli-makine-dengeleme-ayaklari\/sanitary-machine-feet-with-protected-spindle\/\">\u00dcr\u00fcn se\u00e7icimizi deneyin<\/a><\/p>\n<h3>S\u0131zd\u0131rmaz hijyenik tasar\u0131m \u00f6zellikleri ve avantajlar\u0131na sahip makine ayaklar\u0131<\/h3>\n<p>Kapal\u0131 hijyenik makine ayaklar\u0131, temizli\u011fi kolayla\u015ft\u0131ran yuvarlat\u0131lm\u0131\u015f, hijyenik bir tasar\u0131ma sahiptir.<br \/>\nKapal\u0131 hijyenik makine ayaklar\u0131, zemin ve ekipmanlardaki 10 dereceye kadar e\u011fimlerle ba\u015fa \u00e7\u0131kabilir.<\/p>\n<h3>S\u0131zd\u0131rmaz hijyenik tasar\u0131m malzemelerinden makine ayaklar\u0131<\/h3>\n<p>FDA CFR 21 177 2600&#039;e g\u00f6re FDA sertifikal\u0131, m\u00fch\u00fcrl\u00fc hijyenik makine ayaklar\u0131 vulkanize kau\u00e7uk par\u00e7a.<\/p>\n<p>Taban plakas\u0131 malzemesi a\u00e7\u0131klamas\u0131:<br \/>\nPaslanmaz \u00e7elik Aisi 304 veya Aisi 316<\/p>\n<p>Mil malzemesi a\u00e7\u0131klamas\u0131:<br \/>\nPaslanmaz \u00e7elik A2-70 veya A4-70<\/p>\n<p>Kau\u00e7uk taban malzemesi a\u00e7\u0131klamas\u0131:<br \/>\nNBR Kau\u00e7uk (Nitril kau\u00e7uk CAS no. 9005-98-5)<br \/>\nFDA CFR 21 177 2600&#039;e g\u00f6re FDA Sertifikas\u0131<\/p>\n<p>T\u00fcm malzemeler kimyasallara, yayg\u0131n olarak uygulanan temizlik maddelerine ve kat\u0131 ve s\u0131v\u0131 ya\u011flara kar\u015f\u0131 olduk\u00e7a dayan\u0131kl\u0131d\u0131r.<\/p>\n<h3>S\u0131zd\u0131rmaz hijyenik tasar\u0131m boyutlar\u0131nda makine ayaklar\u0131<\/h3>\n<p>Kapal\u0131 hijyenik makine ayak tabanlar\u0131 geni\u015f bir yelpazede mevcut olup, optimum esneklik ve se\u00e7im olana\u011f\u0131 sa\u011flar.<\/p>\n<table class=\"dcf-table dcf-table-responsive dcf-table-bordered dcf-w-100%\">\n<thead>\n<tr>\n<th scope=\"col\">Temel tip<\/th>\n<th scope=\"col\">Taban \u00c7ap\u0131 D<\/th>\n<th scope=\"col\">Nom. Y\u00fck<\/th>\n<\/tr>\n<\/thead>\n<tbody>\n<tr>\n<td data-label=\"HMF Base Size\">HMF 61<\/td>\n<td data-label=\"Base Diameter D\">60 mm<\/td>\n<td data-label=\"Nom. Load \">7.000 N<\/td>\n<\/tr>\n<tr>\n<td data-label=\"HMF Base Size\">HMF 81<\/td>\n<td data-label=\"Base Diameter D\">80mm<\/td>\n<td data-label=\"Nom. Load \">15.000 N<\/td>\n<\/tr>\n<tr>\n<td data-label=\"HMF Base Size\">HMF 101<\/td>\n<td data-label=\"Base Diameter D\">100 mm<\/td>\n<td data-label=\"Nom. Load \">20.000 N<\/td>\n<\/tr>\n<tr>\n<td data-label=\"HMF Base Size\">HMF 121<\/td>\n<td data-label=\"Base Diameter D\">120mm<\/td>\n<td data-label=\"Nom. Load \">30.000 N<\/td>\n<\/tr>\n<\/tbody>\n<\/table>\n<p>Koruyucu k\u0131l\u0131fl\u0131, kapal\u0131 hijyenik makine aya\u011f\u0131 milleri geni\u015f bir yelpazede mevcuttur ve optimum esneklik ve se\u00e7im imkan\u0131 sunar.<\/p>\n<div class=\"dcf-overflow-x-auto\" tabindex=\"0\">\n<table class=\"dcf-table dcf-table-bordered dcf-w-100%\">\n<caption>SHMF Mil ve man\u015fon \u00e7ap\u0131<\/caption>\n<tbody>\n<tr>\n<td>M16<\/td>\n<td>M20<\/td>\n<td>M24<\/td>\n<td>M30<\/td>\n<td>M36<\/td>\n<td>M42<\/td>\n<td>M48<\/td>\n<\/tr>\n<\/tbody>\n<\/table>\n<\/div>\n<div class=\"dcf-overflow-x-auto\" tabindex=\"0\">\n<table class=\"dcf-table dcf-table-bordered dcf-w-100%\">\n<caption>SHMF Mil uzunlu\u011fu (L) ve Kovan uzunlu\u011fu (H)<\/caption>\n<tbody>\n<tr>\n<td>U=135 mm Y=55 mm<\/td>\n<td>Min 80 mm&#039;den Max 120 mm&#039;ye<\/td>\n<\/tr>\n<tr>\n<td>U=175 mm Y=75 mm<\/td>\n<td>Min 100 mm&#039;den Maksimum 160 mm&#039;ye<\/td>\n<\/tr>\n<tr>\n<td>U=215 mm Y=95 mm<\/td>\n<td>Min 120 mm&#039;den Max 200 mm&#039;ye<\/td>\n<\/tr>\n<tr>\n<td>U=255 mm Y=115 mm<\/td>\n<td>Min 140 mm&#039;den Maksimum 240 mm&#039;ye<\/td>\n<\/tr>\n<tr>\n<td>U=295 mm Y=125 mm<\/td>\n<td>Min 180 mm&#039;den Maksimum 280 mm&#039;ye<\/td>\n<\/tr>\n<\/tbody>\n<\/table>\n<\/div>\n<p>Di\u011fer di\u015fli mil uzunlu\u011fu (L) i\u00e7in l\u00fctfen bizimle ileti\u015fime ge\u00e7in.<br \/>\n\u0130stek \u00fczerine in\u00e7 cinsinden di\u015fler mevcuttur<br \/>\n\u0130plik ayr\u0131ca \u00f6zel iste\u011fe g\u00f6re \u00f6zelle\u015ftirilebilir, eski trapez iplik vb.<\/p>\n<h3>S\u0131zd\u0131rmaz hijyenik tasar\u0131ml\u0131 makine ayaklar\u0131 teslimat se\u00e7ene\u011fi<\/h3>\n<p>B\u00fcy\u00fck sipari\u015fler i\u00e7in taban ve milleri ayr\u0131 ayr\u0131 tedarik etmeyi \u00f6neriyoruz<br \/>\nAvantaj\u0131, bir\u00e7ok farkl\u0131 boyutta i\u011f kullanan m\u00fc\u015fteri i\u00e7in esnekliktir.<\/p>\n<h2 data-start=\"0\" data-end=\"100\">Zemin kilitleme plakas\u0131 ve m\u00fch\u00fcrl\u00fc korumal\u0131 mil ile hijyenik makine ayaklar\u0131<\/h2>\n<h3 data-start=\"0\" data-end=\"100\">Ekipman Hijyeninde Devrim Yarat\u0131yoruz<\/h3>\n<p data-start=\"143\" data-end=\"504\">G\u00fcn\u00fcm\u00fcz\u00fcn h\u0131zl\u0131 tempolu end\u00fcstriyel ortam\u0131nda, ekipman hijyenini korumak \u00fcretkenlik ve g\u00fcvenlik i\u00e7in olmazsa olmazd\u0131r. Yenilik\u00e7i hijyenik makine ayaklar\u0131m\u0131z, en kat\u0131 hijyen standartlar\u0131n\u0131 kar\u015f\u0131lamak i\u00e7in hassas m\u00fchendislikle tasarlanm\u0131\u015ft\u0131r. Bu \u00f6zel \u00e7\u00f6z\u00fcm, minimum kontaminasyon riskini garanti eder ve a\u015fa\u011f\u0131dakiler i\u00e7in idealdir: <a href=\"https:\/\/nhkmachineryparts.com\/tr\/our-industries\/\" data-internallinksmanager029f6b8e52c=\"4\" title=\"End\u00fcstrilerimiz\">end\u00fcstriler<\/a> s\u0131k\u0131 temizlik protokolleri gerektirir.<\/p>\n<h3 data-start=\"506\" data-end=\"543\">Yenilik\u00e7i Zemin Kilit Plaka Tasar\u0131m\u0131<\/h3>\n<p data-start=\"544\" data-end=\"908\">Entegre zemin kilit plakas\u0131 ola\u011fan\u00fcst\u00fc bir denge sa\u011flar ve \u00e7al\u0131\u015fma s\u0131ras\u0131nda istenmeyen hareketleri \u00f6nler. Sa\u011flam tasar\u0131m\u0131, makinenin y\u00fcksek stres ko\u015fullar\u0131nda bile g\u00fcvenli bir \u015fekilde yerinde kalmas\u0131n\u0131 sa\u011flar. Bu \u00f6zellik yaln\u0131zca g\u00fcvenli\u011fi art\u0131rmakla kalmaz, ayn\u0131 zamanda ekipman vardiyalar\u0131yla ili\u015fkili duru\u015f s\u00fcresini azaltarak daha verimli bir \u00fcretim s\u00fcrecine de katk\u0131da bulunur.<\/p>\n<h3 data-start=\"910\" data-end=\"946\">Geli\u015fmi\u015f M\u00fch\u00fcrl\u00fc Korumal\u0131 Mil<\/h3>\n<p data-start=\"947\" data-end=\"1334\">Bu \u00e7\u0131\u011f\u0131r a\u00e7an teknolojinin kalbinde, m\u00fch\u00fcrl\u00fc korumal\u0131 mil yer al\u0131r. Geli\u015fmi\u015f s\u0131zd\u0131rmazl\u0131k sistemi, mili tozdan, nemden ve di\u011fer kirleticilerden korur. Bu koruma, kritik bile\u015fenlerin kullan\u0131m \u00f6mr\u00fcn\u00fc uzat\u0131r ve bak\u0131m ihtiya\u00e7lar\u0131n\u0131 en aza indirir. G\u00fcvenli mil tasar\u0131m\u0131, hijyenin en \u00f6nemli \u00f6ncelik oldu\u011fu ortamlarda optimum performans elde etmek i\u00e7in olmazsa olmazd\u0131r.<\/p>\n<h3 data-start=\"1336\" data-end=\"1374\">Geli\u015fmi\u015f Performans ve Dayan\u0131kl\u0131l\u0131k<\/h3>\n<p data-start=\"1375\" data-end=\"2256\" data-is-last-node=\"\" data-is-only-node=\"\">Hijyenik makine ayaklar\u0131n\u0131 g\u00fcvenilir bir zemin kilitleme plakas\u0131 ve m\u00fch\u00fcrl\u00fc korumal\u0131 bir mil ile birle\u015ftirerek i\u015fletmeler geli\u015fmi\u015f operasyonel verimlilik ve g\u00fcvenlik elde edebilir. Bu b\u00fct\u00fcnsel tasar\u0131m yakla\u015f\u0131m\u0131 hem performans\u0131 hem de dayan\u0131kl\u0131l\u0131\u011f\u0131 ele alarak ekipman\u0131n zaman i\u00e7inde temiz ve i\u015flevsel kalmas\u0131n\u0131 sa\u011flar. \u00d6zel m\u00fchendislik \u00e7\u00f6z\u00fcmleri, \u00e7e\u015fitli end\u00fcstriyel uygulamalar\u0131n taleplerini kar\u015f\u0131lamak \u00fczere tasarlanm\u0131\u015ft\u0131r ve bu da onlar\u0131 en y\u00fcksek temizlik ve performans standartlar\u0131n\u0131 korumaya kendini adam\u0131\u015f ileri g\u00f6r\u00fc\u015fl\u00fc \u015firketler i\u00e7in ak\u0131ll\u0131 bir yat\u0131r\u0131m haline getirir.<\/p>\n<h3 data-start=\"1375\" data-end=\"2256\">\u0130stikrar\u0131 G\u00fcvence Alt\u0131na Almak ve Verimlili\u011fi Art\u0131rmak<\/h3>\n<p data-start=\"1375\" data-end=\"2256\" data-is-last-node=\"\" data-is-only-node=\"\">Bu geli\u015fmi\u015f \u00e7\u00f6z\u00fcm yaln\u0131zca zorlu end\u00fcstriyel hijyen gereksinimlerini kar\u015f\u0131lamakla kalmaz, ayn\u0131 zamanda operasyonel g\u00fcvenilirli\u011fi ve maliyet etkinli\u011fini de art\u0131rarak g\u00fcn\u00fcm\u00fcz\u00fcn zorlu pazar\u0131nda rekabet avantaj\u0131 sa\u011flar. Uzun \u00f6m\u00fcrl\u00fcl\u00fck ve bak\u0131m kolayl\u0131\u011f\u0131 i\u00e7in tasarlanan bu bile\u015fenler, kaliteli \u00fcretim ve yenilik\u00e7i tasar\u0131m\u0131n bir kan\u0131t\u0131d\u0131r.<\/p>\n\n\t\t<\/div>\n\t<\/div>\n<\/div><\/div><\/div><\/div><\/div><\/section>","protected":false},"excerpt":{"rendered":"Engineered for Uncompromised Industrial Cleanliness Machine feet in sealed hygienic design with rubber base for vibration reduction and anti-slip properties Our sealed hygienic machine feet are provided with FDA certificate (FDA CFR 21 177 2600) with unique batch ID number for food safety traceability Try our product selector Machine feet in sealed hygienic design features [...]","protected":false},"featured_media":11306,"template":"","meta":[],"product_brand":[],"product_cat":[98],"product_tag":[],"class_list":{"0":"post-1331","1":"product","2":"type-product","3":"status-publish","4":"has-post-thumbnail","6":"product_cat-ehedg-certified-3a-ssi-standard-components","8":"first","9":"instock","10":"shipping-taxable","11":"product-type-simple"},"yoast_head":"<!-- This site is optimized with the Yoast SEO plugin v27.3 - https:\/\/yoast.com\/product\/yoast-seo-wordpress\/ -->\n<title>3-A machine feet with floor lock plate\u00a0 | NHK Machinery Parts<\/title>\n<meta name=\"description\" content=\"Transform your industrial workspace with our bespoke hygienic machine feet. Engineered for optimal stability, unrivaled cleanliness, and peak performance.\" \/>\n<meta name=\"robots\" content=\"index, follow, max-snippet:-1, max-image-preview:large, max-video-preview:-1\" \/>\n<link rel=\"canonical\" href=\"https:\/\/nhkmachineryparts.com\/tr\/urun\/301-makine-ayakli-muhurlu-hijyenik-tasarimli-shmf-zemin-kilit-plakali\/\" \/>\n<meta property=\"og:locale\" content=\"tr_TR\" \/>\n<meta property=\"og:type\" content=\"article\" \/>\n<meta property=\"og:title\" content=\"3-A machine feet with floor lock plate\u00a0 | NHK Machinery Parts\" \/>\n<meta property=\"og:description\" content=\"Transform your industrial workspace with our bespoke hygienic machine feet. Engineered for optimal stability, unrivaled cleanliness, and peak performance.\" \/>\n<meta property=\"og:url\" content=\"https:\/\/nhkmachineryparts.com\/tr\/urun\/301-makine-ayakli-muhurlu-hijyenik-tasarimli-shmf-zemin-kilit-plakali\/\" \/>\n<meta property=\"og:site_name\" content=\"NHK Machinery Parts\" \/>\n<meta property=\"article:publisher\" content=\"https:\/\/www.facebook.com\/NHK.Group.aps\" \/>\n<meta property=\"article:modified_time\" content=\"2026-02-27T13:52:33+00:00\" \/>\n<meta property=\"og:image\" content=\"https:\/\/nhkmachineryparts.com\/wp-content\/uploads\/2022\/09\/Levelling-feet-in-extra-hygienic-design-SHLF-with-black-rubber-with-floor-lock-plate-and-spindle-with-protecting-sleeve.jpg\" \/>\n\t<meta property=\"og:image:width\" content=\"1000\" \/>\n\t<meta property=\"og:image:height\" content=\"1000\" \/>\n\t<meta property=\"og:image:type\" content=\"image\/jpeg\" \/>\n<meta name=\"twitter:card\" content=\"summary_large_image\" \/>\n<meta name=\"twitter:label1\" content=\"Tahmini okuma s\u00fcresi\" \/>\n\t<meta name=\"twitter:data1\" content=\"4 dakika\" \/>\n<script type=\"application\/ld+json\" class=\"yoast-schema-graph\">{\"@context\":\"https:\\\/\\\/schema.org\",\"@graph\":[{\"@type\":\"WebPage\",\"@id\":\"https:\\\/\\\/nhkmachineryparts.com\\\/product\\\/301-machine-feet-in-sealed-hygienic-design-shmf-with-floor-lock-plate\\\/\",\"url\":\"https:\\\/\\\/nhkmachineryparts.com\\\/product\\\/301-machine-feet-in-sealed-hygienic-design-shmf-with-floor-lock-plate\\\/\",\"name\":\"3-A machine feet with floor lock plate\u00a0 | NHK Machinery Parts\",\"isPartOf\":{\"@id\":\"https:\\\/\\\/nhkmachineryparts.com\\\/#website\"},\"primaryImageOfPage\":{\"@id\":\"https:\\\/\\\/nhkmachineryparts.com\\\/product\\\/301-machine-feet-in-sealed-hygienic-design-shmf-with-floor-lock-plate\\\/#primaryimage\"},\"image\":{\"@id\":\"https:\\\/\\\/nhkmachineryparts.com\\\/product\\\/301-machine-feet-in-sealed-hygienic-design-shmf-with-floor-lock-plate\\\/#primaryimage\"},\"thumbnailUrl\":\"https:\\\/\\\/nhkmachineryparts.com\\\/wp-content\\\/uploads\\\/2022\\\/09\\\/Levelling-feet-in-extra-hygienic-design-SHLF-with-black-rubber-with-floor-lock-plate-and-spindle-with-protecting-sleeve.jpg\",\"datePublished\":\"2022-09-20T19:23:06+00:00\",\"dateModified\":\"2026-02-27T13:52:33+00:00\",\"description\":\"Transform your industrial workspace with our bespoke hygienic machine feet. Engineered for optimal stability, unrivaled cleanliness, and peak performance.\",\"breadcrumb\":{\"@id\":\"https:\\\/\\\/nhkmachineryparts.com\\\/product\\\/301-machine-feet-in-sealed-hygienic-design-shmf-with-floor-lock-plate\\\/#breadcrumb\"},\"inLanguage\":\"tr\",\"potentialAction\":[{\"@type\":\"ReadAction\",\"target\":[\"https:\\\/\\\/nhkmachineryparts.com\\\/product\\\/301-machine-feet-in-sealed-hygienic-design-shmf-with-floor-lock-plate\\\/\"]}]},{\"@type\":\"ImageObject\",\"inLanguage\":\"tr\",\"@id\":\"https:\\\/\\\/nhkmachineryparts.com\\\/product\\\/301-machine-feet-in-sealed-hygienic-design-shmf-with-floor-lock-plate\\\/#primaryimage\",\"url\":\"https:\\\/\\\/nhkmachineryparts.com\\\/wp-content\\\/uploads\\\/2022\\\/09\\\/Levelling-feet-in-extra-hygienic-design-SHLF-with-black-rubber-with-floor-lock-plate-and-spindle-with-protecting-sleeve.jpg\",\"contentUrl\":\"https:\\\/\\\/nhkmachineryparts.com\\\/wp-content\\\/uploads\\\/2022\\\/09\\\/Levelling-feet-in-extra-hygienic-design-SHLF-with-black-rubber-with-floor-lock-plate-and-spindle-with-protecting-sleeve.jpg\",\"width\":1000,\"height\":1000,\"caption\":\"Levelling feet in extra hygienic design SHLF with black rubber with floor lock plate and spindle with protecting sleeve\"},{\"@type\":\"BreadcrumbList\",\"@id\":\"https:\\\/\\\/nhkmachineryparts.com\\\/product\\\/301-machine-feet-in-sealed-hygienic-design-shmf-with-floor-lock-plate\\\/#breadcrumb\",\"itemListElement\":[{\"@type\":\"ListItem\",\"position\":1,\"name\":\"Home\",\"item\":\"https:\\\/\\\/nhkmachineryparts.com\\\/\"},{\"@type\":\"ListItem\",\"position\":2,\"name\":\"Product line\",\"item\":\"https:\\\/\\\/nhkmachineryparts.com\\\/product-line\\\/\"},{\"@type\":\"ListItem\",\"position\":3,\"name\":\"Certified EHEDG standard components\",\"item\":\"https:\\\/\\\/nhkmachineryparts.com\\\/product-line\\\/ehedg-certified-3a-ssi-standard-components\\\/\"},{\"@type\":\"ListItem\",\"position\":4,\"name\":\"3-A machine feet with floor lock plate\u00a0\"}]},{\"@type\":\"WebSite\",\"@id\":\"https:\\\/\\\/nhkmachineryparts.com\\\/#website\",\"url\":\"https:\\\/\\\/nhkmachineryparts.com\\\/\",\"name\":\"NHK Machinery Parts\",\"description\":\"Bearing Houses, seismic levelling feet and levelling castors\",\"publisher\":{\"@id\":\"https:\\\/\\\/nhkmachineryparts.com\\\/#organization\"},\"potentialAction\":[{\"@type\":\"SearchAction\",\"target\":{\"@type\":\"EntryPoint\",\"urlTemplate\":\"https:\\\/\\\/nhkmachineryparts.com\\\/?s={search_term_string}\"},\"query-input\":{\"@type\":\"PropertyValueSpecification\",\"valueRequired\":true,\"valueName\":\"search_term_string\"}}],\"inLanguage\":\"tr\"},{\"@type\":\"Organization\",\"@id\":\"https:\\\/\\\/nhkmachineryparts.com\\\/#organization\",\"name\":\"Nhk Group ApS\",\"url\":\"https:\\\/\\\/nhkmachineryparts.com\\\/\",\"logo\":{\"@type\":\"ImageObject\",\"inLanguage\":\"tr\",\"@id\":\"https:\\\/\\\/nhkmachineryparts.com\\\/#\\\/schema\\\/logo\\\/image\\\/\",\"url\":\"https:\\\/\\\/nhkmachineryparts.com\\\/wp-content\\\/uploads\\\/2022\\\/09\\\/NHKgroup_social.jpg\",\"contentUrl\":\"https:\\\/\\\/nhkmachineryparts.com\\\/wp-content\\\/uploads\\\/2022\\\/09\\\/NHKgroup_social.jpg\",\"width\":1200,\"height\":630,\"caption\":\"Nhk Group ApS\"},\"image\":{\"@id\":\"https:\\\/\\\/nhkmachineryparts.com\\\/#\\\/schema\\\/logo\\\/image\\\/\"},\"sameAs\":[\"https:\\\/\\\/www.facebook.com\\\/NHK.Group.aps\"]}]}<\/script>\n<!-- \/ Yoast SEO plugin. -->","yoast_head_json":{"title":"3-A machine feet with floor lock plate\u00a0 | NHK Machinery Parts","description":"End\u00fcstriyel \u00e7al\u0131\u015fma alan\u0131n\u0131z\u0131 \u00f6zel hijyenik makine ayaklar\u0131m\u0131zla d\u00f6n\u00fc\u015ft\u00fcr\u00fcn. Optimum denge, rakipsiz temizlik ve en y\u00fcksek performans i\u00e7in tasarlanm\u0131\u015ft\u0131r.","robots":{"index":"index","follow":"follow","max-snippet":"max-snippet:-1","max-image-preview":"max-image-preview:large","max-video-preview":"max-video-preview:-1"},"canonical":"https:\/\/nhkmachineryparts.com\/tr\/urun\/301-makine-ayakli-muhurlu-hijyenik-tasarimli-shmf-zemin-kilit-plakali\/","og_locale":"tr_TR","og_type":"article","og_title":"3-A machine feet with floor lock plate\u00a0 | NHK Machinery Parts","og_description":"Transform your industrial workspace with our bespoke hygienic machine feet. Engineered for optimal stability, unrivaled cleanliness, and peak performance.","og_url":"https:\/\/nhkmachineryparts.com\/tr\/urun\/301-makine-ayakli-muhurlu-hijyenik-tasarimli-shmf-zemin-kilit-plakali\/","og_site_name":"NHK Machinery Parts","article_publisher":"https:\/\/www.facebook.com\/NHK.Group.aps","article_modified_time":"2026-02-27T13:52:33+00:00","og_image":[{"width":1000,"height":1000,"url":"https:\/\/nhkmachineryparts.com\/wp-content\/uploads\/2022\/09\/Levelling-feet-in-extra-hygienic-design-SHLF-with-black-rubber-with-floor-lock-plate-and-spindle-with-protecting-sleeve.jpg","type":"image\/jpeg"}],"twitter_card":"summary_large_image","twitter_misc":{"Tahmini okuma s\u00fcresi":"4 dakika"},"schema":{"@context":"https:\/\/schema.org","@graph":[{"@type":"WebPage","@id":"https:\/\/nhkmachineryparts.com\/product\/301-machine-feet-in-sealed-hygienic-design-shmf-with-floor-lock-plate\/","url":"https:\/\/nhkmachineryparts.com\/product\/301-machine-feet-in-sealed-hygienic-design-shmf-with-floor-lock-plate\/","name":"3-A machine feet with floor lock plate\u00a0 | NHK Machinery Parts","isPartOf":{"@id":"https:\/\/nhkmachineryparts.com\/#website"},"primaryImageOfPage":{"@id":"https:\/\/nhkmachineryparts.com\/product\/301-machine-feet-in-sealed-hygienic-design-shmf-with-floor-lock-plate\/#primaryimage"},"image":{"@id":"https:\/\/nhkmachineryparts.com\/product\/301-machine-feet-in-sealed-hygienic-design-shmf-with-floor-lock-plate\/#primaryimage"},"thumbnailUrl":"https:\/\/nhkmachineryparts.com\/wp-content\/uploads\/2022\/09\/Levelling-feet-in-extra-hygienic-design-SHLF-with-black-rubber-with-floor-lock-plate-and-spindle-with-protecting-sleeve.jpg","datePublished":"2022-09-20T19:23:06+00:00","dateModified":"2026-02-27T13:52:33+00:00","description":"End\u00fcstriyel \u00e7al\u0131\u015fma alan\u0131n\u0131z\u0131 \u00f6zel hijyenik makine ayaklar\u0131m\u0131zla d\u00f6n\u00fc\u015ft\u00fcr\u00fcn. Optimum denge, rakipsiz temizlik ve en y\u00fcksek performans i\u00e7in tasarlanm\u0131\u015ft\u0131r.","breadcrumb":{"@id":"https:\/\/nhkmachineryparts.com\/product\/301-machine-feet-in-sealed-hygienic-design-shmf-with-floor-lock-plate\/#breadcrumb"},"inLanguage":"tr","potentialAction":[{"@type":"ReadAction","target":["https:\/\/nhkmachineryparts.com\/product\/301-machine-feet-in-sealed-hygienic-design-shmf-with-floor-lock-plate\/"]}]},{"@type":"ImageObject","inLanguage":"tr","@id":"https:\/\/nhkmachineryparts.com\/product\/301-machine-feet-in-sealed-hygienic-design-shmf-with-floor-lock-plate\/#primaryimage","url":"https:\/\/nhkmachineryparts.com\/wp-content\/uploads\/2022\/09\/Levelling-feet-in-extra-hygienic-design-SHLF-with-black-rubber-with-floor-lock-plate-and-spindle-with-protecting-sleeve.jpg","contentUrl":"https:\/\/nhkmachineryparts.com\/wp-content\/uploads\/2022\/09\/Levelling-feet-in-extra-hygienic-design-SHLF-with-black-rubber-with-floor-lock-plate-and-spindle-with-protecting-sleeve.jpg","width":1000,"height":1000,"caption":"Levelling feet in extra hygienic design SHLF with black rubber with floor lock plate and spindle with protecting sleeve"},{"@type":"BreadcrumbList","@id":"https:\/\/nhkmachineryparts.com\/product\/301-machine-feet-in-sealed-hygienic-design-shmf-with-floor-lock-plate\/#breadcrumb","itemListElement":[{"@type":"ListItem","position":1,"name":"Home","item":"https:\/\/nhkmachineryparts.com\/"},{"@type":"ListItem","position":2,"name":"Product line","item":"https:\/\/nhkmachineryparts.com\/product-line\/"},{"@type":"ListItem","position":3,"name":"Certified EHEDG standard components","item":"https:\/\/nhkmachineryparts.com\/product-line\/ehedg-certified-3a-ssi-standard-components\/"},{"@type":"ListItem","position":4,"name":"3-A machine feet with floor lock plate\u00a0"}]},{"@type":"WebSite","@id":"https:\/\/nhkmachineryparts.com\/#website","url":"https:\/\/nhkmachineryparts.com\/","name":"NHK Makine Par\u00e7alar\u0131","description":"Rulman Yataklar\u0131, sismik tesviye ayaklar\u0131 ve tesviye tekerlekleri","publisher":{"@id":"https:\/\/nhkmachineryparts.com\/#organization"},"potentialAction":[{"@type":"SearchAction","target":{"@type":"EntryPoint","urlTemplate":"https:\/\/nhkmachineryparts.com\/?s={search_term_string}"},"query-input":{"@type":"PropertyValueSpecification","valueRequired":true,"valueName":"search_term_string"}}],"inLanguage":"tr"},{"@type":"Organization","@id":"https:\/\/nhkmachineryparts.com\/#organization","name":"NHK Grup ApS","url":"https:\/\/nhkmachineryparts.com\/","logo":{"@type":"ImageObject","inLanguage":"tr","@id":"https:\/\/nhkmachineryparts.com\/#\/schema\/logo\/image\/","url":"https:\/\/nhkmachineryparts.com\/wp-content\/uploads\/2022\/09\/NHKgroup_social.jpg","contentUrl":"https:\/\/nhkmachineryparts.com\/wp-content\/uploads\/2022\/09\/NHKgroup_social.jpg","width":1200,"height":630,"caption":"Nhk Group ApS"},"image":{"@id":"https:\/\/nhkmachineryparts.com\/#\/schema\/logo\/image\/"},"sameAs":["https:\/\/www.facebook.com\/NHK.Group.aps"]}]}},"_links":{"self":[{"href":"https:\/\/nhkmachineryparts.com\/tr\/wp-json\/wp\/v2\/product\/1331","targetHints":{"allow":["GET"]}}],"collection":[{"href":"https:\/\/nhkmachineryparts.com\/tr\/wp-json\/wp\/v2\/product"}],"about":[{"href":"https:\/\/nhkmachineryparts.com\/tr\/wp-json\/wp\/v2\/types\/product"}],"wp:featuredmedia":[{"embeddable":true,"href":"https:\/\/nhkmachineryparts.com\/tr\/wp-json\/wp\/v2\/media\/11306"}],"wp:attachment":[{"href":"https:\/\/nhkmachineryparts.com\/tr\/wp-json\/wp\/v2\/media?parent=1331"}],"wp:term":[{"taxonomy":"product_brand","embeddable":true,"href":"https:\/\/nhkmachineryparts.com\/tr\/wp-json\/wp\/v2\/product_brand?post=1331"},{"taxonomy":"product_cat","embeddable":true,"href":"https:\/\/nhkmachineryparts.com\/tr\/wp-json\/wp\/v2\/product_cat?post=1331"},{"taxonomy":"product_tag","embeddable":true,"href":"https:\/\/nhkmachineryparts.com\/tr\/wp-json\/wp\/v2\/product_tag?post=1331"}],"curies":[{"name":"wp","href":"https:\/\/api.w.org\/{rel}","templated":true}]}}