{"id":1315,"date":"2022-09-20T18:57:52","date_gmt":"2022-09-20T18:57:52","guid":{"rendered":"https:\/\/nhkmachineryparts.pawsfabrik.dk\/?post_type=product&#038;p=1315"},"modified":"2026-02-23T15:10:33","modified_gmt":"2026-02-23T13:10:33","slug":"299-makine-ayagina-sahip-ekstra-hijyenik-tasarimli-zemin-kilit-plakali-ehmf","status":"publish","type":"product","link":"https:\/\/nhkmachineryparts.com\/tr\/product\/299-machine-feet-in-extra-hygienic-design-ehmf-with-floor-lock-plate\/","title":{"rendered":"Zemin kilitleme plakas\u0131 ve korumal\u0131 mil ile hijyenik makine ayaklar\u0131"},"content":{"rendered":"<section class=\"vc_row vc_custom_1662993827263 liquid-row-shadowbox-69d42512eb9fd vc_column-gap-0\"><div class=\"ld-container container\"><div class=\"row ld-row ld-row-outer\"><div class=\"wpb_column vc_column_container vc_col-sm-12 liquid-column-69d42512ebbe1\"><div class=\"vc_column-inner\" ><div class=\"wpb_wrapper\"  >\n\t<div class=\"wpb_text_column wpb_content_element\" >\n\t\t<div class=\"wpb_wrapper\">\n\t\t\t<h2>\u0130stikrar ve Temizli\u011fin Sa\u011flanmas\u0131<\/h2>\n<p><a href=\"https:\/\/nhkmachineryparts.com\/tr\/urun\/301-makine-ayakli-muhurlu-hijyenik-tasarimli-shmf-zemin-kilit-plakali\/\" data-internallinksmanager029f6b8e52c=\"20\" title=\"makine ayaklar\u0131\">Makine ayaklar\u0131<\/a> Titre\u015fimi azaltma ve kaymay\u0131 \u00f6nleme \u00f6zellikleri i\u00e7in kau\u00e7uk tabanl\u0131 hijyenik tasar\u0131m<br \/>\nEkstra hijyenik makine ayaklar\u0131m\u0131z, g\u0131da g\u00fcvenli\u011fi izlenebilirli\u011fi i\u00e7in benzersiz parti kimlik numaras\u0131na sahip FDA sertifikas\u0131na (FDA CFR 21 177 2600) sahiptir.<\/p>\n<p><a href=\"https:\/\/nhkmachineryparts.com\/tr\/magaza\/urun-hatti\/hijyenik-tasarimli-makine-dengeleme-ayaklari\/sanitary-machine-feet-with-protected-spindle\/\">\u00dcr\u00fcn se\u00e7icimizi deneyin<\/a><\/p>\n<h3>Hijyenik tasar\u0131ml\u0131 makine ayaklar\u0131 \u00f6zellikleri ve avantajlar\u0131<\/h3>\n<p>Hijyenik makine ayaklar\u0131, temizli\u011fi kolayla\u015ft\u0131ran yuvarlak ve hijyenik bir tasar\u0131ma sahiptir.<br \/>\nHijyenik makine ayaklar\u0131, zemin ve ekipmanlardaki 10 dereceye kadar e\u011fimlerle ba\u015fa \u00e7\u0131kabilir.<\/p>\n<h3>Hijyenik tasar\u0131m malzemelerinden yap\u0131lm\u0131\u015f makine ayaklar\u0131<\/h3>\n<p>FDA CFR 21 177 2600&#039;e g\u00f6re FDA sertifikal\u0131 hijyenik makine ayaklar\u0131 vulkanize kau\u00e7uk par\u00e7a.<\/p>\n<p>Taban plakas\u0131 malzemesi a\u00e7\u0131klamas\u0131:<br \/>\nPaslanmaz \u00e7elik Aisi 304 veya Aisi 316<\/p>\n<p>Mil malzemesi a\u00e7\u0131klamas\u0131:<br \/>\nPaslanmaz \u00e7elik A2-70 veya A4-70<\/p>\n<p>Kau\u00e7uk taban malzemesi a\u00e7\u0131klamas\u0131:<br \/>\nNBR Kau\u00e7uk (Nitril kau\u00e7uk CAS no. 9005-98-5)<br \/>\nFDA CFR 21 177 2600&#039;e g\u00f6re FDA Sertifikas\u0131<\/p>\n<p>T\u00fcm malzemeler kimyasallara, yayg\u0131n olarak uygulanan temizlik maddelerine ve kat\u0131 ve s\u0131v\u0131 ya\u011flara kar\u015f\u0131 olduk\u00e7a dayan\u0131kl\u0131d\u0131r.<\/p>\n<h3>Hijyenik tasar\u0131m boyutlar\u0131nda makine ayaklar\u0131<\/h3>\n<p>Hijyenik makine ayak tabanlar\u0131 geni\u015f bir yelpazede mevcut olup, optimum esneklik ve se\u00e7im olana\u011f\u0131 sa\u011flar.<\/p>\n<table class=\"dcf-table dcf-table-responsive dcf-table-bordered dcf-w-100%\">\n<thead>\n<tr>\n<th scope=\"col\">Temel tip<\/th>\n<th scope=\"col\">Taban \u00c7ap\u0131 D<\/th>\n<th scope=\"col\">Nom. Y\u00fck<\/th>\n<\/tr>\n<\/thead>\n<tbody>\n<tr>\n<td data-label=\"HMF Base Size\">HMF 61<\/td>\n<td data-label=\"Base Diameter D\">60 mm<\/td>\n<td data-label=\"Nom. Load \">7.000 N<\/td>\n<\/tr>\n<tr>\n<td data-label=\"HMF Base Size\">HMF 81<\/td>\n<td data-label=\"Base Diameter D\">80mm<\/td>\n<td data-label=\"Nom. Load \">15.000 N<\/td>\n<\/tr>\n<tr>\n<td data-label=\"HMF Base Size\">HMF 101<\/td>\n<td data-label=\"Base Diameter D\">100 mm<\/td>\n<td data-label=\"Nom. Load \">20.000 N<\/td>\n<\/tr>\n<tr>\n<td data-label=\"HMF Base Size\">HMF 121<\/td>\n<td data-label=\"Base Diameter D\">120mm<\/td>\n<td data-label=\"Nom. Load \">30.000 N<\/td>\n<\/tr>\n<\/tbody>\n<\/table>\n<p>Hijyenik makine aya\u011f\u0131 mili, koruyucu k\u0131l\u0131f ile birlikte geni\u015f bir yelpazede mevcuttur, optimum esneklik ve se\u00e7im imkan\u0131 sunar.<\/p>\n<div class=\"dcf-overflow-x-auto\" tabindex=\"0\">\n<table class=\"dcf-table dcf-table-bordered dcf-w-100%\">\n<caption>EHMF Mil ve man\u015fon \u00e7ap\u0131<\/caption>\n<tbody>\n<tr>\n<td>M16<\/td>\n<td>M20<\/td>\n<td>M24<\/td>\n<td>M30<\/td>\n<td>M36<\/td>\n<td>M42<\/td>\n<td>M48<\/td>\n<\/tr>\n<\/tbody>\n<\/table>\n<\/div>\n<div class=\"dcf-overflow-x-auto\" tabindex=\"0\">\n<table class=\"dcf-table dcf-table-bordered dcf-w-100%\">\n<caption>EHMF Mil uzunlu\u011fu (L) ve Kovan uzunlu\u011fu (H)<\/caption>\n<tbody>\n<tr>\n<td>U=135 mm Y=55 mm<\/td>\n<td>Min 80 mm&#039;den Max 120 mm&#039;ye<\/td>\n<\/tr>\n<tr>\n<td>U=175 mm Y=75 mm<\/td>\n<td>Min 100 mm&#039;den Maksimum 160 mm&#039;ye<\/td>\n<\/tr>\n<tr>\n<td>U=215 mm Y=95 mm<\/td>\n<td>Min 120 mm&#039;den Max 200 mm&#039;ye<\/td>\n<\/tr>\n<tr>\n<td>U=255 mm Y=115 mm<\/td>\n<td>Min 140 mm&#039;den Maksimum 240 mm&#039;ye<\/td>\n<\/tr>\n<tr>\n<td>U=295 mm Y=125 mm<\/td>\n<td>Min 180 mm&#039;den Maksimum 280 mm&#039;ye<\/td>\n<\/tr>\n<\/tbody>\n<\/table>\n<\/div>\n<p>Di\u011fer di\u015fli mil uzunlu\u011fu (L) i\u00e7in l\u00fctfen bizimle ileti\u015fime ge\u00e7in.<br \/>\n\u0130stek \u00fczerine in\u00e7 cinsinden di\u015fler mevcuttur<br \/>\n\u0130plik ayr\u0131ca \u00f6zel iste\u011fe g\u00f6re \u00f6zelle\u015ftirilebilir, eski trapez iplik vb.<\/p>\n<h3>Hijyenik tasar\u0131ml\u0131 makine ayaklar\u0131 teslimat se\u00e7ene\u011fi<\/h3>\n<p>B\u00fcy\u00fck sipari\u015fler i\u00e7in taban ve milleri ayr\u0131 ayr\u0131 tedarik etmeyi \u00f6neriyoruz<br \/>\nAvantaj\u0131, bir\u00e7ok farkl\u0131 boyutta i\u011f kullanan m\u00fc\u015fteri i\u00e7in esnekliktir.<\/p>\n<h2 data-start=\"0\" data-end=\"111\"><strong data-start=\"4\" data-end=\"109\">Zemin Kilit Plakal\u0131 ve Korumal\u0131 Mil ile Hijyenik Makine Ayaklar\u0131<\/strong><\/h2>\n<h3 data-start=\"113\" data-end=\"164\"><strong data-start=\"118\" data-end=\"162\">Zemin Kilit Plakas\u0131 ile Geli\u015ftirilmi\u015f Stabilite<\/strong><\/h3>\n<p data-start=\"165\" data-end=\"529\">Zemin kilitleme plakas\u0131yla donat\u0131lm\u0131\u015f hijyenik makine ayaklar\u0131, g\u0131da, ila\u00e7 ve biyoteknolojide kullan\u0131lan makineler i\u00e7in olmazsa olmaz olan ola\u011fan\u00fcst\u00fc stabilite sunar <a href=\"https:\/\/nhkmachineryparts.com\/tr\/our-industries\/\" data-internallinksmanager029f6b8e52c=\"4\" title=\"End\u00fcstrilerimiz\">end\u00fcstriler<\/a>Kilit plakas\u0131, makineyi yerinde sabitler, titre\u015fimi en aza indirir ve tutarl\u0131 bir \u00e7al\u0131\u015fma sa\u011flar. Bu tasar\u0131m, hassasiyet ve hijyenin en \u00f6nemli oldu\u011fu ortamlarda \u00f6zellikle kritik \u00f6neme sahiptir.<\/p>\n<h3 data-start=\"531\" data-end=\"579\"><strong data-start=\"536\" data-end=\"577\">Optimum Hijyen \u0130\u00e7in Korunmu\u015f Mil<\/strong><\/h3>\n<p data-start=\"580\" data-end=\"979\">Hijyenik makine ayaklar\u0131n\u0131n temel bir \u00f6zelli\u011fi, kir ve nemin birikmesini \u00f6nleyen korumal\u0131 mildir. Hijyenik tasar\u0131m, a\u015fa\u011f\u0131dakiler gibi kat\u0131 hijyen y\u00f6netmeliklerine uyumu sa\u011flar: <a href=\"https:\/\/nhkmachineryparts.com\/tr\/3a-ve-ehedg-arasindaki-fark-nedir\/\" data-internallinksmanager029f6b8e52c=\"2\" title=\"EHEDG Sertifikal\u0131 Makine Par\u00e7alar\u0131\">EHEDG<\/a> ve 3-A standartlar\u0131, kontaminasyon risklerini azalt\u0131r ve temizleme s\u00fcre\u00e7lerini basitle\u015ftirir. Milin paslanmaz \u00e7elik yap\u0131s\u0131, p\u00fcr\u00fczs\u00fcz, kolay temizlenebilir bir y\u00fczey sa\u011flarken dayan\u0131kl\u0131l\u0131\u011f\u0131 art\u0131r\u0131r.<\/p>\n<h3 data-start=\"981\" data-end=\"1034\"><strong data-start=\"986\" data-end=\"1032\">Korozyona Dayan\u0131kl\u0131 Paslanmaz \u00c7elik Tasar\u0131m\u0131<\/strong><\/h3>\n<p data-start=\"1035\" data-end=\"1493\">Paslanmaz \u00e7elikten \u00fcretilen, zemin kilitleme plakal\u0131 hijyenik makine ayaklar\u0131, korozyona kar\u015f\u0131 olduk\u00e7a dayan\u0131kl\u0131d\u0131r ve zorlu ortamlarda uzun s\u00fcreli performans sa\u011flar. Bu malzeme se\u00e7imi, makinelerin s\u0131k s\u0131k y\u0131kanmaya, agresif temizlik maddelerine ve dalgalanan s\u0131cakl\u0131klara maruz kald\u0131\u011f\u0131 end\u00fcstrilerde olmazsa olmazd\u0131r. Paslanmaz \u00e7eli\u011fin g\u00f6zeneksiz y\u00fczeyi ayr\u0131ca bakteri olu\u015fumunu \u00f6nleyerek end\u00fcstri hijyen standartlar\u0131na uyumu destekler.<\/p>\n<h3 data-start=\"1495\" data-end=\"1546\"><strong data-start=\"1500\" data-end=\"1544\">End\u00fcstriler Aras\u0131 \u00c7ok Y\u00f6nl\u00fc Uygulamalar<\/strong><\/h3>\n<p data-start=\"1547\" data-end=\"1966\">Zemin kilitleme plakalar\u0131 ve korumal\u0131 millere sahip hijyenik makine ayaklar\u0131 g\u0131da i\u015fleme, ila\u00e7 \u00fcretimi ve biyoteknolojide yayg\u0131n olarak kullan\u0131l\u0131r. Tipik uygulamalar aras\u0131nda konvey\u00f6r sistemleri, dolum makineleri, paketleme ekipmanlar\u0131 ve laboratuvar makineleri bulunur. Sa\u011flam tasar\u0131mlar\u0131 hem operasyonel verimlili\u011fi hem de d\u00fczenleyici uyumlulu\u011fu garanti eder ve bunlar\u0131 modern \u00fcretim tesislerinde vazge\u00e7ilmez bile\u015fenler haline getirir.<\/p>\n<h3 data-start=\"3\" data-end=\"117\"><strong data-start=\"3\" data-end=\"115\" data-is-only-node=\"\">\u0130stikrar\u0131 Maksimize Edin ve\u00a0<\/strong><strong data-start=\"122\" data-end=\"239\" data-is-last-node=\"\" data-is-only-node=\"\">Operasyonel Verimlili\u011fi Art\u0131r\u0131n<\/strong><\/h3>\n<p data-start=\"1968\" data-end=\"2182\" data-is-last-node=\"\" data-is-only-node=\"\">Meta A\u00e7\u0131klama: Zemin kilitleme plakalar\u0131 ve korumal\u0131 millerle hijyenik makine ayaklar\u0131n\u0131n faydalar\u0131n\u0131 ke\u015ffedin. G\u0131da, ila\u00e7 ve biyoteknoloji end\u00fcstrilerinde istikrar\u0131, temizli\u011fi ve uyumlulu\u011fu sa\u011flay\u0131n.<\/p>\n\n\t\t<\/div>\n\t<\/div>\n<\/div><\/div><\/div><\/div><\/div><\/section>","protected":false},"excerpt":{"rendered":"Ensuring Stability and Cleanliness Machine feet in hygienic design with rubber base for vibration reduction and anti-slip properties Our extra hygienic machine feet are provided with FDA certificate (FDA CFR 21 177 2600) with unique batch ID number for food safety traceability Try our product selector Machine feet in hygienic design features and advantages Hygienic [...]","protected":false},"featured_media":11305,"template":"","meta":[],"product_brand":[],"product_cat":[18],"product_tag":[],"class_list":{"0":"post-1315","1":"product","2":"type-product","3":"status-publish","4":"has-post-thumbnail","6":"product_cat-stainless-steel-machine-levelling-feet","8":"first","9":"instock","10":"shipping-taxable","11":"product-type-simple"},"yoast_head":"<!-- This site is optimized with the Yoast SEO plugin v27.3 - https:\/\/yoast.com\/product\/yoast-seo-wordpress\/ -->\n<title>Hygienic machine feet\u00a0with floor lock plate\u00a0and protected spindle | NHK Machinery Parts<\/title>\n<meta name=\"description\" content=\"In industries where precision and stability are paramount, hygienic machine feet with floor lock plates and protected spindles offer the perfect solution.\" \/>\n<meta name=\"robots\" content=\"index, follow, max-snippet:-1, max-image-preview:large, max-video-preview:-1\" \/>\n<link rel=\"canonical\" href=\"https:\/\/nhkmachineryparts.com\/tr\/urun\/299-makine-ayagina-sahip-ekstra-hijyenik-tasarimli-zemin-kilit-plakali-ehmf\/\" \/>\n<meta property=\"og:locale\" content=\"tr_TR\" \/>\n<meta property=\"og:type\" content=\"article\" \/>\n<meta property=\"og:title\" content=\"Hygienic machine feet\u00a0with floor lock plate\u00a0and protected spindle | NHK Machinery Parts\" \/>\n<meta property=\"og:description\" content=\"In industries where precision and stability are paramount, hygienic machine feet with floor lock plates and protected spindles offer the perfect solution.\" \/>\n<meta property=\"og:url\" content=\"https:\/\/nhkmachineryparts.com\/tr\/urun\/299-makine-ayagina-sahip-ekstra-hijyenik-tasarimli-zemin-kilit-plakali-ehmf\/\" \/>\n<meta property=\"og:site_name\" content=\"NHK Machinery Parts\" \/>\n<meta property=\"article:publisher\" content=\"https:\/\/www.facebook.com\/NHK.Group.aps\" \/>\n<meta property=\"article:modified_time\" content=\"2026-02-23T13:10:33+00:00\" \/>\n<meta property=\"og:image\" content=\"https:\/\/nhkmachineryparts.com\/wp-content\/uploads\/2022\/09\/Levelling-feet-in-extra-hygienic-design-EHLF-with-bleck-rubber-with-floor-lock-plate-and-spindle-with-protecting-sleeve.jpg\" \/>\n\t<meta property=\"og:image:width\" content=\"1000\" \/>\n\t<meta property=\"og:image:height\" content=\"1000\" \/>\n\t<meta property=\"og:image:type\" content=\"image\/jpeg\" \/>\n<meta name=\"twitter:card\" content=\"summary_large_image\" \/>\n<meta name=\"twitter:label1\" content=\"Tahmini okuma s\u00fcresi\" \/>\n\t<meta name=\"twitter:data1\" content=\"4 dakika\" \/>\n<script type=\"application\/ld+json\" class=\"yoast-schema-graph\">{\"@context\":\"https:\\\/\\\/schema.org\",\"@graph\":[{\"@type\":\"WebPage\",\"@id\":\"https:\\\/\\\/nhkmachineryparts.com\\\/product\\\/299-machine-feet-in-extra-hygienic-design-ehmf-with-floor-lock-plate\\\/\",\"url\":\"https:\\\/\\\/nhkmachineryparts.com\\\/product\\\/299-machine-feet-in-extra-hygienic-design-ehmf-with-floor-lock-plate\\\/\",\"name\":\"Hygienic machine feet\u00a0with floor lock plate\u00a0and protected spindle | NHK Machinery Parts\",\"isPartOf\":{\"@id\":\"https:\\\/\\\/nhkmachineryparts.com\\\/#website\"},\"primaryImageOfPage\":{\"@id\":\"https:\\\/\\\/nhkmachineryparts.com\\\/product\\\/299-machine-feet-in-extra-hygienic-design-ehmf-with-floor-lock-plate\\\/#primaryimage\"},\"image\":{\"@id\":\"https:\\\/\\\/nhkmachineryparts.com\\\/product\\\/299-machine-feet-in-extra-hygienic-design-ehmf-with-floor-lock-plate\\\/#primaryimage\"},\"thumbnailUrl\":\"https:\\\/\\\/nhkmachineryparts.com\\\/wp-content\\\/uploads\\\/2022\\\/09\\\/Levelling-feet-in-extra-hygienic-design-EHLF-with-bleck-rubber-with-floor-lock-plate-and-spindle-with-protecting-sleeve.jpg\",\"datePublished\":\"2022-09-20T18:57:52+00:00\",\"dateModified\":\"2026-02-23T13:10:33+00:00\",\"description\":\"In industries where precision and stability are paramount, hygienic machine feet with floor lock plates and protected spindles offer the perfect solution.\",\"breadcrumb\":{\"@id\":\"https:\\\/\\\/nhkmachineryparts.com\\\/product\\\/299-machine-feet-in-extra-hygienic-design-ehmf-with-floor-lock-plate\\\/#breadcrumb\"},\"inLanguage\":\"tr\",\"potentialAction\":[{\"@type\":\"ReadAction\",\"target\":[\"https:\\\/\\\/nhkmachineryparts.com\\\/product\\\/299-machine-feet-in-extra-hygienic-design-ehmf-with-floor-lock-plate\\\/\"]}]},{\"@type\":\"ImageObject\",\"inLanguage\":\"tr\",\"@id\":\"https:\\\/\\\/nhkmachineryparts.com\\\/product\\\/299-machine-feet-in-extra-hygienic-design-ehmf-with-floor-lock-plate\\\/#primaryimage\",\"url\":\"https:\\\/\\\/nhkmachineryparts.com\\\/wp-content\\\/uploads\\\/2022\\\/09\\\/Levelling-feet-in-extra-hygienic-design-EHLF-with-bleck-rubber-with-floor-lock-plate-and-spindle-with-protecting-sleeve.jpg\",\"contentUrl\":\"https:\\\/\\\/nhkmachineryparts.com\\\/wp-content\\\/uploads\\\/2022\\\/09\\\/Levelling-feet-in-extra-hygienic-design-EHLF-with-bleck-rubber-with-floor-lock-plate-and-spindle-with-protecting-sleeve.jpg\",\"width\":1000,\"height\":1000,\"caption\":\"Levelling feet in extra hygienic design EHLF with bleck rubber with floor lock plate and spindle with protecting sleeve\"},{\"@type\":\"BreadcrumbList\",\"@id\":\"https:\\\/\\\/nhkmachineryparts.com\\\/product\\\/299-machine-feet-in-extra-hygienic-design-ehmf-with-floor-lock-plate\\\/#breadcrumb\",\"itemListElement\":[{\"@type\":\"ListItem\",\"position\":1,\"name\":\"Home\",\"item\":\"https:\\\/\\\/nhkmachineryparts.com\\\/\"},{\"@type\":\"ListItem\",\"position\":2,\"name\":\"Product line\",\"item\":\"https:\\\/\\\/nhkmachineryparts.com\\\/product-line\\\/\"},{\"@type\":\"ListItem\",\"position\":3,\"name\":\"Industrial machine leveling feet in stainless steel\",\"item\":\"https:\\\/\\\/nhkmachineryparts.com\\\/product-line\\\/stainless-steel-machine-levelling-feet\\\/\"},{\"@type\":\"ListItem\",\"position\":4,\"name\":\"Hygienic machine feet\u00a0with floor lock plate\u00a0and protected spindle\"}]},{\"@type\":\"WebSite\",\"@id\":\"https:\\\/\\\/nhkmachineryparts.com\\\/#website\",\"url\":\"https:\\\/\\\/nhkmachineryparts.com\\\/\",\"name\":\"NHK Machinery Parts\",\"description\":\"Bearing Houses, seismic levelling feet and levelling castors\",\"publisher\":{\"@id\":\"https:\\\/\\\/nhkmachineryparts.com\\\/#organization\"},\"potentialAction\":[{\"@type\":\"SearchAction\",\"target\":{\"@type\":\"EntryPoint\",\"urlTemplate\":\"https:\\\/\\\/nhkmachineryparts.com\\\/?s={search_term_string}\"},\"query-input\":{\"@type\":\"PropertyValueSpecification\",\"valueRequired\":true,\"valueName\":\"search_term_string\"}}],\"inLanguage\":\"tr\"},{\"@type\":\"Organization\",\"@id\":\"https:\\\/\\\/nhkmachineryparts.com\\\/#organization\",\"name\":\"Nhk Group ApS\",\"url\":\"https:\\\/\\\/nhkmachineryparts.com\\\/\",\"logo\":{\"@type\":\"ImageObject\",\"inLanguage\":\"tr\",\"@id\":\"https:\\\/\\\/nhkmachineryparts.com\\\/#\\\/schema\\\/logo\\\/image\\\/\",\"url\":\"https:\\\/\\\/nhkmachineryparts.com\\\/wp-content\\\/uploads\\\/2022\\\/09\\\/NHKgroup_social.jpg\",\"contentUrl\":\"https:\\\/\\\/nhkmachineryparts.com\\\/wp-content\\\/uploads\\\/2022\\\/09\\\/NHKgroup_social.jpg\",\"width\":1200,\"height\":630,\"caption\":\"Nhk Group ApS\"},\"image\":{\"@id\":\"https:\\\/\\\/nhkmachineryparts.com\\\/#\\\/schema\\\/logo\\\/image\\\/\"},\"sameAs\":[\"https:\\\/\\\/www.facebook.com\\\/NHK.Group.aps\"]}]}<\/script>\n<!-- \/ Yoast SEO plugin. -->","yoast_head_json":{"title":"Zemin kilitleme plakas\u0131 ve korumal\u0131 mil ile hijyenik makine ayaklar\u0131 | NHK Makine Par\u00e7alar\u0131","description":"Hassasiyet ve stabilitenin \u00f6n planda oldu\u011fu end\u00fcstrilerde, zemin kilitleme plakal\u0131 ve korumal\u0131 millere sahip hijyenik makine ayaklar\u0131 m\u00fckemmel bir \u00e7\u00f6z\u00fcm sunmaktad\u0131r.","robots":{"index":"index","follow":"follow","max-snippet":"max-snippet:-1","max-image-preview":"max-image-preview:large","max-video-preview":"max-video-preview:-1"},"canonical":"https:\/\/nhkmachineryparts.com\/tr\/urun\/299-makine-ayagina-sahip-ekstra-hijyenik-tasarimli-zemin-kilit-plakali-ehmf\/","og_locale":"tr_TR","og_type":"article","og_title":"Hygienic machine feet\u00a0with floor lock plate\u00a0and protected spindle | NHK Machinery Parts","og_description":"In industries where precision and stability are paramount, hygienic machine feet with floor lock plates and protected spindles offer the perfect solution.","og_url":"https:\/\/nhkmachineryparts.com\/tr\/urun\/299-makine-ayagina-sahip-ekstra-hijyenik-tasarimli-zemin-kilit-plakali-ehmf\/","og_site_name":"NHK Machinery Parts","article_publisher":"https:\/\/www.facebook.com\/NHK.Group.aps","article_modified_time":"2026-02-23T13:10:33+00:00","og_image":[{"width":1000,"height":1000,"url":"https:\/\/nhkmachineryparts.com\/wp-content\/uploads\/2022\/09\/Levelling-feet-in-extra-hygienic-design-EHLF-with-bleck-rubber-with-floor-lock-plate-and-spindle-with-protecting-sleeve.jpg","type":"image\/jpeg"}],"twitter_card":"summary_large_image","twitter_misc":{"Tahmini okuma s\u00fcresi":"4 dakika"},"schema":{"@context":"https:\/\/schema.org","@graph":[{"@type":"WebPage","@id":"https:\/\/nhkmachineryparts.com\/product\/299-machine-feet-in-extra-hygienic-design-ehmf-with-floor-lock-plate\/","url":"https:\/\/nhkmachineryparts.com\/product\/299-machine-feet-in-extra-hygienic-design-ehmf-with-floor-lock-plate\/","name":"Zemin kilitleme plakas\u0131 ve korumal\u0131 mil ile hijyenik makine ayaklar\u0131 | NHK Makine Par\u00e7alar\u0131","isPartOf":{"@id":"https:\/\/nhkmachineryparts.com\/#website"},"primaryImageOfPage":{"@id":"https:\/\/nhkmachineryparts.com\/product\/299-machine-feet-in-extra-hygienic-design-ehmf-with-floor-lock-plate\/#primaryimage"},"image":{"@id":"https:\/\/nhkmachineryparts.com\/product\/299-machine-feet-in-extra-hygienic-design-ehmf-with-floor-lock-plate\/#primaryimage"},"thumbnailUrl":"https:\/\/nhkmachineryparts.com\/wp-content\/uploads\/2022\/09\/Levelling-feet-in-extra-hygienic-design-EHLF-with-bleck-rubber-with-floor-lock-plate-and-spindle-with-protecting-sleeve.jpg","datePublished":"2022-09-20T18:57:52+00:00","dateModified":"2026-02-23T13:10:33+00:00","description":"Hassasiyet ve stabilitenin \u00f6n planda oldu\u011fu end\u00fcstrilerde, zemin kilitleme plakal\u0131 ve korumal\u0131 millere sahip hijyenik makine ayaklar\u0131 m\u00fckemmel bir \u00e7\u00f6z\u00fcm sunmaktad\u0131r.","breadcrumb":{"@id":"https:\/\/nhkmachineryparts.com\/product\/299-machine-feet-in-extra-hygienic-design-ehmf-with-floor-lock-plate\/#breadcrumb"},"inLanguage":"tr","potentialAction":[{"@type":"ReadAction","target":["https:\/\/nhkmachineryparts.com\/product\/299-machine-feet-in-extra-hygienic-design-ehmf-with-floor-lock-plate\/"]}]},{"@type":"ImageObject","inLanguage":"tr","@id":"https:\/\/nhkmachineryparts.com\/product\/299-machine-feet-in-extra-hygienic-design-ehmf-with-floor-lock-plate\/#primaryimage","url":"https:\/\/nhkmachineryparts.com\/wp-content\/uploads\/2022\/09\/Levelling-feet-in-extra-hygienic-design-EHLF-with-bleck-rubber-with-floor-lock-plate-and-spindle-with-protecting-sleeve.jpg","contentUrl":"https:\/\/nhkmachineryparts.com\/wp-content\/uploads\/2022\/09\/Levelling-feet-in-extra-hygienic-design-EHLF-with-bleck-rubber-with-floor-lock-plate-and-spindle-with-protecting-sleeve.jpg","width":1000,"height":1000,"caption":"Levelling feet in extra hygienic design EHLF with bleck rubber with floor lock plate and spindle with protecting sleeve"},{"@type":"BreadcrumbList","@id":"https:\/\/nhkmachineryparts.com\/product\/299-machine-feet-in-extra-hygienic-design-ehmf-with-floor-lock-plate\/#breadcrumb","itemListElement":[{"@type":"ListItem","position":1,"name":"Home","item":"https:\/\/nhkmachineryparts.com\/"},{"@type":"ListItem","position":2,"name":"Product line","item":"https:\/\/nhkmachineryparts.com\/product-line\/"},{"@type":"ListItem","position":3,"name":"Industrial machine leveling feet in stainless steel","item":"https:\/\/nhkmachineryparts.com\/product-line\/stainless-steel-machine-levelling-feet\/"},{"@type":"ListItem","position":4,"name":"Hygienic machine feet\u00a0with floor lock plate\u00a0and protected spindle"}]},{"@type":"WebSite","@id":"https:\/\/nhkmachineryparts.com\/#website","url":"https:\/\/nhkmachineryparts.com\/","name":"NHK Makine Par\u00e7alar\u0131","description":"Rulman Yataklar\u0131, sismik tesviye ayaklar\u0131 ve tesviye tekerlekleri","publisher":{"@id":"https:\/\/nhkmachineryparts.com\/#organization"},"potentialAction":[{"@type":"SearchAction","target":{"@type":"EntryPoint","urlTemplate":"https:\/\/nhkmachineryparts.com\/?s={search_term_string}"},"query-input":{"@type":"PropertyValueSpecification","valueRequired":true,"valueName":"search_term_string"}}],"inLanguage":"tr"},{"@type":"Organization","@id":"https:\/\/nhkmachineryparts.com\/#organization","name":"NHK Grup ApS","url":"https:\/\/nhkmachineryparts.com\/","logo":{"@type":"ImageObject","inLanguage":"tr","@id":"https:\/\/nhkmachineryparts.com\/#\/schema\/logo\/image\/","url":"https:\/\/nhkmachineryparts.com\/wp-content\/uploads\/2022\/09\/NHKgroup_social.jpg","contentUrl":"https:\/\/nhkmachineryparts.com\/wp-content\/uploads\/2022\/09\/NHKgroup_social.jpg","width":1200,"height":630,"caption":"Nhk Group ApS"},"image":{"@id":"https:\/\/nhkmachineryparts.com\/#\/schema\/logo\/image\/"},"sameAs":["https:\/\/www.facebook.com\/NHK.Group.aps"]}]}},"_links":{"self":[{"href":"https:\/\/nhkmachineryparts.com\/tr\/wp-json\/wp\/v2\/product\/1315","targetHints":{"allow":["GET"]}}],"collection":[{"href":"https:\/\/nhkmachineryparts.com\/tr\/wp-json\/wp\/v2\/product"}],"about":[{"href":"https:\/\/nhkmachineryparts.com\/tr\/wp-json\/wp\/v2\/types\/product"}],"wp:featuredmedia":[{"embeddable":true,"href":"https:\/\/nhkmachineryparts.com\/tr\/wp-json\/wp\/v2\/media\/11305"}],"wp:attachment":[{"href":"https:\/\/nhkmachineryparts.com\/tr\/wp-json\/wp\/v2\/media?parent=1315"}],"wp:term":[{"taxonomy":"product_brand","embeddable":true,"href":"https:\/\/nhkmachineryparts.com\/tr\/wp-json\/wp\/v2\/product_brand?post=1315"},{"taxonomy":"product_cat","embeddable":true,"href":"https:\/\/nhkmachineryparts.com\/tr\/wp-json\/wp\/v2\/product_cat?post=1315"},{"taxonomy":"product_tag","embeddable":true,"href":"https:\/\/nhkmachineryparts.com\/tr\/wp-json\/wp\/v2\/product_tag?post=1315"}],"curies":[{"name":"wp","href":"https:\/\/api.w.org\/{rel}","templated":true}]}}