{"id":12778,"date":"2024-11-09T22:42:55","date_gmt":"2024-11-09T20:42:55","guid":{"rendered":"https:\/\/nhkmachineryparts.com\/?post_type=product&#038;p=12778"},"modified":"2026-02-27T15:48:56","modified_gmt":"2026-02-27T13:48:56","slug":"2-zemin-kilitleme-plakasi-ve-muhurlu-korumali-mil-ile-hijyenik-makine-ayaklari","status":"publish","type":"product","link":"https:\/\/nhkmachineryparts.com\/tr\/product\/hygienic-machine-feet-with-2-floor-locking-plates-and-sealed-protected-spindle\/","title":{"rendered":"3-A machine feet with 2 floor locking plates\u00a0"},"content":{"rendered":"<section class=\"vc_row vc_custom_1662993827263 liquid-row-shadowbox-69d13f5003860 vc_column-gap-0\"><div class=\"ld-container container\"><div class=\"row ld-row ld-row-outer\"><div class=\"wpb_column vc_column_container vc_col-sm-12 liquid-column-69d13f5003a6f\"><div class=\"vc_column-inner\" ><div class=\"wpb_wrapper\"  >\n\t<div class=\"wpb_text_column wpb_content_element\" >\n\t\t<div class=\"wpb_wrapper\">\n\t\t\t<h2>Ki\u015fiye \u00d6zel M\u00fckemmellik: S\u0131hhi Tesisat \u0130htiyac\u0131na \u00d6zel End\u00fcstriyel \u00c7\u00f6z\u00fcmler<\/h2>\n<p><a href=\"https:\/\/nhkmachineryparts.com\/tr\/urun\/301-makine-ayakli-muhurlu-hijyenik-tasarimli-shmf-zemin-kilit-plakali\/\" data-internallinksmanager029f6b8e52c=\"20\" title=\"makine ayaklar\u0131\">Makine ayaklar\u0131<\/a> titre\u015fimi azaltmak ve kaymay\u0131 \u00f6nleyici \u00f6zellikler i\u00e7in kau\u00e7uk tabanl\u0131, hijyenik, kapal\u0131 tasar\u0131m<br \/>\nS\u0131zd\u0131rmaz hijyenik makine ayaklar\u0131m\u0131z, g\u0131da g\u00fcvenli\u011fi izlenebilirli\u011fi i\u00e7in benzersiz parti kimlik numaras\u0131na sahip FDA sertifikas\u0131na (FDA CFR 21 177 2600) sahiptir.<\/p>\n<p><a href=\"https:\/\/nhkmachineryparts.com\/tr\/magaza\/urun-hatti\/hijyenik-tasarimli-makine-dengeleme-ayaklari\/sanitary-machine-feet-with-protected-spindle\/\">\u00dcr\u00fcn se\u00e7icimizi deneyin<\/a><\/p>\n<h3>S\u0131zd\u0131rmaz hijyenik tasar\u0131m \u00f6zellikleri ve avantajlar\u0131na sahip makine ayaklar\u0131<\/h3>\n<p>Kapal\u0131 hijyenik makine ayaklar\u0131, temizli\u011fi kolayla\u015ft\u0131ran yuvarlat\u0131lm\u0131\u015f, hijyenik bir tasar\u0131ma sahiptir.<br \/>\nKapal\u0131 hijyenik makine ayaklar\u0131, zemin ve ekipmanlardaki 10 dereceye kadar e\u011fimlerle ba\u015fa \u00e7\u0131kabilir.<\/p>\n<h3>S\u0131zd\u0131rmaz hijyenik tasar\u0131m malzemelerinden makine ayaklar\u0131<\/h3>\n<p>FDA CFR 21 177 2600&#039;e g\u00f6re FDA sertifikal\u0131, m\u00fch\u00fcrl\u00fc hijyenik makine ayaklar\u0131 vulkanize kau\u00e7uk par\u00e7a.<\/p>\n<p>Taban plakas\u0131 malzemesi a\u00e7\u0131klamas\u0131:<br \/>\nPaslanmaz \u00e7elik Aisi 304 veya Aisi 316<\/p>\n<p>Mil malzemesi a\u00e7\u0131klamas\u0131:<br \/>\nPaslanmaz \u00e7elik A2-70 veya A4-70<\/p>\n<p>Kau\u00e7uk taban malzemesi a\u00e7\u0131klamas\u0131:<br \/>\nNBR Kau\u00e7uk (Nitril kau\u00e7uk CAS no. 9005-98-5)<br \/>\nFDA CFR 21 177 2600&#039;e g\u00f6re FDA Sertifikas\u0131<\/p>\n<p>T\u00fcm malzemeler kimyasallara, yayg\u0131n olarak uygulanan temizlik maddelerine ve kat\u0131 ve s\u0131v\u0131 ya\u011flara kar\u015f\u0131 olduk\u00e7a dayan\u0131kl\u0131d\u0131r.<\/p>\n<h3>S\u0131zd\u0131rmaz hijyenik tasar\u0131m boyutlar\u0131nda makine ayaklar\u0131<\/h3>\n<p>Kapal\u0131 hijyenik makine ayak tabanlar\u0131 geni\u015f bir yelpazede mevcut olup, optimum esneklik ve se\u00e7im olana\u011f\u0131 sa\u011flar.<\/p>\n<table class=\"dcf-table dcf-table-responsive dcf-table-bordered dcf-w-100%\">\n<thead>\n<tr>\n<th scope=\"col\">Temel tip<\/th>\n<th scope=\"col\">Taban \u00c7ap\u0131 D<\/th>\n<th scope=\"col\">Nom. Y\u00fck<\/th>\n<\/tr>\n<\/thead>\n<tbody>\n<tr>\n<td data-label=\"HMF Base Size\">HMF62<\/td>\n<td data-label=\"Base Diameter D\">60 mm<\/td>\n<td data-label=\"Nom. Load \">7.000 N<\/td>\n<\/tr>\n<tr>\n<td data-label=\"HMF Base Size\">HMF82<\/td>\n<td data-label=\"Base Diameter D\">80mm<\/td>\n<td data-label=\"Nom. Load \">15.000 N<\/td>\n<\/tr>\n<tr>\n<td data-label=\"HMF Base Size\">HMF102<\/td>\n<td data-label=\"Base Diameter D\">100 mm<\/td>\n<td data-label=\"Nom. Load \">20.000 N<\/td>\n<\/tr>\n<tr>\n<td data-label=\"HMF Base Size\">HMF122<\/td>\n<td data-label=\"Base Diameter D\">120mm<\/td>\n<td data-label=\"Nom. Load \">30.000 N<\/td>\n<\/tr>\n<\/tbody>\n<\/table>\n<p>Koruyucu k\u0131l\u0131fl\u0131, kapal\u0131 hijyenik makine aya\u011f\u0131 milleri geni\u015f bir yelpazede mevcuttur ve optimum esneklik ve se\u00e7im imkan\u0131 sunar.<\/p>\n<div class=\"dcf-overflow-x-auto\" tabindex=\"0\">\n<table class=\"dcf-table dcf-table-bordered dcf-w-100%\">\n<caption>SHMF Mil ve man\u015fon \u00e7ap\u0131<\/caption>\n<tbody>\n<tr>\n<td>M16<\/td>\n<td>M20<\/td>\n<td>M24<\/td>\n<td>M30<\/td>\n<td>M36<\/td>\n<td>M42<\/td>\n<td>M48<\/td>\n<\/tr>\n<\/tbody>\n<\/table>\n<\/div>\n<div class=\"dcf-overflow-x-auto\" tabindex=\"0\">\n<table class=\"dcf-table dcf-table-bordered dcf-w-100%\">\n<caption>SHMF Mil uzunlu\u011fu (L) ve Kovan uzunlu\u011fu (H)<\/caption>\n<tbody>\n<tr>\n<td>U=135 mm Y=55 mm<\/td>\n<td>Min 80 mm&#039;den Max 120 mm&#039;ye<\/td>\n<\/tr>\n<tr>\n<td>U=175 mm Y=75 mm<\/td>\n<td>Min 100 mm&#039;den Maksimum 160 mm&#039;ye<\/td>\n<\/tr>\n<tr>\n<td>U=215 mm Y=95 mm<\/td>\n<td>Min 120 mm&#039;den Max 200 mm&#039;ye<\/td>\n<\/tr>\n<tr>\n<td>U=255 mm Y=115 mm<\/td>\n<td>Min 140 mm&#039;den Maksimum 240 mm&#039;ye<\/td>\n<\/tr>\n<tr>\n<td>U=295 mm Y=125 mm<\/td>\n<td>Min 180 mm&#039;den Maksimum 280 mm&#039;ye<\/td>\n<\/tr>\n<\/tbody>\n<\/table>\n<\/div>\n<p>Di\u011fer di\u015fli mil uzunlu\u011fu (L) i\u00e7in l\u00fctfen bizimle ileti\u015fime ge\u00e7in.<br \/>\n\u0130stek \u00fczerine in\u00e7 cinsinden di\u015fler mevcuttur<br \/>\n\u0130plik ayr\u0131ca \u00f6zel iste\u011fe g\u00f6re \u00f6zelle\u015ftirilebilir, eski trapez iplik vb.<\/p>\n<h3>S\u0131zd\u0131rmaz hijyenik tasar\u0131ml\u0131 makine ayaklar\u0131 teslimat se\u00e7ene\u011fi<\/h3>\n<p>B\u00fcy\u00fck sipari\u015fler i\u00e7in taban ve milleri ayr\u0131 ayr\u0131 tedarik etmeyi \u00f6neriyoruz<br \/>\nAvantaj\u0131, bir\u00e7ok farkl\u0131 boyutta i\u011f kullanan m\u00fc\u015fteri i\u00e7in esnekliktir.<\/p>\n<h2>2 zemin kilitleme plakas\u0131 ve m\u00fch\u00fcrl\u00fc korumal\u0131 mil ile hijyenik makine ayaklar\u0131<\/h2>\n<h3 data-start=\"59\" data-end=\"112\">\u00c7ift Zemin Kilitli Plakalarla Optimum Stabilite<\/h3>\n<p data-start=\"113\" data-end=\"483\">Yenilik\u00e7i hijyenik makine ayaklar\u0131m\u0131z, zorlu end\u00fcstriyel ortamlarda \u00fcst\u00fcn stabilite i\u00e7in tasarlanm\u0131\u015ft\u0131r. \u0130ki sa\u011flam zemin kilitleme plakas\u0131na sahip olan bu makine ayaklar\u0131, a\u011f\u0131r ekipman\u0131 s\u0131k\u0131ca yerinde tutar. \u00c7ift kilitleme sistemi a\u011f\u0131rl\u0131\u011f\u0131 e\u015fit \u015fekilde da\u011f\u0131t\u0131r, titre\u015fimleri en aza indirir ve istenmeyen hareketi \u00f6nleyerek optimum operasyonel g\u00fcvenlik ve performans\u0131 garanti eder.<\/p>\n<h3 data-start=\"485\" data-end=\"527\">Geli\u015fmi\u015f Hijyen ve Kolay Bak\u0131m<\/h3>\n<p data-start=\"528\" data-end=\"944\">Temiz ortamlar i\u00e7in tasarlanan hijyenik makine ayaklar\u0131m\u0131z, <a href=\"https:\/\/nhkmachineryparts.com\/tr\/our-industries\/\" data-internallinksmanager029f6b8e52c=\"4\" title=\"End\u00fcstrilerimiz\">end\u00fcstriler<\/a> g\u0131da i\u015fleme, ila\u00e7lar ve temiz odalar gibi s\u0131k\u0131 sanitasyon standartlar\u0131 gerektiren. P\u00fcr\u00fczs\u00fcz, kirleticilere dayan\u0131kl\u0131 y\u00fczey tasar\u0131m\u0131 yaln\u0131zca hijyen gereksinimlerini kar\u015f\u0131lamakla kalmaz, ayn\u0131 zamanda temizli\u011fi ve bak\u0131m\u0131 da basitle\u015ftirir. Azalt\u0131lm\u0131\u015f kesinti s\u00fcresi ve daha d\u00fc\u015f\u00fck bak\u0131m maliyetleri, bu son teknoloji tasar\u0131m\u0131n \u00f6nemli avantajlar\u0131d\u0131r.<\/p>\n<h3 data-start=\"946\" data-end=\"995\">Geli\u015fmi\u015f M\u00fch\u00fcrl\u00fc Korumal\u0131 Mil Teknolojisi<\/h3>\n<p data-start=\"996\" data-end=\"1377\">Sistemimizin temel \u00f6zelliklerinden biri, zorlu ko\u015fullara dayanacak \u015fekilde \u00fcretilen kapal\u0131 korumal\u0131 mildir. Bu geli\u015fmi\u015f teknoloji, toz, nem ve kimyasallar\u0131n i\u00e7eri girmesini \u00f6nleyerek milin en iyi durumda kalmas\u0131n\u0131 sa\u011flar. Kapal\u0131 tasar\u0131m, y\u00fcksek stres ve zorlu ortamlarda tutarl\u0131 performans\u0131 korurken ekipman\u0131n \u00f6mr\u00fcn\u00fc uzat\u0131r.<\/p>\n<h3 data-start=\"1379\" data-end=\"1438\">End\u00fcstriyel M\u00fckemmellik i\u00e7in \u00d6zelle\u015ftirilmi\u015f \u00c7\u00f6z\u00fcmler<\/h3>\n<p data-start=\"1439\" data-end=\"1935\">Her end\u00fcstriyel uygulaman\u0131n benzersiz talepleri oldu\u011funu anl\u0131yoruz. Bu nedenle hijyenik makine ayaklar\u0131m\u0131z, \u00f6zel ihtiya\u00e7lar\u0131n\u0131za g\u00f6re uyarlanm\u0131\u015f \u00f6zel \u00e7\u00f6z\u00fcmler olarak mevcuttur. A\u011f\u0131r hizmet tipi makineler i\u00e7in geli\u015fmi\u015f stabilite veya hassas \u00fcretim alanlar\u0131 i\u00e7in geli\u015fmi\u015f hijyen standartlar\u0131 gerektirsin, \u00f6zel se\u00e7eneklerimiz e\u015fsiz g\u00fcvenilirlik sunar. \u0130\u015fletme verimlili\u011fini art\u0131rmak, bak\u0131m maliyetlerini azaltmak ve tesisinizde uzun vadeli dayan\u0131kl\u0131l\u0131k elde etmek i\u00e7in yenilik\u00e7i makine ayaklar\u0131m\u0131za yat\u0131r\u0131m yap\u0131n.<\/p>\n<h3 data-start=\"0\" data-end=\"57\">Geli\u015fmi\u015f Stabilite i\u00e7in Yenilik\u00e7i Hijyenik Makine Ayaklar\u0131<\/h3>\n<p data-start=\"1937\" data-end=\"2258\" data-is-last-node=\"\" data-is-only-node=\"\">Kalite ve hassasiyete olan ba\u011fl\u0131l\u0131\u011f\u0131m\u0131z, makine aya\u011f\u0131 tasar\u0131m\u0131m\u0131z\u0131n her noktas\u0131nda belirgindir. M\u00fchendisli\u011fi, \u00e7ift kilitleme mekanizmalar\u0131n\u0131 ve kapal\u0131 mil teknolojisini entegre ederek, en y\u00fcksek end\u00fcstri standartlar\u0131n\u0131 kar\u015f\u0131layan \u00e7\u00f6z\u00fcmler sunuyoruz. Daha g\u00fcvenli, daha temiz ve verimli bir \u00e7al\u0131\u015fma i\u00e7in hijyenik makine ayaklar\u0131m\u0131z\u0131 se\u00e7in.<\/p>\n\n\t\t<\/div>\n\t<\/div>\n<\/div><\/div><\/div><\/div><\/div><\/section>","protected":false},"excerpt":{"rendered":"Tailored Excellence: Bespoke Industrial Solutions for Sanitary Need Machine feet in sealed hygienic design with rubber base for vibration reduction and anti-slip properties Our sealed hygienic machine feet are provided with FDA certificate (FDA CFR 21 177 2600) with unique batch ID number for food safety traceability Try our product selector Machine feet in sealed [...]","protected":false},"featured_media":12779,"template":"","meta":[],"product_brand":[],"product_cat":[98],"product_tag":[],"class_list":{"0":"post-12778","1":"product","2":"type-product","3":"status-publish","4":"has-post-thumbnail","6":"product_cat-ehedg-certified-3a-ssi-standard-components","8":"first","9":"instock","10":"shipping-taxable","11":"product-type-simple"},"yoast_head":"<!-- This site is optimized with the Yoast SEO plugin v27.2 - https:\/\/yoast.com\/product\/yoast-seo-wordpress\/ -->\n<title>3-A machine feet with 2 floor locking plates\u00a0 | NHK Machinery Parts<\/title>\n<meta name=\"description\" content=\"Revolutionize your operations with hygienic machine feet engineered for unmatched stability and protection. Unmatched Stability with Hygienic Machine Feet.\" \/>\n<meta name=\"robots\" content=\"index, follow, max-snippet:-1, max-image-preview:large, max-video-preview:-1\" \/>\n<link rel=\"canonical\" href=\"https:\/\/nhkmachineryparts.com\/tr\/urun\/2-zemin-kilitleme-plakasi-ve-muhurlu-korumali-mil-ile-hijyenik-makine-ayaklari\/\" \/>\n<meta property=\"og:locale\" content=\"tr_TR\" \/>\n<meta property=\"og:type\" content=\"article\" \/>\n<meta property=\"og:title\" content=\"3-A machine feet with 2 floor locking plates\u00a0 | NHK Machinery Parts\" \/>\n<meta property=\"og:description\" content=\"Revolutionize your operations with hygienic machine feet engineered for unmatched stability and protection. Unmatched Stability with Hygienic Machine Feet.\" \/>\n<meta property=\"og:url\" content=\"https:\/\/nhkmachineryparts.com\/tr\/urun\/2-zemin-kilitleme-plakasi-ve-muhurlu-korumali-mil-ile-hijyenik-makine-ayaklari\/\" \/>\n<meta property=\"og:site_name\" content=\"NHK Machinery Parts\" \/>\n<meta property=\"article:publisher\" content=\"https:\/\/www.facebook.com\/NHK.Group.aps\" \/>\n<meta property=\"article:modified_time\" content=\"2026-02-27T13:48:56+00:00\" \/>\n<meta property=\"og:image\" content=\"https:\/\/nhkmachineryparts.com\/wp-content\/uploads\/2024\/11\/HMF-x2-3A-1.jpg\" \/>\n\t<meta property=\"og:image:width\" content=\"1000\" \/>\n\t<meta property=\"og:image:height\" content=\"1006\" \/>\n\t<meta property=\"og:image:type\" content=\"image\/jpeg\" \/>\n<meta name=\"twitter:card\" content=\"summary_large_image\" \/>\n<meta name=\"twitter:label1\" content=\"Tahmini okuma s\u00fcresi\" \/>\n\t<meta name=\"twitter:data1\" content=\"4 dakika\" \/>\n<script type=\"application\/ld+json\" class=\"yoast-schema-graph\">{\"@context\":\"https:\/\/schema.org\",\"@graph\":[{\"@type\":\"WebPage\",\"@id\":\"https:\/\/nhkmachineryparts.com\/product\/hygienic-machine-feet-with-2-floor-locking-plates-and-sealed-protected-spindle\/\",\"url\":\"https:\/\/nhkmachineryparts.com\/product\/hygienic-machine-feet-with-2-floor-locking-plates-and-sealed-protected-spindle\/\",\"name\":\"3-A machine feet with 2 floor locking plates\u00a0 | NHK Machinery Parts\",\"isPartOf\":{\"@id\":\"https:\/\/nhkmachineryparts.com\/#website\"},\"primaryImageOfPage\":{\"@id\":\"https:\/\/nhkmachineryparts.com\/product\/hygienic-machine-feet-with-2-floor-locking-plates-and-sealed-protected-spindle\/#primaryimage\"},\"image\":{\"@id\":\"https:\/\/nhkmachineryparts.com\/product\/hygienic-machine-feet-with-2-floor-locking-plates-and-sealed-protected-spindle\/#primaryimage\"},\"thumbnailUrl\":\"https:\/\/nhkmachineryparts.com\/wp-content\/uploads\/2024\/11\/HMF-x2-3A-1.jpg\",\"datePublished\":\"2024-11-09T20:42:55+00:00\",\"dateModified\":\"2026-02-27T13:48:56+00:00\",\"description\":\"Revolutionize your operations with hygienic machine feet engineered for unmatched stability and protection. Unmatched Stability with Hygienic Machine Feet.\",\"breadcrumb\":{\"@id\":\"https:\/\/nhkmachineryparts.com\/product\/hygienic-machine-feet-with-2-floor-locking-plates-and-sealed-protected-spindle\/#breadcrumb\"},\"inLanguage\":\"tr\",\"potentialAction\":[{\"@type\":\"ReadAction\",\"target\":[\"https:\/\/nhkmachineryparts.com\/product\/hygienic-machine-feet-with-2-floor-locking-plates-and-sealed-protected-spindle\/\"]}]},{\"@type\":\"ImageObject\",\"inLanguage\":\"tr\",\"@id\":\"https:\/\/nhkmachineryparts.com\/product\/hygienic-machine-feet-with-2-floor-locking-plates-and-sealed-protected-spindle\/#primaryimage\",\"url\":\"https:\/\/nhkmachineryparts.com\/wp-content\/uploads\/2024\/11\/HMF-x2-3A-1.jpg\",\"contentUrl\":\"https:\/\/nhkmachineryparts.com\/wp-content\/uploads\/2024\/11\/HMF-x2-3A-1.jpg\",\"width\":1000,\"height\":1006,\"caption\":\"Hygienic machine feet with 2 floor locking plates\u00a0and sealed protected spindle\"},{\"@type\":\"BreadcrumbList\",\"@id\":\"https:\/\/nhkmachineryparts.com\/product\/hygienic-machine-feet-with-2-floor-locking-plates-and-sealed-protected-spindle\/#breadcrumb\",\"itemListElement\":[{\"@type\":\"ListItem\",\"position\":1,\"name\":\"Home\",\"item\":\"https:\/\/nhkmachineryparts.com\/\"},{\"@type\":\"ListItem\",\"position\":2,\"name\":\"Product line\",\"item\":\"https:\/\/nhkmachineryparts.com\/product-line\/\"},{\"@type\":\"ListItem\",\"position\":3,\"name\":\"Certified EHEDG standard components\",\"item\":\"https:\/\/nhkmachineryparts.com\/product-line\/ehedg-certified-3a-ssi-standard-components\/\"},{\"@type\":\"ListItem\",\"position\":4,\"name\":\"3-A machine feet with 2 floor locking plates\u00a0\"}]},{\"@type\":\"WebSite\",\"@id\":\"https:\/\/nhkmachineryparts.com\/#website\",\"url\":\"https:\/\/nhkmachineryparts.com\/\",\"name\":\"NHK Machinery Parts\",\"description\":\"Bearing Houses, seismic levelling feet and levelling castors\",\"publisher\":{\"@id\":\"https:\/\/nhkmachineryparts.com\/#organization\"},\"potentialAction\":[{\"@type\":\"SearchAction\",\"target\":{\"@type\":\"EntryPoint\",\"urlTemplate\":\"https:\/\/nhkmachineryparts.com\/?s={search_term_string}\"},\"query-input\":{\"@type\":\"PropertyValueSpecification\",\"valueRequired\":true,\"valueName\":\"search_term_string\"}}],\"inLanguage\":\"tr\"},{\"@type\":\"Organization\",\"@id\":\"https:\/\/nhkmachineryparts.com\/#organization\",\"name\":\"Nhk Group ApS\",\"url\":\"https:\/\/nhkmachineryparts.com\/\",\"logo\":{\"@type\":\"ImageObject\",\"inLanguage\":\"tr\",\"@id\":\"https:\/\/nhkmachineryparts.com\/#\/schema\/logo\/image\/\",\"url\":\"https:\/\/nhkmachineryparts.com\/wp-content\/uploads\/2022\/09\/NHKgroup_social.jpg\",\"contentUrl\":\"https:\/\/nhkmachineryparts.com\/wp-content\/uploads\/2022\/09\/NHKgroup_social.jpg\",\"width\":1200,\"height\":630,\"caption\":\"Nhk Group ApS\"},\"image\":{\"@id\":\"https:\/\/nhkmachineryparts.com\/#\/schema\/logo\/image\/\"},\"sameAs\":[\"https:\/\/www.facebook.com\/NHK.Group.aps\"]}]}<\/script>\n<!-- \/ Yoast SEO plugin. -->","yoast_head_json":{"title":"3-A machine feet with 2 floor locking plates\u00a0 | NHK Machinery Parts","description":"E\u015fsiz denge ve koruma i\u00e7in tasarlanm\u0131\u015f hijyenik makine ayaklar\u0131yla operasyonlar\u0131n\u0131zda devrim yarat\u0131n. Hijyenik Makine Ayaklar\u0131yla E\u015fsiz Denge.","robots":{"index":"index","follow":"follow","max-snippet":"max-snippet:-1","max-image-preview":"max-image-preview:large","max-video-preview":"max-video-preview:-1"},"canonical":"https:\/\/nhkmachineryparts.com\/tr\/urun\/2-zemin-kilitleme-plakasi-ve-muhurlu-korumali-mil-ile-hijyenik-makine-ayaklari\/","og_locale":"tr_TR","og_type":"article","og_title":"3-A machine feet with 2 floor locking plates\u00a0 | NHK Machinery Parts","og_description":"Revolutionize your operations with hygienic machine feet engineered for unmatched stability and protection. Unmatched Stability with Hygienic Machine Feet.","og_url":"https:\/\/nhkmachineryparts.com\/tr\/urun\/2-zemin-kilitleme-plakasi-ve-muhurlu-korumali-mil-ile-hijyenik-makine-ayaklari\/","og_site_name":"NHK Machinery Parts","article_publisher":"https:\/\/www.facebook.com\/NHK.Group.aps","article_modified_time":"2026-02-27T13:48:56+00:00","og_image":[{"width":1000,"height":1006,"url":"https:\/\/nhkmachineryparts.com\/wp-content\/uploads\/2024\/11\/HMF-x2-3A-1.jpg","type":"image\/jpeg"}],"twitter_card":"summary_large_image","twitter_misc":{"Tahmini okuma s\u00fcresi":"4 dakika"},"schema":{"@context":"https:\/\/schema.org","@graph":[{"@type":"WebPage","@id":"https:\/\/nhkmachineryparts.com\/product\/hygienic-machine-feet-with-2-floor-locking-plates-and-sealed-protected-spindle\/","url":"https:\/\/nhkmachineryparts.com\/product\/hygienic-machine-feet-with-2-floor-locking-plates-and-sealed-protected-spindle\/","name":"3-A machine feet with 2 floor locking plates\u00a0 | NHK Machinery Parts","isPartOf":{"@id":"https:\/\/nhkmachineryparts.com\/#website"},"primaryImageOfPage":{"@id":"https:\/\/nhkmachineryparts.com\/product\/hygienic-machine-feet-with-2-floor-locking-plates-and-sealed-protected-spindle\/#primaryimage"},"image":{"@id":"https:\/\/nhkmachineryparts.com\/product\/hygienic-machine-feet-with-2-floor-locking-plates-and-sealed-protected-spindle\/#primaryimage"},"thumbnailUrl":"https:\/\/nhkmachineryparts.com\/wp-content\/uploads\/2024\/11\/HMF-x2-3A-1.jpg","datePublished":"2024-11-09T20:42:55+00:00","dateModified":"2026-02-27T13:48:56+00:00","description":"E\u015fsiz denge ve koruma i\u00e7in tasarlanm\u0131\u015f hijyenik makine ayaklar\u0131yla operasyonlar\u0131n\u0131zda devrim yarat\u0131n. Hijyenik Makine Ayaklar\u0131yla E\u015fsiz Denge.","breadcrumb":{"@id":"https:\/\/nhkmachineryparts.com\/product\/hygienic-machine-feet-with-2-floor-locking-plates-and-sealed-protected-spindle\/#breadcrumb"},"inLanguage":"tr","potentialAction":[{"@type":"ReadAction","target":["https:\/\/nhkmachineryparts.com\/product\/hygienic-machine-feet-with-2-floor-locking-plates-and-sealed-protected-spindle\/"]}]},{"@type":"ImageObject","inLanguage":"tr","@id":"https:\/\/nhkmachineryparts.com\/product\/hygienic-machine-feet-with-2-floor-locking-plates-and-sealed-protected-spindle\/#primaryimage","url":"https:\/\/nhkmachineryparts.com\/wp-content\/uploads\/2024\/11\/HMF-x2-3A-1.jpg","contentUrl":"https:\/\/nhkmachineryparts.com\/wp-content\/uploads\/2024\/11\/HMF-x2-3A-1.jpg","width":1000,"height":1006,"caption":"Hygienic machine feet with 2 floor locking plates\u00a0and sealed protected spindle"},{"@type":"BreadcrumbList","@id":"https:\/\/nhkmachineryparts.com\/product\/hygienic-machine-feet-with-2-floor-locking-plates-and-sealed-protected-spindle\/#breadcrumb","itemListElement":[{"@type":"ListItem","position":1,"name":"Home","item":"https:\/\/nhkmachineryparts.com\/"},{"@type":"ListItem","position":2,"name":"Product line","item":"https:\/\/nhkmachineryparts.com\/product-line\/"},{"@type":"ListItem","position":3,"name":"Certified EHEDG standard components","item":"https:\/\/nhkmachineryparts.com\/product-line\/ehedg-certified-3a-ssi-standard-components\/"},{"@type":"ListItem","position":4,"name":"3-A machine feet with 2 floor locking plates\u00a0"}]},{"@type":"WebSite","@id":"https:\/\/nhkmachineryparts.com\/#website","url":"https:\/\/nhkmachineryparts.com\/","name":"NHK Makine Par\u00e7alar\u0131","description":"Rulman Yataklar\u0131, sismik tesviye ayaklar\u0131 ve tesviye tekerlekleri","publisher":{"@id":"https:\/\/nhkmachineryparts.com\/#organization"},"potentialAction":[{"@type":"SearchAction","target":{"@type":"EntryPoint","urlTemplate":"https:\/\/nhkmachineryparts.com\/?s={search_term_string}"},"query-input":{"@type":"PropertyValueSpecification","valueRequired":true,"valueName":"search_term_string"}}],"inLanguage":"tr"},{"@type":"Organization","@id":"https:\/\/nhkmachineryparts.com\/#organization","name":"NHK Grup ApS","url":"https:\/\/nhkmachineryparts.com\/","logo":{"@type":"ImageObject","inLanguage":"tr","@id":"https:\/\/nhkmachineryparts.com\/#\/schema\/logo\/image\/","url":"https:\/\/nhkmachineryparts.com\/wp-content\/uploads\/2022\/09\/NHKgroup_social.jpg","contentUrl":"https:\/\/nhkmachineryparts.com\/wp-content\/uploads\/2022\/09\/NHKgroup_social.jpg","width":1200,"height":630,"caption":"Nhk Group ApS"},"image":{"@id":"https:\/\/nhkmachineryparts.com\/#\/schema\/logo\/image\/"},"sameAs":["https:\/\/www.facebook.com\/NHK.Group.aps"]}]}},"_links":{"self":[{"href":"https:\/\/nhkmachineryparts.com\/tr\/wp-json\/wp\/v2\/product\/12778","targetHints":{"allow":["GET"]}}],"collection":[{"href":"https:\/\/nhkmachineryparts.com\/tr\/wp-json\/wp\/v2\/product"}],"about":[{"href":"https:\/\/nhkmachineryparts.com\/tr\/wp-json\/wp\/v2\/types\/product"}],"wp:featuredmedia":[{"embeddable":true,"href":"https:\/\/nhkmachineryparts.com\/tr\/wp-json\/wp\/v2\/media\/12779"}],"wp:attachment":[{"href":"https:\/\/nhkmachineryparts.com\/tr\/wp-json\/wp\/v2\/media?parent=12778"}],"wp:term":[{"taxonomy":"product_brand","embeddable":true,"href":"https:\/\/nhkmachineryparts.com\/tr\/wp-json\/wp\/v2\/product_brand?post=12778"},{"taxonomy":"product_cat","embeddable":true,"href":"https:\/\/nhkmachineryparts.com\/tr\/wp-json\/wp\/v2\/product_cat?post=12778"},{"taxonomy":"product_tag","embeddable":true,"href":"https:\/\/nhkmachineryparts.com\/tr\/wp-json\/wp\/v2\/product_tag?post=12778"}],"curies":[{"name":"wp","href":"https:\/\/api.w.org\/{rel}","templated":true}]}}