{"id":12776,"date":"2024-11-09T22:35:55","date_gmt":"2024-11-09T20:35:55","guid":{"rendered":"https:\/\/nhkmachineryparts.com\/?post_type=product&#038;p=12776"},"modified":"2026-02-27T16:03:33","modified_gmt":"2026-02-27T14:03:33","slug":"2-zemin-kilitleme-plakasi-ve-muhurlu-korumali-mil-ile-hijyenik-dengeleme-ayaklari","status":"publish","type":"product","link":"https:\/\/nhkmachineryparts.com\/tr\/product\/hygienic-levelling-feet-with-2-floor-locking-plates-and-sealed-protected-spindle\/","title":{"rendered":"3-A authorized levelling feet with 2 floor locking plates\u00a0"},"content":{"rendered":"<section class=\"vc_row vc_custom_1662993827263 liquid-row-shadowbox-69d3fb8088d2b vc_column-gap-0\"><div class=\"ld-container container\"><div class=\"row ld-row ld-row-outer\"><div class=\"wpb_column vc_column_container vc_col-sm-12 liquid-column-69d3fb8088ee3\"><div class=\"vc_column-inner\" ><div class=\"wpb_wrapper\"  >\n\t<div class=\"wpb_text_column wpb_content_element\" >\n\t\t<div class=\"wpb_wrapper\">\n\t\t\t<h2>Geli\u015fmi\u015f Tesviye Sistemi \u00c7\u00f6z\u00fcmleriyle Tesis Hijyenini Art\u0131r\u0131n<\/h2>\n<p><a href=\"https:\/\/nhkmachineryparts.com\/tr\/product-line\/stainless-steel-solid-base-feet\/\" data-internallinksmanager029f6b8e52c=\"7\" title=\"Sa\u011flam taban plakal\u0131 makine tesviye ayaklar\u0131\">Denge ayaklar\u0131<\/a> titre\u015fimi azaltmak ve kaymay\u0131 \u00f6nleyici \u00f6zellikler i\u00e7in kau\u00e7uk tabanl\u0131, hijyenik, kapal\u0131 tasar\u0131m<br \/>\nBizim m\u00fch\u00fcrl\u00fc <a href=\"https:\/\/nhkmachineryparts.com\/tr\/product-line\/stainless-steel-solid-base-feet\/\" data-internallinksmanager029f6b8e52c=\"17\" title=\"Sa\u011flam taban plakal\u0131 makine tesviye ayaklar\u0131\">hijyenik tesviye ayaklar\u0131<\/a> G\u0131da g\u00fcvenli\u011fi izlenebilirli\u011fi i\u00e7in benzersiz parti kimlik numaras\u0131na sahip FDA sertifikas\u0131 (FDA CFR 21 177 2600) ile sa\u011flan\u0131r<\/p>\n<p><a href=\"https:\/\/nhkmachineryparts.com\/shop\/product-line\/machine-levelling-feet-in-a-hygienic-design\/levelling-feet-with-fully-threaded-spindle\/\">\u00dcr\u00fcn se\u00e7icimizi deneyin<\/a><\/p>\n<h3>S\u0131zd\u0131rmaz hijyenik tasar\u0131mdaki dengeleme ayaklar\u0131 \u00f6zellikleri ve avantajlar\u0131<\/h3>\n<p>M\u00fch\u00fcrl\u00fc <a href=\"https:\/\/nhkmachineryparts.com\/tr\/product-line\/stainless-steel-solid-base-feet\/\" data-internallinksmanager029f6b8e52c=\"17\" title=\"Sa\u011flam taban plakal\u0131 makine tesviye ayaklar\u0131\">hijyenik tesviye ayaklar\u0131<\/a> Temizlemeyi kolayla\u015ft\u0131ran yuvarlak, hijyenik bir tasar\u0131ma sahiptir.<br \/>\nM\u00fch\u00fcrl\u00fc <a href=\"https:\/\/nhkmachineryparts.com\/tr\/product-line\/stainless-steel-solid-base-feet\/\" data-internallinksmanager029f6b8e52c=\"17\" title=\"Sa\u011flam taban plakal\u0131 makine tesviye ayaklar\u0131\">hijyenik tesviye ayaklar\u0131<\/a> Zeminlerde ve ekipmanlarda 10 dereceye kadar e\u011fimlerle ba\u015fa \u00e7\u0131kabilir.<\/p>\n<h3>S\u0131zd\u0131rmaz hijyenik tasar\u0131m malzemelerinden olu\u015fan dengeleme ayaklar\u0131<\/h3>\n<p>M\u00fch\u00fcrl\u00fc <a href=\"https:\/\/nhkmachineryparts.com\/tr\/product-line\/stainless-steel-solid-base-feet\/\" data-internallinksmanager029f6b8e52c=\"17\" title=\"Sa\u011flam taban plakal\u0131 makine tesviye ayaklar\u0131\">hijyenik tesviye ayaklar\u0131<\/a> FDA CFR 21 177 2600&#039;e g\u00f6re FDA sertifikal\u0131 vulkanize kau\u00e7uk par\u00e7a.<\/p>\n<p>Taban plakas\u0131 malzemesi a\u00e7\u0131klamas\u0131:<br \/>\nPaslanmaz \u00e7elik Aisi 304 veya Aisi 316<\/p>\n<p>Mil malzemesi a\u00e7\u0131klamas\u0131:<br \/>\nPaslanmaz \u00e7elik A2-70 veya A4-70<\/p>\n<p>Kau\u00e7uk taban malzemesi a\u00e7\u0131klamas\u0131:<br \/>\nNBR Kau\u00e7uk (Nitril kau\u00e7uk CAS no. 9005-98-5)<br \/>\nFDA CFR 21 177 2600&#039;e g\u00f6re FDA Sertifikas\u0131<\/p>\n<p>T\u00fcm malzemeler kimyasallara, yayg\u0131n olarak uygulanan temizlik maddelerine ve kat\u0131 ve s\u0131v\u0131 ya\u011flara kar\u015f\u0131 olduk\u00e7a dayan\u0131kl\u0131d\u0131r.<\/p>\n<h3>Kapal\u0131 hijyenik tasar\u0131m boyutlar\u0131nda dengeleme ayaklar\u0131<\/h3>\n<p>M\u00fch\u00fcrl\u00fc hijyenik <a href=\"https:\/\/nhkmachineryparts.com\/tr\/urun\/301-makine-ayakli-muhurlu-hijyenik-tasarimli-shmf-zemin-kilit-plakali\/\" data-internallinksmanager029f6b8e52c=\"20\" title=\"makine ayaklar\u0131\">makine ayaklar\u0131<\/a> taban, optimum esneklik ve se\u00e7enek sunan geni\u015f bir yelpazede mevcuttur.<\/p>\n<table class=\"dcf-table dcf-table-responsive dcf-table-bordered dcf-w-100%\">\n<thead>\n<tr>\n<th scope=\"col\">Temel tip<\/th>\n<th scope=\"col\">Taban \u00c7ap\u0131 D<\/th>\n<th scope=\"col\">Nom. Y\u00fck<\/th>\n<\/tr>\n<\/thead>\n<tbody>\n<tr>\n<td data-label=\"HMF Base Size\">HLF62<\/td>\n<td data-label=\"Base Diameter D\">60 mm<\/td>\n<td data-label=\"Nom. Load \">7.000 N<\/td>\n<\/tr>\n<tr>\n<td data-label=\"HMF Base Size\">HLF82<\/td>\n<td data-label=\"Base Diameter D\">80mm<\/td>\n<td data-label=\"Nom. Load \">15.000 N<\/td>\n<\/tr>\n<tr>\n<td data-label=\"HMF Base Size\">HLF102<\/td>\n<td data-label=\"Base Diameter D\">100 mm<\/td>\n<td data-label=\"Nom. Load \">20.000 N<\/td>\n<\/tr>\n<tr>\n<td data-label=\"HMF Base Size\">HLF122<\/td>\n<td data-label=\"Base Diameter D\">120mm<\/td>\n<td data-label=\"Nom. Load \">30.000 N<\/td>\n<\/tr>\n<\/tbody>\n<\/table>\n<p>M\u00fch\u00fcrl\u00fc <a href=\"https:\/\/nhkmachineryparts.com\/tr\/product-line\/stainless-steel-solid-base-feet\/\" data-internallinksmanager029f6b8e52c=\"17\" title=\"Sa\u011flam taban plakal\u0131 makine tesviye ayaklar\u0131\">hijyenik tesviye ayaklar\u0131<\/a> Koruma man\u015fonlu miller geni\u015f bir yelpazede mevcut olup, optimum esneklik ve se\u00e7enek sunar.<\/p>\n<div class=\"dcf-overflow-x-auto\" tabindex=\"0\">\n<table class=\"dcf-table dcf-table-bordered dcf-w-100%\">\n<caption>SHLF Mil ve man\u015fon \u00e7ap\u0131<\/caption>\n<tbody>\n<tr>\n<td>M16<\/td>\n<td>M20<\/td>\n<td>M24<\/td>\n<td>M30<\/td>\n<td>M36<\/td>\n<td>M42<\/td>\n<td>M48<\/td>\n<\/tr>\n<\/tbody>\n<\/table>\n<\/div>\n<div class=\"dcf-overflow-x-auto\" tabindex=\"0\">\n<table class=\"dcf-table dcf-table-bordered dcf-w-100%\">\n<caption>SHLF Mil uzunlu\u011fu (L) ve Kovan uzunlu\u011fu (H)<\/caption>\n<tbody>\n<tr>\n<td>U=135 mm Y=55 mm<\/td>\n<td>Min 80 mm&#039;den Max 120 mm&#039;ye<\/td>\n<\/tr>\n<tr>\n<td>U=175 mm Y=75 mm<\/td>\n<td>Min 100 mm&#039;den Maksimum 160 mm&#039;ye<\/td>\n<\/tr>\n<tr>\n<td>U=215 mm Y=95 mm<\/td>\n<td>Min 120 mm&#039;den Max 200 mm&#039;ye<\/td>\n<\/tr>\n<tr>\n<td>U=255 mm Y=115 mm<\/td>\n<td>Min 140 mm&#039;den Maksimum 240 mm&#039;ye<\/td>\n<\/tr>\n<tr>\n<td>U=295 mm Y=125 mm<\/td>\n<td>Min 180 mm&#039;den Maksimum 280 mm&#039;ye<\/td>\n<\/tr>\n<\/tbody>\n<\/table>\n<\/div>\n<p>Di\u011fer di\u015fli mil uzunlu\u011fu (L) i\u00e7in l\u00fctfen bizimle ileti\u015fime ge\u00e7in.<br \/>\n\u0130stek \u00fczerine in\u00e7 cinsinden di\u015fler mevcuttur<br \/>\n\u0130plik ayr\u0131ca \u00f6zel iste\u011fe g\u00f6re \u00f6zelle\u015ftirilebilir, eski trapez iplik vb.<\/p>\n<h3>M\u00fch\u00fcrl\u00fc hijyenik tasar\u0131ml\u0131 teslimat se\u00e7ene\u011finde dengeleme ayaklar\u0131<\/h3>\n<p>B\u00fcy\u00fck sipari\u015fler i\u00e7in taban ve milleri ayr\u0131 ayr\u0131 tedarik etmeyi \u00f6neriyoruz<br \/>\nAvantaj\u0131, bir\u00e7ok farkl\u0131 boyutta i\u011f kullanan m\u00fc\u015fteri i\u00e7in esnekliktir.<\/p>\n<h2 data-start=\"0\" data-end=\"84\">2 Zemin Kilitleme Plakas\u0131 ve Kapal\u0131 Korumal\u0131 Mil ile Hijyenik Dengeleme Ayaklar\u0131<\/h2>\n<h3 data-start=\"86\" data-end=\"154\">Temiz Ortamlarda Hijyenik Dengeleme Ayaklar\u0131n\u0131n \u00d6nemi<\/h3>\n<p data-start=\"155\" data-end=\"457\"><a href=\"https:\/\/nhkmachineryparts.com\/tr\/product-line\/stainless-steel-solid-base-feet\/\" data-internallinksmanager029f6b8e52c=\"17\" title=\"Sa\u011flam taban plakal\u0131 makine tesviye ayaklar\u0131\">Hijyenik dengeleme ayaklar\u0131<\/a> \u00f6nemli bir rol oynamak <a href=\"https:\/\/nhkmachineryparts.com\/tr\/our-industries\/\" data-internallinksmanager029f6b8e52c=\"4\" title=\"End\u00fcstrilerimiz\">end\u00fcstriler<\/a> temizlik ve g\u00fcvenli\u011fin en \u00f6nemli \u00f6ncelik oldu\u011fu g\u0131da i\u015fleme, ila\u00e7lar ve biyoteknoloji gibi. Kirlenme risklerini en aza indirirken istikrarl\u0131 destek sa\u011flamak \u00fczere tasarlanan bu bile\u015fenler, makinelerin d\u00fcz ve g\u00fcvenli kalmas\u0131n\u0131 sa\u011flar.<\/p>\n<h3 data-start=\"459\" data-end=\"503\">\u00c7ift Zemin Kilitli Plakalar\u0131n Avantajlar\u0131<\/h3>\n<p data-start=\"504\" data-end=\"885\">Ayaklar\u0131 dengelemek <strong data-start=\"524\" data-end=\"552\">iki kat kilitleme plakas\u0131<\/strong> stabiliteyi art\u0131r\u0131r ve istenmeyen hareketi veya titre\u015fimi \u00f6nler. Bu tasar\u0131m, makinelerin operasyonel kesintilerden ka\u00e7\u0131nmak i\u00e7in sabit bir konumda kalmas\u0131 gereken yo\u011fun trafikli ortamlarda \u00f6zellikle faydal\u0131d\u0131r. Ek olarak, \u00e7ift kilitleme sistemi kir ve bakterilerin birikebilece\u011fi bo\u015fluklar\u0131 ortadan kald\u0131rarak hijyeni g\u00fc\u00e7lendirir.<\/p>\n<h3 data-start=\"887\" data-end=\"936\">Maksimum Hijyen i\u00e7in M\u00fch\u00fcrl\u00fc Korumal\u0131 Mil<\/h3>\n<p data-start=\"937\" data-end=\"1310\">A <strong data-start=\"939\" data-end=\"967\">m\u00fch\u00fcrl\u00fc korumal\u0131 mil<\/strong> kir, nem ve kirleticilerin kritik bile\u015fenlere n\u00fcfuz etmesini \u00f6nler. Bu \u00f6zellik bak\u0131m \u00e7abalar\u0131n\u0131 \u00f6nemli \u00f6l\u00e7\u00fcde azalt\u0131r ve tesviye aya\u011f\u0131n\u0131n \u00f6mr\u00fcn\u00fc uzat\u0131r. Hijyenin \u00e7ok \u00f6nemli oldu\u011fu end\u00fcstrilerde, tamamen kapal\u0131 bir mil, a\u015fa\u011f\u0131dakiler de dahil olmak \u00fczere s\u0131k\u0131 hijyen y\u00f6netmeliklerine uyumu sa\u011flar: <a href=\"https:\/\/nhkmachineryparts.com\/tr\/3a-ve-ehedg-arasindaki-fark-nedir\/\" data-internallinksmanager029f6b8e52c=\"2\" title=\"EHEDG Sertifikal\u0131 Makine Par\u00e7alar\u0131\">EHEDG<\/a> ve 3-A standartlar\u0131.<\/p>\n<h3 data-start=\"1312\" data-end=\"1364\">Hijyenik ve End\u00fcstriyel Sekt\u00f6rlerde Uygulamalar<\/h3>\n<p data-start=\"1365\" data-end=\"1641\">Bu geli\u015fmi\u015f dengeleme ayaklar\u0131 g\u0131da i\u015fleme hatlar\u0131nda, ila\u00e7 \u00fcretim tesislerinde ve paketleme makinelerinde yayg\u0131n olarak kullan\u0131l\u0131r. Hijyenik tasar\u0131mlar\u0131 d\u00fczenleyici gerekliliklere uyumu garanti eder ve onlar\u0131 temiz oda ve steril ortamlar i\u00e7in g\u00fcvenilir bir se\u00e7im haline getirir.<\/p>\n<h3 data-start=\"1643\" data-end=\"1696\">Sertifikal\u0131 Bile\u015fenlerle Performans\u0131 Optimize Etme<\/h3>\n<p data-start=\"1697\" data-end=\"1994\">Y\u00fcksek kaliteli malzemeden yap\u0131lm\u0131\u015f tesviye ayaklar\u0131 se\u00e7mek <strong data-start=\"1742\" data-end=\"1761\">paslanmaz \u00e7elik<\/strong> hijyenik s\u0131zd\u0131rmazl\u0131k malzemeleri dayan\u0131kl\u0131l\u0131k ve korozyon direnci sa\u011flar. Uygun zemin sabitleme ve temizlik protokolleriyle birle\u015ftirildi\u011finde, bu bile\u015fenler verimli, kontaminasyonsuz bir \u00fcretim ortam\u0131n\u0131n korunmas\u0131na yard\u0131mc\u0131 olur.<\/p>\n<h3 data-start=\"1697\" data-end=\"1994\">Optimum Operasyonel Verimlilik i\u00e7in \u00d6zelle\u015ftirilmi\u015f Hijyenik Dengeleme Ayaklar\u0131<\/h3>\n<p data-start=\"1697\" data-end=\"1994\">Faydalar\u0131 <a href=\"https:\/\/nhkmachineryparts.com\/tr\/product-line\/stainless-steel-solid-base-feet\/\" data-internallinksmanager029f6b8e52c=\"17\" title=\"Sa\u011flam taban plakal\u0131 makine tesviye ayaklar\u0131\">hijyenik tesviye ayaklar\u0131<\/a> 2 adet taban kilitleme plakas\u0131 ve s\u0131zd\u0131rmaz korumal\u0131 mil ile temiz ortamlarda ve end\u00fcstrilerde stabilite, dayan\u0131kl\u0131l\u0131k ve uyumlulu\u011fu garanti eder.<\/p>\n\n\t\t<\/div>\n\t<\/div>\n<\/div><\/div><\/div><\/div><\/div><\/section>","protected":false},"excerpt":{"rendered":"Boost Facility Hygiene with Advanced Levelling System Solutions Levelling feet in sealed hygienic design with rubber base for vibration reduction and anti-slip properties Our sealed hygienic levelling feet are provided with FDA certificate (FDA CFR 21 177 2600) with unique batch ID number for food safety traceability Try our product selector Levelling feet in sealed [...]","protected":false},"featured_media":12777,"template":"","meta":[],"product_brand":[],"product_cat":[98],"product_tag":[],"class_list":{"0":"post-12776","1":"product","2":"type-product","3":"status-publish","4":"has-post-thumbnail","6":"product_cat-ehedg-certified-3a-ssi-standard-components","8":"first","9":"instock","10":"shipping-taxable","11":"product-type-simple"},"yoast_head":"<!-- This site is optimized with the Yoast SEO plugin v27.3 - https:\/\/yoast.com\/product\/yoast-seo-wordpress\/ -->\n<title>3-A authorized levelling feet with 2 floor locking plates\u00a0<\/title>\n<meta name=\"description\" content=\"Elevate your facility\u2019s hygiene with precision-engineered levelling feet. Designed for maximum stability and performance. Ensure contamination control.\" \/>\n<meta name=\"robots\" content=\"index, follow, max-snippet:-1, max-image-preview:large, max-video-preview:-1\" \/>\n<link rel=\"canonical\" href=\"https:\/\/nhkmachineryparts.com\/tr\/urun\/2-zemin-kilitleme-plakasi-ve-muhurlu-korumali-mil-ile-hijyenik-dengeleme-ayaklari\/\" \/>\n<meta property=\"og:locale\" content=\"tr_TR\" \/>\n<meta property=\"og:type\" content=\"article\" \/>\n<meta property=\"og:title\" content=\"3-A authorized levelling feet with 2 floor locking plates\u00a0\" \/>\n<meta property=\"og:description\" content=\"Elevate your facility\u2019s hygiene with precision-engineered levelling feet. Designed for maximum stability and performance. Ensure contamination control.\" \/>\n<meta property=\"og:url\" content=\"https:\/\/nhkmachineryparts.com\/tr\/urun\/2-zemin-kilitleme-plakasi-ve-muhurlu-korumali-mil-ile-hijyenik-dengeleme-ayaklari\/\" \/>\n<meta property=\"og:site_name\" content=\"NHK Machinery Parts\" \/>\n<meta property=\"article:publisher\" content=\"https:\/\/www.facebook.com\/NHK.Group.aps\" \/>\n<meta property=\"article:modified_time\" content=\"2026-02-27T14:03:33+00:00\" \/>\n<meta property=\"og:image\" content=\"https:\/\/nhkmachineryparts.com\/wp-content\/uploads\/2024\/11\/HLF-x2-3A-1.jpg\" \/>\n\t<meta property=\"og:image:width\" content=\"1000\" \/>\n\t<meta property=\"og:image:height\" content=\"1000\" \/>\n\t<meta property=\"og:image:type\" content=\"image\/jpeg\" \/>\n<meta name=\"twitter:card\" content=\"summary_large_image\" \/>\n<meta name=\"twitter:label1\" content=\"Tahmini okuma s\u00fcresi\" \/>\n\t<meta name=\"twitter:data1\" content=\"4 dakika\" \/>\n<script type=\"application\/ld+json\" class=\"yoast-schema-graph\">{\"@context\":\"https:\\\/\\\/schema.org\",\"@graph\":[{\"@type\":\"WebPage\",\"@id\":\"https:\\\/\\\/nhkmachineryparts.com\\\/product\\\/hygienic-levelling-feet-with-2-floor-locking-plates-and-sealed-protected-spindle\\\/\",\"url\":\"https:\\\/\\\/nhkmachineryparts.com\\\/product\\\/hygienic-levelling-feet-with-2-floor-locking-plates-and-sealed-protected-spindle\\\/\",\"name\":\"3-A authorized levelling feet with 2 floor locking plates\u00a0\",\"isPartOf\":{\"@id\":\"https:\\\/\\\/nhkmachineryparts.com\\\/#website\"},\"primaryImageOfPage\":{\"@id\":\"https:\\\/\\\/nhkmachineryparts.com\\\/product\\\/hygienic-levelling-feet-with-2-floor-locking-plates-and-sealed-protected-spindle\\\/#primaryimage\"},\"image\":{\"@id\":\"https:\\\/\\\/nhkmachineryparts.com\\\/product\\\/hygienic-levelling-feet-with-2-floor-locking-plates-and-sealed-protected-spindle\\\/#primaryimage\"},\"thumbnailUrl\":\"https:\\\/\\\/nhkmachineryparts.com\\\/wp-content\\\/uploads\\\/2024\\\/11\\\/HLF-x2-3A-1.jpg\",\"datePublished\":\"2024-11-09T20:35:55+00:00\",\"dateModified\":\"2026-02-27T14:03:33+00:00\",\"description\":\"Elevate your facility\u2019s hygiene with precision-engineered levelling feet. Designed for maximum stability and performance. Ensure contamination control.\",\"breadcrumb\":{\"@id\":\"https:\\\/\\\/nhkmachineryparts.com\\\/product\\\/hygienic-levelling-feet-with-2-floor-locking-plates-and-sealed-protected-spindle\\\/#breadcrumb\"},\"inLanguage\":\"tr\",\"potentialAction\":[{\"@type\":\"ReadAction\",\"target\":[\"https:\\\/\\\/nhkmachineryparts.com\\\/product\\\/hygienic-levelling-feet-with-2-floor-locking-plates-and-sealed-protected-spindle\\\/\"]}]},{\"@type\":\"ImageObject\",\"inLanguage\":\"tr\",\"@id\":\"https:\\\/\\\/nhkmachineryparts.com\\\/product\\\/hygienic-levelling-feet-with-2-floor-locking-plates-and-sealed-protected-spindle\\\/#primaryimage\",\"url\":\"https:\\\/\\\/nhkmachineryparts.com\\\/wp-content\\\/uploads\\\/2024\\\/11\\\/HLF-x2-3A-1.jpg\",\"contentUrl\":\"https:\\\/\\\/nhkmachineryparts.com\\\/wp-content\\\/uploads\\\/2024\\\/11\\\/HLF-x2-3A-1.jpg\",\"width\":1000,\"height\":1000,\"caption\":\"Hygienic levelling feet with 2 floor locking plates\u00a0and sealed protected spindle\"},{\"@type\":\"BreadcrumbList\",\"@id\":\"https:\\\/\\\/nhkmachineryparts.com\\\/product\\\/hygienic-levelling-feet-with-2-floor-locking-plates-and-sealed-protected-spindle\\\/#breadcrumb\",\"itemListElement\":[{\"@type\":\"ListItem\",\"position\":1,\"name\":\"Home\",\"item\":\"https:\\\/\\\/nhkmachineryparts.com\\\/\"},{\"@type\":\"ListItem\",\"position\":2,\"name\":\"Product line\",\"item\":\"https:\\\/\\\/nhkmachineryparts.com\\\/product-line\\\/\"},{\"@type\":\"ListItem\",\"position\":3,\"name\":\"Certified EHEDG standard components\",\"item\":\"https:\\\/\\\/nhkmachineryparts.com\\\/product-line\\\/ehedg-certified-3a-ssi-standard-components\\\/\"},{\"@type\":\"ListItem\",\"position\":4,\"name\":\"3-A authorized levelling feet with 2 floor locking plates\u00a0\"}]},{\"@type\":\"WebSite\",\"@id\":\"https:\\\/\\\/nhkmachineryparts.com\\\/#website\",\"url\":\"https:\\\/\\\/nhkmachineryparts.com\\\/\",\"name\":\"NHK Machinery Parts\",\"description\":\"Bearing Houses, seismic levelling feet and levelling castors\",\"publisher\":{\"@id\":\"https:\\\/\\\/nhkmachineryparts.com\\\/#organization\"},\"potentialAction\":[{\"@type\":\"SearchAction\",\"target\":{\"@type\":\"EntryPoint\",\"urlTemplate\":\"https:\\\/\\\/nhkmachineryparts.com\\\/?s={search_term_string}\"},\"query-input\":{\"@type\":\"PropertyValueSpecification\",\"valueRequired\":true,\"valueName\":\"search_term_string\"}}],\"inLanguage\":\"tr\"},{\"@type\":\"Organization\",\"@id\":\"https:\\\/\\\/nhkmachineryparts.com\\\/#organization\",\"name\":\"Nhk Group ApS\",\"url\":\"https:\\\/\\\/nhkmachineryparts.com\\\/\",\"logo\":{\"@type\":\"ImageObject\",\"inLanguage\":\"tr\",\"@id\":\"https:\\\/\\\/nhkmachineryparts.com\\\/#\\\/schema\\\/logo\\\/image\\\/\",\"url\":\"https:\\\/\\\/nhkmachineryparts.com\\\/wp-content\\\/uploads\\\/2022\\\/09\\\/NHKgroup_social.jpg\",\"contentUrl\":\"https:\\\/\\\/nhkmachineryparts.com\\\/wp-content\\\/uploads\\\/2022\\\/09\\\/NHKgroup_social.jpg\",\"width\":1200,\"height\":630,\"caption\":\"Nhk Group ApS\"},\"image\":{\"@id\":\"https:\\\/\\\/nhkmachineryparts.com\\\/#\\\/schema\\\/logo\\\/image\\\/\"},\"sameAs\":[\"https:\\\/\\\/www.facebook.com\\\/NHK.Group.aps\"]}]}<\/script>\n<!-- \/ Yoast SEO plugin. -->","yoast_head_json":{"title":"3-A authorized levelling feet with 2 floor locking plates\u00a0","description":"Tesisinizin hijyenini hassas m\u00fchendislikle tasarlanm\u0131\u015f dengeleme ayaklar\u0131yla y\u00fckseltin. Maksimum denge ve performans i\u00e7in tasarlanm\u0131\u015ft\u0131r. Kirlenme kontrol\u00fcn\u00fc garantileyin.","robots":{"index":"index","follow":"follow","max-snippet":"max-snippet:-1","max-image-preview":"max-image-preview:large","max-video-preview":"max-video-preview:-1"},"canonical":"https:\/\/nhkmachineryparts.com\/tr\/urun\/2-zemin-kilitleme-plakasi-ve-muhurlu-korumali-mil-ile-hijyenik-dengeleme-ayaklari\/","og_locale":"tr_TR","og_type":"article","og_title":"3-A authorized levelling feet with 2 floor locking plates\u00a0","og_description":"Elevate your facility\u2019s hygiene with precision-engineered levelling feet. Designed for maximum stability and performance. Ensure contamination control.","og_url":"https:\/\/nhkmachineryparts.com\/tr\/urun\/2-zemin-kilitleme-plakasi-ve-muhurlu-korumali-mil-ile-hijyenik-dengeleme-ayaklari\/","og_site_name":"NHK Machinery Parts","article_publisher":"https:\/\/www.facebook.com\/NHK.Group.aps","article_modified_time":"2026-02-27T14:03:33+00:00","og_image":[{"width":1000,"height":1000,"url":"https:\/\/nhkmachineryparts.com\/wp-content\/uploads\/2024\/11\/HLF-x2-3A-1.jpg","type":"image\/jpeg"}],"twitter_card":"summary_large_image","twitter_misc":{"Tahmini okuma s\u00fcresi":"4 dakika"},"schema":{"@context":"https:\/\/schema.org","@graph":[{"@type":"WebPage","@id":"https:\/\/nhkmachineryparts.com\/product\/hygienic-levelling-feet-with-2-floor-locking-plates-and-sealed-protected-spindle\/","url":"https:\/\/nhkmachineryparts.com\/product\/hygienic-levelling-feet-with-2-floor-locking-plates-and-sealed-protected-spindle\/","name":"3-A authorized levelling feet with 2 floor locking plates\u00a0","isPartOf":{"@id":"https:\/\/nhkmachineryparts.com\/#website"},"primaryImageOfPage":{"@id":"https:\/\/nhkmachineryparts.com\/product\/hygienic-levelling-feet-with-2-floor-locking-plates-and-sealed-protected-spindle\/#primaryimage"},"image":{"@id":"https:\/\/nhkmachineryparts.com\/product\/hygienic-levelling-feet-with-2-floor-locking-plates-and-sealed-protected-spindle\/#primaryimage"},"thumbnailUrl":"https:\/\/nhkmachineryparts.com\/wp-content\/uploads\/2024\/11\/HLF-x2-3A-1.jpg","datePublished":"2024-11-09T20:35:55+00:00","dateModified":"2026-02-27T14:03:33+00:00","description":"Tesisinizin hijyenini hassas m\u00fchendislikle tasarlanm\u0131\u015f dengeleme ayaklar\u0131yla y\u00fckseltin. Maksimum denge ve performans i\u00e7in tasarlanm\u0131\u015ft\u0131r. Kirlenme kontrol\u00fcn\u00fc garantileyin.","breadcrumb":{"@id":"https:\/\/nhkmachineryparts.com\/product\/hygienic-levelling-feet-with-2-floor-locking-plates-and-sealed-protected-spindle\/#breadcrumb"},"inLanguage":"tr","potentialAction":[{"@type":"ReadAction","target":["https:\/\/nhkmachineryparts.com\/product\/hygienic-levelling-feet-with-2-floor-locking-plates-and-sealed-protected-spindle\/"]}]},{"@type":"ImageObject","inLanguage":"tr","@id":"https:\/\/nhkmachineryparts.com\/product\/hygienic-levelling-feet-with-2-floor-locking-plates-and-sealed-protected-spindle\/#primaryimage","url":"https:\/\/nhkmachineryparts.com\/wp-content\/uploads\/2024\/11\/HLF-x2-3A-1.jpg","contentUrl":"https:\/\/nhkmachineryparts.com\/wp-content\/uploads\/2024\/11\/HLF-x2-3A-1.jpg","width":1000,"height":1000,"caption":"Hygienic levelling feet with 2 floor locking plates\u00a0and sealed protected spindle"},{"@type":"BreadcrumbList","@id":"https:\/\/nhkmachineryparts.com\/product\/hygienic-levelling-feet-with-2-floor-locking-plates-and-sealed-protected-spindle\/#breadcrumb","itemListElement":[{"@type":"ListItem","position":1,"name":"Home","item":"https:\/\/nhkmachineryparts.com\/"},{"@type":"ListItem","position":2,"name":"Product line","item":"https:\/\/nhkmachineryparts.com\/product-line\/"},{"@type":"ListItem","position":3,"name":"Certified EHEDG standard components","item":"https:\/\/nhkmachineryparts.com\/product-line\/ehedg-certified-3a-ssi-standard-components\/"},{"@type":"ListItem","position":4,"name":"3-A authorized levelling feet with 2 floor locking plates\u00a0"}]},{"@type":"WebSite","@id":"https:\/\/nhkmachineryparts.com\/#website","url":"https:\/\/nhkmachineryparts.com\/","name":"NHK Makine Par\u00e7alar\u0131","description":"Rulman Yataklar\u0131, sismik tesviye ayaklar\u0131 ve tesviye tekerlekleri","publisher":{"@id":"https:\/\/nhkmachineryparts.com\/#organization"},"potentialAction":[{"@type":"SearchAction","target":{"@type":"EntryPoint","urlTemplate":"https:\/\/nhkmachineryparts.com\/?s={search_term_string}"},"query-input":{"@type":"PropertyValueSpecification","valueRequired":true,"valueName":"search_term_string"}}],"inLanguage":"tr"},{"@type":"Organization","@id":"https:\/\/nhkmachineryparts.com\/#organization","name":"NHK Grup ApS","url":"https:\/\/nhkmachineryparts.com\/","logo":{"@type":"ImageObject","inLanguage":"tr","@id":"https:\/\/nhkmachineryparts.com\/#\/schema\/logo\/image\/","url":"https:\/\/nhkmachineryparts.com\/wp-content\/uploads\/2022\/09\/NHKgroup_social.jpg","contentUrl":"https:\/\/nhkmachineryparts.com\/wp-content\/uploads\/2022\/09\/NHKgroup_social.jpg","width":1200,"height":630,"caption":"Nhk Group ApS"},"image":{"@id":"https:\/\/nhkmachineryparts.com\/#\/schema\/logo\/image\/"},"sameAs":["https:\/\/www.facebook.com\/NHK.Group.aps"]}]}},"_links":{"self":[{"href":"https:\/\/nhkmachineryparts.com\/tr\/wp-json\/wp\/v2\/product\/12776","targetHints":{"allow":["GET"]}}],"collection":[{"href":"https:\/\/nhkmachineryparts.com\/tr\/wp-json\/wp\/v2\/product"}],"about":[{"href":"https:\/\/nhkmachineryparts.com\/tr\/wp-json\/wp\/v2\/types\/product"}],"wp:featuredmedia":[{"embeddable":true,"href":"https:\/\/nhkmachineryparts.com\/tr\/wp-json\/wp\/v2\/media\/12777"}],"wp:attachment":[{"href":"https:\/\/nhkmachineryparts.com\/tr\/wp-json\/wp\/v2\/media?parent=12776"}],"wp:term":[{"taxonomy":"product_brand","embeddable":true,"href":"https:\/\/nhkmachineryparts.com\/tr\/wp-json\/wp\/v2\/product_brand?post=12776"},{"taxonomy":"product_cat","embeddable":true,"href":"https:\/\/nhkmachineryparts.com\/tr\/wp-json\/wp\/v2\/product_cat?post=12776"},{"taxonomy":"product_tag","embeddable":true,"href":"https:\/\/nhkmachineryparts.com\/tr\/wp-json\/wp\/v2\/product_tag?post=12776"}],"curies":[{"name":"wp","href":"https:\/\/api.w.org\/{rel}","templated":true}]}}