{"id":12772,"date":"2024-11-09T22:14:26","date_gmt":"2024-11-09T20:14:26","guid":{"rendered":"https:\/\/nhkmachineryparts.com\/?post_type=product&#038;p=12772"},"modified":"2026-02-23T13:35:13","modified_gmt":"2026-02-23T11:35:13","slug":"2-zemin-kilitleme-plakasi-ve-korumali-mil-ile-hijyenik-makine-ayaklari","status":"publish","type":"product","link":"https:\/\/nhkmachineryparts.com\/tr\/product\/hygienic-machine-feet-with-2-floor-locking-plates-and-protected-spindle\/","title":{"rendered":"2 taban kilitleme plakal\u0131 ve korumal\u0131 mil ile hijyenik makine ayaklar\u0131"},"content":{"rendered":"<section class=\"vc_row vc_custom_1662993827263 liquid-row-shadowbox-69d411f651d12 vc_column-gap-0\"><div class=\"ld-container container\"><div class=\"row ld-row ld-row-outer\"><div class=\"wpb_column vc_column_container vc_col-sm-12 liquid-column-69d411f651e9a\"><div class=\"vc_column-inner\" ><div class=\"wpb_wrapper\"  >\n\t<div class=\"wpb_text_column wpb_content_element\" >\n\t\t<div class=\"wpb_wrapper\">\n\t\t\t<h2>End\u00fcstriyel Uygulamalarda \u0130stikrar ve Temizli\u011fin Sa\u011flanmas\u0131<\/h2>\n<p><a href=\"https:\/\/nhkmachineryparts.com\/tr\/urun\/301-makine-ayakli-muhurlu-hijyenik-tasarimli-shmf-zemin-kilit-plakali\/\" data-internallinksmanager029f6b8e52c=\"20\" title=\"makine ayaklar\u0131\">Makine ayaklar\u0131<\/a> Titre\u015fimi azaltma ve kaymay\u0131 \u00f6nleme \u00f6zellikleri i\u00e7in kau\u00e7uk tabanl\u0131 hijyenik tasar\u0131m<br \/>\nEkstra hijyenik makine ayaklar\u0131m\u0131z, g\u0131da g\u00fcvenli\u011fi izlenebilirli\u011fi i\u00e7in benzersiz parti kimlik numaras\u0131na sahip FDA sertifikas\u0131na (FDA CFR 21 177 2600) sahiptir.<\/p>\n<p><a href=\"https:\/\/nhkmachineryparts.com\/tr\/magaza\/urun-hatti\/hijyenik-tasarimli-makine-dengeleme-ayaklari\/sanitary-machine-feet-with-protected-spindle\/\">\u00dcr\u00fcn se\u00e7icimizi deneyin<\/a><\/p>\n<h3>Hijyenik tasar\u0131ml\u0131 makine ayaklar\u0131 \u00f6zellikleri ve avantajlar\u0131<\/h3>\n<p>Hijyenik makine ayaklar\u0131, temizli\u011fi kolayla\u015ft\u0131ran yuvarlak ve hijyenik bir tasar\u0131ma sahiptir.<br \/>\nHijyenik makine ayaklar\u0131, zemin ve ekipmanlardaki 10 dereceye kadar e\u011fimlerle ba\u015fa \u00e7\u0131kabilir.<\/p>\n<h3>Hijyenik tasar\u0131m malzemelerinden yap\u0131lm\u0131\u015f makine ayaklar\u0131<\/h3>\n<p>FDA CFR 21 177 2600&#039;e g\u00f6re FDA sertifikal\u0131 hijyenik makine ayaklar\u0131 vulkanize kau\u00e7uk par\u00e7a.<\/p>\n<p>Taban plakas\u0131 malzemesi a\u00e7\u0131klamas\u0131:<br \/>\nPaslanmaz \u00e7elik Aisi 304 veya Aisi 316<\/p>\n<p>Mil malzemesi a\u00e7\u0131klamas\u0131:<br \/>\nPaslanmaz \u00e7elik A2-70 veya A4-70<\/p>\n<p>Kau\u00e7uk taban malzemesi a\u00e7\u0131klamas\u0131:<br \/>\nNBR Kau\u00e7uk (Nitril kau\u00e7uk CAS no. 9005-98-5)<br \/>\nFDA CFR 21 177 2600&#039;e g\u00f6re FDA Sertifikas\u0131<\/p>\n<p>T\u00fcm malzemeler kimyasallara, yayg\u0131n olarak uygulanan temizlik maddelerine ve kat\u0131 ve s\u0131v\u0131 ya\u011flara kar\u015f\u0131 olduk\u00e7a dayan\u0131kl\u0131d\u0131r.<\/p>\n<h3>Hijyenik tasar\u0131m boyutlar\u0131nda makine ayaklar\u0131<\/h3>\n<p>Hijyenik makine ayak tabanlar\u0131 geni\u015f bir yelpazede mevcut olup, optimum esneklik ve se\u00e7im olana\u011f\u0131 sa\u011flar.<\/p>\n<table class=\"dcf-table dcf-table-responsive dcf-table-bordered dcf-w-100%\">\n<thead>\n<tr>\n<th scope=\"col\">Temel tip<\/th>\n<th scope=\"col\">Taban \u00c7ap\u0131 D<\/th>\n<th scope=\"col\">Nom. Y\u00fck<\/th>\n<\/tr>\n<\/thead>\n<tbody>\n<tr>\n<td data-label=\"HMF Base Size\">HMF62<\/td>\n<td data-label=\"Base Diameter D\">60 mm<\/td>\n<td data-label=\"Nom. Load \">7.000 N<\/td>\n<\/tr>\n<tr>\n<td data-label=\"HMF Base Size\">HMF82<\/td>\n<td data-label=\"Base Diameter D\">80mm<\/td>\n<td data-label=\"Nom. Load \">15.000 N<\/td>\n<\/tr>\n<tr>\n<td data-label=\"HMF Base Size\">HMF102<\/td>\n<td data-label=\"Base Diameter D\">100 mm<\/td>\n<td data-label=\"Nom. Load \">20.000 N<\/td>\n<\/tr>\n<tr>\n<td data-label=\"HMF Base Size\">HMF122<\/td>\n<td data-label=\"Base Diameter D\">120mm<\/td>\n<td data-label=\"Nom. Load \">30.000 N<\/td>\n<\/tr>\n<\/tbody>\n<\/table>\n<p>Hijyenik makine aya\u011f\u0131 mili, koruyucu k\u0131l\u0131f ile birlikte geni\u015f bir yelpazede mevcuttur, optimum esneklik ve se\u00e7im imkan\u0131 sunar.<\/p>\n<div class=\"dcf-overflow-x-auto\" tabindex=\"0\">\n<table class=\"dcf-table dcf-table-bordered dcf-w-100%\">\n<caption>EHMF Mil ve man\u015fon \u00e7ap\u0131<\/caption>\n<tbody>\n<tr>\n<td>M16<\/td>\n<td>M20<\/td>\n<td>M24<\/td>\n<td>M30<\/td>\n<td>M36<\/td>\n<td>M42<\/td>\n<td>M48<\/td>\n<\/tr>\n<\/tbody>\n<\/table>\n<\/div>\n<div class=\"dcf-overflow-x-auto\" tabindex=\"0\">\n<table class=\"dcf-table dcf-table-bordered dcf-w-100%\">\n<caption>EHMF Mil uzunlu\u011fu (L) ve Kovan uzunlu\u011fu (H)<\/caption>\n<tbody>\n<tr>\n<td>U=135 mm Y=55 mm<\/td>\n<td>Min 80 mm&#039;den Max 120 mm&#039;ye<\/td>\n<\/tr>\n<tr>\n<td>U=175 mm Y=75 mm<\/td>\n<td>Min 100 mm&#039;den Maksimum 160 mm&#039;ye<\/td>\n<\/tr>\n<tr>\n<td>U=215 mm Y=95 mm<\/td>\n<td>Min 120 mm&#039;den Max 200 mm&#039;ye<\/td>\n<\/tr>\n<tr>\n<td>U=255 mm Y=115 mm<\/td>\n<td>Min 140 mm&#039;den Maksimum 240 mm&#039;ye<\/td>\n<\/tr>\n<tr>\n<td>U=295 mm Y=125 mm<\/td>\n<td>Min 180 mm&#039;den Maksimum 280 mm&#039;ye<\/td>\n<\/tr>\n<\/tbody>\n<\/table>\n<\/div>\n<p>Di\u011fer di\u015fli mil uzunlu\u011fu (L) i\u00e7in l\u00fctfen bizimle ileti\u015fime ge\u00e7in.<br \/>\n\u0130stek \u00fczerine in\u00e7 cinsinden di\u015fler mevcuttur<br \/>\n\u0130plik ayr\u0131ca \u00f6zel iste\u011fe g\u00f6re \u00f6zelle\u015ftirilebilir, eski trapez iplik vb.<\/p>\n<h3>Hijyenik tasar\u0131ml\u0131 makine ayaklar\u0131 teslimat se\u00e7ene\u011fi<\/h3>\n<p>B\u00fcy\u00fck sipari\u015fler i\u00e7in taban ve milleri ayr\u0131 ayr\u0131 tedarik etmeyi \u00f6neriyoruz<br \/>\nAvantaj\u0131, bir\u00e7ok farkl\u0131 boyutta i\u011f kullanan m\u00fc\u015fteri i\u00e7in esnekliktir.<\/p>\n<h2 data-start=\"0\" data-end=\"140\">\u0130ki Zemin Kilitleme Plakal\u0131 ve Korumal\u0131 Mil ile Hijyenik Makine Ayaklar\u0131<\/h2>\n<h3 data-start=\"142\" data-end=\"196\">\u0130ki Zemin Kilitleme Plakas\u0131yla Geli\u015ftirilmi\u015f Stabilite<\/h3>\n<p data-start=\"198\" data-end=\"594\">G\u0131da i\u015fleme, ila\u00e7 ve biyoteknolojide denge ve titre\u015fim kontrol\u00fcn\u00fcn sa\u011flanmas\u0131 i\u00e7in iki adet taban kilitleme plakas\u0131na sahip hijyenik makine ayaklar\u0131 olmazsa olmazd\u0131r <a href=\"https:\/\/nhkmachineryparts.com\/tr\/our-industries\/\" data-internallinksmanager029f6b8e52c=\"4\" title=\"End\u00fcstrilerimiz\">end\u00fcstriler<\/a>. \u0130ki kilitleme plakas\u0131, ekipman\u0131n g\u00fcvenli bir \u015fekilde sabitlenmesini sa\u011flayarak \u00e7al\u0131\u015fma s\u0131ras\u0131nda istenmeyen hareketleri \u00f6nler. Bu tasar\u0131m, hassasiyet ve g\u00fcvenli\u011fin en \u00f6nemli oldu\u011fu ortamlarda \u00f6zellikle faydal\u0131d\u0131r.<\/p>\n<h3 data-start=\"596\" data-end=\"638\">Optimum Hijyen \u0130\u00e7in Korunmu\u015f Mil<\/h3>\n<p data-start=\"640\" data-end=\"1007\">Bu makine ayaklar\u0131n\u0131n temel bir \u00f6zelli\u011fi, kir, toz ve kirleticilerin birikmesini \u00f6nleyen korumal\u0131 mildir. Kapal\u0131 mil tasar\u0131m\u0131, yaln\u0131zca bile\u015fenin kullan\u0131m \u00f6mr\u00fcn\u00fc uzatmakla kalmaz, ayn\u0131 zamanda a\u015fa\u011f\u0131dakiler gibi s\u0131k\u0131 hijyen standartlar\u0131na uyumu da sa\u011flar: <a href=\"https:\/\/nhkmachineryparts.com\/tr\/3a-ve-ehedg-arasindaki-fark-nedir\/\" data-internallinksmanager029f6b8e52c=\"2\" title=\"EHEDG Sertifikal\u0131 Makine Par\u00e7alar\u0131\">EHEDG<\/a> ve 3-A. Bu, temizlik ve sanitasyonun kritik oldu\u011fu end\u00fcstriler i\u00e7in idealdir.<\/p>\n<h3 data-start=\"1009\" data-end=\"1062\">Korozyona Dayan\u0131kl\u0131 Paslanmaz \u00c7elik Yap\u0131<\/h3>\n<p data-start=\"1064\" data-end=\"1387\">Y\u00fcksek kaliteli paslanmaz \u00e7elikten \u00fcretilen bu makine ayaklar\u0131 m\u00fckemmel korozyon direnci sunar ve bu sayede y\u0131kama alanlar\u0131 ve zorlu ortamlar i\u00e7in uygundur. Paslanmaz \u00e7elik malzeme temizlenmesi kolayd\u0131r ve ekipman\u0131n uzun vadeli performans ve g\u00fcvenilirli\u011fini korurken g\u0131da g\u00fcvenli\u011fi y\u00f6netmeliklerine uymas\u0131n\u0131 sa\u011flar.<\/p>\n<h3 data-start=\"1389\" data-end=\"1427\">Kolay Kurulum ve Bak\u0131m<\/h3>\n<p data-start=\"1429\" data-end=\"1817\">\u0130ki zemin kilitleme plakas\u0131na sahip hijyenik makine ayaklar\u0131, h\u0131zl\u0131 ve kolay kurulum i\u00e7in tasarlanm\u0131\u015ft\u0131r. Ayarlanabilir y\u00fckseklik \u00f6zelli\u011fi, hassas seviyelendirmeye olanak tan\u0131r ve makinenin engebeli y\u00fczeylerde do\u011fru \u015fekilde \u00e7al\u0131\u015fmas\u0131n\u0131 sa\u011flar. Ayr\u0131ca, d\u00fc\u015f\u00fck bak\u0131m gerektiren tasar\u0131m, duru\u015f s\u00fcresini azalt\u0131r ve genel \u00fcretkenli\u011fi art\u0131rarak bunlar\u0131 end\u00fcstriyel uygulamalar i\u00e7in uygun maliyetli bir se\u00e7im haline getirir.<\/p>\n<h3 data-start=\"1819\" data-end=\"2067\"><strong data-start=\"3\" data-end=\"77\" data-is-only-node=\"\">\u0130stikrar\u0131 Maksimize Edin ve <\/strong><strong data-start=\"84\" data-end=\"196\" data-is-last-node=\"\" data-is-only-node=\"\">Ekipman\u0131n\u0131z\u0131 G\u00fcvence Alt\u0131na Al\u0131n<\/strong><\/h3>\n<p data-start=\"1819\" data-end=\"2067\" data-is-last-node=\"\" data-is-only-node=\"\">G\u0131da, ila\u00e7 ve biyoteknoloji end\u00fcstrileri i\u00e7in geli\u015fmi\u015f stabilite, optimum hijyen ve kolay bak\u0131m sunan iki taban kilitleme plakas\u0131 ve korumal\u0131 bir mile sahip hijyenik makine ayaklar\u0131n\u0131n faydalar\u0131n\u0131 ke\u015ffedin.<\/p>\n\n\t\t<\/div>\n\t<\/div>\n<\/div><\/div><\/div><\/div><\/div><\/section>","protected":false},"excerpt":{"rendered":"Ensuring Stability and Cleanliness in Industrial Applications Machine feet in hygienic design with rubber base for vibration reduction and anti-slip properties Our extra hygienic machine feet are provided with FDA certificate (FDA CFR 21 177 2600) with unique batch ID number for food safety traceability Try our product selector Machine feet in hygienic design features [...]","protected":false},"featured_media":12773,"template":"","meta":[],"product_brand":[],"product_cat":[18],"product_tag":[],"class_list":{"0":"post-12772","1":"product","2":"type-product","3":"status-publish","4":"has-post-thumbnail","6":"product_cat-stainless-steel-machine-levelling-feet","8":"first","9":"instock","10":"shipping-taxable","11":"product-type-simple"},"yoast_head":"<!-- This site is optimized with the Yoast SEO plugin v27.3 - https:\/\/yoast.com\/product\/yoast-seo-wordpress\/ -->\n<title>Hygienic machine feet\u00a0with 2 floor locking plates\u00a0and protected spindle | NHK Machinery Parts<\/title>\n<meta name=\"description\" content=\"In industries where stability and durability are essential, hygienic machine feet with two floor locking plates and protected spindle offers reliability.\" \/>\n<meta name=\"robots\" content=\"index, follow, max-snippet:-1, max-image-preview:large, max-video-preview:-1\" \/>\n<link rel=\"canonical\" href=\"https:\/\/nhkmachineryparts.com\/tr\/urun\/2-zemin-kilitleme-plakasi-ve-korumali-mil-ile-hijyenik-makine-ayaklari\/\" \/>\n<meta property=\"og:locale\" content=\"tr_TR\" \/>\n<meta property=\"og:type\" content=\"article\" \/>\n<meta property=\"og:title\" content=\"Hygienic machine feet\u00a0with 2 floor locking plates\u00a0and protected spindle | NHK Machinery Parts\" \/>\n<meta property=\"og:description\" content=\"In industries where stability and durability are essential, hygienic machine feet with two floor locking plates and protected spindle offers reliability.\" \/>\n<meta property=\"og:url\" content=\"https:\/\/nhkmachineryparts.com\/tr\/urun\/2-zemin-kilitleme-plakasi-ve-korumali-mil-ile-hijyenik-makine-ayaklari\/\" \/>\n<meta property=\"og:site_name\" content=\"NHK Machinery Parts\" \/>\n<meta property=\"article:publisher\" content=\"https:\/\/www.facebook.com\/NHK.Group.aps\" \/>\n<meta property=\"article:modified_time\" content=\"2026-02-23T11:35:13+00:00\" \/>\n<meta property=\"og:image\" content=\"https:\/\/nhkmachineryparts.com\/wp-content\/uploads\/2024\/11\/HMF-x2-LC-1.jpg\" \/>\n\t<meta property=\"og:image:width\" content=\"1000\" \/>\n\t<meta property=\"og:image:height\" content=\"1000\" \/>\n\t<meta property=\"og:image:type\" content=\"image\/jpeg\" \/>\n<meta name=\"twitter:card\" content=\"summary_large_image\" \/>\n<meta name=\"twitter:label1\" content=\"Tahmini okuma s\u00fcresi\" \/>\n\t<meta name=\"twitter:data1\" content=\"4 dakika\" \/>\n<script type=\"application\/ld+json\" class=\"yoast-schema-graph\">{\"@context\":\"https:\\\/\\\/schema.org\",\"@graph\":[{\"@type\":\"WebPage\",\"@id\":\"https:\\\/\\\/nhkmachineryparts.com\\\/product\\\/hygienic-machine-feet-with-2-floor-locking-plates-and-protected-spindle\\\/\",\"url\":\"https:\\\/\\\/nhkmachineryparts.com\\\/product\\\/hygienic-machine-feet-with-2-floor-locking-plates-and-protected-spindle\\\/\",\"name\":\"Hygienic machine feet\u00a0with 2 floor locking plates\u00a0and protected spindle | NHK Machinery Parts\",\"isPartOf\":{\"@id\":\"https:\\\/\\\/nhkmachineryparts.com\\\/#website\"},\"primaryImageOfPage\":{\"@id\":\"https:\\\/\\\/nhkmachineryparts.com\\\/product\\\/hygienic-machine-feet-with-2-floor-locking-plates-and-protected-spindle\\\/#primaryimage\"},\"image\":{\"@id\":\"https:\\\/\\\/nhkmachineryparts.com\\\/product\\\/hygienic-machine-feet-with-2-floor-locking-plates-and-protected-spindle\\\/#primaryimage\"},\"thumbnailUrl\":\"https:\\\/\\\/nhkmachineryparts.com\\\/wp-content\\\/uploads\\\/2024\\\/11\\\/HMF-x2-LC-1.jpg\",\"datePublished\":\"2024-11-09T20:14:26+00:00\",\"dateModified\":\"2026-02-23T11:35:13+00:00\",\"description\":\"In industries where stability and durability are essential, hygienic machine feet with two floor locking plates and protected spindle offers reliability.\",\"breadcrumb\":{\"@id\":\"https:\\\/\\\/nhkmachineryparts.com\\\/product\\\/hygienic-machine-feet-with-2-floor-locking-plates-and-protected-spindle\\\/#breadcrumb\"},\"inLanguage\":\"tr\",\"potentialAction\":[{\"@type\":\"ReadAction\",\"target\":[\"https:\\\/\\\/nhkmachineryparts.com\\\/product\\\/hygienic-machine-feet-with-2-floor-locking-plates-and-protected-spindle\\\/\"]}]},{\"@type\":\"ImageObject\",\"inLanguage\":\"tr\",\"@id\":\"https:\\\/\\\/nhkmachineryparts.com\\\/product\\\/hygienic-machine-feet-with-2-floor-locking-plates-and-protected-spindle\\\/#primaryimage\",\"url\":\"https:\\\/\\\/nhkmachineryparts.com\\\/wp-content\\\/uploads\\\/2024\\\/11\\\/HMF-x2-LC-1.jpg\",\"contentUrl\":\"https:\\\/\\\/nhkmachineryparts.com\\\/wp-content\\\/uploads\\\/2024\\\/11\\\/HMF-x2-LC-1.jpg\",\"width\":1000,\"height\":1000,\"caption\":\"Hygienic machine feet\u00a0with 2 floor locking plates\u00a0and protected spindle\"},{\"@type\":\"BreadcrumbList\",\"@id\":\"https:\\\/\\\/nhkmachineryparts.com\\\/product\\\/hygienic-machine-feet-with-2-floor-locking-plates-and-protected-spindle\\\/#breadcrumb\",\"itemListElement\":[{\"@type\":\"ListItem\",\"position\":1,\"name\":\"Home\",\"item\":\"https:\\\/\\\/nhkmachineryparts.com\\\/\"},{\"@type\":\"ListItem\",\"position\":2,\"name\":\"Product line\",\"item\":\"https:\\\/\\\/nhkmachineryparts.com\\\/product-line\\\/\"},{\"@type\":\"ListItem\",\"position\":3,\"name\":\"Industrial machine leveling feet in stainless steel\",\"item\":\"https:\\\/\\\/nhkmachineryparts.com\\\/product-line\\\/stainless-steel-machine-levelling-feet\\\/\"},{\"@type\":\"ListItem\",\"position\":4,\"name\":\"Hygienic machine feet\u00a0with 2 floor locking plates\u00a0and protected spindle\"}]},{\"@type\":\"WebSite\",\"@id\":\"https:\\\/\\\/nhkmachineryparts.com\\\/#website\",\"url\":\"https:\\\/\\\/nhkmachineryparts.com\\\/\",\"name\":\"NHK Machinery Parts\",\"description\":\"Bearing Houses, seismic levelling feet and levelling castors\",\"publisher\":{\"@id\":\"https:\\\/\\\/nhkmachineryparts.com\\\/#organization\"},\"potentialAction\":[{\"@type\":\"SearchAction\",\"target\":{\"@type\":\"EntryPoint\",\"urlTemplate\":\"https:\\\/\\\/nhkmachineryparts.com\\\/?s={search_term_string}\"},\"query-input\":{\"@type\":\"PropertyValueSpecification\",\"valueRequired\":true,\"valueName\":\"search_term_string\"}}],\"inLanguage\":\"tr\"},{\"@type\":\"Organization\",\"@id\":\"https:\\\/\\\/nhkmachineryparts.com\\\/#organization\",\"name\":\"Nhk Group ApS\",\"url\":\"https:\\\/\\\/nhkmachineryparts.com\\\/\",\"logo\":{\"@type\":\"ImageObject\",\"inLanguage\":\"tr\",\"@id\":\"https:\\\/\\\/nhkmachineryparts.com\\\/#\\\/schema\\\/logo\\\/image\\\/\",\"url\":\"https:\\\/\\\/nhkmachineryparts.com\\\/wp-content\\\/uploads\\\/2022\\\/09\\\/NHKgroup_social.jpg\",\"contentUrl\":\"https:\\\/\\\/nhkmachineryparts.com\\\/wp-content\\\/uploads\\\/2022\\\/09\\\/NHKgroup_social.jpg\",\"width\":1200,\"height\":630,\"caption\":\"Nhk Group ApS\"},\"image\":{\"@id\":\"https:\\\/\\\/nhkmachineryparts.com\\\/#\\\/schema\\\/logo\\\/image\\\/\"},\"sameAs\":[\"https:\\\/\\\/www.facebook.com\\\/NHK.Group.aps\"]}]}<\/script>\n<!-- \/ Yoast SEO plugin. -->","yoast_head_json":{"title":"2 zemin kilitleme plakal\u0131 ve korumal\u0131 mil ile hijyenik makine ayaklar\u0131 | NHK Makine Par\u00e7alar\u0131","description":"Stabilite ve dayan\u0131kl\u0131l\u0131\u011f\u0131n \u00f6nemli oldu\u011fu end\u00fcstrilerde, iki taban kilitleme plakal\u0131 ve korumal\u0131 milli hijyenik makine ayaklar\u0131 g\u00fcvenilirlik sunar.","robots":{"index":"index","follow":"follow","max-snippet":"max-snippet:-1","max-image-preview":"max-image-preview:large","max-video-preview":"max-video-preview:-1"},"canonical":"https:\/\/nhkmachineryparts.com\/tr\/urun\/2-zemin-kilitleme-plakasi-ve-korumali-mil-ile-hijyenik-makine-ayaklari\/","og_locale":"tr_TR","og_type":"article","og_title":"Hygienic machine feet\u00a0with 2 floor locking plates\u00a0and protected spindle | NHK Machinery Parts","og_description":"In industries where stability and durability are essential, hygienic machine feet with two floor locking plates and protected spindle offers reliability.","og_url":"https:\/\/nhkmachineryparts.com\/tr\/urun\/2-zemin-kilitleme-plakasi-ve-korumali-mil-ile-hijyenik-makine-ayaklari\/","og_site_name":"NHK Machinery Parts","article_publisher":"https:\/\/www.facebook.com\/NHK.Group.aps","article_modified_time":"2026-02-23T11:35:13+00:00","og_image":[{"width":1000,"height":1000,"url":"https:\/\/nhkmachineryparts.com\/wp-content\/uploads\/2024\/11\/HMF-x2-LC-1.jpg","type":"image\/jpeg"}],"twitter_card":"summary_large_image","twitter_misc":{"Tahmini okuma s\u00fcresi":"4 dakika"},"schema":{"@context":"https:\/\/schema.org","@graph":[{"@type":"WebPage","@id":"https:\/\/nhkmachineryparts.com\/product\/hygienic-machine-feet-with-2-floor-locking-plates-and-protected-spindle\/","url":"https:\/\/nhkmachineryparts.com\/product\/hygienic-machine-feet-with-2-floor-locking-plates-and-protected-spindle\/","name":"2 zemin kilitleme plakal\u0131 ve korumal\u0131 mil ile hijyenik makine ayaklar\u0131 | NHK Makine Par\u00e7alar\u0131","isPartOf":{"@id":"https:\/\/nhkmachineryparts.com\/#website"},"primaryImageOfPage":{"@id":"https:\/\/nhkmachineryparts.com\/product\/hygienic-machine-feet-with-2-floor-locking-plates-and-protected-spindle\/#primaryimage"},"image":{"@id":"https:\/\/nhkmachineryparts.com\/product\/hygienic-machine-feet-with-2-floor-locking-plates-and-protected-spindle\/#primaryimage"},"thumbnailUrl":"https:\/\/nhkmachineryparts.com\/wp-content\/uploads\/2024\/11\/HMF-x2-LC-1.jpg","datePublished":"2024-11-09T20:14:26+00:00","dateModified":"2026-02-23T11:35:13+00:00","description":"Stabilite ve dayan\u0131kl\u0131l\u0131\u011f\u0131n \u00f6nemli oldu\u011fu end\u00fcstrilerde, iki taban kilitleme plakal\u0131 ve korumal\u0131 milli hijyenik makine ayaklar\u0131 g\u00fcvenilirlik sunar.","breadcrumb":{"@id":"https:\/\/nhkmachineryparts.com\/product\/hygienic-machine-feet-with-2-floor-locking-plates-and-protected-spindle\/#breadcrumb"},"inLanguage":"tr","potentialAction":[{"@type":"ReadAction","target":["https:\/\/nhkmachineryparts.com\/product\/hygienic-machine-feet-with-2-floor-locking-plates-and-protected-spindle\/"]}]},{"@type":"ImageObject","inLanguage":"tr","@id":"https:\/\/nhkmachineryparts.com\/product\/hygienic-machine-feet-with-2-floor-locking-plates-and-protected-spindle\/#primaryimage","url":"https:\/\/nhkmachineryparts.com\/wp-content\/uploads\/2024\/11\/HMF-x2-LC-1.jpg","contentUrl":"https:\/\/nhkmachineryparts.com\/wp-content\/uploads\/2024\/11\/HMF-x2-LC-1.jpg","width":1000,"height":1000,"caption":"Hygienic machine feet\u00a0with 2 floor locking plates\u00a0and protected spindle"},{"@type":"BreadcrumbList","@id":"https:\/\/nhkmachineryparts.com\/product\/hygienic-machine-feet-with-2-floor-locking-plates-and-protected-spindle\/#breadcrumb","itemListElement":[{"@type":"ListItem","position":1,"name":"Home","item":"https:\/\/nhkmachineryparts.com\/"},{"@type":"ListItem","position":2,"name":"Product line","item":"https:\/\/nhkmachineryparts.com\/product-line\/"},{"@type":"ListItem","position":3,"name":"Industrial machine leveling feet in stainless steel","item":"https:\/\/nhkmachineryparts.com\/product-line\/stainless-steel-machine-levelling-feet\/"},{"@type":"ListItem","position":4,"name":"Hygienic machine feet\u00a0with 2 floor locking plates\u00a0and protected spindle"}]},{"@type":"WebSite","@id":"https:\/\/nhkmachineryparts.com\/#website","url":"https:\/\/nhkmachineryparts.com\/","name":"NHK Makine Par\u00e7alar\u0131","description":"Rulman Yataklar\u0131, sismik tesviye ayaklar\u0131 ve tesviye tekerlekleri","publisher":{"@id":"https:\/\/nhkmachineryparts.com\/#organization"},"potentialAction":[{"@type":"SearchAction","target":{"@type":"EntryPoint","urlTemplate":"https:\/\/nhkmachineryparts.com\/?s={search_term_string}"},"query-input":{"@type":"PropertyValueSpecification","valueRequired":true,"valueName":"search_term_string"}}],"inLanguage":"tr"},{"@type":"Organization","@id":"https:\/\/nhkmachineryparts.com\/#organization","name":"NHK Grup ApS","url":"https:\/\/nhkmachineryparts.com\/","logo":{"@type":"ImageObject","inLanguage":"tr","@id":"https:\/\/nhkmachineryparts.com\/#\/schema\/logo\/image\/","url":"https:\/\/nhkmachineryparts.com\/wp-content\/uploads\/2022\/09\/NHKgroup_social.jpg","contentUrl":"https:\/\/nhkmachineryparts.com\/wp-content\/uploads\/2022\/09\/NHKgroup_social.jpg","width":1200,"height":630,"caption":"Nhk Group ApS"},"image":{"@id":"https:\/\/nhkmachineryparts.com\/#\/schema\/logo\/image\/"},"sameAs":["https:\/\/www.facebook.com\/NHK.Group.aps"]}]}},"_links":{"self":[{"href":"https:\/\/nhkmachineryparts.com\/tr\/wp-json\/wp\/v2\/product\/12772","targetHints":{"allow":["GET"]}}],"collection":[{"href":"https:\/\/nhkmachineryparts.com\/tr\/wp-json\/wp\/v2\/product"}],"about":[{"href":"https:\/\/nhkmachineryparts.com\/tr\/wp-json\/wp\/v2\/types\/product"}],"wp:featuredmedia":[{"embeddable":true,"href":"https:\/\/nhkmachineryparts.com\/tr\/wp-json\/wp\/v2\/media\/12773"}],"wp:attachment":[{"href":"https:\/\/nhkmachineryparts.com\/tr\/wp-json\/wp\/v2\/media?parent=12772"}],"wp:term":[{"taxonomy":"product_brand","embeddable":true,"href":"https:\/\/nhkmachineryparts.com\/tr\/wp-json\/wp\/v2\/product_brand?post=12772"},{"taxonomy":"product_cat","embeddable":true,"href":"https:\/\/nhkmachineryparts.com\/tr\/wp-json\/wp\/v2\/product_cat?post=12772"},{"taxonomy":"product_tag","embeddable":true,"href":"https:\/\/nhkmachineryparts.com\/tr\/wp-json\/wp\/v2\/product_tag?post=12772"}],"curies":[{"name":"wp","href":"https:\/\/api.w.org\/{rel}","templated":true}]}}