{"id":12768,"date":"2024-11-09T22:00:04","date_gmt":"2024-11-09T20:00:04","guid":{"rendered":"https:\/\/nhkmachineryparts.com\/?post_type=product&#038;p=12768"},"modified":"2026-02-23T13:34:38","modified_gmt":"2026-02-23T11:34:38","slug":"2-zemin-kilitleme-plakasi-ve-tam-disli-mil-ile-dengeleme-ayaklari","status":"publish","type":"product","link":"https:\/\/nhkmachineryparts.com\/tr\/product\/levelling-feet-with-2-floor-locking-plates-and-fully-threaded-spindle\/","title":{"rendered":"2 zemin kilitleme plakas\u0131 ve tam di\u015fli mil ile dengeleme ayaklar\u0131"},"content":{"rendered":"<section class=\"vc_row vc_custom_1662993827263 liquid-row-shadowbox-69d42a04ddf00 vc_column-gap-0\"><div class=\"ld-container container\"><div class=\"row ld-row ld-row-outer\"><div class=\"wpb_column vc_column_container vc_col-sm-12 liquid-column-69d42a04de079\"><div class=\"vc_column-inner\" ><div class=\"wpb_wrapper\"  >\n\t<div class=\"wpb_text_column wpb_content_element\" >\n\t\t<div class=\"wpb_wrapper\">\n\t\t\t<h2 data-start=\"3\" data-end=\"114\"><strong data-start=\"3\" data-end=\"112\" data-is-only-node=\"\">Makine Stabilitesini Maksimize Edin ve <\/strong><strong data-start=\"119\" data-end=\"204\" data-is-last-node=\"\" data-is-only-node=\"\">Ekipman Performans\u0131n\u0131 Geli\u015ftirin<\/strong><\/h2>\n<p><a href=\"https:\/\/nhkmachineryparts.com\/tr\/product-line\/stainless-steel-solid-base-feet\/\" data-internallinksmanager029f6b8e52c=\"7\" title=\"Sa\u011flam taban plakal\u0131 makine tesviye ayaklar\u0131\">Denge ayaklar\u0131<\/a> Titre\u015fimi azaltma ve kaymay\u0131 \u00f6nleme \u00f6zellikleri i\u00e7in kau\u00e7uk tabanl\u0131<br \/>\nDengeleme ayaklar\u0131m\u0131z, g\u0131da g\u00fcvenli\u011fi izlenebilirli\u011fi i\u00e7in benzersiz parti kimlik numaras\u0131na sahip FDA sertifikas\u0131yla (FDA CFR 21 177 2600) donat\u0131lm\u0131\u015ft\u0131r.<\/p>\n<p><a href=\"https:\/\/nhkmachineryparts.com\/shop\/product-line\/machine-levelling-feet-in-a-hygienic-design\/levelling-feet-with-fully-threaded-spindle\/\">\u00dcr\u00fcn se\u00e7icimizi deneyin<\/a><\/p>\n<h3>Dengeleme ayaklar\u0131n\u0131n \u00f6zellikleri ve avantajlar\u0131<\/h3>\n<p>Dengeleme ayaklar\u0131, temizli\u011fi kolayla\u015ft\u0131ran yuvarlat\u0131lm\u0131\u015f, hijyenik bir tasar\u0131ma sahiptir.<br \/>\nDengeleme ayaklar\u0131 zemin ve ekipmanlardaki 10 dereceye kadar e\u011fimlerle ba\u015fa \u00e7\u0131kabilir.<\/p>\n<h3>Dengeleme aya\u011f\u0131 malzemeleri<\/h3>\n<p>FDA CFR 21 177 2600&#039;e g\u00f6re FDA sertifikal\u0131 vulkanize kau\u00e7uk par\u00e7al\u0131 dengeleme aya\u011f\u0131.<\/p>\n<p>Taban plakas\u0131 malzemesi a\u00e7\u0131klamas\u0131:<br \/>\nPaslanmaz \u00e7elik Aisi 304 veya Aisi 316<\/p>\n<p>Mil malzemesi a\u00e7\u0131klamas\u0131:<br \/>\nPaslanmaz \u00e7elik A2-70 veya A4-70<\/p>\n<p>Kau\u00e7uk taban malzemesi a\u00e7\u0131klamas\u0131:<br \/>\nNBR Kau\u00e7uk (Nitril kau\u00e7uk CAS no. 9005-98-5)<br \/>\nFDA CFR 21 177 2600&#039;e g\u00f6re FDA Sertifikas\u0131<\/p>\n<p>T\u00fcm malzemeler kimyasallara, yayg\u0131n olarak uygulanan temizlik maddelerine ve kat\u0131 ve s\u0131v\u0131 ya\u011flara kar\u015f\u0131 olduk\u00e7a dayan\u0131kl\u0131d\u0131r.<\/p>\n<h3>Dengeleme aya\u011f\u0131 boyutlar\u0131<\/h3>\n<p>Dengeleme ayak tabanlar\u0131 geni\u015f bir yelpazede mevcuttur, optimum esneklik ve se\u00e7im imkan\u0131 sunar.<\/p>\n<div class=\"dcf-overflow-x-auto\" tabindex=\"0\">\n<table class=\"dcf-table dcf-table-responsive dcf-table-bordered dcf-w-100%\">\n<thead>\n<tr>\n<th scope=\"col\">Temel tip<\/th>\n<th scope=\"col\">Taban \u00c7ap\u0131 D<\/th>\n<th scope=\"col\">Nom. Y\u00fck<\/th>\n<\/tr>\n<\/thead>\n<tbody>\n<tr>\n<td data-label=\"HMF Base Size\">HLF62<\/td>\n<td data-label=\"Base Diameter D\">60 mm<\/td>\n<td data-label=\"Nom. Load \">7.000 N<\/td>\n<\/tr>\n<tr>\n<td data-label=\"HMF Base Size\">HLF82<\/td>\n<td data-label=\"Base Diameter D\">80mm<\/td>\n<td data-label=\"Nom. Load \">15.000 N<\/td>\n<\/tr>\n<tr>\n<td data-label=\"HMF Base Size\">HLF102<\/td>\n<td data-label=\"Base Diameter D\">100 mm<\/td>\n<td data-label=\"Nom. Load \">20.000 N<\/td>\n<\/tr>\n<tr>\n<td data-label=\"HMF Base Size\">HLF122<\/td>\n<td data-label=\"Base Diameter D\">120mm<\/td>\n<td data-label=\"Nom. Load \">30.000 N<\/td>\n<\/tr>\n<\/tbody>\n<\/table>\n<\/div>\n<p>Dengeleme aya\u011f\u0131 milleri geni\u015f bir yelpazede mevcuttur ve optimum esneklik ve se\u00e7im olana\u011f\u0131 sunar.<\/p>\n<div class=\"dcf-overflow-x-auto\" tabindex=\"0\">\n<table class=\"dcf-table dcf-table-responsive dcf-table-bordered dcf-w-100%\">\n<caption>HLF Mil di\u015fleri<\/caption>\n<tbody>\n<tr>\n<td>M12<\/td>\n<td>M16<\/td>\n<td>M20<\/td>\n<td>M24<\/td>\n<td>M30<\/td>\n<td>M36<\/td>\n<td>M42<\/td>\n<td>M48<\/td>\n<\/tr>\n<\/tbody>\n<\/table>\n<\/div>\n<div class=\"dcf-overflow-x-auto\" tabindex=\"0\">\n<table class=\"dcf-table dcf-table-responsive dcf-table-bordered dcf-w-100%\">\n<caption>HLF Mil uzunlu\u011fu (L)<\/caption>\n<tbody>\n<tr>\n<td>50 mm<\/td>\n<td>70 mm<\/td>\n<td>100 mm<\/td>\n<td>120mm<\/td>\n<td>150mm<\/td>\n<td>180mm<\/td>\n<td>200 mm<\/td>\n<td>230mm<\/td>\n<td>280 mm<\/td>\n<td>330mm<\/td>\n<\/tr>\n<\/tbody>\n<\/table>\n<\/div>\n<p>Di\u011fer di\u015fli mil uzunlu\u011fu (L) i\u00e7in l\u00fctfen bizimle ileti\u015fime ge\u00e7in.<br \/>\n\u0130stek \u00fczerine in\u00e7 cinsinden di\u015fler mevcuttur<br \/>\n\u0130plik ayr\u0131ca \u00f6zel iste\u011fe g\u00f6re \u00f6zelle\u015ftirilebilir, eski trapez iplik vb.<\/p>\n<h3>Dengeleme ayaklar\u0131 teslimat se\u00e7ene\u011fi<\/h3>\n<p>B\u00fcy\u00fck sipari\u015fler i\u00e7in taban ve milleri ayr\u0131 ayr\u0131 tedarik etmeyi \u00f6neriyoruz<br \/>\nAvantaj\u0131, bir\u00e7ok farkl\u0131 boyutta i\u011f kullanan m\u00fc\u015fteri i\u00e7in esnekliktir.<\/p>\n<h2 data-start=\"0\" data-end=\"81\"><strong data-start=\"4\" data-end=\"79\">\u0130ki Zemin Kilitleme Plakas\u0131 ve Tam Di\u015fli Mil ile Dengeleme Ayaklar\u0131<\/strong><\/h2>\n<h3 data-start=\"83\" data-end=\"150\"><strong data-start=\"88\" data-end=\"148\">End\u00fcstriyel Ekipmanlarda Geli\u015fmi\u015f Kararl\u0131l\u0131k ve Hassasiyet<\/strong><\/h3>\n<p data-start=\"151\" data-end=\"533\">\u0130ki zemin kilitleme plakas\u0131 ve tam di\u015fli bir mil ile dengeleme ayaklar\u0131, end\u00fcstriyel makinelerde temel bile\u015fenlerdir ve geli\u015fmi\u015f stabilite ve hassas y\u00fckseklik ayar\u0131 sunar. 2 kilitleme plakas\u0131, ekipman\u0131 zemine g\u00fcvenli bir \u015fekilde sabitleyerek titre\u015fimleri en aza indirir ve \u00f6zellikle s\u0131k\u0131 hijyen ve g\u00fcvenlik standartlar\u0131 gerektiren ortamlarda optimum performans sa\u011flar.<\/p>\n<h3 data-start=\"535\" data-end=\"601\"><strong data-start=\"540\" data-end=\"599\">2 Kilitli Plakal\u0131 Dengeleme Ayaklar\u0131n\u0131n Temel \u00d6zellikleri<\/strong><\/h3>\n<p data-start=\"602\" data-end=\"1008\">Bu dengeleme ayaklar\u0131, kolay ve do\u011fru y\u00fckseklik ayar\u0131 sa\u011flayan tam di\u015fli bir mil ile tasarlanm\u0131\u015ft\u0131r. \u0130ki zemin kilitleme plakas\u0131, ek stabilite sa\u011flayarak hareketi \u00f6nler ve a\u015f\u0131nmay\u0131 azalt\u0131r <a href=\"https:\/\/nhkmachineryparts.com\/tr\/\" data-internallinksmanager029f6b8e52c=\"14\" title=\"makine bile\u015fenleri\">makine bile\u015fenleri<\/a>Genellikle paslanmaz \u00e7elikten yap\u0131l\u0131rlar, korozyona dayan\u0131kl\u0131d\u0131rlar ve g\u0131da i\u015fleme, ila\u00e7 ve paketleme i\u00e7in idealdirler. <a href=\"https:\/\/nhkmachineryparts.com\/tr\/our-industries\/\" data-internallinksmanager029f6b8e52c=\"4\" title=\"End\u00fcstrilerimiz\">end\u00fcstriler<\/a> temizli\u011fin en \u00f6nemli oldu\u011fu yer.<\/p>\n<h3 data-start=\"1010\" data-end=\"1076\"><strong data-start=\"1015\" data-end=\"1074\">Tam Di\u015fli Mil Dengeleme Ayaklar\u0131n\u0131n Kullan\u0131m\u0131n\u0131n Faydalar\u0131<\/strong><\/h3>\n<p data-start=\"1077\" data-end=\"1474\">Tam di\u015fli mil tasar\u0131m\u0131, hassas ayarlamalar sa\u011flayarak makinelerin engebeli y\u00fczeylerde bile d\u00fcz kalmas\u0131n\u0131 sa\u011flar. Bu hassas kontrol, ekipman verimlili\u011finin korunmas\u0131na yard\u0131mc\u0131 olur ve gerginli\u011fi ve hizas\u0131zl\u0131\u011f\u0131 azaltarak makinelerin \u00f6mr\u00fcn\u00fc uzat\u0131r. Ayr\u0131ca, 2 kilitleme plakas\u0131 a\u011f\u0131rl\u0131\u011f\u0131 e\u015fit \u015fekilde da\u011f\u0131tarak g\u00fcvenli\u011fi art\u0131r\u0131r ve ekipman\u0131n devrilme veya kayma riskini azalt\u0131r.<\/p>\n<h3 data-start=\"1476\" data-end=\"1521\"><strong data-start=\"1481\" data-end=\"1519\">\u00c7e\u015fitli End\u00fcstrilerdeki Uygulamalar<\/strong><\/h3>\n<p data-start=\"1522\" data-end=\"1956\">Bu dengeleme ayaklar\u0131 g\u0131da i\u015fleme, ila\u00e7, biyoteknoloji ve paketleme gibi sekt\u00f6rlerde yayg\u0131n olarak kullan\u0131l\u0131r. Sa\u011flam tasar\u0131mlar\u0131 ve g\u00fcvenilir performanslar\u0131 onlar\u0131 konvey\u00f6rler, mikserler, dolum makineleri ve a\u011f\u0131r hizmet tipi \u00fcretim hatlar\u0131 gibi ekipmanlar i\u00e7in ideal hale getirir. Paslanmaz \u00e7elik konstr\u00fcksiyon, end\u00fcstri d\u00fczenlemelerine uyumu garanti ederek onlar\u0131 temiz oda ortamlar\u0131 ve hijyenik i\u015fleme tesisleri i\u00e7in uygun hale getirir.<\/p>\n<h3 data-start=\"3\" data-end=\"114\"><strong data-start=\"3\" data-end=\"112\" data-is-only-node=\"\">Makineyi Maksimize Et <\/strong><strong data-start=\"119\" data-end=\"204\" data-is-last-node=\"\" data-is-only-node=\"\"> Performans ve G\u00fcvenlik<\/strong><\/h3>\n<p data-start=\"1958\" data-end=\"2154\" data-is-last-node=\"\" data-is-only-node=\"\">G\u00fcvenilir ve istikrarl\u0131 makine deste\u011fi i\u00e7in, her t\u00fcrl\u00fc end\u00fcstriyel ortamda hassasiyet, dayan\u0131kl\u0131l\u0131k ve g\u00fcvenli\u011fi garanti alt\u0131na alan iki taban kilitleme plakas\u0131 ve tam di\u015fli bir mil bulunan dengeleme ayaklar\u0131n\u0131 se\u00e7in.<\/p>\n\n\t\t<\/div>\n\t<\/div>\n<\/div><\/div><\/div><\/div><\/div><\/section>","protected":false},"excerpt":{"rendered":"Maximize Machinery Stability and Enhance Equipment Performance Levelling feet with rubber base for vibration reduction and anti-slip properties Our levelling feet are provided with FDA certificate (FDA CFR 21 177 2600) with unique batch ID number for food safety traceability Try our product selector Levelling feet features and advantages Levelling feet have a rounded, hygienic [...]","protected":false},"featured_media":12769,"template":"","meta":[],"product_brand":[],"product_cat":[18],"product_tag":[],"class_list":{"0":"post-12768","1":"product","2":"type-product","3":"status-publish","4":"has-post-thumbnail","6":"product_cat-stainless-steel-machine-levelling-feet","8":"first","9":"instock","10":"shipping-taxable","11":"product-type-simple"},"yoast_head":"<!-- This site is optimized with the Yoast SEO plugin v27.3 - https:\/\/yoast.com\/product\/yoast-seo-wordpress\/ -->\n<title>Levelling feet with 2 floor locking plates and fully-threaded spindle | NHK Machinery Parts<\/title>\n<meta name=\"description\" content=\"Ensure optimal performance and safety in demanding environments using levelling feet engineered for secure anchoring and fine-tuned adjustments.\" \/>\n<meta name=\"robots\" content=\"index, follow, max-snippet:-1, max-image-preview:large, max-video-preview:-1\" \/>\n<link rel=\"canonical\" href=\"https:\/\/nhkmachineryparts.com\/tr\/urun\/2-zemin-kilitleme-plakasi-ve-tam-disli-mil-ile-dengeleme-ayaklari\/\" \/>\n<meta property=\"og:locale\" content=\"tr_TR\" \/>\n<meta property=\"og:type\" content=\"article\" \/>\n<meta property=\"og:title\" content=\"Levelling feet with 2 floor locking plates and fully-threaded spindle | NHK Machinery Parts\" \/>\n<meta property=\"og:description\" content=\"Ensure optimal performance and safety in demanding environments using levelling feet engineered for secure anchoring and fine-tuned adjustments.\" \/>\n<meta property=\"og:url\" content=\"https:\/\/nhkmachineryparts.com\/tr\/urun\/2-zemin-kilitleme-plakasi-ve-tam-disli-mil-ile-dengeleme-ayaklari\/\" \/>\n<meta property=\"og:site_name\" content=\"NHK Machinery Parts\" \/>\n<meta property=\"article:publisher\" content=\"https:\/\/www.facebook.com\/NHK.Group.aps\" \/>\n<meta property=\"article:modified_time\" content=\"2026-02-23T11:34:38+00:00\" \/>\n<meta property=\"og:image\" content=\"https:\/\/nhkmachineryparts.com\/wp-content\/uploads\/2024\/11\/HLF-x2-1.jpg\" \/>\n\t<meta property=\"og:image:width\" content=\"1000\" \/>\n\t<meta property=\"og:image:height\" content=\"1000\" \/>\n\t<meta property=\"og:image:type\" content=\"image\/jpeg\" \/>\n<meta name=\"twitter:card\" content=\"summary_large_image\" \/>\n<meta name=\"twitter:label1\" content=\"Tahmini okuma s\u00fcresi\" \/>\n\t<meta name=\"twitter:data1\" content=\"3 dakika\" \/>\n<script type=\"application\/ld+json\" class=\"yoast-schema-graph\">{\"@context\":\"https:\\\/\\\/schema.org\",\"@graph\":[{\"@type\":\"WebPage\",\"@id\":\"https:\\\/\\\/nhkmachineryparts.com\\\/product\\\/levelling-feet-with-2-floor-locking-plates-and-fully-threaded-spindle\\\/\",\"url\":\"https:\\\/\\\/nhkmachineryparts.com\\\/product\\\/levelling-feet-with-2-floor-locking-plates-and-fully-threaded-spindle\\\/\",\"name\":\"Levelling feet with 2 floor locking plates and fully-threaded spindle | NHK Machinery Parts\",\"isPartOf\":{\"@id\":\"https:\\\/\\\/nhkmachineryparts.com\\\/#website\"},\"primaryImageOfPage\":{\"@id\":\"https:\\\/\\\/nhkmachineryparts.com\\\/product\\\/levelling-feet-with-2-floor-locking-plates-and-fully-threaded-spindle\\\/#primaryimage\"},\"image\":{\"@id\":\"https:\\\/\\\/nhkmachineryparts.com\\\/product\\\/levelling-feet-with-2-floor-locking-plates-and-fully-threaded-spindle\\\/#primaryimage\"},\"thumbnailUrl\":\"https:\\\/\\\/nhkmachineryparts.com\\\/wp-content\\\/uploads\\\/2024\\\/11\\\/HLF-x2-1.jpg\",\"datePublished\":\"2024-11-09T20:00:04+00:00\",\"dateModified\":\"2026-02-23T11:34:38+00:00\",\"description\":\"Ensure optimal performance and safety in demanding environments using levelling feet engineered for secure anchoring and fine-tuned adjustments.\",\"breadcrumb\":{\"@id\":\"https:\\\/\\\/nhkmachineryparts.com\\\/product\\\/levelling-feet-with-2-floor-locking-plates-and-fully-threaded-spindle\\\/#breadcrumb\"},\"inLanguage\":\"tr\",\"potentialAction\":[{\"@type\":\"ReadAction\",\"target\":[\"https:\\\/\\\/nhkmachineryparts.com\\\/product\\\/levelling-feet-with-2-floor-locking-plates-and-fully-threaded-spindle\\\/\"]}]},{\"@type\":\"ImageObject\",\"inLanguage\":\"tr\",\"@id\":\"https:\\\/\\\/nhkmachineryparts.com\\\/product\\\/levelling-feet-with-2-floor-locking-plates-and-fully-threaded-spindle\\\/#primaryimage\",\"url\":\"https:\\\/\\\/nhkmachineryparts.com\\\/wp-content\\\/uploads\\\/2024\\\/11\\\/HLF-x2-1.jpg\",\"contentUrl\":\"https:\\\/\\\/nhkmachineryparts.com\\\/wp-content\\\/uploads\\\/2024\\\/11\\\/HLF-x2-1.jpg\",\"width\":1000,\"height\":1000,\"caption\":\"Levelling feet with 2 floor locking plates and fully-threaded spindle\"},{\"@type\":\"BreadcrumbList\",\"@id\":\"https:\\\/\\\/nhkmachineryparts.com\\\/product\\\/levelling-feet-with-2-floor-locking-plates-and-fully-threaded-spindle\\\/#breadcrumb\",\"itemListElement\":[{\"@type\":\"ListItem\",\"position\":1,\"name\":\"Home\",\"item\":\"https:\\\/\\\/nhkmachineryparts.com\\\/\"},{\"@type\":\"ListItem\",\"position\":2,\"name\":\"Product line\",\"item\":\"https:\\\/\\\/nhkmachineryparts.com\\\/product-line\\\/\"},{\"@type\":\"ListItem\",\"position\":3,\"name\":\"Industrial machine leveling feet in stainless steel\",\"item\":\"https:\\\/\\\/nhkmachineryparts.com\\\/product-line\\\/stainless-steel-machine-levelling-feet\\\/\"},{\"@type\":\"ListItem\",\"position\":4,\"name\":\"Levelling feet with 2 floor locking plates and fully-threaded spindle\"}]},{\"@type\":\"WebSite\",\"@id\":\"https:\\\/\\\/nhkmachineryparts.com\\\/#website\",\"url\":\"https:\\\/\\\/nhkmachineryparts.com\\\/\",\"name\":\"NHK Machinery Parts\",\"description\":\"Bearing Houses, seismic levelling feet and levelling castors\",\"publisher\":{\"@id\":\"https:\\\/\\\/nhkmachineryparts.com\\\/#organization\"},\"potentialAction\":[{\"@type\":\"SearchAction\",\"target\":{\"@type\":\"EntryPoint\",\"urlTemplate\":\"https:\\\/\\\/nhkmachineryparts.com\\\/?s={search_term_string}\"},\"query-input\":{\"@type\":\"PropertyValueSpecification\",\"valueRequired\":true,\"valueName\":\"search_term_string\"}}],\"inLanguage\":\"tr\"},{\"@type\":\"Organization\",\"@id\":\"https:\\\/\\\/nhkmachineryparts.com\\\/#organization\",\"name\":\"Nhk Group ApS\",\"url\":\"https:\\\/\\\/nhkmachineryparts.com\\\/\",\"logo\":{\"@type\":\"ImageObject\",\"inLanguage\":\"tr\",\"@id\":\"https:\\\/\\\/nhkmachineryparts.com\\\/#\\\/schema\\\/logo\\\/image\\\/\",\"url\":\"https:\\\/\\\/nhkmachineryparts.com\\\/wp-content\\\/uploads\\\/2022\\\/09\\\/NHKgroup_social.jpg\",\"contentUrl\":\"https:\\\/\\\/nhkmachineryparts.com\\\/wp-content\\\/uploads\\\/2022\\\/09\\\/NHKgroup_social.jpg\",\"width\":1200,\"height\":630,\"caption\":\"Nhk Group ApS\"},\"image\":{\"@id\":\"https:\\\/\\\/nhkmachineryparts.com\\\/#\\\/schema\\\/logo\\\/image\\\/\"},\"sameAs\":[\"https:\\\/\\\/www.facebook.com\\\/NHK.Group.aps\"]}]}<\/script>\n<!-- \/ Yoast SEO plugin. -->","yoast_head_json":{"title":"2 zemin kilitleme plakal\u0131 ve tam di\u015fli mil ile dengeleme ayaklar\u0131 | NHK Makine Par\u00e7alar\u0131","description":"G\u00fcvenli sabitleme ve hassas ayarlamalar i\u00e7in tasarlanm\u0131\u015f dengeleme ayaklar\u0131 kullanarak zorlu ortamlarda optimum performans ve g\u00fcvenli\u011fi sa\u011flay\u0131n.","robots":{"index":"index","follow":"follow","max-snippet":"max-snippet:-1","max-image-preview":"max-image-preview:large","max-video-preview":"max-video-preview:-1"},"canonical":"https:\/\/nhkmachineryparts.com\/tr\/urun\/2-zemin-kilitleme-plakasi-ve-tam-disli-mil-ile-dengeleme-ayaklari\/","og_locale":"tr_TR","og_type":"article","og_title":"Levelling feet with 2 floor locking plates and fully-threaded spindle | NHK Machinery Parts","og_description":"Ensure optimal performance and safety in demanding environments using levelling feet engineered for secure anchoring and fine-tuned adjustments.","og_url":"https:\/\/nhkmachineryparts.com\/tr\/urun\/2-zemin-kilitleme-plakasi-ve-tam-disli-mil-ile-dengeleme-ayaklari\/","og_site_name":"NHK Machinery Parts","article_publisher":"https:\/\/www.facebook.com\/NHK.Group.aps","article_modified_time":"2026-02-23T11:34:38+00:00","og_image":[{"width":1000,"height":1000,"url":"https:\/\/nhkmachineryparts.com\/wp-content\/uploads\/2024\/11\/HLF-x2-1.jpg","type":"image\/jpeg"}],"twitter_card":"summary_large_image","twitter_misc":{"Tahmini okuma s\u00fcresi":"3 dakika"},"schema":{"@context":"https:\/\/schema.org","@graph":[{"@type":"WebPage","@id":"https:\/\/nhkmachineryparts.com\/product\/levelling-feet-with-2-floor-locking-plates-and-fully-threaded-spindle\/","url":"https:\/\/nhkmachineryparts.com\/product\/levelling-feet-with-2-floor-locking-plates-and-fully-threaded-spindle\/","name":"2 zemin kilitleme plakal\u0131 ve tam di\u015fli mil ile dengeleme ayaklar\u0131 | NHK Makine Par\u00e7alar\u0131","isPartOf":{"@id":"https:\/\/nhkmachineryparts.com\/#website"},"primaryImageOfPage":{"@id":"https:\/\/nhkmachineryparts.com\/product\/levelling-feet-with-2-floor-locking-plates-and-fully-threaded-spindle\/#primaryimage"},"image":{"@id":"https:\/\/nhkmachineryparts.com\/product\/levelling-feet-with-2-floor-locking-plates-and-fully-threaded-spindle\/#primaryimage"},"thumbnailUrl":"https:\/\/nhkmachineryparts.com\/wp-content\/uploads\/2024\/11\/HLF-x2-1.jpg","datePublished":"2024-11-09T20:00:04+00:00","dateModified":"2026-02-23T11:34:38+00:00","description":"G\u00fcvenli sabitleme ve hassas ayarlamalar i\u00e7in tasarlanm\u0131\u015f dengeleme ayaklar\u0131 kullanarak zorlu ortamlarda optimum performans ve g\u00fcvenli\u011fi sa\u011flay\u0131n.","breadcrumb":{"@id":"https:\/\/nhkmachineryparts.com\/product\/levelling-feet-with-2-floor-locking-plates-and-fully-threaded-spindle\/#breadcrumb"},"inLanguage":"tr","potentialAction":[{"@type":"ReadAction","target":["https:\/\/nhkmachineryparts.com\/product\/levelling-feet-with-2-floor-locking-plates-and-fully-threaded-spindle\/"]}]},{"@type":"ImageObject","inLanguage":"tr","@id":"https:\/\/nhkmachineryparts.com\/product\/levelling-feet-with-2-floor-locking-plates-and-fully-threaded-spindle\/#primaryimage","url":"https:\/\/nhkmachineryparts.com\/wp-content\/uploads\/2024\/11\/HLF-x2-1.jpg","contentUrl":"https:\/\/nhkmachineryparts.com\/wp-content\/uploads\/2024\/11\/HLF-x2-1.jpg","width":1000,"height":1000,"caption":"Levelling feet with 2 floor locking plates and fully-threaded spindle"},{"@type":"BreadcrumbList","@id":"https:\/\/nhkmachineryparts.com\/product\/levelling-feet-with-2-floor-locking-plates-and-fully-threaded-spindle\/#breadcrumb","itemListElement":[{"@type":"ListItem","position":1,"name":"Home","item":"https:\/\/nhkmachineryparts.com\/"},{"@type":"ListItem","position":2,"name":"Product line","item":"https:\/\/nhkmachineryparts.com\/product-line\/"},{"@type":"ListItem","position":3,"name":"Industrial machine leveling feet in stainless steel","item":"https:\/\/nhkmachineryparts.com\/product-line\/stainless-steel-machine-levelling-feet\/"},{"@type":"ListItem","position":4,"name":"Levelling feet with 2 floor locking plates and fully-threaded spindle"}]},{"@type":"WebSite","@id":"https:\/\/nhkmachineryparts.com\/#website","url":"https:\/\/nhkmachineryparts.com\/","name":"NHK Makine Par\u00e7alar\u0131","description":"Rulman Yataklar\u0131, sismik tesviye ayaklar\u0131 ve tesviye tekerlekleri","publisher":{"@id":"https:\/\/nhkmachineryparts.com\/#organization"},"potentialAction":[{"@type":"SearchAction","target":{"@type":"EntryPoint","urlTemplate":"https:\/\/nhkmachineryparts.com\/?s={search_term_string}"},"query-input":{"@type":"PropertyValueSpecification","valueRequired":true,"valueName":"search_term_string"}}],"inLanguage":"tr"},{"@type":"Organization","@id":"https:\/\/nhkmachineryparts.com\/#organization","name":"NHK Grup ApS","url":"https:\/\/nhkmachineryparts.com\/","logo":{"@type":"ImageObject","inLanguage":"tr","@id":"https:\/\/nhkmachineryparts.com\/#\/schema\/logo\/image\/","url":"https:\/\/nhkmachineryparts.com\/wp-content\/uploads\/2022\/09\/NHKgroup_social.jpg","contentUrl":"https:\/\/nhkmachineryparts.com\/wp-content\/uploads\/2022\/09\/NHKgroup_social.jpg","width":1200,"height":630,"caption":"Nhk Group ApS"},"image":{"@id":"https:\/\/nhkmachineryparts.com\/#\/schema\/logo\/image\/"},"sameAs":["https:\/\/www.facebook.com\/NHK.Group.aps"]}]}},"_links":{"self":[{"href":"https:\/\/nhkmachineryparts.com\/tr\/wp-json\/wp\/v2\/product\/12768","targetHints":{"allow":["GET"]}}],"collection":[{"href":"https:\/\/nhkmachineryparts.com\/tr\/wp-json\/wp\/v2\/product"}],"about":[{"href":"https:\/\/nhkmachineryparts.com\/tr\/wp-json\/wp\/v2\/types\/product"}],"wp:featuredmedia":[{"embeddable":true,"href":"https:\/\/nhkmachineryparts.com\/tr\/wp-json\/wp\/v2\/media\/12769"}],"wp:attachment":[{"href":"https:\/\/nhkmachineryparts.com\/tr\/wp-json\/wp\/v2\/media?parent=12768"}],"wp:term":[{"taxonomy":"product_brand","embeddable":true,"href":"https:\/\/nhkmachineryparts.com\/tr\/wp-json\/wp\/v2\/product_brand?post=12768"},{"taxonomy":"product_cat","embeddable":true,"href":"https:\/\/nhkmachineryparts.com\/tr\/wp-json\/wp\/v2\/product_cat?post=12768"},{"taxonomy":"product_tag","embeddable":true,"href":"https:\/\/nhkmachineryparts.com\/tr\/wp-json\/wp\/v2\/product_tag?post=12768"}],"curies":[{"name":"wp","href":"https:\/\/api.w.org\/{rel}","templated":true}]}}