{"id":12765,"date":"2024-11-09T21:50:11","date_gmt":"2024-11-09T19:50:11","guid":{"rendered":"https:\/\/nhkmachineryparts.com\/?post_type=product&#038;p=12765"},"modified":"2026-02-23T13:34:11","modified_gmt":"2026-02-23T11:34:11","slug":"2-taban-kilitleme-plakasi-ve-tam-disli-mil-ile-makine-ayagi","status":"publish","type":"product","link":"https:\/\/nhkmachineryparts.com\/tr\/product\/machine-feet-with-2-floor-locking-plates-and-fully-threaded-spindle\/","title":{"rendered":"2 taban kilitleme plakal\u0131 ve tam di\u015fli mil ile makine ayaklar\u0131"},"content":{"rendered":"<section class=\"vc_row vc_custom_1662993827263 liquid-row-shadowbox-69d411f1e22fc vc_column-gap-0\"><div class=\"ld-container container\"><div class=\"row ld-row ld-row-outer\"><div class=\"wpb_column vc_column_container vc_col-sm-12 liquid-column-69d411f1e249a\"><div class=\"vc_column-inner\" ><div class=\"wpb_wrapper\"  >\n\t<div class=\"wpb_text_column wpb_content_element\" >\n\t\t<div class=\"wpb_wrapper\">\n\t\t\t<h2>End\u00fcstriyel Uygulamalarda \u0130stikrar ve Hassasiyet<\/h2>\n<p><a href=\"https:\/\/nhkmachineryparts.com\/tr\/urun\/301-makine-ayakli-muhurlu-hijyenik-tasarimli-shmf-zemin-kilit-plakali\/\" data-internallinksmanager029f6b8e52c=\"20\" title=\"makine ayaklar\u0131\">Makine ayaklar\u0131<\/a> Titre\u015fimi azaltma ve kaymay\u0131 \u00f6nleme \u00f6zellikleri i\u00e7in kau\u00e7uk tabanl\u0131<br \/>\nMakine ayaklar\u0131m\u0131z, g\u0131da g\u00fcvenli\u011fi izlenebilirli\u011fi i\u00e7in benzersiz parti kimlik numaras\u0131na sahip FDA sertifikas\u0131yla (FDA CFR 21 177 2600) donat\u0131lm\u0131\u015ft\u0131r.<\/p>\n<p><a href=\"https:\/\/nhkmachineryparts.com\/tr\/magaza\/urun-hatti\/hijyenik-tasarimli-makine-dengeleme-ayaklari\/machine-feet-with-fully-threaded-spindle\/\">\u00dcr\u00fcn se\u00e7icimizi deneyin<\/a><\/p>\n<h3>Makine ayaklar\u0131n\u0131n \u00f6zellikleri ve avantajlar\u0131<\/h3>\n<p>Makine ayaklar\u0131 yuvarlat\u0131lm\u0131\u015f, hijyenik tasar\u0131ma sahip olup, temizli\u011fi kolayd\u0131r.<br \/>\nMakine ayaklar\u0131 zemin ve ekipmanlardaki 10 dereceye kadar e\u011fimlerle ba\u015fa \u00e7\u0131kabilir.<\/p>\n<h3>Makine aya\u011f\u0131 tasar\u0131m malzemeleri<\/h3>\n<p>Makine ayaklar\u0131 FDA CFR 21 177 2600&#039;e g\u00f6re FDA sertifikal\u0131 vulkanize kau\u00e7uk par\u00e7ad\u0131r.<\/p>\n<p>Taban plakas\u0131 malzemesi a\u00e7\u0131klamas\u0131:<br \/>\nPaslanmaz \u00e7elik Aisi 304 veya Aisi 316<\/p>\n<p>Mil malzemesi a\u00e7\u0131klamas\u0131:<br \/>\nPaslanmaz \u00e7elik A2-70 veya A4-70<\/p>\n<p>Kau\u00e7uk taban malzemesi a\u00e7\u0131klamas\u0131:<br \/>\nNBR Kau\u00e7uk (Nitril kau\u00e7uk CAS no. 9005-98-5)<br \/>\nFDA CFR 21 177 2600&#039;e g\u00f6re FDA Sertifikas\u0131<\/p>\n<p>T\u00fcm malzemeler kimyasallara, yayg\u0131n olarak uygulanan temizlik maddelerine ve kat\u0131 ve s\u0131v\u0131 ya\u011flara kar\u015f\u0131 olduk\u00e7a dayan\u0131kl\u0131d\u0131r.<\/p>\n<h3>Makine ayak \u00f6l\u00e7\u00fcleri<\/h3>\n<p>Makine ayak tabanlar\u0131 geni\u015f bir yelpazede mevcut olup, optimum esneklik ve se\u00e7im olana\u011f\u0131 sa\u011flar.<\/p>\n<div class=\"dcf-overflow-x-auto\" tabindex=\"0\">\n<table class=\"dcf-table dcf-table-responsive dcf-table-bordered dcf-w-100%\">\n<thead>\n<tr>\n<th scope=\"col\">HMF Taban\u0131<\/th>\n<th scope=\"col\">Taban \u00c7ap\u0131 D<\/th>\n<th scope=\"col\">Nom. Y\u00fck<\/th>\n<\/tr>\n<\/thead>\n<tbody>\n<tr>\n<td data-label=\"HMF Base Size\">HMF62<\/td>\n<td data-label=\"Base Diameter D\">60 mm<\/td>\n<td data-label=\"Nom. Load \">7.000 N<\/td>\n<\/tr>\n<tr>\n<td data-label=\"HMF Base Size\">HMF82<\/td>\n<td data-label=\"Base Diameter D\">80mm<\/td>\n<td data-label=\"Nom. Load \">15.000 N<\/td>\n<\/tr>\n<tr>\n<td data-label=\"HMF Base Size\">HMF102<\/td>\n<td data-label=\"Base Diameter D\">100 mm<\/td>\n<td data-label=\"Nom. Load \">20.000 N<\/td>\n<\/tr>\n<tr>\n<td data-label=\"HMF Base Size\">HMF122<\/td>\n<td data-label=\"Base Diameter D\">120mm<\/td>\n<td data-label=\"Nom. Load \">30.000 N<\/td>\n<\/tr>\n<\/tbody>\n<\/table>\n<\/div>\n<p>Makine ayak milleri geni\u015f bir yelpazede mevcut olup, optimum esneklik ve se\u00e7im olana\u011f\u0131 sa\u011flar.<\/p>\n<div class=\"dcf-overflow-x-auto\" tabindex=\"0\">\n<table class=\"dcf-table dcf-table-responsive dcf-table-bordered dcf-w-100%\">\n<caption>HMF Mil di\u015fleri<\/caption>\n<tbody>\n<tr>\n<td>M12<\/td>\n<td>M16<\/td>\n<td>M20<\/td>\n<td>M24<\/td>\n<td>M30<\/td>\n<td>M36<\/td>\n<td>M42<\/td>\n<td>M48<\/td>\n<\/tr>\n<\/tbody>\n<\/table>\n<\/div>\n<div class=\"dcf-overflow-x-auto\" tabindex=\"0\">\n<table class=\"dcf-table dcf-table-responsive dcf-table-bordered dcf-w-100%\">\n<caption>HMF Mil uzunlu\u011fu (L)<\/caption>\n<tbody>\n<tr>\n<td>50 mm<\/td>\n<td>70 mm<\/td>\n<td>100 mm<\/td>\n<td>120mm<\/td>\n<td>150mm<\/td>\n<td>180mm<\/td>\n<td>200 mm<\/td>\n<td>230mm<\/td>\n<td>280 mm<\/td>\n<td>330mm<\/td>\n<\/tr>\n<\/tbody>\n<\/table>\n<\/div>\n<p>Di\u011fer di\u015fli mil uzunlu\u011fu (L) i\u00e7in l\u00fctfen bizimle ileti\u015fime ge\u00e7in.<br \/>\n\u0130stek \u00fczerine in\u00e7 cinsinden di\u015fler mevcuttur<br \/>\n\u0130plik ayr\u0131ca \u00f6zel iste\u011fe g\u00f6re \u00f6zelle\u015ftirilebilir, eski trapez iplik vb.<\/p>\n<h3>Makine aya\u011f\u0131 teslimat se\u00e7ene\u011fi<\/h3>\n<p>B\u00fcy\u00fck sipari\u015fler i\u00e7in taban ve milleri ayr\u0131 ayr\u0131 tedarik etmeyi \u00f6neriyoruz<br \/>\nAvantaj\u0131, bir\u00e7ok farkl\u0131 boyutta i\u011f kullanan m\u00fc\u015fteri i\u00e7in esnekliktir.<\/p>\n<h2 data-start=\"0\" data-end=\"127\"><strong data-start=\"0\" data-end=\"125\">\u0130ki Zemin Kilitleme Plakal\u0131 ve Tam Di\u015fli Mil ile Makine Ayaklar\u0131<\/strong><\/h2>\n<h3 data-start=\"129\" data-end=\"184\">2 Zemin Kilitleme Plakas\u0131yla Geli\u015ftirilmi\u015f Stabilite<\/h3>\n<p data-start=\"185\" data-end=\"520\">\u0130ki zemin kilitleme plakas\u0131yla donat\u0131lm\u0131\u015f makine ayaklar\u0131, ekipman\u0131 zemine g\u00fcvenli bir \u015fekilde sabitleyerek \u00fcst\u00fcn stabilite sa\u011flar. Bu tasar\u0131m titre\u015fimleri en aza indirerek optimum performans sa\u011flar ve makinelerdeki a\u015f\u0131nma ve y\u0131pranmay\u0131 azalt\u0131r. 2 plaka a\u011f\u0131rl\u0131\u011f\u0131 daha e\u015fit \u015fekilde da\u011f\u0131t\u0131r ve bu da onlar\u0131 a\u011f\u0131r hizmet tipi end\u00fcstriyel ortamlar i\u00e7in ideal hale getirir.<\/p>\n<h3 data-start=\"522\" data-end=\"574\">Hassas Ayarlamalar i\u00e7in Tam Di\u015fli Mil<\/h3>\n<p data-start=\"575\" data-end=\"917\">Tam di\u015fli mil, operat\u00f6rlerin makineleri kolayca dengelemesini sa\u011flayan hassas y\u00fckseklik ayarlamalar\u0131 sunar. Di\u015fli tasar\u0131m\u0131, g\u00fcvenli konumland\u0131rmay\u0131 garanti ederek \u00e7al\u0131\u015fma s\u0131ras\u0131nda istenmeyen kaymalar\u0131 \u00f6nler. Bu d\u00fczeydeki ayarlanabilirlik, \u00f6zellikle <a href=\"https:\/\/nhkmachineryparts.com\/tr\/our-industries\/\" data-internallinksmanager029f6b8e52c=\"4\" title=\"End\u00fcstrilerimiz\">end\u00fcstriler<\/a> hassasiyetin en \u00f6nemli oldu\u011fu yer.<\/p>\n<h3 data-start=\"919\" data-end=\"963\">Temiz Ortamlar i\u00e7in Hijyenik Tasar\u0131m<\/h3>\n<p data-start=\"964\" data-end=\"1339\">G\u0131da i\u015fleme, ila\u00e7 ve temiz oda uygulamalar\u0131 i\u00e7in paslanmaz \u00e7elik konstr\u00fcksiyonlu ve p\u00fcr\u00fczs\u00fcz y\u00fczeyli makine ayaklar\u0131 olmazsa olmazd\u0131r. Kolay temizlenebilir tasar\u0131mlar\u0131 kir ve bakteri birikimini \u00f6nleyerek hijyen y\u00f6netmeliklerine uyumu garanti eder. Korozyona dayan\u0131kl\u0131 malzemeler ayr\u0131ca bile\u015fenlerin kullan\u0131m \u00f6mr\u00fcn\u00fc uzatarak bak\u0131m maliyetlerini azalt\u0131r.<\/p>\n<h3 data-start=\"1341\" data-end=\"1387\">End\u00fcstriler Aras\u0131 \u00c7ok Y\u00f6nl\u00fc Uygulamalar<\/h3>\n<p data-start=\"1388\" data-end=\"1763\">Bu makine ayaklar\u0131, hem stabilitenin hem de hijyenin kritik \u00f6nem ta\u015f\u0131d\u0131\u011f\u0131 paketleme, g\u0131da i\u015fleme ve biyoteknoloji end\u00fcstrilerinde yayg\u0131n olarak kullan\u0131l\u0131r. Sa\u011flam yap\u0131lar\u0131 a\u011f\u0131r makineleri desteklerken, ayarlanabilir mil, engebeli y\u00fczeylerde hassas seviyeleme sa\u011flar. Bu g\u00fc\u00e7 ve hassasiyet kombinasyonu \u00fcretkenli\u011fi art\u0131r\u0131r ve tutarl\u0131 \u00fcr\u00fcn kalitesi sa\u011flar.<\/p>\n<h3 data-start=\"3\" data-end=\"120\"><strong data-start=\"3\" data-end=\"118\" data-is-only-node=\"\">\u0130stikrar\u0131 ve Hassasiyeti Art\u0131r\u0131n<\/strong><strong data-start=\"125\" data-end=\"226\" data-is-last-node=\"\" data-is-only-node=\"\">\u00a0End\u00fcstriyel Uygulamalar<\/strong><\/h3>\n<p data-start=\"1765\" data-end=\"2013\" data-is-last-node=\"\" data-is-only-node=\"\">G\u0131da i\u015fleme, ila\u00e7 ve end\u00fcstriyel uygulamalar i\u00e7in geli\u015fmi\u015f stabilite, hassas y\u00fckseklik ayarlamalar\u0131 ve hijyenik tasar\u0131m sunan, iki taban kilitleme plakas\u0131na ve tam di\u015fli mile sahip makine ayaklar\u0131n\u0131 ke\u015ffedin.<\/p>\n\n\t\t<\/div>\n\t<\/div>\n<\/div><\/div><\/div><\/div><\/div><\/section>","protected":false},"excerpt":{"rendered":"Stability and Precision in Industrial Applications Machine feet with rubber base for vibration reduction and anti-slip properties Our machine feet are provided with FDA certificate (FDA CFR 21 177 2600) with unique batch ID number for food safety traceability Try our product selector Machine feet features and advantages Machine feet have a rounded, hygienic design [...]","protected":false},"featured_media":12704,"template":"","meta":[],"product_brand":[],"product_cat":[18],"product_tag":[],"class_list":{"0":"post-12765","1":"product","2":"type-product","3":"status-publish","4":"has-post-thumbnail","6":"product_cat-stainless-steel-machine-levelling-feet","8":"first","9":"instock","10":"shipping-taxable","11":"product-type-simple"},"yoast_head":"<!-- This site is optimized with the Yoast SEO plugin v27.3 - https:\/\/yoast.com\/product\/yoast-seo-wordpress\/ -->\n<title>Machine feet with 2 floor locking plates and fully-threaded spindle | NHK Machinery Parts<\/title>\n<meta name=\"description\" content=\"Achieve optimal machine performance and reduce vibrations with robust machine feet that offer secure floor anchoring and easy height adjustments.\" \/>\n<meta name=\"robots\" content=\"index, follow, max-snippet:-1, max-image-preview:large, max-video-preview:-1\" \/>\n<link rel=\"canonical\" href=\"https:\/\/nhkmachineryparts.com\/tr\/urun\/2-taban-kilitleme-plakasi-ve-tam-disli-mil-ile-makine-ayagi\/\" \/>\n<meta property=\"og:locale\" content=\"tr_TR\" \/>\n<meta property=\"og:type\" content=\"article\" \/>\n<meta property=\"og:title\" content=\"Machine feet with 2 floor locking plates and fully-threaded spindle | NHK Machinery Parts\" \/>\n<meta property=\"og:description\" content=\"Achieve optimal machine performance and reduce vibrations with robust machine feet that offer secure floor anchoring and easy height adjustments.\" \/>\n<meta property=\"og:url\" content=\"https:\/\/nhkmachineryparts.com\/tr\/urun\/2-taban-kilitleme-plakasi-ve-tam-disli-mil-ile-makine-ayagi\/\" \/>\n<meta property=\"og:site_name\" content=\"NHK Machinery Parts\" \/>\n<meta property=\"article:publisher\" content=\"https:\/\/www.facebook.com\/NHK.Group.aps\" \/>\n<meta property=\"article:modified_time\" content=\"2026-02-23T11:34:11+00:00\" \/>\n<meta property=\"og:image\" content=\"https:\/\/nhkmachineryparts.com\/wp-content\/uploads\/2024\/11\/Hygienic-machine-feet-with-2-locking-plates-and-vulcanized-black-FDA-rubber-base-and-full-threaded-spindle.jpg\" \/>\n\t<meta property=\"og:image:width\" content=\"1000\" \/>\n\t<meta property=\"og:image:height\" content=\"1000\" \/>\n\t<meta property=\"og:image:type\" content=\"image\/jpeg\" \/>\n<meta name=\"twitter:card\" content=\"summary_large_image\" \/>\n<meta name=\"twitter:label1\" content=\"Tahmini okuma s\u00fcresi\" \/>\n\t<meta name=\"twitter:data1\" content=\"3 dakika\" \/>\n<script type=\"application\/ld+json\" class=\"yoast-schema-graph\">{\"@context\":\"https:\\\/\\\/schema.org\",\"@graph\":[{\"@type\":\"WebPage\",\"@id\":\"https:\\\/\\\/nhkmachineryparts.com\\\/product\\\/machine-feet-with-2-floor-locking-plates-and-fully-threaded-spindle\\\/\",\"url\":\"https:\\\/\\\/nhkmachineryparts.com\\\/product\\\/machine-feet-with-2-floor-locking-plates-and-fully-threaded-spindle\\\/\",\"name\":\"Machine feet with 2 floor locking plates and fully-threaded spindle | NHK Machinery Parts\",\"isPartOf\":{\"@id\":\"https:\\\/\\\/nhkmachineryparts.com\\\/#website\"},\"primaryImageOfPage\":{\"@id\":\"https:\\\/\\\/nhkmachineryparts.com\\\/product\\\/machine-feet-with-2-floor-locking-plates-and-fully-threaded-spindle\\\/#primaryimage\"},\"image\":{\"@id\":\"https:\\\/\\\/nhkmachineryparts.com\\\/product\\\/machine-feet-with-2-floor-locking-plates-and-fully-threaded-spindle\\\/#primaryimage\"},\"thumbnailUrl\":\"https:\\\/\\\/nhkmachineryparts.com\\\/wp-content\\\/uploads\\\/2024\\\/11\\\/Hygienic-machine-feet-with-2-locking-plates-and-vulcanized-black-FDA-rubber-base-and-full-threaded-spindle.jpg\",\"datePublished\":\"2024-11-09T19:50:11+00:00\",\"dateModified\":\"2026-02-23T11:34:11+00:00\",\"description\":\"Achieve optimal machine performance and reduce vibrations with robust machine feet that offer secure floor anchoring and easy height adjustments.\",\"breadcrumb\":{\"@id\":\"https:\\\/\\\/nhkmachineryparts.com\\\/product\\\/machine-feet-with-2-floor-locking-plates-and-fully-threaded-spindle\\\/#breadcrumb\"},\"inLanguage\":\"tr\",\"potentialAction\":[{\"@type\":\"ReadAction\",\"target\":[\"https:\\\/\\\/nhkmachineryparts.com\\\/product\\\/machine-feet-with-2-floor-locking-plates-and-fully-threaded-spindle\\\/\"]}]},{\"@type\":\"ImageObject\",\"inLanguage\":\"tr\",\"@id\":\"https:\\\/\\\/nhkmachineryparts.com\\\/product\\\/machine-feet-with-2-floor-locking-plates-and-fully-threaded-spindle\\\/#primaryimage\",\"url\":\"https:\\\/\\\/nhkmachineryparts.com\\\/wp-content\\\/uploads\\\/2024\\\/11\\\/Hygienic-machine-feet-with-2-locking-plates-and-vulcanized-black-FDA-rubber-base-and-full-threaded-spindle.jpg\",\"contentUrl\":\"https:\\\/\\\/nhkmachineryparts.com\\\/wp-content\\\/uploads\\\/2024\\\/11\\\/Hygienic-machine-feet-with-2-locking-plates-and-vulcanized-black-FDA-rubber-base-and-full-threaded-spindle.jpg\",\"width\":1000,\"height\":1000,\"caption\":\"Hygienic machine feet with 2 locking plates and vulcanized black FDA rubber base and full threaded spindle\"},{\"@type\":\"BreadcrumbList\",\"@id\":\"https:\\\/\\\/nhkmachineryparts.com\\\/product\\\/machine-feet-with-2-floor-locking-plates-and-fully-threaded-spindle\\\/#breadcrumb\",\"itemListElement\":[{\"@type\":\"ListItem\",\"position\":1,\"name\":\"Home\",\"item\":\"https:\\\/\\\/nhkmachineryparts.com\\\/\"},{\"@type\":\"ListItem\",\"position\":2,\"name\":\"Product line\",\"item\":\"https:\\\/\\\/nhkmachineryparts.com\\\/product-line\\\/\"},{\"@type\":\"ListItem\",\"position\":3,\"name\":\"Industrial machine leveling feet in stainless steel\",\"item\":\"https:\\\/\\\/nhkmachineryparts.com\\\/product-line\\\/stainless-steel-machine-levelling-feet\\\/\"},{\"@type\":\"ListItem\",\"position\":4,\"name\":\"Machine feet with 2 floor locking plates and fully-threaded spindle\"}]},{\"@type\":\"WebSite\",\"@id\":\"https:\\\/\\\/nhkmachineryparts.com\\\/#website\",\"url\":\"https:\\\/\\\/nhkmachineryparts.com\\\/\",\"name\":\"NHK Machinery Parts\",\"description\":\"Bearing Houses, seismic levelling feet and levelling castors\",\"publisher\":{\"@id\":\"https:\\\/\\\/nhkmachineryparts.com\\\/#organization\"},\"potentialAction\":[{\"@type\":\"SearchAction\",\"target\":{\"@type\":\"EntryPoint\",\"urlTemplate\":\"https:\\\/\\\/nhkmachineryparts.com\\\/?s={search_term_string}\"},\"query-input\":{\"@type\":\"PropertyValueSpecification\",\"valueRequired\":true,\"valueName\":\"search_term_string\"}}],\"inLanguage\":\"tr\"},{\"@type\":\"Organization\",\"@id\":\"https:\\\/\\\/nhkmachineryparts.com\\\/#organization\",\"name\":\"Nhk Group ApS\",\"url\":\"https:\\\/\\\/nhkmachineryparts.com\\\/\",\"logo\":{\"@type\":\"ImageObject\",\"inLanguage\":\"tr\",\"@id\":\"https:\\\/\\\/nhkmachineryparts.com\\\/#\\\/schema\\\/logo\\\/image\\\/\",\"url\":\"https:\\\/\\\/nhkmachineryparts.com\\\/wp-content\\\/uploads\\\/2022\\\/09\\\/NHKgroup_social.jpg\",\"contentUrl\":\"https:\\\/\\\/nhkmachineryparts.com\\\/wp-content\\\/uploads\\\/2022\\\/09\\\/NHKgroup_social.jpg\",\"width\":1200,\"height\":630,\"caption\":\"Nhk Group ApS\"},\"image\":{\"@id\":\"https:\\\/\\\/nhkmachineryparts.com\\\/#\\\/schema\\\/logo\\\/image\\\/\"},\"sameAs\":[\"https:\\\/\\\/www.facebook.com\\\/NHK.Group.aps\"]}]}<\/script>\n<!-- \/ Yoast SEO plugin. -->","yoast_head_json":{"title":"2 taban kilitleme plakal\u0131 ve tam di\u015fli mil ile makine ayaklar\u0131 | NHK Makine Par\u00e7alar\u0131","description":"Sa\u011flam zemin sabitleme ve kolay y\u00fckseklik ayarlamalar\u0131 sa\u011flayan sa\u011flam makine ayaklar\u0131yla optimum makine performans\u0131na ula\u015f\u0131n ve titre\u015fimleri azalt\u0131n.","robots":{"index":"index","follow":"follow","max-snippet":"max-snippet:-1","max-image-preview":"max-image-preview:large","max-video-preview":"max-video-preview:-1"},"canonical":"https:\/\/nhkmachineryparts.com\/tr\/urun\/2-taban-kilitleme-plakasi-ve-tam-disli-mil-ile-makine-ayagi\/","og_locale":"tr_TR","og_type":"article","og_title":"Machine feet with 2 floor locking plates and fully-threaded spindle | NHK Machinery Parts","og_description":"Achieve optimal machine performance and reduce vibrations with robust machine feet that offer secure floor anchoring and easy height adjustments.","og_url":"https:\/\/nhkmachineryparts.com\/tr\/urun\/2-taban-kilitleme-plakasi-ve-tam-disli-mil-ile-makine-ayagi\/","og_site_name":"NHK Machinery Parts","article_publisher":"https:\/\/www.facebook.com\/NHK.Group.aps","article_modified_time":"2026-02-23T11:34:11+00:00","og_image":[{"width":1000,"height":1000,"url":"https:\/\/nhkmachineryparts.com\/wp-content\/uploads\/2024\/11\/Hygienic-machine-feet-with-2-locking-plates-and-vulcanized-black-FDA-rubber-base-and-full-threaded-spindle.jpg","type":"image\/jpeg"}],"twitter_card":"summary_large_image","twitter_misc":{"Tahmini okuma s\u00fcresi":"3 dakika"},"schema":{"@context":"https:\/\/schema.org","@graph":[{"@type":"WebPage","@id":"https:\/\/nhkmachineryparts.com\/product\/machine-feet-with-2-floor-locking-plates-and-fully-threaded-spindle\/","url":"https:\/\/nhkmachineryparts.com\/product\/machine-feet-with-2-floor-locking-plates-and-fully-threaded-spindle\/","name":"2 taban kilitleme plakal\u0131 ve tam di\u015fli mil ile makine ayaklar\u0131 | NHK Makine Par\u00e7alar\u0131","isPartOf":{"@id":"https:\/\/nhkmachineryparts.com\/#website"},"primaryImageOfPage":{"@id":"https:\/\/nhkmachineryparts.com\/product\/machine-feet-with-2-floor-locking-plates-and-fully-threaded-spindle\/#primaryimage"},"image":{"@id":"https:\/\/nhkmachineryparts.com\/product\/machine-feet-with-2-floor-locking-plates-and-fully-threaded-spindle\/#primaryimage"},"thumbnailUrl":"https:\/\/nhkmachineryparts.com\/wp-content\/uploads\/2024\/11\/Hygienic-machine-feet-with-2-locking-plates-and-vulcanized-black-FDA-rubber-base-and-full-threaded-spindle.jpg","datePublished":"2024-11-09T19:50:11+00:00","dateModified":"2026-02-23T11:34:11+00:00","description":"Sa\u011flam zemin sabitleme ve kolay y\u00fckseklik ayarlamalar\u0131 sa\u011flayan sa\u011flam makine ayaklar\u0131yla optimum makine performans\u0131na ula\u015f\u0131n ve titre\u015fimleri azalt\u0131n.","breadcrumb":{"@id":"https:\/\/nhkmachineryparts.com\/product\/machine-feet-with-2-floor-locking-plates-and-fully-threaded-spindle\/#breadcrumb"},"inLanguage":"tr","potentialAction":[{"@type":"ReadAction","target":["https:\/\/nhkmachineryparts.com\/product\/machine-feet-with-2-floor-locking-plates-and-fully-threaded-spindle\/"]}]},{"@type":"ImageObject","inLanguage":"tr","@id":"https:\/\/nhkmachineryparts.com\/product\/machine-feet-with-2-floor-locking-plates-and-fully-threaded-spindle\/#primaryimage","url":"https:\/\/nhkmachineryparts.com\/wp-content\/uploads\/2024\/11\/Hygienic-machine-feet-with-2-locking-plates-and-vulcanized-black-FDA-rubber-base-and-full-threaded-spindle.jpg","contentUrl":"https:\/\/nhkmachineryparts.com\/wp-content\/uploads\/2024\/11\/Hygienic-machine-feet-with-2-locking-plates-and-vulcanized-black-FDA-rubber-base-and-full-threaded-spindle.jpg","width":1000,"height":1000,"caption":"Hygienic machine feet with 2 locking plates and vulcanized black FDA rubber base and full threaded spindle"},{"@type":"BreadcrumbList","@id":"https:\/\/nhkmachineryparts.com\/product\/machine-feet-with-2-floor-locking-plates-and-fully-threaded-spindle\/#breadcrumb","itemListElement":[{"@type":"ListItem","position":1,"name":"Home","item":"https:\/\/nhkmachineryparts.com\/"},{"@type":"ListItem","position":2,"name":"Product line","item":"https:\/\/nhkmachineryparts.com\/product-line\/"},{"@type":"ListItem","position":3,"name":"Industrial machine leveling feet in stainless steel","item":"https:\/\/nhkmachineryparts.com\/product-line\/stainless-steel-machine-levelling-feet\/"},{"@type":"ListItem","position":4,"name":"Machine feet with 2 floor locking plates and fully-threaded spindle"}]},{"@type":"WebSite","@id":"https:\/\/nhkmachineryparts.com\/#website","url":"https:\/\/nhkmachineryparts.com\/","name":"NHK Makine Par\u00e7alar\u0131","description":"Rulman Yataklar\u0131, sismik tesviye ayaklar\u0131 ve tesviye tekerlekleri","publisher":{"@id":"https:\/\/nhkmachineryparts.com\/#organization"},"potentialAction":[{"@type":"SearchAction","target":{"@type":"EntryPoint","urlTemplate":"https:\/\/nhkmachineryparts.com\/?s={search_term_string}"},"query-input":{"@type":"PropertyValueSpecification","valueRequired":true,"valueName":"search_term_string"}}],"inLanguage":"tr"},{"@type":"Organization","@id":"https:\/\/nhkmachineryparts.com\/#organization","name":"NHK Grup ApS","url":"https:\/\/nhkmachineryparts.com\/","logo":{"@type":"ImageObject","inLanguage":"tr","@id":"https:\/\/nhkmachineryparts.com\/#\/schema\/logo\/image\/","url":"https:\/\/nhkmachineryparts.com\/wp-content\/uploads\/2022\/09\/NHKgroup_social.jpg","contentUrl":"https:\/\/nhkmachineryparts.com\/wp-content\/uploads\/2022\/09\/NHKgroup_social.jpg","width":1200,"height":630,"caption":"Nhk Group ApS"},"image":{"@id":"https:\/\/nhkmachineryparts.com\/#\/schema\/logo\/image\/"},"sameAs":["https:\/\/www.facebook.com\/NHK.Group.aps"]}]}},"_links":{"self":[{"href":"https:\/\/nhkmachineryparts.com\/tr\/wp-json\/wp\/v2\/product\/12765","targetHints":{"allow":["GET"]}}],"collection":[{"href":"https:\/\/nhkmachineryparts.com\/tr\/wp-json\/wp\/v2\/product"}],"about":[{"href":"https:\/\/nhkmachineryparts.com\/tr\/wp-json\/wp\/v2\/types\/product"}],"wp:featuredmedia":[{"embeddable":true,"href":"https:\/\/nhkmachineryparts.com\/tr\/wp-json\/wp\/v2\/media\/12704"}],"wp:attachment":[{"href":"https:\/\/nhkmachineryparts.com\/tr\/wp-json\/wp\/v2\/media?parent=12765"}],"wp:term":[{"taxonomy":"product_brand","embeddable":true,"href":"https:\/\/nhkmachineryparts.com\/tr\/wp-json\/wp\/v2\/product_brand?post=12765"},{"taxonomy":"product_cat","embeddable":true,"href":"https:\/\/nhkmachineryparts.com\/tr\/wp-json\/wp\/v2\/product_cat?post=12765"},{"taxonomy":"product_tag","embeddable":true,"href":"https:\/\/nhkmachineryparts.com\/tr\/wp-json\/wp\/v2\/product_tag?post=12765"}],"curies":[{"name":"wp","href":"https:\/\/api.w.org\/{rel}","templated":true}]}}