{"id":1137,"date":"2022-09-19T14:06:11","date_gmt":"2022-09-19T14:06:11","guid":{"rendered":"https:\/\/nhkmachineryparts.pawsfabrik.dk\/?post_type=product&#038;p=1137"},"modified":"2026-02-23T15:12:43","modified_gmt":"2026-02-23T13:12:43","slug":"223-yastik-blok-unitesi-ppl","status":"publish","type":"product","link":"https:\/\/nhkmachineryparts.com\/tr\/product\/223-pillow-block-unit-ppl\/","title":{"rendered":"Yast\u0131k blok PPL bilyal\u0131 rulman \u00fcnitesi"},"content":{"rendered":"<section class=\"vc_row vc_custom_1662993827263 liquid-row-shadowbox-69d3c5e1b3359 vc_column-gap-0\"><div class=\"ld-container container\"><div class=\"row ld-row ld-row-outer\"><div class=\"wpb_column vc_column_container vc_col-sm-12 liquid-column-69d3c5e1b3602\"><div class=\"vc_column-inner\" ><div class=\"wpb_wrapper\"  >\n\t<div class=\"wpb_text_column wpb_content_element\" >\n\t\t<div class=\"wpb_wrapper\">\n\t\t\t<h2>End\u00fcstriyel Uygulamalarda Verimlilik ve Dayan\u0131kl\u0131l\u0131k<\/h2>\n<p>Polipropilen IP54 rulman yuvas\u0131. (Siyah, Beyaz veya Mavi renkte)<br \/>\nIP54 rulman muhafazas\u0131nda ayarlanabilir \u00f6nceden ya\u011flamal\u0131 krom \u00e7elik veya \u00f6nceden ya\u011flamal\u0131 paslanmaz \u00e7elik bilyal\u0131 rulman bulunur.<br \/>\nRulman, gres nipeli veya h\u0131zl\u0131 ba\u011flant\u0131 eleman\u0131 arac\u0131l\u0131\u011f\u0131yla yeniden ya\u011flanabilir.<br \/>\nIP54 rulman muhafazas\u0131 klipsli emniyet kapa\u011f\u0131yla donat\u0131lm\u0131\u015ft\u0131r.<br \/>\nNBR kau\u00e7uktan ekstra toz koruma dudakl\u0131 d\u00f6ner mil conta halkas\u0131 (TC).<\/p>\n<h2>\u00d6zellikler ve avantajlar<\/h2>\n<ul>\n<li>-20\u00b0C ile +100\u00b0C aras\u0131 \u00e7al\u0131\u015fma s\u0131cakl\u0131\u011f\u0131.<\/li>\n<li>Ekonomik \u00e7al\u0131\u015fma.<\/li>\n<li>Uzun \u00f6m\u00fcrl\u00fc rulman ek par\u00e7as\u0131.<\/li>\n<li>T\u00fcm g\u00fcvenlik gereksinimlerini kar\u015f\u0131layacak konsept ve tasar\u0131m.<\/li>\n<li>Standart d\u00f6kme demir flan\u015fl\u0131 yatak destekleriyle de\u011fi\u015ftirilebilir.<\/li>\n<li>\u015eaft ve mahfaza aras\u0131ndaki maksimum hizas\u0131zl\u0131k: 3 derece.<\/li>\n<li>Tamamen kapal\u0131 \u00fcniteler.<\/li>\n<li>Paslanmaz \u00e7elik gres nipelleri AISI304 M6x1mm<\/li>\n<li>Paslanmaz \u00e7elik rulmanlar AISI 440C (\u00f6nceden ya\u011flanm\u0131\u015f)<\/li>\n<li>Nemli ko\u015fullardaki uygulamalar i\u00e7in su, alkalin veya asit sol\u00fcsyonlar\u0131 ile ideal olan uzun \u00f6m\u00fcrl\u00fc gres ile \u00f6nceden ya\u011flanm\u0131\u015f bilyal\u0131 rulman.<\/li>\n<\/ul>\n<h2>Mevcut boyutlar<\/h2>\n<div class=\"dcf-overflow-x-auto\" tabindex=\"0\">\n<table class=\"dcf-table dcf-table-bordered dcf-w-100%\">\n<thead>\n<tr>\n<th scope=\"col\">Mil \u00e7ap\u0131<\/th>\n<th scope=\"col\">Katalog No.<\/th>\n<\/tr>\n<\/thead>\n<tbody>\n<tr>\n<td data-label=\"Shaft Diameter\">\u00d820mm<\/td>\n<td data-label=\"Catalog No.\">PPL 204<\/td>\n<\/tr>\n<tr>\n<td data-label=\"Shaft Diameter\">\u00d825mm<\/td>\n<td data-label=\"Catalog No.\">PPL 205<\/td>\n<\/tr>\n<tr>\n<td data-label=\"Shaft Diameter\">\u00d830mm<\/td>\n<td data-label=\"Catalog No.\">PPL 206<\/td>\n<\/tr>\n<tr>\n<td data-label=\"Shaft Diameter\">\u00d835mm<\/td>\n<td data-label=\"Catalog No.\">PPL 207<\/td>\n<\/tr>\n<tr>\n<td data-label=\"Shaft Diameter\">\u00d840mm<\/td>\n<td data-label=\"Catalog No.\">PPL 208<\/td>\n<\/tr>\n<tr>\n<td data-label=\"Shaft Diameter\">\u00d845mm<\/td>\n<td data-label=\"Catalog No.\">PPL 209<\/td>\n<\/tr>\n<tr>\n<td data-label=\"Shaft Diameter\">\u00d850mm<\/td>\n<td data-label=\"Catalog No.\">Ki\u015fi ba\u015f\u0131 210<\/td>\n<\/tr>\n<tr>\n<td data-label=\"Shaft Diameter\">\u00d855mm<\/td>\n<td data-label=\"Catalog No.\">PPL 211<\/td>\n<\/tr>\n<tr>\n<td data-label=\"Shaft Diameter\">\u00d860mm<\/td>\n<td data-label=\"Catalog No.\">PPL 212<\/td>\n<\/tr>\n<\/tbody>\n<\/table>\n<\/div>\n<p>PPL20x a\u00e7\u0131k kapakl\u0131 veya kapal\u0131 kapakl\u0131 olarak temin edilebilir.<br \/>\nKapa\u011f\u0131 a\u00e7\u0131n, rulman numaralar\u0131na \u201cOC\u201d son eki eklendi. \u00f6rne\u011fin: PPL204OC.<br \/>\nKapal\u0131 kapak, rulman numaralar\u0131na \u201cCC\u201d son eki eklenmi\u015ftir. \u00f6rne\u011fin: PPL204CC.<\/p>\n<h2 data-start=\"0\" data-end=\"93\">Yast\u0131k Blok PPL Bilyal\u0131 Rulman \u00dcnitesi<\/h2>\n<h3 data-start=\"0\" data-end=\"93\">End\u00fcstriyel Uygulamalarda Verimlilik ve Dayan\u0131kl\u0131l\u0131k<\/h3>\n<p data-start=\"115\" data-end=\"508\">A <strong data-start=\"117\" data-end=\"155\">Yast\u0131k Blok PPL Bilyal\u0131 Rulman \u00dcnitesi<\/strong> \u00e7e\u015fitli end\u00fcstriyel uygulamalarda kritik bir bile\u015fendir ve d\u00f6nen miller i\u00e7in g\u00fcvenilir destek ve p\u00fcr\u00fczs\u00fcz hareket sunar. Verimlilik ve dayan\u0131kl\u0131l\u0131k i\u00e7in tasarlanan PPL yast\u0131k bloklu rulmanlar, g\u0131da i\u015fleme, ila\u00e7 ve a\u011f\u0131r makine gibi zorlu ortamlarda optimum performans sa\u011flayarak bilyal\u0131 rulmanlar i\u00e7in g\u00fcvenli bir muhafaza sa\u011flar.<\/p>\n<h3 data-start=\"510\" data-end=\"541\">Temel \u00d6zellikler ve Avantajlar<\/h3>\n<ul data-start=\"543\" data-end=\"1302\">\n<li data-start=\"543\" data-end=\"775\"><strong data-start=\"545\" data-end=\"570\">Korozyon Direnci:<\/strong> Bir\u00e7ok <strong data-start=\"576\" data-end=\"602\">PPL bilyal\u0131 rulman \u00fcniteleri<\/strong> yap\u0131lm\u0131\u015ft\u0131r <strong data-start=\"617\" data-end=\"636\">paslanmaz \u00e7elik<\/strong> veya <strong data-start=\"640\" data-end=\"661\">polimer malzemeler<\/strong>korozyona ve kimyasallara kar\u015f\u0131 m\u00fckemmel diren\u00e7 sa\u011flayarak hijyene duyarl\u0131 cihazlar i\u00e7in idealdir <a href=\"https:\/\/nhkmachineryparts.com\/tr\/our-industries\/\" data-internallinksmanager029f6b8e52c=\"4\" title=\"End\u00fcstrilerimiz\">end\u00fcstriler<\/a>.<\/li>\n<li data-start=\"776\" data-end=\"926\"><strong data-start=\"778\" data-end=\"807\">Kendi Kendini Hizalama Yetene\u011fi:<\/strong> Bu \u00fcniteler, \u015fafttaki k\u00fc\u00e7\u00fck hizalama hatalar\u0131n\u0131 telafi ederek a\u015f\u0131nmay\u0131 azalt\u0131r ve makinelerin \u00e7al\u0131\u015fma \u00f6mr\u00fcn\u00fc uzat\u0131r.<\/li>\n<li data-start=\"927\" data-end=\"1121\"><strong data-start=\"929\" data-end=\"955\">Koruma \u0130\u00e7in M\u00fch\u00fcrlendi:<\/strong> Y\u00fcksek kaliteli contalara sahip, <strong data-start=\"986\" data-end=\"1015\">PPL yast\u0131k blok rulmanlar<\/strong> Toz, su ve kimyasallardan kaynaklanan kirlenmeyi \u00f6nleyerek zorlu ortamlarda g\u00fcvenilirli\u011fi art\u0131r\u0131r.<\/li>\n<li data-start=\"1122\" data-end=\"1302\"><strong data-start=\"1124\" data-end=\"1162\">Kolay Kurulum ve Bak\u0131m:<\/strong> \u0130\u00e7in tasarland\u0131 <strong data-start=\"1176\" data-end=\"1211\">basit montaj ve s\u00f6kme<\/strong>Bu rulmanlar, duru\u015f s\u00fcresini ve bak\u0131m maliyetlerini en aza indirerek genel verimlili\u011fi art\u0131r\u0131r.<\/li>\n<\/ul>\n<h3 data-start=\"1304\" data-end=\"1361\">Yast\u0131k Blok PPL Bilyal\u0131 Rulman \u00dcnitelerinin Uygulamalar\u0131<\/h3>\n<ol data-start=\"1363\" data-end=\"1793\">\n<li data-start=\"1363\" data-end=\"1483\"><strong data-start=\"1366\" data-end=\"1385\">G\u0131da i\u015fleme<\/strong> \u2013 Konvey\u00f6r, mikser ve y\u0131kama ekipmanlar\u0131nda kullan\u0131larak hijyenik ve verimli bir \u00e7al\u0131\u015fma sa\u011flar.<\/li>\n<li data-start=\"1484\" data-end=\"1589\"><strong data-start=\"1487\" data-end=\"1514\">\u0130la\u00e7 end\u00fcstrisi<\/strong> \u2013 \u0130la\u00e7 \u00fcretim ve paketleme sistemlerinde hassas hareketi destekler.<\/li>\n<li data-start=\"1590\" data-end=\"1691\"><strong data-start=\"1593\" data-end=\"1619\">Tar\u0131m Makinalar\u0131<\/strong> \u2013 Hasat ve i\u015fleme ekipmanlar\u0131nda sorunsuz rotasyon sa\u011flar.<\/li>\n<li data-start=\"1692\" data-end=\"1793\"><strong data-start=\"1695\" data-end=\"1716\">Malzeme Ta\u015f\u0131ma<\/strong> \u2013 Konvey\u00f6r bantlarda ve otomasyon sistemlerinde verimlili\u011fi artt\u0131r\u0131c\u0131 olarak kullan\u0131l\u0131r.<\/li>\n<\/ol>\n<h2 data-start=\"1795\" data-end=\"1811\">End\u00fcstriyel Uygulamalar i\u00e7in G\u00fcvenilir, Dayan\u0131kl\u0131 ve Verimli<\/h2>\n<p data-start=\"1813\" data-end=\"2109\">The <strong data-start=\"1817\" data-end=\"1855\">Yast\u0131k Blok PPL Bilyal\u0131 Rulman \u00dcnitesi<\/strong> bir <strong data-start=\"1861\" data-end=\"1886\">\u00e7ok y\u00f6nl\u00fc ve dayan\u0131kl\u0131<\/strong> end\u00fcstriler i\u00e7in \u00e7\u00f6z\u00fcm <strong data-start=\"1921\" data-end=\"1957\">y\u00fcksek performansl\u0131 rulman deste\u011fi<\/strong>Sa\u011flam yap\u0131s\u0131, kendi kendini hizalama \u00f6zellikleri ve <strong data-start=\"2014\" data-end=\"2047\">korozyona dayan\u0131kl\u0131 malzemeler<\/strong> \u00e7e\u015fitli zorlu uygulamalar i\u00e7in ideal bir se\u00e7im haline getirir.<\/p>\n<p>\u0130htiyac\u0131n\u0131z olursa olsun size ve i\u015fletmenize hijyenik \u00e7\u00f6z\u00fcmler sunmaya haz\u0131r\u0131z. <a href=\"https:\/\/nhkmachineryparts.com\/tr\/urun-hatti\/hijyenik-tasarimli-makine-ayaklari-paslanmaz-ayaklar\/\">makine ayaklar\u0131<\/a>, <a href=\"https:\/\/nhkmachineryparts.com\/tr\/urun-hatti\/waterproof-bearing-house-ip67-waterproof-bearing-units\/\">su ge\u00e7irmez IP67 rulmanlar<\/a> veya <a href=\"https:\/\/nhkmachineryparts.com\/tr\/urun-hatti\/bearing-house-units-in-stainless-steel\/\">paslanmaz rulman \u00fcniteleri<\/a>, her \u015feye sahibiz.<\/p>\n\n\t\t<\/div>\n\t<\/div>\n<\/div><\/div><\/div><\/div><\/div><\/section>","protected":false},"excerpt":{"rendered":"Efficiency and Durability in Industrial Applications IP54 bearing housing in Polypropylene. (Colour in Black, White or Blue) IP54 bearing housing has adjustable pre-lubricated chrome steel or pre-lubricated stainless steel ball bearing. The bearing can be re-lubricated by means of grease-nipple or a quick coupler. IP54 bearing housing is fitted with clip-on safety cap. Rotary shaft [...]","protected":false},"featured_media":11651,"template":"","meta":[],"product_brand":[],"product_cat":[52],"product_tag":[],"class_list":{"0":"post-1137","1":"product","2":"type-product","3":"status-publish","4":"has-post-thumbnail","6":"product_cat-bearing-units-in-ip54-thermo-plastic-housing","8":"first","9":"instock","10":"shipping-taxable","11":"product-type-simple"},"yoast_head":"<!-- This site is optimized with the Yoast SEO plugin v27.3 - https:\/\/yoast.com\/product\/yoast-seo-wordpress\/ -->\n<title>Pillow block PPL ball bearing unit | Durable and Efficient | NHK Machinery Parts<\/title>\n<meta name=\"description\" content=\"Maintenance free pillow block bearing units are resistant to all cleaning agents and chemicals, hygienic design, easy-to-clean. Durable and Efficient\" \/>\n<meta name=\"robots\" content=\"index, follow, max-snippet:-1, max-image-preview:large, max-video-preview:-1\" \/>\n<link rel=\"canonical\" href=\"https:\/\/nhkmachineryparts.com\/tr\/urun\/223-yastik-blok-unitesi-ppl\/\" \/>\n<meta property=\"og:locale\" content=\"tr_TR\" \/>\n<meta property=\"og:type\" content=\"article\" \/>\n<meta property=\"og:title\" content=\"Pillow block PPL ball bearing unit | Durable and Efficient | NHK Machinery Parts\" \/>\n<meta property=\"og:description\" content=\"Maintenance free pillow block bearing units are resistant to all cleaning agents and chemicals, hygienic design, easy-to-clean. Durable and Efficient\" \/>\n<meta property=\"og:url\" content=\"https:\/\/nhkmachineryparts.com\/tr\/urun\/223-yastik-blok-unitesi-ppl\/\" \/>\n<meta property=\"og:site_name\" content=\"NHK Machinery Parts\" \/>\n<meta property=\"article:publisher\" content=\"https:\/\/www.facebook.com\/NHK.Group.aps\" \/>\n<meta property=\"article:modified_time\" content=\"2026-02-23T13:12:43+00:00\" \/>\n<meta property=\"og:image\" content=\"https:\/\/nhkmachineryparts.com\/wp-content\/uploads\/2022\/09\/Pillow-block-PPL-ball-bearing-unit-3.jpg\" \/>\n\t<meta property=\"og:image:width\" content=\"1000\" \/>\n\t<meta property=\"og:image:height\" content=\"1000\" \/>\n\t<meta property=\"og:image:type\" content=\"image\/jpeg\" \/>\n<meta name=\"twitter:card\" content=\"summary_large_image\" \/>\n<meta name=\"twitter:label1\" content=\"Tahmini okuma s\u00fcresi\" \/>\n\t<meta name=\"twitter:data1\" content=\"3 dakika\" \/>\n<script type=\"application\/ld+json\" class=\"yoast-schema-graph\">{\"@context\":\"https:\\\/\\\/schema.org\",\"@graph\":[{\"@type\":\"WebPage\",\"@id\":\"https:\\\/\\\/nhkmachineryparts.com\\\/product\\\/223-pillow-block-unit-ppl\\\/\",\"url\":\"https:\\\/\\\/nhkmachineryparts.com\\\/product\\\/223-pillow-block-unit-ppl\\\/\",\"name\":\"Pillow block PPL ball bearing unit | Durable and Efficient | NHK Machinery Parts\",\"isPartOf\":{\"@id\":\"https:\\\/\\\/nhkmachineryparts.com\\\/#website\"},\"primaryImageOfPage\":{\"@id\":\"https:\\\/\\\/nhkmachineryparts.com\\\/product\\\/223-pillow-block-unit-ppl\\\/#primaryimage\"},\"image\":{\"@id\":\"https:\\\/\\\/nhkmachineryparts.com\\\/product\\\/223-pillow-block-unit-ppl\\\/#primaryimage\"},\"thumbnailUrl\":\"https:\\\/\\\/nhkmachineryparts.com\\\/wp-content\\\/uploads\\\/2022\\\/09\\\/Pillow-block-PPL-ball-bearing-unit-3.jpg\",\"datePublished\":\"2022-09-19T14:06:11+00:00\",\"dateModified\":\"2026-02-23T13:12:43+00:00\",\"description\":\"Maintenance free pillow block bearing units are resistant to all cleaning agents and chemicals, hygienic design, easy-to-clean. Durable and Efficient\",\"breadcrumb\":{\"@id\":\"https:\\\/\\\/nhkmachineryparts.com\\\/product\\\/223-pillow-block-unit-ppl\\\/#breadcrumb\"},\"inLanguage\":\"tr\",\"potentialAction\":[{\"@type\":\"ReadAction\",\"target\":[\"https:\\\/\\\/nhkmachineryparts.com\\\/product\\\/223-pillow-block-unit-ppl\\\/\"]}]},{\"@type\":\"ImageObject\",\"inLanguage\":\"tr\",\"@id\":\"https:\\\/\\\/nhkmachineryparts.com\\\/product\\\/223-pillow-block-unit-ppl\\\/#primaryimage\",\"url\":\"https:\\\/\\\/nhkmachineryparts.com\\\/wp-content\\\/uploads\\\/2022\\\/09\\\/Pillow-block-PPL-ball-bearing-unit-3.jpg\",\"contentUrl\":\"https:\\\/\\\/nhkmachineryparts.com\\\/wp-content\\\/uploads\\\/2022\\\/09\\\/Pillow-block-PPL-ball-bearing-unit-3.jpg\",\"width\":1000,\"height\":1000,\"caption\":\"Pillow block PPL ball bearing unit\"},{\"@type\":\"BreadcrumbList\",\"@id\":\"https:\\\/\\\/nhkmachineryparts.com\\\/product\\\/223-pillow-block-unit-ppl\\\/#breadcrumb\",\"itemListElement\":[{\"@type\":\"ListItem\",\"position\":1,\"name\":\"Home\",\"item\":\"https:\\\/\\\/nhkmachineryparts.com\\\/\"},{\"@type\":\"ListItem\",\"position\":2,\"name\":\"Product line\",\"item\":\"https:\\\/\\\/nhkmachineryparts.com\\\/product-line\\\/\"},{\"@type\":\"ListItem\",\"position\":3,\"name\":\"Bearing units in IP54\u00a0composite housing\",\"item\":\"https:\\\/\\\/nhkmachineryparts.com\\\/product-line\\\/bearing-units-in-ip54-thermo-plastic-housing\\\/\"},{\"@type\":\"ListItem\",\"position\":4,\"name\":\"Pillow block PPL ball bearing unit\"}]},{\"@type\":\"WebSite\",\"@id\":\"https:\\\/\\\/nhkmachineryparts.com\\\/#website\",\"url\":\"https:\\\/\\\/nhkmachineryparts.com\\\/\",\"name\":\"NHK Machinery Parts\",\"description\":\"Bearing Houses, seismic levelling feet and levelling castors\",\"publisher\":{\"@id\":\"https:\\\/\\\/nhkmachineryparts.com\\\/#organization\"},\"potentialAction\":[{\"@type\":\"SearchAction\",\"target\":{\"@type\":\"EntryPoint\",\"urlTemplate\":\"https:\\\/\\\/nhkmachineryparts.com\\\/?s={search_term_string}\"},\"query-input\":{\"@type\":\"PropertyValueSpecification\",\"valueRequired\":true,\"valueName\":\"search_term_string\"}}],\"inLanguage\":\"tr\"},{\"@type\":\"Organization\",\"@id\":\"https:\\\/\\\/nhkmachineryparts.com\\\/#organization\",\"name\":\"Nhk Group ApS\",\"url\":\"https:\\\/\\\/nhkmachineryparts.com\\\/\",\"logo\":{\"@type\":\"ImageObject\",\"inLanguage\":\"tr\",\"@id\":\"https:\\\/\\\/nhkmachineryparts.com\\\/#\\\/schema\\\/logo\\\/image\\\/\",\"url\":\"https:\\\/\\\/nhkmachineryparts.com\\\/wp-content\\\/uploads\\\/2022\\\/09\\\/NHKgroup_social.jpg\",\"contentUrl\":\"https:\\\/\\\/nhkmachineryparts.com\\\/wp-content\\\/uploads\\\/2022\\\/09\\\/NHKgroup_social.jpg\",\"width\":1200,\"height\":630,\"caption\":\"Nhk Group ApS\"},\"image\":{\"@id\":\"https:\\\/\\\/nhkmachineryparts.com\\\/#\\\/schema\\\/logo\\\/image\\\/\"},\"sameAs\":[\"https:\\\/\\\/www.facebook.com\\\/NHK.Group.aps\"]}]}<\/script>\n<!-- \/ Yoast SEO plugin. -->","yoast_head_json":{"title":"Yast\u0131k blok PPL bilyal\u0131 rulman \u00fcnitesi | Dayan\u0131kl\u0131 ve Verimli | NHK Makine Par\u00e7alar\u0131","description":"Bak\u0131m gerektirmeyen yast\u0131k blok rulman \u00fcniteleri t\u00fcm temizlik maddelerine ve kimyasallara dayan\u0131kl\u0131d\u0131r, hijyenik tasar\u0131ma sahiptir, temizlenmesi kolayd\u0131r. Dayan\u0131kl\u0131 ve Verimli","robots":{"index":"index","follow":"follow","max-snippet":"max-snippet:-1","max-image-preview":"max-image-preview:large","max-video-preview":"max-video-preview:-1"},"canonical":"https:\/\/nhkmachineryparts.com\/tr\/urun\/223-yastik-blok-unitesi-ppl\/","og_locale":"tr_TR","og_type":"article","og_title":"Pillow block PPL ball bearing unit | Durable and Efficient | NHK Machinery Parts","og_description":"Maintenance free pillow block bearing units are resistant to all cleaning agents and chemicals, hygienic design, easy-to-clean. Durable and Efficient","og_url":"https:\/\/nhkmachineryparts.com\/tr\/urun\/223-yastik-blok-unitesi-ppl\/","og_site_name":"NHK Machinery Parts","article_publisher":"https:\/\/www.facebook.com\/NHK.Group.aps","article_modified_time":"2026-02-23T13:12:43+00:00","og_image":[{"width":1000,"height":1000,"url":"https:\/\/nhkmachineryparts.com\/wp-content\/uploads\/2022\/09\/Pillow-block-PPL-ball-bearing-unit-3.jpg","type":"image\/jpeg"}],"twitter_card":"summary_large_image","twitter_misc":{"Tahmini okuma s\u00fcresi":"3 dakika"},"schema":{"@context":"https:\/\/schema.org","@graph":[{"@type":"WebPage","@id":"https:\/\/nhkmachineryparts.com\/product\/223-pillow-block-unit-ppl\/","url":"https:\/\/nhkmachineryparts.com\/product\/223-pillow-block-unit-ppl\/","name":"Yast\u0131k blok PPL bilyal\u0131 rulman \u00fcnitesi | Dayan\u0131kl\u0131 ve Verimli | NHK Makine Par\u00e7alar\u0131","isPartOf":{"@id":"https:\/\/nhkmachineryparts.com\/#website"},"primaryImageOfPage":{"@id":"https:\/\/nhkmachineryparts.com\/product\/223-pillow-block-unit-ppl\/#primaryimage"},"image":{"@id":"https:\/\/nhkmachineryparts.com\/product\/223-pillow-block-unit-ppl\/#primaryimage"},"thumbnailUrl":"https:\/\/nhkmachineryparts.com\/wp-content\/uploads\/2022\/09\/Pillow-block-PPL-ball-bearing-unit-3.jpg","datePublished":"2022-09-19T14:06:11+00:00","dateModified":"2026-02-23T13:12:43+00:00","description":"Bak\u0131m gerektirmeyen yast\u0131k blok rulman \u00fcniteleri t\u00fcm temizlik maddelerine ve kimyasallara dayan\u0131kl\u0131d\u0131r, hijyenik tasar\u0131ma sahiptir, temizlenmesi kolayd\u0131r. Dayan\u0131kl\u0131 ve Verimli","breadcrumb":{"@id":"https:\/\/nhkmachineryparts.com\/product\/223-pillow-block-unit-ppl\/#breadcrumb"},"inLanguage":"tr","potentialAction":[{"@type":"ReadAction","target":["https:\/\/nhkmachineryparts.com\/product\/223-pillow-block-unit-ppl\/"]}]},{"@type":"ImageObject","inLanguage":"tr","@id":"https:\/\/nhkmachineryparts.com\/product\/223-pillow-block-unit-ppl\/#primaryimage","url":"https:\/\/nhkmachineryparts.com\/wp-content\/uploads\/2022\/09\/Pillow-block-PPL-ball-bearing-unit-3.jpg","contentUrl":"https:\/\/nhkmachineryparts.com\/wp-content\/uploads\/2022\/09\/Pillow-block-PPL-ball-bearing-unit-3.jpg","width":1000,"height":1000,"caption":"Pillow block PPL ball bearing unit"},{"@type":"BreadcrumbList","@id":"https:\/\/nhkmachineryparts.com\/product\/223-pillow-block-unit-ppl\/#breadcrumb","itemListElement":[{"@type":"ListItem","position":1,"name":"Home","item":"https:\/\/nhkmachineryparts.com\/"},{"@type":"ListItem","position":2,"name":"Product line","item":"https:\/\/nhkmachineryparts.com\/product-line\/"},{"@type":"ListItem","position":3,"name":"Bearing units in IP54\u00a0composite housing","item":"https:\/\/nhkmachineryparts.com\/product-line\/bearing-units-in-ip54-thermo-plastic-housing\/"},{"@type":"ListItem","position":4,"name":"Pillow block PPL ball bearing unit"}]},{"@type":"WebSite","@id":"https:\/\/nhkmachineryparts.com\/#website","url":"https:\/\/nhkmachineryparts.com\/","name":"NHK Makine Par\u00e7alar\u0131","description":"Rulman Yataklar\u0131, sismik tesviye ayaklar\u0131 ve tesviye tekerlekleri","publisher":{"@id":"https:\/\/nhkmachineryparts.com\/#organization"},"potentialAction":[{"@type":"SearchAction","target":{"@type":"EntryPoint","urlTemplate":"https:\/\/nhkmachineryparts.com\/?s={search_term_string}"},"query-input":{"@type":"PropertyValueSpecification","valueRequired":true,"valueName":"search_term_string"}}],"inLanguage":"tr"},{"@type":"Organization","@id":"https:\/\/nhkmachineryparts.com\/#organization","name":"NHK Grup ApS","url":"https:\/\/nhkmachineryparts.com\/","logo":{"@type":"ImageObject","inLanguage":"tr","@id":"https:\/\/nhkmachineryparts.com\/#\/schema\/logo\/image\/","url":"https:\/\/nhkmachineryparts.com\/wp-content\/uploads\/2022\/09\/NHKgroup_social.jpg","contentUrl":"https:\/\/nhkmachineryparts.com\/wp-content\/uploads\/2022\/09\/NHKgroup_social.jpg","width":1200,"height":630,"caption":"Nhk Group ApS"},"image":{"@id":"https:\/\/nhkmachineryparts.com\/#\/schema\/logo\/image\/"},"sameAs":["https:\/\/www.facebook.com\/NHK.Group.aps"]}]}},"_links":{"self":[{"href":"https:\/\/nhkmachineryparts.com\/tr\/wp-json\/wp\/v2\/product\/1137","targetHints":{"allow":["GET"]}}],"collection":[{"href":"https:\/\/nhkmachineryparts.com\/tr\/wp-json\/wp\/v2\/product"}],"about":[{"href":"https:\/\/nhkmachineryparts.com\/tr\/wp-json\/wp\/v2\/types\/product"}],"wp:featuredmedia":[{"embeddable":true,"href":"https:\/\/nhkmachineryparts.com\/tr\/wp-json\/wp\/v2\/media\/11651"}],"wp:attachment":[{"href":"https:\/\/nhkmachineryparts.com\/tr\/wp-json\/wp\/v2\/media?parent=1137"}],"wp:term":[{"taxonomy":"product_brand","embeddable":true,"href":"https:\/\/nhkmachineryparts.com\/tr\/wp-json\/wp\/v2\/product_brand?post=1137"},{"taxonomy":"product_cat","embeddable":true,"href":"https:\/\/nhkmachineryparts.com\/tr\/wp-json\/wp\/v2\/product_cat?post=1137"},{"taxonomy":"product_tag","embeddable":true,"href":"https:\/\/nhkmachineryparts.com\/tr\/wp-json\/wp\/v2\/product_tag?post=1137"}],"curies":[{"name":"wp","href":"https:\/\/api.w.org\/{rel}","templated":true}]}}