{"id":8027,"date":"2024-01-08T05:12:26","date_gmt":"2024-01-08T03:12:26","guid":{"rendered":"https:\/\/nhkmachineryparts.com\/?post_type=product&#038;p=8027"},"modified":"2026-02-23T13:47:40","modified_gmt":"2026-02-23T11:47:40","slug":"nakretka-dystansowa-ze-stali-nierdzewnej-2","status":"publish","type":"product","link":"https:\/\/nhkmachineryparts.com\/pl\/product\/hygienic-spacer-nut\/","title":{"rendered":"Nakr\u0119tka dystansowa ze stali nierdzewnej"},"content":{"rendered":"<section class=\"vc_row liquid-row-shadowbox-69d4a77f1604a\"><div class=\"ld-container container\"><div class=\"row ld-row ld-row-outer\"><div class=\"wpb_column vc_column_container vc_col-sm-12 liquid-column-69d4a77f161d6\"><div class=\"vc_column-inner\" ><div class=\"wpb_wrapper\"  >\n\t<div class=\"wpb_text_column wpb_content_element\" >\n\t\t<div class=\"wpb_wrapper\">\n\t\t\t<h2>Nakr\u0119tka dystansowa ze stali nierdzewnej (Aisi 1.4301)<\/h2>\n<p>Gwintowana nakr\u0119tka dystansowa ze stali nierdzewnej (Aisi 1.4301)<br \/>\nNakr\u0119tka dystansowa M8-16-9 \u2013 ID=8,2 \u2013 OD=16,0 \u2013 L=9 \u2013 L1=6<br \/>\nNakr\u0119tka dystansowa M8-16-18 \u2013 ID=8,2 \u2013 OD=16,0 \u2013 L=18 \u2013 L1=12<br \/>\nNakr\u0119tka dystansowa M10-18-9 \u2013 ID=10,2 \u2013 OD=18,0 \u2013 L=9 \u2013 L1=6<br \/>\nNakr\u0119tka dystansowa M10-18-18 \u2013 ID=10,2 \u2013 OD=18,0 \u2013 L=18 \u2013 L1=12<br \/>\nNakr\u0119tka dystansowa M12-22-9 \u2013 ID=12,2 \u2013 OD=22,0 \u2013 L=9 \u2013 L1=6<br \/>\nNakr\u0119tka dystansowa M12-22-18 \u2013 ID=12,2 \u2013 OD=22,0 \u2013 L=18 \u2013 L1=12<br \/>\nNakr\u0119tka dystansowa M16-26-9 \u2013 ID=16,2 \u2013 OD=26,0 \u2013 L=9 \u2013 L1=6<br \/>\nNakr\u0119tka dystansowa M16-26-18 \u2013 ID=16,2 \u2013 OD=26,0 \u2013 L=18 \u2013 L1=12<\/p>\n<h2>Element dystansowy ze stali nierdzewnej (Aisi 1.4301)<\/h2>\n<p>Element dystansowy 8-16-9 \u2013 ID=8,2 \u2013 OD=16,0 \u2013 L=9<br \/>\nElement dystansowy 8-16-18 \u2013 ID=8,2 \u2013 OD=16,0 \u2013 L=18<br \/>\nElement dystansowy 10-18-9 \u2013 ID=10,2 \u2013 OD=18,0 \u2013 L=9<br \/>\nElement dystansowy 10-18-18 \u2013 ID=10,2 \u2013 OD=18,0 \u2013 L=18<br \/>\nElement dystansowy 12-22-9 \u2013 ID=12,2 \u2013 OD=22,0 \u2013 L=9<br \/>\nElement dystansowy 12-22-18 \u2013 ID=12,2 \u2013 OD=22,0 \u2013 L=18<br \/>\nElement dystansowy 16-26-9 \u2013 ID=16,2 \u2013 OD=26,0 \u2013 L=9<br \/>\nElement dystansowy 16-26-18 \u2013 ID=16,2 \u2013 OD=26,0 \u2013 L=18<\/p>\n<h2>Element dystansowy ze stali nierdzewnej do gwintowania (Aisi 1.4301)<\/h2>\n<p>\u015arednica wewn\u0119trzna jest gotowa do gwintowania po zespawaniu<br \/>\nPodk\u0142adka do gwint\u00f3w 6,8-16-15 \u2013 ID=6,8 \u2013 OD=16,0 \u2013 L=9<br \/>\nPodk\u0142adka do gwint\u00f3w 6,8-16-25 \u2013 ID=6,8 \u2013 OD=16,0 \u2013 L=18<br \/>\nPodk\u0142adka do gwint\u00f3w 8,5-18-15 \u2013 ID=8,5 \u2013 OD=18,0 \u2013 L=9<br \/>\nPodk\u0142adka do gwint\u00f3w 8,5-18-25 \u2013 ID=8,5 \u2013 OD=18,0 \u2013 L=18<br \/>\nPodk\u0142adka do gwint\u00f3w 10,2-22-15 \u2013 ID=10,2 \u2013 OD=22,0 \u2013 L=9<br \/>\nPodk\u0142adka do gwint\u00f3w 10,2-22-25 \u2013 ID=10,2 \u2013 OD=22,0 \u2013 L=18<br \/>\nPodk\u0142adka do gwint\u00f3w 14,0-26-15 \u2013 ID=14,0 \u2013 OD=26,0 \u2013 L=9<br \/>\nPodk\u0142adka do gwint\u00f3w 14,0-26-25 \u2013 ID=14,0 \u2013 OD=26,0 \u2013 L=18<\/p>\n<p><a href=\"https:\/\/nhkmachineryparts.com\/pl\/linia-produkcyjna-2\/kategoria\/50-higienicznych-czesci-przenosnika-w-konstrukcji-ze-stali-nierdzewnej\/\">Elementy maszyn w wykonaniu higienicznym<\/a><\/p>\n<p><a href=\"https:\/\/nhkmachineryparts.com\/pl\/kontakt\/\">W przypadku innego rozmiaru prosimy o kontakt.<\/a><\/p>\n<div class=\"flex-1 overflow-hidden @container\/thread\">\n<div class=\"h-full\">\n<div class=\"react-scroll-to-bottom--css-wjprm-79elbk h-full\">\n<div class=\"react-scroll-to-bottom--css-wjprm-1n7m0yu\">\n<div class=\"flex flex-col text-sm md:pb-9\">\n<article class=\"w-full scroll-mb-&#091;var(--thread-trailing-height,150px)&#093; text-token-text-primary focus-visible:outline-2 focus-visible:outline-offset-&#091;-4px&#093;\" dir=\"auto\" data-testid=\"conversation-turn-3\" data-scroll-anchor=\"true\">\n<div class=\"m-auto text-base py-&#091;18px&#093; px-3 md:px-4 w-full md:px-5 lg:px-4 xl:px-5\">\n<div class=\"mx-auto flex flex-1 gap-4 text-base md:gap-5 lg:gap-6 md:max-w-3xl lg:max-w-&#091;40rem&#093; xl:max-w-&#091;48rem&#093;\">\n<div class=\"group\/conversation-turn relative flex w-full min-w-0 flex-col agent-turn\">\n<div class=\"flex-col gap-1 md:gap-3\">\n<div class=\"flex max-w-full flex-col flex-grow\">\n<div class=\"min-h-8 text-message flex w-full flex-col items-end gap-2 whitespace-normal break-words text-start &#091;.text-message+&amp;&#093;:mt-5\" dir=\"auto\" data-message-author-role=\"assistant\" data-message-id=\"dcf8b918-0536-46f8-8dfe-35edc7431667\" data-message-model-slug=\"gpt-4o\">\n<div class=\"flex w-full flex-col gap-1 empty:hidden first:pt-&#091;3px&#093;\">\n<div class=\"markdown prose w-full break-words dark:prose-invert light\">\n<h2>Nakr\u0119tka dystansowa ze stali nierdzewnej<\/h2>\n<h3>Zmniejsz przestoje i koszty konserwacji<\/h3>\n<p>W <a href=\"https:\/\/nhkmachineryparts.com\/pl\/our-industries\/\" data-internallinksmanager029f6b8e52c=\"4\" title=\"Nasze bran\u017ce\">bran\u017ce<\/a> tam, gdzie wydajno\u015b\u0107 sprz\u0119tu jest krytyczna, wyb\u00f3r odpowiednich komponent\u00f3w mo\u017ce znacz\u0105co wp\u0142yn\u0105\u0107 na wydajno\u015b\u0107 i konserwacj\u0119. Nakr\u0119tki dystansowe ze stali nierdzewnej s\u0105 jednym z takich niezb\u0119dnych komponent\u00f3w zaprojektowanych w celu zwi\u0119kszenia niezawodno\u015bci operacyjnej przy jednoczesnym zmniejszeniu przestoj\u00f3w i zwi\u0105zanych z nimi koszt\u00f3w. Ich trwa\u0142o\u015b\u0107 i precyzja sprawiaj\u0105, \u017ce s\u0105 one niezb\u0119dne w r\u00f3\u017cnych ga\u0142\u0119ziach przemys\u0142u, od przetw\u00f3rstwa spo\u017cywczego po farmaceutyk\u0119.<\/p>\n<hr \/>\n<h2>Czym s\u0105 nakr\u0119tki dystansowe?<\/h2>\n<p>Nakr\u0119tki dystansowe to specjalistyczne elementy z\u0142\u0105czne s\u0142u\u017c\u0105ce do utrzymywania precyzyjnej odleg\u0142o\u015bci mi\u0119dzy komponentami, zapewniaj\u0105c stabilno\u015b\u0107 i wyr\u00f3wnanie w maszynach. W przeciwie\u0144stwie do tradycyjnych nakr\u0119tek, nakr\u0119tki dystansowe s\u0105 zaprojektowane do wykonywania dw\u00f3ch funkcji: mocowania i odst\u0119pu. Wykonane ze stali nierdzewnej zyskuj\u0105 dodatkowe zalety, takie jak odporno\u015b\u0107 na korozj\u0119, wytrzyma\u0142o\u015b\u0107 i higiena.<\/p>\n<hr \/>\n<h2>Zalety nakr\u0119tek dystansowych ze stali nierdzewnej<\/h2>\n<h3>1. <strong>Odporno\u015b\u0107 na korozj\u0119<\/strong><\/h3>\n<p>Stal nierdzewna jest znana ze swojej zdolno\u015bci do wytrzymywania trudnych warunk\u00f3w, w tym nara\u017cenia na wilgo\u0107, chemikalia i ekstremalne temperatury. Dzi\u0119ki temu nakr\u0119tki dystansowe ze stali nierdzewnej s\u0105 idealne dla bran\u017c takich jak przetw\u00f3rstwo \u017cywno\u015bci i farmaceutyka, gdzie higiena i trwa\u0142o\u015b\u0107 s\u0105 najwa\u017cniejsze.<\/p>\n<h3>2. <strong>Trwa\u0142o\u015b\u0107 i wytrzyma\u0142o\u015b\u0107<\/strong><\/h3>\n<p>Solidna konstrukcja nakr\u0119tek dystansowych ze stali nierdzewnej zapewnia, \u017ce wytrzymuj\u0105 one du\u017ce obci\u0105\u017cenia i napr\u0119\u017cenia, zmniejszaj\u0105c prawdopodobie\u0144stwo awarii mechanicznych. Ta trwa\u0142o\u015b\u0107 prowadzi do d\u0142u\u017cszej \u017cywotno\u015bci i ni\u017cszych koszt\u00f3w wymiany.<\/p>\n<h3>3. <strong>Higieniczna konstrukcja<\/strong><\/h3>\n<p>W przypadku bran\u017c wymagaj\u0105cych \u015bcis\u0142ego przestrzegania norm higienicznych, takich jak produkcja \u017cywno\u015bci i farmaceutyk\u00f3w, nakr\u0119tki dystansowe ze stali nierdzewnej spe\u0142niaj\u0105 wymagania sanitarne. Ich g\u0142adka powierzchnia jest odporna na gromadzenie si\u0119 bakterii i jest \u0142atwa do czyszczenia, co wspiera zgodno\u015b\u0107 z <a href=\"https:\/\/nhkmachineryparts.com\/pl\/jaka-jest-roznica-miedzy-3a-a-ehedg\/\" data-internallinksmanager029f6b8e52c=\"2\" title=\"Cz\u0119\u015bci maszyn z certyfikatem EHEDG\">EHEDG<\/a> i normy 3-A.<\/p>\n<h3>4. <strong>Ekonomiczna konserwacja<\/strong><\/h3>\n<p>Dzi\u0119ki zachowaniu wyr\u00f3wnania i stabilno\u015bci maszyn, nakr\u0119tki dystansowe ze stali nierdzewnej zmniejszaj\u0105 zu\u017cycie sprz\u0119tu. Powoduje to mniej awarii, minimalizuj\u0105c przestoje i koszty napraw.<\/p>\n<h3>5. <strong>Wszechstronno\u015b\u0107 w r\u00f3\u017cnych bran\u017cach<\/strong><\/h3>\n<p>Nakr\u0119tki dystansowe s\u0105 kompatybilne z szerok\u0105 gam\u0105 maszyn i zastosowa\u0144. Niezale\u017cnie od tego, czy s\u0105 stosowane w przeno\u015bnikach, pompach czy systemach robotycznych, zapewniaj\u0105 sta\u0142\u0105 wydajno\u015b\u0107.<\/p>\n<hr \/>\n<h2>G\u0142\u00f3wne zastosowania nakr\u0119tek dystansowych ze stali nierdzewnej<\/h2>\n<h3>Przemys\u0142 Przetw\u00f3rstwa Spo\u017cywczego<\/h3>\n<p>W produkcji \u017cywno\u015bci utrzymanie higieny jest kluczowe. Nakr\u0119tki dystansowe ze stali nierdzewnej s\u0105 szeroko stosowane w urz\u0105dzeniach, takich jak przeno\u015bniki i miksery, gdzie precyzyjne odst\u0119py i higiena s\u0105 niezb\u0119dne. Ich w\u0142a\u015bciwo\u015bci antykorozyjne zapewniaj\u0105, \u017ce wytrzymuj\u0105 regularne czyszczenie i dezynfekcj\u0119.<\/p>\n<h3>Przemys\u0142 farmaceutyczny i biotechnologiczny<\/h3>\n<p>Nakr\u0119tki dystansowe wykonane ze stali nierdzewnej spe\u0142niaj\u0105 rygorystyczne normy wymagane w \u015brodowiskach farmaceutycznych. Ich zdolno\u015b\u0107 do opierania si\u0119 dzia\u0142aniu substancji chemicznych i utrzymywania integralno\u015bci strukturalnej zapewnia niezawodn\u0105 prac\u0119 w pomieszczeniach czystych i laboratoriach.<\/p>\n<h3>Przemys\u0142 opakowaniowy<\/h3>\n<p>Nakr\u0119tki dystansowe ze stali nierdzewnej s\u0105 integraln\u0105 cz\u0119\u015bci\u0105 szybkich maszyn pakuj\u0105cych, zapewniaj\u0105c stabilno\u015b\u0107 i wyr\u00f3wnanie dla p\u0142ynnej pracy. Ich trwa\u0142o\u015b\u0107 zmniejsza potrzeb\u0119 cz\u0119stych regulacji, utrzymuj\u0105c produktywno\u015b\u0107.<\/p>\n<h3>Sektor motoryzacyjny i lotniczy<\/h3>\n<p>W zastosowaniach motoryzacyjnych i lotniczych precyzja i niezawodno\u015b\u0107 s\u0105 nie do negocjacji. Nakr\u0119tki dystansowe ze stali nierdzewnej zapewniaj\u0105 niezb\u0119dn\u0105 stabilno\u015b\u0107 i wytrzyma\u0142o\u015b\u0107, aby utrzyma\u0107 elementy w jednej linii w maszynach o wysokiej wydajno\u015bci.<\/p>\n<hr \/>\n<h2>Wyb\u00f3r odpowiedniej nakr\u0119tki dystansowej ze stali nierdzewnej<\/h2>\n<p>Wybieraj\u0105c nakr\u0119tki dystansowe do swoich zastosowa\u0144, we\u017a pod uwag\u0119 takie czynniki jak:<\/p>\n<ul>\n<li><strong>Gatunek materia\u0142u:<\/strong> Aby zapewni\u0107 lepsz\u0105 odporno\u015b\u0107 na korozj\u0119, wybieraj gatunki stali nierdzewnej, takie jak 304 lub 316.<\/li>\n<li><strong>Specyfikacja projektu:<\/strong> Upewnij si\u0119, \u017ce wymiary i gwinty odpowiadaj\u0105 wymaganiom Twojego zastosowania.<\/li>\n<li><strong>Certyfikaty:<\/strong> Szukaj nakr\u0119tek dystansowych zgodnych z normami bran\u017cowymi, takimi jak ISO lub EHEDG.<\/li>\n<\/ul>\n<hr \/>\n<h2>Nakr\u0119tki dystansowe ze stali nierdzewnej: klucz do redukcji przestoj\u00f3w i koszt\u00f3w konserwacji<\/h2>\n<p>Inwestowanie w nakr\u0119tki dystansowe ze stali nierdzewnej to strategiczna decyzja dla bran\u017c, kt\u00f3rych celem jest minimalizacja przestoj\u00f3w i koszt\u00f3w konserwacji. Ich odporno\u015b\u0107 na korozj\u0119, trwa\u0142o\u015b\u0107 i higieniczna konstrukcja sprawiaj\u0105, \u017ce s\u0105 cennym dodatkiem do r\u00f3\u017cnych zastosowa\u0144. Wybieraj\u0105c wysokiej jako\u015bci nakr\u0119tki dystansowe, firmy mog\u0105 zapewni\u0107 wydajno\u015b\u0107 operacyjn\u0105, zwi\u0119kszy\u0107 produktywno\u015b\u0107 i osi\u0105gn\u0105\u0107 d\u0142ugoterminowe oszcz\u0119dno\u015bci koszt\u00f3w.<\/p>\n<p>Zmodernizuj swoje maszyny ju\u017c dzi\u015b, stosuj\u0105c nakr\u0119tki dystansowe ze stali nierdzewnej i przekonaj si\u0119 o korzy\u015bciach wynikaj\u0105cych z mniejszej konserwacji, przestoj\u00f3w i wi\u0119kszej niezawodno\u015bci.<\/p>\n<\/div>\n<\/div>\n<\/div>\n<\/div>\n<\/div>\n<\/div>\n<\/div>\n<\/div>\n<\/article>\n<\/div>\n<\/div>\n<\/div>\n<\/div>\n<\/div>\n\n\t\t<\/div>\n\t<\/div>\n<\/div><\/div><\/div><\/div><\/div><\/section>","protected":false},"excerpt":{"rendered":"Spacer nut in stainless steel\u00a0 (Aisi 1.4301) Threaded stainless steel\u00a0spacer nut\u00a0(Aisi 1.4301) Spacer nut M8-16-9 - ID=8.2 \u2013 OD=16.0 \u2013 L=9 \u2013 L1=6 Spacer nut M8-16-18 - ID=8.2 \u2013 OD=16.0 \u2013 L=18 \u2013 L1=12 Spacer nut M10-18-9 - ID=10.2 \u2013 OD=18.0 \u2013 L=9 \u2013 L1=6 Spacer nut M10-18-18 - ID=10.2 \u2013 OD=18.0 \u2013 L=18 \u2013 [...]","protected":false},"featured_media":8564,"template":"","meta":[],"product_brand":[],"product_cat":[64],"product_tag":[],"class_list":{"0":"post-8027","1":"product","2":"type-product","3":"status-publish","4":"has-post-thumbnail","6":"product_cat-hygienic-machinery-components-in-stainless-steel","8":"first","9":"instock","10":"shipping-taxable","11":"product-type-simple"},"yoast_head":"<!-- This site is optimized with the Yoast SEO plugin v27.3 - https:\/\/yoast.com\/product\/yoast-seo-wordpress\/ -->\n<title>Spacer nut in stainless steel | NHK Machinery Parts<\/title>\n<meta name=\"description\" content=\"Threaded stainless steel\u00a0spacer nut\u00a0(Aisi 1.4301), components in hygienic design for the manufacture and processing of food and pharmaceutical products.\" \/>\n<meta name=\"robots\" content=\"index, follow, max-snippet:-1, max-image-preview:large, max-video-preview:-1\" \/>\n<link rel=\"canonical\" href=\"https:\/\/nhkmachineryparts.com\/pl\/produkt\/nakretka-dystansowa-ze-stali-nierdzewnej-2\/\" \/>\n<meta property=\"og:locale\" content=\"pl_PL\" \/>\n<meta property=\"og:type\" content=\"article\" \/>\n<meta property=\"og:title\" content=\"Spacer nut in stainless steel | NHK Machinery Parts\" \/>\n<meta property=\"og:description\" content=\"Threaded stainless steel\u00a0spacer nut\u00a0(Aisi 1.4301), components in hygienic design for the manufacture and processing of food and pharmaceutical products.\" \/>\n<meta property=\"og:url\" content=\"https:\/\/nhkmachineryparts.com\/pl\/produkt\/nakretka-dystansowa-ze-stali-nierdzewnej-2\/\" \/>\n<meta property=\"og:site_name\" content=\"NHK Machinery Parts\" \/>\n<meta property=\"article:publisher\" content=\"https:\/\/www.facebook.com\/NHK.Group.aps\" \/>\n<meta property=\"article:modified_time\" content=\"2026-02-23T11:47:40+00:00\" \/>\n<meta property=\"og:image\" content=\"https:\/\/nhkmachineryparts.com\/wp-content\/uploads\/2024\/01\/Hygienic-spacer-nut.jpg\" \/>\n\t<meta property=\"og:image:width\" content=\"1000\" \/>\n\t<meta property=\"og:image:height\" content=\"1000\" \/>\n\t<meta property=\"og:image:type\" content=\"image\/jpeg\" \/>\n<meta name=\"twitter:card\" content=\"summary_large_image\" \/>\n<meta name=\"twitter:label1\" content=\"Szacowany czas czytania\" \/>\n\t<meta name=\"twitter:data1\" content=\"4 minuty\" \/>\n<script type=\"application\/ld+json\" class=\"yoast-schema-graph\">{\"@context\":\"https:\\\/\\\/schema.org\",\"@graph\":[{\"@type\":\"WebPage\",\"@id\":\"https:\\\/\\\/nhkmachineryparts.com\\\/product\\\/hygienic-spacer-nut\\\/\",\"url\":\"https:\\\/\\\/nhkmachineryparts.com\\\/product\\\/hygienic-spacer-nut\\\/\",\"name\":\"Spacer nut in stainless steel | NHK Machinery Parts\",\"isPartOf\":{\"@id\":\"https:\\\/\\\/nhkmachineryparts.com\\\/#website\"},\"primaryImageOfPage\":{\"@id\":\"https:\\\/\\\/nhkmachineryparts.com\\\/product\\\/hygienic-spacer-nut\\\/#primaryimage\"},\"image\":{\"@id\":\"https:\\\/\\\/nhkmachineryparts.com\\\/product\\\/hygienic-spacer-nut\\\/#primaryimage\"},\"thumbnailUrl\":\"https:\\\/\\\/nhkmachineryparts.com\\\/wp-content\\\/uploads\\\/2024\\\/01\\\/Hygienic-spacer-nut.jpg\",\"datePublished\":\"2024-01-08T03:12:26+00:00\",\"dateModified\":\"2026-02-23T11:47:40+00:00\",\"description\":\"Threaded stainless steel\u00a0spacer nut\u00a0(Aisi 1.4301), components in hygienic design for the manufacture and processing of food and pharmaceutical products.\",\"breadcrumb\":{\"@id\":\"https:\\\/\\\/nhkmachineryparts.com\\\/product\\\/hygienic-spacer-nut\\\/#breadcrumb\"},\"inLanguage\":\"pl-PL\",\"potentialAction\":[{\"@type\":\"ReadAction\",\"target\":[\"https:\\\/\\\/nhkmachineryparts.com\\\/product\\\/hygienic-spacer-nut\\\/\"]}]},{\"@type\":\"ImageObject\",\"inLanguage\":\"pl-PL\",\"@id\":\"https:\\\/\\\/nhkmachineryparts.com\\\/product\\\/hygienic-spacer-nut\\\/#primaryimage\",\"url\":\"https:\\\/\\\/nhkmachineryparts.com\\\/wp-content\\\/uploads\\\/2024\\\/01\\\/Hygienic-spacer-nut.jpg\",\"contentUrl\":\"https:\\\/\\\/nhkmachineryparts.com\\\/wp-content\\\/uploads\\\/2024\\\/01\\\/Hygienic-spacer-nut.jpg\",\"width\":1000,\"height\":1000,\"caption\":\"Hygienic spacer nut\"},{\"@type\":\"BreadcrumbList\",\"@id\":\"https:\\\/\\\/nhkmachineryparts.com\\\/product\\\/hygienic-spacer-nut\\\/#breadcrumb\",\"itemListElement\":[{\"@type\":\"ListItem\",\"position\":1,\"name\":\"Home\",\"item\":\"https:\\\/\\\/nhkmachineryparts.com\\\/\"},{\"@type\":\"ListItem\",\"position\":2,\"name\":\"Product line\",\"item\":\"https:\\\/\\\/nhkmachineryparts.com\\\/product-line\\\/\"},{\"@type\":\"ListItem\",\"position\":3,\"name\":\"Hygienic machinery components in stainless steel\",\"item\":\"https:\\\/\\\/nhkmachineryparts.com\\\/product-line\\\/hygienic-machinery-components-in-stainless-steel\\\/\"},{\"@type\":\"ListItem\",\"position\":4,\"name\":\"Spacer nut in stainless steel\"}]},{\"@type\":\"WebSite\",\"@id\":\"https:\\\/\\\/nhkmachineryparts.com\\\/#website\",\"url\":\"https:\\\/\\\/nhkmachineryparts.com\\\/\",\"name\":\"NHK Machinery Parts\",\"description\":\"Bearing Houses, seismic levelling feet and levelling castors\",\"publisher\":{\"@id\":\"https:\\\/\\\/nhkmachineryparts.com\\\/#organization\"},\"potentialAction\":[{\"@type\":\"SearchAction\",\"target\":{\"@type\":\"EntryPoint\",\"urlTemplate\":\"https:\\\/\\\/nhkmachineryparts.com\\\/?s={search_term_string}\"},\"query-input\":{\"@type\":\"PropertyValueSpecification\",\"valueRequired\":true,\"valueName\":\"search_term_string\"}}],\"inLanguage\":\"pl-PL\"},{\"@type\":\"Organization\",\"@id\":\"https:\\\/\\\/nhkmachineryparts.com\\\/#organization\",\"name\":\"Nhk Group ApS\",\"url\":\"https:\\\/\\\/nhkmachineryparts.com\\\/\",\"logo\":{\"@type\":\"ImageObject\",\"inLanguage\":\"pl-PL\",\"@id\":\"https:\\\/\\\/nhkmachineryparts.com\\\/#\\\/schema\\\/logo\\\/image\\\/\",\"url\":\"https:\\\/\\\/nhkmachineryparts.com\\\/wp-content\\\/uploads\\\/2022\\\/09\\\/NHKgroup_social.jpg\",\"contentUrl\":\"https:\\\/\\\/nhkmachineryparts.com\\\/wp-content\\\/uploads\\\/2022\\\/09\\\/NHKgroup_social.jpg\",\"width\":1200,\"height\":630,\"caption\":\"Nhk Group ApS\"},\"image\":{\"@id\":\"https:\\\/\\\/nhkmachineryparts.com\\\/#\\\/schema\\\/logo\\\/image\\\/\"},\"sameAs\":[\"https:\\\/\\\/www.facebook.com\\\/NHK.Group.aps\"]}]}<\/script>\n<!-- \/ Yoast SEO plugin. -->","yoast_head_json":{"title":"Nakr\u0119tka dystansowa ze stali nierdzewnej | Cz\u0119\u015bci maszyn NHK","description":"Gwintowana nakr\u0119tka dystansowa ze stali nierdzewnej (Aisi 1.4301), komponenty o higienicznej konstrukcji do produkcji i przetwarzania produkt\u00f3w spo\u017cywczych i farmaceutycznych.","robots":{"index":"index","follow":"follow","max-snippet":"max-snippet:-1","max-image-preview":"max-image-preview:large","max-video-preview":"max-video-preview:-1"},"canonical":"https:\/\/nhkmachineryparts.com\/pl\/produkt\/nakretka-dystansowa-ze-stali-nierdzewnej-2\/","og_locale":"pl_PL","og_type":"article","og_title":"Spacer nut in stainless steel | NHK Machinery Parts","og_description":"Threaded stainless steel\u00a0spacer nut\u00a0(Aisi 1.4301), components in hygienic design for the manufacture and processing of food and pharmaceutical products.","og_url":"https:\/\/nhkmachineryparts.com\/pl\/produkt\/nakretka-dystansowa-ze-stali-nierdzewnej-2\/","og_site_name":"NHK Machinery Parts","article_publisher":"https:\/\/www.facebook.com\/NHK.Group.aps","article_modified_time":"2026-02-23T11:47:40+00:00","og_image":[{"width":1000,"height":1000,"url":"https:\/\/nhkmachineryparts.com\/wp-content\/uploads\/2024\/01\/Hygienic-spacer-nut.jpg","type":"image\/jpeg"}],"twitter_card":"summary_large_image","twitter_misc":{"Szacowany czas czytania":"4 minuty"},"schema":{"@context":"https:\/\/schema.org","@graph":[{"@type":"WebPage","@id":"https:\/\/nhkmachineryparts.com\/product\/hygienic-spacer-nut\/","url":"https:\/\/nhkmachineryparts.com\/product\/hygienic-spacer-nut\/","name":"Nakr\u0119tka dystansowa ze stali nierdzewnej | Cz\u0119\u015bci maszyn NHK","isPartOf":{"@id":"https:\/\/nhkmachineryparts.com\/#website"},"primaryImageOfPage":{"@id":"https:\/\/nhkmachineryparts.com\/product\/hygienic-spacer-nut\/#primaryimage"},"image":{"@id":"https:\/\/nhkmachineryparts.com\/product\/hygienic-spacer-nut\/#primaryimage"},"thumbnailUrl":"https:\/\/nhkmachineryparts.com\/wp-content\/uploads\/2024\/01\/Hygienic-spacer-nut.jpg","datePublished":"2024-01-08T03:12:26+00:00","dateModified":"2026-02-23T11:47:40+00:00","description":"Gwintowana nakr\u0119tka dystansowa ze stali nierdzewnej (Aisi 1.4301), komponenty o higienicznej konstrukcji do produkcji i przetwarzania produkt\u00f3w spo\u017cywczych i farmaceutycznych.","breadcrumb":{"@id":"https:\/\/nhkmachineryparts.com\/product\/hygienic-spacer-nut\/#breadcrumb"},"inLanguage":"pl-PL","potentialAction":[{"@type":"ReadAction","target":["https:\/\/nhkmachineryparts.com\/product\/hygienic-spacer-nut\/"]}]},{"@type":"ImageObject","inLanguage":"pl-PL","@id":"https:\/\/nhkmachineryparts.com\/product\/hygienic-spacer-nut\/#primaryimage","url":"https:\/\/nhkmachineryparts.com\/wp-content\/uploads\/2024\/01\/Hygienic-spacer-nut.jpg","contentUrl":"https:\/\/nhkmachineryparts.com\/wp-content\/uploads\/2024\/01\/Hygienic-spacer-nut.jpg","width":1000,"height":1000,"caption":"Hygienic spacer nut"},{"@type":"BreadcrumbList","@id":"https:\/\/nhkmachineryparts.com\/product\/hygienic-spacer-nut\/#breadcrumb","itemListElement":[{"@type":"ListItem","position":1,"name":"Home","item":"https:\/\/nhkmachineryparts.com\/"},{"@type":"ListItem","position":2,"name":"Product line","item":"https:\/\/nhkmachineryparts.com\/product-line\/"},{"@type":"ListItem","position":3,"name":"Hygienic machinery components in stainless steel","item":"https:\/\/nhkmachineryparts.com\/product-line\/hygienic-machinery-components-in-stainless-steel\/"},{"@type":"ListItem","position":4,"name":"Spacer nut in stainless steel"}]},{"@type":"WebSite","@id":"https:\/\/nhkmachineryparts.com\/#website","url":"https:\/\/nhkmachineryparts.com\/","name":"Cz\u0119\u015bci maszyn NHK","description":"Obudowy \u0142o\u017cyskowe, sejsmiczne stopy poziomuj\u0105ce i k\u00f3\u0142ka poziomuj\u0105ce","publisher":{"@id":"https:\/\/nhkmachineryparts.com\/#organization"},"potentialAction":[{"@type":"SearchAction","target":{"@type":"EntryPoint","urlTemplate":"https:\/\/nhkmachineryparts.com\/?s={search_term_string}"},"query-input":{"@type":"PropertyValueSpecification","valueRequired":true,"valueName":"search_term_string"}}],"inLanguage":"pl-PL"},{"@type":"Organization","@id":"https:\/\/nhkmachineryparts.com\/#organization","name":"ApS Grupy Nhk","url":"https:\/\/nhkmachineryparts.com\/","logo":{"@type":"ImageObject","inLanguage":"pl-PL","@id":"https:\/\/nhkmachineryparts.com\/#\/schema\/logo\/image\/","url":"https:\/\/nhkmachineryparts.com\/wp-content\/uploads\/2022\/09\/NHKgroup_social.jpg","contentUrl":"https:\/\/nhkmachineryparts.com\/wp-content\/uploads\/2022\/09\/NHKgroup_social.jpg","width":1200,"height":630,"caption":"Nhk Group ApS"},"image":{"@id":"https:\/\/nhkmachineryparts.com\/#\/schema\/logo\/image\/"},"sameAs":["https:\/\/www.facebook.com\/NHK.Group.aps"]}]}},"_links":{"self":[{"href":"https:\/\/nhkmachineryparts.com\/pl\/wp-json\/wp\/v2\/product\/8027","targetHints":{"allow":["GET"]}}],"collection":[{"href":"https:\/\/nhkmachineryparts.com\/pl\/wp-json\/wp\/v2\/product"}],"about":[{"href":"https:\/\/nhkmachineryparts.com\/pl\/wp-json\/wp\/v2\/types\/product"}],"wp:featuredmedia":[{"embeddable":true,"href":"https:\/\/nhkmachineryparts.com\/pl\/wp-json\/wp\/v2\/media\/8564"}],"wp:attachment":[{"href":"https:\/\/nhkmachineryparts.com\/pl\/wp-json\/wp\/v2\/media?parent=8027"}],"wp:term":[{"taxonomy":"product_brand","embeddable":true,"href":"https:\/\/nhkmachineryparts.com\/pl\/wp-json\/wp\/v2\/product_brand?post=8027"},{"taxonomy":"product_cat","embeddable":true,"href":"https:\/\/nhkmachineryparts.com\/pl\/wp-json\/wp\/v2\/product_cat?post=8027"},{"taxonomy":"product_tag","embeddable":true,"href":"https:\/\/nhkmachineryparts.com\/pl\/wp-json\/wp\/v2\/product_tag?post=8027"}],"curies":[{"name":"wp","href":"https:\/\/api.w.org\/{rel}","templated":true}]}}