{"id":7884,"date":"2023-12-30T06:42:14","date_gmt":"2023-12-30T04:42:14","guid":{"rendered":"https:\/\/nhkmachineryparts.com\/?post_type=product&#038;p=7884"},"modified":"2026-02-23T13:49:56","modified_gmt":"2026-02-23T11:49:56","slug":"koncowki-pretow-ze-stali-nierdzewnej-pokryte-ptfe-i-mosiadzem-w-przemysle-spozywczym-kosmetycznym-i-farmaceutycznym","status":"publish","type":"product","link":"https:\/\/nhkmachineryparts.com\/pl\/product\/ptfe-and-brass-lined-stainless-rod-ends-in-food-processing-cosmetic-and-pharmaceutical-industry\/","title":{"rendered":"Ko\u0144c\u00f3wki pr\u0119t\u00f3w ze stali nierdzewnej pokryte PTFE i mosi\u0105dzem"},"content":{"rendered":"<section class=\"vc_row liquid-row-shadowbox-69d4c7890a4b3\"><div class=\"ld-container container\"><div class=\"row ld-row ld-row-outer\"><div class=\"wpb_column vc_column_container vc_col-sm-12 liquid-column-69d4c7890a66c\"><div class=\"vc_column-inner\" ><div class=\"wpb_wrapper\"  >\n\t<div class=\"wpb_text_column wpb_content_element\" >\n\t\t<div class=\"wpb_wrapper\">\n\t\t\t<div class=\"flex-1 overflow-hidden\">\n<div class=\"react-scroll-to-bottom--css-udppu-79elbk h-full\">\n<div class=\"react-scroll-to-bottom--css-udppu-1n7m0yu\">\n<div class=\"flex flex-col pb-9 text-sm\">\n<div class=\"w-full text-token-text-primary\" data-testid=\"conversation-turn-7\">\n<div class=\"px-4 py-2 justify-center text-base md:gap-6 m-auto\">\n<div class=\"flex flex-1 text-base mx-auto gap-3 md:px-5 lg:px-1 xl:px-5 md:max-w-3xl lg:max-w-&#091;40rem&#093; xl:max-w-&#091;48rem&#093; group final-completion\">\n<div class=\"relative flex w-full flex-col lg:w-&#091;calc(100%-115px)&#093; agent-turn\">\n<div class=\"flex-col gap-1 md:gap-3\">\n<div class=\"flex flex-grow flex-col max-w-full\">\n<div class=\"min-h-&#091;20px&#093; text-message flex flex-col items-start gap-3 whitespace-pre-wrap break-words &#091;.text-message+&amp;&#093;:mt-5 overflow-x-auto\" data-message-author-role=\"assistant\" data-message-id=\"48239936-4d1f-4788-ab99-b92aca5c0422\">\n<div class=\"markdown prose w-full break-words dark:prose-invert light\">\n<h2>Ko\u0144c\u00f3wki pr\u0119t\u00f3w ze stali nierdzewnej pokryte PTFE i mosi\u0105dzem w przemy\u015ble spo\u017cywczym, kosmetycznym i farmaceutycznym<\/h2>\n<p>Ko\u0144c\u00f3wki pr\u0119t\u00f3w ze stali nierdzewnej z PTFE (politetrafluoroetylenem) i mosi\u0105dzem do stosowania w przemy\u015ble spo\u017cywczym, kosmetycznym i farmaceutycznym <a href=\"https:\/\/nhkmachineryparts.com\/pl\/our-industries\/\" data-internallinksmanager029f6b8e52c=\"4\" title=\"Nasze bran\u017ce\">bran\u017ce<\/a> mog\u0105 by\u0107 bardzo korzystne, bior\u0105c pod uwag\u0119 ich unikalne w\u0142a\u015bciwo\u015bci i zgodno\u015b\u0107 z rygorystycznymi wymaganiami tych sektor\u00f3w.<\/p>\n<h2>Zamawianie SCHS Ko\u0144c\u00f3wka dr\u0105\u017cka ze stali nierdzewnej z pow\u0142ok\u0105 kompozytow\u0105 z PTFE \u2013 bezobs\u0142ugowa<\/h2>\n<p>Gwint lewy, do numer\u00f3w \u0142o\u017cysk dodawany jest przyrostek \u201eL\u201d. np.: SCHS20SSL M20\u00d71,5-6H<br \/>\nGwint prawy, do numer\u00f3w \u0142o\u017cysk dodawany jest przyrostek \u201eR\u201d. np.: SCHS20SSR M20\u00d71,5-6H<\/p>\n<h2>Zamawianie SCOS Ko\u0144c\u00f3wka dr\u0105\u017cka ze stali nierdzewnej, m\u0119ska pokryta kompozytem PTFE \u2013 bezobs\u0142ugowa<\/h2>\n<p>Gwint lewy, do numer\u00f3w \u0142o\u017cysk dodawany jest przyrostek \u201eL\u201d. np.: SCOS20SSL M20\u00d71,5-6g<br \/>\nGwint prawy, do numer\u00f3w \u0142o\u017cysk dodawany jest przyrostek \u201eR\u201d. np.: SCOS20SSR M20\u00d71,5-6g<\/p>\n<p>PI\u0141KA<br \/>\nStal nierdzewna 440C<br \/>\nObr\u00f3bce cieplnej<br \/>\nPrecyzyjne uziemienie<br \/>\nPolerowana powierzchnia<\/p>\n<p>CIA\u0141O<br \/>\nStal nierdzewna AISI 304<br \/>\nPolerowana powierzchnia<\/p>\n<p>Wy\u015bcig: stal nierdzewna AISI 304 z wy\u015bci\u00f3\u0142k\u0105 z kompozytu PTFE<\/p>\n<h2>Zamawianie SPHS Ko\u0144c\u00f3wka dr\u0105\u017cka z \u017ce\u0144sk\u0105 ok\u0142adzin\u0105 mosi\u0119\u017cn\u0105 ze stali nierdzewnej<\/h2>\n<p>Gwint lewy, do numer\u00f3w \u0142o\u017cysk dodawany jest przyrostek \u201eL\u201d. np.: SPHS20SSL M20\u00d71,5-6H<br \/>\nGwint prawy, do numer\u00f3w \u0142o\u017cysk dodawany jest przyrostek \u201eR\u201d. np.: SPHS20SSR M20\u00d71,5-6H<\/p>\n<h2>Zamawianie SPOS Ko\u0144c\u00f3wka dr\u0105\u017cka ze stali nierdzewnej, wyk\u0142adana mosi\u0105dzem<\/h2>\n<p>Gwint lewy, do numer\u00f3w \u0142o\u017cysk dodawany jest przyrostek \u201eL\u201d. np.: SPOS20SSL M20\u00d71,5-6g<br \/>\nGwint prawy, do numer\u00f3w \u0142o\u017cysk dodawany jest przyrostek \u201eR\u201d. np.: SPOS20SSR M20\u00d71,5-6g<\/p>\n<p>PI\u0141KA<br \/>\nStal nierdzewna 440C<br \/>\nObr\u00f3bce cieplnej<br \/>\nPrecyzyjne uziemienie<br \/>\nPolerowana powierzchnia<\/p>\n<p>CIA\u0141O<br \/>\nStal nierdzewna AISI 304<br \/>\nPolerowana powierzchnia<\/p>\n<p>Wy\u015bcig: pokryta mosi\u0105dzem stal nierdzewna AISI 304<\/p>\n<h2>Oto przegl\u0105d powod\u00f3w, dla kt\u00f3rych te materia\u0142y s\u0105 korzystne w tych zastosowaniach:<\/h2>\n<ol>\n<li>\n<h2><strong>W\u0142a\u015bciwo\u015bci PTFE<\/strong>:<\/h2>\n<ul>\n<li><strong>Niereaktywny i oboj\u0119tny<\/strong>: PTFE jest chemicznie oboj\u0119tny i nie reaguje z wi\u0119kszo\u015bci\u0105 chemikali\u00f3w, dzi\u0119ki czemu mo\u017cna go bezpiecznie stosowa\u0107 w \u015brodowiskach produkcyjnych, w kt\u00f3rych mo\u017ce mie\u0107 kontakt z r\u00f3\u017cnymi substancjami.<\/li>\n<li><strong>Niski wsp\u00f3\u0142czynnik tarcia<\/strong>: PTFE ma bardzo niski wsp\u00f3\u0142czynnik tarcia, co zmniejsza zu\u017cycie i wyd\u0142u\u017ca \u017cywotno\u015b\u0107 ko\u0144c\u00f3wek dr\u0105\u017ck\u00f3w.<\/li>\n<li><strong>Odporno\u015b\u0107 na wysok\u0105 temperatur\u0119<\/strong>: Wytrzymuje wysokie temperatury, co jest korzystne w procesach wymagaj\u0105cych ogrzewania lub sterylizacji.<\/li>\n<li><strong>Doskona\u0142e smarowanie<\/strong>: Naturalna smarowno\u015b\u0107 PTFE mo\u017ce poprawi\u0107 ruch i \u017cywotno\u015b\u0107 ko\u0144c\u00f3wek dr\u0105\u017ck\u00f3w, szczeg\u00f3lnie w zastosowaniach wymagaj\u0105cych regularnego ruchu lub regulacji.<\/li>\n<li><strong>Zgodno\u015b\u0107 z FDA<\/strong>: PTFE jest cz\u0119sto zgodny z przepisami FDA dotycz\u0105cymi stosowania w przetw\u00f3rstwie \u017cywno\u015bci, farmaceutykach i kosmetykach, gdzie kluczowe znaczenie maj\u0105 nietoksyczne i niezanieczyszczaj\u0105ce materia\u0142y.<\/li>\n<\/ul>\n<\/li>\n<li>\n<h2><strong>W\u0142a\u015bciwo\u015bci mosi\u0105dzu<\/strong>:<\/h2>\n<ul>\n<li><strong>Odporno\u015b\u0107 na korozj\u0119<\/strong>: Mosi\u0105dz jest odporny na korozj\u0119, co jest istotne w \u015brodowiskach, w kt\u00f3rych mo\u017ce by\u0107 nara\u017cony na dzia\u0142anie wilgoci, \u015brodk\u00f3w czyszcz\u0105cych lub innych substancji \u017cr\u0105cych.<\/li>\n<li><strong>Dobre w\u0142a\u015bciwo\u015bci mechaniczne<\/strong>: Mosi\u0105dz zapewnia r\u00f3wnowag\u0119 wytrzyma\u0142o\u015bci i ci\u0105gliwo\u015bci, co mo\u017ce by\u0107 korzystne w utrzymaniu integralno\u015bci ko\u0144c\u00f3wek dr\u0105\u017ck\u00f3w przy r\u00f3\u017cnych obci\u0105\u017ceniach i warunkach u\u017cytkowania.<\/li>\n<\/ul>\n<\/li>\n<li>\n<h2><strong>Zalety stali nierdzewnej<\/strong>:<\/h2>\n<ul>\n<li><strong>Trwa\u0142o\u015b\u0107 i wytrzyma\u0142o\u015b\u0107<\/strong>: Stal nierdzewna zapewnia wytrzyma\u0142o\u015b\u0107 konstrukcyjn\u0105 i trwa\u0142o\u015b\u0107 ko\u0144c\u00f3wek dr\u0105\u017ck\u00f3w.<\/li>\n<li><strong>Higieniczne i \u0142atwe w czyszczeniu<\/strong>: Podobnie jak PTFE, stal nierdzewna jest \u0142atwa do czyszczenia i odka\u017cania, dzi\u0119ki czemu idealnie nadaje si\u0119 do stosowania w higienicznych \u015brodowiskach.<\/li>\n<li><strong>Odporno\u015b\u0107 na korozj\u0119<\/strong>: Odporno\u015b\u0107 stali nierdzewnej na korozj\u0119 ma kluczowe znaczenie w tych ga\u0142\u0119ziach przemys\u0142u, szczeg\u00f3lnie w przypadku nara\u017cenia na dzia\u0142anie r\u00f3\u017cnych chemikali\u00f3w i \u015brodk\u00f3w czyszcz\u0105cych.<\/li>\n<\/ul>\n<\/li>\n<li>\n<h2><strong>Og\u00f3lne korzy\u015bci w zastosowaniach przemys\u0142owych<\/strong>:<\/h2>\n<ul>\n<li><strong>Przetw\u00f3rstwo spo\u017cywcze<\/strong>: W przetw\u00f3rstwie \u017cywno\u015bci materia\u0142y te zapewniaj\u0105, \u017ce sprz\u0119t nie zanieczyszcza produkt\u00f3w spo\u017cywczych, jest odporny na regularne czyszczenie i odka\u017canie oraz spe\u0142nia przepisy bezpiecze\u0144stwa i higieny pracy.<\/li>\n<li><strong>Przemys\u0142 kosmetyczny<\/strong>: W przypadku kosmetyk\u00f3w niereaktywny i oboj\u0119tny charakter tych materia\u0142\u00f3w gwarantuje, \u017ce produkty pozostan\u0105 czyste i wolne od zanieczyszcze\u0144 podczas produkcji.<\/li>\n<li><strong>Przemys\u0142 farmaceutyczny<\/strong>: W produkcji farmaceutycznej wysokie standardy czysto\u015bci, braku reaktywno\u015bci i zapobiegania zanieczyszczeniom s\u0105 spe\u0142nione dzi\u0119ki zastosowaniu komponent\u00f3w z PTFE, mosi\u0105dzu i stali nierdzewnej.<\/li>\n<\/ul>\n<\/li>\n<li>\n<h2><strong>Konserwacja i trwa\u0142o\u015b\u0107<\/strong>:<\/h2>\n<ul>\n<li>Materia\u0142y te zazwyczaj wymagaj\u0105 mniej konserwacji i maj\u0105 d\u0142u\u017csz\u0105 \u017cywotno\u015b\u0107 w trudnych warunkach w por\u00f3wnaniu z innymi materia\u0142ami, co czyni je op\u0142acalnymi w d\u0142u\u017cszej perspektywie.<\/li>\n<\/ul>\n<\/li>\n<\/ol>\n<p>Podsumowuj\u0105c, po\u0142\u0105czenie PTFE, mosi\u0105dzu i stali nierdzewnej w ko\u0144c\u00f3wkach dr\u0105\u017ck\u00f3w zapewnia solidne, higieniczne i trwa\u0142e rozwi\u0105zanie odpowiednie do wymagaj\u0105cych warunk\u00f3w w przemy\u015ble spo\u017cywczym, kosmetycznym i farmaceutycznym. Ich unikalne w\u0142a\u015bciwo\u015bci pomagaj\u0105 w utrzymaniu czysto\u015bci produkt\u00f3w, zapewnieniu niezawodno\u015bci maszyn i zgodno\u015bci z przepisami bran\u017cowymi.<\/p>\n<\/div>\n<\/div>\n<\/div>\n<\/div>\n<\/div>\n<\/div>\n<\/div>\n<\/div>\n<\/div>\n<\/div>\n<\/div>\n<\/div>\n\n\t\t<\/div>\n\t<\/div>\n<\/div><\/div><\/div><\/div><\/div><\/section>","protected":false},"excerpt":{"rendered":"PTFE and brass lined stainless rod ends in food processing, cosmetic and pharmaceutical industry PTFE (Polytetrafluoroethylene) and brass-lined stainless rod ends in the food processing, cosmetic, and pharmaceutical industries can be highly beneficial, given their unique properties and compliance with the stringent requirements of these sectors. Ordering SCHS Stainless steel female PTFE composite lined rod [...]","protected":false},"featured_media":8740,"template":"","meta":[],"product_brand":[],"product_cat":[64],"product_tag":[],"class_list":{"0":"post-7884","1":"product","2":"type-product","3":"status-publish","4":"has-post-thumbnail","6":"product_cat-hygienic-machinery-components-in-stainless-steel","8":"first","9":"instock","10":"shipping-taxable","11":"product-type-simple"},"yoast_head":"<!-- This site is optimized with the Yoast SEO plugin v27.3 - https:\/\/yoast.com\/product\/yoast-seo-wordpress\/ -->\n<title>PTFE and brass lined stainless rod ends | NHK Machinery Parts<\/title>\n<meta name=\"description\" content=\"PTFE and brass-lined stainless rod ends are be highly beneficial, given their unique properties and compliance with the stringent requirements\" \/>\n<meta name=\"robots\" content=\"index, follow, max-snippet:-1, max-image-preview:large, max-video-preview:-1\" \/>\n<link rel=\"canonical\" href=\"https:\/\/nhkmachineryparts.com\/pl\/produkt\/koncowki-pretow-ze-stali-nierdzewnej-pokryte-ptfe-i-mosiadzem-w-przemysle-spozywczym-kosmetycznym-i-farmaceutycznym\/\" \/>\n<meta property=\"og:locale\" content=\"pl_PL\" \/>\n<meta property=\"og:type\" content=\"article\" \/>\n<meta property=\"og:title\" content=\"PTFE and brass lined stainless rod ends | NHK Machinery Parts\" \/>\n<meta property=\"og:description\" content=\"PTFE and brass-lined stainless rod ends are be highly beneficial, given their unique properties and compliance with the stringent requirements\" \/>\n<meta property=\"og:url\" content=\"https:\/\/nhkmachineryparts.com\/pl\/produkt\/koncowki-pretow-ze-stali-nierdzewnej-pokryte-ptfe-i-mosiadzem-w-przemysle-spozywczym-kosmetycznym-i-farmaceutycznym\/\" \/>\n<meta property=\"og:site_name\" content=\"NHK Machinery Parts\" \/>\n<meta property=\"article:publisher\" content=\"https:\/\/www.facebook.com\/NHK.Group.aps\" \/>\n<meta property=\"article:modified_time\" content=\"2026-02-23T11:49:56+00:00\" \/>\n<meta property=\"og:image\" content=\"https:\/\/nhkmachineryparts.com\/wp-content\/uploads\/2023\/12\/PTFE-and-brass-lined-stainless-rod-ends.jpg\" \/>\n\t<meta property=\"og:image:width\" content=\"1000\" \/>\n\t<meta property=\"og:image:height\" content=\"1000\" \/>\n\t<meta property=\"og:image:type\" content=\"image\/jpeg\" \/>\n<meta name=\"twitter:card\" content=\"summary_large_image\" \/>\n<meta name=\"twitter:label1\" content=\"Szacowany czas czytania\" \/>\n\t<meta name=\"twitter:data1\" content=\"3 minuty\" \/>\n<script type=\"application\/ld+json\" class=\"yoast-schema-graph\">{\"@context\":\"https:\\\/\\\/schema.org\",\"@graph\":[{\"@type\":\"WebPage\",\"@id\":\"https:\\\/\\\/nhkmachineryparts.com\\\/product\\\/ptfe-and-brass-lined-stainless-rod-ends-in-food-processing-cosmetic-and-pharmaceutical-industry\\\/\",\"url\":\"https:\\\/\\\/nhkmachineryparts.com\\\/product\\\/ptfe-and-brass-lined-stainless-rod-ends-in-food-processing-cosmetic-and-pharmaceutical-industry\\\/\",\"name\":\"PTFE and brass lined stainless rod ends | NHK Machinery Parts\",\"isPartOf\":{\"@id\":\"https:\\\/\\\/nhkmachineryparts.com\\\/#website\"},\"primaryImageOfPage\":{\"@id\":\"https:\\\/\\\/nhkmachineryparts.com\\\/product\\\/ptfe-and-brass-lined-stainless-rod-ends-in-food-processing-cosmetic-and-pharmaceutical-industry\\\/#primaryimage\"},\"image\":{\"@id\":\"https:\\\/\\\/nhkmachineryparts.com\\\/product\\\/ptfe-and-brass-lined-stainless-rod-ends-in-food-processing-cosmetic-and-pharmaceutical-industry\\\/#primaryimage\"},\"thumbnailUrl\":\"https:\\\/\\\/nhkmachineryparts.com\\\/wp-content\\\/uploads\\\/2023\\\/12\\\/PTFE-and-brass-lined-stainless-rod-ends.jpg\",\"datePublished\":\"2023-12-30T04:42:14+00:00\",\"dateModified\":\"2026-02-23T11:49:56+00:00\",\"description\":\"PTFE and brass-lined stainless rod ends are be highly beneficial, given their unique properties and compliance with the stringent requirements\",\"breadcrumb\":{\"@id\":\"https:\\\/\\\/nhkmachineryparts.com\\\/product\\\/ptfe-and-brass-lined-stainless-rod-ends-in-food-processing-cosmetic-and-pharmaceutical-industry\\\/#breadcrumb\"},\"inLanguage\":\"pl-PL\",\"potentialAction\":[{\"@type\":\"ReadAction\",\"target\":[\"https:\\\/\\\/nhkmachineryparts.com\\\/product\\\/ptfe-and-brass-lined-stainless-rod-ends-in-food-processing-cosmetic-and-pharmaceutical-industry\\\/\"]}]},{\"@type\":\"ImageObject\",\"inLanguage\":\"pl-PL\",\"@id\":\"https:\\\/\\\/nhkmachineryparts.com\\\/product\\\/ptfe-and-brass-lined-stainless-rod-ends-in-food-processing-cosmetic-and-pharmaceutical-industry\\\/#primaryimage\",\"url\":\"https:\\\/\\\/nhkmachineryparts.com\\\/wp-content\\\/uploads\\\/2023\\\/12\\\/PTFE-and-brass-lined-stainless-rod-ends.jpg\",\"contentUrl\":\"https:\\\/\\\/nhkmachineryparts.com\\\/wp-content\\\/uploads\\\/2023\\\/12\\\/PTFE-and-brass-lined-stainless-rod-ends.jpg\",\"width\":1000,\"height\":1000,\"caption\":\"PTFE and brass lined stainless rod ends\"},{\"@type\":\"BreadcrumbList\",\"@id\":\"https:\\\/\\\/nhkmachineryparts.com\\\/product\\\/ptfe-and-brass-lined-stainless-rod-ends-in-food-processing-cosmetic-and-pharmaceutical-industry\\\/#breadcrumb\",\"itemListElement\":[{\"@type\":\"ListItem\",\"position\":1,\"name\":\"Home\",\"item\":\"https:\\\/\\\/nhkmachineryparts.com\\\/\"},{\"@type\":\"ListItem\",\"position\":2,\"name\":\"Product line\",\"item\":\"https:\\\/\\\/nhkmachineryparts.com\\\/product-line\\\/\"},{\"@type\":\"ListItem\",\"position\":3,\"name\":\"Hygienic machinery components in stainless steel\",\"item\":\"https:\\\/\\\/nhkmachineryparts.com\\\/product-line\\\/hygienic-machinery-components-in-stainless-steel\\\/\"},{\"@type\":\"ListItem\",\"position\":4,\"name\":\"PTFE and brass lined stainless rod ends\"}]},{\"@type\":\"WebSite\",\"@id\":\"https:\\\/\\\/nhkmachineryparts.com\\\/#website\",\"url\":\"https:\\\/\\\/nhkmachineryparts.com\\\/\",\"name\":\"NHK Machinery Parts\",\"description\":\"Bearing Houses, seismic levelling feet and levelling castors\",\"publisher\":{\"@id\":\"https:\\\/\\\/nhkmachineryparts.com\\\/#organization\"},\"potentialAction\":[{\"@type\":\"SearchAction\",\"target\":{\"@type\":\"EntryPoint\",\"urlTemplate\":\"https:\\\/\\\/nhkmachineryparts.com\\\/?s={search_term_string}\"},\"query-input\":{\"@type\":\"PropertyValueSpecification\",\"valueRequired\":true,\"valueName\":\"search_term_string\"}}],\"inLanguage\":\"pl-PL\"},{\"@type\":\"Organization\",\"@id\":\"https:\\\/\\\/nhkmachineryparts.com\\\/#organization\",\"name\":\"Nhk Group ApS\",\"url\":\"https:\\\/\\\/nhkmachineryparts.com\\\/\",\"logo\":{\"@type\":\"ImageObject\",\"inLanguage\":\"pl-PL\",\"@id\":\"https:\\\/\\\/nhkmachineryparts.com\\\/#\\\/schema\\\/logo\\\/image\\\/\",\"url\":\"https:\\\/\\\/nhkmachineryparts.com\\\/wp-content\\\/uploads\\\/2022\\\/09\\\/NHKgroup_social.jpg\",\"contentUrl\":\"https:\\\/\\\/nhkmachineryparts.com\\\/wp-content\\\/uploads\\\/2022\\\/09\\\/NHKgroup_social.jpg\",\"width\":1200,\"height\":630,\"caption\":\"Nhk Group ApS\"},\"image\":{\"@id\":\"https:\\\/\\\/nhkmachineryparts.com\\\/#\\\/schema\\\/logo\\\/image\\\/\"},\"sameAs\":[\"https:\\\/\\\/www.facebook.com\\\/NHK.Group.aps\"]}]}<\/script>\n<!-- \/ Yoast SEO plugin. -->","yoast_head_json":{"title":"Ko\u0144c\u00f3wki dr\u0105\u017ck\u00f3w ze stali nierdzewnej pokryte PTFE i mosi\u0105dzem | Cz\u0119\u015bci maszyn NHK","description":"Ko\u0144c\u00f3wki pr\u0119t\u00f3w pokryte PTFE i mosi\u0105dzem s\u0105 bardzo korzystne, bior\u0105c pod uwag\u0119 ich unikalne w\u0142a\u015bciwo\u015bci i zgodno\u015b\u0107 z rygorystycznymi wymaganiami","robots":{"index":"index","follow":"follow","max-snippet":"max-snippet:-1","max-image-preview":"max-image-preview:large","max-video-preview":"max-video-preview:-1"},"canonical":"https:\/\/nhkmachineryparts.com\/pl\/produkt\/koncowki-pretow-ze-stali-nierdzewnej-pokryte-ptfe-i-mosiadzem-w-przemysle-spozywczym-kosmetycznym-i-farmaceutycznym\/","og_locale":"pl_PL","og_type":"article","og_title":"PTFE and brass lined stainless rod ends | NHK Machinery Parts","og_description":"PTFE and brass-lined stainless rod ends are be highly beneficial, given their unique properties and compliance with the stringent requirements","og_url":"https:\/\/nhkmachineryparts.com\/pl\/produkt\/koncowki-pretow-ze-stali-nierdzewnej-pokryte-ptfe-i-mosiadzem-w-przemysle-spozywczym-kosmetycznym-i-farmaceutycznym\/","og_site_name":"NHK Machinery Parts","article_publisher":"https:\/\/www.facebook.com\/NHK.Group.aps","article_modified_time":"2026-02-23T11:49:56+00:00","og_image":[{"width":1000,"height":1000,"url":"https:\/\/nhkmachineryparts.com\/wp-content\/uploads\/2023\/12\/PTFE-and-brass-lined-stainless-rod-ends.jpg","type":"image\/jpeg"}],"twitter_card":"summary_large_image","twitter_misc":{"Szacowany czas czytania":"3 minuty"},"schema":{"@context":"https:\/\/schema.org","@graph":[{"@type":"WebPage","@id":"https:\/\/nhkmachineryparts.com\/product\/ptfe-and-brass-lined-stainless-rod-ends-in-food-processing-cosmetic-and-pharmaceutical-industry\/","url":"https:\/\/nhkmachineryparts.com\/product\/ptfe-and-brass-lined-stainless-rod-ends-in-food-processing-cosmetic-and-pharmaceutical-industry\/","name":"Ko\u0144c\u00f3wki dr\u0105\u017ck\u00f3w ze stali nierdzewnej pokryte PTFE i mosi\u0105dzem | Cz\u0119\u015bci maszyn NHK","isPartOf":{"@id":"https:\/\/nhkmachineryparts.com\/#website"},"primaryImageOfPage":{"@id":"https:\/\/nhkmachineryparts.com\/product\/ptfe-and-brass-lined-stainless-rod-ends-in-food-processing-cosmetic-and-pharmaceutical-industry\/#primaryimage"},"image":{"@id":"https:\/\/nhkmachineryparts.com\/product\/ptfe-and-brass-lined-stainless-rod-ends-in-food-processing-cosmetic-and-pharmaceutical-industry\/#primaryimage"},"thumbnailUrl":"https:\/\/nhkmachineryparts.com\/wp-content\/uploads\/2023\/12\/PTFE-and-brass-lined-stainless-rod-ends.jpg","datePublished":"2023-12-30T04:42:14+00:00","dateModified":"2026-02-23T11:49:56+00:00","description":"Ko\u0144c\u00f3wki pr\u0119t\u00f3w pokryte PTFE i mosi\u0105dzem s\u0105 bardzo korzystne, bior\u0105c pod uwag\u0119 ich unikalne w\u0142a\u015bciwo\u015bci i zgodno\u015b\u0107 z rygorystycznymi wymaganiami","breadcrumb":{"@id":"https:\/\/nhkmachineryparts.com\/product\/ptfe-and-brass-lined-stainless-rod-ends-in-food-processing-cosmetic-and-pharmaceutical-industry\/#breadcrumb"},"inLanguage":"pl-PL","potentialAction":[{"@type":"ReadAction","target":["https:\/\/nhkmachineryparts.com\/product\/ptfe-and-brass-lined-stainless-rod-ends-in-food-processing-cosmetic-and-pharmaceutical-industry\/"]}]},{"@type":"ImageObject","inLanguage":"pl-PL","@id":"https:\/\/nhkmachineryparts.com\/product\/ptfe-and-brass-lined-stainless-rod-ends-in-food-processing-cosmetic-and-pharmaceutical-industry\/#primaryimage","url":"https:\/\/nhkmachineryparts.com\/wp-content\/uploads\/2023\/12\/PTFE-and-brass-lined-stainless-rod-ends.jpg","contentUrl":"https:\/\/nhkmachineryparts.com\/wp-content\/uploads\/2023\/12\/PTFE-and-brass-lined-stainless-rod-ends.jpg","width":1000,"height":1000,"caption":"PTFE and brass lined stainless rod ends"},{"@type":"BreadcrumbList","@id":"https:\/\/nhkmachineryparts.com\/product\/ptfe-and-brass-lined-stainless-rod-ends-in-food-processing-cosmetic-and-pharmaceutical-industry\/#breadcrumb","itemListElement":[{"@type":"ListItem","position":1,"name":"Home","item":"https:\/\/nhkmachineryparts.com\/"},{"@type":"ListItem","position":2,"name":"Product line","item":"https:\/\/nhkmachineryparts.com\/product-line\/"},{"@type":"ListItem","position":3,"name":"Hygienic machinery components in stainless steel","item":"https:\/\/nhkmachineryparts.com\/product-line\/hygienic-machinery-components-in-stainless-steel\/"},{"@type":"ListItem","position":4,"name":"PTFE and brass lined stainless rod ends"}]},{"@type":"WebSite","@id":"https:\/\/nhkmachineryparts.com\/#website","url":"https:\/\/nhkmachineryparts.com\/","name":"Cz\u0119\u015bci maszyn NHK","description":"Obudowy \u0142o\u017cyskowe, sejsmiczne stopy poziomuj\u0105ce i k\u00f3\u0142ka poziomuj\u0105ce","publisher":{"@id":"https:\/\/nhkmachineryparts.com\/#organization"},"potentialAction":[{"@type":"SearchAction","target":{"@type":"EntryPoint","urlTemplate":"https:\/\/nhkmachineryparts.com\/?s={search_term_string}"},"query-input":{"@type":"PropertyValueSpecification","valueRequired":true,"valueName":"search_term_string"}}],"inLanguage":"pl-PL"},{"@type":"Organization","@id":"https:\/\/nhkmachineryparts.com\/#organization","name":"ApS Grupy Nhk","url":"https:\/\/nhkmachineryparts.com\/","logo":{"@type":"ImageObject","inLanguage":"pl-PL","@id":"https:\/\/nhkmachineryparts.com\/#\/schema\/logo\/image\/","url":"https:\/\/nhkmachineryparts.com\/wp-content\/uploads\/2022\/09\/NHKgroup_social.jpg","contentUrl":"https:\/\/nhkmachineryparts.com\/wp-content\/uploads\/2022\/09\/NHKgroup_social.jpg","width":1200,"height":630,"caption":"Nhk Group ApS"},"image":{"@id":"https:\/\/nhkmachineryparts.com\/#\/schema\/logo\/image\/"},"sameAs":["https:\/\/www.facebook.com\/NHK.Group.aps"]}]}},"_links":{"self":[{"href":"https:\/\/nhkmachineryparts.com\/pl\/wp-json\/wp\/v2\/product\/7884","targetHints":{"allow":["GET"]}}],"collection":[{"href":"https:\/\/nhkmachineryparts.com\/pl\/wp-json\/wp\/v2\/product"}],"about":[{"href":"https:\/\/nhkmachineryparts.com\/pl\/wp-json\/wp\/v2\/types\/product"}],"wp:featuredmedia":[{"embeddable":true,"href":"https:\/\/nhkmachineryparts.com\/pl\/wp-json\/wp\/v2\/media\/8740"}],"wp:attachment":[{"href":"https:\/\/nhkmachineryparts.com\/pl\/wp-json\/wp\/v2\/media?parent=7884"}],"wp:term":[{"taxonomy":"product_brand","embeddable":true,"href":"https:\/\/nhkmachineryparts.com\/pl\/wp-json\/wp\/v2\/product_brand?post=7884"},{"taxonomy":"product_cat","embeddable":true,"href":"https:\/\/nhkmachineryparts.com\/pl\/wp-json\/wp\/v2\/product_cat?post=7884"},{"taxonomy":"product_tag","embeddable":true,"href":"https:\/\/nhkmachineryparts.com\/pl\/wp-json\/wp\/v2\/product_tag?post=7884"}],"curies":[{"name":"wp","href":"https:\/\/api.w.org\/{rel}","templated":true}]}}