{"id":5795,"date":"2023-07-28T13:59:32","date_gmt":"2023-07-28T11:59:32","guid":{"rendered":"https:\/\/nhkmachineryparts.com\/?post_type=product&#038;p=5795"},"modified":"2026-03-14T21:09:43","modified_gmt":"2026-03-14T19:09:43","slug":"higieniczny-uchwyt-ze-stali-nierdzewnej","status":"publish","type":"product","link":"https:\/\/nhkmachineryparts.com\/pl\/product\/hygienic-handle-in-stainless-steel\/","title":{"rendered":"Higieniczny uchwyt ze stali nierdzewnej"},"content":{"rendered":"<section class=\"vc_row liquid-row-shadowbox-69d4a781214c2\"><div class=\"ld-container container\"><div class=\"row ld-row ld-row-outer\"><div class=\"wpb_column vc_column_container vc_col-sm-12 liquid-column-69d4a7812163c\"><div class=\"vc_column-inner\" ><div class=\"wpb_wrapper\"  >\n\t<div class=\"wpb_text_column wpb_content_element\" >\n\t\t<div class=\"wpb_wrapper\">\n\t\t\t<h2 class=\"product_title entry-title\">Higieniczny uchwyt ze stali nierdzewnej<\/h2>\n<p>Tego typu akcesoria stanowi\u0105 optymalny wyb\u00f3r w przypadku urz\u0105dze\u0144, kt\u00f3re musz\u0105 spe\u0142nia\u0107 rygorystyczne wymogi higieniczne.<\/p>\n<p>Powierzchnie samoodp\u0142ywowe o maksymalnej chropowato\u015bci 0,8 \u00b5m Ra.<\/p>\n<h2 class=\"product_title entry-title\">Rozmiary uchwyt\u00f3w obudowy higienicznej<\/h2>\n<p>Uchwyt LC M6-CC88<\/p>\n<p>Uchwyt LC M6-CC100<\/p>\n<p>Uchwyt LC M6-CC120<\/p>\n<p>Handle LC M6-CC160<\/p>\n<p>Uchwyt LC M6-CC180<\/p>\n<p>Handle LC M6-CC200<\/p>\n<p><a href=\"https:\/\/nhkmachineryparts.com\/pl\/linia-produkcyjna-2\/hygienic-conveyor-parts-in-stainless-steel-design\/\">Pozosta\u0142e higieniczne cz\u0119\u015bci ze stali nierdzewnej<\/a><\/p>\n<h2><strong>Uchwyty sanitarne ze stali nierdzewnej<\/strong><\/h2>\n<h3><strong>Higieniczne rozwi\u0105zanie dla nowoczesnych ga\u0142\u0119zi przemys\u0142u<\/strong><\/h3>\n<p>W <a href=\"https:\/\/nhkmachineryparts.com\/pl\/our-industries\/\" data-internallinksmanager029f6b8e52c=\"4\" title=\"Nasze bran\u017ce\">bran\u017ce<\/a> podobnie jak w przetw\u00f3rstwie \u017cywno\u015bci, farmaceutyce i opiece zdrowotnej, utrzymanie najwy\u017cszych standard\u00f3w higieny nie jest opcjonalne \u2014 jest obowi\u0105zkowe. Sprz\u0119t i komponenty musz\u0105 spe\u0142nia\u0107 surowe wymagania sanitarne, aby zapewni\u0107 bezpiecze\u0144stwo i jako\u015b\u0107 produktu. W\u015br\u00f3d tych komponent\u00f3w, <strong>uchwyty sanitarne ze stali nierdzewnej<\/strong> wyr\u00f3\u017cniaj\u0105 si\u0119 jako krytyczny element. Zaprojektowane z my\u015bl\u0105 o higienie, trwa\u0142o\u015bci i bezpiecze\u0144stwie, te uchwyty s\u0105 niezb\u0119dne w zastosowaniach, w kt\u00f3rych czysto\u015b\u0107 jest najwa\u017cniejsza.<\/p>\n<hr \/>\n<h2><strong>Czym s\u0105 uchwyty higieniczne?<\/strong><\/h2>\n<p>Uchwyty sanitarne to specjalistyczne komponenty zaprojektowane tak, aby spe\u0142nia\u0107 wymagania higieniczne wra\u017cliwych bran\u017c. Zazwyczaj s\u0105 wykonane ze stali nierdzewnej, materia\u0142u cenionego za odporno\u015b\u0107 na korozj\u0119, \u0142atw\u0105 do czyszczenia powierzchni\u0119 i wytrzyma\u0142o\u015b\u0107. Uchwyty te cz\u0119sto maj\u0105 g\u0142adkie, polerowane powierzchnie, aby zminimalizowa\u0107 gromadzenie si\u0119 zanieczyszcze\u0144, co czyni je idealnymi do \u015brodowisk wymagaj\u0105cych rygorystycznej czysto\u015bci.<\/p>\n<hr \/>\n<h2><strong>G\u0142\u00f3wne cechy uchwyt\u00f3w sanitarnych ze stali nierdzewnej<\/strong><\/h2>\n<h3><strong>1. Wysoka odporno\u015b\u0107 na korozj\u0119<\/strong><\/h3>\n<p>Stal nierdzewna jest wysoce odporna na korozj\u0119, dzi\u0119ki czemu nadaje si\u0119 do \u015brodowisk, w kt\u00f3rych powszechne jest nara\u017cenie na wilgo\u0107, chemikalia i \u015brodki czyszcz\u0105ce. Ta trwa\u0142o\u015b\u0107 zapewnia d\u0142ug\u0105 \u017cywotno\u015b\u0107 i zmniejsza ryzyko zanieczyszczenia rdz\u0105.<\/p>\n<h3><strong>2. Higieniczna konstrukcja<\/strong><\/h3>\n<p>Uchwyty sanitarne s\u0105 zaprojektowane z zaokr\u0105glonymi kraw\u0119dziami i polerowanymi wyko\u0144czeniami, aby zapobiec osadzaniu si\u0119 brudu, bakterii lub innych zanieczyszcze\u0144 w szczelinach. Niekt\u00f3re modele s\u0105 zgodne z normami, takimi jak <a href=\"https:\/\/nhkmachineryparts.com\/pl\/jaka-jest-roznica-miedzy-3a-a-ehedg\/\" data-internallinksmanager029f6b8e52c=\"2\" title=\"Cz\u0119\u015bci maszyn z certyfikatem EHEDG\">EHEDG<\/a> i 3-A Sanitary Standards, co gwarantuje spe\u0142nienie najwy\u017cszych standard\u00f3w czysto\u015bci.<\/p>\n<h3><strong>3. Wytrzyma\u0142o\u015b\u0107 i trwa\u0142o\u015b\u0107<\/strong><\/h3>\n<p>Uchwyty ze stali nierdzewnej s\u0105 wytrzyma\u0142e i wytrzymuj\u0105 trudy codziennego u\u017cytkowania w wymagaj\u0105cych \u015brodowiskach przemys\u0142owych. Ich trwa\u0142o\u015b\u0107 minimalizuje zu\u017cycie, zmniejszaj\u0105c potrzeb\u0119 cz\u0119stych wymian.<\/p>\n<h3><strong>4. \u0141atwa konserwacja<\/strong><\/h3>\n<p>G\u0142adka powierzchnia stali nierdzewnej u\u0142atwia czyszczenie i dezynfekcj\u0119, co jest cech\u0105 niezb\u0119dn\u0105 w zapobieganiu zanieczyszczeniom krzy\u017cowym w wra\u017cliwych ga\u0142\u0119ziach przemys\u0142u.<\/p>\n<hr \/>\n<h2><strong>Zastosowania uchwyt\u00f3w sanitarnych ze stali nierdzewnej<\/strong><\/h2>\n<h3><strong>1. Przetw\u00f3rstwo \u017cywno\u015bci i napoj\u00f3w<\/strong><\/h3>\n<p>Uchwyty sanitarne s\u0105 szeroko stosowane w zak\u0142adach produkuj\u0105cych \u017cywno\u015b\u0107, w tym w sprz\u0119cie takim jak miksery, krajalnice i maszyny pakuj\u0105ce. Ich w\u0142a\u015bciwo\u015bci higieniczne pomagaj\u0105 utrzyma\u0107 bezpiecze\u0144stwo \u017cywno\u015bci i zgodno\u015b\u0107 z normami regulacyjnymi.<\/p>\n<h3><strong>2. Farmaceutyka i biotechnologia<\/strong><\/h3>\n<p>W laboratoriach i zak\u0142adach produkcyjnych uchwyty ze stali nierdzewnej s\u0105 niezb\u0119dne w przypadku sprz\u0119tu, takiego jak inkubatory, meble do pomieszcze\u0144 czystych i jednostki magazynowe. Ich odporno\u015b\u0107 na sterylizacj\u0119 zapewnia przestrzeganie \u015bcis\u0142ych wytycznych farmaceutycznych.<\/p>\n<h3><strong>3. Opieka zdrowotna i urz\u0105dzenia medyczne<\/strong><\/h3>\n<p>Szpitale i producenci sprz\u0119tu medycznego polegaj\u0105 na higienicznych uchwytach, aby zwi\u0119kszy\u0107 bezpiecze\u0144stwo pacjent\u00f3w i upro\u015bci\u0107 procedury czyszczenia. Uchwyty te s\u0105 stosowane w instrumentach chirurgicznych, w\u00f3zkach i urz\u0105dzeniach diagnostycznych.<\/p>\n<h3><strong>4. Przemys\u0142 chemiczny i kosmetyczny<\/strong><\/h3>\n<p>W \u015brodowiskach, w kt\u00f3rych przetwarzane s\u0105 substancje chemiczne lub produkty do piel\u0119gnacji cia\u0142a, uchwyty ze stali nierdzewnej zapewniaj\u0105 odporno\u015b\u0107 na dzia\u0142anie agresywnych substancji, a jednocze\u015bnie pozwalaj\u0105 zachowa\u0107 czysty i profesjonalny wygl\u0105d.<\/p>\n<hr \/>\n<h2><strong>Dlaczego warto wybra\u0107 stal nierdzewn\u0105 na uchwyty sanitarne?<\/strong><\/h2>\n<h3><strong>1. Zgodno\u015b\u0107 ze standardami higienicznymi<\/strong><\/h3>\n<p>Organy regulacyjne, takie jak FDA, EHEDG i 3-A, narzucaj\u0105 rygorystyczne standardy higieny w bran\u017cach takich jak \u017cywno\u015b\u0107 i farmacja. Uchwyty ze stali nierdzewnej, kt\u00f3re spe\u0142niaj\u0105 te wymagania, zapewniaj\u0105 spok\u00f3j ducha i pomagaj\u0105 unikn\u0105\u0107 problem\u00f3w ze zgodno\u015bci\u0105.<\/p>\n<h3><strong>2. Zr\u00f3wnowa\u017cony rozw\u00f3j \u015brodowiska<\/strong><\/h3>\n<p>Stal nierdzewna jest w 100% poddawana recyklingowi, co czyni j\u0105 przyjaznym dla \u015brodowiska wyborem. Jej d\u0142ugi cykl \u017cycia dodatkowo przyczynia si\u0119 do zr\u00f3wnowa\u017conego rozwoju poprzez redukcj\u0119 odpad\u00f3w.<\/p>\n<h3><strong>3. Atrakcyjno\u015b\u0107 estetyczna<\/strong><\/h3>\n<p>Opr\u00f3cz funkcjonalno\u015bci, uchwyty sanitarne ze stali nierdzewnej oferuj\u0105 elegancki i profesjonalny wygl\u0105d, kt\u00f3ry uzupe\u0142nia nowoczesne wn\u0119trza przemys\u0142owe i plac\u00f3wki s\u0142u\u017cby zdrowia.<\/p>\n<hr \/>\n<h2><strong>Podnoszenie poziomu higieny dzi\u0119ki uchwytom sanitarnym ze stali nierdzewnej<\/strong><\/h2>\n<p>Uchwyty sanitarne ze stali nierdzewnej to co\u015b wi\u0119cej ni\u017c tylko akcesoria \u2014 s\u0105 kluczowym elementem utrzymania higieny, bezpiecze\u0144stwa i wydajno\u015bci w wielu bran\u017cach. Dzi\u0119ki wyj\u0105tkowej trwa\u0142o\u015bci, zgodno\u015bci ze standardami higieny i \u0142atwej konserwacji uchwyty te s\u0105 inwestycj\u0105 w jako\u015b\u0107 i niezawodno\u015b\u0107.<\/p>\n<p>Wybieraj\u0105c sanitarne uchwyty ze stali nierdzewnej, firmy mog\u0105 zapewni\u0107, \u017ce spe\u0142niaj\u0105 przepisy bran\u017cowe, zapewniaj\u0105c jednocze\u015bnie bezpieczniejsze i czystsze \u015brodowisko dla swoich operacji. Niezale\u017cnie od tego, czy chodzi o przetw\u00f3rstwo \u017cywno\u015bci, farmaceutyki czy opiek\u0119 zdrowotn\u0105, uchwyty te s\u0105 kamieniem w\u0119gielnym nowoczesnego higienicznego wzornictwa.<\/p>\n<hr \/>\n<p>Dla bran\u017c poszukuj\u0105cych solidnych i higienicznych rozwi\u0105za\u0144, uchwyty sanitarne ze stali nierdzewnej oferuj\u0105 niezr\u00f3wnan\u0105 wydajno\u015b\u0107 i niezawodno\u015b\u0107.<\/p>\n\n\t\t<\/div>\n\t<\/div>\n<\/div><\/div><\/div><\/div><\/div><\/section>","protected":false},"excerpt":{"rendered":"Hygienic handle in stainless steel This accessory are the optimal choice for equipment that must comply with strict hygiene requirements. Self-draining surfaces with a maximal roughness of 0.8 \u00b5m Ra. Hygienic enclosure handle sizes Handle LC M6-CC88 Handle LC M6-CC100 Handle LC M6-CC120 Handle LC M6-CC160 Handle LC M6-CC180 Handle LC M6-CC200 Other hygienic parts [...]","protected":false},"featured_media":8567,"template":"","meta":[],"product_brand":[],"product_cat":[64],"product_tag":[],"class_list":{"0":"post-5795","1":"product","2":"type-product","3":"status-publish","4":"has-post-thumbnail","6":"product_cat-hygienic-machinery-components-in-stainless-steel","8":"first","9":"instock","10":"shipping-taxable","11":"product-type-simple"},"yoast_head":"<!-- This site is optimized with the Yoast SEO plugin v27.3 - https:\/\/yoast.com\/product\/yoast-seo-wordpress\/ -->\n<title>Hygienic handle in stainless steel | NHK Machinery Parts<\/title>\n<meta name=\"description\" content=\"Benefits of sanitary handles in stainless steel for food, pharmaceutical, and hygienic applications. Enhance safety, hygiene and durability.\" \/>\n<meta name=\"robots\" content=\"index, follow, max-snippet:-1, max-image-preview:large, max-video-preview:-1\" \/>\n<link rel=\"canonical\" href=\"https:\/\/nhkmachineryparts.com\/pl\/produkt\/higieniczny-uchwyt-ze-stali-nierdzewnej\/\" \/>\n<meta property=\"og:locale\" content=\"pl_PL\" \/>\n<meta property=\"og:type\" content=\"article\" \/>\n<meta property=\"og:title\" content=\"Hygienic handle in stainless steel | NHK Machinery Parts\" \/>\n<meta property=\"og:description\" content=\"Benefits of sanitary handles in stainless steel for food, pharmaceutical, and hygienic applications. Enhance safety, hygiene and durability.\" \/>\n<meta property=\"og:url\" content=\"https:\/\/nhkmachineryparts.com\/pl\/produkt\/higieniczny-uchwyt-ze-stali-nierdzewnej\/\" \/>\n<meta property=\"og:site_name\" content=\"NHK Machinery Parts\" \/>\n<meta property=\"article:publisher\" content=\"https:\/\/www.facebook.com\/NHK.Group.aps\" \/>\n<meta property=\"article:modified_time\" content=\"2026-03-14T19:09:43+00:00\" \/>\n<meta property=\"og:image\" content=\"https:\/\/nhkmachineryparts.com\/wp-content\/uploads\/2023\/07\/Hygienic-handle-in-stainless-steel.jpg\" \/>\n\t<meta property=\"og:image:width\" content=\"1000\" \/>\n\t<meta property=\"og:image:height\" content=\"1000\" \/>\n\t<meta property=\"og:image:type\" content=\"image\/jpeg\" \/>\n<meta name=\"twitter:card\" content=\"summary_large_image\" \/>\n<meta name=\"twitter:label1\" content=\"Szacowany czas czytania\" \/>\n\t<meta name=\"twitter:data1\" content=\"4 minuty\" \/>\n<script type=\"application\/ld+json\" class=\"yoast-schema-graph\">{\"@context\":\"https:\\\/\\\/schema.org\",\"@graph\":[{\"@type\":\"WebPage\",\"@id\":\"https:\\\/\\\/nhkmachineryparts.com\\\/product\\\/hygienic-handle-in-stainless-steel\\\/\",\"url\":\"https:\\\/\\\/nhkmachineryparts.com\\\/product\\\/hygienic-handle-in-stainless-steel\\\/\",\"name\":\"Hygienic handle in stainless steel | NHK Machinery Parts\",\"isPartOf\":{\"@id\":\"https:\\\/\\\/nhkmachineryparts.com\\\/#website\"},\"primaryImageOfPage\":{\"@id\":\"https:\\\/\\\/nhkmachineryparts.com\\\/product\\\/hygienic-handle-in-stainless-steel\\\/#primaryimage\"},\"image\":{\"@id\":\"https:\\\/\\\/nhkmachineryparts.com\\\/product\\\/hygienic-handle-in-stainless-steel\\\/#primaryimage\"},\"thumbnailUrl\":\"https:\\\/\\\/nhkmachineryparts.com\\\/wp-content\\\/uploads\\\/2023\\\/07\\\/Hygienic-handle-in-stainless-steel.jpg\",\"datePublished\":\"2023-07-28T11:59:32+00:00\",\"dateModified\":\"2026-03-14T19:09:43+00:00\",\"description\":\"Benefits of sanitary handles in stainless steel for food, pharmaceutical, and hygienic applications. Enhance safety, hygiene and durability.\",\"breadcrumb\":{\"@id\":\"https:\\\/\\\/nhkmachineryparts.com\\\/product\\\/hygienic-handle-in-stainless-steel\\\/#breadcrumb\"},\"inLanguage\":\"pl-PL\",\"potentialAction\":[{\"@type\":\"ReadAction\",\"target\":[\"https:\\\/\\\/nhkmachineryparts.com\\\/product\\\/hygienic-handle-in-stainless-steel\\\/\"]}]},{\"@type\":\"ImageObject\",\"inLanguage\":\"pl-PL\",\"@id\":\"https:\\\/\\\/nhkmachineryparts.com\\\/product\\\/hygienic-handle-in-stainless-steel\\\/#primaryimage\",\"url\":\"https:\\\/\\\/nhkmachineryparts.com\\\/wp-content\\\/uploads\\\/2023\\\/07\\\/Hygienic-handle-in-stainless-steel.jpg\",\"contentUrl\":\"https:\\\/\\\/nhkmachineryparts.com\\\/wp-content\\\/uploads\\\/2023\\\/07\\\/Hygienic-handle-in-stainless-steel.jpg\",\"width\":1000,\"height\":1000,\"caption\":\"Hygienic handle in stainless steel\"},{\"@type\":\"BreadcrumbList\",\"@id\":\"https:\\\/\\\/nhkmachineryparts.com\\\/product\\\/hygienic-handle-in-stainless-steel\\\/#breadcrumb\",\"itemListElement\":[{\"@type\":\"ListItem\",\"position\":1,\"name\":\"Home\",\"item\":\"https:\\\/\\\/nhkmachineryparts.com\\\/\"},{\"@type\":\"ListItem\",\"position\":2,\"name\":\"Product line\",\"item\":\"https:\\\/\\\/nhkmachineryparts.com\\\/product-line\\\/\"},{\"@type\":\"ListItem\",\"position\":3,\"name\":\"Hygienic machinery components in stainless steel\",\"item\":\"https:\\\/\\\/nhkmachineryparts.com\\\/product-line\\\/hygienic-machinery-components-in-stainless-steel\\\/\"},{\"@type\":\"ListItem\",\"position\":4,\"name\":\"Hygienic handle in stainless steel\"}]},{\"@type\":\"WebSite\",\"@id\":\"https:\\\/\\\/nhkmachineryparts.com\\\/#website\",\"url\":\"https:\\\/\\\/nhkmachineryparts.com\\\/\",\"name\":\"NHK Machinery Parts\",\"description\":\"Bearing Houses, seismic levelling feet and levelling castors\",\"publisher\":{\"@id\":\"https:\\\/\\\/nhkmachineryparts.com\\\/#organization\"},\"potentialAction\":[{\"@type\":\"SearchAction\",\"target\":{\"@type\":\"EntryPoint\",\"urlTemplate\":\"https:\\\/\\\/nhkmachineryparts.com\\\/?s={search_term_string}\"},\"query-input\":{\"@type\":\"PropertyValueSpecification\",\"valueRequired\":true,\"valueName\":\"search_term_string\"}}],\"inLanguage\":\"pl-PL\"},{\"@type\":\"Organization\",\"@id\":\"https:\\\/\\\/nhkmachineryparts.com\\\/#organization\",\"name\":\"Nhk Group ApS\",\"url\":\"https:\\\/\\\/nhkmachineryparts.com\\\/\",\"logo\":{\"@type\":\"ImageObject\",\"inLanguage\":\"pl-PL\",\"@id\":\"https:\\\/\\\/nhkmachineryparts.com\\\/#\\\/schema\\\/logo\\\/image\\\/\",\"url\":\"https:\\\/\\\/nhkmachineryparts.com\\\/wp-content\\\/uploads\\\/2022\\\/09\\\/NHKgroup_social.jpg\",\"contentUrl\":\"https:\\\/\\\/nhkmachineryparts.com\\\/wp-content\\\/uploads\\\/2022\\\/09\\\/NHKgroup_social.jpg\",\"width\":1200,\"height\":630,\"caption\":\"Nhk Group ApS\"},\"image\":{\"@id\":\"https:\\\/\\\/nhkmachineryparts.com\\\/#\\\/schema\\\/logo\\\/image\\\/\"},\"sameAs\":[\"https:\\\/\\\/www.facebook.com\\\/NHK.Group.aps\"]}]}<\/script>\n<!-- \/ Yoast SEO plugin. -->","yoast_head_json":{"title":"Higieniczny uchwyt ze stali nierdzewnej | Cz\u0119\u015bci maszyn NHK","description":"Zalety uchwyt\u00f3w sanitarnych ze stali nierdzewnej do zastosowa\u0144 w przemy\u015ble spo\u017cywczym, farmaceutycznym i higienicznym. Zwi\u0119kszenie bezpiecze\u0144stwa, higieny i trwa\u0142o\u015bci.","robots":{"index":"index","follow":"follow","max-snippet":"max-snippet:-1","max-image-preview":"max-image-preview:large","max-video-preview":"max-video-preview:-1"},"canonical":"https:\/\/nhkmachineryparts.com\/pl\/produkt\/higieniczny-uchwyt-ze-stali-nierdzewnej\/","og_locale":"pl_PL","og_type":"article","og_title":"Hygienic handle in stainless steel | NHK Machinery Parts","og_description":"Benefits of sanitary handles in stainless steel for food, pharmaceutical, and hygienic applications. Enhance safety, hygiene and durability.","og_url":"https:\/\/nhkmachineryparts.com\/pl\/produkt\/higieniczny-uchwyt-ze-stali-nierdzewnej\/","og_site_name":"NHK Machinery Parts","article_publisher":"https:\/\/www.facebook.com\/NHK.Group.aps","article_modified_time":"2026-03-14T19:09:43+00:00","og_image":[{"width":1000,"height":1000,"url":"https:\/\/nhkmachineryparts.com\/wp-content\/uploads\/2023\/07\/Hygienic-handle-in-stainless-steel.jpg","type":"image\/jpeg"}],"twitter_card":"summary_large_image","twitter_misc":{"Szacowany czas czytania":"4 minuty"},"schema":{"@context":"https:\/\/schema.org","@graph":[{"@type":"WebPage","@id":"https:\/\/nhkmachineryparts.com\/product\/hygienic-handle-in-stainless-steel\/","url":"https:\/\/nhkmachineryparts.com\/product\/hygienic-handle-in-stainless-steel\/","name":"Higieniczny uchwyt ze stali nierdzewnej | Cz\u0119\u015bci maszyn NHK","isPartOf":{"@id":"https:\/\/nhkmachineryparts.com\/#website"},"primaryImageOfPage":{"@id":"https:\/\/nhkmachineryparts.com\/product\/hygienic-handle-in-stainless-steel\/#primaryimage"},"image":{"@id":"https:\/\/nhkmachineryparts.com\/product\/hygienic-handle-in-stainless-steel\/#primaryimage"},"thumbnailUrl":"https:\/\/nhkmachineryparts.com\/wp-content\/uploads\/2023\/07\/Hygienic-handle-in-stainless-steel.jpg","datePublished":"2023-07-28T11:59:32+00:00","dateModified":"2026-03-14T19:09:43+00:00","description":"Zalety uchwyt\u00f3w sanitarnych ze stali nierdzewnej do zastosowa\u0144 w przemy\u015ble spo\u017cywczym, farmaceutycznym i higienicznym. Zwi\u0119kszenie bezpiecze\u0144stwa, higieny i trwa\u0142o\u015bci.","breadcrumb":{"@id":"https:\/\/nhkmachineryparts.com\/product\/hygienic-handle-in-stainless-steel\/#breadcrumb"},"inLanguage":"pl-PL","potentialAction":[{"@type":"ReadAction","target":["https:\/\/nhkmachineryparts.com\/product\/hygienic-handle-in-stainless-steel\/"]}]},{"@type":"ImageObject","inLanguage":"pl-PL","@id":"https:\/\/nhkmachineryparts.com\/product\/hygienic-handle-in-stainless-steel\/#primaryimage","url":"https:\/\/nhkmachineryparts.com\/wp-content\/uploads\/2023\/07\/Hygienic-handle-in-stainless-steel.jpg","contentUrl":"https:\/\/nhkmachineryparts.com\/wp-content\/uploads\/2023\/07\/Hygienic-handle-in-stainless-steel.jpg","width":1000,"height":1000,"caption":"Hygienic handle in stainless steel"},{"@type":"BreadcrumbList","@id":"https:\/\/nhkmachineryparts.com\/product\/hygienic-handle-in-stainless-steel\/#breadcrumb","itemListElement":[{"@type":"ListItem","position":1,"name":"Home","item":"https:\/\/nhkmachineryparts.com\/"},{"@type":"ListItem","position":2,"name":"Product line","item":"https:\/\/nhkmachineryparts.com\/product-line\/"},{"@type":"ListItem","position":3,"name":"Hygienic machinery components in stainless steel","item":"https:\/\/nhkmachineryparts.com\/product-line\/hygienic-machinery-components-in-stainless-steel\/"},{"@type":"ListItem","position":4,"name":"Hygienic handle in stainless steel"}]},{"@type":"WebSite","@id":"https:\/\/nhkmachineryparts.com\/#website","url":"https:\/\/nhkmachineryparts.com\/","name":"Cz\u0119\u015bci maszyn NHK","description":"Obudowy \u0142o\u017cyskowe, sejsmiczne stopy poziomuj\u0105ce i k\u00f3\u0142ka poziomuj\u0105ce","publisher":{"@id":"https:\/\/nhkmachineryparts.com\/#organization"},"potentialAction":[{"@type":"SearchAction","target":{"@type":"EntryPoint","urlTemplate":"https:\/\/nhkmachineryparts.com\/?s={search_term_string}"},"query-input":{"@type":"PropertyValueSpecification","valueRequired":true,"valueName":"search_term_string"}}],"inLanguage":"pl-PL"},{"@type":"Organization","@id":"https:\/\/nhkmachineryparts.com\/#organization","name":"ApS Grupy Nhk","url":"https:\/\/nhkmachineryparts.com\/","logo":{"@type":"ImageObject","inLanguage":"pl-PL","@id":"https:\/\/nhkmachineryparts.com\/#\/schema\/logo\/image\/","url":"https:\/\/nhkmachineryparts.com\/wp-content\/uploads\/2022\/09\/NHKgroup_social.jpg","contentUrl":"https:\/\/nhkmachineryparts.com\/wp-content\/uploads\/2022\/09\/NHKgroup_social.jpg","width":1200,"height":630,"caption":"Nhk Group ApS"},"image":{"@id":"https:\/\/nhkmachineryparts.com\/#\/schema\/logo\/image\/"},"sameAs":["https:\/\/www.facebook.com\/NHK.Group.aps"]}]}},"_links":{"self":[{"href":"https:\/\/nhkmachineryparts.com\/pl\/wp-json\/wp\/v2\/product\/5795","targetHints":{"allow":["GET"]}}],"collection":[{"href":"https:\/\/nhkmachineryparts.com\/pl\/wp-json\/wp\/v2\/product"}],"about":[{"href":"https:\/\/nhkmachineryparts.com\/pl\/wp-json\/wp\/v2\/types\/product"}],"wp:featuredmedia":[{"embeddable":true,"href":"https:\/\/nhkmachineryparts.com\/pl\/wp-json\/wp\/v2\/media\/8567"}],"wp:attachment":[{"href":"https:\/\/nhkmachineryparts.com\/pl\/wp-json\/wp\/v2\/media?parent=5795"}],"wp:term":[{"taxonomy":"product_brand","embeddable":true,"href":"https:\/\/nhkmachineryparts.com\/pl\/wp-json\/wp\/v2\/product_brand?post=5795"},{"taxonomy":"product_cat","embeddable":true,"href":"https:\/\/nhkmachineryparts.com\/pl\/wp-json\/wp\/v2\/product_cat?post=5795"},{"taxonomy":"product_tag","embeddable":true,"href":"https:\/\/nhkmachineryparts.com\/pl\/wp-json\/wp\/v2\/product_tag?post=5795"}],"curies":[{"name":"wp","href":"https:\/\/api.w.org\/{rel}","templated":true}]}}