{"id":5782,"date":"2023-07-28T13:08:35","date_gmt":"2023-07-28T11:08:35","guid":{"rendered":"https:\/\/nhkmachineryparts.com\/?post_type=product&#038;p=5782"},"modified":"2026-02-23T13:54:24","modified_gmt":"2026-02-23T11:54:24","slug":"nakretka-dystansowa-ze-stali-nierdzewnej","status":"publish","type":"product","link":"https:\/\/nhkmachineryparts.com\/pl\/product\/spacer-nut-in-stainless-steel\/","title":{"rendered":"Przek\u0142adka ze stali nierdzewnej"},"content":{"rendered":"<section class=\"vc_row liquid-row-shadowbox-69d49a37de875\"><div class=\"ld-container container\"><div class=\"row ld-row ld-row-outer\"><div class=\"wpb_column vc_column_container vc_col-sm-12 liquid-column-69d49a37de9f9\"><div class=\"vc_column-inner\" ><div class=\"wpb_wrapper\"  >\n\t<div class=\"wpb_text_column wpb_content_element\" >\n\t\t<div class=\"wpb_wrapper\">\n\t\t\t<h2>Nakr\u0119tka dystansowa ze stali nierdzewnej (Aisi 1.4301)<\/h2>\n<p>Gwintowana nakr\u0119tka dystansowa ze stali nierdzewnej (Aisi 1.4301)<br \/>\nNakr\u0119tka dystansowa M8-16-9 \u2013 ID=8,2 \u2013 OD=16,0 \u2013 L=9 \u2013 L1=6<br \/>\nNakr\u0119tka dystansowa M8-16-18 \u2013 ID=8,2 \u2013 OD=16,0 \u2013 L=18 \u2013 L1=12<br \/>\nNakr\u0119tka dystansowa M10-18-9 \u2013 ID=10,2 \u2013 OD=18,0 \u2013 L=9 \u2013 L1=6<br \/>\nNakr\u0119tka dystansowa M10-18-18 \u2013 ID=10,2 \u2013 OD=18,0 \u2013 L=18 \u2013 L1=12<br \/>\nNakr\u0119tka dystansowa M12-22-9 \u2013 ID=12,2 \u2013 OD=22,0 \u2013 L=9 \u2013 L1=6<br \/>\nNakr\u0119tka dystansowa M12-22-18 \u2013 ID=12,2 \u2013 OD=22,0 \u2013 L=18 \u2013 L1=12<br \/>\nNakr\u0119tka dystansowa M16-26-9 \u2013 ID=16,2 \u2013 OD=26,0 \u2013 L=9 \u2013 L1=6<br \/>\nNakr\u0119tka dystansowa M16-26-18 \u2013 ID=16,2 \u2013 OD=26,0 \u2013 L=18 \u2013 L1=12<\/p>\n<h2>Element dystansowy ze stali nierdzewnej (Aisi 1.4301)<\/h2>\n<p>Element dystansowy 8-16-9 \u2013 ID=8,2 \u2013 OD=16,0 \u2013 L=9<br \/>\nElement dystansowy 8-16-18 \u2013 ID=8,2 \u2013 OD=16,0 \u2013 L=18<br \/>\nElement dystansowy 10-18-9 \u2013 ID=10,2 \u2013 OD=18,0 \u2013 L=9<br \/>\nElement dystansowy 10-18-18 \u2013 ID=10,2 \u2013 OD=18,0 \u2013 L=18<br \/>\nElement dystansowy 12-22-9 \u2013 ID=12,2 \u2013 OD=22,0 \u2013 L=9<br \/>\nElement dystansowy 12-22-18 \u2013 ID=12,2 \u2013 OD=22,0 \u2013 L=18<br \/>\nElement dystansowy 16-26-9 \u2013 ID=16,2 \u2013 OD=26,0 \u2013 L=9<br \/>\nElement dystansowy 16-26-18 \u2013 ID=16,2 \u2013 OD=26,0 \u2013 L=18<\/p>\n<h2>Element dystansowy ze stali nierdzewnej do gwintowania (Aisi 1.4301)<\/h2>\n<p>\u015arednica wewn\u0119trzna jest gotowa do gwintowania po zespawaniu<br \/>\nPodk\u0142adka do gwint\u00f3w 6,8-16-15 \u2013 ID=6,8 \u2013 OD=16,0 \u2013 L=9<br \/>\nPodk\u0142adka do gwint\u00f3w 6,8-16-25 \u2013 ID=6,8 \u2013 OD=16,0 \u2013 L=18<br \/>\nPodk\u0142adka do gwint\u00f3w 8,5-18-15 \u2013 ID=8,5 \u2013 OD=18,0 \u2013 L=9<br \/>\nPodk\u0142adka do gwint\u00f3w 8,5-18-25 \u2013 ID=8,5 \u2013 OD=18,0 \u2013 L=18<br \/>\nPodk\u0142adka do gwint\u00f3w 10,2-22-15 \u2013 ID=10,2 \u2013 OD=22,0 \u2013 L=9<br \/>\nPodk\u0142adka do gwint\u00f3w 10,2-22-25 \u2013 ID=10,2 \u2013 OD=22,0 \u2013 L=18<br \/>\nPodk\u0142adka do gwint\u00f3w 14,0-26-15 \u2013 ID=14,0 \u2013 OD=26,0 \u2013 L=9<br \/>\nPodk\u0142adka do gwint\u00f3w 14,0-26-25 \u2013 ID=14,0 \u2013 OD=26,0 \u2013 L=18<\/p>\n<p><a href=\"https:\/\/nhkmachineryparts.com\/pl\/linia-produkcyjna-2\/kategoria\/50-higienicznych-czesci-przenosnika-w-konstrukcji-ze-stali-nierdzewnej\/\">Elementy maszyn w wykonaniu higienicznym<\/a><\/p>\n<p><a href=\"https:\/\/nhkmachineryparts.com\/pl\/kontakt\/\">W przypadku innego rozmiaru prosimy o kontakt.<\/a><\/p>\n<h2>Przek\u0142adka ze stali nierdzewnej: \u0142atwa do czyszczenia aplikacja zapewniaj\u0105ca optymaln\u0105 higien\u0119<\/h2>\n<h3>Dlaczego dystanse ze stali nierdzewnej s\u0105 niezb\u0119dne<\/h3>\n<p>W <a href=\"https:\/\/nhkmachineryparts.com\/pl\/our-industries\/\" data-internallinksmanager029f6b8e52c=\"4\" title=\"Nasze bran\u017ce\">bran\u017ce<\/a> podobnie jak w przetw\u00f3rstwie \u017cywno\u015bci, farmaceutyce i biotechnologii, utrzymanie czysto\u015bci jest najwa\u017cniejsze. Przek\u0142adki ze stali nierdzewnej oferuj\u0105 solidne, higieniczne i \u0142atwe do czyszczenia rozwi\u0105zanie, zapewniaj\u0105c, \u017ce maszyny i urz\u0105dzenia spe\u0142niaj\u0105 surowe normy sanitarne. Te komponenty nie tylko zwi\u0119kszaj\u0105 wydajno\u015b\u0107 operacyjn\u0105, ale tak\u017ce przyczyniaj\u0105 si\u0119 do d\u0142ugowieczno\u015bci sprz\u0119tu w wymagaj\u0105cych \u015brodowiskach.<\/p>\n<hr \/>\n<h2>Zrozumienie dystans\u00f3w ze stali nierdzewnej<\/h2>\n<p>Przek\u0142adki ze stali nierdzewnej to ma\u0142e, ale krytyczne elementy s\u0142u\u017c\u0105ce do utrzymywania precyzyjnego odst\u0119pu mi\u0119dzy cz\u0119\u015bciami maszyn. Wykonane z wysokiej jako\u015bci stali nierdzewnej, oferuj\u0105 wyj\u0105tkow\u0105 odporno\u015b\u0107 na korozj\u0119, wahania temperatury i zu\u017cycie.<\/p>\n<p>Ich g\u0142adka, nieporowata powierzchnia zapobiega gromadzeniu si\u0119 brudu, bakterii lub zanieczyszcze\u0144, co czyni je idealnym wyborem do zastosowa\u0144 w czystych \u015brodowiskach. Ponadto ich \u0142atwa do czyszczenia konstrukcja upraszcza procedury konserwacyjne, zmniejszaj\u0105c przestoje i koszty operacyjne.<\/p>\n<hr \/>\n<h2>G\u0142\u00f3wne zalety przek\u0142adek ze stali nierdzewnej<\/h2>\n<h3>1. <strong>Higieniczna konstrukcja<\/strong><\/h3>\n<p>Przek\u0142adki ze stali nierdzewnej s\u0105 projektowane z my\u015bl\u0105 o higienie. Ich bezszwowa konstrukcja eliminuje szczeliny, w kt\u00f3rych mog\u0142yby si\u0119 ukrywa\u0107 zanieczyszczenia, zapewniaj\u0105c zgodno\u015b\u0107 z normami bran\u017cowymi, takimi jak <a href=\"https:\/\/nhkmachineryparts.com\/pl\/jaka-jest-roznica-miedzy-3a-a-ehedg\/\" data-internallinksmanager029f6b8e52c=\"2\" title=\"Cz\u0119\u015bci maszyn z certyfikatem EHEDG\">EHEDG<\/a> i 3-A.<\/p>\n<h3>2. <strong>Trwa\u0142o\u015b\u0107<\/strong><\/h3>\n<p>Wytrzyma\u0142o\u015b\u0107 i odporno\u015b\u0107 na korozj\u0119 stali nierdzewnej sprawiaj\u0105, \u017ce te przek\u0142adki idealnie nadaj\u0105 si\u0119 do stosowania w \u015brodowiskach nara\u017conych na wilgo\u0107, chemikalia i wysokie temperatury.<\/p>\n<h3>3. <strong>\u0141atwa konserwacja<\/strong><\/h3>\n<p>Dzi\u0119ki polerowanemu wyko\u0144czeniu przek\u0142adki ze stali nierdzewnej s\u0105 \u0142atwe do czyszczenia i sterylizacji, co pozwala utrzyma\u0107 bezpieczne i higieniczne miejsce pracy.<\/p>\n<h3>4. <strong>Wszechstronno\u015b\u0107<\/strong><\/h3>\n<p>Tego typu przek\u0142adki s\u0105 kompatybilne z wieloma typami maszyn i s\u0105 powszechnie stosowane w przemy\u015ble spo\u017cywczym, farmaceutycznym i urz\u0105dzeniach medycznych.<\/p>\n<hr \/>\n<h2>Zastosowania w kluczowych bran\u017cach<\/h2>\n<h3>Przetw\u00f3rstwo \u017cywno\u015bci i napoj\u00f3w<\/h3>\n<p>Przek\u0142adki ze stali nierdzewnej stanowi\u0105 integralny element urz\u0105dze\u0144 takich jak przeno\u015bniki, miksery i maszyny nape\u0142niaj\u0105ce, zapewniaj\u0105c, \u017ce maszyny pozostan\u0105 wolne od zanieczyszcze\u0144 w trakcie pracy.<\/p>\n<h3>Farmaceutyka i biotechnologia<\/h3>\n<p>W \u015brodowiskach sterylnych przek\u0142adki te pomagaj\u0105 utrzyma\u0107 czysto\u015b\u0107 sprz\u0119tu laboratoryjnego i produkcyjnego, zmniejszaj\u0105c ryzyko zaka\u017cenia krzy\u017cowego.<\/p>\n<h3>Przemys\u0142 opakowaniowy<\/h3>\n<p>Stosowane w maszynach do zgrzewania, nape\u0142niania i etykietowania, przek\u0142adki ze stali nierdzewnej zwi\u0119kszaj\u0105 niezawodno\u015b\u0107 i czysto\u015b\u0107 proces\u00f3w pakowania.<\/p>\n<hr \/>\n<h2>Wyb\u00f3r odpowiedniego dystansu ze stali nierdzewnej<\/h2>\n<p>Wybieraj\u0105c przek\u0142adki ze stali nierdzewnej, nale\u017cy wzi\u0105\u0107 pod uwag\u0119 takie czynniki jak:<\/p>\n<ul>\n<li><strong>Gatunek materia\u0142u:<\/strong> Aby zapewni\u0107 lepsz\u0105 odporno\u015b\u0107 na korozj\u0119, wybieraj stal nierdzewn\u0105 304 lub 316.<\/li>\n<li><strong>Zgodno\u015b\u0107:<\/strong> Upewnij si\u0119, \u017ce przek\u0142adki spe\u0142niaj\u0105 standardy bran\u017cowe, takie jak EHEDG lub FDA.<\/li>\n<li><strong>Personalizacja:<\/strong> Wybierz projekty dostosowane do Twoich maszyn i potrzeb operacyjnych.<\/li>\n<\/ul>\n<hr \/>\n<h2>Zwi\u0119kszanie wydajno\u015bci dzi\u0119ki \u0142atwym do czyszczenia przek\u0142adkom<\/h2>\n<p>Regularna konserwacja jest uproszczona dzi\u0119ki przek\u0142adkom ze stali nierdzewnej, kt\u00f3re wytrzymuj\u0105 rygorystyczne procedury czyszczenia, takie jak mycie pod wysokim ci\u015bnieniem i nara\u017cenie na dzia\u0142anie silnych \u015brodk\u00f3w chemicznych. Ich solidna konstrukcja minimalizuje zu\u017cycie i zapewnia sta\u0142\u0105 wydajno\u015b\u0107.<\/p>\n<p>Dzi\u0119ki zastosowaniu tych element\u00f3w dystansowych przedsi\u0119biorstwa mog\u0105 osi\u0105gn\u0105\u0107:<\/p>\n<ul>\n<li>Poprawa warunk\u00f3w sanitarnych<\/li>\n<li>Skr\u00f3cony czas przestoju sprz\u0119tu<\/li>\n<li>Zgodno\u015b\u0107 z normami regulacyjnymi<\/li>\n<\/ul>\n<hr \/>\n<h2>Przek\u0142adki ze stali nierdzewnej: najlepsze, \u0142atwe do czyszczenia rozwi\u0105zanie<\/h2>\n<p>Przek\u0142adki ze stali nierdzewnej s\u0105 niezb\u0119dnym elementem w bran\u017cach wymagaj\u0105cych rygorystycznej higieny i trwa\u0142o\u015bci. Ich \u0142atwa do czyszczenia konstrukcja w po\u0142\u0105czeniu z doskona\u0142\u0105 odporno\u015bci\u0105 na trudne warunki sprawia, \u017ce s\u0105 cennym dodatkiem do ka\u017cdej operacji.<\/p>\n<p>Inwestowanie w wysokiej jako\u015bci przek\u0142adki ze stali nierdzewnej nie tylko zapewnia niezawodno\u015b\u0107 sprz\u0119tu, ale tak\u017ce zwi\u0119ksza og\u00f3ln\u0105 wydajno\u015b\u0107 i bezpiecze\u0144stwo. Ulepsz swoje maszyny ju\u017c dzi\u015b, aby do\u015bwiadczy\u0107 d\u0142ugoterminowych korzy\u015bci z tych wyj\u0105tkowych komponent\u00f3w.<\/p>\n\n\t\t<\/div>\n\t<\/div>\n<\/div><\/div><\/div><\/div><\/div><\/section>","protected":false},"excerpt":{"rendered":"Spacer nut in stainless steel\u00a0 (Aisi 1.4301) Threaded stainless steel\u00a0spacer nut\u00a0(Aisi 1.4301) Spacer nut M8-16-9 - ID=8.2 \u2013 OD=16.0 \u2013 L=9 \u2013 L1=6 Spacer nut M8-16-18 - ID=8.2 \u2013 OD=16.0 \u2013 L=18 \u2013 L1=12 Spacer nut M10-18-9 - ID=10.2 \u2013 OD=18.0 \u2013 L=9 \u2013 L1=6 Spacer nut M10-18-18 - ID=10.2 \u2013 OD=18.0 \u2013 L=18 \u2013 [...]","protected":false},"featured_media":8564,"template":"","meta":[],"product_brand":[],"product_cat":[64],"product_tag":[],"class_list":{"0":"post-5782","1":"product","2":"type-product","3":"status-publish","4":"has-post-thumbnail","6":"product_cat-hygienic-machinery-components-in-stainless-steel","8":"first","9":"instock","10":"shipping-taxable","11":"product-type-simple"},"yoast_head":"<!-- This site is optimized with the Yoast SEO plugin v27.3 - https:\/\/yoast.com\/product\/yoast-seo-wordpress\/ -->\n<title>Spacer in stainless steel | NHK Machinery Parts<\/title>\n<meta name=\"description\" content=\"Threaded stainless steel\u00a0spacer nut\u00a0(Aisi 1.4301), components in hygienic design for the manufacture and processing of food and pharmaceutical products.\" \/>\n<meta name=\"robots\" content=\"index, follow, max-snippet:-1, max-image-preview:large, max-video-preview:-1\" \/>\n<link rel=\"canonical\" href=\"https:\/\/nhkmachineryparts.com\/pl\/produkt\/nakretka-dystansowa-ze-stali-nierdzewnej\/\" \/>\n<meta property=\"og:locale\" content=\"pl_PL\" \/>\n<meta property=\"og:type\" content=\"article\" \/>\n<meta property=\"og:title\" content=\"Spacer in stainless steel | NHK Machinery Parts\" \/>\n<meta property=\"og:description\" content=\"Threaded stainless steel\u00a0spacer nut\u00a0(Aisi 1.4301), components in hygienic design for the manufacture and processing of food and pharmaceutical products.\" \/>\n<meta property=\"og:url\" content=\"https:\/\/nhkmachineryparts.com\/pl\/produkt\/nakretka-dystansowa-ze-stali-nierdzewnej\/\" \/>\n<meta property=\"og:site_name\" content=\"NHK Machinery Parts\" \/>\n<meta property=\"article:publisher\" content=\"https:\/\/www.facebook.com\/NHK.Group.aps\" \/>\n<meta property=\"article:modified_time\" content=\"2026-02-23T11:54:24+00:00\" \/>\n<meta property=\"og:image\" content=\"https:\/\/nhkmachineryparts.com\/wp-content\/uploads\/2024\/01\/Hygienic-spacer-nut.jpg\" \/>\n\t<meta property=\"og:image:width\" content=\"1000\" \/>\n\t<meta property=\"og:image:height\" content=\"1000\" \/>\n\t<meta property=\"og:image:type\" content=\"image\/jpeg\" \/>\n<meta name=\"twitter:card\" content=\"summary_large_image\" \/>\n<meta name=\"twitter:label1\" content=\"Szacowany czas czytania\" \/>\n\t<meta name=\"twitter:data1\" content=\"4 minuty\" \/>\n<script type=\"application\/ld+json\" class=\"yoast-schema-graph\">{\"@context\":\"https:\\\/\\\/schema.org\",\"@graph\":[{\"@type\":\"WebPage\",\"@id\":\"https:\\\/\\\/nhkmachineryparts.com\\\/product\\\/spacer-nut-in-stainless-steel\\\/\",\"url\":\"https:\\\/\\\/nhkmachineryparts.com\\\/product\\\/spacer-nut-in-stainless-steel\\\/\",\"name\":\"Spacer in stainless steel | NHK Machinery Parts\",\"isPartOf\":{\"@id\":\"https:\\\/\\\/nhkmachineryparts.com\\\/#website\"},\"primaryImageOfPage\":{\"@id\":\"https:\\\/\\\/nhkmachineryparts.com\\\/product\\\/spacer-nut-in-stainless-steel\\\/#primaryimage\"},\"image\":{\"@id\":\"https:\\\/\\\/nhkmachineryparts.com\\\/product\\\/spacer-nut-in-stainless-steel\\\/#primaryimage\"},\"thumbnailUrl\":\"https:\\\/\\\/nhkmachineryparts.com\\\/wp-content\\\/uploads\\\/2024\\\/01\\\/Hygienic-spacer-nut.jpg\",\"datePublished\":\"2023-07-28T11:08:35+00:00\",\"dateModified\":\"2026-02-23T11:54:24+00:00\",\"description\":\"Threaded stainless steel\u00a0spacer nut\u00a0(Aisi 1.4301), components in hygienic design for the manufacture and processing of food and pharmaceutical products.\",\"breadcrumb\":{\"@id\":\"https:\\\/\\\/nhkmachineryparts.com\\\/product\\\/spacer-nut-in-stainless-steel\\\/#breadcrumb\"},\"inLanguage\":\"pl-PL\",\"potentialAction\":[{\"@type\":\"ReadAction\",\"target\":[\"https:\\\/\\\/nhkmachineryparts.com\\\/product\\\/spacer-nut-in-stainless-steel\\\/\"]}]},{\"@type\":\"ImageObject\",\"inLanguage\":\"pl-PL\",\"@id\":\"https:\\\/\\\/nhkmachineryparts.com\\\/product\\\/spacer-nut-in-stainless-steel\\\/#primaryimage\",\"url\":\"https:\\\/\\\/nhkmachineryparts.com\\\/wp-content\\\/uploads\\\/2024\\\/01\\\/Hygienic-spacer-nut.jpg\",\"contentUrl\":\"https:\\\/\\\/nhkmachineryparts.com\\\/wp-content\\\/uploads\\\/2024\\\/01\\\/Hygienic-spacer-nut.jpg\",\"width\":1000,\"height\":1000,\"caption\":\"Hygienic spacer nut\"},{\"@type\":\"BreadcrumbList\",\"@id\":\"https:\\\/\\\/nhkmachineryparts.com\\\/product\\\/spacer-nut-in-stainless-steel\\\/#breadcrumb\",\"itemListElement\":[{\"@type\":\"ListItem\",\"position\":1,\"name\":\"Home\",\"item\":\"https:\\\/\\\/nhkmachineryparts.com\\\/\"},{\"@type\":\"ListItem\",\"position\":2,\"name\":\"Product line\",\"item\":\"https:\\\/\\\/nhkmachineryparts.com\\\/product-line\\\/\"},{\"@type\":\"ListItem\",\"position\":3,\"name\":\"Hygienic machinery components in stainless steel\",\"item\":\"https:\\\/\\\/nhkmachineryparts.com\\\/product-line\\\/hygienic-machinery-components-in-stainless-steel\\\/\"},{\"@type\":\"ListItem\",\"position\":4,\"name\":\"Spacer in stainless steel\"}]},{\"@type\":\"WebSite\",\"@id\":\"https:\\\/\\\/nhkmachineryparts.com\\\/#website\",\"url\":\"https:\\\/\\\/nhkmachineryparts.com\\\/\",\"name\":\"NHK Machinery Parts\",\"description\":\"Bearing Houses, seismic levelling feet and levelling castors\",\"publisher\":{\"@id\":\"https:\\\/\\\/nhkmachineryparts.com\\\/#organization\"},\"potentialAction\":[{\"@type\":\"SearchAction\",\"target\":{\"@type\":\"EntryPoint\",\"urlTemplate\":\"https:\\\/\\\/nhkmachineryparts.com\\\/?s={search_term_string}\"},\"query-input\":{\"@type\":\"PropertyValueSpecification\",\"valueRequired\":true,\"valueName\":\"search_term_string\"}}],\"inLanguage\":\"pl-PL\"},{\"@type\":\"Organization\",\"@id\":\"https:\\\/\\\/nhkmachineryparts.com\\\/#organization\",\"name\":\"Nhk Group ApS\",\"url\":\"https:\\\/\\\/nhkmachineryparts.com\\\/\",\"logo\":{\"@type\":\"ImageObject\",\"inLanguage\":\"pl-PL\",\"@id\":\"https:\\\/\\\/nhkmachineryparts.com\\\/#\\\/schema\\\/logo\\\/image\\\/\",\"url\":\"https:\\\/\\\/nhkmachineryparts.com\\\/wp-content\\\/uploads\\\/2022\\\/09\\\/NHKgroup_social.jpg\",\"contentUrl\":\"https:\\\/\\\/nhkmachineryparts.com\\\/wp-content\\\/uploads\\\/2022\\\/09\\\/NHKgroup_social.jpg\",\"width\":1200,\"height\":630,\"caption\":\"Nhk Group ApS\"},\"image\":{\"@id\":\"https:\\\/\\\/nhkmachineryparts.com\\\/#\\\/schema\\\/logo\\\/image\\\/\"},\"sameAs\":[\"https:\\\/\\\/www.facebook.com\\\/NHK.Group.aps\"]}]}<\/script>\n<!-- \/ Yoast SEO plugin. -->","yoast_head_json":{"title":"Dystans ze stali nierdzewnej | NHK Machinery Parts","description":"Gwintowana nakr\u0119tka dystansowa ze stali nierdzewnej (Aisi 1.4301), komponenty o higienicznej konstrukcji do produkcji i przetwarzania produkt\u00f3w spo\u017cywczych i farmaceutycznych.","robots":{"index":"index","follow":"follow","max-snippet":"max-snippet:-1","max-image-preview":"max-image-preview:large","max-video-preview":"max-video-preview:-1"},"canonical":"https:\/\/nhkmachineryparts.com\/pl\/produkt\/nakretka-dystansowa-ze-stali-nierdzewnej\/","og_locale":"pl_PL","og_type":"article","og_title":"Spacer in stainless steel | NHK Machinery Parts","og_description":"Threaded stainless steel\u00a0spacer nut\u00a0(Aisi 1.4301), components in hygienic design for the manufacture and processing of food and pharmaceutical products.","og_url":"https:\/\/nhkmachineryparts.com\/pl\/produkt\/nakretka-dystansowa-ze-stali-nierdzewnej\/","og_site_name":"NHK Machinery Parts","article_publisher":"https:\/\/www.facebook.com\/NHK.Group.aps","article_modified_time":"2026-02-23T11:54:24+00:00","og_image":[{"width":1000,"height":1000,"url":"https:\/\/nhkmachineryparts.com\/wp-content\/uploads\/2024\/01\/Hygienic-spacer-nut.jpg","type":"image\/jpeg"}],"twitter_card":"summary_large_image","twitter_misc":{"Szacowany czas czytania":"4 minuty"},"schema":{"@context":"https:\/\/schema.org","@graph":[{"@type":"WebPage","@id":"https:\/\/nhkmachineryparts.com\/product\/spacer-nut-in-stainless-steel\/","url":"https:\/\/nhkmachineryparts.com\/product\/spacer-nut-in-stainless-steel\/","name":"Dystans ze stali nierdzewnej | NHK Machinery Parts","isPartOf":{"@id":"https:\/\/nhkmachineryparts.com\/#website"},"primaryImageOfPage":{"@id":"https:\/\/nhkmachineryparts.com\/product\/spacer-nut-in-stainless-steel\/#primaryimage"},"image":{"@id":"https:\/\/nhkmachineryparts.com\/product\/spacer-nut-in-stainless-steel\/#primaryimage"},"thumbnailUrl":"https:\/\/nhkmachineryparts.com\/wp-content\/uploads\/2024\/01\/Hygienic-spacer-nut.jpg","datePublished":"2023-07-28T11:08:35+00:00","dateModified":"2026-02-23T11:54:24+00:00","description":"Gwintowana nakr\u0119tka dystansowa ze stali nierdzewnej (Aisi 1.4301), komponenty o higienicznej konstrukcji do produkcji i przetwarzania produkt\u00f3w spo\u017cywczych i farmaceutycznych.","breadcrumb":{"@id":"https:\/\/nhkmachineryparts.com\/product\/spacer-nut-in-stainless-steel\/#breadcrumb"},"inLanguage":"pl-PL","potentialAction":[{"@type":"ReadAction","target":["https:\/\/nhkmachineryparts.com\/product\/spacer-nut-in-stainless-steel\/"]}]},{"@type":"ImageObject","inLanguage":"pl-PL","@id":"https:\/\/nhkmachineryparts.com\/product\/spacer-nut-in-stainless-steel\/#primaryimage","url":"https:\/\/nhkmachineryparts.com\/wp-content\/uploads\/2024\/01\/Hygienic-spacer-nut.jpg","contentUrl":"https:\/\/nhkmachineryparts.com\/wp-content\/uploads\/2024\/01\/Hygienic-spacer-nut.jpg","width":1000,"height":1000,"caption":"Hygienic spacer nut"},{"@type":"BreadcrumbList","@id":"https:\/\/nhkmachineryparts.com\/product\/spacer-nut-in-stainless-steel\/#breadcrumb","itemListElement":[{"@type":"ListItem","position":1,"name":"Home","item":"https:\/\/nhkmachineryparts.com\/"},{"@type":"ListItem","position":2,"name":"Product line","item":"https:\/\/nhkmachineryparts.com\/product-line\/"},{"@type":"ListItem","position":3,"name":"Hygienic machinery components in stainless steel","item":"https:\/\/nhkmachineryparts.com\/product-line\/hygienic-machinery-components-in-stainless-steel\/"},{"@type":"ListItem","position":4,"name":"Spacer in stainless steel"}]},{"@type":"WebSite","@id":"https:\/\/nhkmachineryparts.com\/#website","url":"https:\/\/nhkmachineryparts.com\/","name":"Cz\u0119\u015bci maszyn NHK","description":"Obudowy \u0142o\u017cyskowe, sejsmiczne stopy poziomuj\u0105ce i k\u00f3\u0142ka poziomuj\u0105ce","publisher":{"@id":"https:\/\/nhkmachineryparts.com\/#organization"},"potentialAction":[{"@type":"SearchAction","target":{"@type":"EntryPoint","urlTemplate":"https:\/\/nhkmachineryparts.com\/?s={search_term_string}"},"query-input":{"@type":"PropertyValueSpecification","valueRequired":true,"valueName":"search_term_string"}}],"inLanguage":"pl-PL"},{"@type":"Organization","@id":"https:\/\/nhkmachineryparts.com\/#organization","name":"ApS Grupy Nhk","url":"https:\/\/nhkmachineryparts.com\/","logo":{"@type":"ImageObject","inLanguage":"pl-PL","@id":"https:\/\/nhkmachineryparts.com\/#\/schema\/logo\/image\/","url":"https:\/\/nhkmachineryparts.com\/wp-content\/uploads\/2022\/09\/NHKgroup_social.jpg","contentUrl":"https:\/\/nhkmachineryparts.com\/wp-content\/uploads\/2022\/09\/NHKgroup_social.jpg","width":1200,"height":630,"caption":"Nhk Group ApS"},"image":{"@id":"https:\/\/nhkmachineryparts.com\/#\/schema\/logo\/image\/"},"sameAs":["https:\/\/www.facebook.com\/NHK.Group.aps"]}]}},"_links":{"self":[{"href":"https:\/\/nhkmachineryparts.com\/pl\/wp-json\/wp\/v2\/product\/5782","targetHints":{"allow":["GET"]}}],"collection":[{"href":"https:\/\/nhkmachineryparts.com\/pl\/wp-json\/wp\/v2\/product"}],"about":[{"href":"https:\/\/nhkmachineryparts.com\/pl\/wp-json\/wp\/v2\/types\/product"}],"wp:featuredmedia":[{"embeddable":true,"href":"https:\/\/nhkmachineryparts.com\/pl\/wp-json\/wp\/v2\/media\/8564"}],"wp:attachment":[{"href":"https:\/\/nhkmachineryparts.com\/pl\/wp-json\/wp\/v2\/media?parent=5782"}],"wp:term":[{"taxonomy":"product_brand","embeddable":true,"href":"https:\/\/nhkmachineryparts.com\/pl\/wp-json\/wp\/v2\/product_brand?post=5782"},{"taxonomy":"product_cat","embeddable":true,"href":"https:\/\/nhkmachineryparts.com\/pl\/wp-json\/wp\/v2\/product_cat?post=5782"},{"taxonomy":"product_tag","embeddable":true,"href":"https:\/\/nhkmachineryparts.com\/pl\/wp-json\/wp\/v2\/product_tag?post=5782"}],"curies":[{"name":"wp","href":"https:\/\/api.w.org\/{rel}","templated":true}]}}