{"id":5599,"date":"2023-07-14T14:08:05","date_gmt":"2023-07-14T12:08:05","guid":{"rendered":"https:\/\/nhkmachineryparts.com\/?post_type=product&#038;p=5599"},"modified":"2026-03-14T21:08:24","modified_gmt":"2026-03-14T19:08:24","slug":"ehedg-3a-uchwyt-higieniczny","status":"publish","type":"product","link":"https:\/\/nhkmachineryparts.com\/pl\/product\/ehedg-3a-hygienic-handle-in-stainless-steel\/","title":{"rendered":"EHEDG-certified handle"},"content":{"rendered":"<section class=\"vc_row liquid-row-shadowbox-69d0f653a095f\"><div class=\"ld-container container\"><div class=\"row ld-row ld-row-outer\"><div class=\"wpb_column vc_column_container vc_col-sm-12 liquid-column-69d0f653a0b79\"><div class=\"vc_column-inner\" ><div class=\"wpb_wrapper\"  >\n\t<div class=\"wpb_text_column wpb_content_element\" >\n\t\t<div class=\"wpb_wrapper\">\n\t\t\t<h3>Rewolucja w projektowaniu urz\u0105dze\u0144 sanitarnych<\/h3>\n<p>Tego typu akcesoria stanowi\u0105 optymalny wyb\u00f3r w przypadku urz\u0105dze\u0144, kt\u00f3re musz\u0105 spe\u0142nia\u0107 rygorystyczne wymogi higieniczne.<\/p>\n<p>Uszczelka blokuje wod\u0119 i bakterie oraz zapobiega niehigienicznemu monta\u017cowi metal-metal.<\/p>\n<p><span style=\"font-size: 16px;\">Powierzchnie samoodp\u0142ywowe o maksymalnej chropowato\u015bci 0,8 \u00b5m Ra.<br \/>\nMateria\u0142 Stal nierdzewna 1.4301 i uszczelnienie silikonowe<\/span><\/p>\n<h2 class=\"product_title entry-title\">Uchwyt higieniczny EHEDG<\/h2>\n<p>Uchwyt 3A M6-CC88<\/p>\n<p>Uchwyt 3A M6-CC100<\/p>\n<p>Uchwyt 3A M6-CC120<\/p>\n<p>Handle 3A M6-CC160<\/p>\n<p>Uchwyt 3A M6-CC180<\/p>\n<p>Handle 3A M6-CC200<\/p>\n<h2 class=\"woocommerce-loop-category__title\"><a href=\"https:\/\/nhkmachineryparts.com\/pl\/linia-produkcyjna-2\/higieniczne-czesci-przenosnika-ze-stali-nierdzewnej\/\">Higieniczne cz\u0119\u015bci obudowy ze stali nierdzewnej<\/a><\/h2>\n<p><a href=\"https:\/\/nhkmachineryparts.com\/pl\/linia-produkcyjna-2\/\">Zobacz nasz\u0105 lini\u0119 produkt\u00f3w \u0142atwych do czyszczenia tutaj<\/a><\/p>\n<p><a href=\"https:\/\/nhkmachineryparts.com\/pl\/kontakt\/\">Skontaktuj si\u0119 z nami, aby uzyska\u0107 higieniczne rozwi\u0105zanie<\/a><\/p>\n<p><a class=\"btn btn-default btn-sm btn-bordered border-thick btn-bordered-gradient btn-has-label ld_button_659f848cbf99c vc_custom_1695064545432\" href=\"https:\/\/nhkmachineryparts.com\/pl\/katalog-4\/#modal-box\" data-lity=\"#modal-box\"><span class=\"btn-txt\" data-text=\"Get our catalogue here\">Pobierz nasz katalog tutaj<\/span><\/a><\/p>\n<h3><strong>Potrzeba higienicznych uchwyt\u00f3w w nowoczesnych ga\u0142\u0119ziach przemys\u0142u<\/strong><\/h3>\n<p>W <a href=\"https:\/\/nhkmachineryparts.com\/pl\/our-industries\/\" data-internallinksmanager029f6b8e52c=\"4\" title=\"Nasze bran\u017ce\">bran\u017ce<\/a> podobnie jak w przetw\u00f3rstwie \u017cywno\u015bci, farmaceutyce i biotechnologii, utrzymanie nienagannych standard\u00f3w higieny nie jest tylko wymogiem, ale konieczno\u015bci\u0105 regulacyjn\u0105. Elementy takie jak uchwyty, cz\u0119sto pomijane, odgrywaj\u0105 kluczow\u0105 rol\u0119 w spe\u0142nianiu surowych norm sanitarnych. Wprowad\u017a <a href=\"https:\/\/nhkmachineryparts.com\/pl\/jaka-jest-roznica-miedzy-3a-a-ehedg\/\" data-internallinksmanager029f6b8e52c=\"2\" title=\"Cz\u0119\u015bci maszyn z certyfikatem EHEDG\">EHEDG<\/a> (Europejska Grupa ds. In\u017cynierii i Projektowania Higienicznego) oraz certyfikowane przez normy sanitarne uchwyty higieniczne ze stali nierdzewnej \u2013 prze\u0142omowa innowacja dostosowana do \u015brodowisk o wysokich wymaganiach higienicznych.<\/p>\n<hr \/>\n<h2><strong>Czym s\u0105 uchwyty higieniczne EHEDG?<\/strong><\/h2>\n<p>Higieniczne uchwyty EHEDG to komponenty zaprojektowane tak, aby spe\u0142nia\u0107 surowe wymagania przepis\u00f3w higienicznych. Uchwyty te s\u0105 wykonane ze stali nierdzewnej, co zapewnia trwa\u0142o\u015b\u0107, odporno\u015b\u0107 na korozj\u0119 i \u0142atw\u0105 konserwacj\u0119. Ich ergonomiczna konstrukcja minimalizuje gromadzenie si\u0119 brudu i rozw\u00f3j mikroorganizm\u00f3w, co czyni je idealnym wyborem dla bran\u017c, w kt\u00f3rych priorytetem jest czysto\u015b\u0107 i higiena.<\/p>\n<hr \/>\n<h2><strong>Cechy uchwyt\u00f3w higienicznych EHEDG ze stali nierdzewnej<\/strong><\/h2>\n<h3><strong>1. Konstrukcja ze stali nierdzewnej<\/strong><\/h3>\n<p>Stal nierdzewna, szczeg\u00f3lnie gatunki takie jak AISI 304 i AISI 316, to materia\u0142 z wyboru dla tych uchwyt\u00f3w. Jej nieporowata powierzchnia jest odporna na zanieczyszczenia, a wysoka odporno\u015b\u0107 na korozj\u0119 zapewnia d\u0142ugotrwa\u0142\u0105 wydajno\u015b\u0107 nawet w trudnych warunkach.<\/p>\n<h3><strong>2. Higieniczna konstrukcja<\/strong><\/h3>\n<p>Higieniczne uchwyty EHEDG charakteryzuj\u0105 si\u0119 g\u0142adkimi, zaokr\u0105glonymi powierzchniami i konstrukcj\u0105 bez szczelin. Minimalizuje to gromadzenie si\u0119 brudu, bakterii i innych zanieczyszcze\u0144, zapewniaj\u0105c \u0142atwe czyszczenie i konserwacj\u0119.<\/p>\n<h3><strong>3. Certyfikowany pod k\u0105tem zgodno\u015bci<\/strong><\/h3>\n<p>Certyfikaty EHEDG i Sanitary Standard gwarantuj\u0105, \u017ce te uchwyty spe\u0142niaj\u0105 globalne standardy higieny i bezpiecze\u0144stwa. S\u0105 one rygorystycznie testowane, aby zapewni\u0107 zgodno\u015b\u0107 z wymogami sanitarnymi w \u015brodowiskach spo\u017cywczych i farmaceutycznych.<\/p>\n<h3><strong>4. \u0141atwa instalacja i konserwacja<\/strong><\/h3>\n<p>Te uchwyty s\u0105 zaprojektowane do prostej instalacji i demonta\u017cu, dzi\u0119ki czemu s\u0105 \u0142atwe do czyszczenia i konserwacji. To nie tylko zwi\u0119ksza wydajno\u015b\u0107 operacyjn\u0105, ale tak\u017ce zapewnia zgodno\u015b\u0107 z protoko\u0142ami higienicznymi podczas inspekcji.<\/p>\n<hr \/>\n<h2><strong>Zastosowania uchwyt\u00f3w higienicznych EHEDG w kluczowych bran\u017cach<\/strong><\/h2>\n<h3><strong>1. Przemys\u0142 przetw\u00f3rstwa spo\u017cywczego<\/strong><\/h3>\n<p>W zak\u0142adach przetw\u00f3rstwa \u017cywno\u015bci, gdzie krzy\u017cowe ska\u017cenie mo\u017ce by\u0107 katastrofalne, higieniczne uchwyty zapewniaj\u0105, \u017ce sprz\u0119t pozostaje czysty i bezpieczny. S\u0105 powszechnie stosowane w maszynach, takich jak miksery, blendery i przeno\u015bniki, gdzie cz\u0119ste czyszczenie jest obowi\u0105zkowe.<\/p>\n<h3><strong>2. Przemys\u0142 farmaceutyczny<\/strong><\/h3>\n<p>Produkcja farmaceutyczna wymaga ultraczystego \u015brodowiska, aby zachowa\u0107 integralno\u015b\u0107 i bezpiecze\u0144stwo produktu. Higieniczne uchwyty EHEDG doskonale nadaj\u0105 si\u0119 do pomieszcze\u0144 czystych i sterylnych obszar\u00f3w produkcyjnych, gdzie musz\u0105 by\u0107 przestrzegane surowe standardy higieny.<\/p>\n<h3><strong>3. Przemys\u0142 biotechnologiczny<\/strong><\/h3>\n<p>W biotechnologii, gdzie wra\u017cliwe procesy, takie jak fermentacja i hodowla kom\u00f3rkowa, maj\u0105 kluczowe znaczenie, higieniczne uchwyty przyczyniaj\u0105 si\u0119 do \u015brodowiska wolnego od zanieczyszcze\u0144. Ich \u0142atwa do czyszczenia konstrukcja zapewnia wydajno\u015b\u0107 operacyjn\u0105 bez uszczerbku dla bezpiecze\u0144stwa.<\/p>\n<h3><strong>4. Opieka zdrowotna i piel\u0119gnacja osobista<\/strong><\/h3>\n<p>Uchwyty te zapewniaj\u0105 higieniczn\u0105 obs\u0142ug\u0119, redukuj\u0105c ryzyko ska\u017cenia w krytycznych zastosowaniach, od sprz\u0119tu chirurgicznego po produkcj\u0119 \u015brodk\u00f3w higieny osobistej.<\/p>\n<hr \/>\n<h2><strong>Zalety uchwyt\u00f3w higienicznych EHEDG ze stali nierdzewnej<\/strong><\/h2>\n<h3><strong>1. Podwy\u017cszone standardy higieny<\/strong><\/h3>\n<p>G\u0142adka, pozbawiona szczelin konstrukcja ogranicza ryzyko rozwoju drobnoustroj\u00f3w, gwarantuj\u0105c wysokie standardy higieny.<\/p>\n<h3><strong>2. Trwa\u0142o\u015b\u0107 i trwa\u0142o\u015b\u0107<\/strong><\/h3>\n<p>Wykonanie ze stali nierdzewnej gwarantuje odporno\u015b\u0107 na zu\u017cycie, korozj\u0119 i chemiczne \u015brodki czyszcz\u0105ce, wyd\u0142u\u017caj\u0105c \u017cywotno\u015b\u0107 uchwyt\u00f3w.<\/p>\n<h3><strong>3. Zgodno\u015b\u0107 z przepisami<\/strong><\/h3>\n<p>Posiadaj\u0105c certyfikaty EHEDG i norm sanitarnych, klamki te gwarantuj\u0105 zgodno\u015b\u0107 z mi\u0119dzynarodowymi przepisami higienicznymi, co upraszcza audyty i kontrole.<\/p>\n<h3><strong>4. Wydajno\u015b\u0107 operacyjna<\/strong><\/h3>\n<p>\u0141atwo\u015b\u0107 czyszczenia i konserwacji ogranicza przestoje i zwi\u0119ksza wydajno\u015b\u0107 w bran\u017cach, w kt\u00f3rych wymagane s\u0105 wysokie wymagania sanitarne.<\/p>\n<hr \/>\n<h2><strong>Wyb\u00f3r odpowiedniego uchwytu higienicznego EHEDG dla Twoich potrzeb<\/strong><\/h2>\n<p>Wyb\u00f3r odpowiedniego uchwytu higienicznego obejmuje uwzgl\u0119dnienie takich czynnik\u00f3w, jak klasa materia\u0142u, konstrukcja i wymagania dotycz\u0105ce zastosowania. Aby uzyska\u0107 optymaln\u0105 wydajno\u015b\u0107, upewnij si\u0119, \u017ce uchwyt jest certyfikowany przez EHEDG i normy sanitarne oraz spe\u0142nia specyficzne potrzeby Twojej bran\u017cy.<\/p>\n<hr \/>\n<h2><strong>Podnie\u015b poziom higieny dzi\u0119ki higienicznym uchwytom EHEDG<\/strong><\/h2>\n<p>Higieniczne uchwyty EHEDG ze stali nierdzewnej to nie tylko komponenty, ale kluczowe elementy w utrzymaniu wysokich standard\u00f3w higieny. Ich solidna konstrukcja, zgodno\u015b\u0107 z globalnymi przepisami i wszechstronno\u015b\u0107 sprawiaj\u0105, \u017ce s\u0105 niezb\u0119dne dla bran\u017c, kt\u00f3re stawiaj\u0105 czysto\u015b\u0107 i bezpiecze\u0144stwo na pierwszym miejscu. Zainwestuj w te innowacyjne uchwyty, aby zapewni\u0107, \u017ce Twoje operacje pozostan\u0105 wydajne, zgodne z przepisami i wolne od zanieczyszcze\u0144.<\/p>\n<p><a href=\"https:\/\/nhkmachineryparts.com\/pl\/linia-produkcyjna-2\/\">Zobacz nasz\u0105 lini\u0119 produkt\u00f3w \u0142atwych do czyszczenia tutaj<\/a><\/p>\n<p><a href=\"https:\/\/nhkmachineryparts.com\/pl\/kontakt\/\">Skontaktuj si\u0119 z nami, aby uzyska\u0107 higieniczne rozwi\u0105zanie<\/a><\/p>\n<p><a class=\"btn btn-default btn-sm btn-bordered border-thick btn-bordered-gradient btn-has-label ld_button_659f848cbf99c vc_custom_1695064545432\" href=\"https:\/\/nhkmachineryparts.com\/pl\/katalog-4\/#modal-box\" data-lity=\"#modal-box\"><span class=\"btn-txt\" data-text=\"Get our catalogue here\">Pobierz nasz katalog tutaj<\/span><\/a><\/p>\n\n\t\t<\/div>\n\t<\/div>\n<\/div><\/div><\/div><\/div><\/div><\/section>","protected":false},"excerpt":{"rendered":"A Revolution in Sanitary Design This accessory are the optimal choice for equipment that must comply with strict hygiene requirements. The seal blocks out water and bacteria and prevents a non-hygienic metal-to-metal assembly. Self-draining surfaces with a maximal roughness of 0.8 \u00b5m Ra. Material Stainless steel 1.4301 and silicon sealing EHEDG Hygienic handle Handle 3A [...]","protected":false},"featured_media":8628,"template":"","meta":[],"product_brand":[],"product_cat":[98],"product_tag":[],"class_list":{"0":"post-5599","1":"product","2":"type-product","3":"status-publish","4":"has-post-thumbnail","6":"product_cat-ehedg-certified-3a-ssi-standard-components","8":"first","9":"instock","10":"shipping-taxable","11":"product-type-simple"},"yoast_head":"<!-- This site is optimized with the Yoast SEO plugin v27.2 - https:\/\/yoast.com\/product\/yoast-seo-wordpress\/ -->\n<title>EHEDG-certified handle | NHK Machinery Parts<\/title>\n<meta name=\"description\" content=\"Advantages of EHEDG 3A hygienic handles in stainless steel, designed for optimal sanitation in food, pharmaceutical and hygiene-sensitive industries.\" \/>\n<meta name=\"robots\" content=\"index, follow, max-snippet:-1, max-image-preview:large, max-video-preview:-1\" \/>\n<link rel=\"canonical\" href=\"https:\/\/nhkmachineryparts.com\/pl\/produkt\/ehedg-3a-uchwyt-higieniczny\/\" \/>\n<meta property=\"og:locale\" content=\"pl_PL\" \/>\n<meta property=\"og:type\" content=\"article\" \/>\n<meta property=\"og:title\" content=\"EHEDG-certified handle | NHK Machinery Parts\" \/>\n<meta property=\"og:description\" content=\"Advantages of EHEDG 3A hygienic handles in stainless steel, designed for optimal sanitation in food, pharmaceutical and hygiene-sensitive industries.\" \/>\n<meta property=\"og:url\" content=\"https:\/\/nhkmachineryparts.com\/pl\/produkt\/ehedg-3a-uchwyt-higieniczny\/\" \/>\n<meta property=\"og:site_name\" content=\"NHK Machinery Parts\" \/>\n<meta property=\"article:publisher\" content=\"https:\/\/www.facebook.com\/NHK.Group.aps\" \/>\n<meta property=\"article:modified_time\" content=\"2026-03-14T19:08:24+00:00\" \/>\n<meta property=\"og:image\" content=\"https:\/\/nhkmachineryparts.com\/wp-content\/uploads\/2023\/07\/EHEDG-Hygienic-3A-handle.jpg\" \/>\n\t<meta property=\"og:image:width\" content=\"1000\" \/>\n\t<meta property=\"og:image:height\" content=\"1000\" \/>\n\t<meta property=\"og:image:type\" content=\"image\/jpeg\" \/>\n<meta name=\"twitter:card\" content=\"summary_large_image\" \/>\n<meta name=\"twitter:label1\" content=\"Szacowany czas czytania\" \/>\n\t<meta name=\"twitter:data1\" content=\"4 minuty\" \/>\n<script type=\"application\/ld+json\" class=\"yoast-schema-graph\">{\"@context\":\"https:\/\/schema.org\",\"@graph\":[{\"@type\":\"WebPage\",\"@id\":\"https:\/\/nhkmachineryparts.com\/product\/ehedg-3a-hygienic-handle-in-stainless-steel\/\",\"url\":\"https:\/\/nhkmachineryparts.com\/product\/ehedg-3a-hygienic-handle-in-stainless-steel\/\",\"name\":\"EHEDG-certified handle | NHK Machinery Parts\",\"isPartOf\":{\"@id\":\"https:\/\/nhkmachineryparts.com\/#website\"},\"primaryImageOfPage\":{\"@id\":\"https:\/\/nhkmachineryparts.com\/product\/ehedg-3a-hygienic-handle-in-stainless-steel\/#primaryimage\"},\"image\":{\"@id\":\"https:\/\/nhkmachineryparts.com\/product\/ehedg-3a-hygienic-handle-in-stainless-steel\/#primaryimage\"},\"thumbnailUrl\":\"https:\/\/nhkmachineryparts.com\/wp-content\/uploads\/2023\/07\/EHEDG-Hygienic-3A-handle.jpg\",\"datePublished\":\"2023-07-14T12:08:05+00:00\",\"dateModified\":\"2026-03-14T19:08:24+00:00\",\"description\":\"Advantages of EHEDG 3A hygienic handles in stainless steel, designed for optimal sanitation in food, pharmaceutical and hygiene-sensitive industries.\",\"breadcrumb\":{\"@id\":\"https:\/\/nhkmachineryparts.com\/product\/ehedg-3a-hygienic-handle-in-stainless-steel\/#breadcrumb\"},\"inLanguage\":\"pl-PL\",\"potentialAction\":[{\"@type\":\"ReadAction\",\"target\":[\"https:\/\/nhkmachineryparts.com\/product\/ehedg-3a-hygienic-handle-in-stainless-steel\/\"]}]},{\"@type\":\"ImageObject\",\"inLanguage\":\"pl-PL\",\"@id\":\"https:\/\/nhkmachineryparts.com\/product\/ehedg-3a-hygienic-handle-in-stainless-steel\/#primaryimage\",\"url\":\"https:\/\/nhkmachineryparts.com\/wp-content\/uploads\/2023\/07\/EHEDG-Hygienic-3A-handle.jpg\",\"contentUrl\":\"https:\/\/nhkmachineryparts.com\/wp-content\/uploads\/2023\/07\/EHEDG-Hygienic-3A-handle.jpg\",\"width\":1000,\"height\":1000,\"caption\":\"EHEDG Hygienic 3A handle\"},{\"@type\":\"BreadcrumbList\",\"@id\":\"https:\/\/nhkmachineryparts.com\/product\/ehedg-3a-hygienic-handle-in-stainless-steel\/#breadcrumb\",\"itemListElement\":[{\"@type\":\"ListItem\",\"position\":1,\"name\":\"Home\",\"item\":\"https:\/\/nhkmachineryparts.com\/\"},{\"@type\":\"ListItem\",\"position\":2,\"name\":\"Product line\",\"item\":\"https:\/\/nhkmachineryparts.com\/product-line\/\"},{\"@type\":\"ListItem\",\"position\":3,\"name\":\"Certified EHEDG standard components\",\"item\":\"https:\/\/nhkmachineryparts.com\/product-line\/ehedg-certified-3a-ssi-standard-components\/\"},{\"@type\":\"ListItem\",\"position\":4,\"name\":\"EHEDG-certified handle\"}]},{\"@type\":\"WebSite\",\"@id\":\"https:\/\/nhkmachineryparts.com\/#website\",\"url\":\"https:\/\/nhkmachineryparts.com\/\",\"name\":\"NHK Machinery Parts\",\"description\":\"Bearing Houses, seismic levelling feet and levelling castors\",\"publisher\":{\"@id\":\"https:\/\/nhkmachineryparts.com\/#organization\"},\"potentialAction\":[{\"@type\":\"SearchAction\",\"target\":{\"@type\":\"EntryPoint\",\"urlTemplate\":\"https:\/\/nhkmachineryparts.com\/?s={search_term_string}\"},\"query-input\":{\"@type\":\"PropertyValueSpecification\",\"valueRequired\":true,\"valueName\":\"search_term_string\"}}],\"inLanguage\":\"pl-PL\"},{\"@type\":\"Organization\",\"@id\":\"https:\/\/nhkmachineryparts.com\/#organization\",\"name\":\"Nhk Group ApS\",\"url\":\"https:\/\/nhkmachineryparts.com\/\",\"logo\":{\"@type\":\"ImageObject\",\"inLanguage\":\"pl-PL\",\"@id\":\"https:\/\/nhkmachineryparts.com\/#\/schema\/logo\/image\/\",\"url\":\"https:\/\/nhkmachineryparts.com\/wp-content\/uploads\/2022\/09\/NHKgroup_social.jpg\",\"contentUrl\":\"https:\/\/nhkmachineryparts.com\/wp-content\/uploads\/2022\/09\/NHKgroup_social.jpg\",\"width\":1200,\"height\":630,\"caption\":\"Nhk Group ApS\"},\"image\":{\"@id\":\"https:\/\/nhkmachineryparts.com\/#\/schema\/logo\/image\/\"},\"sameAs\":[\"https:\/\/www.facebook.com\/NHK.Group.aps\"]}]}<\/script>\n<!-- \/ Yoast SEO plugin. -->","yoast_head_json":{"title":"EHEDG-certified handle | NHK Machinery Parts","description":"Zalety uchwyt\u00f3w higienicznych EHEDG 3A ze stali nierdzewnej, zaprojektowanych z my\u015bl\u0105 o zapewnieniu optymalnej higieny w przemy\u015ble spo\u017cywczym, farmaceutycznym i w bran\u017cach, w kt\u00f3rych licz\u0105 si\u0119 wysokie wymagania higieniczne.","robots":{"index":"index","follow":"follow","max-snippet":"max-snippet:-1","max-image-preview":"max-image-preview:large","max-video-preview":"max-video-preview:-1"},"canonical":"https:\/\/nhkmachineryparts.com\/pl\/produkt\/ehedg-3a-uchwyt-higieniczny\/","og_locale":"pl_PL","og_type":"article","og_title":"EHEDG-certified handle | NHK Machinery Parts","og_description":"Advantages of EHEDG 3A hygienic handles in stainless steel, designed for optimal sanitation in food, pharmaceutical and hygiene-sensitive industries.","og_url":"https:\/\/nhkmachineryparts.com\/pl\/produkt\/ehedg-3a-uchwyt-higieniczny\/","og_site_name":"NHK Machinery Parts","article_publisher":"https:\/\/www.facebook.com\/NHK.Group.aps","article_modified_time":"2026-03-14T19:08:24+00:00","og_image":[{"width":1000,"height":1000,"url":"https:\/\/nhkmachineryparts.com\/wp-content\/uploads\/2023\/07\/EHEDG-Hygienic-3A-handle.jpg","type":"image\/jpeg"}],"twitter_card":"summary_large_image","twitter_misc":{"Szacowany czas czytania":"4 minuty"},"schema":{"@context":"https:\/\/schema.org","@graph":[{"@type":"WebPage","@id":"https:\/\/nhkmachineryparts.com\/product\/ehedg-3a-hygienic-handle-in-stainless-steel\/","url":"https:\/\/nhkmachineryparts.com\/product\/ehedg-3a-hygienic-handle-in-stainless-steel\/","name":"EHEDG-certified handle | NHK Machinery Parts","isPartOf":{"@id":"https:\/\/nhkmachineryparts.com\/#website"},"primaryImageOfPage":{"@id":"https:\/\/nhkmachineryparts.com\/product\/ehedg-3a-hygienic-handle-in-stainless-steel\/#primaryimage"},"image":{"@id":"https:\/\/nhkmachineryparts.com\/product\/ehedg-3a-hygienic-handle-in-stainless-steel\/#primaryimage"},"thumbnailUrl":"https:\/\/nhkmachineryparts.com\/wp-content\/uploads\/2023\/07\/EHEDG-Hygienic-3A-handle.jpg","datePublished":"2023-07-14T12:08:05+00:00","dateModified":"2026-03-14T19:08:24+00:00","description":"Zalety uchwyt\u00f3w higienicznych EHEDG 3A ze stali nierdzewnej, zaprojektowanych z my\u015bl\u0105 o zapewnieniu optymalnej higieny w przemy\u015ble spo\u017cywczym, farmaceutycznym i w bran\u017cach, w kt\u00f3rych licz\u0105 si\u0119 wysokie wymagania higieniczne.","breadcrumb":{"@id":"https:\/\/nhkmachineryparts.com\/product\/ehedg-3a-hygienic-handle-in-stainless-steel\/#breadcrumb"},"inLanguage":"pl-PL","potentialAction":[{"@type":"ReadAction","target":["https:\/\/nhkmachineryparts.com\/product\/ehedg-3a-hygienic-handle-in-stainless-steel\/"]}]},{"@type":"ImageObject","inLanguage":"pl-PL","@id":"https:\/\/nhkmachineryparts.com\/product\/ehedg-3a-hygienic-handle-in-stainless-steel\/#primaryimage","url":"https:\/\/nhkmachineryparts.com\/wp-content\/uploads\/2023\/07\/EHEDG-Hygienic-3A-handle.jpg","contentUrl":"https:\/\/nhkmachineryparts.com\/wp-content\/uploads\/2023\/07\/EHEDG-Hygienic-3A-handle.jpg","width":1000,"height":1000,"caption":"EHEDG Hygienic 3A handle"},{"@type":"BreadcrumbList","@id":"https:\/\/nhkmachineryparts.com\/product\/ehedg-3a-hygienic-handle-in-stainless-steel\/#breadcrumb","itemListElement":[{"@type":"ListItem","position":1,"name":"Home","item":"https:\/\/nhkmachineryparts.com\/"},{"@type":"ListItem","position":2,"name":"Product line","item":"https:\/\/nhkmachineryparts.com\/product-line\/"},{"@type":"ListItem","position":3,"name":"Certified EHEDG standard components","item":"https:\/\/nhkmachineryparts.com\/product-line\/ehedg-certified-3a-ssi-standard-components\/"},{"@type":"ListItem","position":4,"name":"EHEDG-certified handle"}]},{"@type":"WebSite","@id":"https:\/\/nhkmachineryparts.com\/#website","url":"https:\/\/nhkmachineryparts.com\/","name":"Cz\u0119\u015bci maszyn NHK","description":"Obudowy \u0142o\u017cyskowe, sejsmiczne stopy poziomuj\u0105ce i k\u00f3\u0142ka poziomuj\u0105ce","publisher":{"@id":"https:\/\/nhkmachineryparts.com\/#organization"},"potentialAction":[{"@type":"SearchAction","target":{"@type":"EntryPoint","urlTemplate":"https:\/\/nhkmachineryparts.com\/?s={search_term_string}"},"query-input":{"@type":"PropertyValueSpecification","valueRequired":true,"valueName":"search_term_string"}}],"inLanguage":"pl-PL"},{"@type":"Organization","@id":"https:\/\/nhkmachineryparts.com\/#organization","name":"ApS Grupy Nhk","url":"https:\/\/nhkmachineryparts.com\/","logo":{"@type":"ImageObject","inLanguage":"pl-PL","@id":"https:\/\/nhkmachineryparts.com\/#\/schema\/logo\/image\/","url":"https:\/\/nhkmachineryparts.com\/wp-content\/uploads\/2022\/09\/NHKgroup_social.jpg","contentUrl":"https:\/\/nhkmachineryparts.com\/wp-content\/uploads\/2022\/09\/NHKgroup_social.jpg","width":1200,"height":630,"caption":"Nhk Group ApS"},"image":{"@id":"https:\/\/nhkmachineryparts.com\/#\/schema\/logo\/image\/"},"sameAs":["https:\/\/www.facebook.com\/NHK.Group.aps"]}]}},"_links":{"self":[{"href":"https:\/\/nhkmachineryparts.com\/pl\/wp-json\/wp\/v2\/product\/5599","targetHints":{"allow":["GET"]}}],"collection":[{"href":"https:\/\/nhkmachineryparts.com\/pl\/wp-json\/wp\/v2\/product"}],"about":[{"href":"https:\/\/nhkmachineryparts.com\/pl\/wp-json\/wp\/v2\/types\/product"}],"wp:featuredmedia":[{"embeddable":true,"href":"https:\/\/nhkmachineryparts.com\/pl\/wp-json\/wp\/v2\/media\/8628"}],"wp:attachment":[{"href":"https:\/\/nhkmachineryparts.com\/pl\/wp-json\/wp\/v2\/media?parent=5599"}],"wp:term":[{"taxonomy":"product_brand","embeddable":true,"href":"https:\/\/nhkmachineryparts.com\/pl\/wp-json\/wp\/v2\/product_brand?post=5599"},{"taxonomy":"product_cat","embeddable":true,"href":"https:\/\/nhkmachineryparts.com\/pl\/wp-json\/wp\/v2\/product_cat?post=5599"},{"taxonomy":"product_tag","embeddable":true,"href":"https:\/\/nhkmachineryparts.com\/pl\/wp-json\/wp\/v2\/product_tag?post=5599"}],"curies":[{"name":"wp","href":"https:\/\/api.w.org\/{rel}","templated":true}]}}