{"id":5542,"date":"2023-07-14T09:16:02","date_gmt":"2023-07-14T07:16:02","guid":{"rendered":"https:\/\/nhkmachineryparts.com\/?post_type=product&#038;p=5542"},"modified":"2026-02-27T15:59:45","modified_gmt":"2026-02-27T13:59:45","slug":"ehedg-3a-nakretka-higieniczna-ze-stali-nierdzewnej","status":"publish","type":"product","link":"https:\/\/nhkmachineryparts.com\/pl\/product\/ehedg-3a-hygienic-nut-in-stainless-steel\/","title":{"rendered":"EHEDG-certified nut"},"content":{"rendered":"<section class=\"vc_row liquid-row-shadowbox-69d0b214c80f7\"><div class=\"ld-container container\"><div class=\"row ld-row ld-row-outer\"><div class=\"wpb_column vc_column_container vc_col-sm-12 liquid-column-69d0b214c82b7\"><div class=\"vc_column-inner\" ><div class=\"wpb_wrapper\"  >\n\t<div class=\"wpb_text_column wpb_content_element\" >\n\t\t<div class=\"wpb_wrapper\">\n\t\t\t<h3>Niezb\u0119dny element wyposa\u017cenia higienicznego<\/h3>\n<p>Uszczelka blokuje wod\u0119 i bakterie, a tak\u017ce zapobiega niehigienicznemu monta\u017cowi metal-metal.<\/p>\n<p>Konstrukcja nakr\u0119tek nie odbiega od wymiar\u00f3w powszechnie stosowanych nakr\u0119tek standardowych. Dlatego rozmiary kluczy, wysoko\u015b\u0107 gwint\u00f3w itp. pozostaj\u0105 takie same, co znacznie u\u0142atwia modernizacj\u0119 i wymian\u0119 standardowych nakr\u0119tek. Jest to w\u0142a\u015bciwy wyb\u00f3r nakr\u0119tek do stosowania we wszystkich maszynach we wszystkich certyfikowanych higienicznych \u015brodowiskach mycia.<\/p>\n<p>Powierzchnie samoodp\u0142ywowe o maksymalnej chropowato\u015bci 0,8 \u00b5m Ra.<br \/>\nMateria\u0142 stal nierdzewna 1.4301 i uszczelnienie silikonowe.<\/p>\n<h2>Nakr\u0119tka higieniczna EHEDG<\/h2>\n<p>3A HN M5-L12 \u015812<br \/>\n3A HN M5-L18 \u015812<\/p>\n<p>3A HN M6-L12 \u015812<br \/>\n3A HN M6-L18 \u015812<\/p>\n<p>3A HN M8-L14 \u015815<br \/>\n3A HN M8-L21 \u015815<\/p>\n<p>3A HN M10-L16 \u00d820<br \/>\n3A HN M10-L24 \u00d820<\/p>\n<p>3A HN M12-L18 \u015822<br \/>\n3A HN M12-L27 \u015822<\/p>\n<p>3A HN M16-L20 \u015828<br \/>\n3A HN M16-L30 \u015828<\/p>\n<p>3A HN M20-L22 \u015832<br \/>\n3A HN M20-L33 \u015832<\/p>\n<p>3A HN M24-L24 \u00d836<br \/>\n3A HN M24-L36 \u00d836<\/p>\n<p>3A HN M30-L26 \u00d846<br \/>\n3A HN M30-L39 \u00d846<\/p>\n<p><a href=\"https:\/\/nhkmachineryparts.com\/pl\/linia-produkcyjna-2\/\">Zobacz nasz\u0105 lini\u0119 produkt\u00f3w tutaj | NHK Machinery Parts<\/a><\/p>\n<p><a href=\"https:\/\/nhkmachineryparts.com\/pl\/kontakt\/\">Skontaktuj si\u0119 z nami, aby uzyska\u0107 higieniczne rozwi\u0105zanie<\/a><\/p>\n<p><a class=\"btn btn-default btn-sm btn-bordered border-thick btn-bordered-gradient btn-has-label ld_button_659f848cbf99c vc_custom_1695064545432\" href=\"https:\/\/nhkmachineryparts.com\/pl\/katalog-4\/#modal-box\" data-lity=\"#modal-box\"><span class=\"btn-txt\" data-text=\"Get our catalogue here\">Pobierz nasz katalog tutaj<\/span><\/a><\/p>\n<h2>Nakr\u0119tka higieniczna EHEDG ze stali nierdzewnej:<\/h2>\n<h3>Zapewnienie higieny i trwa\u0142o\u015bci w przetw\u00f3rstwie \u017cywno\u015bci i farmaceutyk\u00f3w<\/h3>\n<p>W <a href=\"https:\/\/nhkmachineryparts.com\/pl\/our-industries\/\" data-internallinksmanager029f6b8e52c=\"4\" title=\"Nasze bran\u017ce\">bran\u017ce<\/a> tam, gdzie higiena jest priorytetem, np. w przetw\u00f3rstwie \u017cywno\u015bci, przemy\u015ble farmaceutycznym i biotechnologii, jako\u015b\u0107 ka\u017cdego komponentu odgrywa kluczow\u0105 rol\u0119. Jednym z takich krytycznych komponent\u00f3w jest <strong><a href=\"https:\/\/nhkmachineryparts.com\/pl\/jaka-jest-roznica-miedzy-3a-a-ehedg\/\" data-internallinksmanager029f6b8e52c=\"2\" title=\"Cz\u0119\u015bci maszyn z certyfikatem EHEDG\">EHEDG<\/a> nakr\u0119tka higieniczna ze stali nierdzewnej<\/strong>, co zapewnia zar\u00f3wno integralno\u015b\u0107 strukturaln\u0105, jak i zgodno\u015b\u0107 z higien\u0105 sprz\u0119tu u\u017cywanego w tych bran\u017cach. W tym artykule zag\u0142\u0119bimy si\u0119 w unikalne cechy i zalety tej niezb\u0119dnej cz\u0119\u015bci oraz w to, jak przyczynia si\u0119 ona do optymalizacji projektowania i konserwacji maszyn.<\/p>\n<h2>Czym jest nakr\u0119tka higieniczna EHEDG?<\/h2>\n<p>The <strong>Nakr\u0119tka higieniczna EHEDG<\/strong> jest specjalistycznym elementem mocuj\u0105cym wykonanym z wysokiej jako\u015bci stali nierdzewnej. Zosta\u0142 zaprojektowany tak, aby spe\u0142nia\u0107 rygorystyczne normy higieny i bezpiecze\u0144stwa wymagane w produkcji \u017cywno\u015bci, napoj\u00f3w i lek\u00f3w. Ten typ nakr\u0119tki jest certyfikowany przez organizacje takie jak <strong>Europejska Grupa In\u017cynierii i Projektowania Higienicznego (EHEDG)<\/strong> I <strong>Normy sanitarne<\/strong>, kt\u00f3rych celem jest promowanie najwy\u017cszych standard\u00f3w czysto\u015bci i bezpiecze\u0144stwa \u017cywno\u015bci w urz\u0105dzeniach przetw\u00f3rczych.<\/p>\n<p>Nakr\u0119tki higieniczne EHEDG s\u0105 cz\u0119\u015bci\u0105 szerszego zestawu wytycznych maj\u0105cych na celu zapobieganie zanieczyszczeniom i zapewnienie, \u017ce produkty spo\u017cywcze i farmaceutyczne s\u0105 bezpieczne do spo\u017cycia i u\u017cytkowania. Nakr\u0119tki te s\u0105 zaprojektowane tak, aby zapobiega\u0107 gromadzeniu si\u0119 brudu, bakterii i innych zanieczyszcze\u0144 w miejscach trudnych do czyszczenia, co jest cz\u0119stym problemem w przypadku standardowych element\u00f3w mocuj\u0105cych.<\/p>\n<h2>G\u0142\u00f3wne cechy nakr\u0119tek higienicznych EHEDG<\/h2>\n<h3>1. <strong>Odporno\u015b\u0107 na korozj\u0119<\/strong><\/h3>\n<p>Jedn\u0105 z g\u0142\u00f3wnych korzy\u015bci wynikaj\u0105cych ze stosowania <strong>nakr\u0119tki higieniczne EHEDG ze stali nierdzewnej<\/strong> jest ich doskona\u0142a odporno\u015b\u0107 na korozj\u0119. Stal nierdzewna, szczeg\u00f3lnie gatunki takie jak AISI 304 lub 316, jest wysoce odporna na utlenianie i plamienie. Dzi\u0119ki temu te orzechy s\u0105 idealne do \u015brodowisk, w kt\u00f3rych wyst\u0119puje cz\u0119ste mycie, nara\u017cenie na wilgo\u0107 lub interakcja z agresywnymi \u015brodkami czyszcz\u0105cymi stosowanymi w zastosowaniach higienicznych.<\/p>\n<h3>2. <strong>\u0141atwe do czyszczenia i konserwacji<\/strong><\/h3>\n<p>Konstrukcja nakr\u0119tki higienicznej EHEDG zapewnia jej g\u0142adko\u015b\u0107, brak por\u00f3w i brak gwint\u00f3w, kt\u00f3re mog\u0142yby zatrzymywa\u0107 zanieczyszczenia. Dzi\u0119ki temu s\u0105 \u0142atwe do czyszczenia, co jest kluczow\u0105 cech\u0105 w bran\u017cach, w kt\u00f3rych higiena jest najwa\u017cniejsza. Brak szczelin lub rowk\u00f3w zapewnia, \u017ce \u015brodki czyszcz\u0105ce mog\u0105 \u0142atwo dotrze\u0107 do ka\u017cdej powierzchni, zapobiegaj\u0105c gromadzeniu si\u0119 bakterii, ple\u015bni lub innych szkodliwych czynnik\u00f3w.<\/p>\n<h3>3. <strong>Wysoka trwa\u0142o\u015b\u0107 i d\u0142ugowieczno\u015b\u0107<\/strong><\/h3>\n<p>Nakr\u0119tki higieniczne EHEDG s\u0105 zaprojektowane do wysokiej wydajno\u015bci w wymagaj\u0105cych \u015brodowiskach. S\u0105 w stanie wytrzyma\u0107 ekstremalne temperatury i wahania ci\u015bnienia, kt\u00f3re s\u0105 powszechne w sprz\u0119cie przetw\u00f3rczym. Trwa\u0142o\u015b\u0107 tych nakr\u0119tek zmniejsza cz\u0119stotliwo\u015b\u0107 wymian i pomaga zapewni\u0107 ci\u0105g\u0142\u0105 prac\u0119 maszyn bez kosztownych przestoj\u00f3w.<\/p>\n<h3>4. <strong>In\u017cynieria precyzyjna<\/strong><\/h3>\n<p>Nakr\u0119tki higieniczne EHEDG s\u0105 produkowane z precyzj\u0105, aby spe\u0142nia\u0107 okre\u015blone wymagania. Dzi\u0119ki temu ka\u017cda nakr\u0119tka pasuje bezpiecznie i \u015bci\u015ble, zmniejszaj\u0105c ryzyko awarii maszyn lub zanieczyszczenia produktu. Ich standaryzowana konstrukcja zapewnia r\u00f3wnie\u017c kompatybilno\u015b\u0107 z szerok\u0105 gam\u0105 urz\u0105dze\u0144, co czyni je wszechstronnym wyborem dla producent\u00f3w.<\/p>\n<h3>5. <strong>Zgodno\u015b\u0107 z normami higienicznymi<\/strong><\/h3>\n<p>The <strong>Norma certyfikacji EHEDG<\/strong> zapewnia, \u017ce te orzechy s\u0105 zgodne z mi\u0119dzynarodowymi przepisami bezpiecze\u0144stwa i higieny. Niezale\u017cnie od tego, czy s\u0105 stosowane w przemy\u015ble spo\u017cywczym i napojowym, czy w sektorze farmaceutycznym, te komponenty spe\u0142niaj\u0105 krytyczne kryteria sanitarne, zapobiegaj\u0105c zanieczyszczeniu krzy\u017cowemu w procesach produkcyjnych.<\/p>\n<h2>Zastosowania nakr\u0119tek higienicznych EHEDG<\/h2>\n<p>Nakr\u0119tki higieniczne EHEDG s\u0105 u\u017cywane w r\u00f3\u017cnych zastosowaniach w wielu bran\u017cach. Niekt\u00f3re godne uwagi zastosowania obejmuj\u0105:<\/p>\n<ul>\n<li><strong>Przetw\u00f3rstwo spo\u017cywcze<\/strong>:W zak\u0142adach produkuj\u0105cych \u017cywno\u015b\u0107 nakr\u0119tki higieniczne stosuje si\u0119 do zabezpieczania urz\u0105dze\u0144, takich jak pasteryzatory, miksery i przeno\u015bniki ta\u015bmowe, kt\u00f3re wymagaj\u0105 regularnego czyszczenia.<\/li>\n<li><strong>Produkcja farmaceutyczna<\/strong>:Te nakr\u0119tki s\u0105 powszechnie stosowane w sprz\u0119cie do przetwarzania produkt\u00f3w farmaceutycznych, w tym w mikserach, reaktorach i maszynach nape\u0142niaj\u0105cych, gdzie czysto\u015b\u0107 i precyzja maj\u0105 priorytet.<\/li>\n<li><strong>Biotechnologia<\/strong>:W zak\u0142adach biotechnologicznych orzechy te s\u0105 cz\u0119sto wykorzystywane w zbiornikach fermentacyjnych, reaktorach i systemach filtracji, gdzie konieczne jest zachowanie \u015bcis\u0142ych warunk\u00f3w higienicznych.<\/li>\n<\/ul>\n<h2>Dlaczego warto wybra\u0107 nakr\u0119tki higieniczne EHEDG?<\/h2>\n<p>W bran\u017cach, w kt\u00f3rych higiena nie podlega negocjacjom, <strong>Nakr\u0119tki higieniczne EHEDG ze stali nierdzewnej<\/strong> oferuj\u0105 idealne rozwi\u0105zanie, aby spe\u0142ni\u0107 wysokie standardy czysto\u015bci, trwa\u0142o\u015bci i funkcjonalno\u015bci. Ich odporno\u015b\u0107 na korozj\u0119, \u0142atwa do czyszczenia konstrukcja i kompatybilno\u015b\u0107 z r\u00f3\u017cnymi typami higienicznego sprz\u0119tu sprawiaj\u0105, \u017ce s\u0105 niezb\u0119dne dla przemys\u0142u spo\u017cywczego, farmaceutycznego i biotechnologicznego. Niezale\u017cnie od tego, czy projektujesz nowy sprz\u0119t, czy modernizujesz istniej\u0105ce maszyny, w\u0142\u0105czenie certyfikowanych komponent\u00f3w EHEDG zapewnia zgodno\u015b\u0107, wydajno\u015b\u0107 i bezpiecze\u0144stwo Twoich operacji.<\/p>\n<p>Wybieraj\u0105c nakr\u0119tki higieniczne EHEDG, inwestujesz w komponent, kt\u00f3ry nie tylko zwi\u0119ksza niezawodno\u015b\u0107 i \u017cywotno\u015b\u0107 Twojego sprz\u0119tu, ale r\u00f3wnie\u017c przyczynia si\u0119 do czystszego i bezpieczniejszego \u015brodowiska produkcyjnego.<\/p>\n\n\t\t<\/div>\n\t<\/div>\n<\/div><\/div><\/div><\/div><\/div><\/section>","protected":false},"excerpt":{"rendered":"A Must-Have for Hygienic Equipment The seal blocks out water and bacteria and also prevents a non-hygienic metal-to-metal assembly. The design of the nuts does not deviate from the sizes of current standard nuts. Therefore, wrench sizes, thread heights etc. all remains the same making it very easy to upgrade and replace standard nuts. This [...]","protected":false},"featured_media":8627,"template":"","meta":[],"product_brand":[],"product_cat":[98],"product_tag":[],"class_list":{"0":"post-5542","1":"product","2":"type-product","3":"status-publish","4":"has-post-thumbnail","6":"product_cat-ehedg-certified-3a-ssi-standard-components","8":"first","9":"instock","10":"shipping-taxable","11":"product-type-simple"},"yoast_head":"<!-- This site is optimized with the Yoast SEO plugin v27.2 - https:\/\/yoast.com\/product\/yoast-seo-wordpress\/ -->\n<title>EHEDG-certified nut | NHK Machinery Parts<\/title>\n<meta name=\"description\" content=\"Benefits and features of EHEDG Hygienic Nuts in Stainless Steel, ideal for applications in the food and pharmaceutical industries.\" \/>\n<meta name=\"robots\" content=\"index, follow, max-snippet:-1, max-image-preview:large, max-video-preview:-1\" \/>\n<link rel=\"canonical\" href=\"https:\/\/nhkmachineryparts.com\/pl\/produkt\/ehedg-3a-nakretka-higieniczna-ze-stali-nierdzewnej\/\" \/>\n<meta property=\"og:locale\" content=\"pl_PL\" \/>\n<meta property=\"og:type\" content=\"article\" \/>\n<meta property=\"og:title\" content=\"EHEDG-certified nut | NHK Machinery Parts\" \/>\n<meta property=\"og:description\" content=\"Benefits and features of EHEDG Hygienic Nuts in Stainless Steel, ideal for applications in the food and pharmaceutical industries.\" \/>\n<meta property=\"og:url\" content=\"https:\/\/nhkmachineryparts.com\/pl\/produkt\/ehedg-3a-nakretka-higieniczna-ze-stali-nierdzewnej\/\" \/>\n<meta property=\"og:site_name\" content=\"NHK Machinery Parts\" \/>\n<meta property=\"article:publisher\" content=\"https:\/\/www.facebook.com\/NHK.Group.aps\" \/>\n<meta property=\"article:modified_time\" content=\"2026-02-27T13:59:45+00:00\" \/>\n<meta property=\"og:image\" content=\"https:\/\/nhkmachineryparts.com\/wp-content\/uploads\/2023\/07\/EHEDG-Hygienic-3A-nut.jpg\" \/>\n\t<meta property=\"og:image:width\" content=\"1000\" \/>\n\t<meta property=\"og:image:height\" content=\"1000\" \/>\n\t<meta property=\"og:image:type\" content=\"image\/jpeg\" \/>\n<meta name=\"twitter:card\" content=\"summary_large_image\" \/>\n<meta name=\"twitter:label1\" content=\"Szacowany czas czytania\" \/>\n\t<meta name=\"twitter:data1\" content=\"5 minut\" \/>\n<script type=\"application\/ld+json\" class=\"yoast-schema-graph\">{\"@context\":\"https:\/\/schema.org\",\"@graph\":[{\"@type\":\"WebPage\",\"@id\":\"https:\/\/nhkmachineryparts.com\/product\/ehedg-3a-hygienic-nut-in-stainless-steel\/\",\"url\":\"https:\/\/nhkmachineryparts.com\/product\/ehedg-3a-hygienic-nut-in-stainless-steel\/\",\"name\":\"EHEDG-certified nut | NHK Machinery Parts\",\"isPartOf\":{\"@id\":\"https:\/\/nhkmachineryparts.com\/#website\"},\"primaryImageOfPage\":{\"@id\":\"https:\/\/nhkmachineryparts.com\/product\/ehedg-3a-hygienic-nut-in-stainless-steel\/#primaryimage\"},\"image\":{\"@id\":\"https:\/\/nhkmachineryparts.com\/product\/ehedg-3a-hygienic-nut-in-stainless-steel\/#primaryimage\"},\"thumbnailUrl\":\"https:\/\/nhkmachineryparts.com\/wp-content\/uploads\/2023\/07\/EHEDG-Hygienic-3A-nut.jpg\",\"datePublished\":\"2023-07-14T07:16:02+00:00\",\"dateModified\":\"2026-02-27T13:59:45+00:00\",\"description\":\"Benefits and features of EHEDG Hygienic Nuts in Stainless Steel, ideal for applications in the food and pharmaceutical industries.\",\"breadcrumb\":{\"@id\":\"https:\/\/nhkmachineryparts.com\/product\/ehedg-3a-hygienic-nut-in-stainless-steel\/#breadcrumb\"},\"inLanguage\":\"pl-PL\",\"potentialAction\":[{\"@type\":\"ReadAction\",\"target\":[\"https:\/\/nhkmachineryparts.com\/product\/ehedg-3a-hygienic-nut-in-stainless-steel\/\"]}]},{\"@type\":\"ImageObject\",\"inLanguage\":\"pl-PL\",\"@id\":\"https:\/\/nhkmachineryparts.com\/product\/ehedg-3a-hygienic-nut-in-stainless-steel\/#primaryimage\",\"url\":\"https:\/\/nhkmachineryparts.com\/wp-content\/uploads\/2023\/07\/EHEDG-Hygienic-3A-nut.jpg\",\"contentUrl\":\"https:\/\/nhkmachineryparts.com\/wp-content\/uploads\/2023\/07\/EHEDG-Hygienic-3A-nut.jpg\",\"width\":1000,\"height\":1000,\"caption\":\"EHEDG Hygienic 3A nut\"},{\"@type\":\"BreadcrumbList\",\"@id\":\"https:\/\/nhkmachineryparts.com\/product\/ehedg-3a-hygienic-nut-in-stainless-steel\/#breadcrumb\",\"itemListElement\":[{\"@type\":\"ListItem\",\"position\":1,\"name\":\"Home\",\"item\":\"https:\/\/nhkmachineryparts.com\/\"},{\"@type\":\"ListItem\",\"position\":2,\"name\":\"Product line\",\"item\":\"https:\/\/nhkmachineryparts.com\/product-line\/\"},{\"@type\":\"ListItem\",\"position\":3,\"name\":\"Certified EHEDG standard components\",\"item\":\"https:\/\/nhkmachineryparts.com\/product-line\/ehedg-certified-3a-ssi-standard-components\/\"},{\"@type\":\"ListItem\",\"position\":4,\"name\":\"EHEDG-certified nut\"}]},{\"@type\":\"WebSite\",\"@id\":\"https:\/\/nhkmachineryparts.com\/#website\",\"url\":\"https:\/\/nhkmachineryparts.com\/\",\"name\":\"NHK Machinery Parts\",\"description\":\"Bearing Houses, seismic levelling feet and levelling castors\",\"publisher\":{\"@id\":\"https:\/\/nhkmachineryparts.com\/#organization\"},\"potentialAction\":[{\"@type\":\"SearchAction\",\"target\":{\"@type\":\"EntryPoint\",\"urlTemplate\":\"https:\/\/nhkmachineryparts.com\/?s={search_term_string}\"},\"query-input\":{\"@type\":\"PropertyValueSpecification\",\"valueRequired\":true,\"valueName\":\"search_term_string\"}}],\"inLanguage\":\"pl-PL\"},{\"@type\":\"Organization\",\"@id\":\"https:\/\/nhkmachineryparts.com\/#organization\",\"name\":\"Nhk Group ApS\",\"url\":\"https:\/\/nhkmachineryparts.com\/\",\"logo\":{\"@type\":\"ImageObject\",\"inLanguage\":\"pl-PL\",\"@id\":\"https:\/\/nhkmachineryparts.com\/#\/schema\/logo\/image\/\",\"url\":\"https:\/\/nhkmachineryparts.com\/wp-content\/uploads\/2022\/09\/NHKgroup_social.jpg\",\"contentUrl\":\"https:\/\/nhkmachineryparts.com\/wp-content\/uploads\/2022\/09\/NHKgroup_social.jpg\",\"width\":1200,\"height\":630,\"caption\":\"Nhk Group ApS\"},\"image\":{\"@id\":\"https:\/\/nhkmachineryparts.com\/#\/schema\/logo\/image\/\"},\"sameAs\":[\"https:\/\/www.facebook.com\/NHK.Group.aps\"]}]}<\/script>\n<!-- \/ Yoast SEO plugin. -->","yoast_head_json":{"title":"EHEDG-certified nut | NHK Machinery Parts","description":"Zalety i cechy nakr\u0119tek higienicznych EHEDG ze stali nierdzewnej, idealnych do zastosowa\u0144 w przemy\u015ble spo\u017cywczym i farmaceutycznym.","robots":{"index":"index","follow":"follow","max-snippet":"max-snippet:-1","max-image-preview":"max-image-preview:large","max-video-preview":"max-video-preview:-1"},"canonical":"https:\/\/nhkmachineryparts.com\/pl\/produkt\/ehedg-3a-nakretka-higieniczna-ze-stali-nierdzewnej\/","og_locale":"pl_PL","og_type":"article","og_title":"EHEDG-certified nut | NHK Machinery Parts","og_description":"Benefits and features of EHEDG Hygienic Nuts in Stainless Steel, ideal for applications in the food and pharmaceutical industries.","og_url":"https:\/\/nhkmachineryparts.com\/pl\/produkt\/ehedg-3a-nakretka-higieniczna-ze-stali-nierdzewnej\/","og_site_name":"NHK Machinery Parts","article_publisher":"https:\/\/www.facebook.com\/NHK.Group.aps","article_modified_time":"2026-02-27T13:59:45+00:00","og_image":[{"width":1000,"height":1000,"url":"https:\/\/nhkmachineryparts.com\/wp-content\/uploads\/2023\/07\/EHEDG-Hygienic-3A-nut.jpg","type":"image\/jpeg"}],"twitter_card":"summary_large_image","twitter_misc":{"Szacowany czas czytania":"5 minut"},"schema":{"@context":"https:\/\/schema.org","@graph":[{"@type":"WebPage","@id":"https:\/\/nhkmachineryparts.com\/product\/ehedg-3a-hygienic-nut-in-stainless-steel\/","url":"https:\/\/nhkmachineryparts.com\/product\/ehedg-3a-hygienic-nut-in-stainless-steel\/","name":"EHEDG-certified nut | NHK Machinery Parts","isPartOf":{"@id":"https:\/\/nhkmachineryparts.com\/#website"},"primaryImageOfPage":{"@id":"https:\/\/nhkmachineryparts.com\/product\/ehedg-3a-hygienic-nut-in-stainless-steel\/#primaryimage"},"image":{"@id":"https:\/\/nhkmachineryparts.com\/product\/ehedg-3a-hygienic-nut-in-stainless-steel\/#primaryimage"},"thumbnailUrl":"https:\/\/nhkmachineryparts.com\/wp-content\/uploads\/2023\/07\/EHEDG-Hygienic-3A-nut.jpg","datePublished":"2023-07-14T07:16:02+00:00","dateModified":"2026-02-27T13:59:45+00:00","description":"Zalety i cechy nakr\u0119tek higienicznych EHEDG ze stali nierdzewnej, idealnych do zastosowa\u0144 w przemy\u015ble spo\u017cywczym i farmaceutycznym.","breadcrumb":{"@id":"https:\/\/nhkmachineryparts.com\/product\/ehedg-3a-hygienic-nut-in-stainless-steel\/#breadcrumb"},"inLanguage":"pl-PL","potentialAction":[{"@type":"ReadAction","target":["https:\/\/nhkmachineryparts.com\/product\/ehedg-3a-hygienic-nut-in-stainless-steel\/"]}]},{"@type":"ImageObject","inLanguage":"pl-PL","@id":"https:\/\/nhkmachineryparts.com\/product\/ehedg-3a-hygienic-nut-in-stainless-steel\/#primaryimage","url":"https:\/\/nhkmachineryparts.com\/wp-content\/uploads\/2023\/07\/EHEDG-Hygienic-3A-nut.jpg","contentUrl":"https:\/\/nhkmachineryparts.com\/wp-content\/uploads\/2023\/07\/EHEDG-Hygienic-3A-nut.jpg","width":1000,"height":1000,"caption":"EHEDG Hygienic 3A nut"},{"@type":"BreadcrumbList","@id":"https:\/\/nhkmachineryparts.com\/product\/ehedg-3a-hygienic-nut-in-stainless-steel\/#breadcrumb","itemListElement":[{"@type":"ListItem","position":1,"name":"Home","item":"https:\/\/nhkmachineryparts.com\/"},{"@type":"ListItem","position":2,"name":"Product line","item":"https:\/\/nhkmachineryparts.com\/product-line\/"},{"@type":"ListItem","position":3,"name":"Certified EHEDG standard components","item":"https:\/\/nhkmachineryparts.com\/product-line\/ehedg-certified-3a-ssi-standard-components\/"},{"@type":"ListItem","position":4,"name":"EHEDG-certified nut"}]},{"@type":"WebSite","@id":"https:\/\/nhkmachineryparts.com\/#website","url":"https:\/\/nhkmachineryparts.com\/","name":"Cz\u0119\u015bci maszyn NHK","description":"Obudowy \u0142o\u017cyskowe, sejsmiczne stopy poziomuj\u0105ce i k\u00f3\u0142ka poziomuj\u0105ce","publisher":{"@id":"https:\/\/nhkmachineryparts.com\/#organization"},"potentialAction":[{"@type":"SearchAction","target":{"@type":"EntryPoint","urlTemplate":"https:\/\/nhkmachineryparts.com\/?s={search_term_string}"},"query-input":{"@type":"PropertyValueSpecification","valueRequired":true,"valueName":"search_term_string"}}],"inLanguage":"pl-PL"},{"@type":"Organization","@id":"https:\/\/nhkmachineryparts.com\/#organization","name":"ApS Grupy Nhk","url":"https:\/\/nhkmachineryparts.com\/","logo":{"@type":"ImageObject","inLanguage":"pl-PL","@id":"https:\/\/nhkmachineryparts.com\/#\/schema\/logo\/image\/","url":"https:\/\/nhkmachineryparts.com\/wp-content\/uploads\/2022\/09\/NHKgroup_social.jpg","contentUrl":"https:\/\/nhkmachineryparts.com\/wp-content\/uploads\/2022\/09\/NHKgroup_social.jpg","width":1200,"height":630,"caption":"Nhk Group ApS"},"image":{"@id":"https:\/\/nhkmachineryparts.com\/#\/schema\/logo\/image\/"},"sameAs":["https:\/\/www.facebook.com\/NHK.Group.aps"]}]}},"_links":{"self":[{"href":"https:\/\/nhkmachineryparts.com\/pl\/wp-json\/wp\/v2\/product\/5542","targetHints":{"allow":["GET"]}}],"collection":[{"href":"https:\/\/nhkmachineryparts.com\/pl\/wp-json\/wp\/v2\/product"}],"about":[{"href":"https:\/\/nhkmachineryparts.com\/pl\/wp-json\/wp\/v2\/types\/product"}],"wp:featuredmedia":[{"embeddable":true,"href":"https:\/\/nhkmachineryparts.com\/pl\/wp-json\/wp\/v2\/media\/8627"}],"wp:attachment":[{"href":"https:\/\/nhkmachineryparts.com\/pl\/wp-json\/wp\/v2\/media?parent=5542"}],"wp:term":[{"taxonomy":"product_brand","embeddable":true,"href":"https:\/\/nhkmachineryparts.com\/pl\/wp-json\/wp\/v2\/product_brand?post=5542"},{"taxonomy":"product_cat","embeddable":true,"href":"https:\/\/nhkmachineryparts.com\/pl\/wp-json\/wp\/v2\/product_cat?post=5542"},{"taxonomy":"product_tag","embeddable":true,"href":"https:\/\/nhkmachineryparts.com\/pl\/wp-json\/wp\/v2\/product_tag?post=5542"}],"curies":[{"name":"wp","href":"https:\/\/api.w.org\/{rel}","templated":true}]}}