{"id":2914,"date":"2023-01-07T20:39:10","date_gmt":"2023-01-07T20:39:10","guid":{"rendered":"https:\/\/nhkmachineryparts.com\/?post_type=product&#038;p=2914"},"modified":"2026-02-23T14:42:08","modified_gmt":"2026-02-23T12:42:08","slug":"higieniczne-nozki-poziomujace-z-2-plytkami-blokujacymi-i-zabezpieczonym-wrzecionem","status":"publish","type":"product","link":"https:\/\/nhkmachineryparts.com\/pl\/product\/hygienic-levelling-feet-with-2-floor-locking-plates-and-protected-spindle\/","title":{"rendered":"Higieniczne n\u00f3\u017cki poziomuj\u0105ce z 2 p\u0142ytkami blokuj\u0105cymi do pod\u0142o\u017ca i zabezpieczonym wrzecionem"},"content":{"rendered":"<section class=\"vc_row vc_custom_1662993827263 liquid-row-shadowbox-69d429abce3af vc_column-gap-0\"><div class=\"ld-container container\"><div class=\"row ld-row ld-row-outer\"><div class=\"wpb_column vc_column_container vc_col-sm-12 liquid-column-69d429abce566\"><div class=\"vc_column-inner\" ><div class=\"wpb_wrapper\"  >\n\t<div class=\"wpb_text_column wpb_content_element\" >\n\t\t<div class=\"wpb_wrapper\">\n\t\t\t<h2><strong data-start=\"186\" data-end=\"266\" data-is-only-node=\"\">Zoptymalizowana wydajno\u015b\u0107 maszyn i <\/strong><strong data-start=\"272\" data-end=\"352\" data-is-last-node=\"\" data-is-only-node=\"\">Popraw zgodno\u015b\u0107 z zasadami higieny<\/strong><\/h2>\n<p><a href=\"https:\/\/nhkmachineryparts.com\/pl\/product-line\/stainless-steel-solid-base-feet\/\" data-internallinksmanager029f6b8e52c=\"7\" title=\"N\u00f3\u017cki poziomuj\u0105ce maszyn\u0119 z solidn\u0105 p\u0142yt\u0105 bazow\u0105\">Stopki poziomuj\u0105ce<\/a> w higienicznej konstrukcji z gumow\u0105 podstaw\u0105 redukuj\u0105c\u0105 wibracje i maj\u0105c\u0105 w\u0142a\u015bciwo\u015bci antypo\u015blizgowe<br \/>\nNasz <a href=\"https:\/\/nhkmachineryparts.com\/pl\/product-line\/stainless-steel-solid-base-feet\/\" data-internallinksmanager029f6b8e52c=\"17\" title=\"N\u00f3\u017cki poziomuj\u0105ce maszyn\u0119 z solidn\u0105 p\u0142yt\u0105 bazow\u0105\">higieniczne n\u00f3\u017cki poziomuj\u0105ce<\/a> posiadaj\u0105 certyfikat FDA (FDA CFR 21 177 2600) z unikalnym numerem identyfikacyjnym partii umo\u017cliwiaj\u0105cym identyfikowalno\u015b\u0107 bezpiecze\u0144stwa \u017cywno\u015bci<\/p>\n<p><a href=\"https:\/\/nhkmachineryparts.com\/pl\/sklep\/linia-produkcyjna-2\/nozki-poziomujace-maszyne-o-higienicznej-konstrukcji\/hygienic-levelling-feet-with-protected-spindle\/\">Wypr\u00f3buj nasz selektor produkt\u00f3w<\/a><\/p>\n<h3>Stopki poziomuj\u0105ce o higienicznej konstrukcji, cechy i zalety<\/h3>\n<p><a href=\"https:\/\/nhkmachineryparts.com\/pl\/product-line\/stainless-steel-solid-base-feet\/\" data-internallinksmanager029f6b8e52c=\"17\" title=\"N\u00f3\u017cki poziomuj\u0105ce maszyn\u0119 z solidn\u0105 p\u0142yt\u0105 bazow\u0105\">Higieniczne n\u00f3\u017cki poziomuj\u0105ce<\/a> maj\u0105 zaokr\u0105glon\u0105, higieniczn\u0105 konstrukcj\u0119, kt\u00f3ra u\u0142atwia czyszczenie.<br \/>\n<a href=\"https:\/\/nhkmachineryparts.com\/pl\/product-line\/stainless-steel-solid-base-feet\/\" data-internallinksmanager029f6b8e52c=\"17\" title=\"N\u00f3\u017cki poziomuj\u0105ce maszyn\u0119 z solidn\u0105 p\u0142yt\u0105 bazow\u0105\">Higieniczne n\u00f3\u017cki poziomuj\u0105ce<\/a> radzi sobie z nachyleniem pod\u0142\u00f3g i sprz\u0119tu do 10 stopni.<\/p>\n<h3>Stopki poziomuj\u0105ce z materia\u0142\u00f3w o higienicznej konstrukcji<\/h3>\n<p><a href=\"https:\/\/nhkmachineryparts.com\/pl\/product-line\/stainless-steel-solid-base-feet\/\" data-internallinksmanager029f6b8e52c=\"17\" title=\"N\u00f3\u017cki poziomuj\u0105ce maszyn\u0119 z solidn\u0105 p\u0142yt\u0105 bazow\u0105\">Higieniczne n\u00f3\u017cki poziomuj\u0105ce<\/a> wulkanizowana cz\u0119\u015b\u0107 gumowa z certyfikatem FDA zgodnie z FDA CFR 21 177 2600.<\/p>\n<p>Opis materia\u0142u p\u0142yty podstawy:<br \/>\nStal nierdzewna Aisi 304 lub Aisi 316<\/p>\n<p>Opis materia\u0142u wrzeciona:<br \/>\nStal nierdzewna A2-70 lub A4-70<\/p>\n<p>Opis materia\u0142u podstawy gumy:<br \/>\nKauczuk NBR (kauczuk nitrylowy nr CAS 9005-98-5)<br \/>\nCertyfikat FDA zgodny z FDA CFR 21 177 2600<\/p>\n<p>Wszystkie materia\u0142y charakteryzuj\u0105 si\u0119 wysok\u0105 odporno\u015bci\u0105 na chemikalia i powszechnie stosowane \u015brodki czyszcz\u0105ce oraz na odporne oleje i t\u0142uszcze.<\/p>\n<h3>N\u00f3\u017cki poziomuj\u0105ce w higienicznych rozmiarach<\/h3>\n<p><a href=\"https:\/\/nhkmachineryparts.com\/pl\/product-line\/stainless-steel-solid-base-feet\/\" data-internallinksmanager029f6b8e52c=\"17\" title=\"N\u00f3\u017cki poziomuj\u0105ce maszyn\u0119 z solidn\u0105 p\u0142yt\u0105 bazow\u0105\">Higieniczne n\u00f3\u017cki poziomuj\u0105ce<\/a> bazowe dost\u0119pne s\u0105 w szerokiej gamie, co daje optymaln\u0105 elastyczno\u015b\u0107 i wyb\u00f3r.<\/p>\n<table class=\"dcf-table dcf-table-responsive dcf-table-bordered dcf-w-100%\">\n<thead>\n<tr>\n<th scope=\"col\">Typ bazowy<\/th>\n<th scope=\"col\">\u015arednica podstawy D<\/th>\n<th scope=\"col\">Nie m. Obci\u0105\u017cenie<\/th>\n<\/tr>\n<\/thead>\n<tbody>\n<tr>\n<td data-label=\"HMF Base Size\">HLF62<\/td>\n<td data-label=\"Base Diameter D\">60mm<\/td>\n<td data-label=\"Nom. Load \">7.000 N<\/td>\n<\/tr>\n<tr>\n<td data-label=\"HMF Base Size\">HLF82<\/td>\n<td data-label=\"Base Diameter D\">80mm<\/td>\n<td data-label=\"Nom. Load \">15.000 N<\/td>\n<\/tr>\n<tr>\n<td data-label=\"HMF Base Size\">HLF102<\/td>\n<td data-label=\"Base Diameter D\">100mm<\/td>\n<td data-label=\"Nom. Load \">20.000 N<\/td>\n<\/tr>\n<tr>\n<td data-label=\"HMF Base Size\">HLF122<\/td>\n<td data-label=\"Base Diameter D\">120mm<\/td>\n<td data-label=\"Nom. Load \">30 000 N<\/td>\n<\/tr>\n<\/tbody>\n<\/table>\n<p><a href=\"https:\/\/nhkmachineryparts.com\/pl\/product-line\/stainless-steel-solid-base-feet\/\" data-internallinksmanager029f6b8e52c=\"17\" title=\"N\u00f3\u017cki poziomuj\u0105ce maszyn\u0119 z solidn\u0105 p\u0142yt\u0105 bazow\u0105\">Higieniczne n\u00f3\u017cki poziomuj\u0105ce<\/a> wrzeciona z tulej\u0105 zabezpieczaj\u0105c\u0105 dost\u0119pne s\u0105 w szerokiej gamie, co zapewnia optymaln\u0105 elastyczno\u015b\u0107 i wyb\u00f3r.<\/p>\n<div class=\"dcf-overflow-x-auto\" tabindex=\"0\">\n<table class=\"dcf-table dcf-table-bordered dcf-w-100%\">\n<caption>EHLF \u015arednica wrzeciona i tulei<\/caption>\n<tbody>\n<tr>\n<td>M16<\/td>\n<td>M20<\/td>\n<td>M24<\/td>\n<td>M30<\/td>\n<td>M36<\/td>\n<td>M42<\/td>\n<td>M48<\/td>\n<\/tr>\n<\/tbody>\n<\/table>\n<\/div>\n<div class=\"dcf-overflow-x-auto\" tabindex=\"0\">\n<table class=\"dcf-table dcf-table-bordered dcf-w-100%\">\n<caption>EHLF D\u0142ugo\u015b\u0107 trzpienia (L) i d\u0142ugo\u015b\u0107 tulei (H)<\/caption>\n<tbody>\n<tr>\n<td>D\u0142.=135 mm Wys.=55 mm<\/td>\n<td>Min. 80 mm do maks. 120 mm<\/td>\n<\/tr>\n<tr>\n<td>D\u0142.=175 mm Wys.=75 mm<\/td>\n<td>Min. 100 mm do maks. 160 mm<\/td>\n<\/tr>\n<tr>\n<td>D\u0142.=215 mm Wys.=95 mm<\/td>\n<td>Min. 120 mm do maks. 200 mm<\/td>\n<\/tr>\n<tr>\n<td>D\u0142.=255 mm Wys.=115 mm<\/td>\n<td>Min. 140 mm do maks. 240 mm<\/td>\n<\/tr>\n<tr>\n<td>D\u0142.=295 mm Wys.=125 mm<\/td>\n<td>Min. 180 mm do maks. 280 mm<\/td>\n<\/tr>\n<\/tbody>\n<\/table>\n<\/div>\n<p>W przypadku innych d\u0142ugo\u015bci trzpienia gwintowanego (L) prosimy o kontakt<br \/>\nGwinty calowe dost\u0119pne s\u0105 na zam\u00f3wienie<br \/>\nGwint mo\u017cna r\u00f3wnie\u017c dostosowa\u0107 zgodnie z konkretnym \u017c\u0105daniem, np. gwintem trapezowym itp.<\/p>\n<h3>N\u00f3\u017cki poziomuj\u0105ce w wersji higienicznej, opcja dostawy<\/h3>\n<p>W przypadku du\u017cych zam\u00f3wie\u0144 oferujemy dostaw\u0119 podstawy i wrzecion oddzielnie<br \/>\nZalet\u0105 jest elastyczno\u015b\u0107 dla klienta korzystaj\u0105cego z wielu r\u00f3\u017cnych rozmiar\u00f3w wrzecion.<\/p>\n<h2 data-start=\"0\" data-end=\"83\"><strong data-start=\"0\" data-end=\"81\">Higieniczne n\u00f3\u017cki poziomuj\u0105ce z 2 p\u0142ytkami blokuj\u0105cymi pod\u0142og\u0119 i zabezpieczonym wrzecionem<\/strong><\/h2>\n<h3><strong data-start=\"3\" data-end=\"97\" data-is-only-node=\"\">Zwi\u0119ksz stabilno\u015b\u0107 sprz\u0119tu i\u00a0<\/strong><strong data-start=\"186\" data-end=\"266\" data-is-only-node=\"\">Zoptymalizowana wydajno\u015b\u0107 maszyn<\/strong><\/h3>\n<p data-start=\"85\" data-end=\"375\">Utrzymywanie czysto\u015bci i stabilno\u015bci w przetw\u00f3rstwie \u017cywno\u015bci, przemy\u015ble farmaceutycznym i pakowaniu <a href=\"https:\/\/nhkmachineryparts.com\/pl\/our-industries\/\" data-internallinksmanager029f6b8e52c=\"4\" title=\"Nasze bran\u017ce\">bran\u017ce<\/a> jest niezb\u0119dne. <a href=\"https:\/\/nhkmachineryparts.com\/pl\/product-line\/stainless-steel-solid-base-feet\/\" data-internallinksmanager029f6b8e52c=\"17\" title=\"N\u00f3\u017cki poziomuj\u0105ce maszyn\u0119 z solidn\u0105 p\u0142yt\u0105 bazow\u0105\">Higieniczne n\u00f3\u017cki poziomuj\u0105ce<\/a> z 2 p\u0142ytami blokuj\u0105cymi pod\u0142og\u0119 i zabezpieczonym wrzecionem zosta\u0142y zaprojektowane tak, aby spe\u0142nia\u0107 rygorystyczne standardy higieniczne, jednocze\u015bnie zapewniaj\u0105c bezpiecze\u0144stwo i poziomowanie sprz\u0119tu.<\/p>\n<h3 data-start=\"377\" data-end=\"813\"><strong data-start=\"377\" data-end=\"434\">Zwi\u0119kszona stabilno\u015b\u0107 dzi\u0119ki dw\u00f3m p\u0142ytom blokuj\u0105cym pod\u0142og\u0119<\/strong><\/h3>\n<p data-start=\"377\" data-end=\"813\">Dwie p\u0142yty blokuj\u0105ce pod\u0142og\u0119 zapewniaj\u0105 zwi\u0119kszon\u0105 stabilno\u015b\u0107 poprzez mocne zakotwiczenie maszyn do pod\u0142o\u017ca. Taka konstrukcja zapobiega niepo\u017c\u0105danym ruchom podczas pracy, redukuj\u0105c wibracje, kt\u00f3re mog\u0142yby wp\u0142yn\u0105\u0107 na jako\u015b\u0107 produktu. P\u0142yty minimalizuj\u0105 r\u00f3wnie\u017c szczeliny, w kt\u00f3rych m\u00f3g\u0142by gromadzi\u0107 si\u0119 brud i bakterie, wspieraj\u0105c zgodno\u015b\u0107 z przepisami higienicznymi, takimi jak <a href=\"https:\/\/nhkmachineryparts.com\/pl\/jaka-jest-roznica-miedzy-3a-a-ehedg\/\" data-internallinksmanager029f6b8e52c=\"2\" title=\"Cz\u0119\u015bci maszyn z certyfikatem EHEDG\">EHEDG<\/a> i 3-A Normy Sanitarne.<\/p>\n<h3 data-start=\"815\" data-end=\"1230\"><strong data-start=\"815\" data-end=\"860\">Zabezpieczony wrzeciono dla optymalnej higieny<\/strong><\/h3>\n<p data-start=\"815\" data-end=\"1230\">Zabezpieczony wrzeciono jest kluczow\u0105 cech\u0105 <a href=\"https:\/\/nhkmachineryparts.com\/pl\/product-line\/stainless-steel-solid-base-feet\/\" data-internallinksmanager029f6b8e52c=\"17\" title=\"N\u00f3\u017cki poziomuj\u0105ce maszyn\u0119 z solidn\u0105 p\u0142yt\u0105 bazow\u0105\">higieniczne n\u00f3\u017cki poziomuj\u0105ce<\/a>. Dzi\u0119ki os\u0142oni\u0119ciu gwintowanego wrzeciona konstrukcja zapobiega przedostawaniu si\u0119 brudu, wilgoci i \u015brodk\u00f3w czyszcz\u0105cych do wewn\u0119trznego mechanizmu. Ta ochrona zapewnia d\u0142ugoterminow\u0105 trwa\u0142o\u015b\u0107, zmniejsza potrzeby konserwacyjne i utrzymuje higieniczne warunki, dzi\u0119ki czemu te komponenty idealnie nadaj\u0105 si\u0119 do \u015brodowisk pomieszcze\u0144 czystych.<\/p>\n<h3 data-start=\"1232\" data-end=\"1631\"><strong data-start=\"1232\" data-end=\"1276\">Trwa\u0142a konstrukcja ze stali nierdzewnej<\/strong><\/h3>\n<p data-start=\"1232\" data-end=\"1631\">Wykonane z wysokiej jako\u015bci stali nierdzewnej, te n\u00f3\u017cki poziomuj\u0105ce s\u0105 odporne na korozj\u0119 i \u0142atwe do czyszczenia. G\u0142adkie, polerowane powierzchnie minimalizuj\u0105 obszary, w kt\u00f3rych mog\u0105 gromadzi\u0107 si\u0119 zanieczyszczenia, zapewniaj\u0105c zgodno\u015b\u0107 z wytycznymi HACCP. Ich solidna konstrukcja wytrzymuje intensywne procesy czyszczenia, w tym mycie pod wysokim ci\u015bnieniem i chemiczne \u015brodki dezynfekuj\u0105ce.<\/p>\n<h3 data-start=\"1633\" data-end=\"2078\"><strong data-start=\"1633\" data-end=\"1680\">Zastosowania w r\u00f3\u017cnych bran\u017cach higienicznych<\/strong><\/h3>\n<p data-start=\"1633\" data-end=\"2078\"><a href=\"https:\/\/nhkmachineryparts.com\/pl\/product-line\/stainless-steel-solid-base-feet\/\" data-internallinksmanager029f6b8e52c=\"17\" title=\"N\u00f3\u017cki poziomuj\u0105ce maszyn\u0119 z solidn\u0105 p\u0142yt\u0105 bazow\u0105\">Higieniczne n\u00f3\u017cki poziomuj\u0105ce<\/a> z 2 p\u0142ytami blokuj\u0105cymi pod\u0142og\u0119 i zabezpieczonym wrzecionem s\u0105 niezb\u0119dne dla maszyn w przetw\u00f3rstwie \u017cywno\u015bci, produkcji farmaceutycznej i biotechnologii. S\u0105 powszechnie stosowane w przeno\u015bnikach, mikserach, sprz\u0119cie pakuj\u0105cym i innych maszynach wymagaj\u0105cych zar\u00f3wno stabilno\u015bci, jak i warunk\u00f3w sanitarnych. Ich zaawansowana konstrukcja zapewnia zar\u00f3wno wydajno\u015b\u0107 operacyjn\u0105, jak i zgodno\u015b\u0107 z przepisami.<\/p>\n<h3 data-start=\"2080\" data-end=\"2328\"><strong data-start=\"2080\" data-end=\"2101\">Zmaksymalizuj czysto\u015b\u0107 i trwa\u0142o\u015b\u0107<\/strong><\/h3>\n<p data-start=\"2080\" data-end=\"2328\" data-is-last-node=\"\" data-is-only-node=\"\">Odkry\u0107 <a href=\"https:\/\/nhkmachineryparts.com\/pl\/product-line\/stainless-steel-solid-base-feet\/\" data-internallinksmanager029f6b8e52c=\"17\" title=\"N\u00f3\u017cki poziomuj\u0105ce maszyn\u0119 z solidn\u0105 p\u0142yt\u0105 bazow\u0105\">higieniczne n\u00f3\u017cki poziomuj\u0105ce<\/a> z 2 p\u0142ytami blokuj\u0105cymi pod\u0142og\u0119 i zabezpieczonym wrzecionem, co gwarantuje stabilno\u015b\u0107, \u0142atwo\u015b\u0107 czyszczenia i zgodno\u015b\u0107 z normami sanitarnymi EHEDG i 3-A dla maszyn spo\u017cywczych, farmaceutycznych i pakuj\u0105cych.<\/p>\n\n\t\t<\/div>\n\t<\/div>\n<\/div><\/div><\/div><\/div><\/div><\/section>","protected":false},"excerpt":{"rendered":"Optimized Machinery Performance and Enhance Hygiene Compliance Levelling feet in hygienic design with rubber base for vibration reduction and anti-slip properties Our hygienic levelling feet are provided with FDA certificate (FDA CFR 21 177 2600) with unique batch ID number for food safety traceability Try our product selector Levelling feet in hygienic design features and [...]","protected":false},"featured_media":12770,"template":"","meta":[],"product_brand":[],"product_cat":[18],"product_tag":[],"class_list":{"0":"post-2914","1":"product","2":"type-product","3":"status-publish","4":"has-post-thumbnail","6":"product_cat-stainless-steel-machine-levelling-feet","8":"first","9":"instock","10":"shipping-taxable","11":"product-type-simple"},"yoast_head":"<!-- This site is optimized with the Yoast SEO plugin v27.3 - https:\/\/yoast.com\/product\/yoast-seo-wordpress\/ -->\n<title>Hygienic levelling feet with 2 floor locking plates\u00a0and protected spindle<\/title>\n<meta name=\"description\" content=\"Stability and hygiene in your production environment and maximize cleanliness with levelling feet with two floor locking plates and a protected spindle.\" \/>\n<meta name=\"robots\" content=\"index, follow, max-snippet:-1, max-image-preview:large, max-video-preview:-1\" \/>\n<link rel=\"canonical\" href=\"https:\/\/nhkmachineryparts.com\/pl\/produkt\/higieniczne-nozki-poziomujace-z-2-plytkami-blokujacymi-i-zabezpieczonym-wrzecionem\/\" \/>\n<meta property=\"og:locale\" content=\"pl_PL\" \/>\n<meta property=\"og:type\" content=\"article\" \/>\n<meta property=\"og:title\" content=\"Hygienic levelling feet with 2 floor locking plates\u00a0and protected spindle\" \/>\n<meta property=\"og:description\" content=\"Stability and hygiene in your production environment and maximize cleanliness with levelling feet with two floor locking plates and a protected spindle.\" \/>\n<meta property=\"og:url\" content=\"https:\/\/nhkmachineryparts.com\/pl\/produkt\/higieniczne-nozki-poziomujace-z-2-plytkami-blokujacymi-i-zabezpieczonym-wrzecionem\/\" \/>\n<meta property=\"og:site_name\" content=\"NHK Machinery Parts\" \/>\n<meta property=\"article:publisher\" content=\"https:\/\/www.facebook.com\/NHK.Group.aps\" \/>\n<meta property=\"article:modified_time\" content=\"2026-02-23T12:42:08+00:00\" \/>\n<meta property=\"og:image\" content=\"https:\/\/nhkmachineryparts.com\/wp-content\/uploads\/2023\/01\/HLF-x2-LC-1.jpg\" \/>\n\t<meta property=\"og:image:width\" content=\"1000\" \/>\n\t<meta property=\"og:image:height\" content=\"1000\" \/>\n\t<meta property=\"og:image:type\" content=\"image\/jpeg\" \/>\n<meta name=\"twitter:card\" content=\"summary_large_image\" \/>\n<meta name=\"twitter:label1\" content=\"Szacowany czas czytania\" \/>\n\t<meta name=\"twitter:data1\" content=\"4 minuty\" \/>\n<script type=\"application\/ld+json\" class=\"yoast-schema-graph\">{\"@context\":\"https:\\\/\\\/schema.org\",\"@graph\":[{\"@type\":\"WebPage\",\"@id\":\"https:\\\/\\\/nhkmachineryparts.com\\\/product\\\/hygienic-levelling-feet-with-2-floor-locking-plates-and-protected-spindle\\\/\",\"url\":\"https:\\\/\\\/nhkmachineryparts.com\\\/product\\\/hygienic-levelling-feet-with-2-floor-locking-plates-and-protected-spindle\\\/\",\"name\":\"Hygienic levelling feet with 2 floor locking plates\u00a0and protected spindle\",\"isPartOf\":{\"@id\":\"https:\\\/\\\/nhkmachineryparts.com\\\/#website\"},\"primaryImageOfPage\":{\"@id\":\"https:\\\/\\\/nhkmachineryparts.com\\\/product\\\/hygienic-levelling-feet-with-2-floor-locking-plates-and-protected-spindle\\\/#primaryimage\"},\"image\":{\"@id\":\"https:\\\/\\\/nhkmachineryparts.com\\\/product\\\/hygienic-levelling-feet-with-2-floor-locking-plates-and-protected-spindle\\\/#primaryimage\"},\"thumbnailUrl\":\"https:\\\/\\\/nhkmachineryparts.com\\\/wp-content\\\/uploads\\\/2023\\\/01\\\/HLF-x2-LC-1.jpg\",\"datePublished\":\"2023-01-07T20:39:10+00:00\",\"dateModified\":\"2026-02-23T12:42:08+00:00\",\"description\":\"Stability and hygiene in your production environment and maximize cleanliness with levelling feet with two floor locking plates and a protected spindle.\",\"breadcrumb\":{\"@id\":\"https:\\\/\\\/nhkmachineryparts.com\\\/product\\\/hygienic-levelling-feet-with-2-floor-locking-plates-and-protected-spindle\\\/#breadcrumb\"},\"inLanguage\":\"pl-PL\",\"potentialAction\":[{\"@type\":\"ReadAction\",\"target\":[\"https:\\\/\\\/nhkmachineryparts.com\\\/product\\\/hygienic-levelling-feet-with-2-floor-locking-plates-and-protected-spindle\\\/\"]}]},{\"@type\":\"ImageObject\",\"inLanguage\":\"pl-PL\",\"@id\":\"https:\\\/\\\/nhkmachineryparts.com\\\/product\\\/hygienic-levelling-feet-with-2-floor-locking-plates-and-protected-spindle\\\/#primaryimage\",\"url\":\"https:\\\/\\\/nhkmachineryparts.com\\\/wp-content\\\/uploads\\\/2023\\\/01\\\/HLF-x2-LC-1.jpg\",\"contentUrl\":\"https:\\\/\\\/nhkmachineryparts.com\\\/wp-content\\\/uploads\\\/2023\\\/01\\\/HLF-x2-LC-1.jpg\",\"width\":1000,\"height\":1000,\"caption\":\"Leveling feet with 2 locking plates and vulcanized black FDA rubber base and full threaded spindle\"},{\"@type\":\"BreadcrumbList\",\"@id\":\"https:\\\/\\\/nhkmachineryparts.com\\\/product\\\/hygienic-levelling-feet-with-2-floor-locking-plates-and-protected-spindle\\\/#breadcrumb\",\"itemListElement\":[{\"@type\":\"ListItem\",\"position\":1,\"name\":\"Home\",\"item\":\"https:\\\/\\\/nhkmachineryparts.com\\\/\"},{\"@type\":\"ListItem\",\"position\":2,\"name\":\"Product line\",\"item\":\"https:\\\/\\\/nhkmachineryparts.com\\\/product-line\\\/\"},{\"@type\":\"ListItem\",\"position\":3,\"name\":\"Industrial machine leveling feet in stainless steel\",\"item\":\"https:\\\/\\\/nhkmachineryparts.com\\\/product-line\\\/stainless-steel-machine-levelling-feet\\\/\"},{\"@type\":\"ListItem\",\"position\":4,\"name\":\"Hygienic levelling feet with 2 floor locking plates\u00a0and protected spindle\"}]},{\"@type\":\"WebSite\",\"@id\":\"https:\\\/\\\/nhkmachineryparts.com\\\/#website\",\"url\":\"https:\\\/\\\/nhkmachineryparts.com\\\/\",\"name\":\"NHK Machinery Parts\",\"description\":\"Bearing Houses, seismic levelling feet and levelling castors\",\"publisher\":{\"@id\":\"https:\\\/\\\/nhkmachineryparts.com\\\/#organization\"},\"potentialAction\":[{\"@type\":\"SearchAction\",\"target\":{\"@type\":\"EntryPoint\",\"urlTemplate\":\"https:\\\/\\\/nhkmachineryparts.com\\\/?s={search_term_string}\"},\"query-input\":{\"@type\":\"PropertyValueSpecification\",\"valueRequired\":true,\"valueName\":\"search_term_string\"}}],\"inLanguage\":\"pl-PL\"},{\"@type\":\"Organization\",\"@id\":\"https:\\\/\\\/nhkmachineryparts.com\\\/#organization\",\"name\":\"Nhk Group ApS\",\"url\":\"https:\\\/\\\/nhkmachineryparts.com\\\/\",\"logo\":{\"@type\":\"ImageObject\",\"inLanguage\":\"pl-PL\",\"@id\":\"https:\\\/\\\/nhkmachineryparts.com\\\/#\\\/schema\\\/logo\\\/image\\\/\",\"url\":\"https:\\\/\\\/nhkmachineryparts.com\\\/wp-content\\\/uploads\\\/2022\\\/09\\\/NHKgroup_social.jpg\",\"contentUrl\":\"https:\\\/\\\/nhkmachineryparts.com\\\/wp-content\\\/uploads\\\/2022\\\/09\\\/NHKgroup_social.jpg\",\"width\":1200,\"height\":630,\"caption\":\"Nhk Group ApS\"},\"image\":{\"@id\":\"https:\\\/\\\/nhkmachineryparts.com\\\/#\\\/schema\\\/logo\\\/image\\\/\"},\"sameAs\":[\"https:\\\/\\\/www.facebook.com\\\/NHK.Group.aps\"]}]}<\/script>\n<!-- \/ Yoast SEO plugin. -->","yoast_head_json":{"title":"Higieniczne n\u00f3\u017cki poziomuj\u0105ce z 2 p\u0142ytkami blokuj\u0105cymi do pod\u0142o\u017ca i zabezpieczonym wrzecionem","description":"Stabilno\u015b\u0107 i higiena w \u015brodowisku produkcyjnym oraz maksymalna czysto\u015b\u0107 dzi\u0119ki n\u00f3\u017ckom poziomuj\u0105cym z dwiema p\u0142ytami blokuj\u0105cymi i zabezpieczonym wrzecionem.","robots":{"index":"index","follow":"follow","max-snippet":"max-snippet:-1","max-image-preview":"max-image-preview:large","max-video-preview":"max-video-preview:-1"},"canonical":"https:\/\/nhkmachineryparts.com\/pl\/produkt\/higieniczne-nozki-poziomujace-z-2-plytkami-blokujacymi-i-zabezpieczonym-wrzecionem\/","og_locale":"pl_PL","og_type":"article","og_title":"Hygienic levelling feet with 2 floor locking plates\u00a0and protected spindle","og_description":"Stability and hygiene in your production environment and maximize cleanliness with levelling feet with two floor locking plates and a protected spindle.","og_url":"https:\/\/nhkmachineryparts.com\/pl\/produkt\/higieniczne-nozki-poziomujace-z-2-plytkami-blokujacymi-i-zabezpieczonym-wrzecionem\/","og_site_name":"NHK Machinery Parts","article_publisher":"https:\/\/www.facebook.com\/NHK.Group.aps","article_modified_time":"2026-02-23T12:42:08+00:00","og_image":[{"width":1000,"height":1000,"url":"https:\/\/nhkmachineryparts.com\/wp-content\/uploads\/2023\/01\/HLF-x2-LC-1.jpg","type":"image\/jpeg"}],"twitter_card":"summary_large_image","twitter_misc":{"Szacowany czas czytania":"4 minuty"},"schema":{"@context":"https:\/\/schema.org","@graph":[{"@type":"WebPage","@id":"https:\/\/nhkmachineryparts.com\/product\/hygienic-levelling-feet-with-2-floor-locking-plates-and-protected-spindle\/","url":"https:\/\/nhkmachineryparts.com\/product\/hygienic-levelling-feet-with-2-floor-locking-plates-and-protected-spindle\/","name":"Higieniczne n\u00f3\u017cki poziomuj\u0105ce z 2 p\u0142ytkami blokuj\u0105cymi do pod\u0142o\u017ca i zabezpieczonym wrzecionem","isPartOf":{"@id":"https:\/\/nhkmachineryparts.com\/#website"},"primaryImageOfPage":{"@id":"https:\/\/nhkmachineryparts.com\/product\/hygienic-levelling-feet-with-2-floor-locking-plates-and-protected-spindle\/#primaryimage"},"image":{"@id":"https:\/\/nhkmachineryparts.com\/product\/hygienic-levelling-feet-with-2-floor-locking-plates-and-protected-spindle\/#primaryimage"},"thumbnailUrl":"https:\/\/nhkmachineryparts.com\/wp-content\/uploads\/2023\/01\/HLF-x2-LC-1.jpg","datePublished":"2023-01-07T20:39:10+00:00","dateModified":"2026-02-23T12:42:08+00:00","description":"Stabilno\u015b\u0107 i higiena w \u015brodowisku produkcyjnym oraz maksymalna czysto\u015b\u0107 dzi\u0119ki n\u00f3\u017ckom poziomuj\u0105cym z dwiema p\u0142ytami blokuj\u0105cymi i zabezpieczonym wrzecionem.","breadcrumb":{"@id":"https:\/\/nhkmachineryparts.com\/product\/hygienic-levelling-feet-with-2-floor-locking-plates-and-protected-spindle\/#breadcrumb"},"inLanguage":"pl-PL","potentialAction":[{"@type":"ReadAction","target":["https:\/\/nhkmachineryparts.com\/product\/hygienic-levelling-feet-with-2-floor-locking-plates-and-protected-spindle\/"]}]},{"@type":"ImageObject","inLanguage":"pl-PL","@id":"https:\/\/nhkmachineryparts.com\/product\/hygienic-levelling-feet-with-2-floor-locking-plates-and-protected-spindle\/#primaryimage","url":"https:\/\/nhkmachineryparts.com\/wp-content\/uploads\/2023\/01\/HLF-x2-LC-1.jpg","contentUrl":"https:\/\/nhkmachineryparts.com\/wp-content\/uploads\/2023\/01\/HLF-x2-LC-1.jpg","width":1000,"height":1000,"caption":"Leveling feet with 2 locking plates and vulcanized black FDA rubber base and full threaded spindle"},{"@type":"BreadcrumbList","@id":"https:\/\/nhkmachineryparts.com\/product\/hygienic-levelling-feet-with-2-floor-locking-plates-and-protected-spindle\/#breadcrumb","itemListElement":[{"@type":"ListItem","position":1,"name":"Home","item":"https:\/\/nhkmachineryparts.com\/"},{"@type":"ListItem","position":2,"name":"Product line","item":"https:\/\/nhkmachineryparts.com\/product-line\/"},{"@type":"ListItem","position":3,"name":"Industrial machine leveling feet in stainless steel","item":"https:\/\/nhkmachineryparts.com\/product-line\/stainless-steel-machine-levelling-feet\/"},{"@type":"ListItem","position":4,"name":"Hygienic levelling feet with 2 floor locking plates\u00a0and protected spindle"}]},{"@type":"WebSite","@id":"https:\/\/nhkmachineryparts.com\/#website","url":"https:\/\/nhkmachineryparts.com\/","name":"Cz\u0119\u015bci maszyn NHK","description":"Obudowy \u0142o\u017cyskowe, sejsmiczne stopy poziomuj\u0105ce i k\u00f3\u0142ka poziomuj\u0105ce","publisher":{"@id":"https:\/\/nhkmachineryparts.com\/#organization"},"potentialAction":[{"@type":"SearchAction","target":{"@type":"EntryPoint","urlTemplate":"https:\/\/nhkmachineryparts.com\/?s={search_term_string}"},"query-input":{"@type":"PropertyValueSpecification","valueRequired":true,"valueName":"search_term_string"}}],"inLanguage":"pl-PL"},{"@type":"Organization","@id":"https:\/\/nhkmachineryparts.com\/#organization","name":"ApS Grupy Nhk","url":"https:\/\/nhkmachineryparts.com\/","logo":{"@type":"ImageObject","inLanguage":"pl-PL","@id":"https:\/\/nhkmachineryparts.com\/#\/schema\/logo\/image\/","url":"https:\/\/nhkmachineryparts.com\/wp-content\/uploads\/2022\/09\/NHKgroup_social.jpg","contentUrl":"https:\/\/nhkmachineryparts.com\/wp-content\/uploads\/2022\/09\/NHKgroup_social.jpg","width":1200,"height":630,"caption":"Nhk Group ApS"},"image":{"@id":"https:\/\/nhkmachineryparts.com\/#\/schema\/logo\/image\/"},"sameAs":["https:\/\/www.facebook.com\/NHK.Group.aps"]}]}},"_links":{"self":[{"href":"https:\/\/nhkmachineryparts.com\/pl\/wp-json\/wp\/v2\/product\/2914","targetHints":{"allow":["GET"]}}],"collection":[{"href":"https:\/\/nhkmachineryparts.com\/pl\/wp-json\/wp\/v2\/product"}],"about":[{"href":"https:\/\/nhkmachineryparts.com\/pl\/wp-json\/wp\/v2\/types\/product"}],"wp:featuredmedia":[{"embeddable":true,"href":"https:\/\/nhkmachineryparts.com\/pl\/wp-json\/wp\/v2\/media\/12770"}],"wp:attachment":[{"href":"https:\/\/nhkmachineryparts.com\/pl\/wp-json\/wp\/v2\/media?parent=2914"}],"wp:term":[{"taxonomy":"product_brand","embeddable":true,"href":"https:\/\/nhkmachineryparts.com\/pl\/wp-json\/wp\/v2\/product_brand?post=2914"},{"taxonomy":"product_cat","embeddable":true,"href":"https:\/\/nhkmachineryparts.com\/pl\/wp-json\/wp\/v2\/product_cat?post=2914"},{"taxonomy":"product_tag","embeddable":true,"href":"https:\/\/nhkmachineryparts.com\/pl\/wp-json\/wp\/v2\/product_tag?post=2914"}],"curies":[{"name":"wp","href":"https:\/\/api.w.org\/{rel}","templated":true}]}}