{"id":2827,"date":"2023-01-07T19:55:53","date_gmt":"2023-01-07T19:55:53","guid":{"rendered":"https:\/\/nhkmachineryparts.com\/?post_type=product&#038;p=2827"},"modified":"2026-02-23T14:42:51","modified_gmt":"2026-02-23T12:42:51","slug":"stopki-poziomujace-w-konstrukcji-higienicznej-hlf-z-w-pelni-gwintowanym-wrzecionem","status":"publish","type":"product","link":"https:\/\/nhkmachineryparts.com\/pl\/product\/levelling-feet-in-hygienic-design-hlf-with-fully-threaded-spindle\/","title":{"rendered":"N\u00f3\u017cki poziomuj\u0105ce z wrzecionem z pe\u0142nym gwintem"},"content":{"rendered":"<section class=\"vc_row vc_custom_1662993827263 liquid-row-shadowbox-69d429ab772a3 vc_column-gap-0\"><div class=\"ld-container container\"><div class=\"row ld-row ld-row-outer\"><div class=\"wpb_column vc_column_container vc_col-sm-12 liquid-column-69d429ab77418\"><div class=\"vc_column-inner\" ><div class=\"wpb_wrapper\"  >\n\t<div class=\"wpb_text_column wpb_content_element\" >\n\t\t<div class=\"wpb_wrapper\">\n\t\t\t<h2><strong>Idealny wyb\u00f3r dla stabilno\u015bci i precyzji<\/strong><\/h2>\n<p><a href=\"https:\/\/nhkmachineryparts.com\/pl\/product-line\/stainless-steel-solid-base-feet\/\" data-internallinksmanager029f6b8e52c=\"7\" title=\"N\u00f3\u017cki poziomuj\u0105ce maszyn\u0119 z solidn\u0105 p\u0142yt\u0105 bazow\u0105\">Stopki poziomuj\u0105ce<\/a> z gumow\u0105 podstaw\u0105 redukuj\u0105c\u0105 wibracje i posiadaj\u0105c\u0105 w\u0142a\u015bciwo\u015bci antypo\u015blizgowe<br \/>\nNasze n\u00f3\u017cki poziomuj\u0105ce posiadaj\u0105 certyfikat FDA (FDA CFR 21 177 2600) z unikalnym numerem identyfikacyjnym partii w celu zapewnienia bezpiecze\u0144stwa \u017cywno\u015bci.<\/p>\n<p><a href=\"https:\/\/nhkmachineryparts.com\/shop\/product-line\/machine-levelling-feet-in-a-hygienic-design\/levelling-feet-with-fully-threaded-spindle\/\">Wypr\u00f3buj nasz selektor produkt\u00f3w<\/a><\/p>\n<h3>Cechy i zalety n\u00f3\u017cek poziomuj\u0105cych<\/h3>\n<p>N\u00f3\u017cki poziomuj\u0105ce maj\u0105 zaokr\u0105glony, higieniczny kszta\u0142t, dzi\u0119ki czemu s\u0105 \u0142atwe do czyszczenia.<br \/>\nN\u00f3\u017cki poziomuj\u0105ce wytrzymuj\u0105 nachylenie pod\u0142\u00f3g i urz\u0105dze\u0144 do 10 stopni.<\/p>\n<h3>Materia\u0142y na n\u00f3\u017cki poziomuj\u0105ce<\/h3>\n<p>N\u00f3\u017cki poziomuj\u0105ce wykonane z wulkanizowanej gumy z certyfikatem FDA zgodnym z FDA CFR 21 177 2600.<\/p>\n<p>Opis materia\u0142u p\u0142yty podstawy:<br \/>\nStal nierdzewna Aisi 304 lub Aisi 316<\/p>\n<p>Opis materia\u0142u wrzeciona:<br \/>\nStal nierdzewna A2-70 lub A4-70<\/p>\n<p>Opis materia\u0142u podstawy gumy:<br \/>\nKauczuk NBR (kauczuk nitrylowy nr CAS 9005-98-5)<br \/>\nCertyfikat FDA zgodny z FDA CFR 21 177 2600<\/p>\n<p>Wszystkie materia\u0142y charakteryzuj\u0105 si\u0119 wysok\u0105 odporno\u015bci\u0105 na chemikalia i powszechnie stosowane \u015brodki czyszcz\u0105ce oraz na odporne oleje i t\u0142uszcze.<\/p>\n<h3>Rozmiary n\u00f3\u017cek poziomuj\u0105cych<\/h3>\n<p>Podstawy n\u00f3\u017cek poziomuj\u0105cych dost\u0119pne s\u0105 w szerokiej gamie, co zapewnia optymaln\u0105 elastyczno\u015b\u0107 i wyb\u00f3r.<\/p>\n<div class=\"dcf-overflow-x-auto\" tabindex=\"0\">\n<table class=\"dcf-table dcf-table-responsive dcf-table-bordered dcf-w-100%\">\n<thead>\n<tr>\n<th scope=\"col\">Typ bazowy<\/th>\n<th scope=\"col\">\u015arednica podstawy D<\/th>\n<th scope=\"col\">Nie m. Obci\u0105\u017cenie<\/th>\n<\/tr>\n<\/thead>\n<tbody>\n<tr>\n<td data-label=\"HMF Base Size\">HLF 50<\/td>\n<td data-label=\"Base Diameter D\">50mm<\/td>\n<td data-label=\"Nom. Load \">5.000 N<\/td>\n<\/tr>\n<tr>\n<td data-label=\"HMF Base Size\">HLF 60<\/td>\n<td data-label=\"Base Diameter D\">60mm<\/td>\n<td data-label=\"Nom. Load \">7.000 N<\/td>\n<\/tr>\n<tr>\n<td data-label=\"HMF Base Size\">HLF 80<\/td>\n<td data-label=\"Base Diameter D\">80mm<\/td>\n<td data-label=\"Nom. Load \">15.000 N<\/td>\n<\/tr>\n<tr>\n<td data-label=\"HMF Base Size\">HLF 100<\/td>\n<td data-label=\"Base Diameter D\">100mm<\/td>\n<td data-label=\"Nom. Load \">20.000 N<\/td>\n<\/tr>\n<tr>\n<td data-label=\"HMF Base Size\">HLF 120<\/td>\n<td data-label=\"Base Diameter D\">120mm<\/td>\n<td data-label=\"Nom. Load \">30 000 N<\/td>\n<\/tr>\n<tr>\n<td data-label=\"HMF Base Size\">HLF 140<\/td>\n<td data-label=\"Base Diameter D\">140mm<\/td>\n<td data-label=\"Nom. Load \">40 000 N<\/td>\n<\/tr>\n<\/tbody>\n<\/table>\n<\/div>\n<p>Wrzeciona n\u00f3\u017cek poziomuj\u0105cych dost\u0119pne s\u0105 w szerokiej gamie, co zapewnia optymaln\u0105 elastyczno\u015b\u0107 i wyb\u00f3r.<\/p>\n<div class=\"dcf-overflow-x-auto\" tabindex=\"0\">\n<table class=\"dcf-table dcf-table-responsive dcf-table-bordered dcf-w-100%\">\n<caption>HLF Gwinty wrzeciona<\/caption>\n<tbody>\n<tr>\n<td>M12<\/td>\n<td>M16<\/td>\n<td>M20<\/td>\n<td>M24<\/td>\n<td>M30<\/td>\n<td>M36<\/td>\n<td>M42<\/td>\n<td>M48<\/td>\n<\/tr>\n<\/tbody>\n<\/table>\n<\/div>\n<div class=\"dcf-overflow-x-auto\" tabindex=\"0\">\n<table class=\"dcf-table dcf-table-responsive dcf-table-bordered dcf-w-100%\">\n<caption>HLF D\u0142ugo\u015b\u0107 wrzeciona (L)<\/caption>\n<tbody>\n<tr>\n<td>50mm<\/td>\n<td>70mm<\/td>\n<td>100mm<\/td>\n<td>120mm<\/td>\n<td>150mm<\/td>\n<td>180mm<\/td>\n<td>200mm<\/td>\n<td>230mm<\/td>\n<td>280mm<\/td>\n<td>330 mm<\/td>\n<\/tr>\n<\/tbody>\n<\/table>\n<\/div>\n<p>W przypadku innych d\u0142ugo\u015bci trzpienia gwintowanego (L) prosimy o kontakt<br \/>\nGwinty calowe dost\u0119pne s\u0105 na zam\u00f3wienie<br \/>\nGwint mo\u017cna r\u00f3wnie\u017c dostosowa\u0107 zgodnie z konkretnym \u017c\u0105daniem, np. gwintem trapezowym itp.<\/p>\n<h3>Opcja dostawy n\u00f3\u017cek poziomuj\u0105cych<\/h3>\n<p>W przypadku du\u017cych zam\u00f3wie\u0144 oferujemy dostaw\u0119 podstawy i wrzecion oddzielnie<br \/>\nZalet\u0105 jest elastyczno\u015b\u0107 dla klienta korzystaj\u0105cego z wielu r\u00f3\u017cnych rozmiar\u00f3w wrzecion.<\/p>\n<h2 data-start=\"98\" data-end=\"144\">N\u00f3\u017cki poziomuj\u0105ce z wrzecionem z pe\u0142nym gwintem<\/h2>\n<h3 data-start=\"98\" data-end=\"144\">Zwi\u0119kszona stabilno\u015b\u0107 i roz\u0142o\u017cenie obci\u0105\u017cenia<\/h3>\n<p data-start=\"145\" data-end=\"557\">N\u00f3\u017cki poziomuj\u0105ce z wrzecionem z pe\u0142nym gwintem zapewniaj\u0105 wyj\u0105tkow\u0105 stabilno\u015b\u0107 i rozk\u0142ad obci\u0105\u017cenia, co czyni je niezb\u0119dnymi w maszynach i urz\u0105dzeniach przemys\u0142owych. Konstrukcja z pe\u0142nym gwintem umo\u017cliwia precyzyjn\u0105 regulacj\u0119 wysoko\u015bci, zapewniaj\u0105c optymalne poziomowanie nawet na nier\u00f3wnych powierzchniach. Ta cecha jest kluczowa dla utrzymania wydajno\u015bci sprz\u0119tu, szczeg\u00f3lnie w <a href=\"https:\/\/nhkmachineryparts.com\/pl\/our-industries\/\" data-internallinksmanager029f6b8e52c=\"4\" title=\"Nasze bran\u017ce\">bran\u017ce<\/a> takich jak przetw\u00f3rstwo \u017cywno\u015bci, farmaceutyka i pakowanie.<\/p>\n<h3 data-start=\"559\" data-end=\"601\">Trwa\u0142a konstrukcja ze stali nierdzewnej<\/h3>\n<p data-start=\"602\" data-end=\"981\">Wykonane z wysokiej jako\u015bci stali nierdzewnej, te n\u00f3\u017cki poziomuj\u0105ce s\u0105 odporne na korozj\u0119 i trwa\u0142e. Ich solidna konstrukcja zapewnia d\u0142ugotrwa\u0142\u0105 wydajno\u015b\u0107 w trudnych warunkach, w tym w obszarach nara\u017conych na wilgo\u0107, chemikalia i ekstremalne temperatury. Ta trwa\u0142o\u015b\u0107 nie tylko wyd\u0142u\u017ca \u017cywotno\u015b\u0107 sprz\u0119tu, ale tak\u017ce zmniejsza koszty konserwacji, co czyni je ekonomicznym rozwi\u0105zaniem.<\/p>\n<h3 data-start=\"983\" data-end=\"1022\">\u0141atwa instalacja i konserwacja<\/h3>\n<p data-start=\"1023\" data-end=\"1432\">W pe\u0142ni gwintowany wrzeciono upraszcza instalacj\u0119, umo\u017cliwiaj\u0105c szybk\u0105 i \u0142atw\u0105 regulacj\u0119 bez konieczno\u015bci stosowania specjalistycznych narz\u0119dzi. Taka konstrukcja u\u0142atwia r\u00f3wnie\u017c konserwacj\u0119, poniewa\u017c regulacje mo\u017cna wykonywa\u0107 szybko, aby dostosowa\u0107 si\u0119 do zmian warunk\u00f3w pod\u0142o\u017ca lub obci\u0105\u017cenia sprz\u0119tu. Wszechstronno\u015b\u0107 tych n\u00f3\u017cek poziomuj\u0105cych sprawia, \u017ce nadaj\u0105 si\u0119 one do szerokiego zakresu zastosowa\u0144, od system\u00f3w przeno\u015bnikowych po ci\u0119\u017ckie maszyny.<\/p>\n<h3 data-start=\"1434\" data-end=\"1474\">Zgodno\u015b\u0107 z normami higienicznymi<\/h3>\n<p data-start=\"1475\" data-end=\"1847\">W bran\u017cach, w kt\u00f3rych higiena jest najwa\u017cniejsza, takich jak produkcja \u017cywno\u015bci i farmaceutyk\u00f3w, n\u00f3\u017cki poziomuj\u0105ce z wrzecionami z pe\u0142nym gwintem spe\u0142niaj\u0105 surowe normy sanitarne. Ich g\u0142adkie, \u0142atwe do czyszczenia powierzchnie zapobiegaj\u0105 gromadzeniu si\u0119 brudu i bakterii, zapewniaj\u0105c zgodno\u015b\u0107 z przepisami bran\u017cowymi. Dzi\u0119ki temu s\u0105 idealnym wyborem do sprz\u0119tu u\u017cywanego w pomieszczeniach czystych.<\/p>\n<h3 data-start=\"1849\" data-end=\"1911\">Idealny wyb\u00f3r do zastosowa\u0144 przemys\u0142owych<\/h3>\n<p data-start=\"1912\" data-end=\"2236\" data-is-last-node=\"\" data-is-only-node=\"\">Stopki poziomuj\u0105ce z wrzecionami z pe\u0142nym gwintem zapewniaj\u0105 idealne po\u0142\u0105czenie stabilno\u015bci, trwa\u0142o\u015bci i \u0142atwo\u015bci u\u017cytkowania. Ich solidna konstrukcja, precyzyjna regulacja i higieniczna konstrukcja sprawiaj\u0105, \u017ce s\u0105 niezast\u0105pione w nowoczesnych warunkach przemys\u0142owych, zwi\u0119kszaj\u0105c wydajno\u015b\u0107 sprz\u0119tu i zapewniaj\u0105c zgodno\u015b\u0107 ze standardami bran\u017cowymi.<\/p>\n\n\t\t<\/div>\n\t<\/div>\n<\/div><\/div><\/div><\/div><\/div><\/section>","protected":false},"excerpt":{"rendered":"The Perfect Choice for Stability and Precision Levelling feet with rubber base for vibration reduction and anti-slip properties Our levelling feet are provided with FDA certificate (FDA CFR 21 177 2600) with unique batch ID number for food safety traceability. Try our product selector Levelling feet features and advantages Levelling feet have a rounded, hygienic [...]","protected":false},"featured_media":8501,"template":"","meta":[],"product_brand":[],"product_cat":[18],"product_tag":[],"class_list":{"0":"post-2827","1":"product","2":"type-product","3":"status-publish","4":"has-post-thumbnail","6":"product_cat-stainless-steel-machine-levelling-feet","8":"first","9":"instock","10":"shipping-taxable","11":"product-type-simple"},"yoast_head":"<!-- This site is optimized with the Yoast SEO plugin v27.3 - https:\/\/yoast.com\/product\/yoast-seo-wordpress\/ -->\n<title>Levelling feet with fully-threaded spindle | NHK Machinery Parts<\/title>\n<meta name=\"description\" content=\"Boost the efficiency and durability of your machinery with levelling feet featuring a fully-threaded spindle, delivering reliable load distribution.\" \/>\n<meta name=\"robots\" content=\"index, follow, max-snippet:-1, max-image-preview:large, max-video-preview:-1\" \/>\n<link rel=\"canonical\" href=\"https:\/\/nhkmachineryparts.com\/pl\/produkt\/stopki-poziomujace-w-konstrukcji-higienicznej-hlf-z-w-pelni-gwintowanym-wrzecionem\/\" \/>\n<meta property=\"og:locale\" content=\"pl_PL\" \/>\n<meta property=\"og:type\" content=\"article\" \/>\n<meta property=\"og:title\" content=\"Levelling feet with fully-threaded spindle | NHK Machinery Parts\" \/>\n<meta property=\"og:description\" content=\"Boost the efficiency and durability of your machinery with levelling feet featuring a fully-threaded spindle, delivering reliable load distribution.\" \/>\n<meta property=\"og:url\" content=\"https:\/\/nhkmachineryparts.com\/pl\/produkt\/stopki-poziomujace-w-konstrukcji-higienicznej-hlf-z-w-pelni-gwintowanym-wrzecionem\/\" \/>\n<meta property=\"og:site_name\" content=\"NHK Machinery Parts\" \/>\n<meta property=\"article:publisher\" content=\"https:\/\/www.facebook.com\/NHK.Group.aps\" \/>\n<meta property=\"article:modified_time\" content=\"2026-02-23T12:42:51+00:00\" \/>\n<meta property=\"og:image\" content=\"https:\/\/nhkmachineryparts.com\/wp-content\/uploads\/2023\/01\/Levelling-feet-in-hygienic-design-HLF-with-fully-threaded-spindle.jpg\" \/>\n\t<meta property=\"og:image:width\" content=\"1000\" \/>\n\t<meta property=\"og:image:height\" content=\"1000\" \/>\n\t<meta property=\"og:image:type\" content=\"image\/jpeg\" \/>\n<meta name=\"twitter:card\" content=\"summary_large_image\" \/>\n<meta name=\"twitter:label1\" content=\"Szacowany czas czytania\" \/>\n\t<meta name=\"twitter:data1\" content=\"3 minuty\" \/>\n<script type=\"application\/ld+json\" class=\"yoast-schema-graph\">{\"@context\":\"https:\\\/\\\/schema.org\",\"@graph\":[{\"@type\":\"WebPage\",\"@id\":\"https:\\\/\\\/nhkmachineryparts.com\\\/product\\\/levelling-feet-in-hygienic-design-hlf-with-fully-threaded-spindle\\\/\",\"url\":\"https:\\\/\\\/nhkmachineryparts.com\\\/product\\\/levelling-feet-in-hygienic-design-hlf-with-fully-threaded-spindle\\\/\",\"name\":\"Levelling feet with fully-threaded spindle | NHK Machinery Parts\",\"isPartOf\":{\"@id\":\"https:\\\/\\\/nhkmachineryparts.com\\\/#website\"},\"primaryImageOfPage\":{\"@id\":\"https:\\\/\\\/nhkmachineryparts.com\\\/product\\\/levelling-feet-in-hygienic-design-hlf-with-fully-threaded-spindle\\\/#primaryimage\"},\"image\":{\"@id\":\"https:\\\/\\\/nhkmachineryparts.com\\\/product\\\/levelling-feet-in-hygienic-design-hlf-with-fully-threaded-spindle\\\/#primaryimage\"},\"thumbnailUrl\":\"https:\\\/\\\/nhkmachineryparts.com\\\/wp-content\\\/uploads\\\/2023\\\/01\\\/Levelling-feet-in-hygienic-design-HLF-with-fully-threaded-spindle.jpg\",\"datePublished\":\"2023-01-07T19:55:53+00:00\",\"dateModified\":\"2026-02-23T12:42:51+00:00\",\"description\":\"Boost the efficiency and durability of your machinery with levelling feet featuring a fully-threaded spindle, delivering reliable load distribution.\",\"breadcrumb\":{\"@id\":\"https:\\\/\\\/nhkmachineryparts.com\\\/product\\\/levelling-feet-in-hygienic-design-hlf-with-fully-threaded-spindle\\\/#breadcrumb\"},\"inLanguage\":\"pl-PL\",\"potentialAction\":[{\"@type\":\"ReadAction\",\"target\":[\"https:\\\/\\\/nhkmachineryparts.com\\\/product\\\/levelling-feet-in-hygienic-design-hlf-with-fully-threaded-spindle\\\/\"]}]},{\"@type\":\"ImageObject\",\"inLanguage\":\"pl-PL\",\"@id\":\"https:\\\/\\\/nhkmachineryparts.com\\\/product\\\/levelling-feet-in-hygienic-design-hlf-with-fully-threaded-spindle\\\/#primaryimage\",\"url\":\"https:\\\/\\\/nhkmachineryparts.com\\\/wp-content\\\/uploads\\\/2023\\\/01\\\/Levelling-feet-in-hygienic-design-HLF-with-fully-threaded-spindle.jpg\",\"contentUrl\":\"https:\\\/\\\/nhkmachineryparts.com\\\/wp-content\\\/uploads\\\/2023\\\/01\\\/Levelling-feet-in-hygienic-design-HLF-with-fully-threaded-spindle.jpg\",\"width\":1000,\"height\":1000,\"caption\":\"Levelling feet in hygienic design HLF with fully-threaded spindle\"},{\"@type\":\"BreadcrumbList\",\"@id\":\"https:\\\/\\\/nhkmachineryparts.com\\\/product\\\/levelling-feet-in-hygienic-design-hlf-with-fully-threaded-spindle\\\/#breadcrumb\",\"itemListElement\":[{\"@type\":\"ListItem\",\"position\":1,\"name\":\"Home\",\"item\":\"https:\\\/\\\/nhkmachineryparts.com\\\/\"},{\"@type\":\"ListItem\",\"position\":2,\"name\":\"Product line\",\"item\":\"https:\\\/\\\/nhkmachineryparts.com\\\/product-line\\\/\"},{\"@type\":\"ListItem\",\"position\":3,\"name\":\"Industrial machine leveling feet in stainless steel\",\"item\":\"https:\\\/\\\/nhkmachineryparts.com\\\/product-line\\\/stainless-steel-machine-levelling-feet\\\/\"},{\"@type\":\"ListItem\",\"position\":4,\"name\":\"Levelling feet with fully-threaded spindle\"}]},{\"@type\":\"WebSite\",\"@id\":\"https:\\\/\\\/nhkmachineryparts.com\\\/#website\",\"url\":\"https:\\\/\\\/nhkmachineryparts.com\\\/\",\"name\":\"NHK Machinery Parts\",\"description\":\"Bearing Houses, seismic levelling feet and levelling castors\",\"publisher\":{\"@id\":\"https:\\\/\\\/nhkmachineryparts.com\\\/#organization\"},\"potentialAction\":[{\"@type\":\"SearchAction\",\"target\":{\"@type\":\"EntryPoint\",\"urlTemplate\":\"https:\\\/\\\/nhkmachineryparts.com\\\/?s={search_term_string}\"},\"query-input\":{\"@type\":\"PropertyValueSpecification\",\"valueRequired\":true,\"valueName\":\"search_term_string\"}}],\"inLanguage\":\"pl-PL\"},{\"@type\":\"Organization\",\"@id\":\"https:\\\/\\\/nhkmachineryparts.com\\\/#organization\",\"name\":\"Nhk Group ApS\",\"url\":\"https:\\\/\\\/nhkmachineryparts.com\\\/\",\"logo\":{\"@type\":\"ImageObject\",\"inLanguage\":\"pl-PL\",\"@id\":\"https:\\\/\\\/nhkmachineryparts.com\\\/#\\\/schema\\\/logo\\\/image\\\/\",\"url\":\"https:\\\/\\\/nhkmachineryparts.com\\\/wp-content\\\/uploads\\\/2022\\\/09\\\/NHKgroup_social.jpg\",\"contentUrl\":\"https:\\\/\\\/nhkmachineryparts.com\\\/wp-content\\\/uploads\\\/2022\\\/09\\\/NHKgroup_social.jpg\",\"width\":1200,\"height\":630,\"caption\":\"Nhk Group ApS\"},\"image\":{\"@id\":\"https:\\\/\\\/nhkmachineryparts.com\\\/#\\\/schema\\\/logo\\\/image\\\/\"},\"sameAs\":[\"https:\\\/\\\/www.facebook.com\\\/NHK.Group.aps\"]}]}<\/script>\n<!-- \/ Yoast SEO plugin. -->","yoast_head_json":{"title":"N\u00f3\u017cki poziomuj\u0105ce z wrzecionem z pe\u0142nym gwintem | NHK Machinery Parts","description":"Zwi\u0119ksz wydajno\u015b\u0107 i trwa\u0142o\u015b\u0107 swoich maszyn za pomoc\u0105 n\u00f3\u017cek poziomuj\u0105cych wyposa\u017conych w wrzeciono z pe\u0142nym gwintem, kt\u00f3re gwarantuj\u0105 niezawodne roz\u0142o\u017cenie obci\u0105\u017cenia.","robots":{"index":"index","follow":"follow","max-snippet":"max-snippet:-1","max-image-preview":"max-image-preview:large","max-video-preview":"max-video-preview:-1"},"canonical":"https:\/\/nhkmachineryparts.com\/pl\/produkt\/stopki-poziomujace-w-konstrukcji-higienicznej-hlf-z-w-pelni-gwintowanym-wrzecionem\/","og_locale":"pl_PL","og_type":"article","og_title":"Levelling feet with fully-threaded spindle | NHK Machinery Parts","og_description":"Boost the efficiency and durability of your machinery with levelling feet featuring a fully-threaded spindle, delivering reliable load distribution.","og_url":"https:\/\/nhkmachineryparts.com\/pl\/produkt\/stopki-poziomujace-w-konstrukcji-higienicznej-hlf-z-w-pelni-gwintowanym-wrzecionem\/","og_site_name":"NHK Machinery Parts","article_publisher":"https:\/\/www.facebook.com\/NHK.Group.aps","article_modified_time":"2026-02-23T12:42:51+00:00","og_image":[{"width":1000,"height":1000,"url":"https:\/\/nhkmachineryparts.com\/wp-content\/uploads\/2023\/01\/Levelling-feet-in-hygienic-design-HLF-with-fully-threaded-spindle.jpg","type":"image\/jpeg"}],"twitter_card":"summary_large_image","twitter_misc":{"Szacowany czas czytania":"3 minuty"},"schema":{"@context":"https:\/\/schema.org","@graph":[{"@type":"WebPage","@id":"https:\/\/nhkmachineryparts.com\/product\/levelling-feet-in-hygienic-design-hlf-with-fully-threaded-spindle\/","url":"https:\/\/nhkmachineryparts.com\/product\/levelling-feet-in-hygienic-design-hlf-with-fully-threaded-spindle\/","name":"N\u00f3\u017cki poziomuj\u0105ce z wrzecionem z pe\u0142nym gwintem | NHK Machinery Parts","isPartOf":{"@id":"https:\/\/nhkmachineryparts.com\/#website"},"primaryImageOfPage":{"@id":"https:\/\/nhkmachineryparts.com\/product\/levelling-feet-in-hygienic-design-hlf-with-fully-threaded-spindle\/#primaryimage"},"image":{"@id":"https:\/\/nhkmachineryparts.com\/product\/levelling-feet-in-hygienic-design-hlf-with-fully-threaded-spindle\/#primaryimage"},"thumbnailUrl":"https:\/\/nhkmachineryparts.com\/wp-content\/uploads\/2023\/01\/Levelling-feet-in-hygienic-design-HLF-with-fully-threaded-spindle.jpg","datePublished":"2023-01-07T19:55:53+00:00","dateModified":"2026-02-23T12:42:51+00:00","description":"Zwi\u0119ksz wydajno\u015b\u0107 i trwa\u0142o\u015b\u0107 swoich maszyn za pomoc\u0105 n\u00f3\u017cek poziomuj\u0105cych wyposa\u017conych w wrzeciono z pe\u0142nym gwintem, kt\u00f3re gwarantuj\u0105 niezawodne roz\u0142o\u017cenie obci\u0105\u017cenia.","breadcrumb":{"@id":"https:\/\/nhkmachineryparts.com\/product\/levelling-feet-in-hygienic-design-hlf-with-fully-threaded-spindle\/#breadcrumb"},"inLanguage":"pl-PL","potentialAction":[{"@type":"ReadAction","target":["https:\/\/nhkmachineryparts.com\/product\/levelling-feet-in-hygienic-design-hlf-with-fully-threaded-spindle\/"]}]},{"@type":"ImageObject","inLanguage":"pl-PL","@id":"https:\/\/nhkmachineryparts.com\/product\/levelling-feet-in-hygienic-design-hlf-with-fully-threaded-spindle\/#primaryimage","url":"https:\/\/nhkmachineryparts.com\/wp-content\/uploads\/2023\/01\/Levelling-feet-in-hygienic-design-HLF-with-fully-threaded-spindle.jpg","contentUrl":"https:\/\/nhkmachineryparts.com\/wp-content\/uploads\/2023\/01\/Levelling-feet-in-hygienic-design-HLF-with-fully-threaded-spindle.jpg","width":1000,"height":1000,"caption":"Levelling feet in hygienic design HLF with fully-threaded spindle"},{"@type":"BreadcrumbList","@id":"https:\/\/nhkmachineryparts.com\/product\/levelling-feet-in-hygienic-design-hlf-with-fully-threaded-spindle\/#breadcrumb","itemListElement":[{"@type":"ListItem","position":1,"name":"Home","item":"https:\/\/nhkmachineryparts.com\/"},{"@type":"ListItem","position":2,"name":"Product line","item":"https:\/\/nhkmachineryparts.com\/product-line\/"},{"@type":"ListItem","position":3,"name":"Industrial machine leveling feet in stainless steel","item":"https:\/\/nhkmachineryparts.com\/product-line\/stainless-steel-machine-levelling-feet\/"},{"@type":"ListItem","position":4,"name":"Levelling feet with fully-threaded spindle"}]},{"@type":"WebSite","@id":"https:\/\/nhkmachineryparts.com\/#website","url":"https:\/\/nhkmachineryparts.com\/","name":"Cz\u0119\u015bci maszyn NHK","description":"Obudowy \u0142o\u017cyskowe, sejsmiczne stopy poziomuj\u0105ce i k\u00f3\u0142ka poziomuj\u0105ce","publisher":{"@id":"https:\/\/nhkmachineryparts.com\/#organization"},"potentialAction":[{"@type":"SearchAction","target":{"@type":"EntryPoint","urlTemplate":"https:\/\/nhkmachineryparts.com\/?s={search_term_string}"},"query-input":{"@type":"PropertyValueSpecification","valueRequired":true,"valueName":"search_term_string"}}],"inLanguage":"pl-PL"},{"@type":"Organization","@id":"https:\/\/nhkmachineryparts.com\/#organization","name":"ApS Grupy Nhk","url":"https:\/\/nhkmachineryparts.com\/","logo":{"@type":"ImageObject","inLanguage":"pl-PL","@id":"https:\/\/nhkmachineryparts.com\/#\/schema\/logo\/image\/","url":"https:\/\/nhkmachineryparts.com\/wp-content\/uploads\/2022\/09\/NHKgroup_social.jpg","contentUrl":"https:\/\/nhkmachineryparts.com\/wp-content\/uploads\/2022\/09\/NHKgroup_social.jpg","width":1200,"height":630,"caption":"Nhk Group ApS"},"image":{"@id":"https:\/\/nhkmachineryparts.com\/#\/schema\/logo\/image\/"},"sameAs":["https:\/\/www.facebook.com\/NHK.Group.aps"]}]}},"_links":{"self":[{"href":"https:\/\/nhkmachineryparts.com\/pl\/wp-json\/wp\/v2\/product\/2827","targetHints":{"allow":["GET"]}}],"collection":[{"href":"https:\/\/nhkmachineryparts.com\/pl\/wp-json\/wp\/v2\/product"}],"about":[{"href":"https:\/\/nhkmachineryparts.com\/pl\/wp-json\/wp\/v2\/types\/product"}],"wp:featuredmedia":[{"embeddable":true,"href":"https:\/\/nhkmachineryparts.com\/pl\/wp-json\/wp\/v2\/media\/8501"}],"wp:attachment":[{"href":"https:\/\/nhkmachineryparts.com\/pl\/wp-json\/wp\/v2\/media?parent=2827"}],"wp:term":[{"taxonomy":"product_brand","embeddable":true,"href":"https:\/\/nhkmachineryparts.com\/pl\/wp-json\/wp\/v2\/product_brand?post=2827"},{"taxonomy":"product_cat","embeddable":true,"href":"https:\/\/nhkmachineryparts.com\/pl\/wp-json\/wp\/v2\/product_cat?post=2827"},{"taxonomy":"product_tag","embeddable":true,"href":"https:\/\/nhkmachineryparts.com\/pl\/wp-json\/wp\/v2\/product_tag?post=2827"}],"curies":[{"name":"wp","href":"https:\/\/api.w.org\/{rel}","templated":true}]}}