{"id":2079,"date":"2022-09-30T18:36:50","date_gmt":"2022-09-30T18:36:50","guid":{"rendered":"https:\/\/nhkmachineryparts.pawsfabrik.dk\/?post_type=product&#038;p=2079"},"modified":"2026-02-23T14:44:28","modified_gmt":"2026-02-23T12:44:28","slug":"343-nakretki-higieniczne","status":"publish","type":"product","link":"https:\/\/nhkmachineryparts.com\/pl\/product\/343-hygienic-nuts\/","title":{"rendered":"Higieniczne nakr\u0119tki ze stali nierdzewnej"},"content":{"rendered":"<section class=\"vc_row vc_custom_1662993827263 liquid-row-shadowbox-69d4a7483c853 vc_column-gap-0\"><div class=\"ld-container container\"><div class=\"row ld-row ld-row-outer\"><div class=\"wpb_column vc_column_container vc_col-sm-12 liquid-column-69d4a7483c9c3\"><div class=\"vc_column-inner\" ><div class=\"wpb_wrapper\"  >\n\t<div class=\"wpb_text_column wpb_content_element\" >\n\t\t<div class=\"wpb_wrapper\">\n\t\t\t<h2>Higieniczne nakr\u0119tki ze stali nierdzewnej<\/h2>\n<p>Higieniczna nakr\u0119tka ze stali nierdzewnej (Aisi 1.4301)<br \/>\nNakr\u0119tka higieniczna M10-L25 \u2013 M=M10 \u2013 L=25,0 \u2013 H=20 \u2013 \u00d8D=20<br \/>\nNakr\u0119tka higieniczna M10-L35 \u2013 M=M10 \u2013 L=35,0 \u2013 H=30 \u2013 \u00d8D=20<\/p>\n<h2>Opr\u00f3cz naszych standardowych nakr\u0119tek dostarczamy r\u00f3wnie\u017c nakr\u0119tki niestandardowe.<\/h2>\n<p><a href=\"https:\/\/nhkmachineryparts.com\/pl\/linia-produkcyjna-2\/kategoria\/50-higienicznych-czesci-przenosnika-w-konstrukcji-ze-stali-nierdzewnej\/\">Elementy maszyn w wykonaniu higienicznym<\/a><\/p>\n<p><a href=\"https:\/\/nhkmachineryparts.com\/pl\/kontakt\/\">W przypadku innego rozmiaru prosimy o kontakt.<\/a><\/p>\n<h2>Nakr\u0119tki higieniczne ze stali nierdzewnej<\/h2>\n<h3>Podnoszenie standard\u00f3w sanitarnych w zastosowaniach przemys\u0142owych<\/h3>\n<p>W <a href=\"https:\/\/nhkmachineryparts.com\/pl\/our-industries\/\" data-internallinksmanager029f6b8e52c=\"4\" title=\"Nasze bran\u017ce\">bran\u017ce<\/a> podobnie jak w przetw\u00f3rstwie \u017cywno\u015bci, przemy\u015ble farmaceutycznym i biotechnologii, utrzymanie wysokich standard\u00f3w higienicznych jest niepodlegaj\u0105ce negocjacjom. Nakr\u0119tki higieniczne ze stali nierdzewnej to kluczowe komponenty zaprojektowane tak, aby spe\u0142nia\u0107 surowe wymagania sanitarne tych bran\u017c. Ich innowacyjna konstrukcja minimalizuje ryzyko ska\u017cenia, zapewniaj\u0105c jednocze\u015bnie niezawodno\u015b\u0107 mechaniczn\u0105 w trudnych warunkach.<\/p>\n<hr \/>\n<h2>Dlaczego stal nierdzewna jest odpowiednia do nakr\u0119tek higienicznych?<\/h2>\n<h3>Odporno\u015b\u0107 na korozj\u0119 i trwa\u0142o\u015b\u0107<\/h3>\n<p>Stal nierdzewna jest znana ze swojej doskona\u0142ej odporno\u015bci na korozj\u0119, co czyni j\u0105 idealnym materia\u0142em na nakr\u0119tki higieniczne. Nakr\u0119tki te s\u0105 zaprojektowane tak, aby wytrzyma\u0107 agresywne \u015brodki czyszcz\u0105ce, mycie pod wysokim ci\u015bnieniem i ekstremalne temperatury bez degradacji. Ta trwa\u0142o\u015b\u0107 zmniejsza koszty konserwacji i zapewnia d\u0142ugoterminow\u0105 wydajno\u015b\u0107.<\/p>\n<h3>G\u0142adka powierzchnia<\/h3>\n<p>G\u0142adka powierzchnia nakr\u0119tek higienicznych ze stali nierdzewnej zapobiega gromadzeniu si\u0119 brudu, bakterii i innych zanieczyszcze\u0144. Ta cecha jest krytyczna w \u015brodowiskach, w kt\u00f3rych czysto\u015b\u0107 jest najwa\u017cniejsza, takich jak zak\u0142ady przetw\u00f3rstwa \u017cywno\u015bci i zak\u0142ady farmaceutyczne.<\/p>\n<h3>Zgodno\u015b\u0107 ze standardami bran\u017cowymi<\/h3>\n<p>Nakr\u0119tki higieniczne s\u0105 cz\u0119sto produkowane zgodnie z mi\u0119dzynarodowymi normami higienicznymi, w tym <a href=\"https:\/\/nhkmachineryparts.com\/pl\/jaka-jest-roznica-miedzy-3a-a-ehedg\/\" data-internallinksmanager029f6b8e52c=\"2\" title=\"Cz\u0119\u015bci maszyn z certyfikatem EHEDG\">EHEDG<\/a> i certyfikaty 3-A. Certyfikaty te zapewniaj\u0105, \u017ce orzechy spe\u0142niaj\u0105 rygorystyczne wymagania sanitarne, zapewniaj\u0105c spok\u00f3j ducha bran\u017com, kt\u00f3re stawiaj\u0105 bezpiecze\u0144stwo i czysto\u015b\u0107 na pierwszym miejscu.<\/p>\n<hr \/>\n<h2>Zastosowania nakr\u0119tek higienicznych w stali nierdzewnej<\/h2>\n<h3>Przetw\u00f3rstwo \u017cywno\u015bci i napoj\u00f3w<\/h3>\n<p>Nakr\u0119tki higieniczne s\u0105 szeroko stosowane w urz\u0105dzeniach do przetwarzania \u017cywno\u015bci i napoj\u00f3w, takich jak przeno\u015bniki, miksery i maszyny pakuj\u0105ce. Ich zdolno\u015b\u0107 do wytrzymywania substancji \u017cr\u0105cych, takich jak s\u00f3l, cukier i kwa\u015bne sk\u0142adniki, czyni je niezb\u0119dnymi.<\/p>\n<h3>Przemys\u0142 farmaceutyczny i biotechnologiczny<\/h3>\n<p>W zastosowaniach farmaceutycznych i biotechnologicznych, gdzie sterylno\u015b\u0107 jest krytyczna, nakr\u0119tki higieniczne odgrywaj\u0105 kluczow\u0105 rol\u0119. S\u0105 powszechnie stosowane w maszynach do produkcji tabletek, nape\u0142niania p\u0142ynem i produkcji szczepionek, zapewniaj\u0105c operacje wolne od zanieczyszcze\u0144.<\/p>\n<h3>Produkcja chemiczna i kosmetyczna<\/h3>\n<p>Nakr\u0119tki higieniczne s\u0105 r\u00f3wnie\u017c cenne w produkcji chemicznej i kosmetycznej, gdzie cz\u0119ste czyszczenie i nara\u017cenie na agresywne chemikalia s\u0105 rutyn\u0105. Ich odporno\u015b\u0107 na korozj\u0119 chemiczn\u0105 zapewnia zar\u00f3wno bezpiecze\u0144stwo, jak i trwa\u0142o\u015b\u0107.<\/p>\n<hr \/>\n<h2>Zalety nakr\u0119tek higienicznych ze stali nierdzewnej<\/h2>\n<h3>Zwi\u0119kszona \u0142atwo\u015b\u0107 czyszczenia<\/h3>\n<p>Nakr\u0119tki higieniczne s\u0105 zaprojektowane z zaokr\u0105glonymi kraw\u0119dziami i g\u0142adkimi powierzchniami, co umo\u017cliwia \u0142atwe czyszczenie i zapobiega rozwojowi bakterii. Ta cecha jest szczeg\u00f3lnie korzystna w systemach CIP (Clean-in-Place) i SIP (Sterilize-in-Place).<\/p>\n<h3>Wysoka wytrzyma\u0142o\u015b\u0107 i no\u015bno\u015b\u0107<\/h3>\n<p>Nakr\u0119tki higieniczne ze stali nierdzewnej s\u0105 zaprojektowane tak, aby zapewni\u0107 wysok\u0105 wytrzyma\u0142o\u015b\u0107 mechaniczn\u0105, dzi\u0119ki czemu nadaj\u0105 si\u0119 do ci\u0119\u017ckich zastosowa\u0144. Zapewniaj\u0105 niezawodne rozwi\u0105zania mocuj\u0105ce bez uszczerbku dla higieny.<\/p>\n<h3>Przyjazne dla \u015brodowiska i nadaj\u0105ce si\u0119 do recyklingu<\/h3>\n<p>Stal nierdzewna jest materia\u0142em przyjaznym dla \u015brodowiska, poniewa\u017c jest w pe\u0142ni poddawana recyklingowi. Higieniczne nakr\u0119tki wykonane ze stali nierdzewnej przyczyniaj\u0105 si\u0119 do zr\u00f3wnowa\u017conych praktyk poprzez redukcj\u0119 odpad\u00f3w i wp\u0142ywu na \u015brodowisko.<\/p>\n<hr \/>\n<h2>Kluczowe kwestie przy wyborze nakr\u0119tek higienicznych<\/h2>\n<ol>\n<li><strong>Gatunek materia\u0142u<\/strong>: Wybierz odpowiedni gatunek stali nierdzewnej, np. 304 lub 316, w zale\u017cno\u015bci od zastosowania. Stal nierdzewna 316 charakteryzuje si\u0119 zwi\u0119kszon\u0105 odporno\u015bci\u0105 na chlorki i idealnie nadaje si\u0119 do trudnych warunk\u00f3w.<\/li>\n<li><strong>Certyfikaty<\/strong>: Upewnij si\u0119, \u017ce orzechy spe\u0142niaj\u0105 odpowiednie standardy higieniczne, takie jak wytyczne EHEDG lub FDA.<\/li>\n<li><strong>Wyko\u0144czenie powierzchni<\/strong>: Wybierz wyko\u0144czenie polerowane lub elektropolerowane, aby zapewni\u0107 lepsz\u0105 czysto\u015b\u0107 i zmniejszy\u0107 ryzyko zanieczyszczenia.<\/li>\n<li><strong>Rozmiar i kompatybilno\u015b\u0107<\/strong>: Wybierz nakr\u0119tki, kt\u00f3re idealnie pasuj\u0105 do Twoich istniej\u0105cych maszyn i komponent\u00f3w.<\/li>\n<\/ol>\n<hr \/>\n<h2>Podnie\u015b standardy higieny dzi\u0119ki nakr\u0119tkom higienicznym ze stali nierdzewnej<\/h2>\n<p>Nakr\u0119tki higieniczne ze stali nierdzewnej s\u0105 niezb\u0119dnym elementem w bran\u017cach, w kt\u00f3rych czysto\u015b\u0107, trwa\u0142o\u015b\u0107 i bezpiecze\u0144stwo s\u0105 priorytetami. Inwestuj\u0105c w te wysokiej jako\u015bci elementy z\u0142\u0105czne, firmy mog\u0105 zwi\u0119kszy\u0107 swoj\u0105 wydajno\u015b\u0107 operacyjn\u0105, przestrzega\u0107 rygorystycznych przepis\u00f3w higienicznych i zapewni\u0107 integralno\u015b\u0107 produktu. Niezale\u017cnie od tego, czy chodzi o przetw\u00f3rstwo \u017cywno\u015bci, farmaceutyki czy kosmetyki, nakr\u0119tki higieniczne ze stali nierdzewnej s\u0105 niezawodnym wyborem do utrzymania najwy\u017cszych standard\u00f3w sanitarnych.<\/p>\n\n\t\t<\/div>\n\t<\/div>\n<\/div><\/div><\/div><\/div><\/div><\/section>","protected":false},"excerpt":{"rendered":"Hygienic nuts in stainless steel Hygienic nut in stainless steel (Aisi 1.4301) Hygienic nut M10-L25 - M=M10 \u2013 L=25.0 \u2013 H=20 \u2013 \u00d8D=20 Hygienic nut M10-L35 - M=M10 \u2013 L=35.0 \u2013 H=30 \u2013 \u00d8D=20 In addition to our standard nuts, we also supply customized nuts. Machinery components in hygienic design For other size, please contact [...]","protected":false},"featured_media":8582,"template":"","meta":[],"product_brand":[],"product_cat":[64],"product_tag":[],"class_list":{"0":"post-2079","1":"product","2":"type-product","3":"status-publish","4":"has-post-thumbnail","6":"product_cat-hygienic-machinery-components-in-stainless-steel","8":"first","9":"instock","10":"shipping-taxable","11":"product-type-simple"},"yoast_head":"<!-- This site is optimized with the Yoast SEO plugin v27.3 - https:\/\/yoast.com\/product\/yoast-seo-wordpress\/ -->\n<title>Hygienic nuts in stainless steel | NHK Machinery Parts<\/title>\n<meta name=\"description\" content=\"Benefits of hygienic nuts in stainless steel, designed to meet the highest sanitary standards for food processing and other sanitary industries.\" \/>\n<meta name=\"robots\" content=\"index, follow, max-snippet:-1, max-image-preview:large, max-video-preview:-1\" \/>\n<link rel=\"canonical\" href=\"https:\/\/nhkmachineryparts.com\/pl\/produkt\/343-nakretki-higieniczne\/\" \/>\n<meta property=\"og:locale\" content=\"pl_PL\" \/>\n<meta property=\"og:type\" content=\"article\" \/>\n<meta property=\"og:title\" content=\"Hygienic nuts in stainless steel | NHK Machinery Parts\" \/>\n<meta property=\"og:description\" content=\"Benefits of hygienic nuts in stainless steel, designed to meet the highest sanitary standards for food processing and other sanitary industries.\" \/>\n<meta property=\"og:url\" content=\"https:\/\/nhkmachineryparts.com\/pl\/produkt\/343-nakretki-higieniczne\/\" \/>\n<meta property=\"og:site_name\" content=\"NHK Machinery Parts\" \/>\n<meta property=\"article:publisher\" content=\"https:\/\/www.facebook.com\/NHK.Group.aps\" \/>\n<meta property=\"article:modified_time\" content=\"2026-02-23T12:44:28+00:00\" \/>\n<meta property=\"og:image\" content=\"https:\/\/nhkmachineryparts.com\/wp-content\/uploads\/2022\/09\/Hygienic-nuts-in-stainless-steel.jpg\" \/>\n\t<meta property=\"og:image:width\" content=\"1000\" \/>\n\t<meta property=\"og:image:height\" content=\"1000\" \/>\n\t<meta property=\"og:image:type\" content=\"image\/jpeg\" \/>\n<meta name=\"twitter:card\" content=\"summary_large_image\" \/>\n<meta name=\"twitter:label1\" content=\"Szacowany czas czytania\" \/>\n\t<meta name=\"twitter:data1\" content=\"3 minuty\" \/>\n<script type=\"application\/ld+json\" class=\"yoast-schema-graph\">{\"@context\":\"https:\\\/\\\/schema.org\",\"@graph\":[{\"@type\":\"WebPage\",\"@id\":\"https:\\\/\\\/nhkmachineryparts.com\\\/product\\\/343-hygienic-nuts\\\/\",\"url\":\"https:\\\/\\\/nhkmachineryparts.com\\\/product\\\/343-hygienic-nuts\\\/\",\"name\":\"Hygienic nuts in stainless steel | NHK Machinery Parts\",\"isPartOf\":{\"@id\":\"https:\\\/\\\/nhkmachineryparts.com\\\/#website\"},\"primaryImageOfPage\":{\"@id\":\"https:\\\/\\\/nhkmachineryparts.com\\\/product\\\/343-hygienic-nuts\\\/#primaryimage\"},\"image\":{\"@id\":\"https:\\\/\\\/nhkmachineryparts.com\\\/product\\\/343-hygienic-nuts\\\/#primaryimage\"},\"thumbnailUrl\":\"https:\\\/\\\/nhkmachineryparts.com\\\/wp-content\\\/uploads\\\/2022\\\/09\\\/Hygienic-nuts-in-stainless-steel.jpg\",\"datePublished\":\"2022-09-30T18:36:50+00:00\",\"dateModified\":\"2026-02-23T12:44:28+00:00\",\"description\":\"Benefits of hygienic nuts in stainless steel, designed to meet the highest sanitary standards for food processing and other sanitary industries.\",\"breadcrumb\":{\"@id\":\"https:\\\/\\\/nhkmachineryparts.com\\\/product\\\/343-hygienic-nuts\\\/#breadcrumb\"},\"inLanguage\":\"pl-PL\",\"potentialAction\":[{\"@type\":\"ReadAction\",\"target\":[\"https:\\\/\\\/nhkmachineryparts.com\\\/product\\\/343-hygienic-nuts\\\/\"]}]},{\"@type\":\"ImageObject\",\"inLanguage\":\"pl-PL\",\"@id\":\"https:\\\/\\\/nhkmachineryparts.com\\\/product\\\/343-hygienic-nuts\\\/#primaryimage\",\"url\":\"https:\\\/\\\/nhkmachineryparts.com\\\/wp-content\\\/uploads\\\/2022\\\/09\\\/Hygienic-nuts-in-stainless-steel.jpg\",\"contentUrl\":\"https:\\\/\\\/nhkmachineryparts.com\\\/wp-content\\\/uploads\\\/2022\\\/09\\\/Hygienic-nuts-in-stainless-steel.jpg\",\"width\":1000,\"height\":1000,\"caption\":\"Hygienic nuts in stainless steel\"},{\"@type\":\"BreadcrumbList\",\"@id\":\"https:\\\/\\\/nhkmachineryparts.com\\\/product\\\/343-hygienic-nuts\\\/#breadcrumb\",\"itemListElement\":[{\"@type\":\"ListItem\",\"position\":1,\"name\":\"Home\",\"item\":\"https:\\\/\\\/nhkmachineryparts.com\\\/\"},{\"@type\":\"ListItem\",\"position\":2,\"name\":\"Product line\",\"item\":\"https:\\\/\\\/nhkmachineryparts.com\\\/product-line\\\/\"},{\"@type\":\"ListItem\",\"position\":3,\"name\":\"Hygienic machinery components in stainless steel\",\"item\":\"https:\\\/\\\/nhkmachineryparts.com\\\/product-line\\\/hygienic-machinery-components-in-stainless-steel\\\/\"},{\"@type\":\"ListItem\",\"position\":4,\"name\":\"Hygienic nuts in stainless steel\"}]},{\"@type\":\"WebSite\",\"@id\":\"https:\\\/\\\/nhkmachineryparts.com\\\/#website\",\"url\":\"https:\\\/\\\/nhkmachineryparts.com\\\/\",\"name\":\"NHK Machinery Parts\",\"description\":\"Bearing Houses, seismic levelling feet and levelling castors\",\"publisher\":{\"@id\":\"https:\\\/\\\/nhkmachineryparts.com\\\/#organization\"},\"potentialAction\":[{\"@type\":\"SearchAction\",\"target\":{\"@type\":\"EntryPoint\",\"urlTemplate\":\"https:\\\/\\\/nhkmachineryparts.com\\\/?s={search_term_string}\"},\"query-input\":{\"@type\":\"PropertyValueSpecification\",\"valueRequired\":true,\"valueName\":\"search_term_string\"}}],\"inLanguage\":\"pl-PL\"},{\"@type\":\"Organization\",\"@id\":\"https:\\\/\\\/nhkmachineryparts.com\\\/#organization\",\"name\":\"Nhk Group ApS\",\"url\":\"https:\\\/\\\/nhkmachineryparts.com\\\/\",\"logo\":{\"@type\":\"ImageObject\",\"inLanguage\":\"pl-PL\",\"@id\":\"https:\\\/\\\/nhkmachineryparts.com\\\/#\\\/schema\\\/logo\\\/image\\\/\",\"url\":\"https:\\\/\\\/nhkmachineryparts.com\\\/wp-content\\\/uploads\\\/2022\\\/09\\\/NHKgroup_social.jpg\",\"contentUrl\":\"https:\\\/\\\/nhkmachineryparts.com\\\/wp-content\\\/uploads\\\/2022\\\/09\\\/NHKgroup_social.jpg\",\"width\":1200,\"height\":630,\"caption\":\"Nhk Group ApS\"},\"image\":{\"@id\":\"https:\\\/\\\/nhkmachineryparts.com\\\/#\\\/schema\\\/logo\\\/image\\\/\"},\"sameAs\":[\"https:\\\/\\\/www.facebook.com\\\/NHK.Group.aps\"]}]}<\/script>\n<!-- \/ Yoast SEO plugin. -->","yoast_head_json":{"title":"Higieniczne nakr\u0119tki ze stali nierdzewnej | Cz\u0119\u015bci maszyn NHK","description":"Zalety nakr\u0119tek higienicznych ze stali nierdzewnej, zaprojektowanych tak, aby spe\u0142nia\u0107 najwy\u017csze standardy sanitarne w przetw\u00f3rstwie \u017cywno\u015bci i innych ga\u0142\u0119ziach przemys\u0142u sanitarnego.","robots":{"index":"index","follow":"follow","max-snippet":"max-snippet:-1","max-image-preview":"max-image-preview:large","max-video-preview":"max-video-preview:-1"},"canonical":"https:\/\/nhkmachineryparts.com\/pl\/produkt\/343-nakretki-higieniczne\/","og_locale":"pl_PL","og_type":"article","og_title":"Hygienic nuts in stainless steel | NHK Machinery Parts","og_description":"Benefits of hygienic nuts in stainless steel, designed to meet the highest sanitary standards for food processing and other sanitary industries.","og_url":"https:\/\/nhkmachineryparts.com\/pl\/produkt\/343-nakretki-higieniczne\/","og_site_name":"NHK Machinery Parts","article_publisher":"https:\/\/www.facebook.com\/NHK.Group.aps","article_modified_time":"2026-02-23T12:44:28+00:00","og_image":[{"width":1000,"height":1000,"url":"https:\/\/nhkmachineryparts.com\/wp-content\/uploads\/2022\/09\/Hygienic-nuts-in-stainless-steel.jpg","type":"image\/jpeg"}],"twitter_card":"summary_large_image","twitter_misc":{"Szacowany czas czytania":"3 minuty"},"schema":{"@context":"https:\/\/schema.org","@graph":[{"@type":"WebPage","@id":"https:\/\/nhkmachineryparts.com\/product\/343-hygienic-nuts\/","url":"https:\/\/nhkmachineryparts.com\/product\/343-hygienic-nuts\/","name":"Higieniczne nakr\u0119tki ze stali nierdzewnej | Cz\u0119\u015bci maszyn NHK","isPartOf":{"@id":"https:\/\/nhkmachineryparts.com\/#website"},"primaryImageOfPage":{"@id":"https:\/\/nhkmachineryparts.com\/product\/343-hygienic-nuts\/#primaryimage"},"image":{"@id":"https:\/\/nhkmachineryparts.com\/product\/343-hygienic-nuts\/#primaryimage"},"thumbnailUrl":"https:\/\/nhkmachineryparts.com\/wp-content\/uploads\/2022\/09\/Hygienic-nuts-in-stainless-steel.jpg","datePublished":"2022-09-30T18:36:50+00:00","dateModified":"2026-02-23T12:44:28+00:00","description":"Zalety nakr\u0119tek higienicznych ze stali nierdzewnej, zaprojektowanych tak, aby spe\u0142nia\u0107 najwy\u017csze standardy sanitarne w przetw\u00f3rstwie \u017cywno\u015bci i innych ga\u0142\u0119ziach przemys\u0142u sanitarnego.","breadcrumb":{"@id":"https:\/\/nhkmachineryparts.com\/product\/343-hygienic-nuts\/#breadcrumb"},"inLanguage":"pl-PL","potentialAction":[{"@type":"ReadAction","target":["https:\/\/nhkmachineryparts.com\/product\/343-hygienic-nuts\/"]}]},{"@type":"ImageObject","inLanguage":"pl-PL","@id":"https:\/\/nhkmachineryparts.com\/product\/343-hygienic-nuts\/#primaryimage","url":"https:\/\/nhkmachineryparts.com\/wp-content\/uploads\/2022\/09\/Hygienic-nuts-in-stainless-steel.jpg","contentUrl":"https:\/\/nhkmachineryparts.com\/wp-content\/uploads\/2022\/09\/Hygienic-nuts-in-stainless-steel.jpg","width":1000,"height":1000,"caption":"Hygienic nuts in stainless steel"},{"@type":"BreadcrumbList","@id":"https:\/\/nhkmachineryparts.com\/product\/343-hygienic-nuts\/#breadcrumb","itemListElement":[{"@type":"ListItem","position":1,"name":"Home","item":"https:\/\/nhkmachineryparts.com\/"},{"@type":"ListItem","position":2,"name":"Product line","item":"https:\/\/nhkmachineryparts.com\/product-line\/"},{"@type":"ListItem","position":3,"name":"Hygienic machinery components in stainless steel","item":"https:\/\/nhkmachineryparts.com\/product-line\/hygienic-machinery-components-in-stainless-steel\/"},{"@type":"ListItem","position":4,"name":"Hygienic nuts in stainless steel"}]},{"@type":"WebSite","@id":"https:\/\/nhkmachineryparts.com\/#website","url":"https:\/\/nhkmachineryparts.com\/","name":"Cz\u0119\u015bci maszyn NHK","description":"Obudowy \u0142o\u017cyskowe, sejsmiczne stopy poziomuj\u0105ce i k\u00f3\u0142ka poziomuj\u0105ce","publisher":{"@id":"https:\/\/nhkmachineryparts.com\/#organization"},"potentialAction":[{"@type":"SearchAction","target":{"@type":"EntryPoint","urlTemplate":"https:\/\/nhkmachineryparts.com\/?s={search_term_string}"},"query-input":{"@type":"PropertyValueSpecification","valueRequired":true,"valueName":"search_term_string"}}],"inLanguage":"pl-PL"},{"@type":"Organization","@id":"https:\/\/nhkmachineryparts.com\/#organization","name":"ApS Grupy Nhk","url":"https:\/\/nhkmachineryparts.com\/","logo":{"@type":"ImageObject","inLanguage":"pl-PL","@id":"https:\/\/nhkmachineryparts.com\/#\/schema\/logo\/image\/","url":"https:\/\/nhkmachineryparts.com\/wp-content\/uploads\/2022\/09\/NHKgroup_social.jpg","contentUrl":"https:\/\/nhkmachineryparts.com\/wp-content\/uploads\/2022\/09\/NHKgroup_social.jpg","width":1200,"height":630,"caption":"Nhk Group ApS"},"image":{"@id":"https:\/\/nhkmachineryparts.com\/#\/schema\/logo\/image\/"},"sameAs":["https:\/\/www.facebook.com\/NHK.Group.aps"]}]}},"_links":{"self":[{"href":"https:\/\/nhkmachineryparts.com\/pl\/wp-json\/wp\/v2\/product\/2079","targetHints":{"allow":["GET"]}}],"collection":[{"href":"https:\/\/nhkmachineryparts.com\/pl\/wp-json\/wp\/v2\/product"}],"about":[{"href":"https:\/\/nhkmachineryparts.com\/pl\/wp-json\/wp\/v2\/types\/product"}],"wp:featuredmedia":[{"embeddable":true,"href":"https:\/\/nhkmachineryparts.com\/pl\/wp-json\/wp\/v2\/media\/8582"}],"wp:attachment":[{"href":"https:\/\/nhkmachineryparts.com\/pl\/wp-json\/wp\/v2\/media?parent=2079"}],"wp:term":[{"taxonomy":"product_brand","embeddable":true,"href":"https:\/\/nhkmachineryparts.com\/pl\/wp-json\/wp\/v2\/product_brand?post=2079"},{"taxonomy":"product_cat","embeddable":true,"href":"https:\/\/nhkmachineryparts.com\/pl\/wp-json\/wp\/v2\/product_cat?post=2079"},{"taxonomy":"product_tag","embeddable":true,"href":"https:\/\/nhkmachineryparts.com\/pl\/wp-json\/wp\/v2\/product_tag?post=2079"}],"curies":[{"name":"wp","href":"https:\/\/api.w.org\/{rel}","templated":true}]}}