{"id":2022,"date":"2022-09-30T18:04:26","date_gmt":"2022-09-30T18:04:26","guid":{"rendered":"https:\/\/nhkmachineryparts.pawsfabrik.dk\/?post_type=product&#038;p=2022"},"modified":"2026-02-23T14:45:43","modified_gmt":"2026-02-23T12:45:43","slug":"332-nakretka-dystansowa-ze-stali-nierdzewnej-do-spawania","status":"publish","type":"product","link":"https:\/\/nhkmachineryparts.com\/pl\/product\/332-spacer-nut-in-stainless-steel-for-welding\/","title":{"rendered":"Przek\u0142adka ze stali nierdzewnej do spawania"},"content":{"rendered":"<section class=\"vc_row vc_custom_1662993827263 liquid-row-shadowbox-69d4794949930 vc_column-gap-0\"><div class=\"ld-container container\"><div class=\"row ld-row ld-row-outer\"><div class=\"wpb_column vc_column_container vc_col-sm-12 liquid-column-69d4794949b10\"><div class=\"vc_column-inner\" ><div class=\"wpb_wrapper\"  >\n\t<div class=\"wpb_text_column wpb_content_element\" >\n\t\t<div class=\"wpb_wrapper\">\n\t\t\t<h2>Nakr\u0119tka dystansowa ze stali nierdzewnej (Aisi 1.4301)<\/h2>\n<p>Gwintowana nakr\u0119tka dystansowa ze stali nierdzewnej (Aisi 1.4301)<br \/>\nNakr\u0119tka dystansowa M8-16-9 \u2013 ID=8,2 \u2013 OD=16,0 \u2013 L=9 \u2013 L1=6<br \/>\nNakr\u0119tka dystansowa M8-16-18 \u2013 ID=8,2 \u2013 OD=16,0 \u2013 L=18 \u2013 L1=12<br \/>\nNakr\u0119tka dystansowa M10-18-9 \u2013 ID=10,2 \u2013 OD=18,0 \u2013 L=9 \u2013 L1=6<br \/>\nNakr\u0119tka dystansowa M10-18-18 \u2013 ID=10,2 \u2013 OD=18,0 \u2013 L=18 \u2013 L1=12<br \/>\nNakr\u0119tka dystansowa M12-22-9 \u2013 ID=12,2 \u2013 OD=22,0 \u2013 L=9 \u2013 L1=6<br \/>\nNakr\u0119tka dystansowa M12-22-18 \u2013 ID=12,2 \u2013 OD=22,0 \u2013 L=18 \u2013 L1=12<br \/>\nNakr\u0119tka dystansowa M16-26-9 \u2013 ID=16,2 \u2013 OD=26,0 \u2013 L=9 \u2013 L1=6<br \/>\nNakr\u0119tka dystansowa M16-26-18 \u2013 ID=16,2 \u2013 OD=26,0 \u2013 L=18 \u2013 L1=12<\/p>\n<h2>Element dystansowy ze stali nierdzewnej (Aisi 1.4301)<\/h2>\n<p>Element dystansowy 8-16-9 \u2013 ID=8,2 \u2013 OD=16,0 \u2013 L=9<br \/>\nElement dystansowy 8-16-18 \u2013 ID=8,2 \u2013 OD=16,0 \u2013 L=18<br \/>\nElement dystansowy 10-18-9 \u2013 ID=10,2 \u2013 OD=18,0 \u2013 L=9<br \/>\nElement dystansowy 10-18-18 \u2013 ID=10,2 \u2013 OD=18,0 \u2013 L=18<br \/>\nElement dystansowy 12-22-9 \u2013 ID=12,2 \u2013 OD=22,0 \u2013 L=9<br \/>\nElement dystansowy 12-22-18 \u2013 ID=12,2 \u2013 OD=22,0 \u2013 L=18<br \/>\nElement dystansowy 16-26-9 \u2013 ID=16,2 \u2013 OD=26,0 \u2013 L=9<br \/>\nElement dystansowy 16-26-18 \u2013 ID=16,2 \u2013 OD=26,0 \u2013 L=18<\/p>\n<h2>Element dystansowy ze stali nierdzewnej do gwintowania (Aisi 1.4301)<\/h2>\n<p>\u015arednica wewn\u0119trzna jest gotowa do gwintowania po zespawaniu<br \/>\nPodk\u0142adka do gwint\u00f3w 6,8-16-15 \u2013 ID=6,8 \u2013 OD=16,0 \u2013 L=9<br \/>\nPodk\u0142adka do gwint\u00f3w 6,8-16-25 \u2013 ID=6,8 \u2013 OD=16,0 \u2013 L=18<br \/>\nPodk\u0142adka do gwint\u00f3w 8,5-18-15 \u2013 ID=8,5 \u2013 OD=18,0 \u2013 L=9<br \/>\nPodk\u0142adka do gwint\u00f3w 8,5-18-25 \u2013 ID=8,5 \u2013 OD=18,0 \u2013 L=18<br \/>\nPodk\u0142adka do gwint\u00f3w 10,2-22-15 \u2013 ID=10,2 \u2013 OD=22,0 \u2013 L=9<br \/>\nPodk\u0142adka do gwint\u00f3w 10,2-22-25 \u2013 ID=10,2 \u2013 OD=22,0 \u2013 L=18<br \/>\nPodk\u0142adka do gwint\u00f3w 14,0-26-15 \u2013 ID=14,0 \u2013 OD=26,0 \u2013 L=9<br \/>\nPodk\u0142adka do gwint\u00f3w 14,0-26-25 \u2013 ID=14,0 \u2013 OD=26,0 \u2013 L=18<\/p>\n<p><a href=\"https:\/\/nhkmachineryparts.com\/pl\/linia-produkcyjna-2\/kategoria\/50-higienicznych-czesci-przenosnika-w-konstrukcji-ze-stali-nierdzewnej\/\">Elementy maszyn w wykonaniu higienicznym<\/a><\/p>\n<p><a href=\"https:\/\/nhkmachineryparts.com\/pl\/kontakt\/\">W przypadku innego rozmiaru prosimy o kontakt.<\/a><\/p>\n<div class=\"flex max-w-full flex-col flex-grow\">\n<div class=\"min-h-8 text-message flex w-full flex-col items-end gap-2 whitespace-normal break-words text-start &#091;.text-message+&amp;&#093;:mt-5\" dir=\"auto\" data-message-author-role=\"assistant\" data-message-id=\"327e11cf-e5ee-44a0-91c7-8d9181a1816e\" data-message-model-slug=\"gpt-4o\">\n<div class=\"flex w-full flex-col gap-1 empty:hidden first:pt-&#091;3px&#093;\">\n<div class=\"markdown prose w-full break-words dark:prose-invert light\">\n<h2>Dystanse ze stali nierdzewnej do monta\u017cu spawanego<\/h2>\n<h3>Trwa\u0142e i niezawodne rozwi\u0105zania<\/h3>\n<p>Je\u015bli chodzi o monta\u017c przemys\u0142owy, <strong>dystanse ze stali nierdzewnej do monta\u017cu spawanego<\/strong> s\u0105 niezb\u0119dne. Te komponenty zapewniaj\u0105 precyzj\u0119, trwa\u0142o\u015b\u0107 i bezproblemow\u0105 integracj\u0119 w szerokim zakresie zastosowa\u0144. Wykonane z wysokiej jako\u015bci stali nierdzewnej, s\u0105 odporne na korozj\u0119, wysokie temperatury i zu\u017cycie, co czyni je niezawodnym wyborem dla <a href=\"https:\/\/nhkmachineryparts.com\/pl\/our-industries\/\" data-internallinksmanager029f6b8e52c=\"4\" title=\"Nasze bran\u017ce\">bran\u017ce<\/a> wymagaj\u0105ce solidnych rozwi\u0105za\u0144.<\/p>\n<hr \/>\n<h2>Czym s\u0105 przek\u0142adki ze stali nierdzewnej?<\/h2>\n<p><strong>Dystanse ze stali nierdzewnej<\/strong> s\u0105 cylindrycznymi lub tarczowymi elementami zaprojektowanymi w celu utworzenia precyzyjnej szczeliny mi\u0119dzy dwiema powierzchniami podczas spawania. Zapewniaj\u0105 integralno\u015b\u0107 strukturaln\u0105 i dok\u0142adne wyr\u00f3wnanie, co jest krytyczne dla maszyn, ruroci\u0105g\u00f3w i ram konstrukcyjnych. Dost\u0119pne w r\u00f3\u017cnych rozmiarach i grubo\u015bciach, te przek\u0142adki spe\u0142niaj\u0105 r\u00f3\u017cnorodne wymagania przemys\u0142owe.<\/p>\n<h3>G\u0142\u00f3wne cechy przek\u0142adek ze stali nierdzewnej:<\/h3>\n<ul>\n<li><strong>Materia\u0142:<\/strong> Wysokiej jako\u015bci stal nierdzewna, zazwyczaj 304 lub 316.<\/li>\n<li><strong>Odporno\u015b\u0107 na korozj\u0119:<\/strong> Idealne do pracy w trudnych warunkach i przy nara\u017ceniu na dzia\u0142anie substancji chemicznych.<\/li>\n<li><strong>In\u017cynieria precyzyjna:<\/strong> Utrzymuje dok\u0142adne odst\u0119py, zapewniaj\u0105c optymalne efekty spawania.<\/li>\n<li><strong>Trwa\u0142o\u015b\u0107:<\/strong> Odporny na zu\u017cycie i odkszta\u0142cenia pod wp\u0142ywem du\u017cych napr\u0119\u017ce\u0144.<\/li>\n<\/ul>\n<hr \/>\n<h2>Zalety stosowania przek\u0142adek ze stali nierdzewnej<\/h2>\n<p>Przek\u0142adki ze stali nierdzewnej przynosz\u0105 szereg korzy\u015bci w zastosowaniach przemys\u0142owych i handlowych:<\/p>\n<h3>1. <strong>Zwi\u0119kszona trwa\u0142o\u015b\u0107<\/strong><\/h3>\n<p>Stal nierdzewna jest znana ze swojej wytrzyma\u0142o\u015bci i d\u0142ugowieczno\u015bci. Przek\u0142adki wykonane z tego materia\u0142u wytrzymuj\u0105 znaczne ci\u015bnienie, zapewniaj\u0105c d\u0142ugotrwa\u0142\u0105 wydajno\u015b\u0107 nawet w wymagaj\u0105cych zastosowaniach.<\/p>\n<h3>2. <strong>Odporno\u015b\u0107 na korozj\u0119<\/strong><\/h3>\n<p>W \u015brodowiskach nara\u017conych na wilgo\u0107, chemikalia lub wysokie temperatury, przek\u0142adki ze stali nierdzewnej pozostaj\u0105 nienaruszone, dzi\u0119ki czemu idealnie nadaj\u0105 si\u0119 do zastosowa\u0144 w takich ga\u0142\u0119ziach przemys\u0142u, jak przetw\u00f3rstwo spo\u017cywcze, farmaceutyka i in\u017cynieria morska.<\/p>\n<h3>3. <strong>Precyzja w monta\u017cu<\/strong><\/h3>\n<p>Dzi\u0119ki zapewnieniu dok\u0142adnego odst\u0119pu, przek\u0142adki te przyczyniaj\u0105 si\u0119 do precyzyjnego spawania, redukuj\u0105c ryzyko rozbie\u017cno\u015bci lub os\u0142abienia po\u0142\u0105cze\u0144.<\/p>\n<h3>4. <strong>Wszechstronno\u015b\u0107<\/strong><\/h3>\n<p>Niezale\u017cnie od tego, czy stosuje si\u0119 je w ci\u0119\u017ckich maszynach, ruroci\u0105gach czy ramach konstrukcyjnych, przek\u0142adki ze stali nierdzewnej dostosowuj\u0105 si\u0119 do r\u00f3\u017cnych zastosowa\u0144, co dowodzi ich wszechstronno\u015bci.<\/p>\n<hr \/>\n<h2>Zastosowania przek\u0142adek ze stali nierdzewnej w monta\u017cu spawanym<\/h2>\n<p>Przek\u0142adki ze stali nierdzewnej znajduj\u0105 zastosowanie w wielu ga\u0142\u0119ziach przemys\u0142u ze wzgl\u0119du na swoj\u0105 wszechstronno\u015b\u0107 i niezawodno\u015b\u0107. Niekt\u00f3re typowe zastosowania obejmuj\u0105:<\/p>\n<h3>1. <strong>Sprz\u0119t przemys\u0142owy<\/strong><\/h3>\n<p>Zapewnienie precyzyjnego wyr\u00f3wnania cz\u0119\u015bci maszyn podczas spawania ma kluczowe znaczenie dla wydajnej pracy. Przek\u0142adki ze stali nierdzewnej zapewniaj\u0105 niezb\u0119dny odst\u0119p i wyr\u00f3wnanie dla bezproblemowego monta\u017cu.<\/p>\n<h3>2. <strong>Ruroci\u0105gi i kana\u0142y<\/strong><\/h3>\n<p>W przemy\u015ble naftowym i gazowym oraz w przetw\u00f3rstwie chemicznym do wyr\u00f3wnywania ruroci\u0105g\u00f3w stosuje si\u0119 przek\u0142adki spawalnicze, kt\u00f3re zapewniaj\u0105 szczelne i trwa\u0142e po\u0142\u0105czenia.<\/p>\n<h3>3. <strong>Motoryzacja i lotnictwo<\/strong><\/h3>\n<p>Precyzja ma kluczowe znaczenie w tych sektorach, w kt\u00f3rych przek\u0142adki ze stali nierdzewnej stanowi\u0105 integraln\u0105 cz\u0119\u015b\u0107 monta\u017cu ram, paneli i wa\u017cnych komponent\u00f3w.<\/p>\n<h3>4. <strong>Przemys\u0142 spo\u017cywczy i farmaceutyczny<\/strong><\/h3>\n<p>Przek\u0142adki ze stali nierdzewnej o klasie higienicznej zapewniaj\u0105 zgodno\u015b\u0107 z surowymi normami sanitarnymi, oferuj\u0105c jednocze\u015bnie doskona\u0142\u0105 trwa\u0142o\u015b\u0107 i odporno\u015b\u0107 na korozj\u0119.<\/p>\n<hr \/>\n<h2>Dlaczego warto wybra\u0107 stal nierdzewn\u0105 do spawania przek\u0142adek?<\/h2>\n<p>Wyb\u00f3r materia\u0142u jest kluczowy dla uzyskania po\u017c\u0105danej wydajno\u015bci w przypadku przek\u0142adek spawalniczych. Stal nierdzewna jest preferowan\u0105 opcj\u0105 ze wzgl\u0119du na:<\/p>\n<ul>\n<li><strong>W\u0142a\u015bciwo\u015bci higieniczne:<\/strong> Nadaje si\u0119 do \u015brodowisk wymagaj\u0105cych czysto\u015bci i higieny.<\/li>\n<li><strong>Si\u0142a i stabilno\u015b\u0107:<\/strong> Zachowuje integralno\u015b\u0107 pod wp\u0142ywem ci\u015bnienia i ciep\u0142a.<\/li>\n<li><strong>D\u0142ugo\u015b\u0107 \u017cycia:<\/strong> Zapewnia op\u0142acalno\u015b\u0107 dzi\u0119ki zmniejszonej cz\u0119stotliwo\u015bci wymiany.<\/li>\n<\/ul>\n<hr \/>\n<h2>Opcje dostosowywania dla przek\u0142adek ze stali nierdzewnej<\/h2>\n<p>Producenci cz\u0119sto zapewniaj\u0105 dostosowanie do konkretnych potrzeb przemys\u0142owych. Niestandardowe przek\u0142adki ze stali nierdzewnej mo\u017cna dostosowa\u0107 pod wzgl\u0119dem:<\/p>\n<ul>\n<li><strong>Wymiary:<\/strong> Grubo\u015b\u0107, \u015brednica i d\u0142ugo\u015b\u0107.<\/li>\n<li><strong>Wyko\u0144czenia:<\/strong> Wyko\u0144czenia polerowane lub szczotkowane dla poprawy estetyki i funkcjonalno\u015bci.<\/li>\n<li><strong>Certyfikaty:<\/strong> Zgodno\u015b\u0107 ze standardami takimi jak <a href=\"https:\/\/nhkmachineryparts.com\/pl\/jaka-jest-roznica-miedzy-3a-a-ehedg\/\" data-internallinksmanager029f6b8e52c=\"2\" title=\"Cz\u0119\u015bci maszyn z certyfikatem EHEDG\">EHEDG<\/a>, 3-A lub ISO dla zastosowa\u0144 specjalistycznych.<\/li>\n<\/ul>\n<hr \/>\n<div class=\"flex-shrink-0 flex flex-col relative items-end\">\n<div class=\"pt-0\">\n<h2 class=\"gizmo-bot-avatar flex h-8 w-8 items-center justify-center overflow-hidden rounded-full\"><strong>Precyzja i trwa\u0142o\u015b\u0107: dystanse ze stali nierdzewnej do monta\u017cu spawanego<\/strong><\/h2>\n<\/div>\n<\/div>\n<p><strong>Dystanse ze stali nierdzewnej do monta\u017cu spawanego<\/strong> s\u0105 krytycznymi komponentami, kt\u00f3re zwi\u0119kszaj\u0105 precyzj\u0119, trwa\u0142o\u015b\u0107 i niezawodno\u015b\u0107 w szerokim spektrum bran\u017c. Ich odporno\u015b\u0107 na korozj\u0119 i mo\u017cliwo\u015b\u0107 dostosowania do r\u00f3\u017cnych zastosowa\u0144 sprawiaj\u0105, \u017ce s\u0105 one niezb\u0119dnym elementem nowoczesnych proces\u00f3w monta\u017cowych. Inwestowanie w wysokiej jako\u015bci przek\u0142adki ze stali nierdzewnej zapewnia d\u0142ugoterminow\u0105 wydajno\u015b\u0107 i sukces operacyjny.<\/p>\n<p>Dla firm, kt\u00f3re chc\u0105 zoptymalizowa\u0107 swoje procesy spawania, przek\u0142adki ze stali nierdzewnej s\u0105 inteligentnym, trwa\u0142ym i wszechstronnym wyborem. Odkryj rozwi\u0105zania dostosowane do Twoich konkretnych potrzeb i do\u015bwiadcz niezr\u00f3wnanej wydajno\u015bci ju\u017c dzi\u015b.<\/p>\n<\/div>\n<\/div>\n<\/div>\n<\/div>\n\n\t\t<\/div>\n\t<\/div>\n<\/div><\/div><\/div><\/div><\/div><\/section>","protected":false},"excerpt":{"rendered":"Spacer nut in stainless steel\u00a0 (Aisi 1.4301) Threaded stainless steel\u00a0spacer nut\u00a0(Aisi 1.4301) Spacer nut M8-16-9 - ID=8.2 \u2013 OD=16.0 \u2013 L=9 \u2013 L1=6 Spacer nut M8-16-18 - ID=8.2 \u2013 OD=16.0 \u2013 L=18 \u2013 L1=12 Spacer nut M10-18-9 - ID=10.2 \u2013 OD=18.0 \u2013 L=9 \u2013 L1=6 Spacer nut M10-18-18 - ID=10.2 \u2013 OD=18.0 \u2013 L=18 \u2013 [...]","protected":false},"featured_media":8583,"template":"","meta":[],"product_brand":[],"product_cat":[64],"product_tag":[],"class_list":{"0":"post-2022","1":"product","2":"type-product","3":"status-publish","4":"has-post-thumbnail","6":"product_cat-hygienic-machinery-components-in-stainless-steel","8":"first","9":"instock","10":"shipping-taxable","11":"product-type-simple"},"yoast_head":"<!-- This site is optimized with the Yoast SEO plugin v27.3 - https:\/\/yoast.com\/product\/yoast-seo-wordpress\/ -->\n<title>Spacer in stainless steel for welding | NHK Machinery Parts<\/title>\n<meta name=\"description\" content=\"Stainless steel\u00a0spacer\u00a0(Aisi 1.4301), components in hygienic design for the manufacture and processing of food and pharmaceutical machinery and equipment\" \/>\n<meta name=\"robots\" content=\"index, follow, max-snippet:-1, max-image-preview:large, max-video-preview:-1\" \/>\n<link rel=\"canonical\" href=\"https:\/\/nhkmachineryparts.com\/pl\/produkt\/332-nakretka-dystansowa-ze-stali-nierdzewnej-do-spawania\/\" \/>\n<meta property=\"og:locale\" content=\"pl_PL\" \/>\n<meta property=\"og:type\" content=\"article\" \/>\n<meta property=\"og:title\" content=\"Spacer in stainless steel for welding | NHK Machinery Parts\" \/>\n<meta property=\"og:description\" content=\"Stainless steel\u00a0spacer\u00a0(Aisi 1.4301), components in hygienic design for the manufacture and processing of food and pharmaceutical machinery and equipment\" \/>\n<meta property=\"og:url\" content=\"https:\/\/nhkmachineryparts.com\/pl\/produkt\/332-nakretka-dystansowa-ze-stali-nierdzewnej-do-spawania\/\" \/>\n<meta property=\"og:site_name\" content=\"NHK Machinery Parts\" \/>\n<meta property=\"article:publisher\" content=\"https:\/\/www.facebook.com\/NHK.Group.aps\" \/>\n<meta property=\"article:modified_time\" content=\"2026-02-23T12:45:43+00:00\" \/>\n<meta property=\"og:image\" content=\"https:\/\/nhkmachineryparts.com\/wp-content\/uploads\/2022\/09\/Spacer-nut-in-stainless-steel-for-welding.jpg\" \/>\n\t<meta property=\"og:image:width\" content=\"1000\" \/>\n\t<meta property=\"og:image:height\" content=\"1000\" \/>\n\t<meta property=\"og:image:type\" content=\"image\/jpeg\" \/>\n<meta name=\"twitter:card\" content=\"summary_large_image\" \/>\n<meta name=\"twitter:label1\" content=\"Szacowany czas czytania\" \/>\n\t<meta name=\"twitter:data1\" content=\"4 minuty\" \/>\n<script type=\"application\/ld+json\" class=\"yoast-schema-graph\">{\"@context\":\"https:\\\/\\\/schema.org\",\"@graph\":[{\"@type\":\"WebPage\",\"@id\":\"https:\\\/\\\/nhkmachineryparts.com\\\/product\\\/332-spacer-nut-in-stainless-steel-for-welding\\\/\",\"url\":\"https:\\\/\\\/nhkmachineryparts.com\\\/product\\\/332-spacer-nut-in-stainless-steel-for-welding\\\/\",\"name\":\"Spacer in stainless steel for welding | NHK Machinery Parts\",\"isPartOf\":{\"@id\":\"https:\\\/\\\/nhkmachineryparts.com\\\/#website\"},\"primaryImageOfPage\":{\"@id\":\"https:\\\/\\\/nhkmachineryparts.com\\\/product\\\/332-spacer-nut-in-stainless-steel-for-welding\\\/#primaryimage\"},\"image\":{\"@id\":\"https:\\\/\\\/nhkmachineryparts.com\\\/product\\\/332-spacer-nut-in-stainless-steel-for-welding\\\/#primaryimage\"},\"thumbnailUrl\":\"https:\\\/\\\/nhkmachineryparts.com\\\/wp-content\\\/uploads\\\/2022\\\/09\\\/Spacer-nut-in-stainless-steel-for-welding.jpg\",\"datePublished\":\"2022-09-30T18:04:26+00:00\",\"dateModified\":\"2026-02-23T12:45:43+00:00\",\"description\":\"Stainless steel\u00a0spacer\u00a0(Aisi 1.4301), components in hygienic design for the manufacture and processing of food and pharmaceutical machinery and equipment\",\"breadcrumb\":{\"@id\":\"https:\\\/\\\/nhkmachineryparts.com\\\/product\\\/332-spacer-nut-in-stainless-steel-for-welding\\\/#breadcrumb\"},\"inLanguage\":\"pl-PL\",\"potentialAction\":[{\"@type\":\"ReadAction\",\"target\":[\"https:\\\/\\\/nhkmachineryparts.com\\\/product\\\/332-spacer-nut-in-stainless-steel-for-welding\\\/\"]}]},{\"@type\":\"ImageObject\",\"inLanguage\":\"pl-PL\",\"@id\":\"https:\\\/\\\/nhkmachineryparts.com\\\/product\\\/332-spacer-nut-in-stainless-steel-for-welding\\\/#primaryimage\",\"url\":\"https:\\\/\\\/nhkmachineryparts.com\\\/wp-content\\\/uploads\\\/2022\\\/09\\\/Spacer-nut-in-stainless-steel-for-welding.jpg\",\"contentUrl\":\"https:\\\/\\\/nhkmachineryparts.com\\\/wp-content\\\/uploads\\\/2022\\\/09\\\/Spacer-nut-in-stainless-steel-for-welding.jpg\",\"width\":1000,\"height\":1000,\"caption\":\"Spacer nut in stainless steel for welding\"},{\"@type\":\"BreadcrumbList\",\"@id\":\"https:\\\/\\\/nhkmachineryparts.com\\\/product\\\/332-spacer-nut-in-stainless-steel-for-welding\\\/#breadcrumb\",\"itemListElement\":[{\"@type\":\"ListItem\",\"position\":1,\"name\":\"Home\",\"item\":\"https:\\\/\\\/nhkmachineryparts.com\\\/\"},{\"@type\":\"ListItem\",\"position\":2,\"name\":\"Product line\",\"item\":\"https:\\\/\\\/nhkmachineryparts.com\\\/product-line\\\/\"},{\"@type\":\"ListItem\",\"position\":3,\"name\":\"Hygienic machinery components in stainless steel\",\"item\":\"https:\\\/\\\/nhkmachineryparts.com\\\/product-line\\\/hygienic-machinery-components-in-stainless-steel\\\/\"},{\"@type\":\"ListItem\",\"position\":4,\"name\":\"Spacer in stainless steel for welding\"}]},{\"@type\":\"WebSite\",\"@id\":\"https:\\\/\\\/nhkmachineryparts.com\\\/#website\",\"url\":\"https:\\\/\\\/nhkmachineryparts.com\\\/\",\"name\":\"NHK Machinery Parts\",\"description\":\"Bearing Houses, seismic levelling feet and levelling castors\",\"publisher\":{\"@id\":\"https:\\\/\\\/nhkmachineryparts.com\\\/#organization\"},\"potentialAction\":[{\"@type\":\"SearchAction\",\"target\":{\"@type\":\"EntryPoint\",\"urlTemplate\":\"https:\\\/\\\/nhkmachineryparts.com\\\/?s={search_term_string}\"},\"query-input\":{\"@type\":\"PropertyValueSpecification\",\"valueRequired\":true,\"valueName\":\"search_term_string\"}}],\"inLanguage\":\"pl-PL\"},{\"@type\":\"Organization\",\"@id\":\"https:\\\/\\\/nhkmachineryparts.com\\\/#organization\",\"name\":\"Nhk Group ApS\",\"url\":\"https:\\\/\\\/nhkmachineryparts.com\\\/\",\"logo\":{\"@type\":\"ImageObject\",\"inLanguage\":\"pl-PL\",\"@id\":\"https:\\\/\\\/nhkmachineryparts.com\\\/#\\\/schema\\\/logo\\\/image\\\/\",\"url\":\"https:\\\/\\\/nhkmachineryparts.com\\\/wp-content\\\/uploads\\\/2022\\\/09\\\/NHKgroup_social.jpg\",\"contentUrl\":\"https:\\\/\\\/nhkmachineryparts.com\\\/wp-content\\\/uploads\\\/2022\\\/09\\\/NHKgroup_social.jpg\",\"width\":1200,\"height\":630,\"caption\":\"Nhk Group ApS\"},\"image\":{\"@id\":\"https:\\\/\\\/nhkmachineryparts.com\\\/#\\\/schema\\\/logo\\\/image\\\/\"},\"sameAs\":[\"https:\\\/\\\/www.facebook.com\\\/NHK.Group.aps\"]}]}<\/script>\n<!-- \/ Yoast SEO plugin. -->","yoast_head_json":{"title":"Przek\u0142adka ze stali nierdzewnej do spawania | NHK Machinery Parts","description":"Dystans ze stali nierdzewnej (Aisi 1.4301), elementy o konstrukcji higienicznej do produkcji i przetwarzania maszyn i urz\u0105dze\u0144 do produkcji \u017cywno\u015bci i farmaceutyk\u00f3w","robots":{"index":"index","follow":"follow","max-snippet":"max-snippet:-1","max-image-preview":"max-image-preview:large","max-video-preview":"max-video-preview:-1"},"canonical":"https:\/\/nhkmachineryparts.com\/pl\/produkt\/332-nakretka-dystansowa-ze-stali-nierdzewnej-do-spawania\/","og_locale":"pl_PL","og_type":"article","og_title":"Spacer in stainless steel for welding | NHK Machinery Parts","og_description":"Stainless steel\u00a0spacer\u00a0(Aisi 1.4301), components in hygienic design for the manufacture and processing of food and pharmaceutical machinery and equipment","og_url":"https:\/\/nhkmachineryparts.com\/pl\/produkt\/332-nakretka-dystansowa-ze-stali-nierdzewnej-do-spawania\/","og_site_name":"NHK Machinery Parts","article_publisher":"https:\/\/www.facebook.com\/NHK.Group.aps","article_modified_time":"2026-02-23T12:45:43+00:00","og_image":[{"width":1000,"height":1000,"url":"https:\/\/nhkmachineryparts.com\/wp-content\/uploads\/2022\/09\/Spacer-nut-in-stainless-steel-for-welding.jpg","type":"image\/jpeg"}],"twitter_card":"summary_large_image","twitter_misc":{"Szacowany czas czytania":"4 minuty"},"schema":{"@context":"https:\/\/schema.org","@graph":[{"@type":"WebPage","@id":"https:\/\/nhkmachineryparts.com\/product\/332-spacer-nut-in-stainless-steel-for-welding\/","url":"https:\/\/nhkmachineryparts.com\/product\/332-spacer-nut-in-stainless-steel-for-welding\/","name":"Przek\u0142adka ze stali nierdzewnej do spawania | NHK Machinery Parts","isPartOf":{"@id":"https:\/\/nhkmachineryparts.com\/#website"},"primaryImageOfPage":{"@id":"https:\/\/nhkmachineryparts.com\/product\/332-spacer-nut-in-stainless-steel-for-welding\/#primaryimage"},"image":{"@id":"https:\/\/nhkmachineryparts.com\/product\/332-spacer-nut-in-stainless-steel-for-welding\/#primaryimage"},"thumbnailUrl":"https:\/\/nhkmachineryparts.com\/wp-content\/uploads\/2022\/09\/Spacer-nut-in-stainless-steel-for-welding.jpg","datePublished":"2022-09-30T18:04:26+00:00","dateModified":"2026-02-23T12:45:43+00:00","description":"Dystans ze stali nierdzewnej (Aisi 1.4301), elementy o konstrukcji higienicznej do produkcji i przetwarzania maszyn i urz\u0105dze\u0144 do produkcji \u017cywno\u015bci i farmaceutyk\u00f3w","breadcrumb":{"@id":"https:\/\/nhkmachineryparts.com\/product\/332-spacer-nut-in-stainless-steel-for-welding\/#breadcrumb"},"inLanguage":"pl-PL","potentialAction":[{"@type":"ReadAction","target":["https:\/\/nhkmachineryparts.com\/product\/332-spacer-nut-in-stainless-steel-for-welding\/"]}]},{"@type":"ImageObject","inLanguage":"pl-PL","@id":"https:\/\/nhkmachineryparts.com\/product\/332-spacer-nut-in-stainless-steel-for-welding\/#primaryimage","url":"https:\/\/nhkmachineryparts.com\/wp-content\/uploads\/2022\/09\/Spacer-nut-in-stainless-steel-for-welding.jpg","contentUrl":"https:\/\/nhkmachineryparts.com\/wp-content\/uploads\/2022\/09\/Spacer-nut-in-stainless-steel-for-welding.jpg","width":1000,"height":1000,"caption":"Spacer nut in stainless steel for welding"},{"@type":"BreadcrumbList","@id":"https:\/\/nhkmachineryparts.com\/product\/332-spacer-nut-in-stainless-steel-for-welding\/#breadcrumb","itemListElement":[{"@type":"ListItem","position":1,"name":"Home","item":"https:\/\/nhkmachineryparts.com\/"},{"@type":"ListItem","position":2,"name":"Product line","item":"https:\/\/nhkmachineryparts.com\/product-line\/"},{"@type":"ListItem","position":3,"name":"Hygienic machinery components in stainless steel","item":"https:\/\/nhkmachineryparts.com\/product-line\/hygienic-machinery-components-in-stainless-steel\/"},{"@type":"ListItem","position":4,"name":"Spacer in stainless steel for welding"}]},{"@type":"WebSite","@id":"https:\/\/nhkmachineryparts.com\/#website","url":"https:\/\/nhkmachineryparts.com\/","name":"Cz\u0119\u015bci maszyn NHK","description":"Obudowy \u0142o\u017cyskowe, sejsmiczne stopy poziomuj\u0105ce i k\u00f3\u0142ka poziomuj\u0105ce","publisher":{"@id":"https:\/\/nhkmachineryparts.com\/#organization"},"potentialAction":[{"@type":"SearchAction","target":{"@type":"EntryPoint","urlTemplate":"https:\/\/nhkmachineryparts.com\/?s={search_term_string}"},"query-input":{"@type":"PropertyValueSpecification","valueRequired":true,"valueName":"search_term_string"}}],"inLanguage":"pl-PL"},{"@type":"Organization","@id":"https:\/\/nhkmachineryparts.com\/#organization","name":"ApS Grupy Nhk","url":"https:\/\/nhkmachineryparts.com\/","logo":{"@type":"ImageObject","inLanguage":"pl-PL","@id":"https:\/\/nhkmachineryparts.com\/#\/schema\/logo\/image\/","url":"https:\/\/nhkmachineryparts.com\/wp-content\/uploads\/2022\/09\/NHKgroup_social.jpg","contentUrl":"https:\/\/nhkmachineryparts.com\/wp-content\/uploads\/2022\/09\/NHKgroup_social.jpg","width":1200,"height":630,"caption":"Nhk Group ApS"},"image":{"@id":"https:\/\/nhkmachineryparts.com\/#\/schema\/logo\/image\/"},"sameAs":["https:\/\/www.facebook.com\/NHK.Group.aps"]}]}},"_links":{"self":[{"href":"https:\/\/nhkmachineryparts.com\/pl\/wp-json\/wp\/v2\/product\/2022","targetHints":{"allow":["GET"]}}],"collection":[{"href":"https:\/\/nhkmachineryparts.com\/pl\/wp-json\/wp\/v2\/product"}],"about":[{"href":"https:\/\/nhkmachineryparts.com\/pl\/wp-json\/wp\/v2\/types\/product"}],"wp:featuredmedia":[{"embeddable":true,"href":"https:\/\/nhkmachineryparts.com\/pl\/wp-json\/wp\/v2\/media\/8583"}],"wp:attachment":[{"href":"https:\/\/nhkmachineryparts.com\/pl\/wp-json\/wp\/v2\/media?parent=2022"}],"wp:term":[{"taxonomy":"product_brand","embeddable":true,"href":"https:\/\/nhkmachineryparts.com\/pl\/wp-json\/wp\/v2\/product_brand?post=2022"},{"taxonomy":"product_cat","embeddable":true,"href":"https:\/\/nhkmachineryparts.com\/pl\/wp-json\/wp\/v2\/product_cat?post=2022"},{"taxonomy":"product_tag","embeddable":true,"href":"https:\/\/nhkmachineryparts.com\/pl\/wp-json\/wp\/v2\/product_tag?post=2022"}],"curies":[{"name":"wp","href":"https:\/\/api.w.org\/{rel}","templated":true}]}}