{"id":2009,"date":"2022-09-30T13:19:57","date_gmt":"2022-09-30T13:19:57","guid":{"rendered":"https:\/\/nhkmachineryparts.pawsfabrik.dk\/?post_type=product&#038;p=2009"},"modified":"2026-02-23T14:45:54","modified_gmt":"2026-02-23T12:45:54","slug":"331-nakretka-narozna-ze-stali-nierdzewnej-do-spawania","status":"publish","type":"product","link":"https:\/\/nhkmachineryparts.com\/pl\/product\/331-corner-nut-in-stainless-steel-for-welding\/","title":{"rendered":"Nakr\u0119tka naro\u017cnikowa ze stali nierdzewnej do spawania"},"content":{"rendered":"<section class=\"vc_row vc_custom_1662993827263 liquid-row-shadowbox-69d499f9ac13b vc_column-gap-0\"><div class=\"ld-container container\"><div class=\"row ld-row ld-row-outer\"><div class=\"wpb_column vc_column_container vc_col-sm-12 liquid-column-69d499f9ac315\"><div class=\"vc_column-inner\" ><div class=\"wpb_wrapper\"  >\n\t<div class=\"wpb_text_column wpb_content_element\" >\n\t\t<div class=\"wpb_wrapper\">\n\t\t\t<h2>Nakr\u0119tka naro\u017cnikowa<\/h2>\n<p>Nasze serie nakr\u0119tek naro\u017cnych i element\u00f3w dystansowych s\u0105 przeznaczone do <a href=\"https:\/\/nhkmachineryparts.com\/pl\/our-industries\/\" data-internallinksmanager029f6b8e52c=\"4\" title=\"Nasze bran\u017ce\">bran\u017ce<\/a> wsz\u0119dzie tam, gdzie wymagane s\u0105 stale wy\u017csze wymagania w zakresie wytrzyma\u0142o\u015bci materia\u0142u i konstrukcji umo\u017cliwiaj\u0105cej \u0142atwe czyszczenie. Bran\u017ce takie jak: sprz\u0119t medyczny, sprz\u0119t do przetw\u00f3rstwa spo\u017cywczego i farmaceutycznego, maszyny pakuj\u0105ce, sprz\u0119t projektowy 3A do przetw\u00f3rstwa mi\u0119sa i drobiu, maszyny do przetw\u00f3rstwa mlecznego.<\/p>\n<h2>Gwintowana nakr\u0119tka naro\u017cnikowa ze stali nierdzewnej (Aisi 1.4301)<\/h2>\n<p>Nakr\u0119tka naro\u017cnikowa ze stali nierdzewnej (Aisi 1.4301)<br \/>\nNakr\u0119tka naro\u017cnikowa M8-16-15 \u2013 ID=8,2 \u2013 OD=16,0 \u2013 L=15 \u2013 L1=6<br \/>\nNakr\u0119tka naro\u017cnikowa M8-16-20 \u2013 ID=8,2 \u2013 OD=16,0 \u2013 L=20 \u2013 L1=6<br \/>\nNakr\u0119tka naro\u017cnikowa M8-16-25 \u2013 ID=8,2 \u2013 OD=16,0 \u2013 L=25 \u2013 L1=10<br \/>\nNakr\u0119tka naro\u017cnikowa M10-18-15 \u2013 ID=10,2 \u2013 OD=18,0 \u2013 L=15 \u2013 L1=6<br \/>\nNakr\u0119tka naro\u017cnikowa M10-18-25 \u2013 ID=10,2 \u2013 OD=18,0 \u2013 L=25 \u2013 L1=10<br \/>\nNakr\u0119tka naro\u017cnikowa M12-22-15 \u2013 ID=12,2 \u2013 OD=22,0 \u2013 L=15 \u2013 L1=6<br \/>\nNakr\u0119tka naro\u017cnikowa M12-22-25 \u2013 ID=12,2 \u2013 OD=22,0 \u2013 L=25 \u2013 L1=10<br \/>\nNakr\u0119tka naro\u017cnikowa M16-26-15 \u2013 ID=16,2 \u2013 OD=26,0 \u2013 L=15 \u2013 L1=6<br \/>\nNakr\u0119tka naro\u017cnikowa M16-26-25 \u2013 ID=16,2 \u2013 OD=26,0 \u2013 L=25 \u2013 L1=10<\/p>\n<h2>Naro\u017cnik dystansowy ze stali nierdzewnej (Aisi 1.4301)<\/h2>\n<h3>\u015arednica wewn\u0119trzna jest gotowa do gwintowania po zespawaniu<\/h3>\n<p>Dystans naro\u017cny 6,8-16-15 \u2013 ID=6,8 \u2013 OD=16,0 \u2013 L=15<br \/>\nDystans naro\u017cny 6,8-16-25 \u2013 ID=6,8 \u2013 OD=16,0 \u2013 L=25<br \/>\nDystans naro\u017cny 8,5-18-15 \u2013 ID=8,5 \u2013 OD=18,0 \u2013 L=15<br \/>\nDystans naro\u017cny 8,5-18-25 \u2013 ID=8,5 \u2013 OD=18,0 \u2013 L=25<br \/>\nDystans naro\u017cny 10,2-22-15 \u2013 ID=10,2 \u2013 OD=22,0 \u2013 L=15<br \/>\nDystans naro\u017cny 10,2-22-25 \u2013 ID=10,2 \u2013 OD=22,0 \u2013 L=25<br \/>\nDystans naro\u017cny 14,0-26-15 \u2013 ID=14,0 \u2013 OD=26,0 \u2013 L=15<br \/>\nDystans naro\u017cny 14,0-26-25 \u2013 ID=14,0 \u2013 OD=26,0 \u2013 L=25<\/p>\n<p><a href=\"https:\/\/nhkmachineryparts.com\/pl\/linia-produkcyjna-2\/kategoria\/50-higienicznych-czesci-przenosnika-w-konstrukcji-ze-stali-nierdzewnej\/\">Elementy przeno\u015bnik\u00f3w o higienicznej konstrukcji<\/a><\/p>\n<p><a href=\"https:\/\/nhkmachineryparts.com\/pl\/kontakt\/\">W przypadku innego rozmiaru prosimy o kontakt.<\/a><\/p>\n<h2>Nakr\u0119tka naro\u017cna ze stali nierdzewnej do monta\u017cu spawanego<\/h2>\n<h3>Wszechstronne rozwi\u0105zanie do zastosowa\u0144 przemys\u0142owych<\/h3>\n<p>W \u015bwiecie sprz\u0119tu przemys\u0142owego nakr\u0119tka naro\u017cna ze stali nierdzewnej do monta\u017cu spawanego wyr\u00f3\u017cnia si\u0119 jako solidny, wszechstronny i niezb\u0119dny element. Zaprojektowane tak, aby oferowa\u0107 zar\u00f3wno trwa\u0142o\u015b\u0107, jak i precyzj\u0119, te nakr\u0119tki naro\u017cne s\u0105 idealne do zastosowa\u0144 w \u015brodowiskach, w kt\u00f3rych higiena, wytrzyma\u0142o\u015b\u0107 i odporno\u015b\u0107 na korozj\u0119 s\u0105 najwa\u017cniejsze.<\/p>\n<hr \/>\n<h2><strong>Czym jest nakr\u0119tka naro\u017cna ze stali nierdzewnej?<\/strong><\/h2>\n<p>Nakr\u0119tka naro\u017cna ze stali nierdzewnej to specjalistyczne rozwi\u0105zanie mocuj\u0105ce przeznaczone do spawania na powierzchniach. Te komponenty s\u0105 wykonane z wysokiej jako\u015bci stali nierdzewnej, oferuj\u0105c doskona\u0142\u0105 trwa\u0142o\u015b\u0107 i odporno\u015b\u0107 na czynniki \u015brodowiskowe. Ich g\u0142\u00f3wnym celem jest zapewnienie niezawodnego punktu mocowania maszyn, urz\u0105dze\u0144 lub element\u00f3w konstrukcyjnych, szczeg\u00f3lnie w bran\u017cach wymagaj\u0105cych wysokich standard\u00f3w czysto\u015bci.<\/p>\n<hr \/>\n<h2><strong>G\u0142\u00f3wne zalety nakr\u0119tek naro\u017cnych ze stali nierdzewnej<\/strong><\/h2>\n<h3><strong>1. Wy\u017csza odporno\u015b\u0107 na korozj\u0119<\/strong><\/h3>\n<p>Jedn\u0105 z wyr\u00f3\u017cniaj\u0105cych si\u0119 cech nakr\u0119tek naro\u017cnych ze stali nierdzewnej jest ich wyj\u0105tkowa odporno\u015b\u0107 na rdz\u0119 i korozj\u0119. Niezale\u017cnie od tego, czy s\u0105 stosowane w zak\u0142adach przetw\u00f3rstwa spo\u017cywczego, zak\u0142adach farmaceutycznych czy przemy\u015ble chemicznym, nakr\u0119tki te zachowuj\u0105 swoj\u0105 integralno\u015b\u0107 nawet w trudnych warunkach.<\/p>\n<h3><strong>2. Zwi\u0119kszona trwa\u0142o\u015b\u0107<\/strong><\/h3>\n<p>Wrodzona wytrzyma\u0142o\u015b\u0107 stali nierdzewnej zapewnia, \u017ce nakr\u0119tki naro\u017cne wytrzymuj\u0105 znaczne napr\u0119\u017cenia mechaniczne. Ta trwa\u0142o\u015b\u0107 sprawia, \u017ce s\u0105 one op\u0142acalnym wyborem do ci\u0119\u017ckich zastosowa\u0144, redukuj\u0105c potrzeb\u0119 cz\u0119stych wymian.<\/p>\n<h3><strong>3. Higieniczny projekt<\/strong><\/h3>\n<p>Bran\u017ce takie jak spo\u017cywcza i farmaceutyczna wymagaj\u0105 komponent\u00f3w, kt\u00f3re s\u0105 \u0142atwe do czyszczenia i spe\u0142niaj\u0105 surowe normy higieniczne. Nakr\u0119tki naro\u017cne ze stali nierdzewnej s\u0105 zaprojektowane z g\u0142adkimi powierzchniami, kt\u00f3re zapobiegaj\u0105 gromadzeniu si\u0119 zanieczyszcze\u0144, spe\u0142niaj\u0105c <a href=\"https:\/\/nhkmachineryparts.com\/pl\/jaka-jest-roznica-miedzy-3a-a-ehedg\/\" data-internallinksmanager029f6b8e52c=\"2\" title=\"Cz\u0119\u015bci maszyn z certyfikatem EHEDG\">EHEDG<\/a> i certyfikaty 3A.<\/p>\n<h3><strong>4. Wszechstronne mocowanie spawalnicze<\/strong><\/h3>\n<p>Te nakr\u0119tki naro\u017cne s\u0105 specjalnie zaprojektowane do bezszwowego spawania na r\u00f3\u017cnych powierzchniach, zapewniaj\u0105c solidny i trwa\u0142y punkt mocowania. Ich wszechstronno\u015b\u0107 pozwala im dostosowa\u0107 si\u0119 do r\u00f3\u017cnych konfiguracji i ustawie\u0144.<\/p>\n<hr \/>\n<h2><strong>Zastosowania nakr\u0119tek naro\u017cnych ze stali nierdzewnej<\/strong><\/h2>\n<h3><strong>1. Przemys\u0142 spo\u017cywczy i napojowy<\/strong><\/h3>\n<p>W zak\u0142adach przetw\u00f3rstwa \u017cywno\u015bci nakr\u0119tki naro\u017cne ze stali nierdzewnej s\u0105 u\u017cywane do monta\u017cu urz\u0105dze\u0144, takich jak systemy przeno\u015bnik\u00f3w ta\u015bmowych, miksery i maszyny pakuj\u0105ce. Ich w\u0142a\u015bciwo\u015bci higieniczne zapewniaj\u0105 zgodno\u015b\u0107 ze standardami bran\u017cowymi, jednocze\u015bnie chroni\u0105c przed cz\u0119stym nara\u017ceniem na \u015brodki czyszcz\u0105ce i wysoki poziom wilgoci.<\/p>\n<h3><strong>2. Farmaceutyka i biotechnologia<\/strong><\/h3>\n<p>Przemys\u0142 farmaceutyczny wymaga komponent\u00f3w, kt\u00f3re utrzymuj\u0105 sterylno\u015b\u0107 i wytrzymuj\u0105 nara\u017cenie na dzia\u0142anie chemikali\u00f3w. Nakr\u0119tki naro\u017cne ze stali nierdzewnej s\u0105 idealne do bezpiecznego monta\u017cu sprz\u0119tu laboratoryjnego i produkcyjnego.<\/p>\n<h3><strong>3. Pakowanie i logistyka<\/strong><\/h3>\n<p>W przypadku maszyn w liniach pakuj\u0105cych nakr\u0119tki naro\u017cne ze stali nierdzewnej zapewniaj\u0105 niezawodne rozwi\u0105zania monta\u017cowe. Ich zdolno\u015b\u0107 do radzenia sobie z obci\u0105\u017ceniami dynamicznymi sprawia, \u017ce s\u0105 niezb\u0119dne do utrzymania wydajno\u015bci operacyjnej.<\/p>\n<h3><strong>4. Przetwarzanie chemiczne<\/strong><\/h3>\n<p>Przemys\u0142 chemiczny cz\u0119sto dzia\u0142a w \u015brodowiskach z agresywnymi chemikaliami i wysokimi temperaturami. Nakr\u0119tki naro\u017cne ze stali nierdzewnej zapewniaj\u0105 niezr\u00f3wnan\u0105 wydajno\u015b\u0107 w takich warunkach, gwarantuj\u0105c d\u0142ugotrwa\u0142\u0105 niezawodno\u015b\u0107.<\/p>\n<hr \/>\n<h2><strong>Jak wybra\u0107 odpowiedni\u0105 nakr\u0119tk\u0119 naro\u017cn\u0105 do swoich potrzeb<\/strong><\/h2>\n<p>Wyb\u00f3r odpowiedniej nakr\u0119tki naro\u017cnej zale\u017cy od konkretnych wymaga\u0144 Twojej aplikacji. Kluczowe czynniki, kt\u00f3re nale\u017cy wzi\u0105\u0107 pod uwag\u0119, to:<\/p>\n<ul>\n<li><strong>Gatunek stali nierdzewnej:<\/strong> Wybierz stal nierdzewn\u0105 304 lub 316 w zale\u017cno\u015bci od stopnia nara\u017cenia \u015brodowiska na dzia\u0142anie substancji \u017cr\u0105cych.<\/li>\n<li><strong>Rozmiar i wymiary:<\/strong> Zapewnij kompatybilno\u015b\u0107 z maszynami i elementami konstrukcyjnymi.<\/li>\n<li><strong>Certyfikaty:<\/strong> Sprawd\u017a, czy nakr\u0119tki naro\u017cne spe\u0142niaj\u0105 bran\u017cowe standardy, takie jak EHEDG, 3A lub zgodno\u015b\u0107 z FDA.<\/li>\n<\/ul>\n<hr \/>\n<h2><strong>Konserwacja nakr\u0119tek naro\u017cnych ze stali nierdzewnej<\/strong><\/h2>\n<p>Aby zmaksymalizowa\u0107 trwa\u0142o\u015b\u0107 i wydajno\u015b\u0107 nakr\u0119tek naro\u017cnych ze stali nierdzewnej, niezb\u0119dna jest regularna konserwacja. Okresowe czyszczenie za pomoc\u0105 zatwierdzonych roztwor\u00f3w pomaga zapobiega\u0107 gromadzeniu si\u0119 pozosta\u0142o\u015bci i zapewnia higien\u0119 w delikatnych zastosowaniach.<\/p>\n<hr \/>\n<h2><strong>Nakr\u0119tka naro\u017cna ze stali nierdzewnej do monta\u017cu spawanego<\/strong><\/h2>\n<h3><strong>Niezb\u0119dnik przemys\u0142owy<\/strong><\/h3>\n<p>Nakr\u0119tki naro\u017cne ze stali nierdzewnej do monta\u017cu spawanego s\u0105 nieocenionym elementem w zastosowaniach przemys\u0142owych. \u0141\u0105cz\u0105c wytrzyma\u0142o\u015b\u0107, higien\u0119 i wszechstronno\u015b\u0107, spe\u0142niaj\u0105 wysokie wymagania bran\u017c takich jak przetw\u00f3rstwo \u017cywno\u015bci, farmaceutyka i produkcja chemiczna. Inwestowanie w te trwa\u0142e komponenty zapewnia wydajno\u015b\u0107 operacyjn\u0105 i d\u0142ugoterminow\u0105 niezawodno\u015b\u0107.<\/p>\n<p>Wybieraj\u0105c nakr\u0119tki naro\u017cne, zaufaj produktom wysokiej jako\u015bci, kt\u00f3re spe\u0142niaj\u0105 rygorystyczne standardy bran\u017cowe, zapewniaj\u0105c maksymaln\u0105 wydajno\u015b\u0107 i bezpiecze\u0144stwo.<\/p>\n\n\t\t<\/div>\n\t<\/div>\n<\/div><\/div><\/div><\/div><\/div><\/section>","protected":false},"excerpt":{"rendered":"Corner nut Our corner nut and spacer series are designed for the industries where continuously heavier demands on the material resistance and a design for easy-to-clean. Industries like: medical equipment, food &amp; pharmaceutical processing equipment, packaging machinery, 3A design-meat &amp; poultry processing equipment, dairy processing machines. Threaded stainless steel\u00a0corner nut\u00a0(Aisi 1.4301) Corner nut in stainless [...]","protected":false},"featured_media":8720,"template":"","meta":[],"product_brand":[],"product_cat":[64],"product_tag":[],"class_list":{"0":"post-2009","1":"product","2":"type-product","3":"status-publish","4":"has-post-thumbnail","6":"product_cat-hygienic-machinery-components-in-stainless-steel","8":"first","9":"instock","10":"shipping-taxable","11":"product-type-simple"},"yoast_head":"<!-- This site is optimized with the Yoast SEO plugin v27.3 - https:\/\/yoast.com\/product\/yoast-seo-wordpress\/ -->\n<title>Corner nut in stainless steel for welding | NHK Machinery Parts<\/title>\n<meta name=\"description\" content=\"Benefits of stainless steel corner nuts for welding mounting. Durable and corrosion-resistant components enhance industrial applications.\" \/>\n<meta name=\"robots\" content=\"index, follow, max-snippet:-1, max-image-preview:large, max-video-preview:-1\" \/>\n<link rel=\"canonical\" href=\"https:\/\/nhkmachineryparts.com\/pl\/produkt\/331-nakretka-narozna-ze-stali-nierdzewnej-do-spawania\/\" \/>\n<meta property=\"og:locale\" content=\"pl_PL\" \/>\n<meta property=\"og:type\" content=\"article\" \/>\n<meta property=\"og:title\" content=\"Corner nut in stainless steel for welding | NHK Machinery Parts\" \/>\n<meta property=\"og:description\" content=\"Benefits of stainless steel corner nuts for welding mounting. Durable and corrosion-resistant components enhance industrial applications.\" \/>\n<meta property=\"og:url\" content=\"https:\/\/nhkmachineryparts.com\/pl\/produkt\/331-nakretka-narozna-ze-stali-nierdzewnej-do-spawania\/\" \/>\n<meta property=\"og:site_name\" content=\"NHK Machinery Parts\" \/>\n<meta property=\"article:publisher\" content=\"https:\/\/www.facebook.com\/NHK.Group.aps\" \/>\n<meta property=\"article:modified_time\" content=\"2026-02-23T12:45:54+00:00\" \/>\n<meta property=\"og:image\" content=\"https:\/\/nhkmachineryparts.com\/wp-content\/uploads\/2022\/09\/Corner-nut-in-stainless-steel-for-welding.jpg\" \/>\n\t<meta property=\"og:image:width\" content=\"1000\" \/>\n\t<meta property=\"og:image:height\" content=\"1000\" \/>\n\t<meta property=\"og:image:type\" content=\"image\/jpeg\" \/>\n<meta name=\"twitter:card\" content=\"summary_large_image\" \/>\n<meta name=\"twitter:label1\" content=\"Szacowany czas czytania\" \/>\n\t<meta name=\"twitter:data1\" content=\"4 minuty\" \/>\n<script type=\"application\/ld+json\" class=\"yoast-schema-graph\">{\"@context\":\"https:\\\/\\\/schema.org\",\"@graph\":[{\"@type\":\"WebPage\",\"@id\":\"https:\\\/\\\/nhkmachineryparts.com\\\/product\\\/331-corner-nut-in-stainless-steel-for-welding\\\/\",\"url\":\"https:\\\/\\\/nhkmachineryparts.com\\\/product\\\/331-corner-nut-in-stainless-steel-for-welding\\\/\",\"name\":\"Corner nut in stainless steel for welding | NHK Machinery Parts\",\"isPartOf\":{\"@id\":\"https:\\\/\\\/nhkmachineryparts.com\\\/#website\"},\"primaryImageOfPage\":{\"@id\":\"https:\\\/\\\/nhkmachineryparts.com\\\/product\\\/331-corner-nut-in-stainless-steel-for-welding\\\/#primaryimage\"},\"image\":{\"@id\":\"https:\\\/\\\/nhkmachineryparts.com\\\/product\\\/331-corner-nut-in-stainless-steel-for-welding\\\/#primaryimage\"},\"thumbnailUrl\":\"https:\\\/\\\/nhkmachineryparts.com\\\/wp-content\\\/uploads\\\/2022\\\/09\\\/Corner-nut-in-stainless-steel-for-welding.jpg\",\"datePublished\":\"2022-09-30T13:19:57+00:00\",\"dateModified\":\"2026-02-23T12:45:54+00:00\",\"description\":\"Benefits of stainless steel corner nuts for welding mounting. Durable and corrosion-resistant components enhance industrial applications.\",\"breadcrumb\":{\"@id\":\"https:\\\/\\\/nhkmachineryparts.com\\\/product\\\/331-corner-nut-in-stainless-steel-for-welding\\\/#breadcrumb\"},\"inLanguage\":\"pl-PL\",\"potentialAction\":[{\"@type\":\"ReadAction\",\"target\":[\"https:\\\/\\\/nhkmachineryparts.com\\\/product\\\/331-corner-nut-in-stainless-steel-for-welding\\\/\"]}]},{\"@type\":\"ImageObject\",\"inLanguage\":\"pl-PL\",\"@id\":\"https:\\\/\\\/nhkmachineryparts.com\\\/product\\\/331-corner-nut-in-stainless-steel-for-welding\\\/#primaryimage\",\"url\":\"https:\\\/\\\/nhkmachineryparts.com\\\/wp-content\\\/uploads\\\/2022\\\/09\\\/Corner-nut-in-stainless-steel-for-welding.jpg\",\"contentUrl\":\"https:\\\/\\\/nhkmachineryparts.com\\\/wp-content\\\/uploads\\\/2022\\\/09\\\/Corner-nut-in-stainless-steel-for-welding.jpg\",\"width\":1000,\"height\":1000,\"caption\":\"Corner nut in stainless steel for welding\"},{\"@type\":\"BreadcrumbList\",\"@id\":\"https:\\\/\\\/nhkmachineryparts.com\\\/product\\\/331-corner-nut-in-stainless-steel-for-welding\\\/#breadcrumb\",\"itemListElement\":[{\"@type\":\"ListItem\",\"position\":1,\"name\":\"Home\",\"item\":\"https:\\\/\\\/nhkmachineryparts.com\\\/\"},{\"@type\":\"ListItem\",\"position\":2,\"name\":\"Product line\",\"item\":\"https:\\\/\\\/nhkmachineryparts.com\\\/product-line\\\/\"},{\"@type\":\"ListItem\",\"position\":3,\"name\":\"Hygienic machinery components in stainless steel\",\"item\":\"https:\\\/\\\/nhkmachineryparts.com\\\/product-line\\\/hygienic-machinery-components-in-stainless-steel\\\/\"},{\"@type\":\"ListItem\",\"position\":4,\"name\":\"Corner nut in stainless steel for welding\"}]},{\"@type\":\"WebSite\",\"@id\":\"https:\\\/\\\/nhkmachineryparts.com\\\/#website\",\"url\":\"https:\\\/\\\/nhkmachineryparts.com\\\/\",\"name\":\"NHK Machinery Parts\",\"description\":\"Bearing Houses, seismic levelling feet and levelling castors\",\"publisher\":{\"@id\":\"https:\\\/\\\/nhkmachineryparts.com\\\/#organization\"},\"potentialAction\":[{\"@type\":\"SearchAction\",\"target\":{\"@type\":\"EntryPoint\",\"urlTemplate\":\"https:\\\/\\\/nhkmachineryparts.com\\\/?s={search_term_string}\"},\"query-input\":{\"@type\":\"PropertyValueSpecification\",\"valueRequired\":true,\"valueName\":\"search_term_string\"}}],\"inLanguage\":\"pl-PL\"},{\"@type\":\"Organization\",\"@id\":\"https:\\\/\\\/nhkmachineryparts.com\\\/#organization\",\"name\":\"Nhk Group ApS\",\"url\":\"https:\\\/\\\/nhkmachineryparts.com\\\/\",\"logo\":{\"@type\":\"ImageObject\",\"inLanguage\":\"pl-PL\",\"@id\":\"https:\\\/\\\/nhkmachineryparts.com\\\/#\\\/schema\\\/logo\\\/image\\\/\",\"url\":\"https:\\\/\\\/nhkmachineryparts.com\\\/wp-content\\\/uploads\\\/2022\\\/09\\\/NHKgroup_social.jpg\",\"contentUrl\":\"https:\\\/\\\/nhkmachineryparts.com\\\/wp-content\\\/uploads\\\/2022\\\/09\\\/NHKgroup_social.jpg\",\"width\":1200,\"height\":630,\"caption\":\"Nhk Group ApS\"},\"image\":{\"@id\":\"https:\\\/\\\/nhkmachineryparts.com\\\/#\\\/schema\\\/logo\\\/image\\\/\"},\"sameAs\":[\"https:\\\/\\\/www.facebook.com\\\/NHK.Group.aps\"]}]}<\/script>\n<!-- \/ Yoast SEO plugin. -->","yoast_head_json":{"title":"Nakr\u0119tka naro\u017cna ze stali nierdzewnej do spawania | Cz\u0119\u015bci maszyn NHK","description":"Zalety nakr\u0119tek naro\u017cnych ze stali nierdzewnej do monta\u017cu spawanego. Trwa\u0142e i odporne na korozj\u0119 komponenty zwi\u0119kszaj\u0105 zastosowania przemys\u0142owe.","robots":{"index":"index","follow":"follow","max-snippet":"max-snippet:-1","max-image-preview":"max-image-preview:large","max-video-preview":"max-video-preview:-1"},"canonical":"https:\/\/nhkmachineryparts.com\/pl\/produkt\/331-nakretka-narozna-ze-stali-nierdzewnej-do-spawania\/","og_locale":"pl_PL","og_type":"article","og_title":"Corner nut in stainless steel for welding | NHK Machinery Parts","og_description":"Benefits of stainless steel corner nuts for welding mounting. Durable and corrosion-resistant components enhance industrial applications.","og_url":"https:\/\/nhkmachineryparts.com\/pl\/produkt\/331-nakretka-narozna-ze-stali-nierdzewnej-do-spawania\/","og_site_name":"NHK Machinery Parts","article_publisher":"https:\/\/www.facebook.com\/NHK.Group.aps","article_modified_time":"2026-02-23T12:45:54+00:00","og_image":[{"width":1000,"height":1000,"url":"https:\/\/nhkmachineryparts.com\/wp-content\/uploads\/2022\/09\/Corner-nut-in-stainless-steel-for-welding.jpg","type":"image\/jpeg"}],"twitter_card":"summary_large_image","twitter_misc":{"Szacowany czas czytania":"4 minuty"},"schema":{"@context":"https:\/\/schema.org","@graph":[{"@type":"WebPage","@id":"https:\/\/nhkmachineryparts.com\/product\/331-corner-nut-in-stainless-steel-for-welding\/","url":"https:\/\/nhkmachineryparts.com\/product\/331-corner-nut-in-stainless-steel-for-welding\/","name":"Nakr\u0119tka naro\u017cna ze stali nierdzewnej do spawania | Cz\u0119\u015bci maszyn NHK","isPartOf":{"@id":"https:\/\/nhkmachineryparts.com\/#website"},"primaryImageOfPage":{"@id":"https:\/\/nhkmachineryparts.com\/product\/331-corner-nut-in-stainless-steel-for-welding\/#primaryimage"},"image":{"@id":"https:\/\/nhkmachineryparts.com\/product\/331-corner-nut-in-stainless-steel-for-welding\/#primaryimage"},"thumbnailUrl":"https:\/\/nhkmachineryparts.com\/wp-content\/uploads\/2022\/09\/Corner-nut-in-stainless-steel-for-welding.jpg","datePublished":"2022-09-30T13:19:57+00:00","dateModified":"2026-02-23T12:45:54+00:00","description":"Zalety nakr\u0119tek naro\u017cnych ze stali nierdzewnej do monta\u017cu spawanego. Trwa\u0142e i odporne na korozj\u0119 komponenty zwi\u0119kszaj\u0105 zastosowania przemys\u0142owe.","breadcrumb":{"@id":"https:\/\/nhkmachineryparts.com\/product\/331-corner-nut-in-stainless-steel-for-welding\/#breadcrumb"},"inLanguage":"pl-PL","potentialAction":[{"@type":"ReadAction","target":["https:\/\/nhkmachineryparts.com\/product\/331-corner-nut-in-stainless-steel-for-welding\/"]}]},{"@type":"ImageObject","inLanguage":"pl-PL","@id":"https:\/\/nhkmachineryparts.com\/product\/331-corner-nut-in-stainless-steel-for-welding\/#primaryimage","url":"https:\/\/nhkmachineryparts.com\/wp-content\/uploads\/2022\/09\/Corner-nut-in-stainless-steel-for-welding.jpg","contentUrl":"https:\/\/nhkmachineryparts.com\/wp-content\/uploads\/2022\/09\/Corner-nut-in-stainless-steel-for-welding.jpg","width":1000,"height":1000,"caption":"Corner nut in stainless steel for welding"},{"@type":"BreadcrumbList","@id":"https:\/\/nhkmachineryparts.com\/product\/331-corner-nut-in-stainless-steel-for-welding\/#breadcrumb","itemListElement":[{"@type":"ListItem","position":1,"name":"Home","item":"https:\/\/nhkmachineryparts.com\/"},{"@type":"ListItem","position":2,"name":"Product line","item":"https:\/\/nhkmachineryparts.com\/product-line\/"},{"@type":"ListItem","position":3,"name":"Hygienic machinery components in stainless steel","item":"https:\/\/nhkmachineryparts.com\/product-line\/hygienic-machinery-components-in-stainless-steel\/"},{"@type":"ListItem","position":4,"name":"Corner nut in stainless steel for welding"}]},{"@type":"WebSite","@id":"https:\/\/nhkmachineryparts.com\/#website","url":"https:\/\/nhkmachineryparts.com\/","name":"Cz\u0119\u015bci maszyn NHK","description":"Obudowy \u0142o\u017cyskowe, sejsmiczne stopy poziomuj\u0105ce i k\u00f3\u0142ka poziomuj\u0105ce","publisher":{"@id":"https:\/\/nhkmachineryparts.com\/#organization"},"potentialAction":[{"@type":"SearchAction","target":{"@type":"EntryPoint","urlTemplate":"https:\/\/nhkmachineryparts.com\/?s={search_term_string}"},"query-input":{"@type":"PropertyValueSpecification","valueRequired":true,"valueName":"search_term_string"}}],"inLanguage":"pl-PL"},{"@type":"Organization","@id":"https:\/\/nhkmachineryparts.com\/#organization","name":"ApS Grupy Nhk","url":"https:\/\/nhkmachineryparts.com\/","logo":{"@type":"ImageObject","inLanguage":"pl-PL","@id":"https:\/\/nhkmachineryparts.com\/#\/schema\/logo\/image\/","url":"https:\/\/nhkmachineryparts.com\/wp-content\/uploads\/2022\/09\/NHKgroup_social.jpg","contentUrl":"https:\/\/nhkmachineryparts.com\/wp-content\/uploads\/2022\/09\/NHKgroup_social.jpg","width":1200,"height":630,"caption":"Nhk Group ApS"},"image":{"@id":"https:\/\/nhkmachineryparts.com\/#\/schema\/logo\/image\/"},"sameAs":["https:\/\/www.facebook.com\/NHK.Group.aps"]}]}},"_links":{"self":[{"href":"https:\/\/nhkmachineryparts.com\/pl\/wp-json\/wp\/v2\/product\/2009","targetHints":{"allow":["GET"]}}],"collection":[{"href":"https:\/\/nhkmachineryparts.com\/pl\/wp-json\/wp\/v2\/product"}],"about":[{"href":"https:\/\/nhkmachineryparts.com\/pl\/wp-json\/wp\/v2\/types\/product"}],"wp:featuredmedia":[{"embeddable":true,"href":"https:\/\/nhkmachineryparts.com\/pl\/wp-json\/wp\/v2\/media\/8720"}],"wp:attachment":[{"href":"https:\/\/nhkmachineryparts.com\/pl\/wp-json\/wp\/v2\/media?parent=2009"}],"wp:term":[{"taxonomy":"product_brand","embeddable":true,"href":"https:\/\/nhkmachineryparts.com\/pl\/wp-json\/wp\/v2\/product_brand?post=2009"},{"taxonomy":"product_cat","embeddable":true,"href":"https:\/\/nhkmachineryparts.com\/pl\/wp-json\/wp\/v2\/product_cat?post=2009"},{"taxonomy":"product_tag","embeddable":true,"href":"https:\/\/nhkmachineryparts.com\/pl\/wp-json\/wp\/v2\/product_tag?post=2009"}],"curies":[{"name":"wp","href":"https:\/\/api.w.org\/{rel}","templated":true}]}}