{"id":1892,"date":"2022-09-26T19:24:02","date_gmt":"2022-09-26T19:24:02","guid":{"rendered":"https:\/\/nhkmachineryparts.pawsfabrik.dk\/?post_type=product&#038;p=1892"},"modified":"2026-02-23T14:52:30","modified_gmt":"2026-02-23T12:52:30","slug":"290-mini-zespolow-kolnierzowych-ze-stali-nierdzewnej","status":"publish","type":"product","link":"https:\/\/nhkmachineryparts.com\/pl\/product\/290-mini-flange-units-in-stainless-steel\/","title":{"rendered":"Minizesp\u00f3\u0142 \u0142o\u017cyska ko\u0142nierzowego ze stali nierdzewnej"},"content":{"rendered":"<section class=\"vc_row liquid-row-shadowbox-69d1643861d74\"><div class=\"ld-container container\"><div class=\"row ld-row ld-row-outer\"><div class=\"wpb_column vc_column_container vc_col-sm-12 liquid-column-69d1643861f77\"><div class=\"vc_column-inner\" ><div class=\"wpb_wrapper\"  >\n\t<div class=\"wpb_text_column wpb_content_element\" >\n\t\t<div class=\"wpb_wrapper\">\n\t\t\t<h2>Minizesp\u00f3\u0142 \u0142o\u017cyska ko\u0142nierzowego ze stali nierdzewnej<\/h2>\n<p>Zapoznaj si\u0119 z nasz\u0105 szerok\u0105 ofert\u0105 <a href=\"https:\/\/nhkmachineryparts.com\/pl\/linia-produkcyjna-2\/minizespoly-lozyskowe-ze-stali-nierdzewnej\/\">Minizespo\u0142y \u0142o\u017cyskowe ze stali nierdzewnej<\/a><\/p>\n<h3>Cechy i zalety:<\/h3>\n<p>Obudowy ze stali nierdzewnej AISI 304<br \/>\n\u0141o\u017cyska ze stali nierdzewnej AISI 440C<br \/>\nUszczelnienie: kauczuk nitrylowy (NBR) lub guma silikonowa (Si) zatwierdzona przez FDA<br \/>\nW\u0105skie \u0142o\u017cyska<br \/>\nNie s\u0105 wymagane \u017cadne pow\u0142oki powierzchniowe<br \/>\nUstaw blokad\u0119 \u015brubow\u0105 lub mimo\u015brodow\u0105 blokad\u0119 ko\u0142nierzow\u0105<br \/>\nDoskona\u0142a \u017cywotno\u015b\u0107<br \/>\nTemperatura pracy od -30\u00b0C do +120\u00b0C<\/p>\n<h2>Higieniczna konstrukcja, odpowiednia do produkcji \u017cywno\u015bci i lek\u00f3w<\/h2>\n<p>Cz\u0119sto stosowane s\u0105 mini zespo\u0142y \u0142o\u017cyskowe ze stali nierdzewnej o higienicznej konstrukcji <a href=\"https:\/\/nhkmachineryparts.com\/pl\/our-industries\/\" data-internallinksmanager029f6b8e52c=\"4\" title=\"Nasze bran\u017ce\">bran\u017ce<\/a> medycznych, laboratoryjnych oraz w pomieszczeniach czystych, gdzie wymagany jest najwy\u017cszy poziom higieny. Mini zespo\u0142y \u0142o\u017cyskowe ze stali nierdzewnej poprawiaj\u0105 og\u00f3ln\u0105 wydajno\u015b\u0107 sprz\u0119tu do przetwarzania \u017cywno\u015bci, mini zespo\u0142y \u0142o\u017cyskowe pomagaj\u0105 zapewni\u0107 p\u0142ynn\u0105 i wydajn\u0105 prac\u0119 sprz\u0119tu.<\/p>\n<h2>Minizesp\u00f3\u0142 \u0142o\u017cyska ko\u0142nierzowego ze stali nierdzewnej<\/h2>\n<p>Miniaturowe \u0142o\u017cyska ko\u0142nierzowe ze stali nierdzewnej s\u0105 niezb\u0119dnymi komponentami w r\u00f3\u017cnych bran\u017cach, oferuj\u0105c niezawodn\u0105 wydajno\u015b\u0107 w wymagaj\u0105cych \u015brodowiskach. Zrozumienie ich konstrukcji, zastosowa\u0144 i znaczenia do\u015bwiadczenia, wiedzy fachowej, autorytetu i wiarygodno\u015bci (EEAT) przy wyborze tych jednostek mo\u017ce zapewni\u0107 optymaln\u0105 wydajno\u015b\u0107 i d\u0142ugowieczno\u015b\u0107.<\/p>\n<h2>Zrozumienie miniaturowych \u0142o\u017cysk ko\u0142nierzowych ze stali nierdzewnej<\/h2>\n<p>Miniaturowe \u0142o\u017cyska ko\u0142nierzowe ze stali nierdzewnej to kompaktowe elementy mechaniczne zaprojektowane do podtrzymywania wa\u0142\u00f3w i u\u0142atwiania p\u0142ynnego ruchu obrotowego lub liniowego. Sk\u0142adaj\u0105 si\u0119 z \u0142o\u017cyska ze stali nierdzewnej zamontowanego w obudowie ko\u0142nierzowej, co umo\u017cliwia \u0142atw\u0105 instalacj\u0119 i bezpieczne mocowanie do maszyn lub urz\u0105dze\u0144. Zastosowanie stali nierdzewnej zapewnia doskona\u0142\u0105 odporno\u015b\u0107 na korozj\u0119, dzi\u0119ki czemu te jednostki nadaj\u0105 si\u0119 do zastosowa\u0144 w trudnych lub higienicznych \u015brodowiskach.<\/p>\n<h3>G\u0142\u00f3wne cechy i korzy\u015bci<\/h3>\n<ul>\n<li><strong>Odporno\u015b\u0107 na korozj\u0119<\/strong>:Konstrukcja ze stali nierdzewnej gwarantuje trwa\u0142o\u015b\u0107 i odporno\u015b\u0107 na rdz\u0119 i korozj\u0119, co jest niezb\u0119dne w zastosowaniach w przetw\u00f3rstwie \u017cywno\u015bci, przemy\u015ble farmaceutycznym i \u015brodowisku morskim.<\/li>\n<li><strong>Kompaktowa konstrukcja<\/strong>:Ich miniaturowe rozmiary pozwalaj\u0105 na stosowanie ich w zastosowaniach o ograniczonej przestrzeni, bez utraty wydajno\u015bci.<\/li>\n<li><strong>\u0141atwo\u015b\u0107 instalacji<\/strong>:Konstrukcja ko\u0142nierzowa u\u0142atwia monta\u017c, zapewniaj\u0105c stabilno\u015b\u0107 i redukuj\u0105c ryzyko rozbie\u017cno\u015bci.<\/li>\n<li><strong>W\u0142a\u015bciwo\u015bci higieniczne<\/strong>:Idealny dla bran\u017c, w kt\u00f3rych wymagane s\u0105 \u015bcis\u0142e standardy higieniczne, poniewa\u017c stal nierdzewna jest \u0142atwa do czyszczenia i nie gromadzi bakterii.<\/li>\n<\/ul>\n<h3>Aplikacje<\/h3>\n<p>Tego typu zespo\u0142y \u0142o\u017cyskowe s\u0105 wszechstronne i znajduj\u0105 zastosowanie w wielu ga\u0142\u0119ziach przemys\u0142u:<\/p>\n<ul>\n<li><strong>Przemys\u0142 spo\u017cywczy i napoj\u00f3w<\/strong>:Stosowany w urz\u0105dzeniach przetw\u00f3rczych i pakuj\u0105cych, w kt\u00f3rych higiena i odporno\u015b\u0107 na korozj\u0119 maj\u0105 priorytet.<\/li>\n<li><strong>Farmaceutyki<\/strong>:Stosowany w maszynach wymagaj\u0105cych czystych i sterylnych warunk\u00f3w.<\/li>\n<li><strong>Zastosowania morskie<\/strong>:Nadaje si\u0119 do urz\u0105dze\u0144 nara\u017conych na dzia\u0142anie s\u0142onej wody ze wzgl\u0119du na odporno\u015b\u0107 na korozj\u0119.<\/li>\n<li><strong>Automobilowy<\/strong>:Stosowany w systemach, w kt\u00f3rych przestrze\u0144 jest ograniczona, a niezawodno\u015b\u0107 dzia\u0142ania ma kluczowe znaczenie.<\/li>\n<\/ul>\n<h2>Znaczenie EEAT przy wyborze zespo\u0142\u00f3w \u0142o\u017cyskowych<\/h2>\n<p>Przy wyborze miniaturowych zespo\u0142\u00f3w \u0142o\u017cyskowych z ko\u0142nierzem ze stali nierdzewnej kluczowe znaczenie ma uwzgl\u0119dnienie zasad do\u015bwiadczenia, wiedzy fachowej, autorytetu i wiarygodno\u015bci (EEAT):<\/p>\n<ul>\n<li><strong>Do\u015bwiadczenie<\/strong>:Wybieraj producent\u00f3w z udokumentowan\u0105 histori\u0105 produkcji wysokiej jako\u015bci zespo\u0142\u00f3w \u0142o\u017cyskowych. Do\u015bwiadczenie wskazuje na g\u0142\u0119bokie zrozumienie produktu i jego zastosowa\u0144.<\/li>\n<li><strong>Ekspertyza<\/strong>: Upewnij si\u0119, \u017ce producent posiada specjalistyczn\u0105 wiedz\u0119 w zakresie technologii \u0142o\u017cysk i zastosowa\u0144 stali nierdzewnej. Ekspertyza zapewnia, \u017ce produkty s\u0105 projektowane i produkowane tak, aby spe\u0142nia\u0142y okre\u015blone wymagania bran\u017cowe.<\/li>\n<li><strong>Autorytatywno\u015b\u0107<\/strong>: Wybieraj dostawc\u00f3w uznawanych za lider\u00f3w w tej dziedzinie. Autorytatywne firmy cz\u0119sto przyczyniaj\u0105 si\u0119 do standard\u00f3w bran\u017cowych i s\u0105 cytowane jako wiarygodne \u017ar\u00f3d\u0142a.<\/li>\n<li><strong>Solidno\u015b\u0107<\/strong>: Wybieraj producent\u00f3w znanych ze swojej uczciwo\u015bci i zapewnienia jako\u015bci. Zaufane firmy zapewniaj\u0105 przejrzyste informacje o swoich produktach i odpowiadaj\u0105 za ich wydajno\u015b\u0107.<\/li>\n<\/ul>\n<p>Wybieraj\u0105c EEAT, mo\u017cesz mie\u0107 pewno\u015b\u0107 jako\u015bci i niezawodno\u015bci wybranych miniaturowych zespo\u0142\u00f3w \u0142o\u017cyskowych z ko\u0142nierzem ze stali nierdzewnej, co gwarantuje optymaln\u0105 wydajno\u015b\u0107 w Twoich zastosowaniach.<\/p>\n<p>Miniaturowe \u0142o\u017cyska ko\u0142nierzowe ze stali nierdzewnej s\u0105 kluczowymi komponentami w r\u00f3\u017cnych bran\u017cach, oferuj\u0105c trwa\u0142o\u015b\u0107, kompaktowo\u015b\u0107 i \u0142atwo\u015b\u0107 instalacji. Rozumiej\u0105c ich cechy i zastosowania oraz stosuj\u0105c zasady EEAT w procesie wyboru, mo\u017cesz zapewni\u0107 d\u0142ugowieczno\u015b\u0107 i wydajno\u015b\u0107 swoich maszyn i urz\u0105dze\u0144.<\/p>\n<p><a href=\"https:\/\/nhkmachineryparts.com\/pl\/linia-produkcyjna-2\/produkt\/253-mini-dwa-srubowe-zespoly-kolnierzy-ze-sufl-ze-stali-nierdzewnej\/\">2-otworowy minizesp\u00f3\u0142 \u0142o\u017cyskowy ko\u0142nierzowy ze stali nierdzewnej typu SUFL z mimo\u015brodowymi blokadami ko\u0142nierzowymi to wyj\u0105tkowo w\u0105skie zespo\u0142y \u0142o\u017cyskowe o higienicznej konstrukcji.<\/a><\/p>\n<p><a href=\"https:\/\/nhkmachineryparts.com\/pl\/linia-produkcyjna-2\/produkt\/254-mini-dwie-srubowe-jednostki-kolnierzowe-ze-stal-nierdzewnej-skfl\/\">2-otworowe mini zespo\u0142y \u0142o\u017cysk ko\u0142nierzowych ze stali nierdzewnej typu SKFL z blokad\u0105 \u015bruby ustalaj\u0105cej to wyj\u0105tkowo w\u0105skie zespo\u0142y \u0142o\u017cyskowe o higienicznej konstrukcji.<\/a><\/p>\n\n\t\t<\/div>\n\t<\/div>\n<\/div><\/div><\/div><\/div><\/div><\/section>","protected":false},"excerpt":{"rendered":"Mini stainless steel flange bearing unit Check out our extensive range of Mini Bearing Units in Stainless Steel Features and advantages: Stainless steel housings AISI 304 Stainless steel bearings AISI 440C Seal: Nitrile rubber (NBR) or FDA approved silicone (Si) rubber Narrow bearings No surface coating are required Set screw lock or eccentric collar lock [...]","protected":false},"featured_media":1893,"template":"","meta":[],"product_brand":[],"product_cat":[129],"product_tag":[],"class_list":{"0":"post-1892","1":"product","2":"type-product","3":"status-publish","4":"has-post-thumbnail","6":"product_cat-related-products","8":"first","9":"instock","10":"shipping-taxable","11":"product-type-simple"},"yoast_head":"<!-- This site is optimized with the Yoast SEO plugin v27.2 - https:\/\/yoast.com\/product\/yoast-seo-wordpress\/ -->\n<title>Mini flange bearing unit in stainless steel | NHK Machinery Parts<\/title>\n<meta name=\"description\" content=\"Mini\u00a0flange bearing unit in stainless steel, hygienic designed, suitable in food and pharmaceutical production and other demanding environments\" \/>\n<meta name=\"robots\" content=\"index, follow, max-snippet:-1, max-image-preview:large, max-video-preview:-1\" \/>\n<link rel=\"canonical\" href=\"https:\/\/nhkmachineryparts.com\/pl\/produkt\/290-mini-zespolow-kolnierzowych-ze-stali-nierdzewnej\/\" \/>\n<meta property=\"og:locale\" content=\"pl_PL\" \/>\n<meta property=\"og:type\" content=\"article\" \/>\n<meta property=\"og:title\" content=\"Mini flange bearing unit in stainless steel | NHK Machinery Parts\" \/>\n<meta property=\"og:description\" content=\"Mini\u00a0flange bearing unit in stainless steel, hygienic designed, suitable in food and pharmaceutical production and other demanding environments\" \/>\n<meta property=\"og:url\" content=\"https:\/\/nhkmachineryparts.com\/pl\/produkt\/290-mini-zespolow-kolnierzowych-ze-stali-nierdzewnej\/\" \/>\n<meta property=\"og:site_name\" content=\"NHK Machinery Parts\" \/>\n<meta property=\"article:publisher\" content=\"https:\/\/www.facebook.com\/NHK.Group.aps\" \/>\n<meta property=\"article:modified_time\" content=\"2026-02-23T12:52:30+00:00\" \/>\n<meta property=\"og:image\" content=\"https:\/\/nhkmachineryparts.com\/wp-content\/uploads\/2022\/09\/Mini-SUS-Two-bolt-flange-units.jpg\" \/>\n\t<meta property=\"og:image:width\" content=\"1000\" \/>\n\t<meta property=\"og:image:height\" content=\"1000\" \/>\n\t<meta property=\"og:image:type\" content=\"image\/jpeg\" \/>\n<meta name=\"twitter:card\" content=\"summary_large_image\" \/>\n<meta name=\"twitter:label1\" content=\"Szacowany czas czytania\" \/>\n\t<meta name=\"twitter:data1\" content=\"4 minuty\" \/>\n<script type=\"application\/ld+json\" class=\"yoast-schema-graph\">{\"@context\":\"https:\/\/schema.org\",\"@graph\":[{\"@type\":\"WebPage\",\"@id\":\"https:\/\/nhkmachineryparts.com\/product\/290-mini-flange-units-in-stainless-steel\/\",\"url\":\"https:\/\/nhkmachineryparts.com\/product\/290-mini-flange-units-in-stainless-steel\/\",\"name\":\"Mini flange bearing unit in stainless steel | NHK Machinery Parts\",\"isPartOf\":{\"@id\":\"https:\/\/nhkmachineryparts.com\/#website\"},\"primaryImageOfPage\":{\"@id\":\"https:\/\/nhkmachineryparts.com\/product\/290-mini-flange-units-in-stainless-steel\/#primaryimage\"},\"image\":{\"@id\":\"https:\/\/nhkmachineryparts.com\/product\/290-mini-flange-units-in-stainless-steel\/#primaryimage\"},\"thumbnailUrl\":\"https:\/\/nhkmachineryparts.com\/wp-content\/uploads\/2022\/09\/Mini-SUS-Two-bolt-flange-units.jpg\",\"datePublished\":\"2022-09-26T19:24:02+00:00\",\"dateModified\":\"2026-02-23T12:52:30+00:00\",\"description\":\"Mini\u00a0flange bearing unit in stainless steel, hygienic designed, suitable in food and pharmaceutical production and other demanding environments\",\"breadcrumb\":{\"@id\":\"https:\/\/nhkmachineryparts.com\/product\/290-mini-flange-units-in-stainless-steel\/#breadcrumb\"},\"inLanguage\":\"pl-PL\",\"potentialAction\":[{\"@type\":\"ReadAction\",\"target\":[\"https:\/\/nhkmachineryparts.com\/product\/290-mini-flange-units-in-stainless-steel\/\"]}]},{\"@type\":\"ImageObject\",\"inLanguage\":\"pl-PL\",\"@id\":\"https:\/\/nhkmachineryparts.com\/product\/290-mini-flange-units-in-stainless-steel\/#primaryimage\",\"url\":\"https:\/\/nhkmachineryparts.com\/wp-content\/uploads\/2022\/09\/Mini-SUS-Two-bolt-flange-units.jpg\",\"contentUrl\":\"https:\/\/nhkmachineryparts.com\/wp-content\/uploads\/2022\/09\/Mini-SUS-Two-bolt-flange-units.jpg\",\"width\":1000,\"height\":1000,\"caption\":\"Mini stainless steel two bolt flange bearing unit\"},{\"@type\":\"BreadcrumbList\",\"@id\":\"https:\/\/nhkmachineryparts.com\/product\/290-mini-flange-units-in-stainless-steel\/#breadcrumb\",\"itemListElement\":[{\"@type\":\"ListItem\",\"position\":1,\"name\":\"Home\",\"item\":\"https:\/\/nhkmachineryparts.com\/\"},{\"@type\":\"ListItem\",\"position\":2,\"name\":\"Product line\",\"item\":\"https:\/\/nhkmachineryparts.com\/product-line\/\"},{\"@type\":\"ListItem\",\"position\":3,\"name\":\"Related products\",\"item\":\"https:\/\/nhkmachineryparts.com\/product-line\/related-products\/\"},{\"@type\":\"ListItem\",\"position\":4,\"name\":\"Mini flange bearing unit in stainless steel\"}]},{\"@type\":\"WebSite\",\"@id\":\"https:\/\/nhkmachineryparts.com\/#website\",\"url\":\"https:\/\/nhkmachineryparts.com\/\",\"name\":\"NHK Machinery Parts\",\"description\":\"Bearing Houses, seismic levelling feet and levelling castors\",\"publisher\":{\"@id\":\"https:\/\/nhkmachineryparts.com\/#organization\"},\"potentialAction\":[{\"@type\":\"SearchAction\",\"target\":{\"@type\":\"EntryPoint\",\"urlTemplate\":\"https:\/\/nhkmachineryparts.com\/?s={search_term_string}\"},\"query-input\":{\"@type\":\"PropertyValueSpecification\",\"valueRequired\":true,\"valueName\":\"search_term_string\"}}],\"inLanguage\":\"pl-PL\"},{\"@type\":\"Organization\",\"@id\":\"https:\/\/nhkmachineryparts.com\/#organization\",\"name\":\"Nhk Group ApS\",\"url\":\"https:\/\/nhkmachineryparts.com\/\",\"logo\":{\"@type\":\"ImageObject\",\"inLanguage\":\"pl-PL\",\"@id\":\"https:\/\/nhkmachineryparts.com\/#\/schema\/logo\/image\/\",\"url\":\"https:\/\/nhkmachineryparts.com\/wp-content\/uploads\/2022\/09\/NHKgroup_social.jpg\",\"contentUrl\":\"https:\/\/nhkmachineryparts.com\/wp-content\/uploads\/2022\/09\/NHKgroup_social.jpg\",\"width\":1200,\"height\":630,\"caption\":\"Nhk Group ApS\"},\"image\":{\"@id\":\"https:\/\/nhkmachineryparts.com\/#\/schema\/logo\/image\/\"},\"sameAs\":[\"https:\/\/www.facebook.com\/NHK.Group.aps\"]}]}<\/script>\n<!-- \/ Yoast SEO plugin. -->","yoast_head_json":{"title":"Minizesp\u00f3\u0142 \u0142o\u017cyska ko\u0142nierzowego ze stali nierdzewnej | Cz\u0119\u015bci maszyn NHK","description":"Minizesp\u00f3\u0142 \u0142o\u017cyska ko\u0142nierzowego ze stali nierdzewnej, zaprojektowany w spos\u00f3b higieniczny, odpowiedni do zastosowa\u0144 w produkcji \u017cywno\u015bci i farmaceutyk\u00f3w oraz w innych wymagaj\u0105cych \u015brodowiskach","robots":{"index":"index","follow":"follow","max-snippet":"max-snippet:-1","max-image-preview":"max-image-preview:large","max-video-preview":"max-video-preview:-1"},"canonical":"https:\/\/nhkmachineryparts.com\/pl\/produkt\/290-mini-zespolow-kolnierzowych-ze-stali-nierdzewnej\/","og_locale":"pl_PL","og_type":"article","og_title":"Mini flange bearing unit in stainless steel | NHK Machinery Parts","og_description":"Mini\u00a0flange bearing unit in stainless steel, hygienic designed, suitable in food and pharmaceutical production and other demanding environments","og_url":"https:\/\/nhkmachineryparts.com\/pl\/produkt\/290-mini-zespolow-kolnierzowych-ze-stali-nierdzewnej\/","og_site_name":"NHK Machinery Parts","article_publisher":"https:\/\/www.facebook.com\/NHK.Group.aps","article_modified_time":"2026-02-23T12:52:30+00:00","og_image":[{"width":1000,"height":1000,"url":"https:\/\/nhkmachineryparts.com\/wp-content\/uploads\/2022\/09\/Mini-SUS-Two-bolt-flange-units.jpg","type":"image\/jpeg"}],"twitter_card":"summary_large_image","twitter_misc":{"Szacowany czas czytania":"4 minuty"},"schema":{"@context":"https:\/\/schema.org","@graph":[{"@type":"WebPage","@id":"https:\/\/nhkmachineryparts.com\/product\/290-mini-flange-units-in-stainless-steel\/","url":"https:\/\/nhkmachineryparts.com\/product\/290-mini-flange-units-in-stainless-steel\/","name":"Minizesp\u00f3\u0142 \u0142o\u017cyska ko\u0142nierzowego ze stali nierdzewnej | Cz\u0119\u015bci maszyn NHK","isPartOf":{"@id":"https:\/\/nhkmachineryparts.com\/#website"},"primaryImageOfPage":{"@id":"https:\/\/nhkmachineryparts.com\/product\/290-mini-flange-units-in-stainless-steel\/#primaryimage"},"image":{"@id":"https:\/\/nhkmachineryparts.com\/product\/290-mini-flange-units-in-stainless-steel\/#primaryimage"},"thumbnailUrl":"https:\/\/nhkmachineryparts.com\/wp-content\/uploads\/2022\/09\/Mini-SUS-Two-bolt-flange-units.jpg","datePublished":"2022-09-26T19:24:02+00:00","dateModified":"2026-02-23T12:52:30+00:00","description":"Minizesp\u00f3\u0142 \u0142o\u017cyska ko\u0142nierzowego ze stali nierdzewnej, zaprojektowany w spos\u00f3b higieniczny, odpowiedni do zastosowa\u0144 w produkcji \u017cywno\u015bci i farmaceutyk\u00f3w oraz w innych wymagaj\u0105cych \u015brodowiskach","breadcrumb":{"@id":"https:\/\/nhkmachineryparts.com\/product\/290-mini-flange-units-in-stainless-steel\/#breadcrumb"},"inLanguage":"pl-PL","potentialAction":[{"@type":"ReadAction","target":["https:\/\/nhkmachineryparts.com\/product\/290-mini-flange-units-in-stainless-steel\/"]}]},{"@type":"ImageObject","inLanguage":"pl-PL","@id":"https:\/\/nhkmachineryparts.com\/product\/290-mini-flange-units-in-stainless-steel\/#primaryimage","url":"https:\/\/nhkmachineryparts.com\/wp-content\/uploads\/2022\/09\/Mini-SUS-Two-bolt-flange-units.jpg","contentUrl":"https:\/\/nhkmachineryparts.com\/wp-content\/uploads\/2022\/09\/Mini-SUS-Two-bolt-flange-units.jpg","width":1000,"height":1000,"caption":"Mini stainless steel two bolt flange bearing unit"},{"@type":"BreadcrumbList","@id":"https:\/\/nhkmachineryparts.com\/product\/290-mini-flange-units-in-stainless-steel\/#breadcrumb","itemListElement":[{"@type":"ListItem","position":1,"name":"Home","item":"https:\/\/nhkmachineryparts.com\/"},{"@type":"ListItem","position":2,"name":"Product line","item":"https:\/\/nhkmachineryparts.com\/product-line\/"},{"@type":"ListItem","position":3,"name":"Related products","item":"https:\/\/nhkmachineryparts.com\/product-line\/related-products\/"},{"@type":"ListItem","position":4,"name":"Mini flange bearing unit in stainless steel"}]},{"@type":"WebSite","@id":"https:\/\/nhkmachineryparts.com\/#website","url":"https:\/\/nhkmachineryparts.com\/","name":"Cz\u0119\u015bci maszyn NHK","description":"Obudowy \u0142o\u017cyskowe, sejsmiczne stopy poziomuj\u0105ce i k\u00f3\u0142ka poziomuj\u0105ce","publisher":{"@id":"https:\/\/nhkmachineryparts.com\/#organization"},"potentialAction":[{"@type":"SearchAction","target":{"@type":"EntryPoint","urlTemplate":"https:\/\/nhkmachineryparts.com\/?s={search_term_string}"},"query-input":{"@type":"PropertyValueSpecification","valueRequired":true,"valueName":"search_term_string"}}],"inLanguage":"pl-PL"},{"@type":"Organization","@id":"https:\/\/nhkmachineryparts.com\/#organization","name":"ApS Grupy Nhk","url":"https:\/\/nhkmachineryparts.com\/","logo":{"@type":"ImageObject","inLanguage":"pl-PL","@id":"https:\/\/nhkmachineryparts.com\/#\/schema\/logo\/image\/","url":"https:\/\/nhkmachineryparts.com\/wp-content\/uploads\/2022\/09\/NHKgroup_social.jpg","contentUrl":"https:\/\/nhkmachineryparts.com\/wp-content\/uploads\/2022\/09\/NHKgroup_social.jpg","width":1200,"height":630,"caption":"Nhk Group ApS"},"image":{"@id":"https:\/\/nhkmachineryparts.com\/#\/schema\/logo\/image\/"},"sameAs":["https:\/\/www.facebook.com\/NHK.Group.aps"]}]}},"_links":{"self":[{"href":"https:\/\/nhkmachineryparts.com\/pl\/wp-json\/wp\/v2\/product\/1892","targetHints":{"allow":["GET"]}}],"collection":[{"href":"https:\/\/nhkmachineryparts.com\/pl\/wp-json\/wp\/v2\/product"}],"about":[{"href":"https:\/\/nhkmachineryparts.com\/pl\/wp-json\/wp\/v2\/types\/product"}],"wp:featuredmedia":[{"embeddable":true,"href":"https:\/\/nhkmachineryparts.com\/pl\/wp-json\/wp\/v2\/media\/1893"}],"wp:attachment":[{"href":"https:\/\/nhkmachineryparts.com\/pl\/wp-json\/wp\/v2\/media?parent=1892"}],"wp:term":[{"taxonomy":"product_brand","embeddable":true,"href":"https:\/\/nhkmachineryparts.com\/pl\/wp-json\/wp\/v2\/product_brand?post=1892"},{"taxonomy":"product_cat","embeddable":true,"href":"https:\/\/nhkmachineryparts.com\/pl\/wp-json\/wp\/v2\/product_cat?post=1892"},{"taxonomy":"product_tag","embeddable":true,"href":"https:\/\/nhkmachineryparts.com\/pl\/wp-json\/wp\/v2\/product_tag?post=1892"}],"curies":[{"name":"wp","href":"https:\/\/api.w.org\/{rel}","templated":true}]}}