{"id":1859,"date":"2022-09-26T10:47:48","date_gmt":"2022-09-26T10:47:48","guid":{"rendered":"https:\/\/nhkmachineryparts.pawsfabrik.dk\/?post_type=product&#038;p=1859"},"modified":"2025-02-15T19:16:39","modified_gmt":"2025-02-15T17:16:39","slug":"231-uszczelka-tylna-modulu-z-tworzywa-termoplastycznego","status":"publish","type":"product","link":"https:\/\/nhkmachineryparts.com\/pl\/product\/231-thermo-plastic-unit-back-seal\/","title":{"rendered":"Uszczelka tylna zespo\u0142u \u0142o\u017cyskowego z tworzywa termoplastycznego"},"content":{"rendered":"<section class=\"vc_row vc_custom_1662993827263 liquid-row-shadowbox-69d3fb65b9459 vc_column-gap-0\"><div class=\"ld-container container\"><div class=\"row ld-row ld-row-outer\"><div class=\"wpb_column vc_column_container vc_col-sm-12 liquid-column-69d3fb65b95f7\"><div class=\"vc_column-inner\" ><div class=\"wpb_wrapper\"  >\n\t<div class=\"wpb_text_column wpb_content_element\" >\n\t\t<div class=\"wpb_wrapper\">\n\t\t\t<h2>Zoptymalizowane rozwi\u0105zania uszczelniaj\u0105ce zapewniaj\u0105ce lepsz\u0105 ochron\u0119<\/h2>\n<ul>\n<li>Uszczelnienie tylne obudowy z tworzywa termoplastycznego w kolorze czarnym lub niebieskim<\/li>\n<li>Materia\u0142 uszczelki tylnej: guma NBR<\/li>\n<li>Uszczelka tylna TC (podw\u00f3jna warga)<\/li>\n<li>Uszczelka tylna ze spr\u0119\u017cyn\u0105 ze stali nierdzewnej<\/li>\n<\/ul>\n<h2>Dost\u0119pne rozmiary<\/h2>\n<div class=\"dcf-overflow-x-auto\" tabindex=\"0\">\n<table class=\"dcf-table dcf-table-bordered dcf-w-100%\">\n<thead>\n<tr>\n<th scope=\"col\">\u015arednica wa\u0142u<\/th>\n<th scope=\"col\">Nr katalogowy<\/th>\n<\/tr>\n<\/thead>\n<tbody>\n<tr>\n<td data-label=\"Shaft Diameter\">\u015820 mm<\/td>\n<td data-label=\"Catalog No.\">BS 204<\/td>\n<\/tr>\n<tr>\n<td data-label=\"Shaft Diameter\">\u015825 mm<\/td>\n<td data-label=\"Catalog No.\">BS 205<\/td>\n<\/tr>\n<tr>\n<td data-label=\"Shaft Diameter\">\u015830 mm<\/td>\n<td data-label=\"Catalog No.\">BS 206<\/td>\n<\/tr>\n<tr>\n<td data-label=\"Shaft Diameter\">\u015835 mm<\/td>\n<td data-label=\"Catalog No.\">BS 207<\/td>\n<\/tr>\n<tr>\n<td data-label=\"Shaft Diameter\">\u015840 mm<\/td>\n<td data-label=\"Catalog No.\">BS 208<\/td>\n<\/tr>\n<tr>\n<td data-label=\"Shaft Diameter\">\u015845 mm<\/td>\n<td data-label=\"Catalog No.\">BS 209<\/td>\n<\/tr>\n<tr>\n<td data-label=\"Shaft Diameter\">\u015850 mm<\/td>\n<td data-label=\"Catalog No.\">BS210<\/td>\n<\/tr>\n<tr>\n<td data-label=\"Shaft Diameter\">\u015855 mm<\/td>\n<td data-label=\"Catalog No.\">BS 211<\/td>\n<\/tr>\n<tr>\n<td data-label=\"Shaft Diameter\">\u015860 mm<\/td>\n<td data-label=\"Catalog No.\">BS 212<\/td>\n<\/tr>\n<\/tbody>\n<\/table>\n<h2 data-start=\"0\" data-end=\"81\"><strong data-start=\"4\" data-end=\"79\">Zoptymalizowane rozwi\u0105zania uszczelniaj\u0105ce dla zespo\u0142\u00f3w \u0142o\u017cyskowych w obudowie kompozytowej IP54<\/strong><\/h2>\n<p data-start=\"83\" data-end=\"369\">W zastosowaniach przemys\u0142owych, <strong data-start=\"111\" data-end=\"156\">zespo\u0142y \u0142o\u017cyskowe z obudow\u0105 kompozytow\u0105 IP54<\/strong> odgrywaj\u0105 kluczow\u0105 rol\u0119 w zapewnianiu p\u0142ynnych i wydajnych operacji. Jednym z kluczowych aspekt\u00f3w ich wydajno\u015bci jest <strong data-start=\"269\" data-end=\"291\">technologia uszczelniania<\/strong>, kt\u00f3ry chroni przed zanieczyszczeniami, zapewniaj\u0105c jednocze\u015bnie optymalne smarowanie.<\/p>\n<h3 data-start=\"371\" data-end=\"424\"><strong data-start=\"376\" data-end=\"422\">Znaczenie uszczelnienia w zespo\u0142ach \u0142o\u017cyskowych<\/strong><\/h3>\n<p data-start=\"426\" data-end=\"761\">Systemy uszczelniaj\u0105ce w <strong data-start=\"445\" data-end=\"486\">Obudowy \u0142o\u017cysk kompozytowych o stopniu ochrony IP54<\/strong> s\u0105 zaprojektowane, aby zapewni\u0107 <strong data-start=\"511\" data-end=\"558\">ochrona przed kurzem i zachlapaniem wod\u0105<\/strong>, co czyni je idealnymi do umiarkowanych warunk\u00f3w \u015brodowiskowych. Uszczelki te zapobiegaj\u0105 przedostawaniu si\u0119 <strong data-start=\"652\" data-end=\"680\">kurz, brud i wilgo\u0107<\/strong>, wyd\u0142u\u017caj\u0105c \u017cywotno\u015b\u0107 \u0142o\u017cysk i zmniejszaj\u0105c wymagania konserwacyjne.<\/p>\n<h3 data-start=\"763\" data-end=\"824\"><strong data-start=\"768\" data-end=\"822\">Rodzaje uszczelnie\u0144 dla obud\u00f3w \u0142o\u017cysk kompozytowych IP54<\/strong><\/h3>\n<ol data-start=\"826\" data-end=\"1157\">\n<li data-start=\"826\" data-end=\"931\"><strong data-start=\"829\" data-end=\"846\">Uszczelki kontaktowe<\/strong> \u2013 Zapewniaj\u0105 zwi\u0119kszon\u0105 ochron\u0119 przed zanieczyszczeniami, utrzymuj\u0105c jednocze\u015bnie niski poziom tarcia.<\/li>\n<li data-start=\"932\" data-end=\"1039\"><strong data-start=\"935\" data-end=\"954\">Piecz\u0119cie labiryntowe<\/strong> \u2013 Zastosuj konstrukcj\u0119 bezkontaktow\u0105, aby stworzy\u0107 kr\u0119t\u0105 \u015bcie\u017ck\u0119, kt\u00f3ra uniemo\u017cliwi przedostawanie si\u0119 cz\u0105stek.<\/li>\n<li data-start=\"1040\" data-end=\"1157\"><strong data-start=\"1043\" data-end=\"1056\">Uszczelki wargowe<\/strong> \u2013 Wykonane z <strong data-start=\"1069\" data-end=\"1100\">elastomery o wysokiej wydajno\u015bci<\/strong>zapewniaj\u0105c szczelne uszczelnienie i umo\u017cliwiaj\u0105c p\u0142ynny obr\u00f3t.<\/li>\n<\/ol>\n<h3 data-start=\"1159\" data-end=\"1209\"><strong data-start=\"1164\" data-end=\"1207\">Korzy\u015bci ze zoptymalizowanych rozwi\u0105za\u0144 uszczelniaj\u0105cych<\/strong><\/h3>\n<ul data-start=\"1211\" data-end=\"1519\">\n<li data-start=\"1211\" data-end=\"1293\"><strong data-start=\"1213\" data-end=\"1238\">Wyd\u0142u\u017cona \u017cywotno\u015b\u0107 \u0142o\u017cysk<\/strong> \u2013 Zmniejsza zu\u017cycie, chroni\u0105c przed zanieczyszczeniami.<\/li>\n<li data-start=\"1294\" data-end=\"1391\"><strong data-start=\"1296\" data-end=\"1323\">Ni\u017csze koszty utrzymania<\/strong> \u2013 Minimalizuje utrat\u0119 smarowania i potrzeb\u0119 cz\u0119stego serwisowania.<\/li>\n<li data-start=\"1392\" data-end=\"1519\"><strong data-start=\"1394\" data-end=\"1418\">Poprawiona wydajno\u015b\u0107<\/strong> \u2013 Zapewnia sp\u00f3jn\u0105 prac\u0119 w <strong data-start=\"1453\" data-end=\"1516\">przetw\u00f3rstwo \u017cywno\u015bci, systemy przeno\u015bnik\u00f3w i maszyny przemys\u0142owe<\/strong>.<\/li>\n<\/ul>\n<p data-start=\"1521\" data-end=\"1686\">Wyb\u00f3r w\u0142a\u015bciwego <strong data-start=\"1540\" data-end=\"1594\">system uszczelniaj\u0105cy do obud\u00f3w \u0142o\u017cysk kompozytowych IP54<\/strong> zwi\u0119ksza trwa\u0142o\u015b\u0107 i wydajno\u015b\u0107, dzi\u0119ki czemu s\u0105 niezawodnym wyborem dla r\u00f3\u017cnych zastosowa\u0144 <a href=\"https:\/\/nhkmachineryparts.com\/pl\/our-industries\/\" data-internallinksmanager029f6b8e52c=\"4\" title=\"Nasze bran\u017ce\">bran\u017ce<\/a>.<\/p>\n<\/div>\n<h2>Uszczelka tylna zespo\u0142u \u0142o\u017cyskowego z tworzywa termoplastycznego (BS)<\/h2>\n<p><a href=\"https:\/\/nhkmachineryparts.com\/pl\/produkt\/223-jednostka-poduszek-blok-ppl\/\">Zesp\u00f3\u0142 \u0142o\u017cyska kulkowego PPL z blokiem poduszki<\/a><br \/>\n<a href=\"https:\/\/nhkmachineryparts.com\/pl\/produkt\/jednostka-kolnierzowa-222-kwadratowa-4-srubowa-fpl\/\">Zesp\u00f3\u0142 \u0142o\u017cyska kulkowego FPL z ko\u0142nierzem kwadratowym na 4 \u015bruby<\/a><br \/>\n<a href=\"https:\/\/nhkmachineryparts.com\/pl\/produkt\/224-jednostka-kolnierza-owalna-2-srubowa-flpl\/\">Zesp\u00f3\u0142 \u0142o\u017cyska kulkowego FLPL z ko\u0142nierzem owalnym na 2 \u015bruby<\/a><br \/>\n<a href=\"https:\/\/nhkmachineryparts.com\/pl\/produkt\/225-podstawa-gwintowana-blok-poduszka-jednostka-papl\/\">Gwintowany blok podstawy z \u0142o\u017cyskiem kulkowym PAPL<\/a><br \/>\n<a href=\"https:\/\/nhkmachineryparts.com\/pl\/produkt\/226-zespol-kolnierzowy-3-srubowy-jednostronny-fbpl\/\">Zesp\u00f3\u0142 \u0142o\u017cyska kulkowego FBPL z ko\u0142nierzem przykr\u0119canym na 3 \u015bruby<\/a><br \/>\n<a href=\"https:\/\/nhkmachineryparts.com\/pl\/produkt\/292-wklad-kolnierz-jednostka-fcpl\/\">Zesp\u00f3\u0142 ko\u0142nierzowy z 4 \u015brubami w kasecie FCPL<\/a><br \/>\n<a href=\"https:\/\/nhkmachineryparts.com\/pl\/produkt\/227-jednostka-wieszakowa-hppl\/\">Zesp\u00f3\u0142 \u0142o\u017cyska kulkowego Blue Hanger HPPL<\/a><br \/>\n<a href=\"https:\/\/nhkmachineryparts.com\/pl\/produkt\/228-jednostka-odbiorcza-tpl\/\">Zesp\u00f3\u0142 \u0142o\u017cyska kulkowego Blue Take-up TPL<\/a><\/p>\n\n\t\t<\/div>\n\t<\/div>\n<\/div><\/div><\/div><\/div><\/div><\/section>","protected":false},"excerpt":{"rendered":"Optimized Sealing Solutions for Enhanced Protection Thermoplastic housings back seal in black or blue Back seal material: NBR Rubber Back seal TC (Double lip) Back seal with stainless steel spring Available sizes Shaft Diameter Catalog No. \u00d820 mm BS 204 \u00d825 mm BS 205 \u00d830 mm BS 206 \u00d835 mm BS 207 \u00d840 mm BS [...]","protected":false},"featured_media":11568,"template":"","meta":[],"product_brand":[],"product_cat":[52],"product_tag":[],"class_list":{"0":"post-1859","1":"product","2":"type-product","3":"status-publish","4":"has-post-thumbnail","6":"product_cat-bearing-units-in-ip54-thermo-plastic-housing","8":"first","9":"instock","10":"shipping-taxable","11":"product-type-simple"},"yoast_head":"<!-- This site is optimized with the Yoast SEO plugin v27.3 - https:\/\/yoast.com\/product\/yoast-seo-wordpress\/ -->\n<title>Thermo plastic bearing unit back seal | Optimized Sealing Solutions | NHK Machinery Parts<\/title>\n<meta name=\"description\" content=\"The back seal for thermo plastic bearing unit is suitable for the food industry and other demanding environments, due to the hygienic design\" \/>\n<meta name=\"robots\" content=\"index, follow, max-snippet:-1, max-image-preview:large, max-video-preview:-1\" \/>\n<link rel=\"canonical\" href=\"https:\/\/nhkmachineryparts.com\/pl\/produkt\/231-uszczelka-tylna-modulu-z-tworzywa-termoplastycznego\/\" \/>\n<meta property=\"og:locale\" content=\"pl_PL\" \/>\n<meta property=\"og:type\" content=\"article\" \/>\n<meta property=\"og:title\" content=\"Thermo plastic bearing unit back seal | Optimized Sealing Solutions | NHK Machinery Parts\" \/>\n<meta property=\"og:description\" content=\"The back seal for thermo plastic bearing unit is suitable for the food industry and other demanding environments, due to the hygienic design\" \/>\n<meta property=\"og:url\" content=\"https:\/\/nhkmachineryparts.com\/pl\/produkt\/231-uszczelka-tylna-modulu-z-tworzywa-termoplastycznego\/\" \/>\n<meta property=\"og:site_name\" content=\"NHK Machinery Parts\" \/>\n<meta property=\"article:publisher\" content=\"https:\/\/www.facebook.com\/NHK.Group.aps\" \/>\n<meta property=\"article:modified_time\" content=\"2025-02-15T17:16:39+00:00\" \/>\n<meta property=\"og:image\" content=\"https:\/\/nhkmachineryparts.com\/wp-content\/uploads\/2022\/09\/Blue-back-seal-for-stainless-bearing-unit.jpg\" \/>\n\t<meta property=\"og:image:width\" content=\"1000\" \/>\n\t<meta property=\"og:image:height\" content=\"1000\" \/>\n\t<meta property=\"og:image:type\" content=\"image\/jpeg\" \/>\n<meta name=\"twitter:card\" content=\"summary_large_image\" \/>\n<meta name=\"twitter:label1\" content=\"Szacowany czas czytania\" \/>\n\t<meta name=\"twitter:data1\" content=\"2 minuty\" \/>\n<script type=\"application\/ld+json\" class=\"yoast-schema-graph\">{\"@context\":\"https:\\\/\\\/schema.org\",\"@graph\":[{\"@type\":\"WebPage\",\"@id\":\"https:\\\/\\\/nhkmachineryparts.com\\\/product\\\/231-thermo-plastic-unit-back-seal\\\/\",\"url\":\"https:\\\/\\\/nhkmachineryparts.com\\\/product\\\/231-thermo-plastic-unit-back-seal\\\/\",\"name\":\"Thermo plastic bearing unit back seal | Optimized Sealing Solutions | NHK Machinery Parts\",\"isPartOf\":{\"@id\":\"https:\\\/\\\/nhkmachineryparts.com\\\/#website\"},\"primaryImageOfPage\":{\"@id\":\"https:\\\/\\\/nhkmachineryparts.com\\\/product\\\/231-thermo-plastic-unit-back-seal\\\/#primaryimage\"},\"image\":{\"@id\":\"https:\\\/\\\/nhkmachineryparts.com\\\/product\\\/231-thermo-plastic-unit-back-seal\\\/#primaryimage\"},\"thumbnailUrl\":\"https:\\\/\\\/nhkmachineryparts.com\\\/wp-content\\\/uploads\\\/2022\\\/09\\\/Blue-back-seal-for-stainless-bearing-unit.jpg\",\"datePublished\":\"2022-09-26T10:47:48+00:00\",\"dateModified\":\"2025-02-15T17:16:39+00:00\",\"description\":\"The back seal for thermo plastic bearing unit is suitable for the food industry and other demanding environments, due to the hygienic design\",\"breadcrumb\":{\"@id\":\"https:\\\/\\\/nhkmachineryparts.com\\\/product\\\/231-thermo-plastic-unit-back-seal\\\/#breadcrumb\"},\"inLanguage\":\"pl-PL\",\"potentialAction\":[{\"@type\":\"ReadAction\",\"target\":[\"https:\\\/\\\/nhkmachineryparts.com\\\/product\\\/231-thermo-plastic-unit-back-seal\\\/\"]}]},{\"@type\":\"ImageObject\",\"inLanguage\":\"pl-PL\",\"@id\":\"https:\\\/\\\/nhkmachineryparts.com\\\/product\\\/231-thermo-plastic-unit-back-seal\\\/#primaryimage\",\"url\":\"https:\\\/\\\/nhkmachineryparts.com\\\/wp-content\\\/uploads\\\/2022\\\/09\\\/Blue-back-seal-for-stainless-bearing-unit.jpg\",\"contentUrl\":\"https:\\\/\\\/nhkmachineryparts.com\\\/wp-content\\\/uploads\\\/2022\\\/09\\\/Blue-back-seal-for-stainless-bearing-unit.jpg\",\"width\":1000,\"height\":1000,\"caption\":\"Blue back seal for stainless bearing unit\"},{\"@type\":\"BreadcrumbList\",\"@id\":\"https:\\\/\\\/nhkmachineryparts.com\\\/product\\\/231-thermo-plastic-unit-back-seal\\\/#breadcrumb\",\"itemListElement\":[{\"@type\":\"ListItem\",\"position\":1,\"name\":\"Home\",\"item\":\"https:\\\/\\\/nhkmachineryparts.com\\\/\"},{\"@type\":\"ListItem\",\"position\":2,\"name\":\"Product line\",\"item\":\"https:\\\/\\\/nhkmachineryparts.com\\\/product-line\\\/\"},{\"@type\":\"ListItem\",\"position\":3,\"name\":\"Bearing units in IP54\u00a0composite housing\",\"item\":\"https:\\\/\\\/nhkmachineryparts.com\\\/product-line\\\/bearing-units-in-ip54-thermo-plastic-housing\\\/\"},{\"@type\":\"ListItem\",\"position\":4,\"name\":\"Thermo plastic bearing unit back seal\"}]},{\"@type\":\"WebSite\",\"@id\":\"https:\\\/\\\/nhkmachineryparts.com\\\/#website\",\"url\":\"https:\\\/\\\/nhkmachineryparts.com\\\/\",\"name\":\"NHK Machinery Parts\",\"description\":\"Bearing Houses, seismic levelling feet and levelling castors\",\"publisher\":{\"@id\":\"https:\\\/\\\/nhkmachineryparts.com\\\/#organization\"},\"potentialAction\":[{\"@type\":\"SearchAction\",\"target\":{\"@type\":\"EntryPoint\",\"urlTemplate\":\"https:\\\/\\\/nhkmachineryparts.com\\\/?s={search_term_string}\"},\"query-input\":{\"@type\":\"PropertyValueSpecification\",\"valueRequired\":true,\"valueName\":\"search_term_string\"}}],\"inLanguage\":\"pl-PL\"},{\"@type\":\"Organization\",\"@id\":\"https:\\\/\\\/nhkmachineryparts.com\\\/#organization\",\"name\":\"Nhk Group ApS\",\"url\":\"https:\\\/\\\/nhkmachineryparts.com\\\/\",\"logo\":{\"@type\":\"ImageObject\",\"inLanguage\":\"pl-PL\",\"@id\":\"https:\\\/\\\/nhkmachineryparts.com\\\/#\\\/schema\\\/logo\\\/image\\\/\",\"url\":\"https:\\\/\\\/nhkmachineryparts.com\\\/wp-content\\\/uploads\\\/2022\\\/09\\\/NHKgroup_social.jpg\",\"contentUrl\":\"https:\\\/\\\/nhkmachineryparts.com\\\/wp-content\\\/uploads\\\/2022\\\/09\\\/NHKgroup_social.jpg\",\"width\":1200,\"height\":630,\"caption\":\"Nhk Group ApS\"},\"image\":{\"@id\":\"https:\\\/\\\/nhkmachineryparts.com\\\/#\\\/schema\\\/logo\\\/image\\\/\"},\"sameAs\":[\"https:\\\/\\\/www.facebook.com\\\/NHK.Group.aps\"]}]}<\/script>\n<!-- \/ Yoast SEO plugin. -->","yoast_head_json":{"title":"Uszczelnienie tylne jednostki \u0142o\u017cyskowej z tworzywa termoplastycznego | Zoptymalizowane rozwi\u0105zania uszczelniaj\u0105ce | Cz\u0119\u015bci maszynowe NHK","description":"Uszczelka tylna zespo\u0142u \u0142o\u017cyskowego z tworzywa termoplastycznego nadaje si\u0119 do przemys\u0142u spo\u017cywczego i innych wymagaj\u0105cych \u015brodowisk ze wzgl\u0119du na higieniczn\u0105 konstrukcj\u0119","robots":{"index":"index","follow":"follow","max-snippet":"max-snippet:-1","max-image-preview":"max-image-preview:large","max-video-preview":"max-video-preview:-1"},"canonical":"https:\/\/nhkmachineryparts.com\/pl\/produkt\/231-uszczelka-tylna-modulu-z-tworzywa-termoplastycznego\/","og_locale":"pl_PL","og_type":"article","og_title":"Thermo plastic bearing unit back seal | Optimized Sealing Solutions | NHK Machinery Parts","og_description":"The back seal for thermo plastic bearing unit is suitable for the food industry and other demanding environments, due to the hygienic design","og_url":"https:\/\/nhkmachineryparts.com\/pl\/produkt\/231-uszczelka-tylna-modulu-z-tworzywa-termoplastycznego\/","og_site_name":"NHK Machinery Parts","article_publisher":"https:\/\/www.facebook.com\/NHK.Group.aps","article_modified_time":"2025-02-15T17:16:39+00:00","og_image":[{"width":1000,"height":1000,"url":"https:\/\/nhkmachineryparts.com\/wp-content\/uploads\/2022\/09\/Blue-back-seal-for-stainless-bearing-unit.jpg","type":"image\/jpeg"}],"twitter_card":"summary_large_image","twitter_misc":{"Szacowany czas czytania":"2 minuty"},"schema":{"@context":"https:\/\/schema.org","@graph":[{"@type":"WebPage","@id":"https:\/\/nhkmachineryparts.com\/product\/231-thermo-plastic-unit-back-seal\/","url":"https:\/\/nhkmachineryparts.com\/product\/231-thermo-plastic-unit-back-seal\/","name":"Uszczelnienie tylne jednostki \u0142o\u017cyskowej z tworzywa termoplastycznego | Zoptymalizowane rozwi\u0105zania uszczelniaj\u0105ce | Cz\u0119\u015bci maszynowe NHK","isPartOf":{"@id":"https:\/\/nhkmachineryparts.com\/#website"},"primaryImageOfPage":{"@id":"https:\/\/nhkmachineryparts.com\/product\/231-thermo-plastic-unit-back-seal\/#primaryimage"},"image":{"@id":"https:\/\/nhkmachineryparts.com\/product\/231-thermo-plastic-unit-back-seal\/#primaryimage"},"thumbnailUrl":"https:\/\/nhkmachineryparts.com\/wp-content\/uploads\/2022\/09\/Blue-back-seal-for-stainless-bearing-unit.jpg","datePublished":"2022-09-26T10:47:48+00:00","dateModified":"2025-02-15T17:16:39+00:00","description":"Uszczelka tylna zespo\u0142u \u0142o\u017cyskowego z tworzywa termoplastycznego nadaje si\u0119 do przemys\u0142u spo\u017cywczego i innych wymagaj\u0105cych \u015brodowisk ze wzgl\u0119du na higieniczn\u0105 konstrukcj\u0119","breadcrumb":{"@id":"https:\/\/nhkmachineryparts.com\/product\/231-thermo-plastic-unit-back-seal\/#breadcrumb"},"inLanguage":"pl-PL","potentialAction":[{"@type":"ReadAction","target":["https:\/\/nhkmachineryparts.com\/product\/231-thermo-plastic-unit-back-seal\/"]}]},{"@type":"ImageObject","inLanguage":"pl-PL","@id":"https:\/\/nhkmachineryparts.com\/product\/231-thermo-plastic-unit-back-seal\/#primaryimage","url":"https:\/\/nhkmachineryparts.com\/wp-content\/uploads\/2022\/09\/Blue-back-seal-for-stainless-bearing-unit.jpg","contentUrl":"https:\/\/nhkmachineryparts.com\/wp-content\/uploads\/2022\/09\/Blue-back-seal-for-stainless-bearing-unit.jpg","width":1000,"height":1000,"caption":"Blue back seal for stainless bearing unit"},{"@type":"BreadcrumbList","@id":"https:\/\/nhkmachineryparts.com\/product\/231-thermo-plastic-unit-back-seal\/#breadcrumb","itemListElement":[{"@type":"ListItem","position":1,"name":"Home","item":"https:\/\/nhkmachineryparts.com\/"},{"@type":"ListItem","position":2,"name":"Product line","item":"https:\/\/nhkmachineryparts.com\/product-line\/"},{"@type":"ListItem","position":3,"name":"Bearing units in IP54\u00a0composite housing","item":"https:\/\/nhkmachineryparts.com\/product-line\/bearing-units-in-ip54-thermo-plastic-housing\/"},{"@type":"ListItem","position":4,"name":"Thermo plastic bearing unit back seal"}]},{"@type":"WebSite","@id":"https:\/\/nhkmachineryparts.com\/#website","url":"https:\/\/nhkmachineryparts.com\/","name":"Cz\u0119\u015bci maszyn NHK","description":"Obudowy \u0142o\u017cyskowe, sejsmiczne stopy poziomuj\u0105ce i k\u00f3\u0142ka poziomuj\u0105ce","publisher":{"@id":"https:\/\/nhkmachineryparts.com\/#organization"},"potentialAction":[{"@type":"SearchAction","target":{"@type":"EntryPoint","urlTemplate":"https:\/\/nhkmachineryparts.com\/?s={search_term_string}"},"query-input":{"@type":"PropertyValueSpecification","valueRequired":true,"valueName":"search_term_string"}}],"inLanguage":"pl-PL"},{"@type":"Organization","@id":"https:\/\/nhkmachineryparts.com\/#organization","name":"ApS Grupy Nhk","url":"https:\/\/nhkmachineryparts.com\/","logo":{"@type":"ImageObject","inLanguage":"pl-PL","@id":"https:\/\/nhkmachineryparts.com\/#\/schema\/logo\/image\/","url":"https:\/\/nhkmachineryparts.com\/wp-content\/uploads\/2022\/09\/NHKgroup_social.jpg","contentUrl":"https:\/\/nhkmachineryparts.com\/wp-content\/uploads\/2022\/09\/NHKgroup_social.jpg","width":1200,"height":630,"caption":"Nhk Group ApS"},"image":{"@id":"https:\/\/nhkmachineryparts.com\/#\/schema\/logo\/image\/"},"sameAs":["https:\/\/www.facebook.com\/NHK.Group.aps"]}]}},"_links":{"self":[{"href":"https:\/\/nhkmachineryparts.com\/pl\/wp-json\/wp\/v2\/product\/1859","targetHints":{"allow":["GET"]}}],"collection":[{"href":"https:\/\/nhkmachineryparts.com\/pl\/wp-json\/wp\/v2\/product"}],"about":[{"href":"https:\/\/nhkmachineryparts.com\/pl\/wp-json\/wp\/v2\/types\/product"}],"wp:featuredmedia":[{"embeddable":true,"href":"https:\/\/nhkmachineryparts.com\/pl\/wp-json\/wp\/v2\/media\/11568"}],"wp:attachment":[{"href":"https:\/\/nhkmachineryparts.com\/pl\/wp-json\/wp\/v2\/media?parent=1859"}],"wp:term":[{"taxonomy":"product_brand","embeddable":true,"href":"https:\/\/nhkmachineryparts.com\/pl\/wp-json\/wp\/v2\/product_brand?post=1859"},{"taxonomy":"product_cat","embeddable":true,"href":"https:\/\/nhkmachineryparts.com\/pl\/wp-json\/wp\/v2\/product_cat?post=1859"},{"taxonomy":"product_tag","embeddable":true,"href":"https:\/\/nhkmachineryparts.com\/pl\/wp-json\/wp\/v2\/product_tag?post=1859"}],"curies":[{"name":"wp","href":"https:\/\/api.w.org\/{rel}","templated":true}]}}