{"id":1856,"date":"2022-09-26T10:34:21","date_gmt":"2022-09-26T10:34:21","guid":{"rendered":"https:\/\/nhkmachineryparts.pawsfabrik.dk\/?post_type=product&#038;p=1856"},"modified":"2025-02-15T19:10:40","modified_gmt":"2025-02-15T17:10:40","slug":"229-jednostka-termoplastyczna-otwarta-pokrywa","status":"publish","type":"product","link":"https:\/\/nhkmachineryparts.com\/pl\/product\/229-thermo-plastic-unit-open-cover\/","title":{"rendered":"Otwarta pokrywa zespo\u0142u \u0142o\u017cyskowego z tworzywa termoplastycznego"},"content":{"rendered":"<section class=\"vc_row vc_custom_1662993827263 liquid-row-shadowbox-69d3f6fc371b7 vc_column-gap-0\"><div class=\"ld-container container\"><div class=\"row ld-row ld-row-outer\"><div class=\"wpb_column vc_column_container vc_col-sm-12 liquid-column-69d3f6fc37341\"><div class=\"vc_column-inner\" ><div class=\"wpb_wrapper\"  >\n\t<div class=\"wpb_text_column wpb_content_element\" >\n\t\t<div class=\"wpb_wrapper\">\n\t\t\t<h2>Zwi\u0119ksz trwa\u0142o\u015b\u0107 i wydajno\u015b\u0107<\/h2>\n<ul>\n<li>Obudowy z tworzywa termoplastycznego w kolorze czarnym, bia\u0142ym lub niebieskim<\/li>\n<li>Materia\u0142 pokrywy: polipropylen<\/li>\n<li>Materia\u0142 uszczelnienia olejowego: guma NBR<\/li>\n<li>Uszczelka olejowa TC (podw\u00f3jna warga)<\/li>\n<li>Uszczelka olejowa ze spr\u0119\u017cyn\u0105 ze stali nierdzewnej<\/li>\n<\/ul>\n<h2>Dost\u0119pne rozmiary<\/h2>\n<div class=\"dcf-overflow-x-auto\" tabindex=\"0\">\n<table class=\"dcf-table dcf-table-bordered dcf-w-100%\">\n<thead>\n<tr>\n<th scope=\"col\">\u015arednica wa\u0142u<\/th>\n<th scope=\"col\">Nr katalogowy<\/th>\n<\/tr>\n<\/thead>\n<tbody>\n<tr>\n<td data-label=\"Shaft Diameter\">\u015820 mm<\/td>\n<td data-label=\"Catalog No.\">OC 204<\/td>\n<\/tr>\n<tr>\n<td data-label=\"Shaft Diameter\">\u015825 mm<\/td>\n<td data-label=\"Catalog No.\">OC 205<\/td>\n<\/tr>\n<tr>\n<td data-label=\"Shaft Diameter\">\u015830 mm<\/td>\n<td data-label=\"Catalog No.\">OC 206<\/td>\n<\/tr>\n<tr>\n<td data-label=\"Shaft Diameter\">\u015835 mm<\/td>\n<td data-label=\"Catalog No.\">OC 207<\/td>\n<\/tr>\n<tr>\n<td data-label=\"Shaft Diameter\">\u015840 mm<\/td>\n<td data-label=\"Catalog No.\">OC 208<\/td>\n<\/tr>\n<tr>\n<td data-label=\"Shaft Diameter\">\u015845 mm<\/td>\n<td data-label=\"Catalog No.\">OC 209<\/td>\n<\/tr>\n<tr>\n<td data-label=\"Shaft Diameter\">\u015850 mm<\/td>\n<td data-label=\"Catalog No.\">OC 210<\/td>\n<\/tr>\n<tr>\n<td data-label=\"Shaft Diameter\">\u015855 mm<\/td>\n<td data-label=\"Catalog No.\">OC 211<\/td>\n<\/tr>\n<tr>\n<td data-label=\"Shaft Diameter\">\u015860 mm<\/td>\n<td data-label=\"Catalog No.\">OC 212<\/td>\n<\/tr>\n<\/tbody>\n<\/table>\n<\/div>\n<h2 data-start=\"0\" data-end=\"96\"><strong data-start=\"4\" data-end=\"96\">Jednostki \u0142o\u017cyskowe w obudowie kompozytowej IP54 z otwart\u0105 pokryw\u0105<\/strong><\/h2>\n<h3 data-start=\"0\" data-end=\"96\"><strong data-start=\"4\" data-end=\"96\">Trwa\u0142e i wydajne rozwi\u0105zania<\/strong><\/h3>\n<p data-start=\"98\" data-end=\"546\">Jednostki \u0142o\u017cyskowe odgrywaj\u0105 kluczow\u0105 rol\u0119 w r\u00f3\u017cnych zastosowaniach przemys\u0142owych, zapewniaj\u0105c p\u0142ynne i wydajne dzia\u0142anie. W\u015br\u00f3d r\u00f3\u017cnych dost\u0119pnych typ\u00f3w, <strong data-start=\"247\" data-end=\"304\">Jednostki \u0142o\u017cyskowe obudowy kompozytowej IP54 z otwartymi pokrywami<\/strong> wyr\u00f3\u017cnia\u0107 si\u0119 dzi\u0119ki <strong data-start=\"328\" data-end=\"379\">trwa\u0142o\u015b\u0107, wszechstronno\u015b\u0107 i op\u0142acalno\u015b\u0107<\/strong>Jednostki te zapewniaj\u0105 doskona\u0142\u0105 ochron\u0119 przed kurzem i ograniczonym nara\u017ceniem na dzia\u0142anie wody, co czyni je idealnymi do <a href=\"https:\/\/nhkmachineryparts.com\/pl\/our-industries\/\" data-internallinksmanager029f6b8e52c=\"4\" title=\"Nasze bran\u017ce\">bran\u017ce<\/a> kt\u00f3re wymagaj\u0105 <strong data-start=\"507\" data-end=\"545\">niezawodne, a zarazem lekkie rozwi\u0105zania<\/strong>.<\/p>\n<h3 data-start=\"548\" data-end=\"606\"><strong data-start=\"552\" data-end=\"606\">Zalety zespo\u0142\u00f3w \u0142o\u017cyskowych z obudow\u0105 kompozytow\u0105 IP54<\/strong><\/h3>\n<ol data-start=\"607\" data-end=\"1288\">\n<li data-start=\"607\" data-end=\"774\"><strong data-start=\"610\" data-end=\"633\">Wzmocniona ochrona<\/strong> \u2013 Ten <strong data-start=\"640\" data-end=\"672\">Obudowa kompozytowa o stopniu ochrony IP54<\/strong> zapewnia odporno\u015b\u0107 na kurz i zachlapanie wod\u0105, gwarantuj\u0105c d\u0142ugowieczno\u015b\u0107 w trudnych warunkach.<\/li>\n<li data-start=\"775\" data-end=\"942\"><strong data-start=\"778\" data-end=\"817\">Lekki i odporny na korozj\u0119<\/strong> \u2013 W przeciwie\u0144stwie do tradycyjnych obud\u00f3w metalowych, materia\u0142y kompozytowe s\u0105 <strong data-start=\"879\" data-end=\"941\">lekki, odporny na korozj\u0119 i \u0142atwy w konserwacji<\/strong>.<\/li>\n<li data-start=\"943\" data-end=\"1107\"><strong data-start=\"946\" data-end=\"966\">Wysoka wydajno\u015b\u0107<\/strong> \u2013 Ten <strong data-start=\"973\" data-end=\"994\">projekt ok\u0142adki otwartej<\/strong> zapewnia lepszy przep\u0142yw powietrza, zapobiegaj\u0105c przegrzaniu i poprawiaj\u0105c og\u00f3ln\u0105 wydajno\u015b\u0107 <strong data-start=\"1082\" data-end=\"1106\">dynamiczne aplikacje<\/strong>.<\/li>\n<li data-start=\"1108\" data-end=\"1288\"><strong data-start=\"1111\" data-end=\"1138\">Rozwi\u0105zanie ekonomiczne<\/strong> \u2013 W por\u00f3wnaniu do <strong data-start=\"1153\" data-end=\"1185\">alternatywy ze stali nierdzewnej<\/strong>, zespo\u0142y \u0142o\u017cyskowe z obudow\u0105 kompozytow\u0105 oferuj\u0105 <strong data-start=\"1227\" data-end=\"1245\">ekonomiczny<\/strong> opcja bez uszczerbku dla trwa\u0142o\u015bci.<\/li>\n<\/ol>\n<h3 data-start=\"1290\" data-end=\"1332\"><strong data-start=\"1294\" data-end=\"1332\">Zastosowania w r\u00f3\u017cnych ga\u0142\u0119ziach przemys\u0142u<\/strong><\/h3>\n<ul data-start=\"1333\" data-end=\"1699\">\n<li data-start=\"1333\" data-end=\"1438\"><strong data-start=\"1335\" data-end=\"1367\">Przetw\u00f3rstwo \u017cywno\u015bci i napoj\u00f3w<\/strong> \u2013 Idealny do system\u00f3w przeno\u015bnikowych, gdzie wymagana jest odporno\u015b\u0107 na wilgo\u0107.<\/li>\n<li data-start=\"1439\" data-end=\"1528\"><strong data-start=\"1441\" data-end=\"1468\">Przemys\u0142 farmaceutyczny<\/strong> \u2013 Zapewnia zgodno\u015b\u0107 z zasadami higieny dzi\u0119ki \u0142atwym do czyszczenia powierzchniom.<\/li>\n<li data-start=\"1529\" data-end=\"1607\"><strong data-start=\"1531\" data-end=\"1553\">Przemys\u0142 opakowaniowy<\/strong> \u2013 Stosowany w systemach automatyki i transportu materia\u0142\u00f3w.<\/li>\n<li data-start=\"1608\" data-end=\"1699\"><strong data-start=\"1610\" data-end=\"1642\">Rolnictwo i Ogrodnictwo<\/strong> \u2013 Chroni przed kurzem i brudem w zak\u0142adach przetw\u00f3rczych.<\/li>\n<\/ul>\n<h2 data-start=\"1701\" data-end=\"1719\"><strong data-start=\"1705\" data-end=\"1719\">Trwa\u0142o\u015b\u0107, wydajno\u015b\u0107 i op\u0142acalno\u015b\u0107<\/strong><\/h2>\n<p data-start=\"1720\" data-end=\"2052\">Jednostki \u0142o\u017cyskowe obudowy kompozytowej IP54 z otwartymi pokrywami zapewniaj\u0105 <strong data-start=\"1782\" data-end=\"1836\">solidne, lekkie i ekonomiczne rozwi\u0105zanie<\/strong> dla bran\u017c poszukuj\u0105cych <strong data-start=\"1860\" data-end=\"1896\">niezawodna i trwa\u0142a wydajno\u015b\u0107<\/strong>. Ich <strong data-start=\"1904\" data-end=\"1988\">odporno\u015b\u0107 na korozj\u0119, lepszy przep\u0142yw powietrza oraz ochrona przed kurzem i wilgoci\u0105<\/strong> zr\u00f3b z nich <strong data-start=\"2001\" data-end=\"2024\">cenna inwestycja<\/strong> do r\u00f3\u017cnych zastosowa\u0144.<\/p>\n<h2>Otwarta pokrywa modu\u0142u z tworzywa termoplastycznego \/ otwarta pokrywa (OC)<\/h2>\n<p><a href=\"https:\/\/nhkmachineryparts.com\/pl\/produkt\/223-jednostka-poduszek-blok-ppl\/\">Zesp\u00f3\u0142 \u0142o\u017cyska kulkowego PPL z blokiem poduszki<\/a><br \/>\n<a href=\"https:\/\/nhkmachineryparts.com\/pl\/produkt\/jednostka-kolnierzowa-222-kwadratowa-4-srubowa-fpl\/\">Zesp\u00f3\u0142 \u0142o\u017cyska kulkowego FPL z ko\u0142nierzem kwadratowym na 4 \u015bruby<\/a><br \/>\n<a href=\"https:\/\/nhkmachineryparts.com\/pl\/produkt\/224-jednostka-kolnierza-owalna-2-srubowa-flpl\/\">Zesp\u00f3\u0142 \u0142o\u017cyska kulkowego FLPL z ko\u0142nierzem owalnym na 2 \u015bruby<\/a><br \/>\n<a href=\"https:\/\/nhkmachineryparts.com\/pl\/produkt\/225-podstawa-gwintowana-blok-poduszka-jednostka-papl\/\">Gwintowany blok podstawy z \u0142o\u017cyskiem kulkowym PAPL<\/a><br \/>\n<a href=\"https:\/\/nhkmachineryparts.com\/pl\/produkt\/226-zespol-kolnierzowy-3-srubowy-jednostronny-fbpl\/\">Zesp\u00f3\u0142 \u0142o\u017cyska kulkowego FBPL z ko\u0142nierzem przykr\u0119canym na 3 \u015bruby<\/a><br \/>\n<a href=\"https:\/\/nhkmachineryparts.com\/pl\/produkt\/292-wklad-kolnierz-jednostka-fcpl\/\">Zesp\u00f3\u0142 ko\u0142nierzowy z 4 \u015brubami w kasecie FCPL<\/a><br \/>\n<a href=\"https:\/\/nhkmachineryparts.com\/pl\/produkt\/227-jednostka-wieszakowa-hppl\/\">Zesp\u00f3\u0142 \u0142o\u017cyska kulkowego Blue Hanger HPPL<\/a><br \/>\n<a href=\"https:\/\/nhkmachineryparts.com\/pl\/produkt\/228-jednostka-odbiorcza-tpl\/\">Zesp\u00f3\u0142 \u0142o\u017cyska kulkowego Blue Take-up TPL<\/a><\/p>\n\n\t\t<\/div>\n\t<\/div>\n<\/div><\/div><\/div><\/div><\/div><\/section>","protected":false},"excerpt":{"rendered":"Enhance durability and efficiency Thermoplastic housings cover in Black, White or Blue Cover material: Polypropylene Oil seal material: NBR Rubber Oil seal TC (Double lip) Oil seal with stainless steel spring Available sizes Shaft Diameter Catalog No. \u00d820 mm OC 204 \u00d825 mm OC 205 \u00d830 mm OC 206 \u00d835 mm OC 207 \u00d840 mm [...]","protected":false},"featured_media":11569,"template":"","meta":[],"product_brand":[],"product_cat":[52],"product_tag":[],"class_list":{"0":"post-1856","1":"product","2":"type-product","3":"status-publish","4":"has-post-thumbnail","6":"product_cat-bearing-units-in-ip54-thermo-plastic-housing","8":"first","9":"instock","10":"shipping-taxable","11":"product-type-simple"},"yoast_head":"<!-- This site is optimized with the Yoast SEO plugin v27.3 - https:\/\/yoast.com\/product\/yoast-seo-wordpress\/ -->\n<title>Thermo plastic bearing unit open cover | Durability and Efficiency | NHK Machinery Parts<\/title>\n<meta name=\"description\" content=\"The open cover for thermo plastic bearing unit is suitable for the food industry and other demanding environments, due to the hygienic design\" \/>\n<meta name=\"robots\" content=\"index, follow, max-snippet:-1, max-image-preview:large, max-video-preview:-1\" \/>\n<link rel=\"canonical\" href=\"https:\/\/nhkmachineryparts.com\/pl\/produkt\/229-jednostka-termoplastyczna-otwarta-pokrywa\/\" \/>\n<meta property=\"og:locale\" content=\"pl_PL\" \/>\n<meta property=\"og:type\" content=\"article\" \/>\n<meta property=\"og:title\" content=\"Thermo plastic bearing unit open cover | Durability and Efficiency | NHK Machinery Parts\" \/>\n<meta property=\"og:description\" content=\"The open cover for thermo plastic bearing unit is suitable for the food industry and other demanding environments, due to the hygienic design\" \/>\n<meta property=\"og:url\" content=\"https:\/\/nhkmachineryparts.com\/pl\/produkt\/229-jednostka-termoplastyczna-otwarta-pokrywa\/\" \/>\n<meta property=\"og:site_name\" content=\"NHK Machinery Parts\" \/>\n<meta property=\"article:publisher\" content=\"https:\/\/www.facebook.com\/NHK.Group.aps\" \/>\n<meta property=\"article:modified_time\" content=\"2025-02-15T17:10:40+00:00\" \/>\n<meta property=\"og:image\" content=\"https:\/\/nhkmachineryparts.com\/wp-content\/uploads\/2022\/09\/Blue-cover-for-bearing-units-1.jpg\" \/>\n\t<meta property=\"og:image:width\" content=\"1000\" \/>\n\t<meta property=\"og:image:height\" content=\"1000\" \/>\n\t<meta property=\"og:image:type\" content=\"image\/jpeg\" \/>\n<meta name=\"twitter:card\" content=\"summary_large_image\" \/>\n<meta name=\"twitter:label1\" content=\"Szacowany czas czytania\" \/>\n\t<meta name=\"twitter:data1\" content=\"2 minuty\" \/>\n<script type=\"application\/ld+json\" class=\"yoast-schema-graph\">{\"@context\":\"https:\\\/\\\/schema.org\",\"@graph\":[{\"@type\":\"WebPage\",\"@id\":\"https:\\\/\\\/nhkmachineryparts.com\\\/product\\\/229-thermo-plastic-unit-open-cover\\\/\",\"url\":\"https:\\\/\\\/nhkmachineryparts.com\\\/product\\\/229-thermo-plastic-unit-open-cover\\\/\",\"name\":\"Thermo plastic bearing unit open cover | Durability and Efficiency | NHK Machinery Parts\",\"isPartOf\":{\"@id\":\"https:\\\/\\\/nhkmachineryparts.com\\\/#website\"},\"primaryImageOfPage\":{\"@id\":\"https:\\\/\\\/nhkmachineryparts.com\\\/product\\\/229-thermo-plastic-unit-open-cover\\\/#primaryimage\"},\"image\":{\"@id\":\"https:\\\/\\\/nhkmachineryparts.com\\\/product\\\/229-thermo-plastic-unit-open-cover\\\/#primaryimage\"},\"thumbnailUrl\":\"https:\\\/\\\/nhkmachineryparts.com\\\/wp-content\\\/uploads\\\/2022\\\/09\\\/Blue-cover-for-bearing-units-1.jpg\",\"datePublished\":\"2022-09-26T10:34:21+00:00\",\"dateModified\":\"2025-02-15T17:10:40+00:00\",\"description\":\"The open cover for thermo plastic bearing unit is suitable for the food industry and other demanding environments, due to the hygienic design\",\"breadcrumb\":{\"@id\":\"https:\\\/\\\/nhkmachineryparts.com\\\/product\\\/229-thermo-plastic-unit-open-cover\\\/#breadcrumb\"},\"inLanguage\":\"pl-PL\",\"potentialAction\":[{\"@type\":\"ReadAction\",\"target\":[\"https:\\\/\\\/nhkmachineryparts.com\\\/product\\\/229-thermo-plastic-unit-open-cover\\\/\"]}]},{\"@type\":\"ImageObject\",\"inLanguage\":\"pl-PL\",\"@id\":\"https:\\\/\\\/nhkmachineryparts.com\\\/product\\\/229-thermo-plastic-unit-open-cover\\\/#primaryimage\",\"url\":\"https:\\\/\\\/nhkmachineryparts.com\\\/wp-content\\\/uploads\\\/2022\\\/09\\\/Blue-cover-for-bearing-units-1.jpg\",\"contentUrl\":\"https:\\\/\\\/nhkmachineryparts.com\\\/wp-content\\\/uploads\\\/2022\\\/09\\\/Blue-cover-for-bearing-units-1.jpg\",\"width\":1000,\"height\":1000,\"caption\":\"Blue cover for bearing units\"},{\"@type\":\"BreadcrumbList\",\"@id\":\"https:\\\/\\\/nhkmachineryparts.com\\\/product\\\/229-thermo-plastic-unit-open-cover\\\/#breadcrumb\",\"itemListElement\":[{\"@type\":\"ListItem\",\"position\":1,\"name\":\"Home\",\"item\":\"https:\\\/\\\/nhkmachineryparts.com\\\/\"},{\"@type\":\"ListItem\",\"position\":2,\"name\":\"Product line\",\"item\":\"https:\\\/\\\/nhkmachineryparts.com\\\/product-line\\\/\"},{\"@type\":\"ListItem\",\"position\":3,\"name\":\"Bearing units in IP54\u00a0composite housing\",\"item\":\"https:\\\/\\\/nhkmachineryparts.com\\\/product-line\\\/bearing-units-in-ip54-thermo-plastic-housing\\\/\"},{\"@type\":\"ListItem\",\"position\":4,\"name\":\"Thermo plastic bearing unit open cover\"}]},{\"@type\":\"WebSite\",\"@id\":\"https:\\\/\\\/nhkmachineryparts.com\\\/#website\",\"url\":\"https:\\\/\\\/nhkmachineryparts.com\\\/\",\"name\":\"NHK Machinery Parts\",\"description\":\"Bearing Houses, seismic levelling feet and levelling castors\",\"publisher\":{\"@id\":\"https:\\\/\\\/nhkmachineryparts.com\\\/#organization\"},\"potentialAction\":[{\"@type\":\"SearchAction\",\"target\":{\"@type\":\"EntryPoint\",\"urlTemplate\":\"https:\\\/\\\/nhkmachineryparts.com\\\/?s={search_term_string}\"},\"query-input\":{\"@type\":\"PropertyValueSpecification\",\"valueRequired\":true,\"valueName\":\"search_term_string\"}}],\"inLanguage\":\"pl-PL\"},{\"@type\":\"Organization\",\"@id\":\"https:\\\/\\\/nhkmachineryparts.com\\\/#organization\",\"name\":\"Nhk Group ApS\",\"url\":\"https:\\\/\\\/nhkmachineryparts.com\\\/\",\"logo\":{\"@type\":\"ImageObject\",\"inLanguage\":\"pl-PL\",\"@id\":\"https:\\\/\\\/nhkmachineryparts.com\\\/#\\\/schema\\\/logo\\\/image\\\/\",\"url\":\"https:\\\/\\\/nhkmachineryparts.com\\\/wp-content\\\/uploads\\\/2022\\\/09\\\/NHKgroup_social.jpg\",\"contentUrl\":\"https:\\\/\\\/nhkmachineryparts.com\\\/wp-content\\\/uploads\\\/2022\\\/09\\\/NHKgroup_social.jpg\",\"width\":1200,\"height\":630,\"caption\":\"Nhk Group ApS\"},\"image\":{\"@id\":\"https:\\\/\\\/nhkmachineryparts.com\\\/#\\\/schema\\\/logo\\\/image\\\/\"},\"sameAs\":[\"https:\\\/\\\/www.facebook.com\\\/NHK.Group.aps\"]}]}<\/script>\n<!-- \/ Yoast SEO plugin. -->","yoast_head_json":{"title":"Otwarta pokrywa jednostki \u0142o\u017cyskowej z tworzywa termoplastycznego | Trwa\u0142o\u015b\u0107 i wydajno\u015b\u0107 | NHK Machinery Parts","description":"Otwarta pokrywa zespo\u0142u \u0142o\u017cyskowego z tworzywa termoplastycznego, ze wzgl\u0119du na higieniczn\u0105 konstrukcj\u0119, nadaje si\u0119 do przemys\u0142u spo\u017cywczego i innych wymagaj\u0105cych \u015brodowisk","robots":{"index":"index","follow":"follow","max-snippet":"max-snippet:-1","max-image-preview":"max-image-preview:large","max-video-preview":"max-video-preview:-1"},"canonical":"https:\/\/nhkmachineryparts.com\/pl\/produkt\/229-jednostka-termoplastyczna-otwarta-pokrywa\/","og_locale":"pl_PL","og_type":"article","og_title":"Thermo plastic bearing unit open cover | Durability and Efficiency | NHK Machinery Parts","og_description":"The open cover for thermo plastic bearing unit is suitable for the food industry and other demanding environments, due to the hygienic design","og_url":"https:\/\/nhkmachineryparts.com\/pl\/produkt\/229-jednostka-termoplastyczna-otwarta-pokrywa\/","og_site_name":"NHK Machinery Parts","article_publisher":"https:\/\/www.facebook.com\/NHK.Group.aps","article_modified_time":"2025-02-15T17:10:40+00:00","og_image":[{"width":1000,"height":1000,"url":"https:\/\/nhkmachineryparts.com\/wp-content\/uploads\/2022\/09\/Blue-cover-for-bearing-units-1.jpg","type":"image\/jpeg"}],"twitter_card":"summary_large_image","twitter_misc":{"Szacowany czas czytania":"2 minuty"},"schema":{"@context":"https:\/\/schema.org","@graph":[{"@type":"WebPage","@id":"https:\/\/nhkmachineryparts.com\/product\/229-thermo-plastic-unit-open-cover\/","url":"https:\/\/nhkmachineryparts.com\/product\/229-thermo-plastic-unit-open-cover\/","name":"Otwarta pokrywa jednostki \u0142o\u017cyskowej z tworzywa termoplastycznego | Trwa\u0142o\u015b\u0107 i wydajno\u015b\u0107 | NHK Machinery Parts","isPartOf":{"@id":"https:\/\/nhkmachineryparts.com\/#website"},"primaryImageOfPage":{"@id":"https:\/\/nhkmachineryparts.com\/product\/229-thermo-plastic-unit-open-cover\/#primaryimage"},"image":{"@id":"https:\/\/nhkmachineryparts.com\/product\/229-thermo-plastic-unit-open-cover\/#primaryimage"},"thumbnailUrl":"https:\/\/nhkmachineryparts.com\/wp-content\/uploads\/2022\/09\/Blue-cover-for-bearing-units-1.jpg","datePublished":"2022-09-26T10:34:21+00:00","dateModified":"2025-02-15T17:10:40+00:00","description":"Otwarta pokrywa zespo\u0142u \u0142o\u017cyskowego z tworzywa termoplastycznego, ze wzgl\u0119du na higieniczn\u0105 konstrukcj\u0119, nadaje si\u0119 do przemys\u0142u spo\u017cywczego i innych wymagaj\u0105cych \u015brodowisk","breadcrumb":{"@id":"https:\/\/nhkmachineryparts.com\/product\/229-thermo-plastic-unit-open-cover\/#breadcrumb"},"inLanguage":"pl-PL","potentialAction":[{"@type":"ReadAction","target":["https:\/\/nhkmachineryparts.com\/product\/229-thermo-plastic-unit-open-cover\/"]}]},{"@type":"ImageObject","inLanguage":"pl-PL","@id":"https:\/\/nhkmachineryparts.com\/product\/229-thermo-plastic-unit-open-cover\/#primaryimage","url":"https:\/\/nhkmachineryparts.com\/wp-content\/uploads\/2022\/09\/Blue-cover-for-bearing-units-1.jpg","contentUrl":"https:\/\/nhkmachineryparts.com\/wp-content\/uploads\/2022\/09\/Blue-cover-for-bearing-units-1.jpg","width":1000,"height":1000,"caption":"Blue cover for bearing units"},{"@type":"BreadcrumbList","@id":"https:\/\/nhkmachineryparts.com\/product\/229-thermo-plastic-unit-open-cover\/#breadcrumb","itemListElement":[{"@type":"ListItem","position":1,"name":"Home","item":"https:\/\/nhkmachineryparts.com\/"},{"@type":"ListItem","position":2,"name":"Product line","item":"https:\/\/nhkmachineryparts.com\/product-line\/"},{"@type":"ListItem","position":3,"name":"Bearing units in IP54\u00a0composite housing","item":"https:\/\/nhkmachineryparts.com\/product-line\/bearing-units-in-ip54-thermo-plastic-housing\/"},{"@type":"ListItem","position":4,"name":"Thermo plastic bearing unit open cover"}]},{"@type":"WebSite","@id":"https:\/\/nhkmachineryparts.com\/#website","url":"https:\/\/nhkmachineryparts.com\/","name":"Cz\u0119\u015bci maszyn NHK","description":"Obudowy \u0142o\u017cyskowe, sejsmiczne stopy poziomuj\u0105ce i k\u00f3\u0142ka poziomuj\u0105ce","publisher":{"@id":"https:\/\/nhkmachineryparts.com\/#organization"},"potentialAction":[{"@type":"SearchAction","target":{"@type":"EntryPoint","urlTemplate":"https:\/\/nhkmachineryparts.com\/?s={search_term_string}"},"query-input":{"@type":"PropertyValueSpecification","valueRequired":true,"valueName":"search_term_string"}}],"inLanguage":"pl-PL"},{"@type":"Organization","@id":"https:\/\/nhkmachineryparts.com\/#organization","name":"ApS Grupy Nhk","url":"https:\/\/nhkmachineryparts.com\/","logo":{"@type":"ImageObject","inLanguage":"pl-PL","@id":"https:\/\/nhkmachineryparts.com\/#\/schema\/logo\/image\/","url":"https:\/\/nhkmachineryparts.com\/wp-content\/uploads\/2022\/09\/NHKgroup_social.jpg","contentUrl":"https:\/\/nhkmachineryparts.com\/wp-content\/uploads\/2022\/09\/NHKgroup_social.jpg","width":1200,"height":630,"caption":"Nhk Group ApS"},"image":{"@id":"https:\/\/nhkmachineryparts.com\/#\/schema\/logo\/image\/"},"sameAs":["https:\/\/www.facebook.com\/NHK.Group.aps"]}]}},"_links":{"self":[{"href":"https:\/\/nhkmachineryparts.com\/pl\/wp-json\/wp\/v2\/product\/1856","targetHints":{"allow":["GET"]}}],"collection":[{"href":"https:\/\/nhkmachineryparts.com\/pl\/wp-json\/wp\/v2\/product"}],"about":[{"href":"https:\/\/nhkmachineryparts.com\/pl\/wp-json\/wp\/v2\/types\/product"}],"wp:featuredmedia":[{"embeddable":true,"href":"https:\/\/nhkmachineryparts.com\/pl\/wp-json\/wp\/v2\/media\/11569"}],"wp:attachment":[{"href":"https:\/\/nhkmachineryparts.com\/pl\/wp-json\/wp\/v2\/media?parent=1856"}],"wp:term":[{"taxonomy":"product_brand","embeddable":true,"href":"https:\/\/nhkmachineryparts.com\/pl\/wp-json\/wp\/v2\/product_brand?post=1856"},{"taxonomy":"product_cat","embeddable":true,"href":"https:\/\/nhkmachineryparts.com\/pl\/wp-json\/wp\/v2\/product_cat?post=1856"},{"taxonomy":"product_tag","embeddable":true,"href":"https:\/\/nhkmachineryparts.com\/pl\/wp-json\/wp\/v2\/product_tag?post=1856"}],"curies":[{"name":"wp","href":"https:\/\/api.w.org\/{rel}","templated":true}]}}