{"id":1832,"date":"2022-09-26T10:10:50","date_gmt":"2022-09-26T10:10:50","guid":{"rendered":"https:\/\/nhkmachineryparts.pawsfabrik.dk\/?post_type=product&#038;p=1832"},"modified":"2026-02-23T14:54:05","modified_gmt":"2026-02-23T12:54:05","slug":"230-termoplastyczna-jednostka-zamknieta-pokrywa","status":"publish","type":"product","link":"https:\/\/nhkmachineryparts.com\/pl\/product\/230-thermo-plastic-unit-closed-cover\/","title":{"rendered":"Zamkni\u0119ta pokrywa zespo\u0142u \u0142o\u017cyskowego z tworzywa termoplastycznego"},"content":{"rendered":"<section class=\"vc_row vc_custom_1662993827263 liquid-row-shadowbox-69d3ca4e2c791 vc_column-gap-0\"><div class=\"ld-container container\"><div class=\"row ld-row ld-row-outer\"><div class=\"wpb_column vc_column_container vc_col-sm-12 liquid-column-69d3ca4e2c909\"><div class=\"vc_column-inner\" ><div class=\"wpb_wrapper\"  >\n\t<div class=\"wpb_text_column wpb_content_element\" >\n\t\t<div class=\"wpb_wrapper\">\n\t\t\t<h2>Maksymalna ochrona i wydajno\u015b\u0107<\/h2>\n<p>\u2013 Obudowy z tworzywa termoplastycznego w kolorze czarnym, bia\u0142ym lub niebieskim<br \/>\n\u2013 Materia\u0142 pokrywy: polipropylen<\/p>\n<h2>Dost\u0119pne rozmiary<\/h2>\n<div class=\"dcf-overflow-x-auto\" tabindex=\"0\">\n<table class=\"dcf-table dcf-table-bordered dcf-w-100%\">\n<thead>\n<tr>\n<th scope=\"col\">\u015arednica wa\u0142u<\/th>\n<th scope=\"col\">Nr katalogowy<\/th>\n<\/tr>\n<\/thead>\n<tbody>\n<tr>\n<td data-label=\"Shaft Diameter\">\u015820 mm<\/td>\n<td data-label=\"Catalog No.\">CC 204<\/td>\n<\/tr>\n<tr>\n<td data-label=\"Shaft Diameter\">\u015825 mm<\/td>\n<td data-label=\"Catalog No.\">CC 205<\/td>\n<\/tr>\n<tr>\n<td data-label=\"Shaft Diameter\">\u015830 mm<\/td>\n<td data-label=\"Catalog No.\">CC 206<\/td>\n<\/tr>\n<tr>\n<td data-label=\"Shaft Diameter\">\u015835 mm<\/td>\n<td data-label=\"Catalog No.\">CC 207<\/td>\n<\/tr>\n<tr>\n<td data-label=\"Shaft Diameter\">\u015840 mm<\/td>\n<td data-label=\"Catalog No.\">CC 208<\/td>\n<\/tr>\n<tr>\n<td data-label=\"Shaft Diameter\">\u015845 mm<\/td>\n<td data-label=\"Catalog No.\">CC 209<\/td>\n<\/tr>\n<tr>\n<td data-label=\"Shaft Diameter\">\u015850 mm<\/td>\n<td data-label=\"Catalog No.\">CC 210<\/td>\n<\/tr>\n<tr>\n<td data-label=\"Shaft Diameter\">\u015855 mm<\/td>\n<td data-label=\"Catalog No.\">CC 211<\/td>\n<\/tr>\n<tr>\n<td data-label=\"Shaft Diameter\">\u015860 mm<\/td>\n<td data-label=\"Catalog No.\">CC 212<\/td>\n<\/tr>\n<\/tbody>\n<\/table>\n<\/div>\n<h2 data-start=\"0\" data-end=\"110\">Jednostki \u0142o\u017cyskowe w obudowie kompozytowej IP54 z zamkni\u0119t\u0105 pokryw\u0105<\/h2>\n<h3 data-start=\"0\" data-end=\"110\">Idealne rozwi\u0105zanie do zastosowa\u0144 przemys\u0142owych<\/h3>\n<p data-start=\"112\" data-end=\"527\">Jednostki \u0142o\u017cyskowe odgrywaj\u0105 kluczow\u0105 rol\u0119 w zapewnieniu p\u0142ynnej i wydajnej pracy w \u015brodowiskach przemys\u0142owych. <strong data-start=\"223\" data-end=\"281\">Jednostki \u0142o\u017cyskowe obudowy kompozytowej IP54 z zamkni\u0119t\u0105 pokryw\u0105<\/strong> oferuj\u0105 zwi\u0119kszon\u0105 ochron\u0119, trwa\u0142o\u015b\u0107 i wydajno\u015b\u0107 w r\u00f3\u017cnych zastosowaniach. Te jednostki s\u0105 zaprojektowane tak, aby wytrzyma\u0107 wymagaj\u0105ce warunki, co czyni je idealnymi do przetw\u00f3rstwa \u017cywno\u015bci, farmaceutyk\u00f3w, pakowania i og\u00f3lnej produkcji <a href=\"https:\/\/nhkmachineryparts.com\/pl\/our-industries\/\" data-internallinksmanager029f6b8e52c=\"4\" title=\"Nasze bran\u017ce\">bran\u017ce<\/a>.<\/p>\n<h3 data-start=\"529\" data-end=\"591\"><strong data-start=\"533\" data-end=\"589\">G\u0142\u00f3wne zalety zespo\u0142\u00f3w \u0142o\u017cyskowych z obudow\u0105 kompozytow\u0105 IP54<\/strong><\/h3>\n<ol data-start=\"593\" data-end=\"1472\">\n<li data-start=\"593\" data-end=\"751\"><strong data-start=\"596\" data-end=\"620\">Najwy\u017csza ochrona:<\/strong> Obudowa o stopniu ochrony IP54 zabezpiecza przed wnikaniem py\u0142u i zachlapaniem wod\u0105, co wyd\u0142u\u017ca \u017cywotno\u015b\u0107 \u0142o\u017cysk i ogranicza konieczno\u015b\u0107 konserwacji.<\/li>\n<li data-start=\"752\" data-end=\"919\"><strong data-start=\"755\" data-end=\"785\">Trwa\u0142a obudowa kompozytowa:<\/strong> Obudowy kompozytowe wykonane z materia\u0142\u00f3w o wysokiej wytrzyma\u0142o\u015bci charakteryzuj\u0105 si\u0119 doskona\u0142\u0105 odporno\u015bci\u0105 na korozj\u0119, dzia\u0142anie substancji chemicznych i ekstremalne temperatury.<\/li>\n<li data-start=\"920\" data-end=\"1101\"><strong data-start=\"923\" data-end=\"947\">Projekt ok\u0142adki zamkni\u0119tej:<\/strong> Uszczelniona pokrywa zapobiega przedostawaniu si\u0119 zanieczyszcze\u0144, zmniejszaj\u0105c ryzyko przedwczesnej awarii i zapewniaj\u0105c higieniczn\u0105 prac\u0119 w wra\u017cliwych \u015brodowiskach.<\/li>\n<li data-start=\"1102\" data-end=\"1286\"><strong data-start=\"1105\" data-end=\"1142\">Lekki i odporny na uderzenia:<\/strong> W por\u00f3wnaniu do tradycyjnych obud\u00f3w metalowych materia\u0142y kompozytowe s\u0105 l\u017cejsze, a jednocze\u015bnie charakteryzuj\u0105 si\u0119 lepsz\u0105 wytrzyma\u0142o\u015bci\u0105 mechaniczn\u0105 i odporno\u015bci\u0105 na uderzenia.<\/li>\n<li data-start=\"1287\" data-end=\"1472\"><strong data-start=\"1290\" data-end=\"1318\">Rozwi\u0105zanie ekonomiczne:<\/strong> Dzi\u0119ki d\u0142u\u017cszej \u017cywotno\u015bci i minimalnym wymaganiom konserwacyjnym te zespo\u0142y \u0142o\u017cyskowe stanowi\u0105 ekonomiczn\u0105 alternatyw\u0119 dla tradycyjnych obud\u00f3w metalowych.<\/li>\n<\/ol>\n<h3 data-start=\"1474\" data-end=\"1518\"><strong data-start=\"1478\" data-end=\"1516\">Zastosowania w r\u00f3\u017cnych ga\u0142\u0119ziach przemys\u0142u<\/strong><\/h3>\n<ul data-start=\"1520\" data-end=\"1913\">\n<li data-start=\"1520\" data-end=\"1614\"><strong data-start=\"1522\" data-end=\"1555\">Przetw\u00f3rstwo \u017cywno\u015bci i napoj\u00f3w:<\/strong> Zapewnia higieniczne funkcjonowanie systemu zapobiegaj\u0105c zanieczyszczeniom.<\/li>\n<li data-start=\"1615\" data-end=\"1706\"><strong data-start=\"1617\" data-end=\"1645\">Przemys\u0142 farmaceutyczny:<\/strong> Utrzymuje sterylno\u015b\u0107 i spe\u0142nia surowe normy bran\u017cowe.<\/li>\n<li data-start=\"1707\" data-end=\"1814\"><strong data-start=\"1709\" data-end=\"1743\">Pakowanie i obs\u0142uga materia\u0142\u00f3w:<\/strong> Zapewnia p\u0142ynn\u0105 i niezawodn\u0105 prac\u0119 w aplikacjach wymagaj\u0105cych du\u017cej pr\u0119dko\u015bci.<\/li>\n<li data-start=\"1815\" data-end=\"1913\"><strong data-start=\"1817\" data-end=\"1846\">Rolnictwo i automatyzacja:<\/strong> Odporny na dzia\u0142anie kurzu, wilgoci i zmiennych temperatur.<\/li>\n<\/ul>\n<h2 data-start=\"1915\" data-end=\"1935\"><strong data-start=\"1919\" data-end=\"1933\">Zwi\u0119ksz trwa\u0142o\u015b\u0107 i wydajno\u015b\u0107<\/strong><\/h2>\n<p data-start=\"1937\" data-end=\"2242\">Jednostki \u0142o\u017cyskowe z obudow\u0105 kompozytow\u0105 IP54 i zamkni\u0119tymi pokrywami s\u0105 doskona\u0142ym wyborem dla bran\u017c, w kt\u00f3rych wymagane s\u0105 <strong data-start=\"2044\" data-end=\"2094\">trwa\u0142o\u015b\u0107, higiena i d\u0142ugoterminowa niezawodno\u015b\u0107<\/strong>. Ich <strong data-start=\"2102\" data-end=\"2181\">uszczelniona konstrukcja, lekka konstrukcja i w\u0142a\u015bciwo\u015bci odporne na korozj\u0119<\/strong> czyni\u0105 je niezast\u0105pionymi w nowoczesnych zastosowaniach przemys\u0142owych.<\/p>\n<div class=\"dcf-overflow-x-auto\" tabindex=\"0\">\n<h2>Zamkni\u0119ta pokrywa \/ zamkni\u0119ta pokrywa jednostki z tworzywa termoplastycznego (CC)<\/h2>\n<p><a href=\"https:\/\/nhkmachineryparts.com\/pl\/produkt\/223-jednostka-poduszek-blok-ppl\/\">Zesp\u00f3\u0142 \u0142o\u017cyska kulkowego PPL z blokiem poduszki<\/a><br \/>\n<a href=\"https:\/\/nhkmachineryparts.com\/pl\/produkt\/jednostka-kolnierzowa-222-kwadratowa-4-srubowa-fpl\/\">Zesp\u00f3\u0142 \u0142o\u017cyska kulkowego FPL z ko\u0142nierzem kwadratowym na 4 \u015bruby<\/a><br \/>\n<a href=\"https:\/\/nhkmachineryparts.com\/pl\/produkt\/224-jednostka-kolnierza-owalna-2-srubowa-flpl\/\">Zesp\u00f3\u0142 \u0142o\u017cyska kulkowego FLPL z ko\u0142nierzem owalnym na 2 \u015bruby<\/a><br \/>\n<a href=\"https:\/\/nhkmachineryparts.com\/pl\/produkt\/225-podstawa-gwintowana-blok-poduszka-jednostka-papl\/\">Gwintowany blok podstawy z \u0142o\u017cyskiem kulkowym PAPL<\/a><br \/>\n<a href=\"https:\/\/nhkmachineryparts.com\/pl\/produkt\/226-zespol-kolnierzowy-3-srubowy-jednostronny-fbpl\/\">Zesp\u00f3\u0142 \u0142o\u017cyska kulkowego FBPL z ko\u0142nierzem przykr\u0119canym na 3 \u015bruby<\/a><br \/>\n<a href=\"https:\/\/nhkmachineryparts.com\/pl\/produkt\/292-wklad-kolnierz-jednostka-fcpl\/\">Zesp\u00f3\u0142 ko\u0142nierzowy z 4 \u015brubami w kasecie FCPL<\/a><br \/>\n<a href=\"https:\/\/nhkmachineryparts.com\/pl\/produkt\/227-jednostka-wieszakowa-hppl\/\">Zesp\u00f3\u0142 \u0142o\u017cyska kulkowego Blue Hanger HPPL<\/a><br \/>\n<a href=\"https:\/\/nhkmachineryparts.com\/pl\/produkt\/228-jednostka-odbiorcza-tpl\/\">Zesp\u00f3\u0142 \u0142o\u017cyska kulkowego Blue Take-up TPL<\/a><\/p>\n<\/div>\n\n\t\t<\/div>\n\t<\/div>\n<\/div><\/div><\/div><\/div><\/div><\/section>","protected":false},"excerpt":{"rendered":"Maximum Protection and Performance - Thermoplastic housings cover in Black, White or Blue - Cover material: Polypropylene Available sizes Shaft Diameter Catalog No. \u00d820 mm CC 204 \u00d825 mm CC 205 \u00d830 mm CC 206 \u00d835 mm CC 207 \u00d840 mm CC 208 \u00d845 mm CC 209 \u00d850 mm CC 210 \u00d855 mm CC 211 [...]","protected":false},"featured_media":9080,"template":"","meta":[],"product_brand":[],"product_cat":[52],"product_tag":[],"class_list":{"0":"post-1832","1":"product","2":"type-product","3":"status-publish","4":"has-post-thumbnail","6":"product_cat-bearing-units-in-ip54-thermo-plastic-housing","8":"first","9":"instock","10":"shipping-taxable","11":"product-type-simple"},"yoast_head":"<!-- This site is optimized with the Yoast SEO plugin v27.3 - https:\/\/yoast.com\/product\/yoast-seo-wordpress\/ -->\n<title>Thermo plastic bearing unit closed cover | Maximum Protection | NHK Machinery Parts<\/title>\n<meta name=\"description\" content=\"The closed cover for thermo plastic bearing unit is suitable for the food industry and other demanding environments, due to the hygienic design\" \/>\n<meta name=\"robots\" content=\"index, follow, max-snippet:-1, max-image-preview:large, max-video-preview:-1\" \/>\n<link rel=\"canonical\" href=\"https:\/\/nhkmachineryparts.com\/pl\/produkt\/230-termoplastyczna-jednostka-zamknieta-pokrywa\/\" \/>\n<meta property=\"og:locale\" content=\"pl_PL\" \/>\n<meta property=\"og:type\" content=\"article\" \/>\n<meta property=\"og:title\" content=\"Thermo plastic bearing unit closed cover | Maximum Protection | NHK Machinery Parts\" \/>\n<meta property=\"og:description\" content=\"The closed cover for thermo plastic bearing unit is suitable for the food industry and other demanding environments, due to the hygienic design\" \/>\n<meta property=\"og:url\" content=\"https:\/\/nhkmachineryparts.com\/pl\/produkt\/230-termoplastyczna-jednostka-zamknieta-pokrywa\/\" \/>\n<meta property=\"og:site_name\" content=\"NHK Machinery Parts\" \/>\n<meta property=\"article:publisher\" content=\"https:\/\/www.facebook.com\/NHK.Group.aps\" \/>\n<meta property=\"article:modified_time\" content=\"2026-02-23T12:54:05+00:00\" \/>\n<meta property=\"og:image\" content=\"https:\/\/nhkmachineryparts.com\/wp-content\/uploads\/2022\/09\/Closed-blue-cover-for-stainless-bearing-unit.jpg\" \/>\n\t<meta property=\"og:image:width\" content=\"1000\" \/>\n\t<meta property=\"og:image:height\" content=\"1000\" \/>\n\t<meta property=\"og:image:type\" content=\"image\/jpeg\" \/>\n<meta name=\"twitter:card\" content=\"summary_large_image\" \/>\n<meta name=\"twitter:label1\" content=\"Szacowany czas czytania\" \/>\n\t<meta name=\"twitter:data1\" content=\"2 minuty\" \/>\n<script type=\"application\/ld+json\" class=\"yoast-schema-graph\">{\"@context\":\"https:\\\/\\\/schema.org\",\"@graph\":[{\"@type\":\"WebPage\",\"@id\":\"https:\\\/\\\/nhkmachineryparts.com\\\/product\\\/230-thermo-plastic-unit-closed-cover\\\/\",\"url\":\"https:\\\/\\\/nhkmachineryparts.com\\\/product\\\/230-thermo-plastic-unit-closed-cover\\\/\",\"name\":\"Thermo plastic bearing unit closed cover | Maximum Protection | NHK Machinery Parts\",\"isPartOf\":{\"@id\":\"https:\\\/\\\/nhkmachineryparts.com\\\/#website\"},\"primaryImageOfPage\":{\"@id\":\"https:\\\/\\\/nhkmachineryparts.com\\\/product\\\/230-thermo-plastic-unit-closed-cover\\\/#primaryimage\"},\"image\":{\"@id\":\"https:\\\/\\\/nhkmachineryparts.com\\\/product\\\/230-thermo-plastic-unit-closed-cover\\\/#primaryimage\"},\"thumbnailUrl\":\"https:\\\/\\\/nhkmachineryparts.com\\\/wp-content\\\/uploads\\\/2022\\\/09\\\/Closed-blue-cover-for-stainless-bearing-unit.jpg\",\"datePublished\":\"2022-09-26T10:10:50+00:00\",\"dateModified\":\"2026-02-23T12:54:05+00:00\",\"description\":\"The closed cover for thermo plastic bearing unit is suitable for the food industry and other demanding environments, due to the hygienic design\",\"breadcrumb\":{\"@id\":\"https:\\\/\\\/nhkmachineryparts.com\\\/product\\\/230-thermo-plastic-unit-closed-cover\\\/#breadcrumb\"},\"inLanguage\":\"pl-PL\",\"potentialAction\":[{\"@type\":\"ReadAction\",\"target\":[\"https:\\\/\\\/nhkmachineryparts.com\\\/product\\\/230-thermo-plastic-unit-closed-cover\\\/\"]}]},{\"@type\":\"ImageObject\",\"inLanguage\":\"pl-PL\",\"@id\":\"https:\\\/\\\/nhkmachineryparts.com\\\/product\\\/230-thermo-plastic-unit-closed-cover\\\/#primaryimage\",\"url\":\"https:\\\/\\\/nhkmachineryparts.com\\\/wp-content\\\/uploads\\\/2022\\\/09\\\/Closed-blue-cover-for-stainless-bearing-unit.jpg\",\"contentUrl\":\"https:\\\/\\\/nhkmachineryparts.com\\\/wp-content\\\/uploads\\\/2022\\\/09\\\/Closed-blue-cover-for-stainless-bearing-unit.jpg\",\"width\":1000,\"height\":1000,\"caption\":\"Closed blue cover for stainless bearing unit\"},{\"@type\":\"BreadcrumbList\",\"@id\":\"https:\\\/\\\/nhkmachineryparts.com\\\/product\\\/230-thermo-plastic-unit-closed-cover\\\/#breadcrumb\",\"itemListElement\":[{\"@type\":\"ListItem\",\"position\":1,\"name\":\"Home\",\"item\":\"https:\\\/\\\/nhkmachineryparts.com\\\/\"},{\"@type\":\"ListItem\",\"position\":2,\"name\":\"Product line\",\"item\":\"https:\\\/\\\/nhkmachineryparts.com\\\/product-line\\\/\"},{\"@type\":\"ListItem\",\"position\":3,\"name\":\"Bearing units in IP54\u00a0composite housing\",\"item\":\"https:\\\/\\\/nhkmachineryparts.com\\\/product-line\\\/bearing-units-in-ip54-thermo-plastic-housing\\\/\"},{\"@type\":\"ListItem\",\"position\":4,\"name\":\"Thermo plastic bearing unit closed cover\"}]},{\"@type\":\"WebSite\",\"@id\":\"https:\\\/\\\/nhkmachineryparts.com\\\/#website\",\"url\":\"https:\\\/\\\/nhkmachineryparts.com\\\/\",\"name\":\"NHK Machinery Parts\",\"description\":\"Bearing Houses, seismic levelling feet and levelling castors\",\"publisher\":{\"@id\":\"https:\\\/\\\/nhkmachineryparts.com\\\/#organization\"},\"potentialAction\":[{\"@type\":\"SearchAction\",\"target\":{\"@type\":\"EntryPoint\",\"urlTemplate\":\"https:\\\/\\\/nhkmachineryparts.com\\\/?s={search_term_string}\"},\"query-input\":{\"@type\":\"PropertyValueSpecification\",\"valueRequired\":true,\"valueName\":\"search_term_string\"}}],\"inLanguage\":\"pl-PL\"},{\"@type\":\"Organization\",\"@id\":\"https:\\\/\\\/nhkmachineryparts.com\\\/#organization\",\"name\":\"Nhk Group ApS\",\"url\":\"https:\\\/\\\/nhkmachineryparts.com\\\/\",\"logo\":{\"@type\":\"ImageObject\",\"inLanguage\":\"pl-PL\",\"@id\":\"https:\\\/\\\/nhkmachineryparts.com\\\/#\\\/schema\\\/logo\\\/image\\\/\",\"url\":\"https:\\\/\\\/nhkmachineryparts.com\\\/wp-content\\\/uploads\\\/2022\\\/09\\\/NHKgroup_social.jpg\",\"contentUrl\":\"https:\\\/\\\/nhkmachineryparts.com\\\/wp-content\\\/uploads\\\/2022\\\/09\\\/NHKgroup_social.jpg\",\"width\":1200,\"height\":630,\"caption\":\"Nhk Group ApS\"},\"image\":{\"@id\":\"https:\\\/\\\/nhkmachineryparts.com\\\/#\\\/schema\\\/logo\\\/image\\\/\"},\"sameAs\":[\"https:\\\/\\\/www.facebook.com\\\/NHK.Group.aps\"]}]}<\/script>\n<!-- \/ Yoast SEO plugin. -->","yoast_head_json":{"title":"Zamkni\u0119ta pokrywa jednostki \u0142o\u017cyskowej z tworzywa termoplastycznego | Maksymalna ochrona | NHK Machinery Parts","description":"Zamkni\u0119ta pokrywa zespo\u0142u \u0142o\u017cyskowego z tworzywa termoplastycznego, ze wzgl\u0119du na higieniczn\u0105 konstrukcj\u0119, nadaje si\u0119 do przemys\u0142u spo\u017cywczego i innych wymagaj\u0105cych \u015brodowisk","robots":{"index":"index","follow":"follow","max-snippet":"max-snippet:-1","max-image-preview":"max-image-preview:large","max-video-preview":"max-video-preview:-1"},"canonical":"https:\/\/nhkmachineryparts.com\/pl\/produkt\/230-termoplastyczna-jednostka-zamknieta-pokrywa\/","og_locale":"pl_PL","og_type":"article","og_title":"Thermo plastic bearing unit closed cover | Maximum Protection | NHK Machinery Parts","og_description":"The closed cover for thermo plastic bearing unit is suitable for the food industry and other demanding environments, due to the hygienic design","og_url":"https:\/\/nhkmachineryparts.com\/pl\/produkt\/230-termoplastyczna-jednostka-zamknieta-pokrywa\/","og_site_name":"NHK Machinery Parts","article_publisher":"https:\/\/www.facebook.com\/NHK.Group.aps","article_modified_time":"2026-02-23T12:54:05+00:00","og_image":[{"width":1000,"height":1000,"url":"https:\/\/nhkmachineryparts.com\/wp-content\/uploads\/2022\/09\/Closed-blue-cover-for-stainless-bearing-unit.jpg","type":"image\/jpeg"}],"twitter_card":"summary_large_image","twitter_misc":{"Szacowany czas czytania":"2 minuty"},"schema":{"@context":"https:\/\/schema.org","@graph":[{"@type":"WebPage","@id":"https:\/\/nhkmachineryparts.com\/product\/230-thermo-plastic-unit-closed-cover\/","url":"https:\/\/nhkmachineryparts.com\/product\/230-thermo-plastic-unit-closed-cover\/","name":"Zamkni\u0119ta pokrywa jednostki \u0142o\u017cyskowej z tworzywa termoplastycznego | Maksymalna ochrona | NHK Machinery Parts","isPartOf":{"@id":"https:\/\/nhkmachineryparts.com\/#website"},"primaryImageOfPage":{"@id":"https:\/\/nhkmachineryparts.com\/product\/230-thermo-plastic-unit-closed-cover\/#primaryimage"},"image":{"@id":"https:\/\/nhkmachineryparts.com\/product\/230-thermo-plastic-unit-closed-cover\/#primaryimage"},"thumbnailUrl":"https:\/\/nhkmachineryparts.com\/wp-content\/uploads\/2022\/09\/Closed-blue-cover-for-stainless-bearing-unit.jpg","datePublished":"2022-09-26T10:10:50+00:00","dateModified":"2026-02-23T12:54:05+00:00","description":"Zamkni\u0119ta pokrywa zespo\u0142u \u0142o\u017cyskowego z tworzywa termoplastycznego, ze wzgl\u0119du na higieniczn\u0105 konstrukcj\u0119, nadaje si\u0119 do przemys\u0142u spo\u017cywczego i innych wymagaj\u0105cych \u015brodowisk","breadcrumb":{"@id":"https:\/\/nhkmachineryparts.com\/product\/230-thermo-plastic-unit-closed-cover\/#breadcrumb"},"inLanguage":"pl-PL","potentialAction":[{"@type":"ReadAction","target":["https:\/\/nhkmachineryparts.com\/product\/230-thermo-plastic-unit-closed-cover\/"]}]},{"@type":"ImageObject","inLanguage":"pl-PL","@id":"https:\/\/nhkmachineryparts.com\/product\/230-thermo-plastic-unit-closed-cover\/#primaryimage","url":"https:\/\/nhkmachineryparts.com\/wp-content\/uploads\/2022\/09\/Closed-blue-cover-for-stainless-bearing-unit.jpg","contentUrl":"https:\/\/nhkmachineryparts.com\/wp-content\/uploads\/2022\/09\/Closed-blue-cover-for-stainless-bearing-unit.jpg","width":1000,"height":1000,"caption":"Closed blue cover for stainless bearing unit"},{"@type":"BreadcrumbList","@id":"https:\/\/nhkmachineryparts.com\/product\/230-thermo-plastic-unit-closed-cover\/#breadcrumb","itemListElement":[{"@type":"ListItem","position":1,"name":"Home","item":"https:\/\/nhkmachineryparts.com\/"},{"@type":"ListItem","position":2,"name":"Product line","item":"https:\/\/nhkmachineryparts.com\/product-line\/"},{"@type":"ListItem","position":3,"name":"Bearing units in IP54\u00a0composite housing","item":"https:\/\/nhkmachineryparts.com\/product-line\/bearing-units-in-ip54-thermo-plastic-housing\/"},{"@type":"ListItem","position":4,"name":"Thermo plastic bearing unit closed cover"}]},{"@type":"WebSite","@id":"https:\/\/nhkmachineryparts.com\/#website","url":"https:\/\/nhkmachineryparts.com\/","name":"Cz\u0119\u015bci maszyn NHK","description":"Obudowy \u0142o\u017cyskowe, sejsmiczne stopy poziomuj\u0105ce i k\u00f3\u0142ka poziomuj\u0105ce","publisher":{"@id":"https:\/\/nhkmachineryparts.com\/#organization"},"potentialAction":[{"@type":"SearchAction","target":{"@type":"EntryPoint","urlTemplate":"https:\/\/nhkmachineryparts.com\/?s={search_term_string}"},"query-input":{"@type":"PropertyValueSpecification","valueRequired":true,"valueName":"search_term_string"}}],"inLanguage":"pl-PL"},{"@type":"Organization","@id":"https:\/\/nhkmachineryparts.com\/#organization","name":"ApS Grupy Nhk","url":"https:\/\/nhkmachineryparts.com\/","logo":{"@type":"ImageObject","inLanguage":"pl-PL","@id":"https:\/\/nhkmachineryparts.com\/#\/schema\/logo\/image\/","url":"https:\/\/nhkmachineryparts.com\/wp-content\/uploads\/2022\/09\/NHKgroup_social.jpg","contentUrl":"https:\/\/nhkmachineryparts.com\/wp-content\/uploads\/2022\/09\/NHKgroup_social.jpg","width":1200,"height":630,"caption":"Nhk Group ApS"},"image":{"@id":"https:\/\/nhkmachineryparts.com\/#\/schema\/logo\/image\/"},"sameAs":["https:\/\/www.facebook.com\/NHK.Group.aps"]}]}},"_links":{"self":[{"href":"https:\/\/nhkmachineryparts.com\/pl\/wp-json\/wp\/v2\/product\/1832","targetHints":{"allow":["GET"]}}],"collection":[{"href":"https:\/\/nhkmachineryparts.com\/pl\/wp-json\/wp\/v2\/product"}],"about":[{"href":"https:\/\/nhkmachineryparts.com\/pl\/wp-json\/wp\/v2\/types\/product"}],"wp:featuredmedia":[{"embeddable":true,"href":"https:\/\/nhkmachineryparts.com\/pl\/wp-json\/wp\/v2\/media\/9080"}],"wp:attachment":[{"href":"https:\/\/nhkmachineryparts.com\/pl\/wp-json\/wp\/v2\/media?parent=1832"}],"wp:term":[{"taxonomy":"product_brand","embeddable":true,"href":"https:\/\/nhkmachineryparts.com\/pl\/wp-json\/wp\/v2\/product_brand?post=1832"},{"taxonomy":"product_cat","embeddable":true,"href":"https:\/\/nhkmachineryparts.com\/pl\/wp-json\/wp\/v2\/product_cat?post=1832"},{"taxonomy":"product_tag","embeddable":true,"href":"https:\/\/nhkmachineryparts.com\/pl\/wp-json\/wp\/v2\/product_tag?post=1832"}],"curies":[{"name":"wp","href":"https:\/\/api.w.org\/{rel}","templated":true}]}}