{"id":1820,"date":"2022-09-26T10:01:50","date_gmt":"2022-09-26T10:01:50","guid":{"rendered":"https:\/\/nhkmachineryparts.pawsfabrik.dk\/?post_type=product&#038;p=1820"},"modified":"2026-02-23T14:54:18","modified_gmt":"2026-02-23T12:54:18","slug":"228-jednostka-odbiorcza-tpl","status":"publish","type":"product","link":"https:\/\/nhkmachineryparts.com\/pl\/product\/228-take-up-unit-tpl\/","title":{"rendered":"Zesp\u00f3\u0142 \u0142o\u017cyska kulkowego TPL do odbioru"},"content":{"rendered":"<section class=\"vc_row vc_custom_1662993827263 liquid-row-shadowbox-69d3fb6680cfb vc_column-gap-0\"><div class=\"ld-container container\"><div class=\"row ld-row ld-row-outer\"><div class=\"wpb_column vc_column_container vc_col-sm-12 liquid-column-69d3fb6680f2c\"><div class=\"vc_column-inner\" ><div class=\"wpb_wrapper\"  >\n\t<div class=\"wpb_text_column wpb_content_element\" >\n\t\t<div class=\"wpb_wrapper\">\n\t\t\t<h2>Trwa\u0142e i odporne na korozj\u0119<\/h2>\n<p>Obudowa \u0142o\u017cyska IP54 wykonana z polipropylenu. (Kolor czarny, bia\u0142y lub niebieski)<br \/>\nObudowa \u0142o\u017cyska IP54 posiada regulowane, wst\u0119pnie nasmarowane \u0142o\u017cysko kulkowe ze stali chromowanej lub wst\u0119pnie nasmarowane \u0142o\u017cysko kulkowe ze stali nierdzewnej.<br \/>\n\u0141o\u017cysko mo\u017cna nasmarowa\u0107 za pomoc\u0105 smarowniczki lub szybkoz\u0142\u0105cza.<br \/>\nObudowa \u0142o\u017cyska IP54 jest wyposa\u017cona w zatrzaskow\u0105 nasadk\u0119 zabezpieczaj\u0105c\u0105.<br \/>\nPier\u015bcie\u0144 uszczelniaj\u0105cy wa\u0142u obrotowego (TC) z dodatkow\u0105 warg\u0105 przeciwpy\u0142ow\u0105 z gumy NBR.<\/p>\n<h2>Cechy i zalety<\/h2>\n<ul>\n<li>Temperatura pracy od -20C do +100C.<\/li>\n<li>Ekonomiczna eksploatacja.<\/li>\n<li>Wk\u0142adka \u0142o\u017cyskowa o d\u0142ugiej \u017cywotno\u015bci.<\/li>\n<li>Koncepcja i projekt spe\u0142niaj\u0105cy wszelkie wymogi bezpiecze\u0144stwa.<\/li>\n<li>Wymienne ze standardowymi \u017celiwnymi wspornikami \u0142o\u017cysk ko\u0142nierzowych.<\/li>\n<li>Maksymalna niewsp\u00f3\u0142osiowo\u015b\u0107 pomi\u0119dzy wa\u0142em a obudow\u0105: 3 stopnie.<\/li>\n<li>Ca\u0142kowicie uszczelnione jednostki.<\/li>\n<li>Smarowniczki ze stali nierdzewnej AISI304 M6x1mm<\/li>\n<li>\u0141o\u017cyska ze stali nierdzewnej AISI 440C (wst\u0119pnie nasmarowane)<\/li>\n<li>\u0141o\u017cysko kulkowe wst\u0119pnie nasmarowane smarem d\u0142ugotrwa\u0142ym, kt\u00f3ry idealnie nadaje si\u0119 do zastosowa\u0144 w wilgotnych warunkach, z wod\u0105, roztworami zasadowymi lub kwasowymi.<\/li>\n<\/ul>\n<h2>Dost\u0119pne rozmiary<\/h2>\n<div class=\"dcf-overflow-x-auto\" tabindex=\"0\">\n<table class=\"dcf-table dcf-table-bordered dcf-w-100%\">\n<thead>\n<tr>\n<th scope=\"col\">\u015arednica wa\u0142u<\/th>\n<th scope=\"col\">Nr katalogowy<\/th>\n<\/tr>\n<\/thead>\n<tbody>\n<tr>\n<td data-label=\"Shaft Diameter\">\u015820 mm<\/td>\n<td data-label=\"Catalog No.\">TP 204<\/td>\n<\/tr>\n<tr>\n<td data-label=\"Shaft Diameter\">\u015825 mm<\/td>\n<td data-label=\"Catalog No.\">TP 205<\/td>\n<\/tr>\n<tr>\n<td data-label=\"Shaft Diameter\">\u015830 mm<\/td>\n<td data-label=\"Catalog No.\">TP 206<\/td>\n<\/tr>\n<tr>\n<td data-label=\"Shaft Diameter\">\u015835 mm<\/td>\n<td data-label=\"Catalog No.\">TP 207<\/td>\n<\/tr>\n<tr>\n<td data-label=\"Shaft Diameter\">\u015840 mm<\/td>\n<td data-label=\"Catalog No.\">TP 208<\/td>\n<\/tr>\n<tr>\n<td data-label=\"Shaft Diameter\">\u015845 mm<\/td>\n<td data-label=\"Catalog No.\">TP 209<\/td>\n<\/tr>\n<tr>\n<td data-label=\"Shaft Diameter\">\u015850 mm<\/td>\n<td data-label=\"Catalog No.\">TP 210<\/td>\n<\/tr>\n<tr>\n<td data-label=\"Shaft Diameter\">\u015855 mm<\/td>\n<td data-label=\"Catalog No.\">TP 211<\/td>\n<\/tr>\n<tr>\n<td data-label=\"Shaft Diameter\">\u015860 mm<\/td>\n<td data-label=\"Catalog No.\">TP 212<\/td>\n<\/tr>\n<\/tbody>\n<\/table>\n<\/div>\n<p>Jednostka odbiorcza TPL z gwintem calowym dost\u0119pna r\u00f3wnie\u017c na zam\u00f3wienie<\/p>\n<p>TPL20x mo\u017ce by\u0107 dostarczony z otwart\u0105 lub zamkni\u0119t\u0105 pokryw\u0105.<br \/>\nOtwarta pokrywa, do numer\u00f3w \u0142o\u017cysk dodawany jest przyrostek \u201eOC\u201d. np.: TPL204OC.<br \/>\nPokrywa zamkni\u0119ta, do numer\u00f3w \u0142o\u017cysk dodawany jest przyrostek \u201eCC\u201d. np.: TPL204CC.<\/p>\n<h2 data-start=\"0\" data-end=\"105\"><strong data-start=\"4\" data-end=\"103\">Jednostka \u0142o\u017cyska kulkowego TPL z niebieskim odbieraniem: <\/strong><\/h2>\n<h3><strong data-start=\"4\" data-end=\"103\">Trwa\u0142e i higieniczne rozwi\u0105zanie do zastosowa\u0144 przemys\u0142owych<\/strong><\/h3>\n<p data-start=\"181\" data-end=\"524\">The <strong data-start=\"185\" data-end=\"223\">Jednostka \u0142o\u017cysk kulkowych TPL Blue Take-up<\/strong> jest prze\u0142omem w <a href=\"https:\/\/nhkmachineryparts.com\/pl\/our-industries\/\" data-internallinksmanager029f6b8e52c=\"4\" title=\"Nasze bran\u017ce\">bran\u017ce<\/a> wymagaj\u0105cych wydajnych, higienicznych i odpornych na korozj\u0119 rozwi\u0105za\u0144 \u0142o\u017cyskowych. Zaprojektowana do wymagaj\u0105cych zastosowa\u0144, ta jednostka \u0142o\u017cyskowa jest szeroko stosowana w <strong data-start=\"416\" data-end=\"477\">przemys\u0142 przetw\u00f3rstwa spo\u017cywczego, farmaceutyczny i opakowaniowy<\/strong>, gdzie higiena i trwa\u0142o\u015b\u0107 s\u0105 najwa\u017cniejsze.<\/p>\n<h3 data-start=\"526\" data-end=\"587\"><strong data-start=\"531\" data-end=\"585\">Higieniczna konstrukcja z doskona\u0142\u0105 odporno\u015bci\u0105 na korozj\u0119<\/strong><\/h3>\n<p data-start=\"588\" data-end=\"1064\">The <strong data-start=\"592\" data-end=\"630\">Jednostka \u0142o\u017cysk kulkowych TPL Blue Take-up<\/strong> jest specjalnie zaprojektowany, aby spe\u0142nia\u0107 <strong data-start=\"664\" data-end=\"694\">surowe przepisy higieniczne<\/strong>, w tym <strong data-start=\"706\" data-end=\"723\">FDA i <a href=\"https:\/\/nhkmachineryparts.com\/pl\/jaka-jest-roznica-miedzy-3a-a-ehedg\/\" data-internallinksmanager029f6b8e52c=\"2\" title=\"Cz\u0119\u015bci maszyn z certyfikatem EHEDG\">EHEDG<\/a><\/strong> standardy. Jego nieporowata <strong data-start=\"750\" data-end=\"780\">niebieska obudowa termoplastyczna<\/strong> nie tylko zwi\u0119ksza widoczno\u015b\u0107 kontroli zanieczyszcze\u0144, ale tak\u017ce zapewnia doskona\u0142\u0105 <strong data-start=\"863\" data-end=\"921\">odporno\u015b\u0107 na wilgo\u0107, chemikalia i \u015brodki czyszcz\u0105ce<\/strong>. \u0141o\u017cysko kulkowe ze stali nierdzewnej zapewnia <strong data-start=\"964\" data-end=\"1031\">p\u0142ynna praca, d\u0142u\u017csza \u017cywotno\u015b\u0107 i du\u017ca \u0142adowno\u015b\u0107<\/strong>nawet w ekstremalnych warunkach.<\/p>\n<h3 data-start=\"1066\" data-end=\"1100\"><strong data-start=\"1071\" data-end=\"1098\">G\u0142\u00f3wne cechy i korzy\u015bci<\/strong><\/h3>\n<p data-start=\"1101\" data-end=\"1433\">\u2705 <strong data-start=\"1103\" data-end=\"1128\">Budownictwo higieniczne<\/strong> \u2013 Nietoksyczna, \u0142atwa do czyszczenia, niebieska obudowa z tworzywa termoplastycznego.<br data-start=\"1183\" data-end=\"1186\" \/>\u2705 <strong data-start=\"1188\" data-end=\"1211\">Odporny na korozj\u0119<\/strong> \u2013 \u0141o\u017cyska ze stali nierdzewnej zapewniaj\u0105ce d\u0142ug\u0105 \u017cywotno\u015b\u0107 w trudnych warunkach.<br data-start=\"1272\" data-end=\"1275\" \/>\u2705 <strong data-start=\"1277\" data-end=\"1311\">Odporno\u015b\u0107 na wilgo\u0107 i chemikalia<\/strong> \u2013 Idealny do miejsc, w kt\u00f3rych wyst\u0119puje zjawisko mycia.<br data-start=\"1346\" data-end=\"1349\" \/>\u2705 <strong data-start=\"1351\" data-end=\"1386\">\u0141atwa instalacja i konserwacja<\/strong> \u2013 Konstrukcja samonastawna, redukuj\u0105ca przestoje.<\/p>\n<h3 data-start=\"1435\" data-end=\"1476\"><strong data-start=\"1440\" data-end=\"1474\">Zastosowania w r\u00f3\u017cnych bran\u017cach<\/strong><\/h3>\n<p data-start=\"1477\" data-end=\"1531\">Jednostka \u0142o\u017cysk kulkowych Blue Take-up TPL idealnie nadaje si\u0119 do:<\/p>\n<ul data-start=\"1532\" data-end=\"1811\">\n<li data-start=\"1532\" data-end=\"1623\"><strong data-start=\"1534\" data-end=\"1564\">Przetw\u00f3rstwo \u017cywno\u015bci i napoj\u00f3w<\/strong> \u2013 Systemy przeno\u015bnikowe, maszyny nape\u0142niaj\u0105ce, urz\u0105dzenia do krojenia.<\/li>\n<li data-start=\"1624\" data-end=\"1717\"><strong data-start=\"1626\" data-end=\"1655\">Produkcja farmaceutyczna<\/strong> \u2013 Systemy mieszania, linie pakuj\u0105ce, urz\u0105dzenia sterylizacyjne.<\/li>\n<li data-start=\"1718\" data-end=\"1811\"><strong data-start=\"1720\" data-end=\"1746\">Pakowanie i automatyzacja<\/strong> \u2013 Systemy ta\u015bmoci\u0105g\u00f3w, maszyny etykietuj\u0105ce, transport materia\u0142\u00f3w.<\/li>\n<\/ul>\n<h2 data-start=\"1813\" data-end=\"1833\"><strong data-start=\"1817\" data-end=\"1831\">Najlepsze rozwi\u0105zanie higieniczne i odporne na korozj\u0119<\/strong><\/h2>\n<p data-start=\"1834\" data-end=\"2114\">Inwestowanie w <strong data-start=\"1849\" data-end=\"1887\">Jednostka \u0142o\u017cysk kulkowych TPL Blue Take-up<\/strong> wzmacnia <strong data-start=\"1897\" data-end=\"1968\">niezawodno\u015b\u0107 maszyn, zgodno\u015b\u0107 z zasadami higieny i wydajno\u015b\u0107 operacyjna<\/strong>. Niezale\u017cnie od tego, czy chodzi o produkcj\u0119 \u017cywno\u015bci, farmaceutyki czy pakowanie, to trwa\u0142e rozwi\u0105zanie \u0142o\u017cyskowe jest kluczem do d\u0142ugoterminowej wydajno\u015bci i oszcz\u0119dno\u015bci koszt\u00f3w.<\/p>\n<p data-start=\"2116\" data-end=\"2231\" data-is-last-node=\"\">\ud83d\udd39 <strong data-start=\"2119\" data-end=\"2231\" data-is-last-node=\"\">Ulepsz sw\u00f3j sprz\u0119t ju\u017c dzi\u015b, montuj\u0105c \u0142o\u017cysko kulkowe Blue Take-up TPL, kt\u00f3re zapewni Ci niezr\u00f3wnan\u0105 trwa\u0142o\u015b\u0107 i higien\u0119!<\/strong><\/p>\n<p>Jeste\u015bmy gotowi dostarczy\u0107 higieniczne rozwi\u0105zania dla Ciebie i Twojej firmy, niezale\u017cnie od tego, czy tego potrzebujesz\u00a0<a href=\"https:\/\/nhkmachineryparts.com\/pl\/linia-produkcyjna-2\/kategoria\/stainless-feet-in-hygienic-design\/\">stopy maszyn<\/a>,\u00a0<a href=\"https:\/\/nhkmachineryparts.com\/pl\/linia-produkcyjna-2\/kategoria\/31-waterproof-bearing-house-ip67-waterproof-bearing-units\/\">wodoodporne \u0142o\u017cyska IP67<\/a>\u00a0Lub\u00a0<a href=\"https:\/\/nhkmachineryparts.com\/pl\/linia-produkcyjna-2\/kategoria\/34-bearing-house-units-in-stainless-steel\/\">zespo\u0142y \u0142o\u017cyskowe ze stali nierdzewnej<\/a>, mamy to wszystko.<\/p>\n\n\t\t<\/div>\n\t<\/div>\n<\/div><\/div><\/div><\/div><\/div><\/section>","protected":false},"excerpt":{"rendered":"Durable and Corrosion-Resistant IP54 bearing housing in Polypropylene. (Colour in Black, White or Blue) IP54 bearing housing has adjustable pre-lubricated chrome steel or pre-lubricated stainless steel ball bearing. The bearing can be re-lubricated by means of grease-nipple or a quick coupler. IP54 bearing housing is fitted with clip-on safety cap. Rotary shaft seal ring (TC) [...]","protected":false},"featured_media":9075,"template":"","meta":[],"product_brand":[],"product_cat":[52],"product_tag":[],"class_list":{"0":"post-1820","1":"product","2":"type-product","3":"status-publish","4":"has-post-thumbnail","6":"product_cat-bearing-units-in-ip54-thermo-plastic-housing","8":"first","9":"instock","10":"shipping-taxable","11":"product-type-simple"},"yoast_head":"<!-- This site is optimized with the Yoast SEO plugin v27.3 - https:\/\/yoast.com\/product\/yoast-seo-wordpress\/ -->\n<title>Take-up TPL ball bearing unit | Enhance performance | NHK Machinery Parts<\/title>\n<meta name=\"description\" content=\"Our maintenance free take-up bearing units are resistant to all cleaning agents and chemicals, hygienic design and easy-to-clean. Enhance performance.\" \/>\n<meta name=\"robots\" content=\"index, follow, max-snippet:-1, max-image-preview:large, max-video-preview:-1\" \/>\n<link rel=\"canonical\" href=\"https:\/\/nhkmachineryparts.com\/pl\/produkt\/228-jednostka-odbiorcza-tpl\/\" \/>\n<meta property=\"og:locale\" content=\"pl_PL\" \/>\n<meta property=\"og:type\" content=\"article\" \/>\n<meta property=\"og:title\" content=\"Take-up TPL ball bearing unit | Enhance performance | NHK Machinery Parts\" \/>\n<meta property=\"og:description\" content=\"Our maintenance free take-up bearing units are resistant to all cleaning agents and chemicals, hygienic design and easy-to-clean. Enhance performance.\" \/>\n<meta property=\"og:url\" content=\"https:\/\/nhkmachineryparts.com\/pl\/produkt\/228-jednostka-odbiorcza-tpl\/\" \/>\n<meta property=\"og:site_name\" content=\"NHK Machinery Parts\" \/>\n<meta property=\"article:publisher\" content=\"https:\/\/www.facebook.com\/NHK.Group.aps\" \/>\n<meta property=\"article:modified_time\" content=\"2026-02-23T12:54:18+00:00\" \/>\n<meta property=\"og:image\" content=\"https:\/\/nhkmachineryparts.com\/wp-content\/uploads\/2022\/09\/Blue-Take-up-TPL-ball-bearing-unit.jpg\" \/>\n\t<meta property=\"og:image:width\" content=\"1000\" \/>\n\t<meta property=\"og:image:height\" content=\"1000\" \/>\n\t<meta property=\"og:image:type\" content=\"image\/jpeg\" \/>\n<meta name=\"twitter:card\" content=\"summary_large_image\" \/>\n<meta name=\"twitter:label1\" content=\"Szacowany czas czytania\" \/>\n\t<meta name=\"twitter:data1\" content=\"3 minuty\" \/>\n<script type=\"application\/ld+json\" class=\"yoast-schema-graph\">{\"@context\":\"https:\\\/\\\/schema.org\",\"@graph\":[{\"@type\":\"WebPage\",\"@id\":\"https:\\\/\\\/nhkmachineryparts.com\\\/product\\\/228-take-up-unit-tpl\\\/\",\"url\":\"https:\\\/\\\/nhkmachineryparts.com\\\/product\\\/228-take-up-unit-tpl\\\/\",\"name\":\"Take-up TPL ball bearing unit | Enhance performance | NHK Machinery Parts\",\"isPartOf\":{\"@id\":\"https:\\\/\\\/nhkmachineryparts.com\\\/#website\"},\"primaryImageOfPage\":{\"@id\":\"https:\\\/\\\/nhkmachineryparts.com\\\/product\\\/228-take-up-unit-tpl\\\/#primaryimage\"},\"image\":{\"@id\":\"https:\\\/\\\/nhkmachineryparts.com\\\/product\\\/228-take-up-unit-tpl\\\/#primaryimage\"},\"thumbnailUrl\":\"https:\\\/\\\/nhkmachineryparts.com\\\/wp-content\\\/uploads\\\/2022\\\/09\\\/Blue-Take-up-TPL-ball-bearing-unit.jpg\",\"datePublished\":\"2022-09-26T10:01:50+00:00\",\"dateModified\":\"2026-02-23T12:54:18+00:00\",\"description\":\"Our maintenance free take-up bearing units are resistant to all cleaning agents and chemicals, hygienic design and easy-to-clean. Enhance performance.\",\"breadcrumb\":{\"@id\":\"https:\\\/\\\/nhkmachineryparts.com\\\/product\\\/228-take-up-unit-tpl\\\/#breadcrumb\"},\"inLanguage\":\"pl-PL\",\"potentialAction\":[{\"@type\":\"ReadAction\",\"target\":[\"https:\\\/\\\/nhkmachineryparts.com\\\/product\\\/228-take-up-unit-tpl\\\/\"]}]},{\"@type\":\"ImageObject\",\"inLanguage\":\"pl-PL\",\"@id\":\"https:\\\/\\\/nhkmachineryparts.com\\\/product\\\/228-take-up-unit-tpl\\\/#primaryimage\",\"url\":\"https:\\\/\\\/nhkmachineryparts.com\\\/wp-content\\\/uploads\\\/2022\\\/09\\\/Blue-Take-up-TPL-ball-bearing-unit.jpg\",\"contentUrl\":\"https:\\\/\\\/nhkmachineryparts.com\\\/wp-content\\\/uploads\\\/2022\\\/09\\\/Blue-Take-up-TPL-ball-bearing-unit.jpg\",\"width\":1000,\"height\":1000,\"caption\":\"Blue Take-up TPL ball bearing unit\"},{\"@type\":\"BreadcrumbList\",\"@id\":\"https:\\\/\\\/nhkmachineryparts.com\\\/product\\\/228-take-up-unit-tpl\\\/#breadcrumb\",\"itemListElement\":[{\"@type\":\"ListItem\",\"position\":1,\"name\":\"Home\",\"item\":\"https:\\\/\\\/nhkmachineryparts.com\\\/\"},{\"@type\":\"ListItem\",\"position\":2,\"name\":\"Product line\",\"item\":\"https:\\\/\\\/nhkmachineryparts.com\\\/product-line\\\/\"},{\"@type\":\"ListItem\",\"position\":3,\"name\":\"Bearing units in IP54\u00a0composite housing\",\"item\":\"https:\\\/\\\/nhkmachineryparts.com\\\/product-line\\\/bearing-units-in-ip54-thermo-plastic-housing\\\/\"},{\"@type\":\"ListItem\",\"position\":4,\"name\":\"Take-up TPL ball bearing unit\"}]},{\"@type\":\"WebSite\",\"@id\":\"https:\\\/\\\/nhkmachineryparts.com\\\/#website\",\"url\":\"https:\\\/\\\/nhkmachineryparts.com\\\/\",\"name\":\"NHK Machinery Parts\",\"description\":\"Bearing Houses, seismic levelling feet and levelling castors\",\"publisher\":{\"@id\":\"https:\\\/\\\/nhkmachineryparts.com\\\/#organization\"},\"potentialAction\":[{\"@type\":\"SearchAction\",\"target\":{\"@type\":\"EntryPoint\",\"urlTemplate\":\"https:\\\/\\\/nhkmachineryparts.com\\\/?s={search_term_string}\"},\"query-input\":{\"@type\":\"PropertyValueSpecification\",\"valueRequired\":true,\"valueName\":\"search_term_string\"}}],\"inLanguage\":\"pl-PL\"},{\"@type\":\"Organization\",\"@id\":\"https:\\\/\\\/nhkmachineryparts.com\\\/#organization\",\"name\":\"Nhk Group ApS\",\"url\":\"https:\\\/\\\/nhkmachineryparts.com\\\/\",\"logo\":{\"@type\":\"ImageObject\",\"inLanguage\":\"pl-PL\",\"@id\":\"https:\\\/\\\/nhkmachineryparts.com\\\/#\\\/schema\\\/logo\\\/image\\\/\",\"url\":\"https:\\\/\\\/nhkmachineryparts.com\\\/wp-content\\\/uploads\\\/2022\\\/09\\\/NHKgroup_social.jpg\",\"contentUrl\":\"https:\\\/\\\/nhkmachineryparts.com\\\/wp-content\\\/uploads\\\/2022\\\/09\\\/NHKgroup_social.jpg\",\"width\":1200,\"height\":630,\"caption\":\"Nhk Group ApS\"},\"image\":{\"@id\":\"https:\\\/\\\/nhkmachineryparts.com\\\/#\\\/schema\\\/logo\\\/image\\\/\"},\"sameAs\":[\"https:\\\/\\\/www.facebook.com\\\/NHK.Group.aps\"]}]}<\/script>\n<!-- \/ Yoast SEO plugin. -->","yoast_head_json":{"title":"Zesp\u00f3\u0142 \u0142o\u017cyska kulkowego Take-up TPL | Zwi\u0119ksz wydajno\u015b\u0107 | Cz\u0119\u015bci maszynowe NHK","description":"Nasze bezobs\u0142ugowe zespo\u0142y \u0142o\u017cyskowe s\u0105 odporne na wszystkie \u015brodki czyszcz\u0105ce i chemikalia, maj\u0105 higieniczn\u0105 konstrukcj\u0119 i s\u0105 \u0142atwe do czyszczenia. Zwi\u0119ksz wydajno\u015b\u0107.","robots":{"index":"index","follow":"follow","max-snippet":"max-snippet:-1","max-image-preview":"max-image-preview:large","max-video-preview":"max-video-preview:-1"},"canonical":"https:\/\/nhkmachineryparts.com\/pl\/produkt\/228-jednostka-odbiorcza-tpl\/","og_locale":"pl_PL","og_type":"article","og_title":"Take-up TPL ball bearing unit | Enhance performance | NHK Machinery Parts","og_description":"Our maintenance free take-up bearing units are resistant to all cleaning agents and chemicals, hygienic design and easy-to-clean. Enhance performance.","og_url":"https:\/\/nhkmachineryparts.com\/pl\/produkt\/228-jednostka-odbiorcza-tpl\/","og_site_name":"NHK Machinery Parts","article_publisher":"https:\/\/www.facebook.com\/NHK.Group.aps","article_modified_time":"2026-02-23T12:54:18+00:00","og_image":[{"width":1000,"height":1000,"url":"https:\/\/nhkmachineryparts.com\/wp-content\/uploads\/2022\/09\/Blue-Take-up-TPL-ball-bearing-unit.jpg","type":"image\/jpeg"}],"twitter_card":"summary_large_image","twitter_misc":{"Szacowany czas czytania":"3 minuty"},"schema":{"@context":"https:\/\/schema.org","@graph":[{"@type":"WebPage","@id":"https:\/\/nhkmachineryparts.com\/product\/228-take-up-unit-tpl\/","url":"https:\/\/nhkmachineryparts.com\/product\/228-take-up-unit-tpl\/","name":"Zesp\u00f3\u0142 \u0142o\u017cyska kulkowego Take-up TPL | Zwi\u0119ksz wydajno\u015b\u0107 | Cz\u0119\u015bci maszynowe NHK","isPartOf":{"@id":"https:\/\/nhkmachineryparts.com\/#website"},"primaryImageOfPage":{"@id":"https:\/\/nhkmachineryparts.com\/product\/228-take-up-unit-tpl\/#primaryimage"},"image":{"@id":"https:\/\/nhkmachineryparts.com\/product\/228-take-up-unit-tpl\/#primaryimage"},"thumbnailUrl":"https:\/\/nhkmachineryparts.com\/wp-content\/uploads\/2022\/09\/Blue-Take-up-TPL-ball-bearing-unit.jpg","datePublished":"2022-09-26T10:01:50+00:00","dateModified":"2026-02-23T12:54:18+00:00","description":"Nasze bezobs\u0142ugowe zespo\u0142y \u0142o\u017cyskowe s\u0105 odporne na wszystkie \u015brodki czyszcz\u0105ce i chemikalia, maj\u0105 higieniczn\u0105 konstrukcj\u0119 i s\u0105 \u0142atwe do czyszczenia. Zwi\u0119ksz wydajno\u015b\u0107.","breadcrumb":{"@id":"https:\/\/nhkmachineryparts.com\/product\/228-take-up-unit-tpl\/#breadcrumb"},"inLanguage":"pl-PL","potentialAction":[{"@type":"ReadAction","target":["https:\/\/nhkmachineryparts.com\/product\/228-take-up-unit-tpl\/"]}]},{"@type":"ImageObject","inLanguage":"pl-PL","@id":"https:\/\/nhkmachineryparts.com\/product\/228-take-up-unit-tpl\/#primaryimage","url":"https:\/\/nhkmachineryparts.com\/wp-content\/uploads\/2022\/09\/Blue-Take-up-TPL-ball-bearing-unit.jpg","contentUrl":"https:\/\/nhkmachineryparts.com\/wp-content\/uploads\/2022\/09\/Blue-Take-up-TPL-ball-bearing-unit.jpg","width":1000,"height":1000,"caption":"Blue Take-up TPL ball bearing unit"},{"@type":"BreadcrumbList","@id":"https:\/\/nhkmachineryparts.com\/product\/228-take-up-unit-tpl\/#breadcrumb","itemListElement":[{"@type":"ListItem","position":1,"name":"Home","item":"https:\/\/nhkmachineryparts.com\/"},{"@type":"ListItem","position":2,"name":"Product line","item":"https:\/\/nhkmachineryparts.com\/product-line\/"},{"@type":"ListItem","position":3,"name":"Bearing units in IP54\u00a0composite housing","item":"https:\/\/nhkmachineryparts.com\/product-line\/bearing-units-in-ip54-thermo-plastic-housing\/"},{"@type":"ListItem","position":4,"name":"Take-up TPL ball bearing unit"}]},{"@type":"WebSite","@id":"https:\/\/nhkmachineryparts.com\/#website","url":"https:\/\/nhkmachineryparts.com\/","name":"Cz\u0119\u015bci maszyn NHK","description":"Obudowy \u0142o\u017cyskowe, sejsmiczne stopy poziomuj\u0105ce i k\u00f3\u0142ka poziomuj\u0105ce","publisher":{"@id":"https:\/\/nhkmachineryparts.com\/#organization"},"potentialAction":[{"@type":"SearchAction","target":{"@type":"EntryPoint","urlTemplate":"https:\/\/nhkmachineryparts.com\/?s={search_term_string}"},"query-input":{"@type":"PropertyValueSpecification","valueRequired":true,"valueName":"search_term_string"}}],"inLanguage":"pl-PL"},{"@type":"Organization","@id":"https:\/\/nhkmachineryparts.com\/#organization","name":"ApS Grupy Nhk","url":"https:\/\/nhkmachineryparts.com\/","logo":{"@type":"ImageObject","inLanguage":"pl-PL","@id":"https:\/\/nhkmachineryparts.com\/#\/schema\/logo\/image\/","url":"https:\/\/nhkmachineryparts.com\/wp-content\/uploads\/2022\/09\/NHKgroup_social.jpg","contentUrl":"https:\/\/nhkmachineryparts.com\/wp-content\/uploads\/2022\/09\/NHKgroup_social.jpg","width":1200,"height":630,"caption":"Nhk Group ApS"},"image":{"@id":"https:\/\/nhkmachineryparts.com\/#\/schema\/logo\/image\/"},"sameAs":["https:\/\/www.facebook.com\/NHK.Group.aps"]}]}},"_links":{"self":[{"href":"https:\/\/nhkmachineryparts.com\/pl\/wp-json\/wp\/v2\/product\/1820","targetHints":{"allow":["GET"]}}],"collection":[{"href":"https:\/\/nhkmachineryparts.com\/pl\/wp-json\/wp\/v2\/product"}],"about":[{"href":"https:\/\/nhkmachineryparts.com\/pl\/wp-json\/wp\/v2\/types\/product"}],"wp:featuredmedia":[{"embeddable":true,"href":"https:\/\/nhkmachineryparts.com\/pl\/wp-json\/wp\/v2\/media\/9075"}],"wp:attachment":[{"href":"https:\/\/nhkmachineryparts.com\/pl\/wp-json\/wp\/v2\/media?parent=1820"}],"wp:term":[{"taxonomy":"product_brand","embeddable":true,"href":"https:\/\/nhkmachineryparts.com\/pl\/wp-json\/wp\/v2\/product_brand?post=1820"},{"taxonomy":"product_cat","embeddable":true,"href":"https:\/\/nhkmachineryparts.com\/pl\/wp-json\/wp\/v2\/product_cat?post=1820"},{"taxonomy":"product_tag","embeddable":true,"href":"https:\/\/nhkmachineryparts.com\/pl\/wp-json\/wp\/v2\/product_tag?post=1820"}],"curies":[{"name":"wp","href":"https:\/\/api.w.org\/{rel}","templated":true}]}}