{"id":1529,"date":"2022-09-24T18:13:36","date_gmt":"2022-09-24T18:13:36","guid":{"rendered":"https:\/\/nhkmachineryparts.pawsfabrik.dk\/?post_type=product&#038;p=1529"},"modified":"2026-02-23T15:08:17","modified_gmt":"2026-02-23T13:08:17","slug":"wodoodporne-ip67-lozyska-slizgowe-z-gwintowana-podstawa","status":"publish","type":"product","link":"https:\/\/nhkmachineryparts.com\/pl\/product\/ip67-waterproof-tapped-base-pillow-block-bearing-units\/","title":{"rendered":"Wodoodporne, gwintowane \u0142o\u017cyska \u015blizgowe IP67"},"content":{"rendered":"<section class=\"vc_row vc_custom_1662993827263 liquid-row-shadowbox-69cff7899bceb vc_column-gap-0\"><div class=\"ld-container container\"><div class=\"row ld-row ld-row-outer\"><div class=\"wpb_column vc_column_container vc_col-sm-12 liquid-column-69cff7899bfc8\"><div class=\"vc_column-inner\" ><div class=\"wpb_wrapper\"  >\n\t<div class=\"wpb_text_column wpb_content_element\" >\n\t\t<div class=\"wpb_wrapper\">\n\t\t\t<h2><strong data-start=\"100\" data-end=\"195\">Po\u0142\u0105czenie precyzji i ochrony<\/strong><\/h2>\n<p>Nasz <a href=\"https:\/\/nhkmachineryparts.com\/pl\/product-line\/ip67-waterproof-bearing-house-units\/\" data-internallinksmanager029f6b8e52c=\"3\" title=\"Wodoodporne obudowy \u0142o\u017cysk o stopniu ochrony IP67\">IP67,<\/a> Uzyskano zespo\u0142y \u0142o\u017cyskowe <a href=\"https:\/\/nhkmachineryparts.com\/pl\/linia-produkcyjna-2\/wodoodporny-dom-lozyskowy-ip67-wodoodporne-jednostki-lozyskowe\/\" data-internallinksmanager029f6b8e52c=\"6\" title=\"USDA\">USDA<\/a> certyfikat.<br \/>\nZespo\u0142y \u0142o\u017cyskowe IP67 posiadaj\u0105 unikalny numer identyfikacyjny partii umo\u017cliwiaj\u0105cy \u015bledzenie bezpiecze\u0144stwa \u017cywno\u015bci.<br \/>\nIP67 Odporne na par\u0119, wodoszczelne i odporne na korozj\u0119 zespo\u0142y \u0142o\u017cysk ko\u0142nierzowych, kt\u00f3re szczeg\u00f3lnie nadaj\u0105 si\u0119 do pracy w wilgotnych i trudnych warunkach.<\/p>\n<h2><strong data-start=\"199\" data-end=\"303\">Wy\u017csza trwa\u0142o\u015b\u0107 w trudnych warunkach<\/strong><\/h2>\n<p>Nasze zespo\u0142y \u0142o\u017cyskowe IP67 s\u0105 przeznaczone do: <a href=\"https:\/\/nhkmachineryparts.com\/pl\/our-industries\/\" data-internallinksmanager029f6b8e52c=\"4\" title=\"Nasze bran\u017ce\">bran\u017ce<\/a> przy stale wy\u017cszych wymaganiach w zakresie wytrzyma\u0142o\u015bci materia\u0142u i konstrukcji u\u0142atwiaj\u0105cej czyszczenie. Aby zmniejszy\u0107 ryzyko rozwoju bakterii, konstrukcja ta charakteryzuje si\u0119 g\u0142adkimi powierzchniami i zaokr\u0105glonymi naro\u017cnikami.<\/p>\n<p>Zespo\u0142y \u0142o\u017cyskowe IP67 s\u0105 zgodne z 3A i <a href=\"https:\/\/nhkmachineryparts.com\/pl\/jaka-jest-roznica-miedzy-3a-a-ehedg\/\" data-internallinksmanager029f6b8e52c=\"2\" title=\"Cz\u0119\u015bci maszyn z certyfikatem EHEDG\">EHEDG<\/a> Przepisy Stopie\u0144 ochrony wynosi IP67, co zapewnia, \u017ce zespo\u0142y \u0142o\u017cyskowe mo\u017cna czy\u015bci\u0107 wod\u0105 pod wysokim ci\u015bnieniem ze wszystkich kierunk\u00f3w. Pier\u015bcie\u0144 uszczelniaj\u0105cy olej ze spr\u0119\u017cyn\u0105 ze stali nierdzewnej zapobiega przedostawaniu si\u0119 wody do obudowy.<\/p>\n<p>\u0141o\u017cyska s\u0105 bezobs\u0142ugowe i odporne na wszelkie \u015brodki czyszcz\u0105ce i wi\u0119kszo\u015b\u0107 chemikali\u00f3w.<\/p>\n<h2><strong data-start=\"307\" data-end=\"402\">Zaprojektowane do ekstremalnych warunk\u00f3w<\/strong><\/h2>\n<ul>\n<li>Kompaktowa i mocna podstawa obudowy \u0142o\u017cyska z pokryw\u0105 przykr\u0119con\u0105 do podstawy.<\/li>\n<li>Obudowa \u0142o\u017cyska wykonana jest z materia\u0142u Dupolit, kt\u00f3ry charakteryzuje si\u0119 wyj\u0105tkow\u0105 stabilno\u015bci\u0105 i wytrzyma\u0142o\u015bci\u0105.<\/li>\n<li>Smarowniczka ze stali nierdzewnej zapewniaj\u0105ca optymalne nape\u0142nienie smarem dopuszczonym do kontaktu z \u017cywno\u015bci\u0105, zapobiegaj\u0105ca kondensacji w obudowie.<\/li>\n<li>Obudowa \u0142o\u017cyska jest wyposa\u017cona w \u0142o\u017cysko kulkowe nasmarowane na ca\u0142y okres eksploatacji z mimo\u015brodowym pier\u015bcieniem ustalaj\u0105cym.<\/li>\n<li>\u0141o\u017cysko sferyczne jest samonastawne.<\/li>\n<li>Wymiary obudowy \u0142o\u017cyska s\u0105 podobne do standard\u00f3w rynkowych, co u\u0142atwia wymian\u0119.<\/li>\n<li>Obudow\u0119 \u0142o\u017cyska mo\u017cna montowa\u0107 pod dowolnym k\u0105tem<\/li>\n<li>\u0141o\u017cyska sferyczne ze stali nierdzewnej zapewniaj\u0105 \u0142atwy i precyzyjny monta\u017c<\/li>\n<li>Obudowa \u0142o\u017cyska jest odporna na ciep\u0142o od -30\u00b0C do +100\u00b0C<\/li>\n<li>Wk\u0142adki \u0142o\u017cyskowe s\u0105 smarowane smarem zarejestrowanym przez NSF H1, kt\u00f3ry spe\u0142nia wymagania takie jak DIN 51825<\/li>\n<li>Zespo\u0142y \u0142o\u017cyskowe s\u0105 akceptowane przez USDA i spe\u0142niaj\u0105 norm\u0119 NSF\/ANSI\/3-A 14159-1-2010<\/li>\n<li>Dopuszczony do kontaktu z \u017cywno\u015bci\u0105 zgodnie z rozporz\u0105dzeniem (WE) nr 1935\/2004<\/li>\n<li>Mo\u017cliwo\u015b\u0107 w\u0142asnej marki<\/li>\n<\/ul>\n<h2><strong data-start=\"100\" data-end=\"195\">Jednostki \u0142o\u017cyskowe z podstaw\u0105 gwintowan\u0105 i wodoodporn\u0105 IP67<\/strong><\/h2>\n<div class=\"dcf-overflow-x-auto\" tabindex=\"0\">\n<table class=\"dcf-table dcf-table-bordered dcf-w-100%\">\n<thead>\n<tr>\n<th scope=\"col\">Typ IP67 PA<\/th>\n<th scope=\"col\">Nr katalogowy<\/th>\n<th scope=\"col\">Nr katalogowy<\/th>\n<\/tr>\n<\/thead>\n<tbody>\n<tr>\n<td data-label=\"Type IP67 F\">Zesp\u00f3\u0142 \u0142o\u017cyska stojakowego z gwintowan\u0105 podstaw\u0105<\/td>\n<td data-label=\"Catalogue No.\">Zamkni\u0119ta pokrywa<\/td>\n<td data-label=\"Catalogue No.\">Otw\u00f3rz pokryw\u0119<\/td>\n<\/tr>\n<tr>\n<td data-label=\"Type IP67 F\">\u015820 mm<\/td>\n<td data-label=\"Catalogue No.\">IP67 PA204 CC<\/td>\n<td data-label=\"Catalogue No.\">IP67 PA204 OC<\/td>\n<\/tr>\n<tr>\n<td data-label=\"Type IP67 F\">\u015825 mm<\/td>\n<td data-label=\"Catalogue No.\">IP67 PA205 CC<\/td>\n<td data-label=\"Catalogue No.\">IP67 PA205 OC<\/td>\n<\/tr>\n<tr>\n<td data-label=\"Type IP67 F\">\u015830 mm<\/td>\n<td data-label=\"Catalogue No.\">IP67 PA206 CC<\/td>\n<td data-label=\"Catalogue No.\">IP67 PA206 OC<\/td>\n<\/tr>\n<tr>\n<td data-label=\"Type IP67 F\">\u015835 mm<\/td>\n<td data-label=\"Catalogue No.\">IP67 PA207 CC<\/td>\n<td data-label=\"Catalogue No.\">IP67 PA207 OC<\/td>\n<\/tr>\n<tr>\n<td data-label=\"Type IP67 F\">\u015840 mm<\/td>\n<td data-label=\"Catalogue No.\">IP67 PA208 CC<\/td>\n<td data-label=\"Catalogue No.\">IP67 PA208 OC<\/td>\n<\/tr>\n<\/tbody>\n<\/table>\n<p><a href=\"https:\/\/nhkmachineryparts.com\/pl\/linia-produkcyjna-2\/kategoria\/31-waterproof-bearing-house-ip67-waterproof-bearing-units\/\">Zobacz tak\u017ce nasze inne wodoodporne \u0142o\u017cyska z certyfikatami FDA.<\/a><\/p>\n<div class=\"w-full text-token-text-primary border-b border-black\/10 gizmo:border-0 dark:border-gray-900\/50 gizmo:dark:border-0 bg-gray-50 gizmo:bg-transparent dark:bg-&#091;#444654&#093; gizmo:dark:bg-transparent\" data-testid=\"conversation-turn-3\">\n<div class=\"p-4 gizmo:py-2 justify-center text-base md:gap-6 md:py-6 m-auto\">\n<div class=\"flex flex-1 gap-4 text-base mx-auto md:gap-6 gizmo:gap-3 gizmo:md:px-5 gizmo:lg:px-1 gizmo:xl:px-5 md:max-w-2xl lg:max-w-&#091;38rem&#093; gizmo:md:max-w-3xl gizmo:lg:max-w-&#091;40rem&#093; gizmo:xl:max-w-&#091;48rem&#093; xl:max-w-3xl } group\">\n<div class=\"relative flex w-&#091;calc(100%-50px)&#093; flex-col gizmo:w-full lg:w-&#091;calc(100%-115px)&#093; agent-turn\">\n<div class=\"flex-col gap-1 md:gap-3\">\n<div class=\"flex flex-grow flex-col max-w-full gap-3 gizmo:gap-0\">\n<div class=\"min-h-&#091;20px&#093; text-message peer flex flex-col items-start gap-3 whitespace-pre-wrap break-words peer-&#091;.text-message&#093;:mt-5 overflow-x-auto\" data-message-author-role=\"assistant\" data-message-id=\"6162d90c-acdb-4ffc-82be-d3c77259ca95\">\n<div class=\"markdown prose w-full break-words dark:prose-invert light\">\n<h2>Obudowa \u0142o\u017cyska o stopniu ochrony IP67<\/h2>\n<p>Stopie\u0144 ochrony IP67 obudowy \u0142o\u017cyska lub dowolnej innej obudowy elektronicznej lub mechanicznej wskazuje na wysoki poziom ochrony przed kurzem i wod\u0105. Rozwa\u017cmy, co oznacza IP67:<\/p>\n<ol>\n<li>Stopie\u0144 ochrony IP (ochrona przed wnikaniem): Stopie\u0144 ochrony IP to ustandaryzowany system u\u017cywany do klasyfikacji poziomu ochrony zapewnianej przez obudow\u0119 przed r\u00f3\u017cnymi elementami \u015brodowiska, takimi jak kurz i woda.<\/li>\n<li>Pierwsza cyfra (6): Pierwsza cyfra stopnia ochrony IP odnosi si\u0119 do ochrony przed cia\u0142ami sta\u0142ymi, w tym kurzem. W tym przypadku ocena 6 oznacza, \u017ce obudowa jest py\u0142oszczelna. Zapewnia pe\u0142n\u0105 ochron\u0119 przed kurzem i innymi cz\u0105stkami sta\u0142ymi.<\/li>\n<li>Druga cyfra (7): Druga cyfra stopnia ochrony IP odnosi si\u0119 do ochrony przed cieczami, w szczeg\u00f3lno\u015bci wod\u0105. Ocena 7 wskazuje, \u017ce obudowa jest w stanie wytrzyma\u0107 zanurzenie w wodzie na g\u0142\u0119boko\u015b\u0107 do 1 metra na 30 minut, nie dopuszczaj\u0105c do przedostania si\u0119 wody.<\/li>\n<\/ol>\n<p>Zatem wodoodporna obudowa \u0142o\u017cyska o stopniu ochrony IP67 zosta\u0142a zaprojektowana tak, aby by\u0142a py\u0142oszczelna, a tak\u017ce wytrzymuje tymczasowe zanurzenie w wodzie bez przedostawania si\u0119 wody do \u015brodka. Ten poziom ochrony jest cz\u0119sto stosowany w r\u00f3\u017cnych zastosowaniach przemys\u0142owych, zewn\u0119trznych lub morskich, gdzie obudowa \u0142o\u017cyska musi pozosta\u0107 funkcjonalna i wolna od uszkodze\u0144 spowodowanych dzia\u0142aniem py\u0142u i wody.<\/p>\n<\/div>\n<\/div>\n<\/div>\n<\/div>\n<\/div>\n<\/div>\n<\/div>\n<\/div>\n<h2>Pytania i kontakt<\/h2>\n<p>Je\u015bli masz jakiekolwiek pytania dotycz\u0105ce naszych produkt\u00f3w.\u00a0<a href=\"https:\/\/nhkmachineryparts.com\/pl\/kontakt\/\">Zawsze mo\u017cesz si\u0119 z nami skontaktowa\u0107, je\u015bli masz pytania dotycz\u0105ce wydajno\u015bci i rozwi\u0105za\u0144 dla Twojej maszyny lub czegokolwiek innego. Wi\u0119cej o tym, jak si\u0119 z nami skontaktowa\u0107, przeczytasz tutaj.<\/a>\u00a0Mo\u017cna nas znale\u017a\u0107 w Danii, Wielkiej Brytanii, Niemczech i Hongkongu.<\/p>\n<\/div>\n\n\t\t<\/div>\n\t<\/div>\n<\/div><\/div><\/div><\/div><\/div><\/section>","protected":false},"excerpt":{"rendered":"Precision and Protection Combined Our IP67 Bearing units has obtained USDA certificate. The IP67 Bearing units has unique batch ID number for food safety traceability. IP67 Steam resistant, waterproof and corrosion safe flange bearing units which are special suitable in wet and harsh environments. Superior Durability for Harsh Environments Our IP67 bearing units are designed [...]","protected":false},"featured_media":8899,"template":"","meta":[],"product_brand":[],"product_cat":[46],"product_tag":[],"class_list":{"0":"post-1529","1":"product","2":"type-product","3":"status-publish","4":"has-post-thumbnail","6":"product_cat-ip67-waterproof-bearing-house-units","8":"first","9":"instock","10":"shipping-taxable","11":"product-type-simple"},"yoast_head":"<!-- This site is optimized with the Yoast SEO plugin v27.2 - https:\/\/yoast.com\/product\/yoast-seo-wordpress\/ -->\n<title>IP67 Waterproof tapped base pillow block bearing units |<\/title>\n<meta name=\"description\" content=\"IP67 Steam resistant, waterproof and corrosion safe tapped base pillow block bearing units which are special suitable in wet and harsh environments.\" \/>\n<meta name=\"robots\" content=\"index, follow, max-snippet:-1, max-image-preview:large, max-video-preview:-1\" \/>\n<link rel=\"canonical\" href=\"https:\/\/nhkmachineryparts.com\/pl\/produkt\/wodoodporne-ip67-lozyska-slizgowe-z-gwintowana-podstawa\/\" \/>\n<meta property=\"og:locale\" content=\"pl_PL\" \/>\n<meta property=\"og:type\" content=\"article\" \/>\n<meta property=\"og:title\" content=\"IP67 Waterproof tapped base pillow block bearing units |\" \/>\n<meta property=\"og:description\" content=\"IP67 Steam resistant, waterproof and corrosion safe tapped base pillow block bearing units which are special suitable in wet and harsh environments.\" \/>\n<meta property=\"og:url\" content=\"https:\/\/nhkmachineryparts.com\/pl\/produkt\/wodoodporne-ip67-lozyska-slizgowe-z-gwintowana-podstawa\/\" \/>\n<meta property=\"og:site_name\" content=\"NHK Machinery Parts\" \/>\n<meta property=\"article:publisher\" content=\"https:\/\/www.facebook.com\/NHK.Group.aps\" \/>\n<meta property=\"article:modified_time\" content=\"2026-02-23T13:08:17+00:00\" \/>\n<meta property=\"og:image\" content=\"https:\/\/nhkmachineryparts.com\/wp-content\/uploads\/2022\/09\/Waterproof-tapped-base-pillow-block-bearing-units-with-spherical-inserts-IP67.jpg\" \/>\n\t<meta property=\"og:image:width\" content=\"1000\" \/>\n\t<meta property=\"og:image:height\" content=\"1000\" \/>\n\t<meta property=\"og:image:type\" content=\"image\/jpeg\" \/>\n<meta name=\"twitter:card\" content=\"summary_large_image\" \/>\n<meta name=\"twitter:label1\" content=\"Szacowany czas czytania\" \/>\n\t<meta name=\"twitter:data1\" content=\"4 minuty\" \/>\n<script type=\"application\/ld+json\" class=\"yoast-schema-graph\">{\"@context\":\"https:\/\/schema.org\",\"@graph\":[{\"@type\":\"WebPage\",\"@id\":\"https:\/\/nhkmachineryparts.com\/product\/ip67-waterproof-tapped-base-pillow-block-bearing-units\/\",\"url\":\"https:\/\/nhkmachineryparts.com\/product\/ip67-waterproof-tapped-base-pillow-block-bearing-units\/\",\"name\":\"IP67 Waterproof tapped base pillow block bearing units |\",\"isPartOf\":{\"@id\":\"https:\/\/nhkmachineryparts.com\/#website\"},\"primaryImageOfPage\":{\"@id\":\"https:\/\/nhkmachineryparts.com\/product\/ip67-waterproof-tapped-base-pillow-block-bearing-units\/#primaryimage\"},\"image\":{\"@id\":\"https:\/\/nhkmachineryparts.com\/product\/ip67-waterproof-tapped-base-pillow-block-bearing-units\/#primaryimage\"},\"thumbnailUrl\":\"https:\/\/nhkmachineryparts.com\/wp-content\/uploads\/2022\/09\/Waterproof-tapped-base-pillow-block-bearing-units-with-spherical-inserts-IP67.jpg\",\"datePublished\":\"2022-09-24T18:13:36+00:00\",\"dateModified\":\"2026-02-23T13:08:17+00:00\",\"description\":\"IP67 Steam resistant, waterproof and corrosion safe tapped base pillow block bearing units which are special suitable in wet and harsh environments.\",\"breadcrumb\":{\"@id\":\"https:\/\/nhkmachineryparts.com\/product\/ip67-waterproof-tapped-base-pillow-block-bearing-units\/#breadcrumb\"},\"inLanguage\":\"pl-PL\",\"potentialAction\":[{\"@type\":\"ReadAction\",\"target\":[\"https:\/\/nhkmachineryparts.com\/product\/ip67-waterproof-tapped-base-pillow-block-bearing-units\/\"]}]},{\"@type\":\"ImageObject\",\"inLanguage\":\"pl-PL\",\"@id\":\"https:\/\/nhkmachineryparts.com\/product\/ip67-waterproof-tapped-base-pillow-block-bearing-units\/#primaryimage\",\"url\":\"https:\/\/nhkmachineryparts.com\/wp-content\/uploads\/2022\/09\/Waterproof-tapped-base-pillow-block-bearing-units-with-spherical-inserts-IP67.jpg\",\"contentUrl\":\"https:\/\/nhkmachineryparts.com\/wp-content\/uploads\/2022\/09\/Waterproof-tapped-base-pillow-block-bearing-units-with-spherical-inserts-IP67.jpg\",\"width\":1000,\"height\":1000,\"caption\":\"Waterproof tapped base pillow block bearing units with spherical inserts IP67\"},{\"@type\":\"BreadcrumbList\",\"@id\":\"https:\/\/nhkmachineryparts.com\/product\/ip67-waterproof-tapped-base-pillow-block-bearing-units\/#breadcrumb\",\"itemListElement\":[{\"@type\":\"ListItem\",\"position\":1,\"name\":\"Home\",\"item\":\"https:\/\/nhkmachineryparts.com\/\"},{\"@type\":\"ListItem\",\"position\":2,\"name\":\"Product line\",\"item\":\"https:\/\/nhkmachineryparts.com\/product-line\/\"},{\"@type\":\"ListItem\",\"position\":3,\"name\":\"IP67 Waterproof bearing house units\",\"item\":\"https:\/\/nhkmachineryparts.com\/product-line\/ip67-waterproof-bearing-house-units\/\"},{\"@type\":\"ListItem\",\"position\":4,\"name\":\"IP67 Waterproof tapped base pillow block bearing units\"}]},{\"@type\":\"WebSite\",\"@id\":\"https:\/\/nhkmachineryparts.com\/#website\",\"url\":\"https:\/\/nhkmachineryparts.com\/\",\"name\":\"NHK Machinery Parts\",\"description\":\"Bearing Houses, seismic levelling feet and levelling castors\",\"publisher\":{\"@id\":\"https:\/\/nhkmachineryparts.com\/#organization\"},\"potentialAction\":[{\"@type\":\"SearchAction\",\"target\":{\"@type\":\"EntryPoint\",\"urlTemplate\":\"https:\/\/nhkmachineryparts.com\/?s={search_term_string}\"},\"query-input\":{\"@type\":\"PropertyValueSpecification\",\"valueRequired\":true,\"valueName\":\"search_term_string\"}}],\"inLanguage\":\"pl-PL\"},{\"@type\":\"Organization\",\"@id\":\"https:\/\/nhkmachineryparts.com\/#organization\",\"name\":\"Nhk Group ApS\",\"url\":\"https:\/\/nhkmachineryparts.com\/\",\"logo\":{\"@type\":\"ImageObject\",\"inLanguage\":\"pl-PL\",\"@id\":\"https:\/\/nhkmachineryparts.com\/#\/schema\/logo\/image\/\",\"url\":\"https:\/\/nhkmachineryparts.com\/wp-content\/uploads\/2022\/09\/NHKgroup_social.jpg\",\"contentUrl\":\"https:\/\/nhkmachineryparts.com\/wp-content\/uploads\/2022\/09\/NHKgroup_social.jpg\",\"width\":1200,\"height\":630,\"caption\":\"Nhk Group ApS\"},\"image\":{\"@id\":\"https:\/\/nhkmachineryparts.com\/#\/schema\/logo\/image\/\"},\"sameAs\":[\"https:\/\/www.facebook.com\/NHK.Group.aps\"]}]}<\/script>\n<!-- \/ Yoast SEO plugin. -->","yoast_head_json":{"title":"IP67 Waterproof tapped base pillow block bearing units |","description":"IP67 Odporne na par\u0119, wodoszczelne i odporne na korozj\u0119 zespo\u0142y \u0142o\u017cysk stoj\u0105cych z gwintowan\u0105 podstaw\u0105, kt\u00f3re szczeg\u00f3lnie nadaj\u0105 si\u0119 do pracy w wilgotnych i trudnych warunkach.","robots":{"index":"index","follow":"follow","max-snippet":"max-snippet:-1","max-image-preview":"max-image-preview:large","max-video-preview":"max-video-preview:-1"},"canonical":"https:\/\/nhkmachineryparts.com\/pl\/produkt\/wodoodporne-ip67-lozyska-slizgowe-z-gwintowana-podstawa\/","og_locale":"pl_PL","og_type":"article","og_title":"IP67 Waterproof tapped base pillow block bearing units |","og_description":"IP67 Steam resistant, waterproof and corrosion safe tapped base pillow block bearing units which are special suitable in wet and harsh environments.","og_url":"https:\/\/nhkmachineryparts.com\/pl\/produkt\/wodoodporne-ip67-lozyska-slizgowe-z-gwintowana-podstawa\/","og_site_name":"NHK Machinery Parts","article_publisher":"https:\/\/www.facebook.com\/NHK.Group.aps","article_modified_time":"2026-02-23T13:08:17+00:00","og_image":[{"width":1000,"height":1000,"url":"https:\/\/nhkmachineryparts.com\/wp-content\/uploads\/2022\/09\/Waterproof-tapped-base-pillow-block-bearing-units-with-spherical-inserts-IP67.jpg","type":"image\/jpeg"}],"twitter_card":"summary_large_image","twitter_misc":{"Szacowany czas czytania":"4 minuty"},"schema":{"@context":"https:\/\/schema.org","@graph":[{"@type":"WebPage","@id":"https:\/\/nhkmachineryparts.com\/product\/ip67-waterproof-tapped-base-pillow-block-bearing-units\/","url":"https:\/\/nhkmachineryparts.com\/product\/ip67-waterproof-tapped-base-pillow-block-bearing-units\/","name":"IP67 Waterproof tapped base pillow block bearing units |","isPartOf":{"@id":"https:\/\/nhkmachineryparts.com\/#website"},"primaryImageOfPage":{"@id":"https:\/\/nhkmachineryparts.com\/product\/ip67-waterproof-tapped-base-pillow-block-bearing-units\/#primaryimage"},"image":{"@id":"https:\/\/nhkmachineryparts.com\/product\/ip67-waterproof-tapped-base-pillow-block-bearing-units\/#primaryimage"},"thumbnailUrl":"https:\/\/nhkmachineryparts.com\/wp-content\/uploads\/2022\/09\/Waterproof-tapped-base-pillow-block-bearing-units-with-spherical-inserts-IP67.jpg","datePublished":"2022-09-24T18:13:36+00:00","dateModified":"2026-02-23T13:08:17+00:00","description":"IP67 Odporne na par\u0119, wodoszczelne i odporne na korozj\u0119 zespo\u0142y \u0142o\u017cysk stoj\u0105cych z gwintowan\u0105 podstaw\u0105, kt\u00f3re szczeg\u00f3lnie nadaj\u0105 si\u0119 do pracy w wilgotnych i trudnych warunkach.","breadcrumb":{"@id":"https:\/\/nhkmachineryparts.com\/product\/ip67-waterproof-tapped-base-pillow-block-bearing-units\/#breadcrumb"},"inLanguage":"pl-PL","potentialAction":[{"@type":"ReadAction","target":["https:\/\/nhkmachineryparts.com\/product\/ip67-waterproof-tapped-base-pillow-block-bearing-units\/"]}]},{"@type":"ImageObject","inLanguage":"pl-PL","@id":"https:\/\/nhkmachineryparts.com\/product\/ip67-waterproof-tapped-base-pillow-block-bearing-units\/#primaryimage","url":"https:\/\/nhkmachineryparts.com\/wp-content\/uploads\/2022\/09\/Waterproof-tapped-base-pillow-block-bearing-units-with-spherical-inserts-IP67.jpg","contentUrl":"https:\/\/nhkmachineryparts.com\/wp-content\/uploads\/2022\/09\/Waterproof-tapped-base-pillow-block-bearing-units-with-spherical-inserts-IP67.jpg","width":1000,"height":1000,"caption":"Waterproof tapped base pillow block bearing units with spherical inserts IP67"},{"@type":"BreadcrumbList","@id":"https:\/\/nhkmachineryparts.com\/product\/ip67-waterproof-tapped-base-pillow-block-bearing-units\/#breadcrumb","itemListElement":[{"@type":"ListItem","position":1,"name":"Home","item":"https:\/\/nhkmachineryparts.com\/"},{"@type":"ListItem","position":2,"name":"Product line","item":"https:\/\/nhkmachineryparts.com\/product-line\/"},{"@type":"ListItem","position":3,"name":"IP67 Waterproof bearing house units","item":"https:\/\/nhkmachineryparts.com\/product-line\/ip67-waterproof-bearing-house-units\/"},{"@type":"ListItem","position":4,"name":"IP67 Waterproof tapped base pillow block bearing units"}]},{"@type":"WebSite","@id":"https:\/\/nhkmachineryparts.com\/#website","url":"https:\/\/nhkmachineryparts.com\/","name":"Cz\u0119\u015bci maszyn NHK","description":"Obudowy \u0142o\u017cyskowe, sejsmiczne stopy poziomuj\u0105ce i k\u00f3\u0142ka poziomuj\u0105ce","publisher":{"@id":"https:\/\/nhkmachineryparts.com\/#organization"},"potentialAction":[{"@type":"SearchAction","target":{"@type":"EntryPoint","urlTemplate":"https:\/\/nhkmachineryparts.com\/?s={search_term_string}"},"query-input":{"@type":"PropertyValueSpecification","valueRequired":true,"valueName":"search_term_string"}}],"inLanguage":"pl-PL"},{"@type":"Organization","@id":"https:\/\/nhkmachineryparts.com\/#organization","name":"ApS Grupy Nhk","url":"https:\/\/nhkmachineryparts.com\/","logo":{"@type":"ImageObject","inLanguage":"pl-PL","@id":"https:\/\/nhkmachineryparts.com\/#\/schema\/logo\/image\/","url":"https:\/\/nhkmachineryparts.com\/wp-content\/uploads\/2022\/09\/NHKgroup_social.jpg","contentUrl":"https:\/\/nhkmachineryparts.com\/wp-content\/uploads\/2022\/09\/NHKgroup_social.jpg","width":1200,"height":630,"caption":"Nhk Group ApS"},"image":{"@id":"https:\/\/nhkmachineryparts.com\/#\/schema\/logo\/image\/"},"sameAs":["https:\/\/www.facebook.com\/NHK.Group.aps"]}]}},"_links":{"self":[{"href":"https:\/\/nhkmachineryparts.com\/pl\/wp-json\/wp\/v2\/product\/1529","targetHints":{"allow":["GET"]}}],"collection":[{"href":"https:\/\/nhkmachineryparts.com\/pl\/wp-json\/wp\/v2\/product"}],"about":[{"href":"https:\/\/nhkmachineryparts.com\/pl\/wp-json\/wp\/v2\/types\/product"}],"wp:featuredmedia":[{"embeddable":true,"href":"https:\/\/nhkmachineryparts.com\/pl\/wp-json\/wp\/v2\/media\/8899"}],"wp:attachment":[{"href":"https:\/\/nhkmachineryparts.com\/pl\/wp-json\/wp\/v2\/media?parent=1529"}],"wp:term":[{"taxonomy":"product_brand","embeddable":true,"href":"https:\/\/nhkmachineryparts.com\/pl\/wp-json\/wp\/v2\/product_brand?post=1529"},{"taxonomy":"product_cat","embeddable":true,"href":"https:\/\/nhkmachineryparts.com\/pl\/wp-json\/wp\/v2\/product_cat?post=1529"},{"taxonomy":"product_tag","embeddable":true,"href":"https:\/\/nhkmachineryparts.com\/pl\/wp-json\/wp\/v2\/product_tag?post=1529"}],"curies":[{"name":"wp","href":"https:\/\/api.w.org\/{rel}","templated":true}]}}