{"id":1383,"date":"2022-09-23T13:59:45","date_gmt":"2022-09-23T13:59:45","guid":{"rendered":"https:\/\/nhkmachineryparts.pawsfabrik.dk\/?post_type=product&#038;p=1383"},"modified":"2026-02-27T16:02:06","modified_gmt":"2026-02-27T14:02:06","slug":"345-stopy-nierdzewne-w-uszczelnionej-higienicznej-konstrukcji-ehedg","status":"publish","type":"product","link":"https:\/\/nhkmachineryparts.com\/pl\/product\/345-stainless-feet-in-sealed-hygienic-design-ehedg\/","title":{"rendered":"EHEDG-certified stainless steel solid base feet with floor lock holes"},"content":{"rendered":"<section class=\"vc_row vc_custom_1662993827263 liquid-row-shadowbox-69d10b13761a0 vc_column-gap-0\"><div class=\"ld-container container\"><div class=\"row ld-row ld-row-outer\"><div class=\"wpb_column vc_column_container vc_col-sm-12 liquid-column-69d10b13763b3\"><div class=\"vc_column-inner\" ><div class=\"wpb_wrapper\"  >\n\t<div class=\"wpb_text_column wpb_content_element\" >\n\t\t<div class=\"wpb_wrapper\">\n\t\t\t<p>Zaprojektowane do du\u017cych obci\u0105\u017ce\u0144 w trudnych warunkach i w trudnych warunkach<br \/>\nHigieniczne n\u00f3\u017cki ze stali nierdzewnej mo\u017cna zastosowa\u0107 z gumow\u0105 podk\u0142adk\u0105 redukuj\u0105c\u0105 wibracje i zapewniaj\u0105c\u0105 w\u0142a\u015bciwo\u015bci antypo\u015blizgowe<br \/>\nNasz <a href=\"https:\/\/nhkmachineryparts.com\/pl\/jaka-jest-roznica-miedzy-3a-a-ehedg\/\" data-internallinksmanager029f6b8e52c=\"2\" title=\"Cz\u0119\u015bci maszyn z certyfikatem EHEDG\">EHEDG<\/a> certyfikowane higieniczne n\u00f3\u017cki ze stali nierdzewnej posiadaj\u0105 certyfikat FDA (FDA CFR 21 177 2600) z unikalnym numerem identyfikacyjnym partii umo\u017cliwiaj\u0105cym identyfikowalno\u015b\u0107 bezpiecze\u0144stwa \u017cywno\u015bci<\/p>\n<p><a href=\"https:\/\/nhkmachineryparts.com\/shop\/product-line\/certified-hygienic-feet\/\">Wypr\u00f3buj nasz certyfikowany selektor produkt\u00f3w ze stali nierdzewnej<\/a><\/p>\n<h2>Nogi ze stali nierdzewnej z certyfikatem EHEDG<\/h2>\n<p>Wrzeciona s\u0105 g\u0142adkie na ko\u0144cu w kierunku podstawy, a gwinty s\u0105 chronione tulej\u0105, aby zapewni\u0107 \u0142atwe czyszczenie.<br \/>\nTuleja pe\u0142ni tak\u017ce funkcj\u0119 nakr\u0119tki.<br \/>\nWrzeciono i podstawa uszczelnione s\u0105 uszczelk\u0105 silikonow\u0105.<br \/>\nTuleja jest uszczelniona silikonem na g\u0142adkim ko\u0144cu trzpienia, a silikonowa uszczelka jest uszczelniona na p\u0142ycie monta\u017cowej<br \/>\nPodstaw\u0119 mo\u017cna wyposa\u017cy\u0107 w gumow\u0105 podk\u0142adk\u0119 zatwierdzon\u0105 przez FDA w celu redukcji drga\u0144<br \/>\nUszczelnione, higieniczne n\u00f3\u017cki ze stali nierdzewnej z certyfikatem EHEDG wytrzymuj\u0105 nachylenia pod\u0142\u00f3g i sprz\u0119tu o nachyleniu do 10 stopni.<\/p>\n<h2>Materia\u0142y<\/h2>\n<p>Certyfikat EHEDG, uszczelnione, higieniczne n\u00f3\u017cki ze stali nierdzewnej z osadzon\u0105 gum\u0105, z certyfikatem FDA zgodnie z FDA CFR 21 177 2600.<\/p>\n<p>Opis materia\u0142u p\u0142yty podstawy:<br \/>\nStal nierdzewna Aisi 304 lub Aisi 316<\/p>\n<p>Opis materia\u0142u wrzeciona:<br \/>\nStal nierdzewna A2-70 lub A4-70<\/p>\n<p>Opis materia\u0142u podstawy gumy:<br \/>\nKauczuk NBR (kauczuk nitrylowy nr CAS 9005-98-5)<br \/>\nCertyfikat FDA zgodny z FDA CFR 21 177 2600<\/p>\n<p>Wszystkie materia\u0142y charakteryzuj\u0105 si\u0119 wysok\u0105 odporno\u015bci\u0105 na chemikalia i powszechnie stosowane \u015brodki czyszcz\u0105ce oraz na odporne oleje i t\u0142uszcze.<\/p>\n<h2>Typ i rozmiary<\/h2>\n<p><a href=\"https:\/\/nhkmachineryparts.com\/shop\/product-line\/certified-hygienic-feet\/\">Wypr\u00f3buj nasz certyfikowany selektor produkt\u00f3w do st\u00f3p higienicznych<\/a><\/p>\n<p>Uszczelnione, higieniczne podstawy ze stali nierdzewnej z certyfikatem EHEDG s\u0105 dost\u0119pne w szerokiej gamie, co zapewnia optymaln\u0105 elastyczno\u015b\u0107 i wyb\u00f3r.<\/p>\n<div class=\"dcf-overflow-x-auto\" tabindex=\"0\">\n<table class=\"dcf-table dcf-table-bordered dcf-w-100%\">\n<thead>\n<tr>\n<th scope=\"col\">Typ podstawy EHEDG<\/th>\n<th scope=\"col\">\u015arednica podstawy D<\/th>\n<\/tr>\n<\/thead>\n<tbody>\n<tr>\n<td data-label=\"PF Base Size\">EHEDG 79<\/td>\n<td data-label=\"Base Diameter D\">78 mm<\/td>\n<\/tr>\n<tr>\n<td data-label=\"PF Base Size\">EHEDG 99<\/td>\n<td data-label=\"Base Diameter D\">98 mm<\/td>\n<\/tr>\n<tr>\n<td data-label=\"PF Base Size\">EHEDG 119<\/td>\n<td data-label=\"Base Diameter D\">118 mm<\/td>\n<\/tr>\n<tr>\n<td data-label=\"PF Base Size\">EHEDG 139<\/td>\n<td data-label=\"Base Diameter D\">138 mm<\/td>\n<\/tr>\n<tr>\n<td data-label=\"PF Base Size\">EHEDG 159<\/td>\n<td data-label=\"Base Diameter D\">158 mm<\/td>\n<\/tr>\n<tr>\n<td data-label=\"PF Base Size\">EHEDG 179<\/td>\n<td data-label=\"Base Diameter D\">178 mm<\/td>\n<\/tr>\n<tr>\n<td data-label=\"PF Base Size\">EHEDG 199<\/td>\n<td data-label=\"Base Diameter D\">198 mm<\/td>\n<\/tr>\n<tr>\n<td data-label=\"PF Base Size\">EHEDG 249<\/td>\n<td data-label=\"Base Diameter D\">248 mm<\/td>\n<\/tr>\n<tr>\n<td data-label=\"PF Base Size\">EHEDG 299<\/td>\n<td data-label=\"Base Diameter D\">298 mm<\/td>\n<\/tr>\n<\/tbody>\n<\/table>\n<\/div>\n<p>Wrzeciona z uszczelnionymi, higienicznymi stopami ze stali nierdzewnej z certyfikatem EHEDG s\u0105 dost\u0119pne w szerokiej gamie, co zapewnia optymaln\u0105 elastyczno\u015b\u0107 i wyb\u00f3r.<\/p>\n<table width=\"549\">\n<tbody>\n<tr>\n<td colspan=\"8\" width=\"549\">Wrzeciono gwintowane EHEDG z uszczelnion\u0105 tulej\u0105 ochronn\u0105<\/td>\n<\/tr>\n<tr>\n<td width=\"80\">M12<\/td>\n<td width=\"67\">M16<\/td>\n<td width=\"67\">M20<\/td>\n<td width=\"67\">M24<\/td>\n<td width=\"67\">M30<\/td>\n<td width=\"67\">M36<\/td>\n<td width=\"67\">M42<\/td>\n<td width=\"67\">M48<\/td>\n<\/tr>\n<tr>\n<td colspan=\"4\" width=\"281\">EHEDG D\u0142ugo\u015b\u0107 trzpienia (L) i d\u0142ugo\u015b\u0107 tulei (H)<\/td>\n<td colspan=\"4\" width=\"268\">Wysoko\u015b\u0107 regulacji<\/td>\n<\/tr>\n<tr>\n<td colspan=\"4\" width=\"281\">D\u0142.=135 mm Wys.=55 mm<\/td>\n<td colspan=\"4\" width=\"268\">Min. 80 mm do maks. 120 mm<\/td>\n<\/tr>\n<tr>\n<td colspan=\"4\" width=\"281\">D\u0142.=175 mm Wys.=75 mm<\/td>\n<td colspan=\"4\" width=\"268\">Min. 100 mm do maks. 160 mm<\/td>\n<\/tr>\n<tr>\n<td colspan=\"4\" width=\"281\">D\u0142.=215 mm Wys.=95 mm<\/td>\n<td colspan=\"4\" width=\"268\">Min. 120 mm do maks. 200 mm<\/td>\n<\/tr>\n<tr>\n<td colspan=\"4\" width=\"281\">D\u0142.=255 mm Wys.=115 mm<\/td>\n<td colspan=\"4\" width=\"268\">Min. 140 mm do maks. 240 mm<\/td>\n<\/tr>\n<tr>\n<td colspan=\"4\" width=\"281\">D\u0142.=295 mm Wys.=125 mm<\/td>\n<td colspan=\"4\" width=\"268\">Min. 180 mm do maks. 280 mm<\/td>\n<\/tr>\n<\/tbody>\n<\/table>\n<p>W przypadku innych d\u0142ugo\u015bci trzpienia gwintowanego (L) prosimy o kontakt<br \/>\nGwinty calowe dost\u0119pne s\u0105 na zam\u00f3wienie<br \/>\nGwint mo\u017cna r\u00f3wnie\u017c dostosowa\u0107 zgodnie z konkretnym \u017c\u0105daniem, np. gwintem trapezowym itp.<\/p>\n<h2>Opcja dostawy<\/h2>\n<h3>Stopy ze stali nierdzewnej z certyfikatem EHEDG w szczelnej, higienicznej konstrukcji<\/h3>\n<p>W przypadku du\u017cych zam\u00f3wie\u0144 oferujemy dostaw\u0119 podstawy i wrzecion oddzielnie<br \/>\nZalet\u0105 jest elastyczno\u015b\u0107 dla klienta korzystaj\u0105cego z wielu r\u00f3\u017cnych rozmiar\u00f3w wrzecion<\/p>\n<p><a href=\"https:\/\/nhkmachineryparts.com\/pl\/linia-produkcyjna-2\/produkt\/287-stopek-nierdzewnych-w-higienicznej-konstrukcji-hsf\/\">W NHK cz\u0119\u015bci maszynowe znajdziesz szerok\u0105 gam\u0119 produkt\u00f3w w kategorii stopy maszynowe ze stali nierdzewnej<\/a><\/p>\n\n\t\t<\/div>\n\t<\/div>\n<\/div><\/div><\/div><\/div><\/div><\/section>","protected":false},"excerpt":{"rendered":"Designed for heavy load in harsh environments under tough conditions Hygienic stainless steel feet can be applied with rubber pad for vibration reduction and anti-slip properties Our EHEDG certified hygienic stainless steel feet are provided with FDA certificate (FDA CFR 21 177 2600) with unique batch ID number for food safety traceability Try our certified [...]","protected":false},"featured_media":8486,"template":"","meta":[],"product_brand":[],"product_cat":[98],"product_tag":[],"class_list":{"0":"post-1383","1":"product","2":"type-product","3":"status-publish","4":"has-post-thumbnail","6":"product_cat-ehedg-certified-3a-ssi-standard-components","8":"first","9":"instock","10":"shipping-taxable","11":"product-type-simple"},"yoast_head":"<!-- This site is optimized with the Yoast SEO plugin v27.2 - https:\/\/yoast.com\/product\/yoast-seo-wordpress\/ -->\n<title>EHEDG-certified stainless steel solid base feet with floor lock holes | NHK Machinery Parts<\/title>\n<meta name=\"description\" content=\"EHEDG certified stainless feet in hygienic design with floor lock holes and sealed protected spindle, A2-70, Aisi 1.4301, NBR rubber pad, FDA certificate\" \/>\n<meta name=\"robots\" content=\"index, follow, max-snippet:-1, max-image-preview:large, max-video-preview:-1\" \/>\n<link rel=\"canonical\" href=\"https:\/\/nhkmachineryparts.com\/pl\/produkt\/345-stopy-nierdzewne-w-uszczelnionej-higienicznej-konstrukcji-ehedg\/\" \/>\n<meta property=\"og:locale\" content=\"pl_PL\" \/>\n<meta property=\"og:type\" content=\"article\" \/>\n<meta property=\"og:title\" content=\"EHEDG-certified stainless steel solid base feet with floor lock holes | NHK Machinery Parts\" \/>\n<meta property=\"og:description\" content=\"EHEDG certified stainless feet in hygienic design with floor lock holes and sealed protected spindle, A2-70, Aisi 1.4301, NBR rubber pad, FDA certificate\" \/>\n<meta property=\"og:url\" content=\"https:\/\/nhkmachineryparts.com\/pl\/produkt\/345-stopy-nierdzewne-w-uszczelnionej-higienicznej-konstrukcji-ehedg\/\" \/>\n<meta property=\"og:site_name\" content=\"NHK Machinery Parts\" \/>\n<meta property=\"article:publisher\" content=\"https:\/\/www.facebook.com\/NHK.Group.aps\" \/>\n<meta property=\"article:modified_time\" content=\"2026-02-27T14:02:06+00:00\" \/>\n<meta property=\"og:image\" content=\"https:\/\/nhkmachineryparts.com\/wp-content\/uploads\/2022\/09\/EHEDG-certified-stainless-steel-feet-in-sealed-hygienic-design-with-floor-lock-holes-and-spindle-with-protecting-sleeve.jpg\" \/>\n\t<meta property=\"og:image:width\" content=\"1000\" \/>\n\t<meta property=\"og:image:height\" content=\"1000\" \/>\n\t<meta property=\"og:image:type\" content=\"image\/jpeg\" \/>\n<meta name=\"twitter:card\" content=\"summary_large_image\" \/>\n<meta name=\"twitter:label1\" content=\"Szacowany czas czytania\" \/>\n\t<meta name=\"twitter:data1\" content=\"3 minuty\" \/>\n<script type=\"application\/ld+json\" class=\"yoast-schema-graph\">{\"@context\":\"https:\/\/schema.org\",\"@graph\":[{\"@type\":\"WebPage\",\"@id\":\"https:\/\/nhkmachineryparts.com\/product\/345-stainless-feet-in-sealed-hygienic-design-ehedg\/\",\"url\":\"https:\/\/nhkmachineryparts.com\/product\/345-stainless-feet-in-sealed-hygienic-design-ehedg\/\",\"name\":\"EHEDG-certified stainless steel solid base feet with floor lock holes | NHK Machinery Parts\",\"isPartOf\":{\"@id\":\"https:\/\/nhkmachineryparts.com\/#website\"},\"primaryImageOfPage\":{\"@id\":\"https:\/\/nhkmachineryparts.com\/product\/345-stainless-feet-in-sealed-hygienic-design-ehedg\/#primaryimage\"},\"image\":{\"@id\":\"https:\/\/nhkmachineryparts.com\/product\/345-stainless-feet-in-sealed-hygienic-design-ehedg\/#primaryimage\"},\"thumbnailUrl\":\"https:\/\/nhkmachineryparts.com\/wp-content\/uploads\/2022\/09\/EHEDG-certified-stainless-steel-feet-in-sealed-hygienic-design-with-floor-lock-holes-and-spindle-with-protecting-sleeve.jpg\",\"datePublished\":\"2022-09-23T13:59:45+00:00\",\"dateModified\":\"2026-02-27T14:02:06+00:00\",\"description\":\"EHEDG certified stainless feet in hygienic design with floor lock holes and sealed protected spindle, A2-70, Aisi 1.4301, NBR rubber pad, FDA certificate\",\"breadcrumb\":{\"@id\":\"https:\/\/nhkmachineryparts.com\/product\/345-stainless-feet-in-sealed-hygienic-design-ehedg\/#breadcrumb\"},\"inLanguage\":\"pl-PL\",\"potentialAction\":[{\"@type\":\"ReadAction\",\"target\":[\"https:\/\/nhkmachineryparts.com\/product\/345-stainless-feet-in-sealed-hygienic-design-ehedg\/\"]}]},{\"@type\":\"ImageObject\",\"inLanguage\":\"pl-PL\",\"@id\":\"https:\/\/nhkmachineryparts.com\/product\/345-stainless-feet-in-sealed-hygienic-design-ehedg\/#primaryimage\",\"url\":\"https:\/\/nhkmachineryparts.com\/wp-content\/uploads\/2022\/09\/EHEDG-certified-stainless-steel-feet-in-sealed-hygienic-design-with-floor-lock-holes-and-spindle-with-protecting-sleeve.jpg\",\"contentUrl\":\"https:\/\/nhkmachineryparts.com\/wp-content\/uploads\/2022\/09\/EHEDG-certified-stainless-steel-feet-in-sealed-hygienic-design-with-floor-lock-holes-and-spindle-with-protecting-sleeve.jpg\",\"width\":1000,\"height\":1000,\"caption\":\"EHEDG certified stainless steel feet in sealed hygienic design with floor lock holes and spindle with protecting sleeve\"},{\"@type\":\"BreadcrumbList\",\"@id\":\"https:\/\/nhkmachineryparts.com\/product\/345-stainless-feet-in-sealed-hygienic-design-ehedg\/#breadcrumb\",\"itemListElement\":[{\"@type\":\"ListItem\",\"position\":1,\"name\":\"Home\",\"item\":\"https:\/\/nhkmachineryparts.com\/\"},{\"@type\":\"ListItem\",\"position\":2,\"name\":\"Product line\",\"item\":\"https:\/\/nhkmachineryparts.com\/product-line\/\"},{\"@type\":\"ListItem\",\"position\":3,\"name\":\"Certified EHEDG standard components\",\"item\":\"https:\/\/nhkmachineryparts.com\/product-line\/ehedg-certified-3a-ssi-standard-components\/\"},{\"@type\":\"ListItem\",\"position\":4,\"name\":\"EHEDG-certified stainless steel solid base feet with floor lock holes\"}]},{\"@type\":\"WebSite\",\"@id\":\"https:\/\/nhkmachineryparts.com\/#website\",\"url\":\"https:\/\/nhkmachineryparts.com\/\",\"name\":\"NHK Machinery Parts\",\"description\":\"Bearing Houses, seismic levelling feet and levelling castors\",\"publisher\":{\"@id\":\"https:\/\/nhkmachineryparts.com\/#organization\"},\"potentialAction\":[{\"@type\":\"SearchAction\",\"target\":{\"@type\":\"EntryPoint\",\"urlTemplate\":\"https:\/\/nhkmachineryparts.com\/?s={search_term_string}\"},\"query-input\":{\"@type\":\"PropertyValueSpecification\",\"valueRequired\":true,\"valueName\":\"search_term_string\"}}],\"inLanguage\":\"pl-PL\"},{\"@type\":\"Organization\",\"@id\":\"https:\/\/nhkmachineryparts.com\/#organization\",\"name\":\"Nhk Group ApS\",\"url\":\"https:\/\/nhkmachineryparts.com\/\",\"logo\":{\"@type\":\"ImageObject\",\"inLanguage\":\"pl-PL\",\"@id\":\"https:\/\/nhkmachineryparts.com\/#\/schema\/logo\/image\/\",\"url\":\"https:\/\/nhkmachineryparts.com\/wp-content\/uploads\/2022\/09\/NHKgroup_social.jpg\",\"contentUrl\":\"https:\/\/nhkmachineryparts.com\/wp-content\/uploads\/2022\/09\/NHKgroup_social.jpg\",\"width\":1200,\"height\":630,\"caption\":\"Nhk Group ApS\"},\"image\":{\"@id\":\"https:\/\/nhkmachineryparts.com\/#\/schema\/logo\/image\/\"},\"sameAs\":[\"https:\/\/www.facebook.com\/NHK.Group.aps\"]}]}<\/script>\n<!-- \/ Yoast SEO plugin. -->","yoast_head_json":{"title":"EHEDG-certified stainless steel solid base feet with floor lock holes | NHK Machinery Parts","description":"Certyfikowane przez EHEDG n\u00f3\u017cki ze stali nierdzewnej o higienicznej konstrukcji z otworami do blokowania w pod\u0142odze i uszczelnionym, zabezpieczonym wrzecionem, A2-70, Aisi 1.4301, podk\u0142adka gumowa NBR, certyfikat FDA","robots":{"index":"index","follow":"follow","max-snippet":"max-snippet:-1","max-image-preview":"max-image-preview:large","max-video-preview":"max-video-preview:-1"},"canonical":"https:\/\/nhkmachineryparts.com\/pl\/produkt\/345-stopy-nierdzewne-w-uszczelnionej-higienicznej-konstrukcji-ehedg\/","og_locale":"pl_PL","og_type":"article","og_title":"EHEDG-certified stainless steel solid base feet with floor lock holes | NHK Machinery Parts","og_description":"EHEDG certified stainless feet in hygienic design with floor lock holes and sealed protected spindle, A2-70, Aisi 1.4301, NBR rubber pad, FDA certificate","og_url":"https:\/\/nhkmachineryparts.com\/pl\/produkt\/345-stopy-nierdzewne-w-uszczelnionej-higienicznej-konstrukcji-ehedg\/","og_site_name":"NHK Machinery Parts","article_publisher":"https:\/\/www.facebook.com\/NHK.Group.aps","article_modified_time":"2026-02-27T14:02:06+00:00","og_image":[{"width":1000,"height":1000,"url":"https:\/\/nhkmachineryparts.com\/wp-content\/uploads\/2022\/09\/EHEDG-certified-stainless-steel-feet-in-sealed-hygienic-design-with-floor-lock-holes-and-spindle-with-protecting-sleeve.jpg","type":"image\/jpeg"}],"twitter_card":"summary_large_image","twitter_misc":{"Szacowany czas czytania":"3 minuty"},"schema":{"@context":"https:\/\/schema.org","@graph":[{"@type":"WebPage","@id":"https:\/\/nhkmachineryparts.com\/product\/345-stainless-feet-in-sealed-hygienic-design-ehedg\/","url":"https:\/\/nhkmachineryparts.com\/product\/345-stainless-feet-in-sealed-hygienic-design-ehedg\/","name":"EHEDG-certified stainless steel solid base feet with floor lock holes | NHK Machinery Parts","isPartOf":{"@id":"https:\/\/nhkmachineryparts.com\/#website"},"primaryImageOfPage":{"@id":"https:\/\/nhkmachineryparts.com\/product\/345-stainless-feet-in-sealed-hygienic-design-ehedg\/#primaryimage"},"image":{"@id":"https:\/\/nhkmachineryparts.com\/product\/345-stainless-feet-in-sealed-hygienic-design-ehedg\/#primaryimage"},"thumbnailUrl":"https:\/\/nhkmachineryparts.com\/wp-content\/uploads\/2022\/09\/EHEDG-certified-stainless-steel-feet-in-sealed-hygienic-design-with-floor-lock-holes-and-spindle-with-protecting-sleeve.jpg","datePublished":"2022-09-23T13:59:45+00:00","dateModified":"2026-02-27T14:02:06+00:00","description":"Certyfikowane przez EHEDG n\u00f3\u017cki ze stali nierdzewnej o higienicznej konstrukcji z otworami do blokowania w pod\u0142odze i uszczelnionym, zabezpieczonym wrzecionem, A2-70, Aisi 1.4301, podk\u0142adka gumowa NBR, certyfikat FDA","breadcrumb":{"@id":"https:\/\/nhkmachineryparts.com\/product\/345-stainless-feet-in-sealed-hygienic-design-ehedg\/#breadcrumb"},"inLanguage":"pl-PL","potentialAction":[{"@type":"ReadAction","target":["https:\/\/nhkmachineryparts.com\/product\/345-stainless-feet-in-sealed-hygienic-design-ehedg\/"]}]},{"@type":"ImageObject","inLanguage":"pl-PL","@id":"https:\/\/nhkmachineryparts.com\/product\/345-stainless-feet-in-sealed-hygienic-design-ehedg\/#primaryimage","url":"https:\/\/nhkmachineryparts.com\/wp-content\/uploads\/2022\/09\/EHEDG-certified-stainless-steel-feet-in-sealed-hygienic-design-with-floor-lock-holes-and-spindle-with-protecting-sleeve.jpg","contentUrl":"https:\/\/nhkmachineryparts.com\/wp-content\/uploads\/2022\/09\/EHEDG-certified-stainless-steel-feet-in-sealed-hygienic-design-with-floor-lock-holes-and-spindle-with-protecting-sleeve.jpg","width":1000,"height":1000,"caption":"EHEDG certified stainless steel feet in sealed hygienic design with floor lock holes and spindle with protecting sleeve"},{"@type":"BreadcrumbList","@id":"https:\/\/nhkmachineryparts.com\/product\/345-stainless-feet-in-sealed-hygienic-design-ehedg\/#breadcrumb","itemListElement":[{"@type":"ListItem","position":1,"name":"Home","item":"https:\/\/nhkmachineryparts.com\/"},{"@type":"ListItem","position":2,"name":"Product line","item":"https:\/\/nhkmachineryparts.com\/product-line\/"},{"@type":"ListItem","position":3,"name":"Certified EHEDG standard components","item":"https:\/\/nhkmachineryparts.com\/product-line\/ehedg-certified-3a-ssi-standard-components\/"},{"@type":"ListItem","position":4,"name":"EHEDG-certified stainless steel solid base feet with floor lock holes"}]},{"@type":"WebSite","@id":"https:\/\/nhkmachineryparts.com\/#website","url":"https:\/\/nhkmachineryparts.com\/","name":"Cz\u0119\u015bci maszyn NHK","description":"Obudowy \u0142o\u017cyskowe, sejsmiczne stopy poziomuj\u0105ce i k\u00f3\u0142ka poziomuj\u0105ce","publisher":{"@id":"https:\/\/nhkmachineryparts.com\/#organization"},"potentialAction":[{"@type":"SearchAction","target":{"@type":"EntryPoint","urlTemplate":"https:\/\/nhkmachineryparts.com\/?s={search_term_string}"},"query-input":{"@type":"PropertyValueSpecification","valueRequired":true,"valueName":"search_term_string"}}],"inLanguage":"pl-PL"},{"@type":"Organization","@id":"https:\/\/nhkmachineryparts.com\/#organization","name":"ApS Grupy Nhk","url":"https:\/\/nhkmachineryparts.com\/","logo":{"@type":"ImageObject","inLanguage":"pl-PL","@id":"https:\/\/nhkmachineryparts.com\/#\/schema\/logo\/image\/","url":"https:\/\/nhkmachineryparts.com\/wp-content\/uploads\/2022\/09\/NHKgroup_social.jpg","contentUrl":"https:\/\/nhkmachineryparts.com\/wp-content\/uploads\/2022\/09\/NHKgroup_social.jpg","width":1200,"height":630,"caption":"Nhk Group ApS"},"image":{"@id":"https:\/\/nhkmachineryparts.com\/#\/schema\/logo\/image\/"},"sameAs":["https:\/\/www.facebook.com\/NHK.Group.aps"]}]}},"_links":{"self":[{"href":"https:\/\/nhkmachineryparts.com\/pl\/wp-json\/wp\/v2\/product\/1383","targetHints":{"allow":["GET"]}}],"collection":[{"href":"https:\/\/nhkmachineryparts.com\/pl\/wp-json\/wp\/v2\/product"}],"about":[{"href":"https:\/\/nhkmachineryparts.com\/pl\/wp-json\/wp\/v2\/types\/product"}],"wp:featuredmedia":[{"embeddable":true,"href":"https:\/\/nhkmachineryparts.com\/pl\/wp-json\/wp\/v2\/media\/8486"}],"wp:attachment":[{"href":"https:\/\/nhkmachineryparts.com\/pl\/wp-json\/wp\/v2\/media?parent=1383"}],"wp:term":[{"taxonomy":"product_brand","embeddable":true,"href":"https:\/\/nhkmachineryparts.com\/pl\/wp-json\/wp\/v2\/product_brand?post=1383"},{"taxonomy":"product_cat","embeddable":true,"href":"https:\/\/nhkmachineryparts.com\/pl\/wp-json\/wp\/v2\/product_cat?post=1383"},{"taxonomy":"product_tag","embeddable":true,"href":"https:\/\/nhkmachineryparts.com\/pl\/wp-json\/wp\/v2\/product_tag?post=1383"}],"curies":[{"name":"wp","href":"https:\/\/api.w.org\/{rel}","templated":true}]}}